{"id":9641,"date":"2020-05-01T21:32:59","date_gmt":"2020-05-01T21:32:59","guid":{"rendered":"https:\/\/lhchosting.com\/hosna\/?page_id=9641"},"modified":"2023-08-20T14:54:28","modified_gmt":"2023-08-20T14:54:28","slug":"marques","status":"publish","type":"page","link":"https:\/\/eurlhosnakamel.dz\/dz\/marques\/","title":{"rendered":"Marques"},"content":{"rendered":"\t\t<div data-elementor-type=\"wp-page\" data-elementor-id=\"9641\" class=\"elementor elementor-9641\" data-elementor-post-type=\"page\">\n\t\t\t\t\t\t<section class=\"elementor-section elementor-top-section elementor-element elementor-element-42d2bb8 elementor-section-boxed elementor-section-height-default elementor-section-height-default\" data-id=\"42d2bb8\" data-element_type=\"section\">\n\t\t\t\t\t\t<div class=\"elementor-container elementor-column-gap-default\">\n\t\t\t\t\t<div class=\"elementor-column elementor-col-100 elementor-top-column elementor-element elementor-element-49d54f6\" data-id=\"49d54f6\" data-element_type=\"column\">\n\t\t\t<div class=\"elementor-widget-wrap elementor-element-populated\">\n\t\t\t\t\t\t<div class=\"elementor-element elementor-element-b2c8eea elementor-widget elementor-widget-mf-brand-images\" data-id=\"b2c8eea\" data-element_type=\"widget\" data-widget_type=\"mf-brand-images.default\">\n\t\t\t\t<div class=\"elementor-widget-container\">\n\t\t\t        <div class=\"mf-elementor-brand-images mf-brand-images martfury-images-grid\">\r\n\t\t\t<h1 class=\"brand-title\"><u>Trouvez le produit en choisissant votre marque pr\u00e9f\u00e9r\u00e9e !<\/h1>            <div class=\"images-list columns-5\">\r\n\t\t\t\t<div class=\"image-item\">\r\n                                            <a href=\"https:\/\/eurlhosnakamel.dz\/dz\/product-brand\/a3-safe\/\"><img decoding=\"async\" width=\"200\" height=\"80\" src=\"https:\/\/eurlhosnakamel.dz\/dz\/wp-content\/uploads\/2020\/03\/A3safe-outillage-quincaillerie-algerie.jpg\" class=\"attachment-full size-full wp-image-3137\" alt=\"\" \/><\/a>\r\n                                         <\/div><div class=\"image-item\">\r\n                                            <a href=\"https:\/\/eurlhosnakamel.dz\/dz\/product-brand\/abac\/\"><img decoding=\"async\" width=\"200\" height=\"80\" src=\"https:\/\/eurlhosnakamel.dz\/dz\/wp-content\/uploads\/2020\/04\/abac-outillage-quincaillerie-algerie.jpg\" class=\"attachment-full size-full wp-image-3553\" alt=\"\" \/><\/a>\r\n                                         <\/div><div class=\"image-item\">\r\n                                            <a href=\"https:\/\/eurlhosnakamel.dz\/dz\/product-brand\/achilli\/\"><img decoding=\"async\" width=\"200\" height=\"80\" src=\"https:\/\/eurlhosnakamel.dz\/dz\/wp-content\/uploads\/2020\/04\/achilli-outillage-quincaillerie-algerie.jpg\" class=\"attachment-full size-full wp-image-3725\" alt=\"\" \/><\/a>\r\n                                         <\/div><div class=\"image-item\">\r\n                                            <a href=\"https:\/\/eurlhosnakamel.dz\/dz\/product-brand\/ada\/\"><img loading=\"lazy\" decoding=\"async\" width=\"200\" height=\"80\" src=\"https:\/\/eurlhosnakamel.dz\/dz\/wp-content\/uploads\/2020\/03\/hosna-outillage-quincaillerie-algerie.jpg\" class=\"attachment-full size-full wp-image-3151\" alt=\"\" \/><\/a>\r\n                                         <\/div><div class=\"image-item\">\r\n                                            <a href=\"https:\/\/eurlhosnakamel.dz\/dz\/product-brand\/aiwo\/\"><img loading=\"lazy\" decoding=\"async\" width=\"200\" height=\"80\" src=\"https:\/\/eurlhosnakamel.dz\/dz\/wp-content\/uploads\/2020\/04\/aiwo-quincaillerie-algerie.jpg\" class=\"attachment-full size-full wp-image-3557\" alt=\"\" \/><\/a>\r\n                                         <\/div><div class=\"image-item\">\r\n                                            <a href=\"https:\/\/eurlhosnakamel.dz\/dz\/product-brand\/akfix\/\"><img loading=\"lazy\" decoding=\"async\" width=\"200\" height=\"80\" src=\"https:\/\/eurlhosnakamel.dz\/dz\/wp-content\/uploads\/2020\/04\/akfix-outillage-quincaillerie-algerie.jpg\" class=\"attachment-full size-full wp-image-3727\" alt=\"\" \/><\/a>\r\n                                         <\/div><div class=\"image-item\">\r\n                                            <a href=\"https:\/\/eurlhosnakamel.dz\/dz\/product-brand\/aksa\/\"><img loading=\"lazy\" decoding=\"async\" width=\"200\" height=\"80\" src=\"https:\/\/eurlhosnakamel.dz\/dz\/wp-content\/uploads\/2020\/04\/aksa-outillage-quincaillerie-algerie.jpg\" class=\"attachment-full size-full wp-image-3729\" alt=\"\" \/><\/a>\r\n                                         <\/div><div class=\"image-item\">\r\n                                            <a href=\"https:\/\/eurlhosnakamel.dz\/dz\/product-brand\/alba\/\"><img loading=\"lazy\" decoding=\"async\" width=\"200\" height=\"80\" src=\"https:\/\/eurlhosnakamel.dz\/dz\/wp-content\/uploads\/2020\/04\/alba-outillage-quincaillerie-algerie.jpg\" class=\"attachment-full size-full wp-image-3559\" alt=\"\" \/><\/a>\r\n                                         <\/div><div class=\"image-item\">\r\n                                            <a href=\"https:\/\/eurlhosnakamel.dz\/dz\/product-brand\/bellota\/\"><img loading=\"lazy\" decoding=\"async\" width=\"200\" height=\"80\" src=\"https:\/\/eurlhosnakamel.dz\/dz\/wp-content\/uploads\/2020\/04\/bellota-outillage-quincaillerie-algerie.jpg\" class=\"attachment-full size-full wp-image-3563\" alt=\"\" \/><\/a>\r\n                                         <\/div><div class=\"image-item\">\r\n                                            <a href=\"https:\/\/eurlhosnakamel.dz\/dz\/product-brand\/bosch-outillage\/\"><img loading=\"lazy\" decoding=\"async\" width=\"200\" height=\"80\" src=\"https:\/\/eurlhosnakamel.dz\/dz\/wp-content\/uploads\/2020\/03\/bosch-outillage-quincaillerie-algerie.jpg\" class=\"attachment-full size-full wp-image-3149\" alt=\"\" \/><\/a>\r\n                                         <\/div><div class=\"image-item\">\r\n                                            <a href=\"https:\/\/eurlhosnakamel.dz\/dz\/product-brand\/conmec\/\"><img loading=\"lazy\" decoding=\"async\" width=\"200\" height=\"80\" src=\"https:\/\/eurlhosnakamel.dz\/dz\/wp-content\/uploads\/2020\/04\/conmec-outillage-quincaillerie-algerie.jpg\" class=\"attachment-full size-full wp-image-3565\" alt=\"\" \/><\/a>\r\n                                         <\/div><div class=\"image-item\">\r\n                                            <a href=\"https:\/\/eurlhosnakamel.dz\/dz\/product-brand\/den-braven\/\"><img loading=\"lazy\" decoding=\"async\" width=\"200\" height=\"80\" src=\"https:\/\/eurlhosnakamel.dz\/dz\/wp-content\/uploads\/2020\/04\/den-braven-outillage-quincaillerie-algerie.jpg\" class=\"attachment-full size-full wp-image-3733\" alt=\"\" \/><\/a>\r\n                                         <\/div><div class=\"image-item\">\r\n                                            <a href=\"https:\/\/eurlhosnakamel.dz\/dz\/product-brand\/eoslift\/\"><img loading=\"lazy\" decoding=\"async\" width=\"200\" height=\"80\" src=\"https:\/\/eurlhosnakamel.dz\/dz\/wp-content\/uploads\/2020\/04\/Eosilift-outillage-quincaillerie-algerie.jpg\" class=\"attachment-full size-full wp-image-3569\" alt=\"\" \/><\/a>\r\n                                         <\/div><div class=\"image-item\">\r\n                                            <a href=\"https:\/\/eurlhosnakamel.dz\/dz\/product-brand\/kratos\/\"><img loading=\"lazy\" decoding=\"async\" width=\"200\" height=\"80\" src=\"https:\/\/eurlhosnakamel.dz\/dz\/wp-content\/uploads\/2020\/04\/kratos-outillage-quincaillerie-algerie.jpg\" class=\"attachment-full size-full wp-image-3737\" alt=\"\" \/><\/a>\r\n                                         <\/div><div class=\"image-item\">\r\n                                            <a href=\"https:\/\/eurlhosnakamel.dz\/dz\/product-brand\/lincoln-electric\/\"><img loading=\"lazy\" decoding=\"async\" width=\"200\" height=\"80\" src=\"https:\/\/eurlhosnakamel.dz\/dz\/wp-content\/uploads\/2020\/03\/lincoln-electric-algerie-outillage-quincaillerie.jpg\" class=\"attachment-full size-full wp-image-3155\" alt=\"\" \/><\/a>\r\n                                         <\/div><div class=\"image-item\">\r\n                                            <a href=\"https:\/\/eurlhosnakamel.dz\/dz\/product-brand\/oleomac\/\"><img loading=\"lazy\" decoding=\"async\" width=\"200\" height=\"80\" src=\"https:\/\/eurlhosnakamel.dz\/dz\/wp-content\/uploads\/2020\/04\/Oleo-mac-outillage-quincaillerie-algerie.jpg\" class=\"attachment-full size-full wp-image-3743\" alt=\"\" \/><\/a>\r\n                                         <\/div><div class=\"image-item\">\r\n                                            <a href=\"https:\/\/eurlhosnakamel.dz\/dz\/product-brand\/ridgid\/\"><img loading=\"lazy\" decoding=\"async\" width=\"200\" height=\"80\" src=\"https:\/\/eurlhosnakamel.dz\/dz\/wp-content\/uploads\/2020\/04\/RIDGID-outillage-quincaillerie-algerie.jpg\" class=\"attachment-full size-full wp-image-3577\" alt=\"\" \/><\/a>\r\n                                         <\/div><div class=\"image-item\">\r\n                                            <a href=\"https:\/\/eurlhosnakamel.dz\/dz\/product-brand\/rothenberger\/\"><img loading=\"lazy\" decoding=\"async\" width=\"200\" height=\"80\" src=\"https:\/\/eurlhosnakamel.dz\/dz\/wp-content\/uploads\/2020\/04\/rotenberg-outillage-quincaillerie-algerie.jpg\" class=\"attachment-full size-full wp-image-3747\" alt=\"\" \/><\/a>\r\n                                         <\/div><div class=\"image-item\">\r\n                                            <a href=\"https:\/\/eurlhosnakamel.dz\/dz\/product-brand\/sirl\/\"><img loading=\"lazy\" decoding=\"async\" width=\"200\" height=\"80\" src=\"https:\/\/eurlhosnakamel.dz\/dz\/wp-content\/uploads\/2020\/04\/sirl-outillage-quincaillerie-algerie.jpg\" class=\"attachment-full size-full wp-image-3585\" alt=\"\" \/><\/a>\r\n                                         <\/div><div class=\"image-item\">\r\n                                            <a href=\"https:\/\/eurlhosnakamel.dz\/dz\/product-brand\/somafix\/\"><img loading=\"lazy\" decoding=\"async\" width=\"200\" height=\"80\" src=\"https:\/\/eurlhosnakamel.dz\/dz\/wp-content\/uploads\/2020\/04\/somafix-outillage-quincaillerie-algerie.jpg\" class=\"attachment-full size-full wp-image-3753\" alt=\"\" \/><\/a>\r\n                                         <\/div><div class=\"image-item\">\r\n                                            <a href=\"https:\/\/eurlhosnakamel.dz\/dz\/product-brand\/tunali\/\"><img loading=\"lazy\" decoding=\"async\" width=\"200\" height=\"80\" src=\"https:\/\/eurlhosnakamel.dz\/dz\/wp-content\/uploads\/2020\/04\/tunali-outillage-quincaillerie-algerie.jpg\" class=\"attachment-full size-full wp-image-3591\" alt=\"\" \/><\/a>\r\n                                         <\/div><div class=\"image-item\">\r\n                                            <a href=\"https:\/\/eurlhosnakamel.dz\/dz\/product-brand\/udor\/\"><\/a>\r\n                                         <\/div><div class=\"image-item\">\r\n                                            <a href=\"https:\/\/eurlhosnakamel.dz\/dz\/product-brand\/virax\/\"><img loading=\"lazy\" decoding=\"async\" width=\"200\" height=\"80\" src=\"https:\/\/eurlhosnakamel.dz\/dz\/wp-content\/uploads\/2020\/04\/virax-outillage-quincaillerie-algerie.jpg\" class=\"attachment-full size-full wp-image-3757\" alt=\"\" \/><\/a>\r\n                                         <\/div><div class=\"image-item\">\r\n                                            <a href=\"https:\/\/eurlhosnakamel.dz\/dz\/product-brand\/worcraft-power-tools\/\"><img loading=\"lazy\" decoding=\"async\" width=\"200\" height=\"80\" src=\"https:\/\/eurlhosnakamel.dz\/dz\/wp-content\/uploads\/2020\/04\/worcraft-outillage-quincaillerie-algerie.jpg\" class=\"attachment-full size-full wp-image-3589\" alt=\"\" \/><\/a>\r\n                                         <\/div>            <\/div>\r\n        <\/div>\r\n\t\t\t\t<\/div>\n\t\t\t\t<\/div>\n\t\t\t\t\t<\/div>\n\t\t<\/div>\n\t\t\t\t\t<\/div>\n\t\t<\/section>\n\t\t\t\t<\/div>\n\t\t","protected":false},"excerpt":{"rendered":"<p>Trouvez le produit en choisissant votre marque pr\u00e9f\u00e9r\u00e9e !<\/p>\n","protected":false},"author":7,"featured_media":0,"parent":0,"menu_order":0,"comment_status":"closed","ping_status":"closed","template":"","meta":{"footnotes":""},"class_list":["post-9641","page","type-page","status-publish","hentry"],"yoast_head":"<!-- This site is optimized with the Yoast SEO plugin v22.5 - https:\/\/yoast.com\/wordpress\/plugins\/seo\/ -->\n<title>Marques - EURL HOSNA KAMEL<\/title>\n<meta name=\"description\" content=\"EURL HOSNA KAMEL - Marques\" \/>\n<meta name=\"robots\" content=\"index, follow, max-snippet:-1, max-image-preview:large, max-video-preview:-1\" \/>\n<link rel=\"canonical\" href=\"https:\/\/eurlhosnakamel.dz\/dz\/marques\/\" \/>\n<meta property=\"og:locale\" content=\"fr_FR\" \/>\n<meta property=\"og:type\" content=\"article\" \/>\n<meta property=\"og:title\" content=\"Marques - EURL HOSNA KAMEL\" \/>\n<meta property=\"og:description\" content=\"EURL HOSNA KAMEL - Marques\" \/>\n<meta property=\"og:url\" content=\"https:\/\/eurlhosnakamel.dz\/dz\/marques\/\" \/>\n<meta property=\"og:site_name\" content=\"EURL HOSNA KAMEL\" \/>\n<meta property=\"article:publisher\" content=\"https:\/\/www.facebook.com\/Eurl.Hosna.DZ\/\" \/>\n<meta property=\"article:modified_time\" content=\"2023-08-20T14:54:28+00:00\" \/>\n<meta property=\"og:image\" content=\"https:\/\/eurlhosnakamel.dz\/dz\/wp-content\/uploads\/2020\/03\/A3safe-outillage-quincaillerie-algerie.jpg\" \/>\n<meta name=\"twitter:card\" content=\"summary_large_image\" \/>\n<meta name=\"twitter:label1\" content=\"Dur\u00e9e de lecture estim\u00e9e\" \/>\n\t<meta name=\"twitter:data1\" content=\"1 minute\" \/>\n<script type=\"application\/ld+json\" class=\"yoast-schema-graph\">{\"@context\":\"https:\/\/schema.org\",\"@graph\":[{\"@type\":\"WebPage\",\"@id\":\"https:\/\/eurlhosnakamel.dz\/dz\/marques\/\",\"url\":\"https:\/\/eurlhosnakamel.dz\/dz\/marques\/\",\"name\":\"Marques - EURL HOSNA KAMEL\",\"isPartOf\":{\"@id\":\"https:\/\/eurlhosnakamel.dz\/dz\/#website\"},\"primaryImageOfPage\":{\"@id\":\"https:\/\/eurlhosnakamel.dz\/dz\/marques\/#primaryimage\"},\"image\":{\"@id\":\"https:\/\/eurlhosnakamel.dz\/dz\/marques\/#primaryimage\"},\"thumbnailUrl\":\"https:\/\/eurlhosnakamel.dz\/dz\/wp-content\/uploads\/2020\/03\/A3safe-outillage-quincaillerie-algerie.jpg\",\"datePublished\":\"2020-05-01T21:32:59+00:00\",\"dateModified\":\"2023-08-20T14:54:28+00:00\",\"description\":\"EURL HOSNA KAMEL - Marques\",\"breadcrumb\":{\"@id\":\"https:\/\/eurlhosnakamel.dz\/dz\/marques\/#breadcrumb\"},\"inLanguage\":\"fr-FR\",\"potentialAction\":[{\"@type\":\"ReadAction\",\"target\":[\"https:\/\/eurlhosnakamel.dz\/dz\/marques\/\"]}]},{\"@type\":\"ImageObject\",\"inLanguage\":\"fr-FR\",\"@id\":\"https:\/\/eurlhosnakamel.dz\/dz\/marques\/#primaryimage\",\"url\":\"https:\/\/eurlhosnakamel.dz\/dz\/wp-content\/uploads\/2020\/03\/A3safe-outillage-quincaillerie-algerie.jpg\",\"contentUrl\":\"https:\/\/eurlhosnakamel.dz\/dz\/wp-content\/uploads\/2020\/03\/A3safe-outillage-quincaillerie-algerie.jpg\",\"width\":200,\"height\":80},{\"@type\":\"BreadcrumbList\",\"@id\":\"https:\/\/eurlhosnakamel.dz\/dz\/marques\/#breadcrumb\",\"itemListElement\":[{\"@type\":\"ListItem\",\"position\":1,\"name\":\"Accueil\",\"item\":\"https:\/\/eurlhosnakamel.dz\/dz\/\"},{\"@type\":\"ListItem\",\"position\":2,\"name\":\"Marques\"}]},{\"@type\":\"WebSite\",\"@id\":\"https:\/\/eurlhosnakamel.dz\/dz\/#website\",\"url\":\"https:\/\/eurlhosnakamel.dz\/dz\/\",\"name\":\"EURL HOSNA KAMEL\",\"description\":\"Fournisseur Premium d&#039;Outillages Professionnels en Alg\u00e9rie -\",\"publisher\":{\"@id\":\"https:\/\/eurlhosnakamel.dz\/dz\/#organization\"},\"potentialAction\":[{\"@type\":\"SearchAction\",\"target\":{\"@type\":\"EntryPoint\",\"urlTemplate\":\"https:\/\/eurlhosnakamel.dz\/dz\/?s={search_term_string}\"},\"query-input\":\"required name=search_term_string\"}],\"inLanguage\":\"fr-FR\"},{\"@type\":\"Organization\",\"@id\":\"https:\/\/eurlhosnakamel.dz\/dz\/#organization\",\"name\":\"EURL HOSNA KAMEL - Bosch alg\u00e9rie\",\"url\":\"https:\/\/eurlhosnakamel.dz\/dz\/\",\"logo\":{\"@type\":\"ImageObject\",\"inLanguage\":\"fr-FR\",\"@id\":\"https:\/\/eurlhosnakamel.dz\/dz\/#\/schema\/logo\/image\/\",\"url\":\"https:\/\/eurlhosnakamel.dz\/wp-content\/uploads\/2020\/04\/LOGO-HOSNA1.png\",\"contentUrl\":\"https:\/\/eurlhosnakamel.dz\/wp-content\/uploads\/2020\/04\/LOGO-HOSNA1.png\",\"width\":120,\"height\":127,\"caption\":\"EURL HOSNA KAMEL - Bosch alg\u00e9rie\"},\"image\":{\"@id\":\"https:\/\/eurlhosnakamel.dz\/dz\/#\/schema\/logo\/image\/\"},\"sameAs\":[\"https:\/\/www.facebook.com\/Eurl.Hosna.DZ\/\"]}]}<\/script>\n<!-- \/ Yoast SEO plugin. -->","yoast_head_json":{"title":"Marques - EURL HOSNA KAMEL","description":"EURL HOSNA KAMEL - Marques","robots":{"index":"index","follow":"follow","max-snippet":"max-snippet:-1","max-image-preview":"max-image-preview:large","max-video-preview":"max-video-preview:-1"},"canonical":"https:\/\/eurlhosnakamel.dz\/dz\/marques\/","og_locale":"fr_FR","og_type":"article","og_title":"Marques - EURL HOSNA KAMEL","og_description":"EURL HOSNA KAMEL - Marques","og_url":"https:\/\/eurlhosnakamel.dz\/dz\/marques\/","og_site_name":"EURL HOSNA KAMEL","article_publisher":"https:\/\/www.facebook.com\/Eurl.Hosna.DZ\/","article_modified_time":"2023-08-20T14:54:28+00:00","og_image":[{"url":"https:\/\/eurlhosnakamel.dz\/dz\/wp-content\/uploads\/2020\/03\/A3safe-outillage-quincaillerie-algerie.jpg"}],"twitter_card":"summary_large_image","twitter_misc":{"Dur\u00e9e de lecture estim\u00e9e":"1 minute"},"schema":{"@context":"https:\/\/schema.org","@graph":[{"@type":"WebPage","@id":"https:\/\/eurlhosnakamel.dz\/dz\/marques\/","url":"https:\/\/eurlhosnakamel.dz\/dz\/marques\/","name":"Marques - EURL HOSNA KAMEL","isPartOf":{"@id":"https:\/\/eurlhosnakamel.dz\/dz\/#website"},"primaryImageOfPage":{"@id":"https:\/\/eurlhosnakamel.dz\/dz\/marques\/#primaryimage"},"image":{"@id":"https:\/\/eurlhosnakamel.dz\/dz\/marques\/#primaryimage"},"thumbnailUrl":"https:\/\/eurlhosnakamel.dz\/dz\/wp-content\/uploads\/2020\/03\/A3safe-outillage-quincaillerie-algerie.jpg","datePublished":"2020-05-01T21:32:59+00:00","dateModified":"2023-08-20T14:54:28+00:00","description":"EURL HOSNA KAMEL - Marques","breadcrumb":{"@id":"https:\/\/eurlhosnakamel.dz\/dz\/marques\/#breadcrumb"},"inLanguage":"fr-FR","potentialAction":[{"@type":"ReadAction","target":["https:\/\/eurlhosnakamel.dz\/dz\/marques\/"]}]},{"@type":"ImageObject","inLanguage":"fr-FR","@id":"https:\/\/eurlhosnakamel.dz\/dz\/marques\/#primaryimage","url":"https:\/\/eurlhosnakamel.dz\/dz\/wp-content\/uploads\/2020\/03\/A3safe-outillage-quincaillerie-algerie.jpg","contentUrl":"https:\/\/eurlhosnakamel.dz\/dz\/wp-content\/uploads\/2020\/03\/A3safe-outillage-quincaillerie-algerie.jpg","width":200,"height":80},{"@type":"BreadcrumbList","@id":"https:\/\/eurlhosnakamel.dz\/dz\/marques\/#breadcrumb","itemListElement":[{"@type":"ListItem","position":1,"name":"Accueil","item":"https:\/\/eurlhosnakamel.dz\/dz\/"},{"@type":"ListItem","position":2,"name":"Marques"}]},{"@type":"WebSite","@id":"https:\/\/eurlhosnakamel.dz\/dz\/#website","url":"https:\/\/eurlhosnakamel.dz\/dz\/","name":"EURL HOSNA KAMEL","description":"Fournisseur Premium d&#039;Outillages Professionnels en Alg\u00e9rie -","publisher":{"@id":"https:\/\/eurlhosnakamel.dz\/dz\/#organization"},"potentialAction":[{"@type":"SearchAction","target":{"@type":"EntryPoint","urlTemplate":"https:\/\/eurlhosnakamel.dz\/dz\/?s={search_term_string}"},"query-input":"required name=search_term_string"}],"inLanguage":"fr-FR"},{"@type":"Organization","@id":"https:\/\/eurlhosnakamel.dz\/dz\/#organization","name":"EURL HOSNA KAMEL - Bosch alg\u00e9rie","url":"https:\/\/eurlhosnakamel.dz\/dz\/","logo":{"@type":"ImageObject","inLanguage":"fr-FR","@id":"https:\/\/eurlhosnakamel.dz\/dz\/#\/schema\/logo\/image\/","url":"https:\/\/eurlhosnakamel.dz\/wp-content\/uploads\/2020\/04\/LOGO-HOSNA1.png","contentUrl":"https:\/\/eurlhosnakamel.dz\/wp-content\/uploads\/2020\/04\/LOGO-HOSNA1.png","width":120,"height":127,"caption":"EURL HOSNA KAMEL - Bosch alg\u00e9rie"},"image":{"@id":"https:\/\/eurlhosnakamel.dz\/dz\/#\/schema\/logo\/image\/"},"sameAs":["https:\/\/www.facebook.com\/Eurl.Hosna.DZ\/"]}]}},"_links":{"self":[{"href":"https:\/\/eurlhosnakamel.dz\/dz\/wp-json\/wp\/v2\/pages\/9641","targetHints":{"allow":["GET"]}}],"collection":[{"href":"https:\/\/eurlhosnakamel.dz\/dz\/wp-json\/wp\/v2\/pages"}],"about":[{"href":"https:\/\/eurlhosnakamel.dz\/dz\/wp-json\/wp\/v2\/types\/page"}],"author":[{"embeddable":true,"href":"https:\/\/eurlhosnakamel.dz\/dz\/wp-json\/wp\/v2\/users\/7"}],"replies":[{"embeddable":true,"href":"https:\/\/eurlhosnakamel.dz\/dz\/wp-json\/wp\/v2\/comments?post=9641"}],"version-history":[{"count":34,"href":"https:\/\/eurlhosnakamel.dz\/dz\/wp-json\/wp\/v2\/pages\/9641\/revisions"}],"predecessor-version":[{"id":15847,"href":"https:\/\/eurlhosnakamel.dz\/dz\/wp-json\/wp\/v2\/pages\/9641\/revisions\/15847"}],"wp:attachment":[{"href":"https:\/\/eurlhosnakamel.dz\/dz\/wp-json\/wp\/v2\/media?parent=9641"}],"curies":[{"name":"wp","href":"https:\/\/api.w.org\/{rel}","templated":true}]}}