{"id":10313,"date":"2020-05-31T14:06:44","date_gmt":"2020-05-31T14:06:44","guid":{"rendered":"https:\/\/lhchosting.com\/hosna\/?post_type=product&#038;p=10313"},"modified":"2021-12-19T08:47:21","modified_gmt":"2021-12-19T08:47:21","slug":"bosch-set-douilleaimant-queue-six-pans-1-4-7313","status":"publish","type":"product","link":"https:\/\/eurlhosnakamel.dz\/dz\/produit\/bosch-set-douilleaimant-queue-six-pans-1-4-7313\/","title":{"rendered":"Foret HSS PointTeQ 18,0 x 130mm \u00e0 queue d\u00e9collet\u00e9 (1 Pi\u00e8ces)"},"content":{"rendered":"<section id=\"anchor-product-highlights\" class=\"m-product_hightlights trackingModule\" data-track_moduletype=\"M49_ac_product_highlights\">\n<div class=\"container\">\n<h2 class=\"headline hl1\" style=\"text-align: justify;\">Points forts des produits<\/h2>\n<div class=\"row\" style=\"text-align: justify;\">\n<div class=\"col-md-6 xs-mb-30 lg-mb-0\">\n<h3 class=\"headline hl4\">Forets \u00e0 h\u00e9lice HSS PointTeQ<\/h3>\n<p>Foret \u00e0 h\u00e9lice HSS PointTeQ pour un per\u00e7age rapide du m\u00e9tal gr\u00e2ce \u00e0 la conception de la pointe PointTeQ<\/p>\n<ul>\n<li>La pointe d&#8217;auto-centrage emp\u00eache de d\u00e9vier, ce qui permet des amorces de per\u00e7age rapides et simples<\/li>\n<li>Le taux de per\u00e7age renforc\u00e9 g\u00e9n\u00e8re moins de chaleur et d&#8217;usure<\/li>\n<li>La pointe PointTeQ reste ac\u00e9r\u00e9e et assure une durabilit\u00e9 constante<\/li>\n<\/ul>\n<div class=\"m-product_hightlights__description\">\n<h3 class=\"headline hl4\">Descriptions des produits<\/h3>\n<div>\n<p>Le foret \u00e0 h\u00e9lice en acier \u00e0 coupe rapide (HSS) PointTeQ permet de percer rapidement le m\u00e9tal gr\u00e2ce \u00e0 la conception de sa pointe PointTeQ. Il est possible d&#8217;amorcer des per\u00e7ages rapides et ais\u00e9s, car la pointe d&#8217;auto-centrage emp\u00eache de d\u00e9vier. En raison de son taux de per\u00e7age renforc\u00e9, la g\u00e9n\u00e9ration de chaleur et d&#8217;usure est r\u00e9duite. La pointe PointTeQ reste ac\u00e9r\u00e9e et assure une durabilit\u00e9 constante. Ce foret convient pour percer des trous de d\u00e9gagement et de centrage dans de l&#8217;acier alli\u00e9 et non alli\u00e9, des m\u00e9taux non ferreux, de l&#8217;acier moul\u00e9, de la fonte et des plastiques. Il est dot\u00e9 d\u2019un syst\u00e8me \u00e0 queue cylindrique (diam\u00e8tre de la queue \u00e9gal au diam\u00e8tre du foret) et est destin\u00e9 \u00e0 \u00eatre utilis\u00e9 avec des supports de per\u00e7age et des perceuses-visseuses.<\/p>\n<\/div>\n<div>\n<p>Le risque de rupture est faible, en particulier avec les forets de moins de 6\u00a0mm de diam\u00e8tre, car la fabrication permet d&#8217;obtenir un corps extr\u00eamement \u00e9lastique. L&#8217;h\u00e9lice rev\u00eatue d&#8217;oxyde noir \u00e9vacue rapidement les copeaux. Le foret h\u00e9lico\u00efdal HSS PointTeQ est fabriqu\u00e9 selon la norme DIN\u00a0338. Ce foret est de type\u00a0N (angle d&#8217;h\u00e9lice) avec une pointe de 135\u00b0.<\/p>\n<\/div>\n<\/div>\n<\/div>\n<\/div>\n<\/div>\n<\/section>\n<section class=\"m-accessory_highlights-b trackingModule\" data-track_moduletype=\"M120b_accessories_hightlights\">\n<div class=\"container\">\n<div class=\"row\" style=\"text-align: justify;\">\n<div class=\"col-md-6 col-sm-10 col-xs-12\"><\/div>\n<\/div>\n<div class=\"row\">\n<div class=\"m-accessory_highlights-b__item col-md-6\">\n<div class=\"row\">\n<div class=\"col-xs-10\">\n<div class=\"m-accessory_highlights-b__description\">\n<p style=\"text-align: justify;\">\n<\/div>\n<\/div>\n<\/div>\n<\/div>\n<\/div>\n<\/div>\n<\/section>\n","protected":false},"excerpt":{"rendered":"<h4 style=\"text-align: justify;\">Foret h\u00e9lico\u00efdal HSS PointTeQ 18,0 mm (court \u00e0 queue d\u00e9collet\u00e9e)<\/h4>\n<table class=\"m-datatable m-datatable--light\">\n<thead>\n<tr>\n<th class=\"no-sort\" data-priority=\"1\">D\u00e9tails<\/th>\n<th class=\"no-sort\" data-priority=\"1\"><\/th>\n<\/tr>\n<\/thead>\n<tbody>\n<tr class=\"\">\n<td>Diam\u00e8tre (D) [mm]<\/td>\n<td>18.00<\/td>\n<\/tr>\n<tr class=\"\">\n<td>Longueur utile (L1) [mm]<\/td>\n<td>130<\/td>\n<\/tr>\n<\/tbody>\n<\/table>\n","protected":false},"featured_media":10314,"template":"","meta":[],"product_cat":[1277,405],"product_tag":[2313],"class_list":{"0":"post-10313","1":"product","2":"type-product","3":"status-publish","4":"has-post-thumbnail","6":"product_cat-accessoires-bosch","7":"product_cat-outillage","8":"product_tag-bosch-set-douilleaimant-queue-six-pans-1-4-7313","9":"product_brand-bosch-outillage","11":"first","12":"instock","13":"shipping-taxable","14":"product-type-simple","15":"col-xs-6 col-sm-4","16":"col-md-3 col-lg-3","17":"un-4-cols"},"yoast_head":"<!-- This site is optimized with the Yoast SEO plugin v22.5 - https:\/\/yoast.com\/wordpress\/plugins\/seo\/ -->\n<title>Foret HSS PointTeQ 18,0 x 130mm \u00e0 queue d\u00e9collet\u00e9 (1 Pi\u00e8ces) - EURL HOSNA KAMEL<\/title>\n<meta name=\"description\" content=\"Foret HSS PointTeQ 18,0 x 130mm \u00e0 queue d\u00e9collet\u00e9 (1 Pi\u00e8ces) - EURL HOSNA KAMEL\" \/>\n<meta name=\"robots\" content=\"index, follow, max-snippet:-1, max-image-preview:large, max-video-preview:-1\" \/>\n<link rel=\"canonical\" href=\"https:\/\/eurlhosnakamel.dz\/dz\/produit\/bosch-set-douilleaimant-queue-six-pans-1-4-7313\/\" \/>\n<meta property=\"og:locale\" content=\"fr_FR\" \/>\n<meta property=\"og:type\" content=\"article\" \/>\n<meta property=\"og:title\" content=\"Foret HSS PointTeQ 18,0 x 130mm \u00e0 queue d\u00e9collet\u00e9 (1 Pi\u00e8ces) - EURL HOSNA KAMEL\" \/>\n<meta property=\"og:description\" content=\"Foret HSS PointTeQ 18,0 x 130mm \u00e0 queue d\u00e9collet\u00e9 (1 Pi\u00e8ces) - EURL HOSNA KAMEL\" \/>\n<meta property=\"og:url\" content=\"https:\/\/eurlhosnakamel.dz\/dz\/produit\/bosch-set-douilleaimant-queue-six-pans-1-4-7313\/\" \/>\n<meta property=\"og:site_name\" content=\"EURL HOSNA KAMEL\" \/>\n<meta property=\"article:publisher\" content=\"https:\/\/www.facebook.com\/Eurl.Hosna.DZ\/\" \/>\n<meta property=\"article:modified_time\" content=\"2021-12-19T08:47:21+00:00\" \/>\n<meta property=\"og:image\" content=\"https:\/\/eurlhosnakamel.dz\/dz\/wp-content\/uploads\/2020\/05\/BOSCH-SET-DOUILLEAIMANT-QUEUE-SIX-PANS-1-4-7313eurl-hosna-kamel-alg\u00e9rie.jpg\" \/>\n\t<meta property=\"og:image:width\" content=\"512\" \/>\n\t<meta property=\"og:image:height\" content=\"512\" \/>\n\t<meta property=\"og:image:type\" content=\"image\/jpeg\" \/>\n<meta name=\"twitter:card\" content=\"summary_large_image\" \/>\n<meta name=\"twitter:label1\" content=\"Dur\u00e9e de lecture estim\u00e9e\" \/>\n\t<meta name=\"twitter:data1\" content=\"1 minute\" \/>\n<script type=\"application\/ld+json\" class=\"yoast-schema-graph\">{\"@context\":\"https:\/\/schema.org\",\"@graph\":[{\"@type\":\"WebPage\",\"@id\":\"https:\/\/eurlhosnakamel.dz\/dz\/produit\/bosch-set-douilleaimant-queue-six-pans-1-4-7313\/\",\"url\":\"https:\/\/eurlhosnakamel.dz\/dz\/produit\/bosch-set-douilleaimant-queue-six-pans-1-4-7313\/\",\"name\":\"Foret HSS PointTeQ 18,0 x 130mm \u00e0 queue d\u00e9collet\u00e9 (1 Pi\u00e8ces) - EURL HOSNA KAMEL\",\"isPartOf\":{\"@id\":\"https:\/\/eurlhosnakamel.dz\/dz\/#website\"},\"primaryImageOfPage\":{\"@id\":\"https:\/\/eurlhosnakamel.dz\/dz\/produit\/bosch-set-douilleaimant-queue-six-pans-1-4-7313\/#primaryimage\"},\"image\":{\"@id\":\"https:\/\/eurlhosnakamel.dz\/dz\/produit\/bosch-set-douilleaimant-queue-six-pans-1-4-7313\/#primaryimage\"},\"thumbnailUrl\":\"https:\/\/eurlhosnakamel.dz\/dz\/wp-content\/uploads\/2020\/05\/BOSCH-SET-DOUILLEAIMANT-QUEUE-SIX-PANS-1-4-7313eurl-hosna-kamel-alg\u00e9rie.jpg\",\"datePublished\":\"2020-05-31T14:06:44+00:00\",\"dateModified\":\"2021-12-19T08:47:21+00:00\",\"description\":\"Foret HSS PointTeQ 18,0 x 130mm \u00e0 queue d\u00e9collet\u00e9 (1 Pi\u00e8ces) - EURL HOSNA KAMEL\",\"breadcrumb\":{\"@id\":\"https:\/\/eurlhosnakamel.dz\/dz\/produit\/bosch-set-douilleaimant-queue-six-pans-1-4-7313\/#breadcrumb\"},\"inLanguage\":\"fr-FR\",\"potentialAction\":[{\"@type\":\"ReadAction\",\"target\":[\"https:\/\/eurlhosnakamel.dz\/dz\/produit\/bosch-set-douilleaimant-queue-six-pans-1-4-7313\/\"]}]},{\"@type\":\"ImageObject\",\"inLanguage\":\"fr-FR\",\"@id\":\"https:\/\/eurlhosnakamel.dz\/dz\/produit\/bosch-set-douilleaimant-queue-six-pans-1-4-7313\/#primaryimage\",\"url\":\"https:\/\/eurlhosnakamel.dz\/dz\/wp-content\/uploads\/2020\/05\/BOSCH-SET-DOUILLEAIMANT-QUEUE-SIX-PANS-1-4-7313eurl-hosna-kamel-alg\u00e9rie.jpg\",\"contentUrl\":\"https:\/\/eurlhosnakamel.dz\/dz\/wp-content\/uploads\/2020\/05\/BOSCH-SET-DOUILLEAIMANT-QUEUE-SIX-PANS-1-4-7313eurl-hosna-kamel-alg\u00e9rie.jpg\",\"width\":512,\"height\":512},{\"@type\":\"BreadcrumbList\",\"@id\":\"https:\/\/eurlhosnakamel.dz\/dz\/produit\/bosch-set-douilleaimant-queue-six-pans-1-4-7313\/#breadcrumb\",\"itemListElement\":[{\"@type\":\"ListItem\",\"position\":1,\"name\":\"Accueil\",\"item\":\"https:\/\/eurlhosnakamel.dz\/dz\/\"},{\"@type\":\"ListItem\",\"position\":2,\"name\":\"Shop\",\"item\":\"https:\/\/eurlhosnakamel.dz\/dz\/shop\/\"},{\"@type\":\"ListItem\",\"position\":3,\"name\":\"Foret HSS PointTeQ 18,0 x 130mm \u00e0 queue d\u00e9collet\u00e9 (1 Pi\u00e8ces)\"}]},{\"@type\":\"WebSite\",\"@id\":\"https:\/\/eurlhosnakamel.dz\/dz\/#website\",\"url\":\"https:\/\/eurlhosnakamel.dz\/dz\/\",\"name\":\"EURL HOSNA KAMEL\",\"description\":\"Fournisseur Premium d&#039;Outillages Professionnels en Alg\u00e9rie -\",\"publisher\":{\"@id\":\"https:\/\/eurlhosnakamel.dz\/dz\/#organization\"},\"potentialAction\":[{\"@type\":\"SearchAction\",\"target\":{\"@type\":\"EntryPoint\",\"urlTemplate\":\"https:\/\/eurlhosnakamel.dz\/dz\/?s={search_term_string}\"},\"query-input\":\"required name=search_term_string\"}],\"inLanguage\":\"fr-FR\"},{\"@type\":\"Organization\",\"@id\":\"https:\/\/eurlhosnakamel.dz\/dz\/#organization\",\"name\":\"EURL HOSNA KAMEL - Bosch alg\u00e9rie\",\"url\":\"https:\/\/eurlhosnakamel.dz\/dz\/\",\"logo\":{\"@type\":\"ImageObject\",\"inLanguage\":\"fr-FR\",\"@id\":\"https:\/\/eurlhosnakamel.dz\/dz\/#\/schema\/logo\/image\/\",\"url\":\"https:\/\/eurlhosnakamel.dz\/wp-content\/uploads\/2020\/04\/LOGO-HOSNA1.png\",\"contentUrl\":\"https:\/\/eurlhosnakamel.dz\/wp-content\/uploads\/2020\/04\/LOGO-HOSNA1.png\",\"width\":120,\"height\":127,\"caption\":\"EURL HOSNA KAMEL - Bosch alg\u00e9rie\"},\"image\":{\"@id\":\"https:\/\/eurlhosnakamel.dz\/dz\/#\/schema\/logo\/image\/\"},\"sameAs\":[\"https:\/\/www.facebook.com\/Eurl.Hosna.DZ\/\"]}]}<\/script>\n<!-- \/ Yoast SEO plugin. -->","yoast_head_json":{"title":"Foret HSS PointTeQ 18,0 x 130mm \u00e0 queue d\u00e9collet\u00e9 (1 Pi\u00e8ces) - EURL HOSNA KAMEL","description":"Foret HSS PointTeQ 18,0 x 130mm \u00e0 queue d\u00e9collet\u00e9 (1 Pi\u00e8ces) - EURL HOSNA KAMEL","robots":{"index":"index","follow":"follow","max-snippet":"max-snippet:-1","max-image-preview":"max-image-preview:large","max-video-preview":"max-video-preview:-1"},"canonical":"https:\/\/eurlhosnakamel.dz\/dz\/produit\/bosch-set-douilleaimant-queue-six-pans-1-4-7313\/","og_locale":"fr_FR","og_type":"article","og_title":"Foret HSS PointTeQ 18,0 x 130mm \u00e0 queue d\u00e9collet\u00e9 (1 Pi\u00e8ces) - EURL HOSNA KAMEL","og_description":"Foret HSS PointTeQ 18,0 x 130mm \u00e0 queue d\u00e9collet\u00e9 (1 Pi\u00e8ces) - EURL HOSNA KAMEL","og_url":"https:\/\/eurlhosnakamel.dz\/dz\/produit\/bosch-set-douilleaimant-queue-six-pans-1-4-7313\/","og_site_name":"EURL HOSNA KAMEL","article_publisher":"https:\/\/www.facebook.com\/Eurl.Hosna.DZ\/","article_modified_time":"2021-12-19T08:47:21+00:00","og_image":[{"width":512,"height":512,"url":"https:\/\/eurlhosnakamel.dz\/dz\/wp-content\/uploads\/2020\/05\/BOSCH-SET-DOUILLEAIMANT-QUEUE-SIX-PANS-1-4-7313eurl-hosna-kamel-alg\u00e9rie.jpg","type":"image\/jpeg"}],"twitter_card":"summary_large_image","twitter_misc":{"Dur\u00e9e de lecture estim\u00e9e":"1 minute"},"schema":{"@context":"https:\/\/schema.org","@graph":[{"@type":"WebPage","@id":"https:\/\/eurlhosnakamel.dz\/dz\/produit\/bosch-set-douilleaimant-queue-six-pans-1-4-7313\/","url":"https:\/\/eurlhosnakamel.dz\/dz\/produit\/bosch-set-douilleaimant-queue-six-pans-1-4-7313\/","name":"Foret HSS PointTeQ 18,0 x 130mm \u00e0 queue d\u00e9collet\u00e9 (1 Pi\u00e8ces) - EURL HOSNA KAMEL","isPartOf":{"@id":"https:\/\/eurlhosnakamel.dz\/dz\/#website"},"primaryImageOfPage":{"@id":"https:\/\/eurlhosnakamel.dz\/dz\/produit\/bosch-set-douilleaimant-queue-six-pans-1-4-7313\/#primaryimage"},"image":{"@id":"https:\/\/eurlhosnakamel.dz\/dz\/produit\/bosch-set-douilleaimant-queue-six-pans-1-4-7313\/#primaryimage"},"thumbnailUrl":"https:\/\/eurlhosnakamel.dz\/dz\/wp-content\/uploads\/2020\/05\/BOSCH-SET-DOUILLEAIMANT-QUEUE-SIX-PANS-1-4-7313eurl-hosna-kamel-alg\u00e9rie.jpg","datePublished":"2020-05-31T14:06:44+00:00","dateModified":"2021-12-19T08:47:21+00:00","description":"Foret HSS PointTeQ 18,0 x 130mm \u00e0 queue d\u00e9collet\u00e9 (1 Pi\u00e8ces) - EURL HOSNA KAMEL","breadcrumb":{"@id":"https:\/\/eurlhosnakamel.dz\/dz\/produit\/bosch-set-douilleaimant-queue-six-pans-1-4-7313\/#breadcrumb"},"inLanguage":"fr-FR","potentialAction":[{"@type":"ReadAction","target":["https:\/\/eurlhosnakamel.dz\/dz\/produit\/bosch-set-douilleaimant-queue-six-pans-1-4-7313\/"]}]},{"@type":"ImageObject","inLanguage":"fr-FR","@id":"https:\/\/eurlhosnakamel.dz\/dz\/produit\/bosch-set-douilleaimant-queue-six-pans-1-4-7313\/#primaryimage","url":"https:\/\/eurlhosnakamel.dz\/dz\/wp-content\/uploads\/2020\/05\/BOSCH-SET-DOUILLEAIMANT-QUEUE-SIX-PANS-1-4-7313eurl-hosna-kamel-alg\u00e9rie.jpg","contentUrl":"https:\/\/eurlhosnakamel.dz\/dz\/wp-content\/uploads\/2020\/05\/BOSCH-SET-DOUILLEAIMANT-QUEUE-SIX-PANS-1-4-7313eurl-hosna-kamel-alg\u00e9rie.jpg","width":512,"height":512},{"@type":"BreadcrumbList","@id":"https:\/\/eurlhosnakamel.dz\/dz\/produit\/bosch-set-douilleaimant-queue-six-pans-1-4-7313\/#breadcrumb","itemListElement":[{"@type":"ListItem","position":1,"name":"Accueil","item":"https:\/\/eurlhosnakamel.dz\/dz\/"},{"@type":"ListItem","position":2,"name":"Shop","item":"https:\/\/eurlhosnakamel.dz\/dz\/shop\/"},{"@type":"ListItem","position":3,"name":"Foret HSS PointTeQ 18,0 x 130mm \u00e0 queue d\u00e9collet\u00e9 (1 Pi\u00e8ces)"}]},{"@type":"WebSite","@id":"https:\/\/eurlhosnakamel.dz\/dz\/#website","url":"https:\/\/eurlhosnakamel.dz\/dz\/","name":"EURL HOSNA KAMEL","description":"Fournisseur Premium d&#039;Outillages Professionnels en Alg\u00e9rie -","publisher":{"@id":"https:\/\/eurlhosnakamel.dz\/dz\/#organization"},"potentialAction":[{"@type":"SearchAction","target":{"@type":"EntryPoint","urlTemplate":"https:\/\/eurlhosnakamel.dz\/dz\/?s={search_term_string}"},"query-input":"required name=search_term_string"}],"inLanguage":"fr-FR"},{"@type":"Organization","@id":"https:\/\/eurlhosnakamel.dz\/dz\/#organization","name":"EURL HOSNA KAMEL - Bosch alg\u00e9rie","url":"https:\/\/eurlhosnakamel.dz\/dz\/","logo":{"@type":"ImageObject","inLanguage":"fr-FR","@id":"https:\/\/eurlhosnakamel.dz\/dz\/#\/schema\/logo\/image\/","url":"https:\/\/eurlhosnakamel.dz\/wp-content\/uploads\/2020\/04\/LOGO-HOSNA1.png","contentUrl":"https:\/\/eurlhosnakamel.dz\/wp-content\/uploads\/2020\/04\/LOGO-HOSNA1.png","width":120,"height":127,"caption":"EURL HOSNA KAMEL - Bosch alg\u00e9rie"},"image":{"@id":"https:\/\/eurlhosnakamel.dz\/dz\/#\/schema\/logo\/image\/"},"sameAs":["https:\/\/www.facebook.com\/Eurl.Hosna.DZ\/"]}]}},"_links":{"self":[{"href":"https:\/\/eurlhosnakamel.dz\/dz\/wp-json\/wp\/v2\/product\/10313","targetHints":{"allow":["GET"]}}],"collection":[{"href":"https:\/\/eurlhosnakamel.dz\/dz\/wp-json\/wp\/v2\/product"}],"about":[{"href":"https:\/\/eurlhosnakamel.dz\/dz\/wp-json\/wp\/v2\/types\/product"}],"wp:featuredmedia":[{"embeddable":true,"href":"https:\/\/eurlhosnakamel.dz\/dz\/wp-json\/wp\/v2\/media\/10314"}],"wp:attachment":[{"href":"https:\/\/eurlhosnakamel.dz\/dz\/wp-json\/wp\/v2\/media?parent=10313"}],"wp:term":[{"taxonomy":"product_cat","embeddable":true,"href":"https:\/\/eurlhosnakamel.dz\/dz\/wp-json\/wp\/v2\/product_cat?post=10313"},{"taxonomy":"product_tag","embeddable":true,"href":"https:\/\/eurlhosnakamel.dz\/dz\/wp-json\/wp\/v2\/product_tag?post=10313"}],"curies":[{"name":"wp","href":"https:\/\/api.w.org\/{rel}","templated":true}]}}