{"id":10354,"date":"2020-05-31T15:51:32","date_gmt":"2020-05-31T15:51:32","guid":{"rendered":"https:\/\/lhchosting.com\/hosna\/?post_type=product&#038;p=10354"},"modified":"2021-12-19T08:46:01","modified_gmt":"2021-12-19T08:46:01","slug":"bosch-meche-acier-6-0mm-hss-g-5066","status":"publish","type":"product","link":"https:\/\/eurlhosnakamel.dz\/dz\/produit\/bosch-meche-acier-6-0mm-hss-g-5066\/","title":{"rendered":"Foret \u00e0 m\u00e9taux HSS-G 5,8 x 57mm (10 Pi\u00e8ces)"},"content":{"rendered":"<h2 class=\"headline hl1\" style=\"text-align: justify;\">Points forts des produits<\/h2>\n<div class=\"row\">\n<div class=\"col-md-6 xs-mb-30 lg-mb-0\">\n<h3 class=\"headline hl4\" style=\"text-align: justify;\">Forets \u00e0 m\u00e9taux rectifi\u00e9s HSS-G<\/h3>\n<p style=\"text-align: justify;\">Foret h\u00e9lico\u00efdal HSS lamin\u00e9 pour un per\u00e7age fiable lors d&#8217;une utilisation classique dans le m\u00e9tal<\/p>\n<ul style=\"text-align: justify;\">\n<li>Pointe de per\u00e7age 135\u00b0 \u00e0 aff\u00fbtage en croix et centrage automatique combinant coupe active et centrage parfait<\/li>\n<li>Le foret de pr\u00e9cision HSS-G offre des r\u00e9sultats rapides<\/li>\n<li>Pointage ou avant-trou superflu jusqu\u2019\u00e0 10\u00a0mm de diam\u00e8tre<\/li>\n<\/ul>\n<div class=\"m-product_hightlights__description\">\n<h3 class=\"headline hl4\" style=\"text-align: justify;\">Descriptions des produits<\/h3>\n<div style=\"text-align: justify;\">\n<p>Le foret \u00e0 m\u00e9taux HSS-G permet de percer le m\u00e9tal avec une pr\u00e9cision optimale. La pointe \u00e0 135\u00b0 et aff\u00fbtage en croix combine une coupe active et un centrage parfait sans d\u00e9viation, pour une pr\u00e9cision optimale. La pointe rend \u00e9galement tout pointage ou avant-trou superflu jusqu\u2019\u00e0 10\u00a0mm de diam\u00e8tre. Ce foret de pr\u00e9cision fabriqu\u00e9 en acier rapide (High Speed Steel) permet une progression de per\u00e7age 40\u00a0% plus rapide et un effort de pouss\u00e9e inf\u00e9rieur de 50\u00a0% par rapport aux forets HSS standard \u00e0 aff\u00fbtage conique. Ce foret est con\u00e7u pour percer des trous dans l\u2019acier alli\u00e9 et non alli\u00e9, l\u2019acier moul\u00e9, la fonte grise, l\u2019acier fritt\u00e9, la fonte mall\u00e9able, les m\u00e9taux non ferreux et les plastiques durs. Il est dot\u00e9 d\u2019un syst\u00e8me \u00e0 queue cylindrique (diam\u00e8tre de la queue \u00e9gal au diam\u00e8tre du foret) et est destin\u00e9 \u00e0 \u00eatre utilis\u00e9 avec des supports de per\u00e7age et des perceuses-visseuses.<\/p>\n<\/div>\n<div>\n<p style=\"text-align: justify;\">Le foret HSS-G est fabriqu\u00e9e conform\u00e9ment \u00e0 la norme DIN\u00a0338. De type\u00a0N (angle de l&#8217;h\u00e9lice), elle est dot\u00e9e d\u2019une pointe de per\u00e7age 135\u00a0degr\u00e9s et d\u2019une tol\u00e9rance de diam\u00e8tre h8.<\/p>\n<\/div>\n<\/div>\n<\/div>\n<\/div>\n","protected":false},"excerpt":{"rendered":"<h4>Forets \u00e0 m\u00e9taux re<strong>ctifi\u00e9s HSS-G, DIN 338<\/strong><\/h4>\n<div class=\"o-table_item_details__datatables--desktop\">\n<table class=\"m-datatable m-datatable--light\">\n<thead>\n<tr>\n<th class=\"no-sort\" data-priority=\"1\">D\u00e9tails<\/th>\n<th class=\"no-sort\" data-priority=\"1\"><\/th>\n<\/tr>\n<\/thead>\n<tbody>\n<tr class=\"\">\n<td>Diam\u00e8tre (D) [mm]<\/td>\n<td>6.00<\/td>\n<\/tr>\n<tr class=\"\">\n<td>Longueur utile (L1) [mm]<\/td>\n<td>57<\/td>\n<\/tr>\n<tr class=\"\">\n<td>Longueur totale (L2) [mm]<\/td>\n<td>93<\/td>\n<\/tr>\n<\/tbody>\n<\/table>\n<\/div>\n<div class=\"row\"><\/div>\n","protected":false},"featured_media":10355,"template":"","meta":[],"product_cat":[1277,405],"product_tag":[2324],"class_list":{"0":"post-10354","1":"product","2":"type-product","3":"status-publish","4":"has-post-thumbnail","6":"product_cat-accessoires-bosch","7":"product_cat-outillage","8":"product_tag-bosch-meche-acier-6-0mm-hss-g-5066","9":"product_brand-bosch-outillage","11":"first","12":"instock","13":"shipping-taxable","14":"product-type-simple","15":"col-xs-6 col-sm-4","16":"col-md-3 col-lg-3","17":"un-4-cols"},"yoast_head":"<!-- This site is optimized with the Yoast SEO plugin v22.5 - https:\/\/yoast.com\/wordpress\/plugins\/seo\/ -->\n<title>Foret \u00e0 m\u00e9taux HSS-G 5,8 x 57mm (10 Pi\u00e8ces) - EURL HOSNA KAMEL<\/title>\n<meta name=\"description\" content=\"Foret \u00e0 m\u00e9taux HSS-G 5,8 x 57mm (10 Pi\u00e8ces) - EURL HOSNA KAMEL\" \/>\n<meta name=\"robots\" content=\"index, follow, max-snippet:-1, max-image-preview:large, max-video-preview:-1\" \/>\n<link rel=\"canonical\" href=\"https:\/\/eurlhosnakamel.dz\/dz\/produit\/bosch-meche-acier-6-0mm-hss-g-5066\/\" \/>\n<meta property=\"og:locale\" content=\"fr_FR\" \/>\n<meta property=\"og:type\" content=\"article\" \/>\n<meta property=\"og:title\" content=\"Foret \u00e0 m\u00e9taux HSS-G 5,8 x 57mm (10 Pi\u00e8ces) - EURL HOSNA KAMEL\" \/>\n<meta property=\"og:description\" content=\"Foret \u00e0 m\u00e9taux HSS-G 5,8 x 57mm (10 Pi\u00e8ces) - EURL HOSNA KAMEL\" \/>\n<meta property=\"og:url\" content=\"https:\/\/eurlhosnakamel.dz\/dz\/produit\/bosch-meche-acier-6-0mm-hss-g-5066\/\" \/>\n<meta property=\"og:site_name\" content=\"EURL HOSNA KAMEL\" \/>\n<meta property=\"article:publisher\" content=\"https:\/\/www.facebook.com\/Eurl.Hosna.DZ\/\" \/>\n<meta property=\"article:modified_time\" content=\"2021-12-19T08:46:01+00:00\" \/>\n<meta property=\"og:image\" content=\"https:\/\/eurlhosnakamel.dz\/dz\/wp-content\/uploads\/2020\/05\/BOSCH-MECHE-ACIER-6.0mm-HSS-G-5066eurl-hosna-kamel-alg\u00e9rie.jpg\" \/>\n\t<meta property=\"og:image:width\" content=\"512\" \/>\n\t<meta property=\"og:image:height\" content=\"512\" \/>\n\t<meta property=\"og:image:type\" content=\"image\/jpeg\" \/>\n<meta name=\"twitter:card\" content=\"summary_large_image\" \/>\n<meta name=\"twitter:label1\" content=\"Dur\u00e9e de lecture estim\u00e9e\" \/>\n\t<meta name=\"twitter:data1\" content=\"1 minute\" \/>\n<script type=\"application\/ld+json\" class=\"yoast-schema-graph\">{\"@context\":\"https:\/\/schema.org\",\"@graph\":[{\"@type\":\"WebPage\",\"@id\":\"https:\/\/eurlhosnakamel.dz\/dz\/produit\/bosch-meche-acier-6-0mm-hss-g-5066\/\",\"url\":\"https:\/\/eurlhosnakamel.dz\/dz\/produit\/bosch-meche-acier-6-0mm-hss-g-5066\/\",\"name\":\"Foret \u00e0 m\u00e9taux HSS-G 5,8 x 57mm (10 Pi\u00e8ces) - EURL HOSNA KAMEL\",\"isPartOf\":{\"@id\":\"https:\/\/eurlhosnakamel.dz\/dz\/#website\"},\"primaryImageOfPage\":{\"@id\":\"https:\/\/eurlhosnakamel.dz\/dz\/produit\/bosch-meche-acier-6-0mm-hss-g-5066\/#primaryimage\"},\"image\":{\"@id\":\"https:\/\/eurlhosnakamel.dz\/dz\/produit\/bosch-meche-acier-6-0mm-hss-g-5066\/#primaryimage\"},\"thumbnailUrl\":\"https:\/\/eurlhosnakamel.dz\/dz\/wp-content\/uploads\/2020\/05\/BOSCH-MECHE-ACIER-6.0mm-HSS-G-5066eurl-hosna-kamel-alg\u00e9rie.jpg\",\"datePublished\":\"2020-05-31T15:51:32+00:00\",\"dateModified\":\"2021-12-19T08:46:01+00:00\",\"description\":\"Foret \u00e0 m\u00e9taux HSS-G 5,8 x 57mm (10 Pi\u00e8ces) - EURL HOSNA KAMEL\",\"breadcrumb\":{\"@id\":\"https:\/\/eurlhosnakamel.dz\/dz\/produit\/bosch-meche-acier-6-0mm-hss-g-5066\/#breadcrumb\"},\"inLanguage\":\"fr-FR\",\"potentialAction\":[{\"@type\":\"ReadAction\",\"target\":[\"https:\/\/eurlhosnakamel.dz\/dz\/produit\/bosch-meche-acier-6-0mm-hss-g-5066\/\"]}]},{\"@type\":\"ImageObject\",\"inLanguage\":\"fr-FR\",\"@id\":\"https:\/\/eurlhosnakamel.dz\/dz\/produit\/bosch-meche-acier-6-0mm-hss-g-5066\/#primaryimage\",\"url\":\"https:\/\/eurlhosnakamel.dz\/dz\/wp-content\/uploads\/2020\/05\/BOSCH-MECHE-ACIER-6.0mm-HSS-G-5066eurl-hosna-kamel-alg\u00e9rie.jpg\",\"contentUrl\":\"https:\/\/eurlhosnakamel.dz\/dz\/wp-content\/uploads\/2020\/05\/BOSCH-MECHE-ACIER-6.0mm-HSS-G-5066eurl-hosna-kamel-alg\u00e9rie.jpg\",\"width\":512,\"height\":512},{\"@type\":\"BreadcrumbList\",\"@id\":\"https:\/\/eurlhosnakamel.dz\/dz\/produit\/bosch-meche-acier-6-0mm-hss-g-5066\/#breadcrumb\",\"itemListElement\":[{\"@type\":\"ListItem\",\"position\":1,\"name\":\"Accueil\",\"item\":\"https:\/\/eurlhosnakamel.dz\/dz\/\"},{\"@type\":\"ListItem\",\"position\":2,\"name\":\"Shop\",\"item\":\"https:\/\/eurlhosnakamel.dz\/dz\/shop\/\"},{\"@type\":\"ListItem\",\"position\":3,\"name\":\"Foret \u00e0 m\u00e9taux HSS-G 5,8 x 57mm (10 Pi\u00e8ces)\"}]},{\"@type\":\"WebSite\",\"@id\":\"https:\/\/eurlhosnakamel.dz\/dz\/#website\",\"url\":\"https:\/\/eurlhosnakamel.dz\/dz\/\",\"name\":\"EURL HOSNA KAMEL\",\"description\":\"Fournisseur Premium d&#039;Outillages Professionnels en Alg\u00e9rie -\",\"publisher\":{\"@id\":\"https:\/\/eurlhosnakamel.dz\/dz\/#organization\"},\"potentialAction\":[{\"@type\":\"SearchAction\",\"target\":{\"@type\":\"EntryPoint\",\"urlTemplate\":\"https:\/\/eurlhosnakamel.dz\/dz\/?s={search_term_string}\"},\"query-input\":\"required name=search_term_string\"}],\"inLanguage\":\"fr-FR\"},{\"@type\":\"Organization\",\"@id\":\"https:\/\/eurlhosnakamel.dz\/dz\/#organization\",\"name\":\"EURL HOSNA KAMEL - Bosch alg\u00e9rie\",\"url\":\"https:\/\/eurlhosnakamel.dz\/dz\/\",\"logo\":{\"@type\":\"ImageObject\",\"inLanguage\":\"fr-FR\",\"@id\":\"https:\/\/eurlhosnakamel.dz\/dz\/#\/schema\/logo\/image\/\",\"url\":\"https:\/\/eurlhosnakamel.dz\/wp-content\/uploads\/2020\/04\/LOGO-HOSNA1.png\",\"contentUrl\":\"https:\/\/eurlhosnakamel.dz\/wp-content\/uploads\/2020\/04\/LOGO-HOSNA1.png\",\"width\":120,\"height\":127,\"caption\":\"EURL HOSNA KAMEL - Bosch alg\u00e9rie\"},\"image\":{\"@id\":\"https:\/\/eurlhosnakamel.dz\/dz\/#\/schema\/logo\/image\/\"},\"sameAs\":[\"https:\/\/www.facebook.com\/Eurl.Hosna.DZ\/\"]}]}<\/script>\n<!-- \/ Yoast SEO plugin. -->","yoast_head_json":{"title":"Foret \u00e0 m\u00e9taux HSS-G 5,8 x 57mm (10 Pi\u00e8ces) - EURL HOSNA KAMEL","description":"Foret \u00e0 m\u00e9taux HSS-G 5,8 x 57mm (10 Pi\u00e8ces) - EURL HOSNA KAMEL","robots":{"index":"index","follow":"follow","max-snippet":"max-snippet:-1","max-image-preview":"max-image-preview:large","max-video-preview":"max-video-preview:-1"},"canonical":"https:\/\/eurlhosnakamel.dz\/dz\/produit\/bosch-meche-acier-6-0mm-hss-g-5066\/","og_locale":"fr_FR","og_type":"article","og_title":"Foret \u00e0 m\u00e9taux HSS-G 5,8 x 57mm (10 Pi\u00e8ces) - EURL HOSNA KAMEL","og_description":"Foret \u00e0 m\u00e9taux HSS-G 5,8 x 57mm (10 Pi\u00e8ces) - EURL HOSNA KAMEL","og_url":"https:\/\/eurlhosnakamel.dz\/dz\/produit\/bosch-meche-acier-6-0mm-hss-g-5066\/","og_site_name":"EURL HOSNA KAMEL","article_publisher":"https:\/\/www.facebook.com\/Eurl.Hosna.DZ\/","article_modified_time":"2021-12-19T08:46:01+00:00","og_image":[{"width":512,"height":512,"url":"https:\/\/eurlhosnakamel.dz\/dz\/wp-content\/uploads\/2020\/05\/BOSCH-MECHE-ACIER-6.0mm-HSS-G-5066eurl-hosna-kamel-alg\u00e9rie.jpg","type":"image\/jpeg"}],"twitter_card":"summary_large_image","twitter_misc":{"Dur\u00e9e de lecture estim\u00e9e":"1 minute"},"schema":{"@context":"https:\/\/schema.org","@graph":[{"@type":"WebPage","@id":"https:\/\/eurlhosnakamel.dz\/dz\/produit\/bosch-meche-acier-6-0mm-hss-g-5066\/","url":"https:\/\/eurlhosnakamel.dz\/dz\/produit\/bosch-meche-acier-6-0mm-hss-g-5066\/","name":"Foret \u00e0 m\u00e9taux HSS-G 5,8 x 57mm (10 Pi\u00e8ces) - EURL HOSNA KAMEL","isPartOf":{"@id":"https:\/\/eurlhosnakamel.dz\/dz\/#website"},"primaryImageOfPage":{"@id":"https:\/\/eurlhosnakamel.dz\/dz\/produit\/bosch-meche-acier-6-0mm-hss-g-5066\/#primaryimage"},"image":{"@id":"https:\/\/eurlhosnakamel.dz\/dz\/produit\/bosch-meche-acier-6-0mm-hss-g-5066\/#primaryimage"},"thumbnailUrl":"https:\/\/eurlhosnakamel.dz\/dz\/wp-content\/uploads\/2020\/05\/BOSCH-MECHE-ACIER-6.0mm-HSS-G-5066eurl-hosna-kamel-alg\u00e9rie.jpg","datePublished":"2020-05-31T15:51:32+00:00","dateModified":"2021-12-19T08:46:01+00:00","description":"Foret \u00e0 m\u00e9taux HSS-G 5,8 x 57mm (10 Pi\u00e8ces) - EURL HOSNA KAMEL","breadcrumb":{"@id":"https:\/\/eurlhosnakamel.dz\/dz\/produit\/bosch-meche-acier-6-0mm-hss-g-5066\/#breadcrumb"},"inLanguage":"fr-FR","potentialAction":[{"@type":"ReadAction","target":["https:\/\/eurlhosnakamel.dz\/dz\/produit\/bosch-meche-acier-6-0mm-hss-g-5066\/"]}]},{"@type":"ImageObject","inLanguage":"fr-FR","@id":"https:\/\/eurlhosnakamel.dz\/dz\/produit\/bosch-meche-acier-6-0mm-hss-g-5066\/#primaryimage","url":"https:\/\/eurlhosnakamel.dz\/dz\/wp-content\/uploads\/2020\/05\/BOSCH-MECHE-ACIER-6.0mm-HSS-G-5066eurl-hosna-kamel-alg\u00e9rie.jpg","contentUrl":"https:\/\/eurlhosnakamel.dz\/dz\/wp-content\/uploads\/2020\/05\/BOSCH-MECHE-ACIER-6.0mm-HSS-G-5066eurl-hosna-kamel-alg\u00e9rie.jpg","width":512,"height":512},{"@type":"BreadcrumbList","@id":"https:\/\/eurlhosnakamel.dz\/dz\/produit\/bosch-meche-acier-6-0mm-hss-g-5066\/#breadcrumb","itemListElement":[{"@type":"ListItem","position":1,"name":"Accueil","item":"https:\/\/eurlhosnakamel.dz\/dz\/"},{"@type":"ListItem","position":2,"name":"Shop","item":"https:\/\/eurlhosnakamel.dz\/dz\/shop\/"},{"@type":"ListItem","position":3,"name":"Foret \u00e0 m\u00e9taux HSS-G 5,8 x 57mm (10 Pi\u00e8ces)"}]},{"@type":"WebSite","@id":"https:\/\/eurlhosnakamel.dz\/dz\/#website","url":"https:\/\/eurlhosnakamel.dz\/dz\/","name":"EURL HOSNA KAMEL","description":"Fournisseur Premium d&#039;Outillages Professionnels en Alg\u00e9rie -","publisher":{"@id":"https:\/\/eurlhosnakamel.dz\/dz\/#organization"},"potentialAction":[{"@type":"SearchAction","target":{"@type":"EntryPoint","urlTemplate":"https:\/\/eurlhosnakamel.dz\/dz\/?s={search_term_string}"},"query-input":"required name=search_term_string"}],"inLanguage":"fr-FR"},{"@type":"Organization","@id":"https:\/\/eurlhosnakamel.dz\/dz\/#organization","name":"EURL HOSNA KAMEL - Bosch alg\u00e9rie","url":"https:\/\/eurlhosnakamel.dz\/dz\/","logo":{"@type":"ImageObject","inLanguage":"fr-FR","@id":"https:\/\/eurlhosnakamel.dz\/dz\/#\/schema\/logo\/image\/","url":"https:\/\/eurlhosnakamel.dz\/wp-content\/uploads\/2020\/04\/LOGO-HOSNA1.png","contentUrl":"https:\/\/eurlhosnakamel.dz\/wp-content\/uploads\/2020\/04\/LOGO-HOSNA1.png","width":120,"height":127,"caption":"EURL HOSNA KAMEL - Bosch alg\u00e9rie"},"image":{"@id":"https:\/\/eurlhosnakamel.dz\/dz\/#\/schema\/logo\/image\/"},"sameAs":["https:\/\/www.facebook.com\/Eurl.Hosna.DZ\/"]}]}},"_links":{"self":[{"href":"https:\/\/eurlhosnakamel.dz\/dz\/wp-json\/wp\/v2\/product\/10354","targetHints":{"allow":["GET"]}}],"collection":[{"href":"https:\/\/eurlhosnakamel.dz\/dz\/wp-json\/wp\/v2\/product"}],"about":[{"href":"https:\/\/eurlhosnakamel.dz\/dz\/wp-json\/wp\/v2\/types\/product"}],"wp:featuredmedia":[{"embeddable":true,"href":"https:\/\/eurlhosnakamel.dz\/dz\/wp-json\/wp\/v2\/media\/10355"}],"wp:attachment":[{"href":"https:\/\/eurlhosnakamel.dz\/dz\/wp-json\/wp\/v2\/media?parent=10354"}],"wp:term":[{"taxonomy":"product_cat","embeddable":true,"href":"https:\/\/eurlhosnakamel.dz\/dz\/wp-json\/wp\/v2\/product_cat?post=10354"},{"taxonomy":"product_tag","embeddable":true,"href":"https:\/\/eurlhosnakamel.dz\/dz\/wp-json\/wp\/v2\/product_tag?post=10354"}],"curies":[{"name":"wp","href":"https:\/\/api.w.org\/{rel}","templated":true}]}}