{"id":10383,"date":"2020-05-31T16:32:59","date_gmt":"2020-05-31T16:32:59","guid":{"rendered":"https:\/\/lhchosting.com\/hosna\/?post_type=product&#038;p=10383"},"modified":"2021-12-19T08:45:26","modified_gmt":"2021-12-19T08:45:26","slug":"perceuse-1200-watts-50-mm-avec-support-magnetique-gbm-50-2","status":"publish","type":"product","link":"https:\/\/eurlhosnakamel.dz\/dz\/produit\/perceuse-1200-watts-50-mm-avec-support-magnetique-gbm-50-2\/","title":{"rendered":"Perceuse 1200 Watts 50 mm avec support magn\u00e9tique GBM 50-2"},"content":{"rendered":"<section id=\"technicaldata\" class=\"o-technical_details trackingModule\">\n<div class=\"container trackingTeaser\">\n<div class=\"marginal-overlay\"><img decoding=\"async\" class=\"product-image lazyloaded alignleft\" title=\" \" src=\"https:\/\/www.bosch-professional.com\/binary\/ocsmedia\/optimized\/720x1200\/o303036v54_lv-174859-12-gbm_50-2_dyn.png\" alt=\"\" \/><\/div>\n<div class=\"hide-marginal-overlay dark\">\n<div class=\"hmo-hide trackingElement\">\n<div class=\"hmo-button\"><\/div>\n<\/div>\n<\/div>\n<div class=\"row\">\n<div class=\"col-md-5\">\n<h4 class=\"headline hl1\"><strong>Caract\u00e9ristiques techniques<\/strong><\/h4>\n<table class=\"table table--fixed\">\n<thead>\n<tr>\n<th colspan=\"2\">\n<p class=\"headline hl4\"><strong>Les caract\u00e9ristiques les plus importantes<\/strong><\/p>\n<\/th>\n<\/tr>\n<\/thead>\n<tbody>\n<tr>\n<td>Puissance absorb\u00e9e nominale<\/td>\n<td>1\u00a0200 W<\/td>\n<\/tr>\n<tr>\n<td>R\u00e9gime \u00e0 vide<\/td>\n<td>50 \u2013 250 \/ 510 t\/min<\/td>\n<\/tr>\n<tr>\n<td>Poids<\/td>\n<td>14,7 kg<\/td>\n<\/tr>\n<tr>\n<td>Filetage de la broche de per\u00e7age<\/td>\n<td>MT 2 \u2013 DIN 228<\/td>\n<\/tr>\n<tr>\n<td>Dimensions de l\u2019outil (largeur)<\/td>\n<td>196 mm<\/td>\n<\/tr>\n<tr>\n<td>Dimensions de l\u2019outil (longueur)<\/td>\n<td>274 mm<\/td>\n<\/tr>\n<tr>\n<td>Dimensions de l\u2019outil (hauteur)<\/td>\n<td>444 mm<\/td>\n<\/tr>\n<tr>\n<td>Dimensions de l\u2019emballage (longueur x largeur x hauteur)<\/td>\n<td>440 x 590 x 170 mm<\/td>\n<\/tr>\n<tr>\n<td>Tension, \u00e9lectrique<\/td>\n<td>220\u2013240 V<\/td>\n<\/tr>\n<\/tbody>\n<\/table>\n<table class=\"table\">\n<thead>\n<tr>\n<th class=\"headline hl4\" colspan=\"2\">Plage de per\u00e7age<\/th>\n<\/tr>\n<\/thead>\n<tbody>\n<tr>\n<td>\u00d8 per\u00e7age acier<\/td>\n<td>1,5 \/ 50 mm<\/td>\n<\/tr>\n<\/tbody>\n<\/table>\n<\/div>\n<div class=\"col-md-offset-2 col-md-5 table-second-col\">\n<div class=\"headline hl4\">Information sur les bruits\/vibrations<\/div>\n<table class=\"table\">\n<thead>\n<tr>\n<th class=\"headline hl4\" colspan=\"2\"><\/th>\n<\/tr>\n<\/thead>\n<tbody>\n<tr>\n<td>Niveau de pression acoustique<\/td>\n<td>90 dB(A)<\/td>\n<\/tr>\n<tr>\n<td>Niveau de puissance acoustique<\/td>\n<td>110 dB(A)<\/td>\n<\/tr>\n<tr>\n<td>Incertitude K<\/td>\n<td>3 dB<\/td>\n<\/tr>\n<\/tbody>\n<\/table>\n<\/div>\n<\/div>\n<\/div>\n<\/section>\n<section id=\"highlights\" class=\"m-product_hightlights trackingModule\">\n<div class=\"container\">\n<h4 class=\"headline hl1\"><strong>Avantages<\/strong><\/h4>\n<div class=\"row\">\n<div class=\"col-md-6\">\n<div class=\"m-product_hightlights__content-wrapper\">\n<h4 class=\"headline hl4\"><strong>La solution id\u00e9ale pour des per\u00e7ages pr\u00e9cis, efficaces et s\u00fbrs dans le m\u00e9tal<\/strong><\/h4>\n<ul class=\"m-product_hightlights__list\">\n<li>Indicateur de charge pour une longue dur\u00e9e de vie et indicateur de maintenance informant de la n\u00e9cessit\u00e9 de remplacer les charbons<\/li>\n<li>Technologie laser pour un positionnement rapide ; puissant moteur pour des per\u00e7ages pr\u00e9cis et performants ; coupure automatique de l\u2019alimentation \u00e9lectrique pour plus de s\u00e9curit\u00e9<\/li>\n<li>Force magn\u00e9tique \u00e9lev\u00e9e pour un per\u00e7age stable dans chaque position<\/li>\n<\/ul>\n<\/div>\n<div class=\"m-product_hightlights__content-wrapper\">\n<div class=\"collapse in\">\n<p class=\"m-product_hightlights__paragraph\">La perceuse GBM 50-2 est id\u00e9ale pour la r\u00e9alisation de per\u00e7ages pr\u00e9cis, performants et s\u00fbrs dans le m\u00e9tal. Son indicateur de charge conf\u00e8re \u00e0 l\u2019outil une longue dur\u00e9e de vie et l\u2019indicateur de maintenance informe de la n\u00e9cessit\u00e9 de remplacer les charbons.<\/p>\n<p class=\"m-product_hightlights__paragraph\">Le faisceau laser facilite le positionnement de la pi\u00e8ce, le puissant moteur permet d\u2019effectuer des per\u00e7ages performants et pr\u00e9cis et le syst\u00e8me de coupure automatique de l\u2019alimentation \u00e9lectrique pr\u00e9vient les chocs \u00e9lectriques et am\u00e9liore la s\u00e9curit\u00e9.<\/p>\n<p class=\"m-product_hightlights__paragraph\">Sa force magn\u00e9tique \u00e9lev\u00e9e permet d\u2019effectuer des per\u00e7ages stables dans chaque position. Cet outil est con\u00e7u pour les per\u00e7ages dans le m\u00e9tal de petits et gros diam\u00e8tres (avec scies-tr\u00e9pans, forets h\u00e9lico\u00efdaux) ainsi que pour la r\u00e9alisation de taraudages.<\/p>\n<\/div>\n<\/div>\n<\/div>\n<div class=\"col-md-6\">\n<h4 class=\"headline hl4\"><strong>Fonctions<\/strong><\/h4>\n<div class=\"image-row bsTooltip__wrapper\">\n<div class=\"image-col bsTooltip\" title=\"\" data-content=\"Excellente protection de l\u2019utilisateur L\u2019interrupteur de protection arr\u00eate aussit\u00f4t l\u2019outil d\u00e8s qu\u2019il est rel\u00e2ch\u00e9\" data-original-title=\"\"><img decoding=\"async\" class=\"img-responsive lazyloaded alignleft\" src=\"https:\/\/www.bosch-professional.com\/binary\/ocsmedia\/optimized\/100x100\/o132325v54_Bosch_BI_Icon_ProtectionSwitch.png\" alt=\"Excellente protection de l\u2019utilisateur L\u2019interrupteur de protection arr\u00eate aussit\u00f4t l\u2019outil d\u00e8s qu\u2019il est rel\u00e2ch\u00e9\" data-sizes=\"(max-width: 767px) 100px, (min-width: 768px) and (max-width: 991px) 100px, (-webkit-min-device-pixel-ratio: 2.0) and (min-width: 1000px) 200px, 100px\" data-srcset=\"https:\/\/www.bosch-professional.com\/binary\/ocsmedia\/optimized\/100x100\/o132325v54_Bosch_BI_Icon_ProtectionSwitch.png 100w, https:\/\/www.bosch-professional.com\/binary\/ocsmedia\/optimized\/100x100\/o132325v54_Bosch_BI_Icon_ProtectionSwitch.png 100w, https:\/\/www.bosch-professional.com\/binary\/ocsmedia\/optimized\/100x100\/o132325v54_Bosch_BI_Icon_ProtectionSwitch.png 100w, https:\/\/www.bosch-professional.com\/binary\/ocsmedia\/optimized\/200x200\/o132325v54_Bosch_BI_Icon_ProtectionSwitch.png 200w\" data-src=\"https:\/\/www.bosch-professional.com\/binary\/ocsmedia\/optimized\/100x100\/o132325v54_Bosch_BI_Icon_ProtectionSwitch.png\" \/><\/div>\n<div class=\"image-col bsTooltip\" title=\"\" data-original-title=\"\"><img decoding=\"async\" class=\"img-responsive lazyloaded alignleft\" src=\"https:\/\/www.bosch-professional.com\/binary\/ocsmedia\/optimized\/100x100\/o303038v54_lv-175476-13-GMB50-2_SERVICEDISPLAY_Option-03.png\" alt=\"Icon\" data-sizes=\"(max-width: 767px) 100px, (min-width: 768px) and (max-width: 991px) 100px, (-webkit-min-device-pixel-ratio: 2.0) and (min-width: 1000px) 200px, 100px\" data-srcset=\"https:\/\/www.bosch-professional.com\/binary\/ocsmedia\/optimized\/100x100\/o303038v54_lv-175476-13-GMB50-2_SERVICEDISPLAY_Option-03.png 100w, https:\/\/www.bosch-professional.com\/binary\/ocsmedia\/optimized\/100x100\/o303038v54_lv-175476-13-GMB50-2_SERVICEDISPLAY_Option-03.png 100w, https:\/\/www.bosch-professional.com\/binary\/ocsmedia\/optimized\/100x100\/o303038v54_lv-175476-13-GMB50-2_SERVICEDISPLAY_Option-03.png 100w, https:\/\/www.bosch-professional.com\/binary\/ocsmedia\/optimized\/200x200\/o303038v54_lv-175476-13-GMB50-2_SERVICEDISPLAY_Option-03.png 200w\" data-src=\"https:\/\/www.bosch-professional.com\/binary\/ocsmedia\/optimized\/100x100\/o303038v54_lv-175476-13-GMB50-2_SERVICEDISPLAY_Option-03.png\" \/><\/div>\n<div class=\"image-col bsTooltip\" title=\"\" data-original-title=\"\"><img decoding=\"async\" class=\"img-responsive lazyloaded alignleft\" src=\"https:\/\/www.bosch-professional.com\/binary\/ocsmedia\/optimized\/100x100\/o303037v54_lv-175475-12-gbm_50-2_laser_target.png\" alt=\"Icon\" data-sizes=\"(max-width: 767px) 100px, (min-width: 768px) and (max-width: 991px) 100px, (-webkit-min-device-pixel-ratio: 2.0) and (min-width: 1000px) 200px, 100px\" data-srcset=\"https:\/\/www.bosch-professional.com\/binary\/ocsmedia\/optimized\/100x100\/o303037v54_lv-175475-12-gbm_50-2_laser_target.png 100w, https:\/\/www.bosch-professional.com\/binary\/ocsmedia\/optimized\/100x100\/o303037v54_lv-175475-12-gbm_50-2_laser_target.png 100w, https:\/\/www.bosch-professional.com\/binary\/ocsmedia\/optimized\/100x100\/o303037v54_lv-175475-12-gbm_50-2_laser_target.png 100w, https:\/\/www.bosch-professional.com\/binary\/ocsmedia\/optimized\/200x200\/o303037v54_lv-175475-12-gbm_50-2_laser_target.png 200w\" data-src=\"https:\/\/www.bosch-professional.com\/binary\/ocsmedia\/optimized\/100x100\/o303037v54_lv-175475-12-gbm_50-2_laser_target.png\" \/><\/div>\n<div class=\"image-col bsTooltip\" title=\"\" data-content=\"Grande long\u00e9vit\u00e9 de l\u2019outil du fait qu\u2019il s\u2019arr\u00eate en cas de surcharge extr\u00eame\" data-original-title=\"\"><img decoding=\"async\" class=\"img-responsive lazyloaded alignleft\" src=\"https:\/\/www.bosch-professional.com\/binary\/ocsmedia\/optimized\/100x100\/o246663v54_Bosch_BI_Icon_Overlo44D611.png\" alt=\"Grande long\u00e9vit\u00e9 de l\u2019outil du fait qu\u2019il s\u2019arr\u00eate en cas de surcharge extr\u00eame\" data-sizes=\"(max-width: 767px) 100px, (min-width: 768px) and (max-width: 991px) 100px, (-webkit-min-device-pixel-ratio: 2.0) and (min-width: 1000px) 200px, 100px\" data-srcset=\"https:\/\/www.bosch-professional.com\/binary\/ocsmedia\/optimized\/100x100\/o246663v54_Bosch_BI_Icon_Overlo44D611.png 100w, https:\/\/www.bosch-professional.com\/binary\/ocsmedia\/optimized\/100x100\/o246663v54_Bosch_BI_Icon_Overlo44D611.png 100w, https:\/\/www.bosch-professional.com\/binary\/ocsmedia\/optimized\/100x100\/o246663v54_Bosch_BI_Icon_Overlo44D611.png 100w, https:\/\/www.bosch-professional.com\/binary\/ocsmedia\/optimized\/200x200\/o246663v54_Bosch_BI_Icon_Overlo44D611.png 200w\" data-src=\"https:\/\/www.bosch-professional.com\/binary\/ocsmedia\/optimized\/100x100\/o246663v54_Bosch_BI_Icon_Overlo44D611.png\" \/><\/div>\n<div class=\"image-col bsTooltip\" title=\"\" data-content=\"Travail des m\u00e9taux Les outils \u00e9lectroportatifs professionnels Bosch pour travail du m\u00e9tal.\" data-original-title=\"\"><img decoding=\"async\" class=\"img-responsive lazyloaded alignleft\" src=\"https:\/\/www.bosch-professional.com\/binary\/ocsmedia\/optimized\/100x100\/o246752v54_metal_picto_01.png\" alt=\"Travail des m\u00e9taux Les outils \u00e9lectroportatifs professionnels Bosch pour travail du m\u00e9tal.\" data-sizes=\"(max-width: 767px) 100px, (min-width: 768px) and (max-width: 991px) 100px, (-webkit-min-device-pixel-ratio: 2.0) and (min-width: 1000px) 200px, 100px\" data-srcset=\"https:\/\/www.bosch-professional.com\/binary\/ocsmedia\/optimized\/100x100\/o246752v54_metal_picto_01.png 100w, https:\/\/www.bosch-professional.com\/binary\/ocsmedia\/optimized\/100x100\/o246752v54_metal_picto_01.png 100w, https:\/\/www.bosch-professional.com\/binary\/ocsmedia\/optimized\/100x100\/o246752v54_metal_picto_01.png 100w, https:\/\/www.bosch-professional.com\/binary\/ocsmedia\/optimized\/200x200\/o246752v54_metal_picto_01.png 200w\" data-src=\"https:\/\/www.bosch-professional.com\/binary\/ocsmedia\/optimized\/100x100\/o246752v54_metal_picto_01.png\" \/><\/div>\n<\/div>\n<\/div>\n<\/div>\n<\/div>\n<\/section>\n","protected":false},"excerpt":{"rendered":"<h4>La solution id\u00e9ale pour des per\u00e7ages pr\u00e9cis, efficaces et s\u00fbrs dans le m\u00e9tal<\/h4>\n<p><img decoding=\"async\" class=\"alignnone size-medium wp-image-10389\" src=\"https:\/\/lhchosting.com\/hosna\/wp-content\/uploads\/2020\/05\/5-300x62.jpg\" alt=\"\" width=\"300\" height=\"62\" srcset=\"https:\/\/eurlhosnakamel.dz\/dz\/wp-content\/uploads\/2020\/05\/5-300x62.jpg 300w, https:\/\/eurlhosnakamel.dz\/dz\/wp-content\/uploads\/2020\/05\/5-500x104.jpg 500w, https:\/\/eurlhosnakamel.dz\/dz\/wp-content\/uploads\/2020\/05\/5-370x77.jpg 370w, https:\/\/eurlhosnakamel.dz\/dz\/wp-content\/uploads\/2020\/05\/5-200x41.jpg 200w, https:\/\/eurlhosnakamel.dz\/dz\/wp-content\/uploads\/2020\/05\/5.jpg 564w\" sizes=\"(max-width: 300px) 100vw, 300px\" \/><\/p>\n","protected":false},"featured_media":10384,"template":"","meta":[],"product_cat":[405,441],"product_tag":[2333],"class_list":{"0":"post-10383","1":"product","2":"type-product","3":"status-publish","4":"has-post-thumbnail","6":"product_cat-outillage","7":"product_cat-outillage-filaire","8":"product_tag-perceuse-1200-watts-50-mm-avec-support-magnetique-gbm-50-2","9":"product_brand-bosch-outillage","11":"first","12":"instock","13":"shipping-taxable","14":"product-type-simple","15":"col-xs-6 col-sm-4","16":"col-md-3 col-lg-3","17":"un-4-cols"},"yoast_head":"<!-- This site is optimized with the Yoast SEO plugin v22.5 - https:\/\/yoast.com\/wordpress\/plugins\/seo\/ -->\n<title>Perceuse 1200 Watts 50 mm avec support magn\u00e9tique GBM 50-2 - EURL HOSNA KAMEL<\/title>\n<meta name=\"description\" content=\"Perceuse 1200 Watts 50 mm avec support magn\u00e9tique GBM 50-2 - EURL HOSNA KAMEL\" \/>\n<meta name=\"robots\" content=\"index, follow, max-snippet:-1, max-image-preview:large, max-video-preview:-1\" \/>\n<link rel=\"canonical\" href=\"https:\/\/eurlhosnakamel.dz\/dz\/produit\/perceuse-1200-watts-50-mm-avec-support-magnetique-gbm-50-2\/\" \/>\n<meta property=\"og:locale\" content=\"fr_FR\" \/>\n<meta property=\"og:type\" content=\"article\" \/>\n<meta property=\"og:title\" content=\"Perceuse 1200 Watts 50 mm avec support magn\u00e9tique GBM 50-2 - EURL HOSNA KAMEL\" \/>\n<meta property=\"og:description\" content=\"Perceuse 1200 Watts 50 mm avec support magn\u00e9tique GBM 50-2 - EURL HOSNA KAMEL\" \/>\n<meta property=\"og:url\" content=\"https:\/\/eurlhosnakamel.dz\/dz\/produit\/perceuse-1200-watts-50-mm-avec-support-magnetique-gbm-50-2\/\" \/>\n<meta property=\"og:site_name\" content=\"EURL HOSNA KAMEL\" \/>\n<meta property=\"article:publisher\" content=\"https:\/\/www.facebook.com\/Eurl.Hosna.DZ\/\" \/>\n<meta property=\"article:modified_time\" content=\"2021-12-19T08:45:26+00:00\" \/>\n<meta property=\"og:image\" content=\"https:\/\/eurlhosnakamel.dz\/dz\/wp-content\/uploads\/2020\/05\/Perceuse-1200-Watts-50mm-avec-support-magn\u00e9tique-GBM-50-2-eurl-hosna-kamel-algerie.jpg\" \/>\n\t<meta property=\"og:image:width\" content=\"512\" \/>\n\t<meta property=\"og:image:height\" content=\"512\" \/>\n\t<meta property=\"og:image:type\" content=\"image\/jpeg\" \/>\n<meta name=\"twitter:card\" content=\"summary_large_image\" \/>\n<meta name=\"twitter:label1\" content=\"Dur\u00e9e de lecture estim\u00e9e\" \/>\n\t<meta name=\"twitter:data1\" content=\"2 minutes\" \/>\n<script type=\"application\/ld+json\" class=\"yoast-schema-graph\">{\"@context\":\"https:\/\/schema.org\",\"@graph\":[{\"@type\":\"WebPage\",\"@id\":\"https:\/\/eurlhosnakamel.dz\/dz\/produit\/perceuse-1200-watts-50-mm-avec-support-magnetique-gbm-50-2\/\",\"url\":\"https:\/\/eurlhosnakamel.dz\/dz\/produit\/perceuse-1200-watts-50-mm-avec-support-magnetique-gbm-50-2\/\",\"name\":\"Perceuse 1200 Watts 50 mm avec support magn\u00e9tique GBM 50-2 - EURL HOSNA KAMEL\",\"isPartOf\":{\"@id\":\"https:\/\/eurlhosnakamel.dz\/dz\/#website\"},\"primaryImageOfPage\":{\"@id\":\"https:\/\/eurlhosnakamel.dz\/dz\/produit\/perceuse-1200-watts-50-mm-avec-support-magnetique-gbm-50-2\/#primaryimage\"},\"image\":{\"@id\":\"https:\/\/eurlhosnakamel.dz\/dz\/produit\/perceuse-1200-watts-50-mm-avec-support-magnetique-gbm-50-2\/#primaryimage\"},\"thumbnailUrl\":\"https:\/\/eurlhosnakamel.dz\/dz\/wp-content\/uploads\/2020\/05\/Perceuse-1200-Watts-50mm-avec-support-magn\u00e9tique-GBM-50-2-eurl-hosna-kamel-algerie.jpg\",\"datePublished\":\"2020-05-31T16:32:59+00:00\",\"dateModified\":\"2021-12-19T08:45:26+00:00\",\"description\":\"Perceuse 1200 Watts 50 mm avec support magn\u00e9tique GBM 50-2 - EURL HOSNA KAMEL\",\"breadcrumb\":{\"@id\":\"https:\/\/eurlhosnakamel.dz\/dz\/produit\/perceuse-1200-watts-50-mm-avec-support-magnetique-gbm-50-2\/#breadcrumb\"},\"inLanguage\":\"fr-FR\",\"potentialAction\":[{\"@type\":\"ReadAction\",\"target\":[\"https:\/\/eurlhosnakamel.dz\/dz\/produit\/perceuse-1200-watts-50-mm-avec-support-magnetique-gbm-50-2\/\"]}]},{\"@type\":\"ImageObject\",\"inLanguage\":\"fr-FR\",\"@id\":\"https:\/\/eurlhosnakamel.dz\/dz\/produit\/perceuse-1200-watts-50-mm-avec-support-magnetique-gbm-50-2\/#primaryimage\",\"url\":\"https:\/\/eurlhosnakamel.dz\/dz\/wp-content\/uploads\/2020\/05\/Perceuse-1200-Watts-50mm-avec-support-magn\u00e9tique-GBM-50-2-eurl-hosna-kamel-algerie.jpg\",\"contentUrl\":\"https:\/\/eurlhosnakamel.dz\/dz\/wp-content\/uploads\/2020\/05\/Perceuse-1200-Watts-50mm-avec-support-magn\u00e9tique-GBM-50-2-eurl-hosna-kamel-algerie.jpg\",\"width\":512,\"height\":512,\"caption\":\"Bosch Alg\u00e9rie\"},{\"@type\":\"BreadcrumbList\",\"@id\":\"https:\/\/eurlhosnakamel.dz\/dz\/produit\/perceuse-1200-watts-50-mm-avec-support-magnetique-gbm-50-2\/#breadcrumb\",\"itemListElement\":[{\"@type\":\"ListItem\",\"position\":1,\"name\":\"Accueil\",\"item\":\"https:\/\/eurlhosnakamel.dz\/dz\/\"},{\"@type\":\"ListItem\",\"position\":2,\"name\":\"Shop\",\"item\":\"https:\/\/eurlhosnakamel.dz\/dz\/shop\/\"},{\"@type\":\"ListItem\",\"position\":3,\"name\":\"Perceuse 1200 Watts 50 mm avec support magn\u00e9tique GBM 50-2\"}]},{\"@type\":\"WebSite\",\"@id\":\"https:\/\/eurlhosnakamel.dz\/dz\/#website\",\"url\":\"https:\/\/eurlhosnakamel.dz\/dz\/\",\"name\":\"EURL HOSNA KAMEL\",\"description\":\"Fournisseur Premium d&#039;Outillages Professionnels en Alg\u00e9rie -\",\"publisher\":{\"@id\":\"https:\/\/eurlhosnakamel.dz\/dz\/#organization\"},\"potentialAction\":[{\"@type\":\"SearchAction\",\"target\":{\"@type\":\"EntryPoint\",\"urlTemplate\":\"https:\/\/eurlhosnakamel.dz\/dz\/?s={search_term_string}\"},\"query-input\":\"required name=search_term_string\"}],\"inLanguage\":\"fr-FR\"},{\"@type\":\"Organization\",\"@id\":\"https:\/\/eurlhosnakamel.dz\/dz\/#organization\",\"name\":\"EURL HOSNA KAMEL - Bosch alg\u00e9rie\",\"url\":\"https:\/\/eurlhosnakamel.dz\/dz\/\",\"logo\":{\"@type\":\"ImageObject\",\"inLanguage\":\"fr-FR\",\"@id\":\"https:\/\/eurlhosnakamel.dz\/dz\/#\/schema\/logo\/image\/\",\"url\":\"https:\/\/eurlhosnakamel.dz\/wp-content\/uploads\/2020\/04\/LOGO-HOSNA1.png\",\"contentUrl\":\"https:\/\/eurlhosnakamel.dz\/wp-content\/uploads\/2020\/04\/LOGO-HOSNA1.png\",\"width\":120,\"height\":127,\"caption\":\"EURL HOSNA KAMEL - Bosch alg\u00e9rie\"},\"image\":{\"@id\":\"https:\/\/eurlhosnakamel.dz\/dz\/#\/schema\/logo\/image\/\"},\"sameAs\":[\"https:\/\/www.facebook.com\/Eurl.Hosna.DZ\/\"]}]}<\/script>\n<!-- \/ Yoast SEO plugin. -->","yoast_head_json":{"title":"Perceuse 1200 Watts 50 mm avec support magn\u00e9tique GBM 50-2 - EURL HOSNA KAMEL","description":"Perceuse 1200 Watts 50 mm avec support magn\u00e9tique GBM 50-2 - EURL HOSNA KAMEL","robots":{"index":"index","follow":"follow","max-snippet":"max-snippet:-1","max-image-preview":"max-image-preview:large","max-video-preview":"max-video-preview:-1"},"canonical":"https:\/\/eurlhosnakamel.dz\/dz\/produit\/perceuse-1200-watts-50-mm-avec-support-magnetique-gbm-50-2\/","og_locale":"fr_FR","og_type":"article","og_title":"Perceuse 1200 Watts 50 mm avec support magn\u00e9tique GBM 50-2 - EURL HOSNA KAMEL","og_description":"Perceuse 1200 Watts 50 mm avec support magn\u00e9tique GBM 50-2 - EURL HOSNA KAMEL","og_url":"https:\/\/eurlhosnakamel.dz\/dz\/produit\/perceuse-1200-watts-50-mm-avec-support-magnetique-gbm-50-2\/","og_site_name":"EURL HOSNA KAMEL","article_publisher":"https:\/\/www.facebook.com\/Eurl.Hosna.DZ\/","article_modified_time":"2021-12-19T08:45:26+00:00","og_image":[{"width":512,"height":512,"url":"https:\/\/eurlhosnakamel.dz\/dz\/wp-content\/uploads\/2020\/05\/Perceuse-1200-Watts-50mm-avec-support-magn\u00e9tique-GBM-50-2-eurl-hosna-kamel-algerie.jpg","type":"image\/jpeg"}],"twitter_card":"summary_large_image","twitter_misc":{"Dur\u00e9e de lecture estim\u00e9e":"2 minutes"},"schema":{"@context":"https:\/\/schema.org","@graph":[{"@type":"WebPage","@id":"https:\/\/eurlhosnakamel.dz\/dz\/produit\/perceuse-1200-watts-50-mm-avec-support-magnetique-gbm-50-2\/","url":"https:\/\/eurlhosnakamel.dz\/dz\/produit\/perceuse-1200-watts-50-mm-avec-support-magnetique-gbm-50-2\/","name":"Perceuse 1200 Watts 50 mm avec support magn\u00e9tique GBM 50-2 - EURL HOSNA KAMEL","isPartOf":{"@id":"https:\/\/eurlhosnakamel.dz\/dz\/#website"},"primaryImageOfPage":{"@id":"https:\/\/eurlhosnakamel.dz\/dz\/produit\/perceuse-1200-watts-50-mm-avec-support-magnetique-gbm-50-2\/#primaryimage"},"image":{"@id":"https:\/\/eurlhosnakamel.dz\/dz\/produit\/perceuse-1200-watts-50-mm-avec-support-magnetique-gbm-50-2\/#primaryimage"},"thumbnailUrl":"https:\/\/eurlhosnakamel.dz\/dz\/wp-content\/uploads\/2020\/05\/Perceuse-1200-Watts-50mm-avec-support-magn\u00e9tique-GBM-50-2-eurl-hosna-kamel-algerie.jpg","datePublished":"2020-05-31T16:32:59+00:00","dateModified":"2021-12-19T08:45:26+00:00","description":"Perceuse 1200 Watts 50 mm avec support magn\u00e9tique GBM 50-2 - EURL HOSNA KAMEL","breadcrumb":{"@id":"https:\/\/eurlhosnakamel.dz\/dz\/produit\/perceuse-1200-watts-50-mm-avec-support-magnetique-gbm-50-2\/#breadcrumb"},"inLanguage":"fr-FR","potentialAction":[{"@type":"ReadAction","target":["https:\/\/eurlhosnakamel.dz\/dz\/produit\/perceuse-1200-watts-50-mm-avec-support-magnetique-gbm-50-2\/"]}]},{"@type":"ImageObject","inLanguage":"fr-FR","@id":"https:\/\/eurlhosnakamel.dz\/dz\/produit\/perceuse-1200-watts-50-mm-avec-support-magnetique-gbm-50-2\/#primaryimage","url":"https:\/\/eurlhosnakamel.dz\/dz\/wp-content\/uploads\/2020\/05\/Perceuse-1200-Watts-50mm-avec-support-magn\u00e9tique-GBM-50-2-eurl-hosna-kamel-algerie.jpg","contentUrl":"https:\/\/eurlhosnakamel.dz\/dz\/wp-content\/uploads\/2020\/05\/Perceuse-1200-Watts-50mm-avec-support-magn\u00e9tique-GBM-50-2-eurl-hosna-kamel-algerie.jpg","width":512,"height":512,"caption":"Bosch Alg\u00e9rie"},{"@type":"BreadcrumbList","@id":"https:\/\/eurlhosnakamel.dz\/dz\/produit\/perceuse-1200-watts-50-mm-avec-support-magnetique-gbm-50-2\/#breadcrumb","itemListElement":[{"@type":"ListItem","position":1,"name":"Accueil","item":"https:\/\/eurlhosnakamel.dz\/dz\/"},{"@type":"ListItem","position":2,"name":"Shop","item":"https:\/\/eurlhosnakamel.dz\/dz\/shop\/"},{"@type":"ListItem","position":3,"name":"Perceuse 1200 Watts 50 mm avec support magn\u00e9tique GBM 50-2"}]},{"@type":"WebSite","@id":"https:\/\/eurlhosnakamel.dz\/dz\/#website","url":"https:\/\/eurlhosnakamel.dz\/dz\/","name":"EURL HOSNA KAMEL","description":"Fournisseur Premium d&#039;Outillages Professionnels en Alg\u00e9rie -","publisher":{"@id":"https:\/\/eurlhosnakamel.dz\/dz\/#organization"},"potentialAction":[{"@type":"SearchAction","target":{"@type":"EntryPoint","urlTemplate":"https:\/\/eurlhosnakamel.dz\/dz\/?s={search_term_string}"},"query-input":"required name=search_term_string"}],"inLanguage":"fr-FR"},{"@type":"Organization","@id":"https:\/\/eurlhosnakamel.dz\/dz\/#organization","name":"EURL HOSNA KAMEL - Bosch alg\u00e9rie","url":"https:\/\/eurlhosnakamel.dz\/dz\/","logo":{"@type":"ImageObject","inLanguage":"fr-FR","@id":"https:\/\/eurlhosnakamel.dz\/dz\/#\/schema\/logo\/image\/","url":"https:\/\/eurlhosnakamel.dz\/wp-content\/uploads\/2020\/04\/LOGO-HOSNA1.png","contentUrl":"https:\/\/eurlhosnakamel.dz\/wp-content\/uploads\/2020\/04\/LOGO-HOSNA1.png","width":120,"height":127,"caption":"EURL HOSNA KAMEL - Bosch alg\u00e9rie"},"image":{"@id":"https:\/\/eurlhosnakamel.dz\/dz\/#\/schema\/logo\/image\/"},"sameAs":["https:\/\/www.facebook.com\/Eurl.Hosna.DZ\/"]}]}},"_links":{"self":[{"href":"https:\/\/eurlhosnakamel.dz\/dz\/wp-json\/wp\/v2\/product\/10383","targetHints":{"allow":["GET"]}}],"collection":[{"href":"https:\/\/eurlhosnakamel.dz\/dz\/wp-json\/wp\/v2\/product"}],"about":[{"href":"https:\/\/eurlhosnakamel.dz\/dz\/wp-json\/wp\/v2\/types\/product"}],"wp:featuredmedia":[{"embeddable":true,"href":"https:\/\/eurlhosnakamel.dz\/dz\/wp-json\/wp\/v2\/media\/10384"}],"wp:attachment":[{"href":"https:\/\/eurlhosnakamel.dz\/dz\/wp-json\/wp\/v2\/media?parent=10383"}],"wp:term":[{"taxonomy":"product_cat","embeddable":true,"href":"https:\/\/eurlhosnakamel.dz\/dz\/wp-json\/wp\/v2\/product_cat?post=10383"},{"taxonomy":"product_tag","embeddable":true,"href":"https:\/\/eurlhosnakamel.dz\/dz\/wp-json\/wp\/v2\/product_tag?post=10383"}],"curies":[{"name":"wp","href":"https:\/\/api.w.org\/{rel}","templated":true}]}}