{"id":10392,"date":"2020-05-31T16:49:52","date_gmt":"2020-05-31T16:49:52","guid":{"rendered":"https:\/\/lhchosting.com\/hosna\/?post_type=product&#038;p=10392"},"modified":"2021-12-19T08:45:19","modified_gmt":"2021-12-19T08:45:19","slug":"tournevis-sans-fil-1-5-ah-inclus-33-accessoires-bosch-go","status":"publish","type":"product","link":"https:\/\/eurlhosnakamel.dz\/dz\/produit\/tournevis-sans-fil-1-5-ah-inclus-33-accessoires-bosch-go\/","title":{"rendered":"Tournevis sans fil 1.5 Ah inclus 33 Accessoires BOSCH GO"},"content":{"rendered":"<section id=\"technicaldata\" class=\"o-technical_details-a trackingModule\" data-track_moduletype=\"O09a_technical_data\">\n<div class=\"container\">\n<div class=\"row\">\n<div class=\"col-xs-12\">\n<h4 class=\"headline hl1\"><strong>Caract\u00e9ristiques techniques<\/strong><\/h4>\n<\/div>\n<\/div>\n<div class=\"row\">\n<div class=\"col-lg-8 col-xs-12\">\n<table class=\"table\">\n<colgroup>\n<col class=\"col-xs-5\" \/>\n<col class=\"col-xs-3\" \/><\/colgroup>\n<thead>\n<tr>\n<th class=\"headline hl4\" colspan=\"2\">Donn\u00e9es suppl\u00e9mentaires<\/th>\n<\/tr>\n<\/thead>\n<tbody>\n<tr>\n<td>Tension de la batterie*<\/td>\n<td>3,6\u00a0V<\/td>\n<\/tr>\n<tr>\n<td>Type de batterie<\/td>\n<td>Lithium-Ion<\/td>\n<\/tr>\n<tr>\n<td>Couple (tendre\/dur\/maxi)<\/td>\n<td>2.5\/5\/-\u00a0Nm<\/td>\n<\/tr>\n<tr>\n<td>R\u00e9gime \u00e0 vide (1\u00e8re vitesse \/ 2\u00e8me vitesse)<\/td>\n<td>360 \u2013 360\u00a0t\/min<\/td>\n<\/tr>\n<tr>\n<td>Plage de serrage du mandrin, min.\/max.<\/td>\n<td>6.35 \/ 6.35\u00a0mm<\/td>\n<\/tr>\n<tr>\n<td>Poids sans batterie*<\/td>\n<td>0,28\u00a0kg<\/td>\n<\/tr>\n<tr>\n<td>R\u00e9glages de couple<\/td>\n<td>6<\/td>\n<\/tr>\n<tr>\n<td>Porte-outils<\/td>\n<td>Six pans creux 1\/4&#8243;<\/td>\n<\/tr>\n<\/tbody>\n<\/table>\n<table class=\"table\">\n<colgroup>\n<col class=\"col-xs-5\" \/>\n<col class=\"col-xs-3\" \/><\/colgroup>\n<thead>\n<tr>\n<th class=\"headline hl4\" colspan=\"2\">\u00d8 des vis<\/th>\n<\/tr>\n<\/thead>\n<tbody>\n<tr>\n<td>\u00d8 des vis, maxi.*<\/td>\n<td>5\u00a0mm<\/td>\n<\/tr>\n<\/tbody>\n<\/table>\n<p>* Donn\u00e9es mises en surbrillance<\/p>\n<p>Le niveau sonore pond\u00e9r\u00e9 A de l&#8217;outil \u00e9lectroportatif est typiquement de : niveau de pression acoustique 70 dB(A) ; niveau de puissance acoustique 80 dB(A). Incertitude K = 3 dB.<\/p>\n<\/div>\n<div class=\"col-lg-4 col-xs-12\">\n<h4 class=\"o-technical_details-a__imagewrapper\"><picture><source srcset=\"https:\/\/www.bosch-professional.com\/binary\/ocsmedia\/optimized\/767x767\/o275758v16_lv-162726-13-Bosch_Go_dim.webp\" type=\"image\/webp\" \/><img decoding=\"async\" class=\"img-responsive ls-is-cached lazyloaded alignleft\" src=\"https:\/\/www.bosch-professional.com\/binary\/ocsmedia\/optimized\/767x767\/o275758v16_lv-162726-13-Bosch_Go_dim.jpg\" alt=\"\" \/><\/picture><\/h4>\n<\/div>\n<\/div>\n<\/div>\n<\/section>\n<section id=\"highlights\" class=\"m-product_hightlights trackingModule\" data-track_moduletype=\"M49_product_highlights\">\n<div class=\"container\">\n<h4 class=\"headline hl1\"><strong>Avantages<\/strong><\/h4>\n<div class=\"row\">\n<div class=\"col-md-6\">\n<div class=\"m-product_hightlights__content-wrapper\">\n<h4 class=\"headline hl4\"><strong>La premi\u00e8re visseuse intelligente au monde &#8211; Des r\u00e9sultats parfaits. Par une simple pression.<\/strong><\/h4>\n<ul class=\"m-product_hightlights__list\">\n<li>4 fois plus puissante que toute visseuse existante de taille et de forme comparables<\/li>\n<li>Utilisation intuitive : Une simple pression suffit pour visser des vis (Push &amp; Go)<\/li>\n<li>Embrayage \u00e9lectronique intelligent (E-clutch) arr\u00eatant aussit\u00f4t l\u2019outil d\u00e8s que vous cessez d\u2019exercer une pression<\/li>\n<\/ul>\n<\/div>\n<\/div>\n<div class=\"col-md-6\">\n<div class=\"m-detail_stage\">\n<div class=\"m-detail_stage__headline col-xs-12\">\n<h4 class=\"headline hl1\"><strong>Ce qui est inclus dans ce paquet<\/strong><\/h4>\n<\/div>\n<div class=\"m-detail_stage__image col-sm-5\"><picture><source srcset=\"https:\/\/www.bosch-professional.com\/binary\/ocsmedia\/optimized\/530x530\/o275772v54_lv-162887-12-BoschGO_openbox_01.webp\" type=\"image\/webp\" \/><img decoding=\"async\" class=\"img-responsive alignleft\" src=\"https:\/\/www.bosch-professional.com\/binary\/ocsmedia\/optimized\/530x530\/o275772v54_lv-162887-12-BoschGO_openbox_01.png\" alt=\"Bosch GO Professional\" \/><\/picture><\/div>\n<\/div>\n<div class=\"m-conversion_area\">\n<div class=\"m-conversion_area__col\">\n<div class=\"m-conversion_area__information\">\n<div class=\"m-conversion_area__headline m-conversion_area__headline--hl3\">\n<div class=\"headline hl3\">Bosch GO Professional<\/div>\n<\/div>\n<div class=\"m-conversion_area__headline m-conversion_area__headline--hl5\">\n<div class=\"headline hl5\">R\u00e9f\u00e9rence:\u00a0<span class=\"a-ordernumber\">0\u00a0601\u00a09H2\u00a00K1<\/span><\/div>\n<\/div>\n<ul class=\"m-conversion_area__ul\">\n<li class=\"m-conversion_area__li\">1 c\u00e2ble micro-USB (r\u00e9f. pi\u00e8ce de rechange 1 607 000 CG9)<\/li>\n<li class=\"m-conversion_area__li\">1 chargeur USB<\/li>\n<li class=\"m-conversion_area__li\">Set de vissage 33 pi\u00e8ces (porte-embout, 3x PH1, 3x PH2, 3x PZ1, 3x PZ2, 2x Plat3, 2x Plat4, 2x SQ0, 2x SQ1, 2x SQ2, 2x HEX3, 2x HEX4, 2x T10, 2x T15, 2x T20) (r\u00e9f. pi\u00e8ce de rechange 1 600 A01 39X)<\/li>\n<\/ul>\n<\/div>\n<\/div>\n<\/div>\n<h4 class=\"headline hl4\"><strong>Fonctions<\/strong><\/h4>\n<div class=\"image-row bsTooltip__wrapper\">\n<div class=\"image-col bsTooltip\" title=\"\" data-content=\"Travail du bois Les outils \u00e9lectroportatifs professionnels Bosch pour travail du bois.\" data-original-title=\"\"><img decoding=\"async\" class=\"img-responsive ls-is-cached lazyloaded alignleft\" src=\"https:\/\/www.bosch-professional.com\/binary\/ocsmedia\/optimized\/100x100\/o246750v54_wood_picto_01.png\" sizes=\"(max-width: 767px) 100px, (min-width: 768px) and (max-width: 991px) 100px, (-webkit-min-device-pixel-ratio: 2.0) and (min-width: 1000px) 200px, 100px\" srcset=\"https:\/\/www.bosch-professional.com\/binary\/ocsmedia\/optimized\/100x100\/o246750v54_wood_picto_01.png 100w, https:\/\/www.bosch-professional.com\/binary\/ocsmedia\/optimized\/100x100\/o246750v54_wood_picto_01.png 100w, https:\/\/www.bosch-professional.com\/binary\/ocsmedia\/optimized\/100x100\/o246750v54_wood_picto_01.png 100w, https:\/\/www.bosch-professional.com\/binary\/ocsmedia\/optimized\/200x200\/o246750v54_wood_picto_01.png 200w\" alt=\"Travail du bois Les outils \u00e9lectroportatifs professionnels Bosch pour travail du bois.\" data-sizes=\"(max-width: 767px) 100px, (min-width: 768px) and (max-width: 991px) 100px, (-webkit-min-device-pixel-ratio: 2.0) and (min-width: 1000px) 200px, 100px\" data-srcset=\"https:\/\/www.bosch-professional.com\/binary\/ocsmedia\/optimized\/100x100\/o246750v54_wood_picto_01.png 100w, https:\/\/www.bosch-professional.com\/binary\/ocsmedia\/optimized\/100x100\/o246750v54_wood_picto_01.png 100w, https:\/\/www.bosch-professional.com\/binary\/ocsmedia\/optimized\/100x100\/o246750v54_wood_picto_01.png 100w, https:\/\/www.bosch-professional.com\/binary\/ocsmedia\/optimized\/200x200\/o246750v54_wood_picto_01.png 200w\" data-src=\"https:\/\/www.bosch-professional.com\/binary\/ocsmedia\/optimized\/100x100\/o246750v54_wood_picto_01.png\" \/><\/div>\n<div class=\"image-col bsTooltip\" title=\"\" data-content=\"Travail des m\u00e9taux Les outils \u00e9lectroportatifs professionnels Bosch pour travail du m\u00e9tal.\" data-original-title=\"\"><img decoding=\"async\" class=\"img-responsive ls-is-cached lazyloaded alignleft\" src=\"https:\/\/www.bosch-professional.com\/binary\/ocsmedia\/optimized\/100x100\/o246752v54_metal_picto_01.png\" sizes=\"(max-width: 767px) 100px, (min-width: 768px) and (max-width: 991px) 100px, (-webkit-min-device-pixel-ratio: 2.0) and (min-width: 1000px) 200px, 100px\" srcset=\"https:\/\/www.bosch-professional.com\/binary\/ocsmedia\/optimized\/100x100\/o246752v54_metal_picto_01.png 100w, https:\/\/www.bosch-professional.com\/binary\/ocsmedia\/optimized\/100x100\/o246752v54_metal_picto_01.png 100w, https:\/\/www.bosch-professional.com\/binary\/ocsmedia\/optimized\/100x100\/o246752v54_metal_picto_01.png 100w, https:\/\/www.bosch-professional.com\/binary\/ocsmedia\/optimized\/200x200\/o246752v54_metal_picto_01.png 200w\" alt=\"Travail des m\u00e9taux Les outils \u00e9lectroportatifs professionnels Bosch pour travail du m\u00e9tal.\" data-sizes=\"(max-width: 767px) 100px, (min-width: 768px) and (max-width: 991px) 100px, (-webkit-min-device-pixel-ratio: 2.0) and (min-width: 1000px) 200px, 100px\" data-srcset=\"https:\/\/www.bosch-professional.com\/binary\/ocsmedia\/optimized\/100x100\/o246752v54_metal_picto_01.png 100w, https:\/\/www.bosch-professional.com\/binary\/ocsmedia\/optimized\/100x100\/o246752v54_metal_picto_01.png 100w, https:\/\/www.bosch-professional.com\/binary\/ocsmedia\/optimized\/100x100\/o246752v54_metal_picto_01.png 100w, https:\/\/www.bosch-professional.com\/binary\/ocsmedia\/optimized\/200x200\/o246752v54_metal_picto_01.png 200w\" data-src=\"https:\/\/www.bosch-professional.com\/binary\/ocsmedia\/optimized\/100x100\/o246752v54_metal_picto_01.png\" \/><\/div>\n<\/div>\n<\/div>\n<\/div>\n<\/div>\n<\/section>\n<p><iframe src=\"https:\/\/www.youtube.com\/embed\/d5EAoGC27d4\" width=\"720\" height=\"338\" frameborder=\"0\" allowfullscreen=\"allowfullscreen\"><span data-mce-type=\"bookmark\" style=\"display: inline-block; width: 0px; overflow: hidden; line-height: 0;\" class=\"mce_SELRES_start\">\ufeff<\/span><\/iframe><\/p>\n","protected":false},"excerpt":{"rendered":"<h4>La premi\u00e8re visseuse intelligente au monde &#8211; Des r\u00e9sultats parfaits. Par une simple pression.<\/h4>\n<p><img decoding=\"async\" class=\"alignnone size-full wp-image-10394\" src=\"https:\/\/lhchosting.com\/hosna\/wp-content\/uploads\/2020\/05\/1.jpg\" alt=\"\" width=\"234\" height=\"129\" srcset=\"https:\/\/eurlhosnakamel.dz\/dz\/wp-content\/uploads\/2020\/05\/1.jpg 234w, https:\/\/eurlhosnakamel.dz\/dz\/wp-content\/uploads\/2020\/05\/1-200x110.jpg 200w\" sizes=\"(max-width: 234px) 100vw, 234px\" \/><\/p>\n","protected":false},"featured_media":10393,"template":"","meta":[],"product_cat":[405,443],"product_tag":[2334],"class_list":{"0":"post-10392","1":"product","2":"type-product","3":"status-publish","4":"has-post-thumbnail","6":"product_cat-outillage","7":"product_cat-outillage-sans-fil","8":"product_tag-tournevis-sans-fil-1-5-ah-inclus-33-accessoires-bosch-go","9":"product_brand-bosch-outillage","11":"first","12":"instock","13":"shipping-taxable","14":"product-type-simple","15":"col-xs-6 col-sm-4","16":"col-md-3 col-lg-3","17":"un-4-cols"},"yoast_head":"<!-- This site is optimized with the Yoast SEO plugin v22.5 - https:\/\/yoast.com\/wordpress\/plugins\/seo\/ -->\n<title>Tournevis sans fil 1.5 Ah inclus 33 Accessoires BOSCH GO - EURL HOSNA KAMEL<\/title>\n<meta name=\"description\" content=\"Tournevis sans fil 1.5 Ah inclus 33 Accessoires BOSCH GO - EURL HOSNA KAMEL\" \/>\n<meta name=\"robots\" content=\"index, follow, max-snippet:-1, max-image-preview:large, max-video-preview:-1\" \/>\n<link rel=\"canonical\" href=\"https:\/\/eurlhosnakamel.dz\/dz\/produit\/tournevis-sans-fil-1-5-ah-inclus-33-accessoires-bosch-go\/\" \/>\n<meta property=\"og:locale\" content=\"fr_FR\" \/>\n<meta property=\"og:type\" content=\"article\" \/>\n<meta property=\"og:title\" content=\"Tournevis sans fil 1.5 Ah inclus 33 Accessoires BOSCH GO - EURL HOSNA KAMEL\" \/>\n<meta property=\"og:description\" content=\"Tournevis sans fil 1.5 Ah inclus 33 Accessoires BOSCH GO - EURL HOSNA KAMEL\" \/>\n<meta property=\"og:url\" content=\"https:\/\/eurlhosnakamel.dz\/dz\/produit\/tournevis-sans-fil-1-5-ah-inclus-33-accessoires-bosch-go\/\" \/>\n<meta property=\"og:site_name\" content=\"EURL HOSNA KAMEL\" \/>\n<meta property=\"article:publisher\" content=\"https:\/\/www.facebook.com\/Eurl.Hosna.DZ\/\" \/>\n<meta property=\"article:modified_time\" content=\"2021-12-19T08:45:19+00:00\" \/>\n<meta property=\"og:image\" content=\"https:\/\/eurlhosnakamel.dz\/dz\/wp-content\/uploads\/2020\/05\/Tournevis-sans-fil-1.5Ah-inclus-33-Accessoires-BOSCH-GO-eurl-hosna-kamel-algerie.jpg\" \/>\n\t<meta property=\"og:image:width\" content=\"512\" \/>\n\t<meta property=\"og:image:height\" content=\"512\" \/>\n\t<meta property=\"og:image:type\" content=\"image\/jpeg\" \/>\n<meta name=\"twitter:card\" content=\"summary_large_image\" \/>\n<meta name=\"twitter:label1\" content=\"Dur\u00e9e de lecture estim\u00e9e\" \/>\n\t<meta name=\"twitter:data1\" content=\"1 minute\" \/>\n<script type=\"application\/ld+json\" class=\"yoast-schema-graph\">{\"@context\":\"https:\/\/schema.org\",\"@graph\":[{\"@type\":\"WebPage\",\"@id\":\"https:\/\/eurlhosnakamel.dz\/dz\/produit\/tournevis-sans-fil-1-5-ah-inclus-33-accessoires-bosch-go\/\",\"url\":\"https:\/\/eurlhosnakamel.dz\/dz\/produit\/tournevis-sans-fil-1-5-ah-inclus-33-accessoires-bosch-go\/\",\"name\":\"Tournevis sans fil 1.5 Ah inclus 33 Accessoires BOSCH GO - EURL HOSNA KAMEL\",\"isPartOf\":{\"@id\":\"https:\/\/eurlhosnakamel.dz\/dz\/#website\"},\"primaryImageOfPage\":{\"@id\":\"https:\/\/eurlhosnakamel.dz\/dz\/produit\/tournevis-sans-fil-1-5-ah-inclus-33-accessoires-bosch-go\/#primaryimage\"},\"image\":{\"@id\":\"https:\/\/eurlhosnakamel.dz\/dz\/produit\/tournevis-sans-fil-1-5-ah-inclus-33-accessoires-bosch-go\/#primaryimage\"},\"thumbnailUrl\":\"https:\/\/eurlhosnakamel.dz\/dz\/wp-content\/uploads\/2020\/05\/Tournevis-sans-fil-1.5Ah-inclus-33-Accessoires-BOSCH-GO-eurl-hosna-kamel-algerie.jpg\",\"datePublished\":\"2020-05-31T16:49:52+00:00\",\"dateModified\":\"2021-12-19T08:45:19+00:00\",\"description\":\"Tournevis sans fil 1.5 Ah inclus 33 Accessoires BOSCH GO - EURL HOSNA KAMEL\",\"breadcrumb\":{\"@id\":\"https:\/\/eurlhosnakamel.dz\/dz\/produit\/tournevis-sans-fil-1-5-ah-inclus-33-accessoires-bosch-go\/#breadcrumb\"},\"inLanguage\":\"fr-FR\",\"potentialAction\":[{\"@type\":\"ReadAction\",\"target\":[\"https:\/\/eurlhosnakamel.dz\/dz\/produit\/tournevis-sans-fil-1-5-ah-inclus-33-accessoires-bosch-go\/\"]}]},{\"@type\":\"ImageObject\",\"inLanguage\":\"fr-FR\",\"@id\":\"https:\/\/eurlhosnakamel.dz\/dz\/produit\/tournevis-sans-fil-1-5-ah-inclus-33-accessoires-bosch-go\/#primaryimage\",\"url\":\"https:\/\/eurlhosnakamel.dz\/dz\/wp-content\/uploads\/2020\/05\/Tournevis-sans-fil-1.5Ah-inclus-33-Accessoires-BOSCH-GO-eurl-hosna-kamel-algerie.jpg\",\"contentUrl\":\"https:\/\/eurlhosnakamel.dz\/dz\/wp-content\/uploads\/2020\/05\/Tournevis-sans-fil-1.5Ah-inclus-33-Accessoires-BOSCH-GO-eurl-hosna-kamel-algerie.jpg\",\"width\":512,\"height\":512,\"caption\":\"Bosch Alg\u00e9rie\"},{\"@type\":\"BreadcrumbList\",\"@id\":\"https:\/\/eurlhosnakamel.dz\/dz\/produit\/tournevis-sans-fil-1-5-ah-inclus-33-accessoires-bosch-go\/#breadcrumb\",\"itemListElement\":[{\"@type\":\"ListItem\",\"position\":1,\"name\":\"Accueil\",\"item\":\"https:\/\/eurlhosnakamel.dz\/dz\/\"},{\"@type\":\"ListItem\",\"position\":2,\"name\":\"Shop\",\"item\":\"https:\/\/eurlhosnakamel.dz\/dz\/shop\/\"},{\"@type\":\"ListItem\",\"position\":3,\"name\":\"Tournevis sans fil 1.5 Ah inclus 33 Accessoires BOSCH GO\"}]},{\"@type\":\"WebSite\",\"@id\":\"https:\/\/eurlhosnakamel.dz\/dz\/#website\",\"url\":\"https:\/\/eurlhosnakamel.dz\/dz\/\",\"name\":\"EURL HOSNA KAMEL\",\"description\":\"Fournisseur Premium d&#039;Outillages Professionnels en Alg\u00e9rie -\",\"publisher\":{\"@id\":\"https:\/\/eurlhosnakamel.dz\/dz\/#organization\"},\"potentialAction\":[{\"@type\":\"SearchAction\",\"target\":{\"@type\":\"EntryPoint\",\"urlTemplate\":\"https:\/\/eurlhosnakamel.dz\/dz\/?s={search_term_string}\"},\"query-input\":\"required name=search_term_string\"}],\"inLanguage\":\"fr-FR\"},{\"@type\":\"Organization\",\"@id\":\"https:\/\/eurlhosnakamel.dz\/dz\/#organization\",\"name\":\"EURL HOSNA KAMEL - Bosch alg\u00e9rie\",\"url\":\"https:\/\/eurlhosnakamel.dz\/dz\/\",\"logo\":{\"@type\":\"ImageObject\",\"inLanguage\":\"fr-FR\",\"@id\":\"https:\/\/eurlhosnakamel.dz\/dz\/#\/schema\/logo\/image\/\",\"url\":\"https:\/\/eurlhosnakamel.dz\/wp-content\/uploads\/2020\/04\/LOGO-HOSNA1.png\",\"contentUrl\":\"https:\/\/eurlhosnakamel.dz\/wp-content\/uploads\/2020\/04\/LOGO-HOSNA1.png\",\"width\":120,\"height\":127,\"caption\":\"EURL HOSNA KAMEL - Bosch alg\u00e9rie\"},\"image\":{\"@id\":\"https:\/\/eurlhosnakamel.dz\/dz\/#\/schema\/logo\/image\/\"},\"sameAs\":[\"https:\/\/www.facebook.com\/Eurl.Hosna.DZ\/\"]}]}<\/script>\n<!-- \/ Yoast SEO plugin. -->","yoast_head_json":{"title":"Tournevis sans fil 1.5 Ah inclus 33 Accessoires BOSCH GO - EURL HOSNA KAMEL","description":"Tournevis sans fil 1.5 Ah inclus 33 Accessoires BOSCH GO - EURL HOSNA KAMEL","robots":{"index":"index","follow":"follow","max-snippet":"max-snippet:-1","max-image-preview":"max-image-preview:large","max-video-preview":"max-video-preview:-1"},"canonical":"https:\/\/eurlhosnakamel.dz\/dz\/produit\/tournevis-sans-fil-1-5-ah-inclus-33-accessoires-bosch-go\/","og_locale":"fr_FR","og_type":"article","og_title":"Tournevis sans fil 1.5 Ah inclus 33 Accessoires BOSCH GO - EURL HOSNA KAMEL","og_description":"Tournevis sans fil 1.5 Ah inclus 33 Accessoires BOSCH GO - EURL HOSNA KAMEL","og_url":"https:\/\/eurlhosnakamel.dz\/dz\/produit\/tournevis-sans-fil-1-5-ah-inclus-33-accessoires-bosch-go\/","og_site_name":"EURL HOSNA KAMEL","article_publisher":"https:\/\/www.facebook.com\/Eurl.Hosna.DZ\/","article_modified_time":"2021-12-19T08:45:19+00:00","og_image":[{"width":512,"height":512,"url":"https:\/\/eurlhosnakamel.dz\/dz\/wp-content\/uploads\/2020\/05\/Tournevis-sans-fil-1.5Ah-inclus-33-Accessoires-BOSCH-GO-eurl-hosna-kamel-algerie.jpg","type":"image\/jpeg"}],"twitter_card":"summary_large_image","twitter_misc":{"Dur\u00e9e de lecture estim\u00e9e":"1 minute"},"schema":{"@context":"https:\/\/schema.org","@graph":[{"@type":"WebPage","@id":"https:\/\/eurlhosnakamel.dz\/dz\/produit\/tournevis-sans-fil-1-5-ah-inclus-33-accessoires-bosch-go\/","url":"https:\/\/eurlhosnakamel.dz\/dz\/produit\/tournevis-sans-fil-1-5-ah-inclus-33-accessoires-bosch-go\/","name":"Tournevis sans fil 1.5 Ah inclus 33 Accessoires BOSCH GO - EURL HOSNA KAMEL","isPartOf":{"@id":"https:\/\/eurlhosnakamel.dz\/dz\/#website"},"primaryImageOfPage":{"@id":"https:\/\/eurlhosnakamel.dz\/dz\/produit\/tournevis-sans-fil-1-5-ah-inclus-33-accessoires-bosch-go\/#primaryimage"},"image":{"@id":"https:\/\/eurlhosnakamel.dz\/dz\/produit\/tournevis-sans-fil-1-5-ah-inclus-33-accessoires-bosch-go\/#primaryimage"},"thumbnailUrl":"https:\/\/eurlhosnakamel.dz\/dz\/wp-content\/uploads\/2020\/05\/Tournevis-sans-fil-1.5Ah-inclus-33-Accessoires-BOSCH-GO-eurl-hosna-kamel-algerie.jpg","datePublished":"2020-05-31T16:49:52+00:00","dateModified":"2021-12-19T08:45:19+00:00","description":"Tournevis sans fil 1.5 Ah inclus 33 Accessoires BOSCH GO - EURL HOSNA KAMEL","breadcrumb":{"@id":"https:\/\/eurlhosnakamel.dz\/dz\/produit\/tournevis-sans-fil-1-5-ah-inclus-33-accessoires-bosch-go\/#breadcrumb"},"inLanguage":"fr-FR","potentialAction":[{"@type":"ReadAction","target":["https:\/\/eurlhosnakamel.dz\/dz\/produit\/tournevis-sans-fil-1-5-ah-inclus-33-accessoires-bosch-go\/"]}]},{"@type":"ImageObject","inLanguage":"fr-FR","@id":"https:\/\/eurlhosnakamel.dz\/dz\/produit\/tournevis-sans-fil-1-5-ah-inclus-33-accessoires-bosch-go\/#primaryimage","url":"https:\/\/eurlhosnakamel.dz\/dz\/wp-content\/uploads\/2020\/05\/Tournevis-sans-fil-1.5Ah-inclus-33-Accessoires-BOSCH-GO-eurl-hosna-kamel-algerie.jpg","contentUrl":"https:\/\/eurlhosnakamel.dz\/dz\/wp-content\/uploads\/2020\/05\/Tournevis-sans-fil-1.5Ah-inclus-33-Accessoires-BOSCH-GO-eurl-hosna-kamel-algerie.jpg","width":512,"height":512,"caption":"Bosch Alg\u00e9rie"},{"@type":"BreadcrumbList","@id":"https:\/\/eurlhosnakamel.dz\/dz\/produit\/tournevis-sans-fil-1-5-ah-inclus-33-accessoires-bosch-go\/#breadcrumb","itemListElement":[{"@type":"ListItem","position":1,"name":"Accueil","item":"https:\/\/eurlhosnakamel.dz\/dz\/"},{"@type":"ListItem","position":2,"name":"Shop","item":"https:\/\/eurlhosnakamel.dz\/dz\/shop\/"},{"@type":"ListItem","position":3,"name":"Tournevis sans fil 1.5 Ah inclus 33 Accessoires BOSCH GO"}]},{"@type":"WebSite","@id":"https:\/\/eurlhosnakamel.dz\/dz\/#website","url":"https:\/\/eurlhosnakamel.dz\/dz\/","name":"EURL HOSNA KAMEL","description":"Fournisseur Premium d&#039;Outillages Professionnels en Alg\u00e9rie -","publisher":{"@id":"https:\/\/eurlhosnakamel.dz\/dz\/#organization"},"potentialAction":[{"@type":"SearchAction","target":{"@type":"EntryPoint","urlTemplate":"https:\/\/eurlhosnakamel.dz\/dz\/?s={search_term_string}"},"query-input":"required name=search_term_string"}],"inLanguage":"fr-FR"},{"@type":"Organization","@id":"https:\/\/eurlhosnakamel.dz\/dz\/#organization","name":"EURL HOSNA KAMEL - Bosch alg\u00e9rie","url":"https:\/\/eurlhosnakamel.dz\/dz\/","logo":{"@type":"ImageObject","inLanguage":"fr-FR","@id":"https:\/\/eurlhosnakamel.dz\/dz\/#\/schema\/logo\/image\/","url":"https:\/\/eurlhosnakamel.dz\/wp-content\/uploads\/2020\/04\/LOGO-HOSNA1.png","contentUrl":"https:\/\/eurlhosnakamel.dz\/wp-content\/uploads\/2020\/04\/LOGO-HOSNA1.png","width":120,"height":127,"caption":"EURL HOSNA KAMEL - Bosch alg\u00e9rie"},"image":{"@id":"https:\/\/eurlhosnakamel.dz\/dz\/#\/schema\/logo\/image\/"},"sameAs":["https:\/\/www.facebook.com\/Eurl.Hosna.DZ\/"]}]}},"_links":{"self":[{"href":"https:\/\/eurlhosnakamel.dz\/dz\/wp-json\/wp\/v2\/product\/10392","targetHints":{"allow":["GET"]}}],"collection":[{"href":"https:\/\/eurlhosnakamel.dz\/dz\/wp-json\/wp\/v2\/product"}],"about":[{"href":"https:\/\/eurlhosnakamel.dz\/dz\/wp-json\/wp\/v2\/types\/product"}],"wp:featuredmedia":[{"embeddable":true,"href":"https:\/\/eurlhosnakamel.dz\/dz\/wp-json\/wp\/v2\/media\/10393"}],"wp:attachment":[{"href":"https:\/\/eurlhosnakamel.dz\/dz\/wp-json\/wp\/v2\/media?parent=10392"}],"wp:term":[{"taxonomy":"product_cat","embeddable":true,"href":"https:\/\/eurlhosnakamel.dz\/dz\/wp-json\/wp\/v2\/product_cat?post=10392"},{"taxonomy":"product_tag","embeddable":true,"href":"https:\/\/eurlhosnakamel.dz\/dz\/wp-json\/wp\/v2\/product_tag?post=10392"}],"curies":[{"name":"wp","href":"https:\/\/api.w.org\/{rel}","templated":true}]}}