{"id":10402,"date":"2020-05-31T17:23:57","date_gmt":"2020-05-31T17:23:57","guid":{"rendered":"https:\/\/lhchosting.com\/hosna\/?post_type=product&#038;p=10402"},"modified":"2021-12-19T08:44:59","modified_gmt":"2021-12-19T08:44:59","slug":"visseuse-sans-fil-18-v-28-63-nm-2-batteries-2-0-ah-al-1820-cv-gsr-18v-28","status":"publish","type":"product","link":"https:\/\/eurlhosnakamel.dz\/dz\/produit\/visseuse-sans-fil-18-v-28-63-nm-2-batteries-2-0-ah-al-1820-cv-gsr-18v-28\/","title":{"rendered":"Visseuse sans fil 18 V 28\/63 Nm (2 Batteries 2.0 Ah, AL 1820 CV) GSR 18V-28"},"content":{"rendered":"<section id=\"technicaldata\" class=\"o-technical_details trackingModule\" data-track_moduletype=\"O09_technical_details\">\n<div class=\"container trackingTeaser\" data-track_teasertype=\"Product Information\" data-track_teasercontent=\"En savoir plus\">\n<div class=\"row\">\n<div class=\"col-md-5\">\n<h4 class=\"headline hl1\"><strong>Caract\u00e9ristiques techniques<\/strong><\/h4>\n<table class=\"table table--fixed\">\n<thead>\n<tr>\n<th colspan=\"2\">\n<p class=\"headline hl4\"><strong>Les caract\u00e9ristiques les plus importantes<\/strong><\/p>\n<\/th>\n<\/tr>\n<\/thead>\n<tbody>\n<tr>\n<td>Couple (tendre\/dur\/maxi)<\/td>\n<td>28\/63\/- Nm<\/td>\n<\/tr>\n<tr>\n<td>R\u00e9gime \u00e0 vide (1\u00e8re vitesse \/ 2\u00e8me vitesse)<\/td>\n<td>0 \u2013 500 \/ 0 \u2013 1.900 tr\/min<\/td>\n<\/tr>\n<tr>\n<td>Plage de serrage du mandrin, min.\/max.<\/td>\n<td>1,5 \/ 13 mm<\/td>\n<\/tr>\n<tr>\n<td>Tension de la batterie<\/td>\n<td>18 V<\/td>\n<\/tr>\n<tr>\n<td>Poids sans batterie<\/td>\n<td>1,1 kg<\/td>\n<\/tr>\n<tr>\n<td>Pr\u00e9s\u00e9lections de couple<\/td>\n<td>20+1<\/td>\n<\/tr>\n<tr>\n<td>Dimensions de l\u2019outil (hauteur)<\/td>\n<td>230 mm<\/td>\n<\/tr>\n<tr>\n<td>Dimensions de l\u2019emballage (longueur x largeur x hauteur)<\/td>\n<td>250 x 325 x 110 mm<\/td>\n<\/tr>\n<\/tbody>\n<\/table>\n<table class=\"table\">\n<thead>\n<tr>\n<th class=\"headline hl4\" colspan=\"2\">Diam\u00e8tre de per\u00e7age<\/th>\n<\/tr>\n<\/thead>\n<tbody>\n<tr>\n<td>\u00d8 de per\u00e7age dans le bois, maxi.<\/td>\n<td>38 mm<\/td>\n<\/tr>\n<tr>\n<td>\u00d8 de per\u00e7age dans l&#8217;acier, maxi.<\/td>\n<td>13 mm<\/td>\n<\/tr>\n<\/tbody>\n<\/table>\n<table class=\"table\">\n<thead>\n<tr>\n<th class=\"headline hl4\" colspan=\"2\">Diam\u00e8tre de la vis<\/th>\n<\/tr>\n<\/thead>\n<tbody>\n<tr>\n<td>\u00d8 de vissage maxi.<\/td>\n<td>8 mm<\/td>\n<\/tr>\n<\/tbody>\n<\/table>\n<\/div>\n<div class=\"col-md-offset-2 col-md-5 table-second-col\">\n<div class=\"headline hl4\">Information sur les bruits\/vibrations<\/div>\n<p>Valeurs totales des vibrations (somme de vecteurs de trois sens)<\/p>\n<table class=\"table\">\n<thead>\n<tr>\n<th class=\"headline hl4\" colspan=\"2\"><\/th>\n<\/tr>\n<\/thead>\n<tbody>\n<tr>\n<td>Niveau de pression acoustique<\/td>\n<td>70 dB(A)<\/td>\n<\/tr>\n<tr>\n<td>Incertitude K<\/td>\n<td>3 dB<\/td>\n<\/tr>\n<\/tbody>\n<\/table>\n<table class=\"table\">\n<thead>\n<tr>\n<th class=\"headline hl4\" colspan=\"2\">Per\u00e7age dans le m\u00e9tal<\/th>\n<\/tr>\n<\/thead>\n<tbody>\n<tr>\n<td>Valeur d&#8217;\u00e9mission vibratoire ah<\/td>\n<td>2,5 m\/s\u00b2<\/td>\n<\/tr>\n<tr>\n<td>Incertitude K<\/td>\n<td>1,5 m\/s\u00b2<\/td>\n<\/tr>\n<\/tbody>\n<\/table>\n<table class=\"table\">\n<thead>\n<tr>\n<th class=\"headline hl4\" colspan=\"2\">Vissage<\/th>\n<\/tr>\n<\/thead>\n<tbody>\n<tr>\n<td>Valeur d&#8217;\u00e9mission vibratoire ah<\/td>\n<td>2,5 m\/s\u00b2<\/td>\n<\/tr>\n<tr>\n<td>Incertitude K<\/td>\n<td>1,5 m\/s\u00b2<\/td>\n<\/tr>\n<\/tbody>\n<\/table>\n<\/div>\n<\/div>\n<\/div>\n<\/section>\n<section id=\"highlights\" class=\"m-product_hightlights trackingModule\" data-track_moduletype=\"M49_product_highlights\">\n<div class=\"container\">\n<h4 class=\"headline hl1\"><strong>Avantages<\/strong><\/h4>\n<div class=\"row\">\n<div class=\"col-md-6\">\n<div class=\"m-product_hightlights__content-wrapper\">\n<h4 class=\"headline hl4\"><strong>Un mod\u00e8le polyvalent endurant et compact<\/strong><\/h4>\n<ul class=\"m-product_hightlights__list\">\n<li>Endurante : moins d\u2019usure gr\u00e2ce au mandrin enti\u00e8rement m\u00e9tallique de 13 mm<\/li>\n<li>Durable : risque r\u00e9duit de surcharge du moteur et long\u00e9vit\u00e9 \u00e9lev\u00e9e gr\u00e2ce \u00e0 l\u2019\u00e9lectronique de protection du moteur (EMP)<\/li>\n<li>Ergonomique : grand confort d\u2019utilisation gr\u00e2ce \u00e0 la forme compacte<\/li>\n<\/ul>\n<\/div>\n<\/div>\n<div class=\"col-md-6\">\n<h4 class=\"headline hl4\"><strong>Fonctions<\/strong><\/h4>\n<div class=\"image-row bsTooltip__wrapper\">\n<div class=\"image-col bsTooltip\" title=\"\" data-original-title=\"\"><img decoding=\"async\" class=\"img-responsive lazyloaded alignleft\" src=\"https:\/\/www.bosch-professional.com\/binary\/ocsmedia\/optimized\/100x100\/o331135v54_Bosch_BI_Icon_Torque_63-28Nm.png\" sizes=\"(max-width: 767px) 100px, (min-width: 768px) and (max-width: 991px) 100px, (-webkit-min-device-pixel-ratio: 2.0) and (min-width: 1000px) 200px, 100px\" srcset=\"https:\/\/www.bosch-professional.com\/binary\/ocsmedia\/optimized\/100x100\/o331135v54_Bosch_BI_Icon_Torque_63-28Nm.png 100w, https:\/\/www.bosch-professional.com\/binary\/ocsmedia\/optimized\/100x100\/o331135v54_Bosch_BI_Icon_Torque_63-28Nm.png 100w, https:\/\/www.bosch-professional.com\/binary\/ocsmedia\/optimized\/100x100\/o331135v54_Bosch_BI_Icon_Torque_63-28Nm.png 100w, https:\/\/www.bosch-professional.com\/binary\/ocsmedia\/optimized\/200x200\/o331135v54_Bosch_BI_Icon_Torque_63-28Nm.png 200w\" alt=\"Icon\" data-sizes=\"(max-width: 767px) 100px, (min-width: 768px) and (max-width: 991px) 100px, (-webkit-min-device-pixel-ratio: 2.0) and (min-width: 1000px) 200px, 100px\" data-srcset=\"https:\/\/www.bosch-professional.com\/binary\/ocsmedia\/optimized\/100x100\/o331135v54_Bosch_BI_Icon_Torque_63-28Nm.png 100w, https:\/\/www.bosch-professional.com\/binary\/ocsmedia\/optimized\/100x100\/o331135v54_Bosch_BI_Icon_Torque_63-28Nm.png 100w, https:\/\/www.bosch-professional.com\/binary\/ocsmedia\/optimized\/100x100\/o331135v54_Bosch_BI_Icon_Torque_63-28Nm.png 100w, https:\/\/www.bosch-professional.com\/binary\/ocsmedia\/optimized\/200x200\/o331135v54_Bosch_BI_Icon_Torque_63-28Nm.png 200w\" data-src=\"https:\/\/www.bosch-professional.com\/binary\/ocsmedia\/optimized\/100x100\/o331135v54_Bosch_BI_Icon_Torque_63-28Nm.png\" \/><\/div>\n<div class=\"image-col bsTooltip\" title=\"\" data-content=\"Mandrin m\u00e9tallique 1,5 - 13,0 mm \" data-original-title=\"\"><img decoding=\"async\" class=\"img-responsive lazyloaded alignleft\" src=\"https:\/\/www.bosch-professional.com\/binary\/ocsmedia\/optimized\/100x100\/o64085v54_Bosch_BI_Icon_Metal_Chuck_1-513.png\" sizes=\"(max-width: 767px) 100px, (min-width: 768px) and (max-width: 991px) 100px, (-webkit-min-device-pixel-ratio: 2.0) and (min-width: 1000px) 200px, 100px\" srcset=\"https:\/\/www.bosch-professional.com\/binary\/ocsmedia\/optimized\/100x100\/o64085v54_Bosch_BI_Icon_Metal_Chuck_1-513.png 100w, https:\/\/www.bosch-professional.com\/binary\/ocsmedia\/optimized\/100x100\/o64085v54_Bosch_BI_Icon_Metal_Chuck_1-513.png 100w, https:\/\/www.bosch-professional.com\/binary\/ocsmedia\/optimized\/100x100\/o64085v54_Bosch_BI_Icon_Metal_Chuck_1-513.png 100w, https:\/\/www.bosch-professional.com\/binary\/ocsmedia\/optimized\/200x200\/o64085v54_Bosch_BI_Icon_Metal_Chuck_1-513.png 200w\" alt=\"Mandrin m\u00e9tallique 1,5 - 13,0 mm \" data-sizes=\"(max-width: 767px) 100px, (min-width: 768px) and (max-width: 991px) 100px, (-webkit-min-device-pixel-ratio: 2.0) and (min-width: 1000px) 200px, 100px\" data-srcset=\"https:\/\/www.bosch-professional.com\/binary\/ocsmedia\/optimized\/100x100\/o64085v54_Bosch_BI_Icon_Metal_Chuck_1-513.png 100w, https:\/\/www.bosch-professional.com\/binary\/ocsmedia\/optimized\/100x100\/o64085v54_Bosch_BI_Icon_Metal_Chuck_1-513.png 100w, https:\/\/www.bosch-professional.com\/binary\/ocsmedia\/optimized\/100x100\/o64085v54_Bosch_BI_Icon_Metal_Chuck_1-513.png 100w, https:\/\/www.bosch-professional.com\/binary\/ocsmedia\/optimized\/200x200\/o64085v54_Bosch_BI_Icon_Metal_Chuck_1-513.png 200w\" data-src=\"https:\/\/www.bosch-professional.com\/binary\/ocsmedia\/optimized\/100x100\/o64085v54_Bosch_BI_Icon_Metal_Chuck_1-513.png\" \/><\/div>\n<div class=\"image-col bsTooltip\" title=\"\" data-content=\"Long\u00e9vit\u00e9 \u00e9lev\u00e9e du moteur Grande long\u00e9vit\u00e9 du moteur gr\u00e2ce \u00e0 son arr\u00eat automatique en cas de surchauffe, surcharge ou blocage\" data-original-title=\"\"><img decoding=\"async\" class=\"img-responsive lazyloaded alignleft\" src=\"https:\/\/www.bosch-professional.com\/binary\/ocsmedia\/optimized\/100x100\/o76494v54_Bosch_BI_Icon_ElectronicMotorProtection.png\" sizes=\"(max-width: 767px) 100px, (min-width: 768px) and (max-width: 991px) 100px, (-webkit-min-device-pixel-ratio: 2.0) and (min-width: 1000px) 200px, 100px\" srcset=\"https:\/\/www.bosch-professional.com\/binary\/ocsmedia\/optimized\/100x100\/o76494v54_Bosch_BI_Icon_ElectronicMotorProtection.png 100w, https:\/\/www.bosch-professional.com\/binary\/ocsmedia\/optimized\/100x100\/o76494v54_Bosch_BI_Icon_ElectronicMotorProtection.png 100w, https:\/\/www.bosch-professional.com\/binary\/ocsmedia\/optimized\/100x100\/o76494v54_Bosch_BI_Icon_ElectronicMotorProtection.png 100w, https:\/\/www.bosch-professional.com\/binary\/ocsmedia\/optimized\/200x200\/o76494v54_Bosch_BI_Icon_ElectronicMotorProtection.png 200w\" alt=\"Long\u00e9vit\u00e9 \u00e9lev\u00e9e du moteur Grande long\u00e9vit\u00e9 du moteur gr\u00e2ce \u00e0 son arr\u00eat automatique en cas de surchauffe, surcharge ou blocage\" data-sizes=\"(max-width: 767px) 100px, (min-width: 768px) and (max-width: 991px) 100px, (-webkit-min-device-pixel-ratio: 2.0) and (min-width: 1000px) 200px, 100px\" data-srcset=\"https:\/\/www.bosch-professional.com\/binary\/ocsmedia\/optimized\/100x100\/o76494v54_Bosch_BI_Icon_ElectronicMotorProtection.png 100w, https:\/\/www.bosch-professional.com\/binary\/ocsmedia\/optimized\/100x100\/o76494v54_Bosch_BI_Icon_ElectronicMotorProtection.png 100w, https:\/\/www.bosch-professional.com\/binary\/ocsmedia\/optimized\/100x100\/o76494v54_Bosch_BI_Icon_ElectronicMotorProtection.png 100w, https:\/\/www.bosch-professional.com\/binary\/ocsmedia\/optimized\/200x200\/o76494v54_Bosch_BI_Icon_ElectronicMotorProtection.png 200w\" data-src=\"https:\/\/www.bosch-professional.com\/binary\/ocsmedia\/optimized\/100x100\/o76494v54_Bosch_BI_Icon_ElectronicMotorProtection.png\" \/><\/div>\n<div class=\"image-col bsTooltip\" title=\"\" data-content=\"Travail du bois Les outils \u00e9lectroportatifs professionnels Bosch pour travail du bois.\" data-original-title=\"\"><img decoding=\"async\" class=\"img-responsive lazyloaded alignleft\" src=\"https:\/\/www.bosch-professional.com\/binary\/ocsmedia\/optimized\/100x100\/o246750v54_wood_picto_01.png\" sizes=\"(max-width: 767px) 100px, (min-width: 768px) and (max-width: 991px) 100px, (-webkit-min-device-pixel-ratio: 2.0) and (min-width: 1000px) 200px, 100px\" srcset=\"https:\/\/www.bosch-professional.com\/binary\/ocsmedia\/optimized\/100x100\/o246750v54_wood_picto_01.png 100w, https:\/\/www.bosch-professional.com\/binary\/ocsmedia\/optimized\/100x100\/o246750v54_wood_picto_01.png 100w, https:\/\/www.bosch-professional.com\/binary\/ocsmedia\/optimized\/100x100\/o246750v54_wood_picto_01.png 100w, https:\/\/www.bosch-professional.com\/binary\/ocsmedia\/optimized\/200x200\/o246750v54_wood_picto_01.png 200w\" alt=\"Travail du bois Les outils \u00e9lectroportatifs professionnels Bosch pour travail du bois.\" data-sizes=\"(max-width: 767px) 100px, (min-width: 768px) and (max-width: 991px) 100px, (-webkit-min-device-pixel-ratio: 2.0) and (min-width: 1000px) 200px, 100px\" data-srcset=\"https:\/\/www.bosch-professional.com\/binary\/ocsmedia\/optimized\/100x100\/o246750v54_wood_picto_01.png 100w, https:\/\/www.bosch-professional.com\/binary\/ocsmedia\/optimized\/100x100\/o246750v54_wood_picto_01.png 100w, https:\/\/www.bosch-professional.com\/binary\/ocsmedia\/optimized\/100x100\/o246750v54_wood_picto_01.png 100w, https:\/\/www.bosch-professional.com\/binary\/ocsmedia\/optimized\/200x200\/o246750v54_wood_picto_01.png 200w\" data-src=\"https:\/\/www.bosch-professional.com\/binary\/ocsmedia\/optimized\/100x100\/o246750v54_wood_picto_01.png\" \/><\/div>\n<\/div>\n<\/div>\n<\/div>\n<\/div>\n<\/section>\n","protected":false},"excerpt":{"rendered":"<h4 class=\"headline hl4\"><strong>Dans bo\u00eete en carton<\/strong><\/h4>\n<h4><strong>Un mod\u00e8le polyvalent endurant et compact<\/strong><\/h4>\n<p><img decoding=\"async\" class=\"alignnone size-medium wp-image-10408\" src=\"https:\/\/lhchosting.com\/hosna\/wp-content\/uploads\/2020\/05\/5-1-300x78.jpg\" alt=\"\" width=\"300\" height=\"78\" srcset=\"https:\/\/eurlhosnakamel.dz\/dz\/wp-content\/uploads\/2020\/05\/5-1-300x78.jpg 300w, https:\/\/eurlhosnakamel.dz\/dz\/wp-content\/uploads\/2020\/05\/5-1-370x96.jpg 370w, https:\/\/eurlhosnakamel.dz\/dz\/wp-content\/uploads\/2020\/05\/5-1-200x52.jpg 200w, https:\/\/eurlhosnakamel.dz\/dz\/wp-content\/uploads\/2020\/05\/5-1.jpg 450w\" sizes=\"(max-width: 300px) 100vw, 300px\" \/><\/p>\n","protected":false},"featured_media":10403,"template":"","meta":[],"product_cat":[405,443],"product_tag":[2340,2339],"class_list":{"0":"post-10402","1":"product","2":"type-product","3":"status-publish","4":"has-post-thumbnail","6":"product_cat-outillage","7":"product_cat-outillage-sans-fil","8":"product_tag-al-1820-cv-gsr-18v-28","9":"product_tag-visseuse-sans-fil-18-v-28-63-nm-2-batteries-2-0-ah","10":"product_brand-bosch-outillage","12":"first","13":"instock","14":"shipping-taxable","15":"product-type-simple","16":"col-xs-6 col-sm-4","17":"col-md-3 col-lg-3","18":"un-4-cols"},"yoast_head":"<!-- This site is optimized with the Yoast SEO plugin v22.5 - https:\/\/yoast.com\/wordpress\/plugins\/seo\/ -->\n<title>Visseuse sans fil 18 V 28\/63 Nm (2 Batteries 2.0 Ah, AL 1820 CV) GSR 18V-28 - EURL HOSNA KAMEL<\/title>\n<meta name=\"description\" content=\"Visseuse sans fil 18 V 28\/63 Nm (2 Batteries 2.0 Ah, AL 1820 CV) GSR 18V-28 - EURL HOSNA KAMEL\" \/>\n<meta name=\"robots\" content=\"index, follow, max-snippet:-1, max-image-preview:large, max-video-preview:-1\" \/>\n<link rel=\"canonical\" href=\"https:\/\/eurlhosnakamel.dz\/dz\/produit\/visseuse-sans-fil-18-v-28-63-nm-2-batteries-2-0-ah-al-1820-cv-gsr-18v-28\/\" \/>\n<meta property=\"og:locale\" content=\"fr_FR\" \/>\n<meta property=\"og:type\" content=\"article\" \/>\n<meta property=\"og:title\" content=\"Visseuse sans fil 18 V 28\/63 Nm (2 Batteries 2.0 Ah, AL 1820 CV) GSR 18V-28 - EURL HOSNA KAMEL\" \/>\n<meta property=\"og:description\" content=\"Visseuse sans fil 18 V 28\/63 Nm (2 Batteries 2.0 Ah, AL 1820 CV) GSR 18V-28 - EURL HOSNA KAMEL\" \/>\n<meta property=\"og:url\" content=\"https:\/\/eurlhosnakamel.dz\/dz\/produit\/visseuse-sans-fil-18-v-28-63-nm-2-batteries-2-0-ah-al-1820-cv-gsr-18v-28\/\" \/>\n<meta property=\"og:site_name\" content=\"EURL HOSNA KAMEL\" \/>\n<meta property=\"article:publisher\" content=\"https:\/\/www.facebook.com\/Eurl.Hosna.DZ\/\" \/>\n<meta property=\"article:modified_time\" content=\"2021-12-19T08:44:59+00:00\" \/>\n<meta property=\"og:image\" content=\"https:\/\/eurlhosnakamel.dz\/dz\/wp-content\/uploads\/2020\/05\/Visseuse-sans-fil-18V-28-63-Nm-2-Batteries-2.0Ah-AL-1820-CV-GSR-18V-28-eurl-hosna-kamel-algerie.jpg\" \/>\n\t<meta property=\"og:image:width\" content=\"512\" \/>\n\t<meta property=\"og:image:height\" content=\"512\" \/>\n\t<meta property=\"og:image:type\" content=\"image\/jpeg\" \/>\n<meta name=\"twitter:card\" content=\"summary_large_image\" \/>\n<meta name=\"twitter:label1\" content=\"Dur\u00e9e de lecture estim\u00e9e\" \/>\n\t<meta name=\"twitter:data1\" content=\"1 minute\" \/>\n<script type=\"application\/ld+json\" class=\"yoast-schema-graph\">{\"@context\":\"https:\/\/schema.org\",\"@graph\":[{\"@type\":\"WebPage\",\"@id\":\"https:\/\/eurlhosnakamel.dz\/dz\/produit\/visseuse-sans-fil-18-v-28-63-nm-2-batteries-2-0-ah-al-1820-cv-gsr-18v-28\/\",\"url\":\"https:\/\/eurlhosnakamel.dz\/dz\/produit\/visseuse-sans-fil-18-v-28-63-nm-2-batteries-2-0-ah-al-1820-cv-gsr-18v-28\/\",\"name\":\"Visseuse sans fil 18 V 28\/63 Nm (2 Batteries 2.0 Ah, AL 1820 CV) GSR 18V-28 - EURL HOSNA KAMEL\",\"isPartOf\":{\"@id\":\"https:\/\/eurlhosnakamel.dz\/dz\/#website\"},\"primaryImageOfPage\":{\"@id\":\"https:\/\/eurlhosnakamel.dz\/dz\/produit\/visseuse-sans-fil-18-v-28-63-nm-2-batteries-2-0-ah-al-1820-cv-gsr-18v-28\/#primaryimage\"},\"image\":{\"@id\":\"https:\/\/eurlhosnakamel.dz\/dz\/produit\/visseuse-sans-fil-18-v-28-63-nm-2-batteries-2-0-ah-al-1820-cv-gsr-18v-28\/#primaryimage\"},\"thumbnailUrl\":\"https:\/\/eurlhosnakamel.dz\/dz\/wp-content\/uploads\/2020\/05\/Visseuse-sans-fil-18V-28-63-Nm-2-Batteries-2.0Ah-AL-1820-CV-GSR-18V-28-eurl-hosna-kamel-algerie.jpg\",\"datePublished\":\"2020-05-31T17:23:57+00:00\",\"dateModified\":\"2021-12-19T08:44:59+00:00\",\"description\":\"Visseuse sans fil 18 V 28\/63 Nm (2 Batteries 2.0 Ah, AL 1820 CV) GSR 18V-28 - EURL HOSNA KAMEL\",\"breadcrumb\":{\"@id\":\"https:\/\/eurlhosnakamel.dz\/dz\/produit\/visseuse-sans-fil-18-v-28-63-nm-2-batteries-2-0-ah-al-1820-cv-gsr-18v-28\/#breadcrumb\"},\"inLanguage\":\"fr-FR\",\"potentialAction\":[{\"@type\":\"ReadAction\",\"target\":[\"https:\/\/eurlhosnakamel.dz\/dz\/produit\/visseuse-sans-fil-18-v-28-63-nm-2-batteries-2-0-ah-al-1820-cv-gsr-18v-28\/\"]}]},{\"@type\":\"ImageObject\",\"inLanguage\":\"fr-FR\",\"@id\":\"https:\/\/eurlhosnakamel.dz\/dz\/produit\/visseuse-sans-fil-18-v-28-63-nm-2-batteries-2-0-ah-al-1820-cv-gsr-18v-28\/#primaryimage\",\"url\":\"https:\/\/eurlhosnakamel.dz\/dz\/wp-content\/uploads\/2020\/05\/Visseuse-sans-fil-18V-28-63-Nm-2-Batteries-2.0Ah-AL-1820-CV-GSR-18V-28-eurl-hosna-kamel-algerie.jpg\",\"contentUrl\":\"https:\/\/eurlhosnakamel.dz\/dz\/wp-content\/uploads\/2020\/05\/Visseuse-sans-fil-18V-28-63-Nm-2-Batteries-2.0Ah-AL-1820-CV-GSR-18V-28-eurl-hosna-kamel-algerie.jpg\",\"width\":512,\"height\":512},{\"@type\":\"BreadcrumbList\",\"@id\":\"https:\/\/eurlhosnakamel.dz\/dz\/produit\/visseuse-sans-fil-18-v-28-63-nm-2-batteries-2-0-ah-al-1820-cv-gsr-18v-28\/#breadcrumb\",\"itemListElement\":[{\"@type\":\"ListItem\",\"position\":1,\"name\":\"Accueil\",\"item\":\"https:\/\/eurlhosnakamel.dz\/dz\/\"},{\"@type\":\"ListItem\",\"position\":2,\"name\":\"Shop\",\"item\":\"https:\/\/eurlhosnakamel.dz\/dz\/shop\/\"},{\"@type\":\"ListItem\",\"position\":3,\"name\":\"Visseuse sans fil 18 V 28\/63 Nm (2 Batteries 2.0 Ah, AL 1820 CV) GSR 18V-28\"}]},{\"@type\":\"WebSite\",\"@id\":\"https:\/\/eurlhosnakamel.dz\/dz\/#website\",\"url\":\"https:\/\/eurlhosnakamel.dz\/dz\/\",\"name\":\"EURL HOSNA KAMEL\",\"description\":\"Fournisseur Premium d&#039;Outillages Professionnels en Alg\u00e9rie -\",\"publisher\":{\"@id\":\"https:\/\/eurlhosnakamel.dz\/dz\/#organization\"},\"potentialAction\":[{\"@type\":\"SearchAction\",\"target\":{\"@type\":\"EntryPoint\",\"urlTemplate\":\"https:\/\/eurlhosnakamel.dz\/dz\/?s={search_term_string}\"},\"query-input\":\"required name=search_term_string\"}],\"inLanguage\":\"fr-FR\"},{\"@type\":\"Organization\",\"@id\":\"https:\/\/eurlhosnakamel.dz\/dz\/#organization\",\"name\":\"EURL HOSNA KAMEL - Bosch alg\u00e9rie\",\"url\":\"https:\/\/eurlhosnakamel.dz\/dz\/\",\"logo\":{\"@type\":\"ImageObject\",\"inLanguage\":\"fr-FR\",\"@id\":\"https:\/\/eurlhosnakamel.dz\/dz\/#\/schema\/logo\/image\/\",\"url\":\"https:\/\/eurlhosnakamel.dz\/wp-content\/uploads\/2020\/04\/LOGO-HOSNA1.png\",\"contentUrl\":\"https:\/\/eurlhosnakamel.dz\/wp-content\/uploads\/2020\/04\/LOGO-HOSNA1.png\",\"width\":120,\"height\":127,\"caption\":\"EURL HOSNA KAMEL - Bosch alg\u00e9rie\"},\"image\":{\"@id\":\"https:\/\/eurlhosnakamel.dz\/dz\/#\/schema\/logo\/image\/\"},\"sameAs\":[\"https:\/\/www.facebook.com\/Eurl.Hosna.DZ\/\"]}]}<\/script>\n<!-- \/ Yoast SEO plugin. -->","yoast_head_json":{"title":"Visseuse sans fil 18 V 28\/63 Nm (2 Batteries 2.0 Ah, AL 1820 CV) GSR 18V-28 - EURL HOSNA KAMEL","description":"Visseuse sans fil 18 V 28\/63 Nm (2 Batteries 2.0 Ah, AL 1820 CV) GSR 18V-28 - EURL HOSNA KAMEL","robots":{"index":"index","follow":"follow","max-snippet":"max-snippet:-1","max-image-preview":"max-image-preview:large","max-video-preview":"max-video-preview:-1"},"canonical":"https:\/\/eurlhosnakamel.dz\/dz\/produit\/visseuse-sans-fil-18-v-28-63-nm-2-batteries-2-0-ah-al-1820-cv-gsr-18v-28\/","og_locale":"fr_FR","og_type":"article","og_title":"Visseuse sans fil 18 V 28\/63 Nm (2 Batteries 2.0 Ah, AL 1820 CV) GSR 18V-28 - EURL HOSNA KAMEL","og_description":"Visseuse sans fil 18 V 28\/63 Nm (2 Batteries 2.0 Ah, AL 1820 CV) GSR 18V-28 - EURL HOSNA KAMEL","og_url":"https:\/\/eurlhosnakamel.dz\/dz\/produit\/visseuse-sans-fil-18-v-28-63-nm-2-batteries-2-0-ah-al-1820-cv-gsr-18v-28\/","og_site_name":"EURL HOSNA KAMEL","article_publisher":"https:\/\/www.facebook.com\/Eurl.Hosna.DZ\/","article_modified_time":"2021-12-19T08:44:59+00:00","og_image":[{"width":512,"height":512,"url":"https:\/\/eurlhosnakamel.dz\/dz\/wp-content\/uploads\/2020\/05\/Visseuse-sans-fil-18V-28-63-Nm-2-Batteries-2.0Ah-AL-1820-CV-GSR-18V-28-eurl-hosna-kamel-algerie.jpg","type":"image\/jpeg"}],"twitter_card":"summary_large_image","twitter_misc":{"Dur\u00e9e de lecture estim\u00e9e":"1 minute"},"schema":{"@context":"https:\/\/schema.org","@graph":[{"@type":"WebPage","@id":"https:\/\/eurlhosnakamel.dz\/dz\/produit\/visseuse-sans-fil-18-v-28-63-nm-2-batteries-2-0-ah-al-1820-cv-gsr-18v-28\/","url":"https:\/\/eurlhosnakamel.dz\/dz\/produit\/visseuse-sans-fil-18-v-28-63-nm-2-batteries-2-0-ah-al-1820-cv-gsr-18v-28\/","name":"Visseuse sans fil 18 V 28\/63 Nm (2 Batteries 2.0 Ah, AL 1820 CV) GSR 18V-28 - EURL HOSNA KAMEL","isPartOf":{"@id":"https:\/\/eurlhosnakamel.dz\/dz\/#website"},"primaryImageOfPage":{"@id":"https:\/\/eurlhosnakamel.dz\/dz\/produit\/visseuse-sans-fil-18-v-28-63-nm-2-batteries-2-0-ah-al-1820-cv-gsr-18v-28\/#primaryimage"},"image":{"@id":"https:\/\/eurlhosnakamel.dz\/dz\/produit\/visseuse-sans-fil-18-v-28-63-nm-2-batteries-2-0-ah-al-1820-cv-gsr-18v-28\/#primaryimage"},"thumbnailUrl":"https:\/\/eurlhosnakamel.dz\/dz\/wp-content\/uploads\/2020\/05\/Visseuse-sans-fil-18V-28-63-Nm-2-Batteries-2.0Ah-AL-1820-CV-GSR-18V-28-eurl-hosna-kamel-algerie.jpg","datePublished":"2020-05-31T17:23:57+00:00","dateModified":"2021-12-19T08:44:59+00:00","description":"Visseuse sans fil 18 V 28\/63 Nm (2 Batteries 2.0 Ah, AL 1820 CV) GSR 18V-28 - EURL HOSNA KAMEL","breadcrumb":{"@id":"https:\/\/eurlhosnakamel.dz\/dz\/produit\/visseuse-sans-fil-18-v-28-63-nm-2-batteries-2-0-ah-al-1820-cv-gsr-18v-28\/#breadcrumb"},"inLanguage":"fr-FR","potentialAction":[{"@type":"ReadAction","target":["https:\/\/eurlhosnakamel.dz\/dz\/produit\/visseuse-sans-fil-18-v-28-63-nm-2-batteries-2-0-ah-al-1820-cv-gsr-18v-28\/"]}]},{"@type":"ImageObject","inLanguage":"fr-FR","@id":"https:\/\/eurlhosnakamel.dz\/dz\/produit\/visseuse-sans-fil-18-v-28-63-nm-2-batteries-2-0-ah-al-1820-cv-gsr-18v-28\/#primaryimage","url":"https:\/\/eurlhosnakamel.dz\/dz\/wp-content\/uploads\/2020\/05\/Visseuse-sans-fil-18V-28-63-Nm-2-Batteries-2.0Ah-AL-1820-CV-GSR-18V-28-eurl-hosna-kamel-algerie.jpg","contentUrl":"https:\/\/eurlhosnakamel.dz\/dz\/wp-content\/uploads\/2020\/05\/Visseuse-sans-fil-18V-28-63-Nm-2-Batteries-2.0Ah-AL-1820-CV-GSR-18V-28-eurl-hosna-kamel-algerie.jpg","width":512,"height":512},{"@type":"BreadcrumbList","@id":"https:\/\/eurlhosnakamel.dz\/dz\/produit\/visseuse-sans-fil-18-v-28-63-nm-2-batteries-2-0-ah-al-1820-cv-gsr-18v-28\/#breadcrumb","itemListElement":[{"@type":"ListItem","position":1,"name":"Accueil","item":"https:\/\/eurlhosnakamel.dz\/dz\/"},{"@type":"ListItem","position":2,"name":"Shop","item":"https:\/\/eurlhosnakamel.dz\/dz\/shop\/"},{"@type":"ListItem","position":3,"name":"Visseuse sans fil 18 V 28\/63 Nm (2 Batteries 2.0 Ah, AL 1820 CV) GSR 18V-28"}]},{"@type":"WebSite","@id":"https:\/\/eurlhosnakamel.dz\/dz\/#website","url":"https:\/\/eurlhosnakamel.dz\/dz\/","name":"EURL HOSNA KAMEL","description":"Fournisseur Premium d&#039;Outillages Professionnels en Alg\u00e9rie -","publisher":{"@id":"https:\/\/eurlhosnakamel.dz\/dz\/#organization"},"potentialAction":[{"@type":"SearchAction","target":{"@type":"EntryPoint","urlTemplate":"https:\/\/eurlhosnakamel.dz\/dz\/?s={search_term_string}"},"query-input":"required name=search_term_string"}],"inLanguage":"fr-FR"},{"@type":"Organization","@id":"https:\/\/eurlhosnakamel.dz\/dz\/#organization","name":"EURL HOSNA KAMEL - Bosch alg\u00e9rie","url":"https:\/\/eurlhosnakamel.dz\/dz\/","logo":{"@type":"ImageObject","inLanguage":"fr-FR","@id":"https:\/\/eurlhosnakamel.dz\/dz\/#\/schema\/logo\/image\/","url":"https:\/\/eurlhosnakamel.dz\/wp-content\/uploads\/2020\/04\/LOGO-HOSNA1.png","contentUrl":"https:\/\/eurlhosnakamel.dz\/wp-content\/uploads\/2020\/04\/LOGO-HOSNA1.png","width":120,"height":127,"caption":"EURL HOSNA KAMEL - Bosch alg\u00e9rie"},"image":{"@id":"https:\/\/eurlhosnakamel.dz\/dz\/#\/schema\/logo\/image\/"},"sameAs":["https:\/\/www.facebook.com\/Eurl.Hosna.DZ\/"]}]}},"_links":{"self":[{"href":"https:\/\/eurlhosnakamel.dz\/dz\/wp-json\/wp\/v2\/product\/10402","targetHints":{"allow":["GET"]}}],"collection":[{"href":"https:\/\/eurlhosnakamel.dz\/dz\/wp-json\/wp\/v2\/product"}],"about":[{"href":"https:\/\/eurlhosnakamel.dz\/dz\/wp-json\/wp\/v2\/types\/product"}],"wp:featuredmedia":[{"embeddable":true,"href":"https:\/\/eurlhosnakamel.dz\/dz\/wp-json\/wp\/v2\/media\/10403"}],"wp:attachment":[{"href":"https:\/\/eurlhosnakamel.dz\/dz\/wp-json\/wp\/v2\/media?parent=10402"}],"wp:term":[{"taxonomy":"product_cat","embeddable":true,"href":"https:\/\/eurlhosnakamel.dz\/dz\/wp-json\/wp\/v2\/product_cat?post=10402"},{"taxonomy":"product_tag","embeddable":true,"href":"https:\/\/eurlhosnakamel.dz\/dz\/wp-json\/wp\/v2\/product_tag?post=10402"}],"curies":[{"name":"wp","href":"https:\/\/api.w.org\/{rel}","templated":true}]}}