{"id":10409,"date":"2020-05-31T17:40:26","date_gmt":"2020-05-31T17:40:26","guid":{"rendered":"https:\/\/lhchosting.com\/hosna\/?post_type=product&#038;p=10409"},"modified":"2021-12-19T08:44:32","modified_gmt":"2021-12-19T08:44:32","slug":"marteau-piqueur-sds-max-7-kgs-1500-watts-130-j-vibration-control-gsh-7-vc","status":"publish","type":"product","link":"https:\/\/eurlhosnakamel.dz\/dz\/produit\/marteau-piqueur-sds-max-7-kgs-1500-watts-130-j-vibration-control-gsh-7-vc\/","title":{"rendered":"Marteau piqueur SDS max 7 Kgs 1500 Watts 13,0 J Vibration Control GSH 7 VC"},"content":{"rendered":"<section id=\"technicaldata\" class=\"o-technical_details-a trackingModule\">\n<div class=\"container\">\n<div class=\"row\">\n<div class=\"col-xs-12\">\n<h4 class=\"headline hl1\"><strong>Caract\u00e9ristiques techniques<\/strong><\/h4>\n<\/div>\n<\/div>\n<div class=\"row\">\n<div class=\"col-lg-8 col-xs-12\">\n<table class=\"table\">\n<colgroup>\n<col class=\"col-xs-5\" \/>\n<col class=\"col-xs-3\" \/><\/colgroup>\n<thead>\n<tr>\n<th class=\"headline hl4\" colspan=\"2\">Donn\u00e9es suppl\u00e9mentaires<\/th>\n<\/tr>\n<\/thead>\n<tbody>\n<tr>\n<td>Puissance absorb\u00e9e nominale*<\/td>\n<td>1\u00a0500\u00a0W<\/td>\n<\/tr>\n<tr>\n<td>Force de frappe*<\/td>\n<td>13\u00a0J<\/td>\n<\/tr>\n<tr>\n<td>Fr\u00e9quence de frappe \u00e0 vitesse de rotation nominale<\/td>\n<td>2,720\u00a0cps\/min<\/td>\n<\/tr>\n<tr>\n<td><b>Poids*<\/b><\/td>\n<td><b>8,5<\/b>\u00a0<b>kg<\/b><\/td>\n<\/tr>\n<tr>\n<td>Dimensions de l\u2019outil (largeur)<\/td>\n<td>115\u00a0mm<\/td>\n<\/tr>\n<tr>\n<td>Dimensions de l\u2019outil (longueur)<\/td>\n<td>540\u00a0mm<\/td>\n<\/tr>\n<tr>\n<td>Dimensions de l\u2019outil (hauteur)<\/td>\n<td>280\u00a0mm<\/td>\n<\/tr>\n<tr>\n<td>Porte-outils<\/td>\n<td>SDS max<\/td>\n<\/tr>\n<\/tbody>\n<\/table>\n<table class=\"table\">\n<colgroup>\n<col class=\"col-xs-5\" \/>\n<col class=\"col-xs-3\" \/><\/colgroup>\n<thead>\n<tr>\n<th class=\"headline hl4\" colspan=\"2\">Valeurs totales des vibrations (Burinage)<\/th>\n<\/tr>\n<\/thead>\n<tbody>\n<tr>\n<td>Valeur d\u2019\u00e9mission vibratoire ah<\/td>\n<td>9,5\u00a0m\/s\u00b2<\/td>\n<\/tr>\n<tr>\n<td>Incertitude K<\/td>\n<td>1,7\u00a0m\/s\u00b2<\/td>\n<\/tr>\n<\/tbody>\n<\/table>\n<p>* Donn\u00e9es mises en surbrillance<\/p>\n<p>Le niveau sonore pond\u00e9r\u00e9 A de l&#8217;outil \u00e9lectroportatif est typiquement de : niveau de pression acoustique 91 dB(A) ; niveau de puissance acoustique 102 dB(A). Incertitude K = 2 dB.<\/p>\n<\/div>\n<div class=\"col-lg-4 col-xs-12\">\n<div class=\"o-technical_details-a__imagewrapper\"><img decoding=\"async\" class=\"img-responsive ls-is-cached lazyloaded alignleft\" src=\"https:\/\/www.bosch-professional.com\/binary\/ocsmedia\/optimized\/767x767\/o134349v16_GSH_7_VC.jpg\" alt=\"\" \/><\/div>\n<\/div>\n<\/div>\n<\/div>\n<\/section>\n<section id=\"highlights\" class=\"m-product_hightlights trackingModule\">\n<div class=\"container\">\n<h4 class=\"headline hl1\"><strong>Avantages<\/strong><\/h4>\n<div class=\"row\">\n<div class=\"col-md-6\">\n<div class=\"m-product_hightlights__content-wrapper\">\n<h4 class=\"headline hl4\"><strong>Id\u00e9al pour un burinage prolong\u00e9 \u00e0 l\u2019horizontale<\/strong><\/h4>\n<ul class=\"m-product_hightlights__list\">\n<li>Rapport poids-performances parfait : faible poids et puissance de frappe suffisante pour tous les mat\u00e9riaux, m\u00eame les plus durs<\/li>\n<li>Faibles vibrations gr\u00e2ce au m\u00e9canisme de frappe \u00e0 vibrations r\u00e9duites et aux poign\u00e9es principale et suppl\u00e9mentaire d\u00e9coupl\u00e9es<\/li>\n<li>Grande dur\u00e9e de vie gr\u00e2ce \u00e0 la robustesse des composants m\u00e9talliques<\/li>\n<\/ul>\n<\/div>\n<\/div>\n<div class=\"col-md-6\">\n<h4 class=\"headline hl4\"><strong>Fonctions<\/strong><\/h4>\n<div class=\"image-row bsTooltip__wrapper\">\n<div class=\"image-col bsTooltip\" title=\"\" data-content=\"Grand confort de travail gr\u00e2ce aux poign\u00e9es dot\u00e9es d\u2019un support en caoutchouc\/rev\u00eatement en mousse suppl\u00e9mentaire pour r\u00e9duire les vibrations\" data-original-title=\"\"><img decoding=\"async\" class=\"img-responsive ls-is-cached lazyloaded alignleft\" src=\"https:\/\/www.bosch-professional.com\/binary\/ocsmedia\/optimized\/100x100\/o5795v54_Bosch_BI_Icon_VibrationControl.png\" alt=\"Grand confort de travail gr\u00e2ce aux poign\u00e9es dot\u00e9es d\u2019un support en caoutchouc\/rev\u00eatement en mousse suppl\u00e9mentaire pour r\u00e9duire les vibrations\" data-sizes=\"(max-width: 767px) 100px, (min-width: 768px) and (max-width: 991px) 100px, (-webkit-min-device-pixel-ratio: 2.0) and (min-width: 1000px) 200px, 100px\" data-srcset=\"https:\/\/www.bosch-professional.com\/binary\/ocsmedia\/optimized\/100x100\/o5795v54_Bosch_BI_Icon_VibrationControl.png 100w, https:\/\/www.bosch-professional.com\/binary\/ocsmedia\/optimized\/100x100\/o5795v54_Bosch_BI_Icon_VibrationControl.png 100w, https:\/\/www.bosch-professional.com\/binary\/ocsmedia\/optimized\/100x100\/o5795v54_Bosch_BI_Icon_VibrationControl.png 100w, https:\/\/www.bosch-professional.com\/binary\/ocsmedia\/optimized\/200x200\/o5795v54_Bosch_BI_Icon_VibrationControl.png 200w\" data-src=\"https:\/\/www.bosch-professional.com\/binary\/ocsmedia\/optimized\/100x100\/o5795v54_Bosch_BI_Icon_VibrationControl.png\" \/><\/div>\n<div class=\"image-col bsTooltip\" title=\"\" data-content=\"R\u00e9sultats parfaits gr\u00e2ce au variateur de vitesse permettant de travailler \u00e0 vitesse constante - quelle que soit la charge\" data-original-title=\"\"><img decoding=\"async\" class=\"img-responsive lazyloaded alignleft\" src=\"https:\/\/www.bosch-professional.com\/binary\/ocsmedia\/optimized\/100x100\/o7304v54_Bosch_BI_Icon_Constant_Speed.png\" alt=\"R\u00e9sultats parfaits gr\u00e2ce au variateur de vitesse permettant de travailler \u00e0 vitesse constante - quelle que soit la charge\" data-sizes=\"(max-width: 767px) 100px, (min-width: 768px) and (max-width: 991px) 100px, (-webkit-min-device-pixel-ratio: 2.0) and (min-width: 1000px) 200px, 100px\" data-srcset=\"https:\/\/www.bosch-professional.com\/binary\/ocsmedia\/optimized\/100x100\/o7304v54_Bosch_BI_Icon_Constant_Speed.png 100w, https:\/\/www.bosch-professional.com\/binary\/ocsmedia\/optimized\/100x100\/o7304v54_Bosch_BI_Icon_Constant_Speed.png 100w, https:\/\/www.bosch-professional.com\/binary\/ocsmedia\/optimized\/100x100\/o7304v54_Bosch_BI_Icon_Constant_Speed.png 100w, https:\/\/www.bosch-professional.com\/binary\/ocsmedia\/optimized\/200x200\/o7304v54_Bosch_BI_Icon_Constant_Speed.png 200w\" data-src=\"https:\/\/www.bosch-professional.com\/binary\/ocsmedia\/optimized\/100x100\/o7304v54_Bosch_BI_Icon_Constant_Speed.png\" \/><\/div>\n<div class=\"image-col bsTooltip\" title=\"\" data-content=\"Transmission optimale de la puissance pour les gros perforateurs\" data-original-title=\"\"><img decoding=\"async\" class=\"img-responsive lazyloaded alignleft\" src=\"https:\/\/www.bosch-professional.com\/binary\/ocsmedia\/optimized\/100x100\/o15795v54_Bosch_BI_Icon_SDSmax.png\" alt=\"Transmission optimale de la puissance pour les gros perforateurs\" data-sizes=\"(max-width: 767px) 100px, (min-width: 768px) and (max-width: 991px) 100px, (-webkit-min-device-pixel-ratio: 2.0) and (min-width: 1000px) 200px, 100px\" data-srcset=\"https:\/\/www.bosch-professional.com\/binary\/ocsmedia\/optimized\/100x100\/o15795v54_Bosch_BI_Icon_SDSmax.png 100w, https:\/\/www.bosch-professional.com\/binary\/ocsmedia\/optimized\/100x100\/o15795v54_Bosch_BI_Icon_SDSmax.png 100w, https:\/\/www.bosch-professional.com\/binary\/ocsmedia\/optimized\/100x100\/o15795v54_Bosch_BI_Icon_SDSmax.png 100w, https:\/\/www.bosch-professional.com\/binary\/ocsmedia\/optimized\/200x200\/o15795v54_Bosch_BI_Icon_SDSmax.png 200w\" data-src=\"https:\/\/www.bosch-professional.com\/binary\/ocsmedia\/optimized\/100x100\/o15795v54_Bosch_BI_Icon_SDSmax.png\" \/><\/div>\n<div class=\"image-col bsTooltip\" title=\"\" data-content=\"Emp\u00eache tout red\u00e9marrage automatique de l\u2019outil apr\u00e8s une coupure de courant. L\u2019outil doit \u00eatre remis en marche par l\u2019utilisateur pour \u00eatre \u00e0 nouveau pr\u00eat \u00e0 l\u2019emploi\" data-original-title=\"\"><img decoding=\"async\" class=\"img-responsive ls-is-cached lazyloaded alignleft\" src=\"https:\/\/www.bosch-professional.com\/binary\/ocsmedia\/optimized\/100x100\/o236057v54_Bosch_BI_Icon_Restart_Protection.png\" alt=\"Emp\u00eache tout red\u00e9marrage automatique de l\u2019outil apr\u00e8s une coupure de courant. L\u2019outil doit \u00eatre remis en marche par l\u2019utilisateur pour \u00eatre \u00e0 nouveau pr\u00eat \u00e0 l\u2019emploi\" data-sizes=\"(max-width: 767px) 100px, (min-width: 768px) and (max-width: 991px) 100px, (-webkit-min-device-pixel-ratio: 2.0) and (min-width: 1000px) 200px, 100px\" data-srcset=\"https:\/\/www.bosch-professional.com\/binary\/ocsmedia\/optimized\/100x100\/o236057v54_Bosch_BI_Icon_Restart_Protection.png 100w, https:\/\/www.bosch-professional.com\/binary\/ocsmedia\/optimized\/100x100\/o236057v54_Bosch_BI_Icon_Restart_Protection.png 100w, https:\/\/www.bosch-professional.com\/binary\/ocsmedia\/optimized\/100x100\/o236057v54_Bosch_BI_Icon_Restart_Protection.png 100w, https:\/\/www.bosch-professional.com\/binary\/ocsmedia\/optimized\/200x200\/o236057v54_Bosch_BI_Icon_Restart_Protection.png 200w\" data-src=\"https:\/\/www.bosch-professional.com\/binary\/ocsmedia\/optimized\/100x100\/o236057v54_Bosch_BI_Icon_Restart_Protection.png\" \/><\/div>\n<div class=\"image-col bsTooltip\" title=\"\" data-content=\"R\u00e9sultats parfaits avec pr\u00e9s\u00e9lection de vitesse R\u00e9sultats parfaits gr\u00e2ce \u00e0 la pr\u00e9s\u00e9lection de vitesse pour les applications n\u00e9cessitant une vitesse adapt\u00e9e au mat\u00e9riau\" data-original-title=\"\"><img decoding=\"async\" class=\"img-responsive lazyloaded alignleft\" src=\"https:\/\/www.bosch-professional.com\/binary\/ocsmedia\/optimized\/100x100\/o5781v54_Bosch_BI_Icon_Speed_Selection.png\" alt=\"R\u00e9sultats parfaits avec pr\u00e9s\u00e9lection de vitesse R\u00e9sultats parfaits gr\u00e2ce \u00e0 la pr\u00e9s\u00e9lection de vitesse pour les applications n\u00e9cessitant une vitesse adapt\u00e9e au mat\u00e9riau\" data-sizes=\"(max-width: 767px) 100px, (min-width: 768px) and (max-width: 991px) 100px, (-webkit-min-device-pixel-ratio: 2.0) and (min-width: 1000px) 200px, 100px\" data-srcset=\"https:\/\/www.bosch-professional.com\/binary\/ocsmedia\/optimized\/100x100\/o5781v54_Bosch_BI_Icon_Speed_Selection.png 100w, https:\/\/www.bosch-professional.com\/binary\/ocsmedia\/optimized\/100x100\/o5781v54_Bosch_BI_Icon_Speed_Selection.png 100w, https:\/\/www.bosch-professional.com\/binary\/ocsmedia\/optimized\/100x100\/o5781v54_Bosch_BI_Icon_Speed_Selection.png 100w, https:\/\/www.bosch-professional.com\/binary\/ocsmedia\/optimized\/200x200\/o5781v54_Bosch_BI_Icon_Speed_Selection.png 200w\" data-src=\"https:\/\/www.bosch-professional.com\/binary\/ocsmedia\/optimized\/100x100\/o5781v54_Bosch_BI_Icon_Speed_Selection.png\" \/><\/div>\n<div class=\"image-col bsTooltip\" title=\"\" data-content=\"B\u00e2timent Les outils \u00e9lectroportatifs professionnels Bosch pour chantiers de construction.\" data-original-title=\"\"><img decoding=\"async\" class=\"img-responsive lazyloaded alignleft\" src=\"https:\/\/www.bosch-professional.com\/binary\/ocsmedia\/optimized\/100x100\/o246751v54_construction_picto_01.png\" alt=\"B\u00e2timent Les outils \u00e9lectroportatifs professionnels Bosch pour chantiers de construction.\" data-sizes=\"(max-width: 767px) 100px, (min-width: 768px) and (max-width: 991px) 100px, (-webkit-min-device-pixel-ratio: 2.0) and (min-width: 1000px) 200px, 100px\" data-srcset=\"https:\/\/www.bosch-professional.com\/binary\/ocsmedia\/optimized\/100x100\/o246751v54_construction_picto_01.png 100w, https:\/\/www.bosch-professional.com\/binary\/ocsmedia\/optimized\/100x100\/o246751v54_construction_picto_01.png 100w, https:\/\/www.bosch-professional.com\/binary\/ocsmedia\/optimized\/100x100\/o246751v54_construction_picto_01.png 100w, https:\/\/www.bosch-professional.com\/binary\/ocsmedia\/optimized\/200x200\/o246751v54_construction_picto_01.png 200w\" data-src=\"https:\/\/www.bosch-professional.com\/binary\/ocsmedia\/optimized\/100x100\/o246751v54_construction_picto_01.png\" \/><\/div>\n<\/div>\n<\/div>\n<\/div>\n<\/div>\n<\/section>\n<section id=\"pricescope\" class=\"o-product_variations-a trackingModule\">\n<div class=\"o-product_variations-a__container container\">\n<div class=\"o-product_variations-a__row row\">\n<div class=\"m-detail_stage\">\n<div class=\"m-detail_stage__headline col-xs-12\">\n<h4 class=\"headline hl1\"><strong>Ce qui est inclus dans ce paquet<\/strong><\/h4>\n<\/div>\n<div class=\"m-detail_stage__image col-sm-5\"><img decoding=\"async\" class=\"img-responsive alignleft\" src=\"https:\/\/www.bosch-professional.com\/binary\/ocsmedia\/optimized\/530x530\/o119220v54_P_K_GSH-7VC_Dynamik.png\" alt=\"in carrying bag with auxiliary handle\" \/><\/div>\n<\/div>\n<div class=\"m-conversion_area\">\n<div class=\"m-conversion_area__col\">\n<div class=\"m-conversion_area__information\">\n<div class=\"m-conversion_area__headline m-conversion_area__headline--hl3\">\n<div class=\"headline hl3\">in carrying bag with auxiliary handle<\/div>\n<\/div>\n<div class=\"m-conversion_area__headline m-conversion_area__headline--hl5\">\n<div class=\"headline hl5\">R\u00e9f\u00e9rence:\u00a0<span class=\"a-ordernumber\">0\u00a0611\u00a0322\u00a0000<\/span><\/div>\n<\/div>\n<ul class=\"m-conversion_area__ul\">\n<li class=\"m-conversion_area__li\">Poign\u00e9e suppl\u00e9mentaire<\/li>\n<li class=\"m-conversion_area__li\">Tube de graisse (r\u00e9f. pi\u00e8ce de rechange 1 615 430 010)<\/li>\n<li class=\"m-conversion_area__li\">Chiffon<\/li>\n<li class=\"m-conversion_area__li\">1 burin pointu, SDS max, RTec Speed, 400 mm<span class=\"a-ordernumber grey-text grey-text\">2\u00a0608\u00a0690\u00a0167<\/span><\/li>\n<li class=\"m-conversion_area__li\">Coffret de transport (r\u00e9f. pi\u00e8ce de rechange 1 615 438 51A)<\/li>\n<\/ul>\n<\/div>\n<\/div>\n<\/div>\n<\/div>\n<\/div>\n<\/section>\n<p><span data-mce-type=\"bookmark\" style=\"width: 0px;overflow: hidden;line-height: 0\" class=\"mce_SELRES_start\">\ufeff<\/span><\/p>\n","protected":false},"excerpt":{"rendered":"<h4 class=\"headline hl4\">Id\u00e9al pour un burinage prolong\u00e9 \u00e0 l\u2019horizontale<\/h4>\n<p><img decoding=\"async\" class=\"alignnone size-medium wp-image-10412\" src=\"https:\/\/lhchosting.com\/hosna\/wp-content\/uploads\/2020\/05\/2-2-300x126.jpg\" alt=\"\" width=\"300\" height=\"126\" srcset=\"https:\/\/eurlhosnakamel.dz\/dz\/wp-content\/uploads\/2020\/05\/2-2-300x126.jpg 300w, https:\/\/eurlhosnakamel.dz\/dz\/wp-content\/uploads\/2020\/05\/2-2-500x210.jpg 500w, https:\/\/eurlhosnakamel.dz\/dz\/wp-content\/uploads\/2020\/05\/2-2-370x155.jpg 370w, https:\/\/eurlhosnakamel.dz\/dz\/wp-content\/uploads\/2020\/05\/2-2-200x84.jpg 200w, https:\/\/eurlhosnakamel.dz\/dz\/wp-content\/uploads\/2020\/05\/2-2.jpg 558w\" sizes=\"(max-width: 300px) 100vw, 300px\" \/><\/p>\n","protected":false},"featured_media":10410,"template":"","meta":[],"product_cat":[405,441],"product_tag":[2342,2341],"class_list":{"0":"post-10409","1":"product","2":"type-product","3":"status-publish","4":"has-post-thumbnail","6":"product_cat-outillage","7":"product_cat-outillage-filaire","8":"product_tag-0-j-vibration-control-gsh-7-vc","9":"product_tag-marteau-piqueur-sds-max-7-kgs-1500-watts-13","10":"product_brand-bosch-outillage","12":"first","13":"instock","14":"shipping-taxable","15":"product-type-simple","16":"col-xs-6 col-sm-4","17":"col-md-3 col-lg-3","18":"un-4-cols"},"yoast_head":"<!-- This site is optimized with the Yoast SEO plugin v22.5 - https:\/\/yoast.com\/wordpress\/plugins\/seo\/ -->\n<title>Marteau piqueur SDS max 7 Kgs 1500 Watts 13,0 J Vibration Control GSH 7 VC - EURL HOSNA KAMEL<\/title>\n<meta name=\"description\" content=\"Marteau piqueur SDS max 7 Kgs 1500 Watts 13,0 J Vibration Control GSH 7 VC - EURL HOSNA KAMEL\" \/>\n<meta name=\"robots\" content=\"index, follow, max-snippet:-1, max-image-preview:large, max-video-preview:-1\" \/>\n<link rel=\"canonical\" href=\"https:\/\/eurlhosnakamel.dz\/dz\/produit\/marteau-piqueur-sds-max-7-kgs-1500-watts-130-j-vibration-control-gsh-7-vc\/\" \/>\n<meta property=\"og:locale\" content=\"fr_FR\" \/>\n<meta property=\"og:type\" content=\"article\" \/>\n<meta property=\"og:title\" content=\"Marteau piqueur SDS max 7 Kgs 1500 Watts 13,0 J Vibration Control GSH 7 VC - EURL HOSNA KAMEL\" \/>\n<meta property=\"og:description\" content=\"Marteau piqueur SDS max 7 Kgs 1500 Watts 13,0 J Vibration Control GSH 7 VC - EURL HOSNA KAMEL\" \/>\n<meta property=\"og:url\" content=\"https:\/\/eurlhosnakamel.dz\/dz\/produit\/marteau-piqueur-sds-max-7-kgs-1500-watts-130-j-vibration-control-gsh-7-vc\/\" \/>\n<meta property=\"og:site_name\" content=\"EURL HOSNA KAMEL\" \/>\n<meta property=\"article:publisher\" content=\"https:\/\/www.facebook.com\/Eurl.Hosna.DZ\/\" \/>\n<meta property=\"article:modified_time\" content=\"2021-12-19T08:44:32+00:00\" \/>\n<meta property=\"og:image\" content=\"https:\/\/eurlhosnakamel.dz\/dz\/wp-content\/uploads\/2020\/05\/MARTEA1.jpg\" \/>\n\t<meta property=\"og:image:width\" content=\"512\" \/>\n\t<meta property=\"og:image:height\" content=\"512\" \/>\n\t<meta property=\"og:image:type\" content=\"image\/jpeg\" \/>\n<meta name=\"twitter:card\" content=\"summary_large_image\" \/>\n<meta name=\"twitter:label1\" content=\"Dur\u00e9e de lecture estim\u00e9e\" \/>\n\t<meta name=\"twitter:data1\" content=\"1 minute\" \/>\n<script type=\"application\/ld+json\" class=\"yoast-schema-graph\">{\"@context\":\"https:\/\/schema.org\",\"@graph\":[{\"@type\":\"WebPage\",\"@id\":\"https:\/\/eurlhosnakamel.dz\/dz\/produit\/marteau-piqueur-sds-max-7-kgs-1500-watts-130-j-vibration-control-gsh-7-vc\/\",\"url\":\"https:\/\/eurlhosnakamel.dz\/dz\/produit\/marteau-piqueur-sds-max-7-kgs-1500-watts-130-j-vibration-control-gsh-7-vc\/\",\"name\":\"Marteau piqueur SDS max 7 Kgs 1500 Watts 13,0 J Vibration Control GSH 7 VC - EURL HOSNA KAMEL\",\"isPartOf\":{\"@id\":\"https:\/\/eurlhosnakamel.dz\/dz\/#website\"},\"primaryImageOfPage\":{\"@id\":\"https:\/\/eurlhosnakamel.dz\/dz\/produit\/marteau-piqueur-sds-max-7-kgs-1500-watts-130-j-vibration-control-gsh-7-vc\/#primaryimage\"},\"image\":{\"@id\":\"https:\/\/eurlhosnakamel.dz\/dz\/produit\/marteau-piqueur-sds-max-7-kgs-1500-watts-130-j-vibration-control-gsh-7-vc\/#primaryimage\"},\"thumbnailUrl\":\"https:\/\/eurlhosnakamel.dz\/dz\/wp-content\/uploads\/2020\/05\/MARTEA1.jpg\",\"datePublished\":\"2020-05-31T17:40:26+00:00\",\"dateModified\":\"2021-12-19T08:44:32+00:00\",\"description\":\"Marteau piqueur SDS max 7 Kgs 1500 Watts 13,0 J Vibration Control GSH 7 VC - EURL HOSNA KAMEL\",\"breadcrumb\":{\"@id\":\"https:\/\/eurlhosnakamel.dz\/dz\/produit\/marteau-piqueur-sds-max-7-kgs-1500-watts-130-j-vibration-control-gsh-7-vc\/#breadcrumb\"},\"inLanguage\":\"fr-FR\",\"potentialAction\":[{\"@type\":\"ReadAction\",\"target\":[\"https:\/\/eurlhosnakamel.dz\/dz\/produit\/marteau-piqueur-sds-max-7-kgs-1500-watts-130-j-vibration-control-gsh-7-vc\/\"]}]},{\"@type\":\"ImageObject\",\"inLanguage\":\"fr-FR\",\"@id\":\"https:\/\/eurlhosnakamel.dz\/dz\/produit\/marteau-piqueur-sds-max-7-kgs-1500-watts-130-j-vibration-control-gsh-7-vc\/#primaryimage\",\"url\":\"https:\/\/eurlhosnakamel.dz\/dz\/wp-content\/uploads\/2020\/05\/MARTEA1.jpg\",\"contentUrl\":\"https:\/\/eurlhosnakamel.dz\/dz\/wp-content\/uploads\/2020\/05\/MARTEA1.jpg\",\"width\":512,\"height\":512},{\"@type\":\"BreadcrumbList\",\"@id\":\"https:\/\/eurlhosnakamel.dz\/dz\/produit\/marteau-piqueur-sds-max-7-kgs-1500-watts-130-j-vibration-control-gsh-7-vc\/#breadcrumb\",\"itemListElement\":[{\"@type\":\"ListItem\",\"position\":1,\"name\":\"Accueil\",\"item\":\"https:\/\/eurlhosnakamel.dz\/dz\/\"},{\"@type\":\"ListItem\",\"position\":2,\"name\":\"Shop\",\"item\":\"https:\/\/eurlhosnakamel.dz\/dz\/shop\/\"},{\"@type\":\"ListItem\",\"position\":3,\"name\":\"Marteau piqueur SDS max 7 Kgs 1500 Watts 13,0 J Vibration Control GSH 7 VC\"}]},{\"@type\":\"WebSite\",\"@id\":\"https:\/\/eurlhosnakamel.dz\/dz\/#website\",\"url\":\"https:\/\/eurlhosnakamel.dz\/dz\/\",\"name\":\"EURL HOSNA KAMEL\",\"description\":\"Fournisseur Premium d&#039;Outillages Professionnels en Alg\u00e9rie -\",\"publisher\":{\"@id\":\"https:\/\/eurlhosnakamel.dz\/dz\/#organization\"},\"potentialAction\":[{\"@type\":\"SearchAction\",\"target\":{\"@type\":\"EntryPoint\",\"urlTemplate\":\"https:\/\/eurlhosnakamel.dz\/dz\/?s={search_term_string}\"},\"query-input\":\"required name=search_term_string\"}],\"inLanguage\":\"fr-FR\"},{\"@type\":\"Organization\",\"@id\":\"https:\/\/eurlhosnakamel.dz\/dz\/#organization\",\"name\":\"EURL HOSNA KAMEL - Bosch alg\u00e9rie\",\"url\":\"https:\/\/eurlhosnakamel.dz\/dz\/\",\"logo\":{\"@type\":\"ImageObject\",\"inLanguage\":\"fr-FR\",\"@id\":\"https:\/\/eurlhosnakamel.dz\/dz\/#\/schema\/logo\/image\/\",\"url\":\"https:\/\/eurlhosnakamel.dz\/wp-content\/uploads\/2020\/04\/LOGO-HOSNA1.png\",\"contentUrl\":\"https:\/\/eurlhosnakamel.dz\/wp-content\/uploads\/2020\/04\/LOGO-HOSNA1.png\",\"width\":120,\"height\":127,\"caption\":\"EURL HOSNA KAMEL - Bosch alg\u00e9rie\"},\"image\":{\"@id\":\"https:\/\/eurlhosnakamel.dz\/dz\/#\/schema\/logo\/image\/\"},\"sameAs\":[\"https:\/\/www.facebook.com\/Eurl.Hosna.DZ\/\"]}]}<\/script>\n<!-- \/ Yoast SEO plugin. -->","yoast_head_json":{"title":"Marteau piqueur SDS max 7 Kgs 1500 Watts 13,0 J Vibration Control GSH 7 VC - EURL HOSNA KAMEL","description":"Marteau piqueur SDS max 7 Kgs 1500 Watts 13,0 J Vibration Control GSH 7 VC - EURL HOSNA KAMEL","robots":{"index":"index","follow":"follow","max-snippet":"max-snippet:-1","max-image-preview":"max-image-preview:large","max-video-preview":"max-video-preview:-1"},"canonical":"https:\/\/eurlhosnakamel.dz\/dz\/produit\/marteau-piqueur-sds-max-7-kgs-1500-watts-130-j-vibration-control-gsh-7-vc\/","og_locale":"fr_FR","og_type":"article","og_title":"Marteau piqueur SDS max 7 Kgs 1500 Watts 13,0 J Vibration Control GSH 7 VC - EURL HOSNA KAMEL","og_description":"Marteau piqueur SDS max 7 Kgs 1500 Watts 13,0 J Vibration Control GSH 7 VC - EURL HOSNA KAMEL","og_url":"https:\/\/eurlhosnakamel.dz\/dz\/produit\/marteau-piqueur-sds-max-7-kgs-1500-watts-130-j-vibration-control-gsh-7-vc\/","og_site_name":"EURL HOSNA KAMEL","article_publisher":"https:\/\/www.facebook.com\/Eurl.Hosna.DZ\/","article_modified_time":"2021-12-19T08:44:32+00:00","og_image":[{"width":512,"height":512,"url":"https:\/\/eurlhosnakamel.dz\/dz\/wp-content\/uploads\/2020\/05\/MARTEA1.jpg","type":"image\/jpeg"}],"twitter_card":"summary_large_image","twitter_misc":{"Dur\u00e9e de lecture estim\u00e9e":"1 minute"},"schema":{"@context":"https:\/\/schema.org","@graph":[{"@type":"WebPage","@id":"https:\/\/eurlhosnakamel.dz\/dz\/produit\/marteau-piqueur-sds-max-7-kgs-1500-watts-130-j-vibration-control-gsh-7-vc\/","url":"https:\/\/eurlhosnakamel.dz\/dz\/produit\/marteau-piqueur-sds-max-7-kgs-1500-watts-130-j-vibration-control-gsh-7-vc\/","name":"Marteau piqueur SDS max 7 Kgs 1500 Watts 13,0 J Vibration Control GSH 7 VC - EURL HOSNA KAMEL","isPartOf":{"@id":"https:\/\/eurlhosnakamel.dz\/dz\/#website"},"primaryImageOfPage":{"@id":"https:\/\/eurlhosnakamel.dz\/dz\/produit\/marteau-piqueur-sds-max-7-kgs-1500-watts-130-j-vibration-control-gsh-7-vc\/#primaryimage"},"image":{"@id":"https:\/\/eurlhosnakamel.dz\/dz\/produit\/marteau-piqueur-sds-max-7-kgs-1500-watts-130-j-vibration-control-gsh-7-vc\/#primaryimage"},"thumbnailUrl":"https:\/\/eurlhosnakamel.dz\/dz\/wp-content\/uploads\/2020\/05\/MARTEA1.jpg","datePublished":"2020-05-31T17:40:26+00:00","dateModified":"2021-12-19T08:44:32+00:00","description":"Marteau piqueur SDS max 7 Kgs 1500 Watts 13,0 J Vibration Control GSH 7 VC - EURL HOSNA KAMEL","breadcrumb":{"@id":"https:\/\/eurlhosnakamel.dz\/dz\/produit\/marteau-piqueur-sds-max-7-kgs-1500-watts-130-j-vibration-control-gsh-7-vc\/#breadcrumb"},"inLanguage":"fr-FR","potentialAction":[{"@type":"ReadAction","target":["https:\/\/eurlhosnakamel.dz\/dz\/produit\/marteau-piqueur-sds-max-7-kgs-1500-watts-130-j-vibration-control-gsh-7-vc\/"]}]},{"@type":"ImageObject","inLanguage":"fr-FR","@id":"https:\/\/eurlhosnakamel.dz\/dz\/produit\/marteau-piqueur-sds-max-7-kgs-1500-watts-130-j-vibration-control-gsh-7-vc\/#primaryimage","url":"https:\/\/eurlhosnakamel.dz\/dz\/wp-content\/uploads\/2020\/05\/MARTEA1.jpg","contentUrl":"https:\/\/eurlhosnakamel.dz\/dz\/wp-content\/uploads\/2020\/05\/MARTEA1.jpg","width":512,"height":512},{"@type":"BreadcrumbList","@id":"https:\/\/eurlhosnakamel.dz\/dz\/produit\/marteau-piqueur-sds-max-7-kgs-1500-watts-130-j-vibration-control-gsh-7-vc\/#breadcrumb","itemListElement":[{"@type":"ListItem","position":1,"name":"Accueil","item":"https:\/\/eurlhosnakamel.dz\/dz\/"},{"@type":"ListItem","position":2,"name":"Shop","item":"https:\/\/eurlhosnakamel.dz\/dz\/shop\/"},{"@type":"ListItem","position":3,"name":"Marteau piqueur SDS max 7 Kgs 1500 Watts 13,0 J Vibration Control GSH 7 VC"}]},{"@type":"WebSite","@id":"https:\/\/eurlhosnakamel.dz\/dz\/#website","url":"https:\/\/eurlhosnakamel.dz\/dz\/","name":"EURL HOSNA KAMEL","description":"Fournisseur Premium d&#039;Outillages Professionnels en Alg\u00e9rie -","publisher":{"@id":"https:\/\/eurlhosnakamel.dz\/dz\/#organization"},"potentialAction":[{"@type":"SearchAction","target":{"@type":"EntryPoint","urlTemplate":"https:\/\/eurlhosnakamel.dz\/dz\/?s={search_term_string}"},"query-input":"required name=search_term_string"}],"inLanguage":"fr-FR"},{"@type":"Organization","@id":"https:\/\/eurlhosnakamel.dz\/dz\/#organization","name":"EURL HOSNA KAMEL - Bosch alg\u00e9rie","url":"https:\/\/eurlhosnakamel.dz\/dz\/","logo":{"@type":"ImageObject","inLanguage":"fr-FR","@id":"https:\/\/eurlhosnakamel.dz\/dz\/#\/schema\/logo\/image\/","url":"https:\/\/eurlhosnakamel.dz\/wp-content\/uploads\/2020\/04\/LOGO-HOSNA1.png","contentUrl":"https:\/\/eurlhosnakamel.dz\/wp-content\/uploads\/2020\/04\/LOGO-HOSNA1.png","width":120,"height":127,"caption":"EURL HOSNA KAMEL - Bosch alg\u00e9rie"},"image":{"@id":"https:\/\/eurlhosnakamel.dz\/dz\/#\/schema\/logo\/image\/"},"sameAs":["https:\/\/www.facebook.com\/Eurl.Hosna.DZ\/"]}]}},"_links":{"self":[{"href":"https:\/\/eurlhosnakamel.dz\/dz\/wp-json\/wp\/v2\/product\/10409","targetHints":{"allow":["GET"]}}],"collection":[{"href":"https:\/\/eurlhosnakamel.dz\/dz\/wp-json\/wp\/v2\/product"}],"about":[{"href":"https:\/\/eurlhosnakamel.dz\/dz\/wp-json\/wp\/v2\/types\/product"}],"wp:featuredmedia":[{"embeddable":true,"href":"https:\/\/eurlhosnakamel.dz\/dz\/wp-json\/wp\/v2\/media\/10410"}],"wp:attachment":[{"href":"https:\/\/eurlhosnakamel.dz\/dz\/wp-json\/wp\/v2\/media?parent=10409"}],"wp:term":[{"taxonomy":"product_cat","embeddable":true,"href":"https:\/\/eurlhosnakamel.dz\/dz\/wp-json\/wp\/v2\/product_cat?post=10409"},{"taxonomy":"product_tag","embeddable":true,"href":"https:\/\/eurlhosnakamel.dz\/dz\/wp-json\/wp\/v2\/product_tag?post=10409"}],"curies":[{"name":"wp","href":"https:\/\/api.w.org\/{rel}","templated":true}]}}