{"id":10417,"date":"2020-05-31T18:00:03","date_gmt":"2020-05-31T18:00:03","guid":{"rendered":"https:\/\/lhchosting.com\/hosna\/?post_type=product&#038;p=10417"},"modified":"2021-12-19T08:44:21","modified_gmt":"2021-12-19T08:44:21","slug":"meuleuse-angulaire-125-mm-1100-watts-interrupteur-protection-gws-11-125-p","status":"publish","type":"product","link":"https:\/\/eurlhosnakamel.dz\/dz\/produit\/meuleuse-angulaire-125-mm-1100-watts-interrupteur-protection-gws-11-125-p\/","title":{"rendered":"Meuleuse angulaire 125 mm 1100 Watts Interrupteur Protection GWS 11-125 P"},"content":{"rendered":"<section id=\"technicaldata\" class=\"o-technical_details trackingModule\">\n<div class=\"container trackingTeaser\">\n<div class=\"row\">\n<div class=\"col-md-5\">\n<h4 class=\"headline hl1\"><strong>Caract\u00e9ristiques techniques<\/strong><\/h4>\n<table class=\"table table--fixed\">\n<thead>\n<tr>\n<th colspan=\"2\">\n<p class=\"headline hl4\"><strong>Les caract\u00e9ristiques les plus importantes<\/strong><\/p>\n<\/th>\n<\/tr>\n<\/thead>\n<tbody>\n<tr>\n<td>Puissance absorb\u00e9e nominale<\/td>\n<td>1\u00a0100 W<\/td>\n<\/tr>\n<tr>\n<td>R\u00e9gime \u00e0 vide<\/td>\n<td>11.500 tr\/min<\/td>\n<\/tr>\n<tr>\n<td>Puissance d\u00e9bit\u00e9e<\/td>\n<td>740 W<\/td>\n<\/tr>\n<tr>\n<td>Filetage de la broche<\/td>\n<td>M 14<\/td>\n<\/tr>\n<tr>\n<td>\u00d8 meule<\/td>\n<td>125 mm<\/td>\n<\/tr>\n<tr>\n<td>Plateau de pon\u00e7age souple, \u00d8<\/td>\n<td>125 mm<\/td>\n<\/tr>\n<tr>\n<td>Brosse boisseau, \u00d8<\/td>\n<td>75 mm<\/td>\n<\/tr>\n<tr>\n<td>Dimensions de l\u2019outil (longueur)<\/td>\n<td>372 mm<\/td>\n<\/tr>\n<tr>\n<td>Dimensions de l\u2019outil (hauteur)<\/td>\n<td>102 mm<\/td>\n<\/tr>\n<tr>\n<td>Poids<\/td>\n<td>2,3 kg<\/td>\n<\/tr>\n<tr>\n<td>Interrupteur<\/td>\n<td>PROtection<\/td>\n<\/tr>\n<tr>\n<td>Dimensions de l\u2019emballage (longueur x largeur x hauteur)<\/td>\n<td>157 x 391 x 132 mm<\/td>\n<\/tr>\n<tr>\n<td>Tension, \u00e9lectrique<\/td>\n<td>240 V<\/td>\n<\/tr>\n<\/tbody>\n<\/table>\n<\/div>\n<div class=\"col-md-offset-2 col-md-5 table-second-col\">\n<div class=\"headline hl4\">Information sur les bruits\/vibrations<\/div>\n<p>Valeurs totales des vibrations (somme de vecteurs de trois sens)<\/p>\n<table class=\"table\">\n<thead>\n<tr>\n<th class=\"headline hl4\" colspan=\"2\"><\/th>\n<\/tr>\n<\/thead>\n<tbody>\n<tr>\n<td>Niveau de pression acoustique<\/td>\n<td>91 dB(A)<\/td>\n<\/tr>\n<tr>\n<td>Niveau de puissance acoustique<\/td>\n<td>102 dB(A)<\/td>\n<\/tr>\n<tr>\n<td>Incertitude K<\/td>\n<td>3 dB<\/td>\n<\/tr>\n<\/tbody>\n<\/table>\n<table class=\"table\">\n<thead>\n<tr>\n<th class=\"headline hl4\" colspan=\"2\">Pon\u00e7age des surfaces (d\u00e9grossissage)<\/th>\n<\/tr>\n<\/thead>\n<tbody>\n<tr>\n<td>Valeur d&#8217;\u00e9mission vibratoire ah<\/td>\n<td>6 m\/s\u00b2<\/td>\n<\/tr>\n<tr>\n<td>Incertitude K<\/td>\n<td>1,5 m\/s\u00b2<\/td>\n<\/tr>\n<\/tbody>\n<\/table>\n<table class=\"table\">\n<thead>\n<tr>\n<th class=\"headline hl4\" colspan=\"2\">Pon\u00e7age avec feuille abrasive<\/th>\n<\/tr>\n<\/thead>\n<tbody>\n<tr>\n<td>Valeur d&#8217;\u00e9mission vibratoire ah<\/td>\n<td>3 m\/s\u00b2<\/td>\n<\/tr>\n<tr>\n<td>Incertitude K<\/td>\n<td>1,5 m\/s\u00b2<\/td>\n<\/tr>\n<\/tbody>\n<\/table>\n<\/div>\n<\/div>\n<\/div>\n<\/section>\n<section id=\"highlights\" class=\"m-product_hightlights trackingModule\">\n<div class=\"container\">\n<h4 class=\"headline hl1\"><strong>Avantages<\/strong><\/h4>\n<div class=\"row\">\n<div class=\"col-md-6\">\n<div class=\"m-product_hightlights__content-wrapper\">\n<h4 class=\"headline hl4\"><strong>Les nouvelles meuleuses angulaires PROtection : grande robustesse, excellente maniabilit\u00e9 et protection optimale de l\u2019utilisateur<\/strong><\/h4>\n<ul class=\"m-product_hightlights__list\">\n<li>Excellente protection de l\u2019utilisateur : arr\u00eat imm\u00e9diat de l\u2019outil au rel\u00e2chement de l\u2019interrupteur PROtection<\/li>\n<li>Interrupteur actionnable dans diverses positions pour une ma\u00eetrise parfaite de l\u2019outil<\/li>\n<li>Robustesse et puissance : moteurs performants et endurants pour une progression de travail rapide<\/li>\n<\/ul>\n<\/div>\n<\/div>\n<div class=\"col-md-6\">\n<h4 class=\"headline hl4\"><strong>Fonctions<\/strong><\/h4>\n<div class=\"image-row bsTooltip__wrapper\">\n<div class=\"image-col bsTooltip\" title=\"\" data-content=\"Refroidissement direct Pour une capacit\u00e9 de surcharge \u00e9lev\u00e9e et une grande long\u00e9vit\u00e9.\" data-original-title=\"\"><img decoding=\"async\" class=\"img-responsive ls-is-cached lazyloaded alignleft\" src=\"https:\/\/www.bosch-professional.com\/binary\/ocsmedia\/optimized\/100x100\/o27715v54_lv-27715-13-Bosch_BI_Icon_DirectCooling.png\" alt=\"Refroidissement direct Pour une capacit\u00e9 de surcharge \u00e9lev\u00e9e et une grande long\u00e9vit\u00e9.\" data-sizes=\"(max-width: 767px) 100px, (min-width: 768px) and (max-width: 991px) 100px, (-webkit-min-device-pixel-ratio: 2.0) and (min-width: 1000px) 200px, 100px\" data-srcset=\"https:\/\/www.bosch-professional.com\/binary\/ocsmedia\/optimized\/100x100\/o27715v54_lv-27715-13-Bosch_BI_Icon_DirectCooling.png 100w, https:\/\/www.bosch-professional.com\/binary\/ocsmedia\/optimized\/100x100\/o27715v54_lv-27715-13-Bosch_BI_Icon_DirectCooling.png 100w, https:\/\/www.bosch-professional.com\/binary\/ocsmedia\/optimized\/100x100\/o27715v54_lv-27715-13-Bosch_BI_Icon_DirectCooling.png 100w, https:\/\/www.bosch-professional.com\/binary\/ocsmedia\/optimized\/200x200\/o27715v54_lv-27715-13-Bosch_BI_Icon_DirectCooling.png 200w\" data-src=\"https:\/\/www.bosch-professional.com\/binary\/ocsmedia\/optimized\/100x100\/o27715v54_lv-27715-13-Bosch_BI_Icon_DirectCooling.png\" \/><\/div>\n<div class=\"image-col bsTooltip\" title=\"\" data-content=\"Excellente protection de l\u2019utilisateur gr\u00e2ce au capot de protection antirotation ind\u00e9formable qui reste entier m\u00eame en cas de cassure du disque\" data-original-title=\"\"><img decoding=\"async\" class=\"img-responsive ls-is-cached lazyloaded alignleft\" src=\"https:\/\/www.bosch-professional.com\/binary\/ocsmedia\/optimized\/100x100\/o27716v54_Bosch_BI_Icon_Protection_Guard.png\" alt=\"Excellente protection de l\u2019utilisateur gr\u00e2ce au capot de protection antirotation ind\u00e9formable qui reste entier m\u00eame en cas de cassure du disque\" data-sizes=\"(max-width: 767px) 100px, (min-width: 768px) and (max-width: 991px) 100px, (-webkit-min-device-pixel-ratio: 2.0) and (min-width: 1000px) 200px, 100px\" data-srcset=\"https:\/\/www.bosch-professional.com\/binary\/ocsmedia\/optimized\/100x100\/o27716v54_Bosch_BI_Icon_Protection_Guard.png 100w, https:\/\/www.bosch-professional.com\/binary\/ocsmedia\/optimized\/100x100\/o27716v54_Bosch_BI_Icon_Protection_Guard.png 100w, https:\/\/www.bosch-professional.com\/binary\/ocsmedia\/optimized\/100x100\/o27716v54_Bosch_BI_Icon_Protection_Guard.png 100w, https:\/\/www.bosch-professional.com\/binary\/ocsmedia\/optimized\/200x200\/o27716v54_Bosch_BI_Icon_Protection_Guard.png 200w\" data-src=\"https:\/\/www.bosch-professional.com\/binary\/ocsmedia\/optimized\/100x100\/o27716v54_Bosch_BI_Icon_Protection_Guard.png\" \/><\/div>\n<div class=\"image-col bsTooltip\" title=\"\" data-content=\"Excellente protection de l\u2019utilisateur L\u2019interrupteur de protection arr\u00eate aussit\u00f4t l\u2019outil d\u00e8s qu\u2019il est rel\u00e2ch\u00e9\" data-original-title=\"\"><img decoding=\"async\" class=\"img-responsive ls-is-cached lazyloaded alignleft\" src=\"https:\/\/www.bosch-professional.com\/binary\/ocsmedia\/optimized\/100x100\/o132325v54_Bosch_BI_Icon_ProtectionSwitch.png\" alt=\"Excellente protection de l\u2019utilisateur L\u2019interrupteur de protection arr\u00eate aussit\u00f4t l\u2019outil d\u00e8s qu\u2019il est rel\u00e2ch\u00e9\" data-sizes=\"(max-width: 767px) 100px, (min-width: 768px) and (max-width: 991px) 100px, (-webkit-min-device-pixel-ratio: 2.0) and (min-width: 1000px) 200px, 100px\" data-srcset=\"https:\/\/www.bosch-professional.com\/binary\/ocsmedia\/optimized\/100x100\/o132325v54_Bosch_BI_Icon_ProtectionSwitch.png 100w, https:\/\/www.bosch-professional.com\/binary\/ocsmedia\/optimized\/100x100\/o132325v54_Bosch_BI_Icon_ProtectionSwitch.png 100w, https:\/\/www.bosch-professional.com\/binary\/ocsmedia\/optimized\/100x100\/o132325v54_Bosch_BI_Icon_ProtectionSwitch.png 100w, https:\/\/www.bosch-professional.com\/binary\/ocsmedia\/optimized\/200x200\/o132325v54_Bosch_BI_Icon_ProtectionSwitch.png 200w\" data-src=\"https:\/\/www.bosch-professional.com\/binary\/ocsmedia\/optimized\/100x100\/o132325v54_Bosch_BI_Icon_ProtectionSwitch.png\" \/><\/div>\n<\/div>\n<\/div>\n<\/div>\n<\/div>\n<\/section>\n","protected":false},"excerpt":{"rendered":"<h4 class=\"headline hl4\">Les nouvelles meuleuses angulaires Protection : grande robustesse, excellente maniabilit\u00e9 et protection optimale de l\u2019utilisateur<\/h4>\n<p><img decoding=\"async\" class=\"alignnone size-medium wp-image-10422\" src=\"https:\/\/lhchosting.com\/hosna\/wp-content\/uploads\/2020\/05\/4-2-300x104.jpg\" alt=\"\" width=\"300\" height=\"104\" srcset=\"https:\/\/eurlhosnakamel.dz\/dz\/wp-content\/uploads\/2020\/05\/4-2-300x104.jpg 300w, https:\/\/eurlhosnakamel.dz\/dz\/wp-content\/uploads\/2020\/05\/4-2-200x70.jpg 200w, https:\/\/eurlhosnakamel.dz\/dz\/wp-content\/uploads\/2020\/05\/4-2.jpg 336w\" sizes=\"(max-width: 300px) 100vw, 300px\" \/><\/p>\n","protected":false},"featured_media":10418,"template":"","meta":[],"product_cat":[405,441],"product_tag":[2344],"class_list":{"0":"post-10417","1":"product","2":"type-product","3":"status-publish","4":"has-post-thumbnail","6":"product_cat-outillage","7":"product_cat-outillage-filaire","8":"product_tag-meuleuse-angulaire-125-mm-1100-watts-interrupteur-protection-gws-11-125-p","9":"product_brand-bosch-outillage","11":"first","12":"instock","13":"shipping-taxable","14":"product-type-simple","15":"col-xs-6 col-sm-4","16":"col-md-3 col-lg-3","17":"un-4-cols"},"yoast_head":"<!-- This site is optimized with the Yoast SEO plugin v22.5 - https:\/\/yoast.com\/wordpress\/plugins\/seo\/ -->\n<title>Meuleuse angulaire 125 mm 1100 Watts Interrupteur Protection GWS 11-125 P - EURL HOSNA KAMEL<\/title>\n<meta name=\"description\" content=\"Meuleuse angulaire 125 mm 1100 Watts Interrupteur Protection GWS 11-125 P - EURL HOSNA KAMEL\" \/>\n<meta name=\"robots\" content=\"index, follow, max-snippet:-1, max-image-preview:large, max-video-preview:-1\" \/>\n<link rel=\"canonical\" href=\"https:\/\/eurlhosnakamel.dz\/dz\/produit\/meuleuse-angulaire-125-mm-1100-watts-interrupteur-protection-gws-11-125-p\/\" \/>\n<meta property=\"og:locale\" content=\"fr_FR\" \/>\n<meta property=\"og:type\" content=\"article\" \/>\n<meta property=\"og:title\" content=\"Meuleuse angulaire 125 mm 1100 Watts Interrupteur Protection GWS 11-125 P - EURL HOSNA KAMEL\" \/>\n<meta property=\"og:description\" content=\"Meuleuse angulaire 125 mm 1100 Watts Interrupteur Protection GWS 11-125 P - EURL HOSNA KAMEL\" \/>\n<meta property=\"og:url\" content=\"https:\/\/eurlhosnakamel.dz\/dz\/produit\/meuleuse-angulaire-125-mm-1100-watts-interrupteur-protection-gws-11-125-p\/\" \/>\n<meta property=\"og:site_name\" content=\"EURL HOSNA KAMEL\" \/>\n<meta property=\"article:publisher\" content=\"https:\/\/www.facebook.com\/Eurl.Hosna.DZ\/\" \/>\n<meta property=\"article:modified_time\" content=\"2021-12-19T08:44:21+00:00\" \/>\n<meta property=\"og:image\" content=\"https:\/\/eurlhosnakamel.dz\/dz\/wp-content\/uploads\/2020\/05\/Meuleuse-angulaire-125-mm-1100-Watts-Int\u00e9rupteur-PROtection-GWS-11-125-P-eurl-hosna-kamel-algerie.jpg\" \/>\n\t<meta property=\"og:image:width\" content=\"512\" \/>\n\t<meta property=\"og:image:height\" content=\"512\" \/>\n\t<meta property=\"og:image:type\" content=\"image\/jpeg\" \/>\n<meta name=\"twitter:card\" content=\"summary_large_image\" \/>\n<meta name=\"twitter:label1\" content=\"Dur\u00e9e de lecture estim\u00e9e\" \/>\n\t<meta name=\"twitter:data1\" content=\"1 minute\" \/>\n<script type=\"application\/ld+json\" class=\"yoast-schema-graph\">{\"@context\":\"https:\/\/schema.org\",\"@graph\":[{\"@type\":\"WebPage\",\"@id\":\"https:\/\/eurlhosnakamel.dz\/dz\/produit\/meuleuse-angulaire-125-mm-1100-watts-interrupteur-protection-gws-11-125-p\/\",\"url\":\"https:\/\/eurlhosnakamel.dz\/dz\/produit\/meuleuse-angulaire-125-mm-1100-watts-interrupteur-protection-gws-11-125-p\/\",\"name\":\"Meuleuse angulaire 125 mm 1100 Watts Interrupteur Protection GWS 11-125 P - EURL HOSNA KAMEL\",\"isPartOf\":{\"@id\":\"https:\/\/eurlhosnakamel.dz\/dz\/#website\"},\"primaryImageOfPage\":{\"@id\":\"https:\/\/eurlhosnakamel.dz\/dz\/produit\/meuleuse-angulaire-125-mm-1100-watts-interrupteur-protection-gws-11-125-p\/#primaryimage\"},\"image\":{\"@id\":\"https:\/\/eurlhosnakamel.dz\/dz\/produit\/meuleuse-angulaire-125-mm-1100-watts-interrupteur-protection-gws-11-125-p\/#primaryimage\"},\"thumbnailUrl\":\"https:\/\/eurlhosnakamel.dz\/dz\/wp-content\/uploads\/2020\/05\/Meuleuse-angulaire-125-mm-1100-Watts-Int\u00e9rupteur-PROtection-GWS-11-125-P-eurl-hosna-kamel-algerie.jpg\",\"datePublished\":\"2020-05-31T18:00:03+00:00\",\"dateModified\":\"2021-12-19T08:44:21+00:00\",\"description\":\"Meuleuse angulaire 125 mm 1100 Watts Interrupteur Protection GWS 11-125 P - EURL HOSNA KAMEL\",\"breadcrumb\":{\"@id\":\"https:\/\/eurlhosnakamel.dz\/dz\/produit\/meuleuse-angulaire-125-mm-1100-watts-interrupteur-protection-gws-11-125-p\/#breadcrumb\"},\"inLanguage\":\"fr-FR\",\"potentialAction\":[{\"@type\":\"ReadAction\",\"target\":[\"https:\/\/eurlhosnakamel.dz\/dz\/produit\/meuleuse-angulaire-125-mm-1100-watts-interrupteur-protection-gws-11-125-p\/\"]}]},{\"@type\":\"ImageObject\",\"inLanguage\":\"fr-FR\",\"@id\":\"https:\/\/eurlhosnakamel.dz\/dz\/produit\/meuleuse-angulaire-125-mm-1100-watts-interrupteur-protection-gws-11-125-p\/#primaryimage\",\"url\":\"https:\/\/eurlhosnakamel.dz\/dz\/wp-content\/uploads\/2020\/05\/Meuleuse-angulaire-125-mm-1100-Watts-Int\u00e9rupteur-PROtection-GWS-11-125-P-eurl-hosna-kamel-algerie.jpg\",\"contentUrl\":\"https:\/\/eurlhosnakamel.dz\/dz\/wp-content\/uploads\/2020\/05\/Meuleuse-angulaire-125-mm-1100-Watts-Int\u00e9rupteur-PROtection-GWS-11-125-P-eurl-hosna-kamel-algerie.jpg\",\"width\":512,\"height\":512,\"caption\":\"Bosch Alg\u00e9rie\"},{\"@type\":\"BreadcrumbList\",\"@id\":\"https:\/\/eurlhosnakamel.dz\/dz\/produit\/meuleuse-angulaire-125-mm-1100-watts-interrupteur-protection-gws-11-125-p\/#breadcrumb\",\"itemListElement\":[{\"@type\":\"ListItem\",\"position\":1,\"name\":\"Accueil\",\"item\":\"https:\/\/eurlhosnakamel.dz\/dz\/\"},{\"@type\":\"ListItem\",\"position\":2,\"name\":\"Shop\",\"item\":\"https:\/\/eurlhosnakamel.dz\/dz\/shop\/\"},{\"@type\":\"ListItem\",\"position\":3,\"name\":\"Meuleuse angulaire 125 mm 1100 Watts Interrupteur Protection GWS 11-125 P\"}]},{\"@type\":\"WebSite\",\"@id\":\"https:\/\/eurlhosnakamel.dz\/dz\/#website\",\"url\":\"https:\/\/eurlhosnakamel.dz\/dz\/\",\"name\":\"EURL HOSNA KAMEL\",\"description\":\"Fournisseur Premium d&#039;Outillages Professionnels en Alg\u00e9rie -\",\"publisher\":{\"@id\":\"https:\/\/eurlhosnakamel.dz\/dz\/#organization\"},\"potentialAction\":[{\"@type\":\"SearchAction\",\"target\":{\"@type\":\"EntryPoint\",\"urlTemplate\":\"https:\/\/eurlhosnakamel.dz\/dz\/?s={search_term_string}\"},\"query-input\":\"required name=search_term_string\"}],\"inLanguage\":\"fr-FR\"},{\"@type\":\"Organization\",\"@id\":\"https:\/\/eurlhosnakamel.dz\/dz\/#organization\",\"name\":\"EURL HOSNA KAMEL - Bosch alg\u00e9rie\",\"url\":\"https:\/\/eurlhosnakamel.dz\/dz\/\",\"logo\":{\"@type\":\"ImageObject\",\"inLanguage\":\"fr-FR\",\"@id\":\"https:\/\/eurlhosnakamel.dz\/dz\/#\/schema\/logo\/image\/\",\"url\":\"https:\/\/eurlhosnakamel.dz\/wp-content\/uploads\/2020\/04\/LOGO-HOSNA1.png\",\"contentUrl\":\"https:\/\/eurlhosnakamel.dz\/wp-content\/uploads\/2020\/04\/LOGO-HOSNA1.png\",\"width\":120,\"height\":127,\"caption\":\"EURL HOSNA KAMEL - Bosch alg\u00e9rie\"},\"image\":{\"@id\":\"https:\/\/eurlhosnakamel.dz\/dz\/#\/schema\/logo\/image\/\"},\"sameAs\":[\"https:\/\/www.facebook.com\/Eurl.Hosna.DZ\/\"]}]}<\/script>\n<!-- \/ Yoast SEO plugin. -->","yoast_head_json":{"title":"Meuleuse angulaire 125 mm 1100 Watts Interrupteur Protection GWS 11-125 P - EURL HOSNA KAMEL","description":"Meuleuse angulaire 125 mm 1100 Watts Interrupteur Protection GWS 11-125 P - EURL HOSNA KAMEL","robots":{"index":"index","follow":"follow","max-snippet":"max-snippet:-1","max-image-preview":"max-image-preview:large","max-video-preview":"max-video-preview:-1"},"canonical":"https:\/\/eurlhosnakamel.dz\/dz\/produit\/meuleuse-angulaire-125-mm-1100-watts-interrupteur-protection-gws-11-125-p\/","og_locale":"fr_FR","og_type":"article","og_title":"Meuleuse angulaire 125 mm 1100 Watts Interrupteur Protection GWS 11-125 P - EURL HOSNA KAMEL","og_description":"Meuleuse angulaire 125 mm 1100 Watts Interrupteur Protection GWS 11-125 P - EURL HOSNA KAMEL","og_url":"https:\/\/eurlhosnakamel.dz\/dz\/produit\/meuleuse-angulaire-125-mm-1100-watts-interrupteur-protection-gws-11-125-p\/","og_site_name":"EURL HOSNA KAMEL","article_publisher":"https:\/\/www.facebook.com\/Eurl.Hosna.DZ\/","article_modified_time":"2021-12-19T08:44:21+00:00","og_image":[{"width":512,"height":512,"url":"https:\/\/eurlhosnakamel.dz\/dz\/wp-content\/uploads\/2020\/05\/Meuleuse-angulaire-125-mm-1100-Watts-Int\u00e9rupteur-PROtection-GWS-11-125-P-eurl-hosna-kamel-algerie.jpg","type":"image\/jpeg"}],"twitter_card":"summary_large_image","twitter_misc":{"Dur\u00e9e de lecture estim\u00e9e":"1 minute"},"schema":{"@context":"https:\/\/schema.org","@graph":[{"@type":"WebPage","@id":"https:\/\/eurlhosnakamel.dz\/dz\/produit\/meuleuse-angulaire-125-mm-1100-watts-interrupteur-protection-gws-11-125-p\/","url":"https:\/\/eurlhosnakamel.dz\/dz\/produit\/meuleuse-angulaire-125-mm-1100-watts-interrupteur-protection-gws-11-125-p\/","name":"Meuleuse angulaire 125 mm 1100 Watts Interrupteur Protection GWS 11-125 P - EURL HOSNA KAMEL","isPartOf":{"@id":"https:\/\/eurlhosnakamel.dz\/dz\/#website"},"primaryImageOfPage":{"@id":"https:\/\/eurlhosnakamel.dz\/dz\/produit\/meuleuse-angulaire-125-mm-1100-watts-interrupteur-protection-gws-11-125-p\/#primaryimage"},"image":{"@id":"https:\/\/eurlhosnakamel.dz\/dz\/produit\/meuleuse-angulaire-125-mm-1100-watts-interrupteur-protection-gws-11-125-p\/#primaryimage"},"thumbnailUrl":"https:\/\/eurlhosnakamel.dz\/dz\/wp-content\/uploads\/2020\/05\/Meuleuse-angulaire-125-mm-1100-Watts-Int\u00e9rupteur-PROtection-GWS-11-125-P-eurl-hosna-kamel-algerie.jpg","datePublished":"2020-05-31T18:00:03+00:00","dateModified":"2021-12-19T08:44:21+00:00","description":"Meuleuse angulaire 125 mm 1100 Watts Interrupteur Protection GWS 11-125 P - EURL HOSNA KAMEL","breadcrumb":{"@id":"https:\/\/eurlhosnakamel.dz\/dz\/produit\/meuleuse-angulaire-125-mm-1100-watts-interrupteur-protection-gws-11-125-p\/#breadcrumb"},"inLanguage":"fr-FR","potentialAction":[{"@type":"ReadAction","target":["https:\/\/eurlhosnakamel.dz\/dz\/produit\/meuleuse-angulaire-125-mm-1100-watts-interrupteur-protection-gws-11-125-p\/"]}]},{"@type":"ImageObject","inLanguage":"fr-FR","@id":"https:\/\/eurlhosnakamel.dz\/dz\/produit\/meuleuse-angulaire-125-mm-1100-watts-interrupteur-protection-gws-11-125-p\/#primaryimage","url":"https:\/\/eurlhosnakamel.dz\/dz\/wp-content\/uploads\/2020\/05\/Meuleuse-angulaire-125-mm-1100-Watts-Int\u00e9rupteur-PROtection-GWS-11-125-P-eurl-hosna-kamel-algerie.jpg","contentUrl":"https:\/\/eurlhosnakamel.dz\/dz\/wp-content\/uploads\/2020\/05\/Meuleuse-angulaire-125-mm-1100-Watts-Int\u00e9rupteur-PROtection-GWS-11-125-P-eurl-hosna-kamel-algerie.jpg","width":512,"height":512,"caption":"Bosch Alg\u00e9rie"},{"@type":"BreadcrumbList","@id":"https:\/\/eurlhosnakamel.dz\/dz\/produit\/meuleuse-angulaire-125-mm-1100-watts-interrupteur-protection-gws-11-125-p\/#breadcrumb","itemListElement":[{"@type":"ListItem","position":1,"name":"Accueil","item":"https:\/\/eurlhosnakamel.dz\/dz\/"},{"@type":"ListItem","position":2,"name":"Shop","item":"https:\/\/eurlhosnakamel.dz\/dz\/shop\/"},{"@type":"ListItem","position":3,"name":"Meuleuse angulaire 125 mm 1100 Watts Interrupteur Protection GWS 11-125 P"}]},{"@type":"WebSite","@id":"https:\/\/eurlhosnakamel.dz\/dz\/#website","url":"https:\/\/eurlhosnakamel.dz\/dz\/","name":"EURL HOSNA KAMEL","description":"Fournisseur Premium d&#039;Outillages Professionnels en Alg\u00e9rie -","publisher":{"@id":"https:\/\/eurlhosnakamel.dz\/dz\/#organization"},"potentialAction":[{"@type":"SearchAction","target":{"@type":"EntryPoint","urlTemplate":"https:\/\/eurlhosnakamel.dz\/dz\/?s={search_term_string}"},"query-input":"required name=search_term_string"}],"inLanguage":"fr-FR"},{"@type":"Organization","@id":"https:\/\/eurlhosnakamel.dz\/dz\/#organization","name":"EURL HOSNA KAMEL - Bosch alg\u00e9rie","url":"https:\/\/eurlhosnakamel.dz\/dz\/","logo":{"@type":"ImageObject","inLanguage":"fr-FR","@id":"https:\/\/eurlhosnakamel.dz\/dz\/#\/schema\/logo\/image\/","url":"https:\/\/eurlhosnakamel.dz\/wp-content\/uploads\/2020\/04\/LOGO-HOSNA1.png","contentUrl":"https:\/\/eurlhosnakamel.dz\/wp-content\/uploads\/2020\/04\/LOGO-HOSNA1.png","width":120,"height":127,"caption":"EURL HOSNA KAMEL - Bosch alg\u00e9rie"},"image":{"@id":"https:\/\/eurlhosnakamel.dz\/dz\/#\/schema\/logo\/image\/"},"sameAs":["https:\/\/www.facebook.com\/Eurl.Hosna.DZ\/"]}]}},"_links":{"self":[{"href":"https:\/\/eurlhosnakamel.dz\/dz\/wp-json\/wp\/v2\/product\/10417","targetHints":{"allow":["GET"]}}],"collection":[{"href":"https:\/\/eurlhosnakamel.dz\/dz\/wp-json\/wp\/v2\/product"}],"about":[{"href":"https:\/\/eurlhosnakamel.dz\/dz\/wp-json\/wp\/v2\/types\/product"}],"wp:featuredmedia":[{"embeddable":true,"href":"https:\/\/eurlhosnakamel.dz\/dz\/wp-json\/wp\/v2\/media\/10418"}],"wp:attachment":[{"href":"https:\/\/eurlhosnakamel.dz\/dz\/wp-json\/wp\/v2\/media?parent=10417"}],"wp:term":[{"taxonomy":"product_cat","embeddable":true,"href":"https:\/\/eurlhosnakamel.dz\/dz\/wp-json\/wp\/v2\/product_cat?post=10417"},{"taxonomy":"product_tag","embeddable":true,"href":"https:\/\/eurlhosnakamel.dz\/dz\/wp-json\/wp\/v2\/product_tag?post=10417"}],"curies":[{"name":"wp","href":"https:\/\/api.w.org\/{rel}","templated":true}]}}