{"id":10427,"date":"2020-06-01T08:21:11","date_gmt":"2020-06-01T08:21:11","guid":{"rendered":"https:\/\/lhchosting.com\/hosna\/?post_type=product&#038;p=10427"},"modified":"2021-12-19T08:44:12","modified_gmt":"2021-12-19T08:44:12","slug":"tronconneuse-a-metal-355-mm-2200-watts-gco-220","status":"publish","type":"product","link":"https:\/\/eurlhosnakamel.dz\/dz\/produit\/tronconneuse-a-metal-355-mm-2200-watts-gco-220\/","title":{"rendered":"Tron\u00e7onneuse \u00e0 m\u00e9tal 355 mm 2200 Watts GCO 220"},"content":{"rendered":"<section id=\"technicaldata\" class=\"o-technical_details-a trackingModule\">\n<div class=\"container\">\n<div class=\"row\">\n<div class=\"col-xs-12\">\n<h4 class=\"headline hl1\"><strong>Caract\u00e9ristiques techniques<\/strong><\/h4>\n<\/div>\n<\/div>\n<div class=\"row\">\n<div class=\"col-lg-8 col-xs-12\">\n<table class=\"table\">\n<colgroup>\n<col class=\"col-xs-5\" \/>\n<col class=\"col-xs-3\" \/><\/colgroup>\n<thead>\n<tr>\n<th class=\"headline hl4\" colspan=\"2\">Donn\u00e9es suppl\u00e9mentaires<\/th>\n<\/tr>\n<\/thead>\n<tbody>\n<tr>\n<td>\u00d8 disques \u00e0 tron\u00e7onner*<\/td>\n<td>355\u00a0mm<\/td>\n<\/tr>\n<tr>\n<td>Al\u00e9sage disques \u00e0 tron\u00e7onner*<\/td>\n<td>25,4\u00a0mm<\/td>\n<\/tr>\n<tr>\n<td>R\u00e9gime \u00e0 vide*<\/td>\n<td>3\u00a0800\u00a0t\/min<\/td>\n<\/tr>\n<tr>\n<td>Puissance absorb\u00e9e nominale<\/td>\n<td>2\u00a0200\u00a0W<\/td>\n<\/tr>\n<tr>\n<td>Capacit\u00e9 de coupe rectangulaire 0\u00b0<\/td>\n<td>100 x 196\u00a0mm<\/td>\n<\/tr>\n<tr>\n<td>Capacit\u00e9 de coupe carr\u00e9 0\u00b0<\/td>\n<td>119 x 119\u00a0mm<\/td>\n<\/tr>\n<tr>\n<td>Capacit\u00e9 de coupe, profil\u00e9 en L 0\u00b0<\/td>\n<td>130 x 130\u00a0mm<\/td>\n<\/tr>\n<tr>\n<td>Capacit\u00e9 de coupe rectangulaire en onglet \u00e0 45\u00ba<\/td>\n<td>107 x 115\u00a0mm<\/td>\n<\/tr>\n<tr>\n<td>Capacit\u00e9 de coupe carr\u00e9 en onglet \u00e0 45\u00ba<\/td>\n<td>110 x 110\u00a0mm<\/td>\n<\/tr>\n<tr>\n<td>Capacit\u00e9 de coupe, profil\u00e9 en L, onglet \u00e0 45\u00b0<\/td>\n<td>115 x 115\u00a0mm<\/td>\n<\/tr>\n<tr>\n<td>Dimensions de l\u2019outil (longueur x largeur x hauteur)<\/td>\n<td>256 x 520 x 400\u00a0mm<\/td>\n<\/tr>\n<tr>\n<td>Poids<\/td>\n<td>15\u00a0kg<\/td>\n<\/tr>\n<\/tbody>\n<\/table>\n<table class=\"table\">\n<colgroup>\n<col class=\"col-xs-5\" \/>\n<col class=\"col-xs-3\" \/><\/colgroup>\n<thead>\n<tr>\n<th class=\"headline hl4\" colspan=\"2\">Valeurs totales des vibrations (Tron\u00e7onnage de m\u00e9tal)<\/th>\n<\/tr>\n<\/thead>\n<tbody>\n<tr>\n<td>Valeur d\u2019\u00e9mission vibratoire ah<\/td>\n<td>2,5\u00a0m\/s\u00b2<\/td>\n<\/tr>\n<tr>\n<td>Incertitude K<\/td>\n<td>1,5\u00a0m\/s\u00b2<\/td>\n<\/tr>\n<\/tbody>\n<\/table>\n<p>* Donn\u00e9es mises en surbrillance<\/p>\n<p>Le niveau sonore pond\u00e9r\u00e9 A de l&#8217;outil \u00e9lectroportatif est typiquement de : niveau de pression acoustique 100.5 dB(A) ; niveau de puissance acoustique 113 dB(A). Incertitude K = 3 dB.<\/p>\n<\/div>\n<\/div>\n<\/div>\n<\/section>\n<section id=\"highlights\" class=\"m-product_hightlights trackingModule\">\n<div class=\"container\">\n<h4 class=\"headline hl1\"><strong>Avantages<\/strong><\/h4>\n<div class=\"row\">\n<div class=\"col-md-6\">\n<div class=\"m-product_hightlights__content-wrapper\">\n<h4 class=\"headline hl4\"><strong>Coupe l\u2019acier comme du beurre. La puissance red\u00e9finie.<\/strong><\/h4>\n<ul class=\"m-product_hightlights__list\">\n<li>Tr\u00e8s bonnes performances de coupe : moteur am\u00e9lior\u00e9 facilitant les coupes exigeantes<\/li>\n<li>Grande long\u00e9vit\u00e9 : l\u2019engrenage am\u00e9lior\u00e9 accro\u00eet la dur\u00e9e de vie<\/li>\n<li>Facile \u00e0 transporter : la base de dimensions r\u00e9duite am\u00e9liore la maniabilit\u00e9<\/li>\n<\/ul>\n<\/div>\n<\/div>\n<div class=\"col-md-6\">\n<h4 class=\"headline hl4\"><strong>Fonctions<\/strong><\/h4>\n<div class=\"image-row bsTooltip__wrapper\">\n<div class=\"image-col bsTooltip\" title=\"\" data-content=\"Plaque de base tr\u00e8s solide gr\u00e2ce \u00e0 la semelle m\u00e9tallique\" data-original-title=\"\"><img decoding=\"async\" class=\"img-responsive lazyloaded alignleft\" src=\"https:\/\/www.bosch-professional.com\/binary\/ocsmedia\/optimized\/100x100\/o238961v54_Bosch_BI_Icon_RobustBase.png\" alt=\"Plaque de base tr\u00e8s solide gr\u00e2ce \u00e0 la semelle m\u00e9tallique\" data-sizes=\"(max-width: 767px) 100px, (min-width: 768px) and (max-width: 991px) 100px, (-webkit-min-device-pixel-ratio: 2.0) and (min-width: 1000px) 200px, 100px\" data-srcset=\"https:\/\/www.bosch-professional.com\/binary\/ocsmedia\/optimized\/100x100\/o238961v54_Bosch_BI_Icon_RobustBase.png 100w, https:\/\/www.bosch-professional.com\/binary\/ocsmedia\/optimized\/100x100\/o238961v54_Bosch_BI_Icon_RobustBase.png 100w, https:\/\/www.bosch-professional.com\/binary\/ocsmedia\/optimized\/100x100\/o238961v54_Bosch_BI_Icon_RobustBase.png 100w, https:\/\/www.bosch-professional.com\/binary\/ocsmedia\/optimized\/200x200\/o238961v54_Bosch_BI_Icon_RobustBase.png 200w\" data-src=\"https:\/\/www.bosch-professional.com\/binary\/ocsmedia\/optimized\/100x100\/o238961v54_Bosch_BI_Icon_RobustBase.png\" \/><\/div>\n<div class=\"image-col bsTooltip\" title=\"\" data-content=\"Travail des m\u00e9taux Les outils \u00e9lectroportatifs professionnels Bosch pour travail du m\u00e9tal.\" data-original-title=\"\"><img decoding=\"async\" class=\"img-responsive lazyloaded alignleft\" src=\"https:\/\/www.bosch-professional.com\/binary\/ocsmedia\/optimized\/100x100\/o246752v54_metal_picto_01.png\" alt=\"Travail des m\u00e9taux Les outils \u00e9lectroportatifs professionnels Bosch pour travail du m\u00e9tal.\" data-sizes=\"(max-width: 767px) 100px, (min-width: 768px) and (max-width: 991px) 100px, (-webkit-min-device-pixel-ratio: 2.0) and (min-width: 1000px) 200px, 100px\" data-srcset=\"https:\/\/www.bosch-professional.com\/binary\/ocsmedia\/optimized\/100x100\/o246752v54_metal_picto_01.png 100w, https:\/\/www.bosch-professional.com\/binary\/ocsmedia\/optimized\/100x100\/o246752v54_metal_picto_01.png 100w, https:\/\/www.bosch-professional.com\/binary\/ocsmedia\/optimized\/100x100\/o246752v54_metal_picto_01.png 100w, https:\/\/www.bosch-professional.com\/binary\/ocsmedia\/optimized\/200x200\/o246752v54_metal_picto_01.png 200w\" data-src=\"https:\/\/www.bosch-professional.com\/binary\/ocsmedia\/optimized\/100x100\/o246752v54_metal_picto_01.png\" \/><\/div>\n<\/div>\n<\/div>\n<\/div>\n<\/div>\n<\/section>\n<section id=\"pricescope\" class=\"o-product_variations-a trackingModule\">\n<div class=\"o-product_variations-a__container container\">\n<div class=\"o-product_variations-a__row row\">\n<div class=\"m-detail_stage\">\n<div class=\"m-detail_stage__headline col-xs-12\">\n<h4 class=\"headline hl1\"><strong>Ce qui est inclus dans ce paquet<\/strong><\/h4>\n<\/div>\n<div class=\"m-detail_stage__image col-sm-5\"><img decoding=\"async\" class=\"img-responsive alignleft\" src=\"https:\/\/www.bosch-professional.com\/binary\/ocsmedia\/optimized\/530x530\/o285286v54_GCO220_stat_01-Kit.png\" alt=\"GCO 220 Professional\" \/><\/div>\n<\/div>\n<div class=\"m-conversion_area\">\n<div class=\"m-conversion_area__col\">\n<div class=\"m-conversion_area__information\">\n<div class=\"m-conversion_area__headline m-conversion_area__headline--hl3\">\n<div class=\"headline hl3\">GCO 220 Professional<\/div>\n<\/div>\n<div class=\"m-conversion_area__headline m-conversion_area__headline--hl5\">\n<div class=\"headline hl5\">R\u00e9f\u00e9rence:\u00a0<span class=\"a-ordernumber\">0\u00a0601\u00a0B37\u00a03K1<\/span><\/div>\n<\/div>\n<\/div>\n<div class=\"m-conversion_area__interaction\"><\/div>\n<\/div>\n<\/div>\n<\/div>\n<\/div>\n<\/section>\n<section id=\"sparepart\" class=\"o-spare_parts_finder trackingModule\">\n<div class=\"container\">\n<div class=\"o-spare_parts_finder__slider carousel trackingTeaser slick-initialized slick-slider\">\n<div class=\"slick-list draggable\">\n<div class=\"slick-track\">\n<div class=\"slick-slide slick-cloned\" data-slick-index=\"-1\" aria-hidden=\"true\">\n<div>\n<div class=\"o-spare_parts_finder__item\">\n<div class=\"m-identify_product2\" data-ts-require=\"1495530788232\"><\/div>\n<\/div>\n<\/div>\n<\/div>\n<\/div>\n<\/div>\n<\/div>\n<\/div>\n<\/section>\n<section id=\"624794\" class=\"trackingModule m-teaser_supergraphic_2col \" data-ts-require=\"1491406891644\">\n<div class=\"m-teaser_supergraphic_2col__items\">\n<div class=\"trackingTeaser m-teaser_supergraphic_2col__item col-sm-6\">\n<div class=\"inner col-sm-4\"><\/div>\n<\/div>\n<\/div>\n<\/section>\n<p><span data-mce-type=\"bookmark\" style=\"width: 0px;overflow: hidden;line-height: 0\" class=\"mce_SELRES_start\">\ufeff<\/span><\/p>\n","protected":false},"excerpt":{"rendered":"<h4>Coupe l\u2019acier comme du beurre. La puissance red\u00e9finie.<\/h4>\n<p><img decoding=\"async\" class=\"alignnone size-full wp-image-10429\" src=\"https:\/\/lhchosting.com\/hosna\/wp-content\/uploads\/2020\/06\/1.jpg\" alt=\"\" width=\"237\" height=\"122\" srcset=\"https:\/\/eurlhosnakamel.dz\/dz\/wp-content\/uploads\/2020\/06\/1.jpg 237w, https:\/\/eurlhosnakamel.dz\/dz\/wp-content\/uploads\/2020\/06\/1-200x103.jpg 200w\" sizes=\"(max-width: 237px) 100vw, 237px\" \/><\/p>\n","protected":false},"featured_media":10428,"template":"","meta":[],"product_cat":[405,441],"product_tag":[2346],"class_list":{"0":"post-10427","1":"product","2":"type-product","3":"status-publish","4":"has-post-thumbnail","6":"product_cat-outillage","7":"product_cat-outillage-filaire","8":"product_tag-tronconneuse-a-metal-355-mm-2200-watts-gco-220","9":"product_brand-bosch-outillage","11":"first","12":"instock","13":"shipping-taxable","14":"product-type-simple","15":"col-xs-6 col-sm-4","16":"col-md-3 col-lg-3","17":"un-4-cols"},"yoast_head":"<!-- This site is optimized with the Yoast SEO plugin v22.5 - https:\/\/yoast.com\/wordpress\/plugins\/seo\/ -->\n<title>Tron\u00e7onneuse \u00e0 m\u00e9tal 355 mm 2200 Watts GCO 220 - EURL HOSNA KAMEL<\/title>\n<meta name=\"description\" content=\"Tron\u00e7onneuse \u00e0 m\u00e9tal 355 mm 2200 Watts GCO 220 - EURL HOSNA KAMEL\" \/>\n<meta name=\"robots\" content=\"index, follow, max-snippet:-1, max-image-preview:large, max-video-preview:-1\" \/>\n<link rel=\"canonical\" href=\"https:\/\/eurlhosnakamel.dz\/dz\/produit\/tronconneuse-a-metal-355-mm-2200-watts-gco-220\/\" \/>\n<meta property=\"og:locale\" content=\"fr_FR\" \/>\n<meta property=\"og:type\" content=\"article\" \/>\n<meta property=\"og:title\" content=\"Tron\u00e7onneuse \u00e0 m\u00e9tal 355 mm 2200 Watts GCO 220 - EURL HOSNA KAMEL\" \/>\n<meta property=\"og:description\" content=\"Tron\u00e7onneuse \u00e0 m\u00e9tal 355 mm 2200 Watts GCO 220 - EURL HOSNA KAMEL\" \/>\n<meta property=\"og:url\" content=\"https:\/\/eurlhosnakamel.dz\/dz\/produit\/tronconneuse-a-metal-355-mm-2200-watts-gco-220\/\" \/>\n<meta property=\"og:site_name\" content=\"EURL HOSNA KAMEL\" \/>\n<meta property=\"article:publisher\" content=\"https:\/\/www.facebook.com\/Eurl.Hosna.DZ\/\" \/>\n<meta property=\"article:modified_time\" content=\"2021-12-19T08:44:12+00:00\" \/>\n<meta property=\"og:image\" content=\"https:\/\/eurlhosnakamel.dz\/dz\/wp-content\/uploads\/2020\/06\/Tronconneuse-\u00e0-m\u00e9tal-355-mm-2200-Watts-GCO-220.jpg\" \/>\n\t<meta property=\"og:image:width\" content=\"512\" \/>\n\t<meta property=\"og:image:height\" content=\"512\" \/>\n\t<meta property=\"og:image:type\" content=\"image\/jpeg\" \/>\n<meta name=\"twitter:card\" content=\"summary_large_image\" \/>\n<meta name=\"twitter:label1\" content=\"Dur\u00e9e de lecture estim\u00e9e\" \/>\n\t<meta name=\"twitter:data1\" content=\"1 minute\" \/>\n<script type=\"application\/ld+json\" class=\"yoast-schema-graph\">{\"@context\":\"https:\/\/schema.org\",\"@graph\":[{\"@type\":\"WebPage\",\"@id\":\"https:\/\/eurlhosnakamel.dz\/dz\/produit\/tronconneuse-a-metal-355-mm-2200-watts-gco-220\/\",\"url\":\"https:\/\/eurlhosnakamel.dz\/dz\/produit\/tronconneuse-a-metal-355-mm-2200-watts-gco-220\/\",\"name\":\"Tron\u00e7onneuse \u00e0 m\u00e9tal 355 mm 2200 Watts GCO 220 - EURL HOSNA KAMEL\",\"isPartOf\":{\"@id\":\"https:\/\/eurlhosnakamel.dz\/dz\/#website\"},\"primaryImageOfPage\":{\"@id\":\"https:\/\/eurlhosnakamel.dz\/dz\/produit\/tronconneuse-a-metal-355-mm-2200-watts-gco-220\/#primaryimage\"},\"image\":{\"@id\":\"https:\/\/eurlhosnakamel.dz\/dz\/produit\/tronconneuse-a-metal-355-mm-2200-watts-gco-220\/#primaryimage\"},\"thumbnailUrl\":\"https:\/\/eurlhosnakamel.dz\/dz\/wp-content\/uploads\/2020\/06\/Tronconneuse-\u00e0-m\u00e9tal-355-mm-2200-Watts-GCO-220.jpg\",\"datePublished\":\"2020-06-01T08:21:11+00:00\",\"dateModified\":\"2021-12-19T08:44:12+00:00\",\"description\":\"Tron\u00e7onneuse \u00e0 m\u00e9tal 355 mm 2200 Watts GCO 220 - EURL HOSNA KAMEL\",\"breadcrumb\":{\"@id\":\"https:\/\/eurlhosnakamel.dz\/dz\/produit\/tronconneuse-a-metal-355-mm-2200-watts-gco-220\/#breadcrumb\"},\"inLanguage\":\"fr-FR\",\"potentialAction\":[{\"@type\":\"ReadAction\",\"target\":[\"https:\/\/eurlhosnakamel.dz\/dz\/produit\/tronconneuse-a-metal-355-mm-2200-watts-gco-220\/\"]}]},{\"@type\":\"ImageObject\",\"inLanguage\":\"fr-FR\",\"@id\":\"https:\/\/eurlhosnakamel.dz\/dz\/produit\/tronconneuse-a-metal-355-mm-2200-watts-gco-220\/#primaryimage\",\"url\":\"https:\/\/eurlhosnakamel.dz\/dz\/wp-content\/uploads\/2020\/06\/Tronconneuse-\u00e0-m\u00e9tal-355-mm-2200-Watts-GCO-220.jpg\",\"contentUrl\":\"https:\/\/eurlhosnakamel.dz\/dz\/wp-content\/uploads\/2020\/06\/Tronconneuse-\u00e0-m\u00e9tal-355-mm-2200-Watts-GCO-220.jpg\",\"width\":512,\"height\":512,\"caption\":\"Bosch Alg\u00e9rie\"},{\"@type\":\"BreadcrumbList\",\"@id\":\"https:\/\/eurlhosnakamel.dz\/dz\/produit\/tronconneuse-a-metal-355-mm-2200-watts-gco-220\/#breadcrumb\",\"itemListElement\":[{\"@type\":\"ListItem\",\"position\":1,\"name\":\"Accueil\",\"item\":\"https:\/\/eurlhosnakamel.dz\/dz\/\"},{\"@type\":\"ListItem\",\"position\":2,\"name\":\"Shop\",\"item\":\"https:\/\/eurlhosnakamel.dz\/dz\/shop\/\"},{\"@type\":\"ListItem\",\"position\":3,\"name\":\"Tron\u00e7onneuse \u00e0 m\u00e9tal 355 mm 2200 Watts GCO 220\"}]},{\"@type\":\"WebSite\",\"@id\":\"https:\/\/eurlhosnakamel.dz\/dz\/#website\",\"url\":\"https:\/\/eurlhosnakamel.dz\/dz\/\",\"name\":\"EURL HOSNA KAMEL\",\"description\":\"Fournisseur Premium d&#039;Outillages Professionnels en Alg\u00e9rie -\",\"publisher\":{\"@id\":\"https:\/\/eurlhosnakamel.dz\/dz\/#organization\"},\"potentialAction\":[{\"@type\":\"SearchAction\",\"target\":{\"@type\":\"EntryPoint\",\"urlTemplate\":\"https:\/\/eurlhosnakamel.dz\/dz\/?s={search_term_string}\"},\"query-input\":\"required name=search_term_string\"}],\"inLanguage\":\"fr-FR\"},{\"@type\":\"Organization\",\"@id\":\"https:\/\/eurlhosnakamel.dz\/dz\/#organization\",\"name\":\"EURL HOSNA KAMEL - Bosch alg\u00e9rie\",\"url\":\"https:\/\/eurlhosnakamel.dz\/dz\/\",\"logo\":{\"@type\":\"ImageObject\",\"inLanguage\":\"fr-FR\",\"@id\":\"https:\/\/eurlhosnakamel.dz\/dz\/#\/schema\/logo\/image\/\",\"url\":\"https:\/\/eurlhosnakamel.dz\/wp-content\/uploads\/2020\/04\/LOGO-HOSNA1.png\",\"contentUrl\":\"https:\/\/eurlhosnakamel.dz\/wp-content\/uploads\/2020\/04\/LOGO-HOSNA1.png\",\"width\":120,\"height\":127,\"caption\":\"EURL HOSNA KAMEL - Bosch alg\u00e9rie\"},\"image\":{\"@id\":\"https:\/\/eurlhosnakamel.dz\/dz\/#\/schema\/logo\/image\/\"},\"sameAs\":[\"https:\/\/www.facebook.com\/Eurl.Hosna.DZ\/\"]}]}<\/script>\n<!-- \/ Yoast SEO plugin. -->","yoast_head_json":{"title":"Tron\u00e7onneuse \u00e0 m\u00e9tal 355 mm 2200 Watts GCO 220 - EURL HOSNA KAMEL","description":"Tron\u00e7onneuse \u00e0 m\u00e9tal 355 mm 2200 Watts GCO 220 - EURL HOSNA KAMEL","robots":{"index":"index","follow":"follow","max-snippet":"max-snippet:-1","max-image-preview":"max-image-preview:large","max-video-preview":"max-video-preview:-1"},"canonical":"https:\/\/eurlhosnakamel.dz\/dz\/produit\/tronconneuse-a-metal-355-mm-2200-watts-gco-220\/","og_locale":"fr_FR","og_type":"article","og_title":"Tron\u00e7onneuse \u00e0 m\u00e9tal 355 mm 2200 Watts GCO 220 - EURL HOSNA KAMEL","og_description":"Tron\u00e7onneuse \u00e0 m\u00e9tal 355 mm 2200 Watts GCO 220 - EURL HOSNA KAMEL","og_url":"https:\/\/eurlhosnakamel.dz\/dz\/produit\/tronconneuse-a-metal-355-mm-2200-watts-gco-220\/","og_site_name":"EURL HOSNA KAMEL","article_publisher":"https:\/\/www.facebook.com\/Eurl.Hosna.DZ\/","article_modified_time":"2021-12-19T08:44:12+00:00","og_image":[{"width":512,"height":512,"url":"https:\/\/eurlhosnakamel.dz\/dz\/wp-content\/uploads\/2020\/06\/Tronconneuse-\u00e0-m\u00e9tal-355-mm-2200-Watts-GCO-220.jpg","type":"image\/jpeg"}],"twitter_card":"summary_large_image","twitter_misc":{"Dur\u00e9e de lecture estim\u00e9e":"1 minute"},"schema":{"@context":"https:\/\/schema.org","@graph":[{"@type":"WebPage","@id":"https:\/\/eurlhosnakamel.dz\/dz\/produit\/tronconneuse-a-metal-355-mm-2200-watts-gco-220\/","url":"https:\/\/eurlhosnakamel.dz\/dz\/produit\/tronconneuse-a-metal-355-mm-2200-watts-gco-220\/","name":"Tron\u00e7onneuse \u00e0 m\u00e9tal 355 mm 2200 Watts GCO 220 - EURL HOSNA KAMEL","isPartOf":{"@id":"https:\/\/eurlhosnakamel.dz\/dz\/#website"},"primaryImageOfPage":{"@id":"https:\/\/eurlhosnakamel.dz\/dz\/produit\/tronconneuse-a-metal-355-mm-2200-watts-gco-220\/#primaryimage"},"image":{"@id":"https:\/\/eurlhosnakamel.dz\/dz\/produit\/tronconneuse-a-metal-355-mm-2200-watts-gco-220\/#primaryimage"},"thumbnailUrl":"https:\/\/eurlhosnakamel.dz\/dz\/wp-content\/uploads\/2020\/06\/Tronconneuse-\u00e0-m\u00e9tal-355-mm-2200-Watts-GCO-220.jpg","datePublished":"2020-06-01T08:21:11+00:00","dateModified":"2021-12-19T08:44:12+00:00","description":"Tron\u00e7onneuse \u00e0 m\u00e9tal 355 mm 2200 Watts GCO 220 - EURL HOSNA KAMEL","breadcrumb":{"@id":"https:\/\/eurlhosnakamel.dz\/dz\/produit\/tronconneuse-a-metal-355-mm-2200-watts-gco-220\/#breadcrumb"},"inLanguage":"fr-FR","potentialAction":[{"@type":"ReadAction","target":["https:\/\/eurlhosnakamel.dz\/dz\/produit\/tronconneuse-a-metal-355-mm-2200-watts-gco-220\/"]}]},{"@type":"ImageObject","inLanguage":"fr-FR","@id":"https:\/\/eurlhosnakamel.dz\/dz\/produit\/tronconneuse-a-metal-355-mm-2200-watts-gco-220\/#primaryimage","url":"https:\/\/eurlhosnakamel.dz\/dz\/wp-content\/uploads\/2020\/06\/Tronconneuse-\u00e0-m\u00e9tal-355-mm-2200-Watts-GCO-220.jpg","contentUrl":"https:\/\/eurlhosnakamel.dz\/dz\/wp-content\/uploads\/2020\/06\/Tronconneuse-\u00e0-m\u00e9tal-355-mm-2200-Watts-GCO-220.jpg","width":512,"height":512,"caption":"Bosch Alg\u00e9rie"},{"@type":"BreadcrumbList","@id":"https:\/\/eurlhosnakamel.dz\/dz\/produit\/tronconneuse-a-metal-355-mm-2200-watts-gco-220\/#breadcrumb","itemListElement":[{"@type":"ListItem","position":1,"name":"Accueil","item":"https:\/\/eurlhosnakamel.dz\/dz\/"},{"@type":"ListItem","position":2,"name":"Shop","item":"https:\/\/eurlhosnakamel.dz\/dz\/shop\/"},{"@type":"ListItem","position":3,"name":"Tron\u00e7onneuse \u00e0 m\u00e9tal 355 mm 2200 Watts GCO 220"}]},{"@type":"WebSite","@id":"https:\/\/eurlhosnakamel.dz\/dz\/#website","url":"https:\/\/eurlhosnakamel.dz\/dz\/","name":"EURL HOSNA KAMEL","description":"Fournisseur Premium d&#039;Outillages Professionnels en Alg\u00e9rie -","publisher":{"@id":"https:\/\/eurlhosnakamel.dz\/dz\/#organization"},"potentialAction":[{"@type":"SearchAction","target":{"@type":"EntryPoint","urlTemplate":"https:\/\/eurlhosnakamel.dz\/dz\/?s={search_term_string}"},"query-input":"required name=search_term_string"}],"inLanguage":"fr-FR"},{"@type":"Organization","@id":"https:\/\/eurlhosnakamel.dz\/dz\/#organization","name":"EURL HOSNA KAMEL - Bosch alg\u00e9rie","url":"https:\/\/eurlhosnakamel.dz\/dz\/","logo":{"@type":"ImageObject","inLanguage":"fr-FR","@id":"https:\/\/eurlhosnakamel.dz\/dz\/#\/schema\/logo\/image\/","url":"https:\/\/eurlhosnakamel.dz\/wp-content\/uploads\/2020\/04\/LOGO-HOSNA1.png","contentUrl":"https:\/\/eurlhosnakamel.dz\/wp-content\/uploads\/2020\/04\/LOGO-HOSNA1.png","width":120,"height":127,"caption":"EURL HOSNA KAMEL - Bosch alg\u00e9rie"},"image":{"@id":"https:\/\/eurlhosnakamel.dz\/dz\/#\/schema\/logo\/image\/"},"sameAs":["https:\/\/www.facebook.com\/Eurl.Hosna.DZ\/"]}]}},"_links":{"self":[{"href":"https:\/\/eurlhosnakamel.dz\/dz\/wp-json\/wp\/v2\/product\/10427","targetHints":{"allow":["GET"]}}],"collection":[{"href":"https:\/\/eurlhosnakamel.dz\/dz\/wp-json\/wp\/v2\/product"}],"about":[{"href":"https:\/\/eurlhosnakamel.dz\/dz\/wp-json\/wp\/v2\/types\/product"}],"wp:featuredmedia":[{"embeddable":true,"href":"https:\/\/eurlhosnakamel.dz\/dz\/wp-json\/wp\/v2\/media\/10428"}],"wp:attachment":[{"href":"https:\/\/eurlhosnakamel.dz\/dz\/wp-json\/wp\/v2\/media?parent=10427"}],"wp:term":[{"taxonomy":"product_cat","embeddable":true,"href":"https:\/\/eurlhosnakamel.dz\/dz\/wp-json\/wp\/v2\/product_cat?post=10427"},{"taxonomy":"product_tag","embeddable":true,"href":"https:\/\/eurlhosnakamel.dz\/dz\/wp-json\/wp\/v2\/product_tag?post=10427"}],"curies":[{"name":"wp","href":"https:\/\/api.w.org\/{rel}","templated":true}]}}