{"id":10430,"date":"2020-06-01T08:29:41","date_gmt":"2020-06-01T08:29:41","guid":{"rendered":"https:\/\/lhchosting.com\/hosna\/?post_type=product&#038;p=10430"},"modified":"2021-12-19T08:44:07","modified_gmt":"2021-12-19T08:44:07","slug":"tronconneuse-a-metal-355-mm-2000-watts-gco-200","status":"publish","type":"product","link":"https:\/\/eurlhosnakamel.dz\/dz\/produit\/tronconneuse-a-metal-355-mm-2000-watts-gco-200\/","title":{"rendered":"Tron\u00e7onneuse \u00e0 m\u00e9tal 355 mm 2000 Watts GCO 200"},"content":{"rendered":"<section id=\"technicaldata\" class=\"o-technical_details-a trackingModule\">\n<div class=\"container\">\n<div class=\"row\">\n<div class=\"col-xs-12\">\n<h4 class=\"headline hl1\"><strong>Caract\u00e9ristiques techniques<\/strong><\/h4>\n<\/div>\n<\/div>\n<div class=\"row\">\n<div class=\"col-lg-8 col-xs-12\">\n<table class=\"table\">\n<colgroup>\n<col class=\"col-xs-5\" \/>\n<col class=\"col-xs-3\" \/><\/colgroup>\n<thead>\n<tr>\n<th class=\"headline hl4\" colspan=\"2\">Donn\u00e9es suppl\u00e9mentaires<\/th>\n<\/tr>\n<\/thead>\n<tbody>\n<tr>\n<td>R\u00e9gime \u00e0 vide*<\/td>\n<td>3\u00a0800\u00a0t\/min<\/td>\n<\/tr>\n<tr>\n<td>Capacit\u00e9 de coupe rectangulaire 0\u00b0<\/td>\n<td>100 x 196\u00a0mm<\/td>\n<\/tr>\n<tr>\n<td>Capacit\u00e9 de coupe carr\u00e9 0\u00b0<\/td>\n<td>119 x 119\u00a0mm<\/td>\n<\/tr>\n<tr>\n<td>Capacit\u00e9 de coupe, profil\u00e9 en L 0\u00b0<\/td>\n<td>130 x 130\u00a0mm<\/td>\n<\/tr>\n<tr>\n<td>Poids*<\/td>\n<td>17\u00a0kg<\/td>\n<\/tr>\n<tr>\n<td>Puissance absorb\u00e9e nominale<\/td>\n<td>2\u00a0000\u00a0W<\/td>\n<\/tr>\n<\/tbody>\n<\/table>\n<p>* Donn\u00e9es mises en surbrillance<\/p>\n<p>Le niveau sonore pond\u00e9r\u00e9 A de l&#8217;outil \u00e9lectroportatif est typiquement de : niveau de pression acoustique dB(A) ; niveau de puissance acoustique dB(A). Incertitude K = dB.<\/p>\n<\/div>\n<\/div>\n<\/div>\n<\/section>\n<section id=\"highlights\" class=\"m-product_hightlights trackingModule\">\n<div class=\"container\">\n<h4 class=\"headline hl1\"><strong>Avantages<\/strong><\/h4>\n<div class=\"row\">\n<div class=\"col-md-6\">\n<div class=\"m-product_hightlights__content-wrapper\">\n<h4 class=\"headline hl4\"><strong>Un excellent investissement de productivit\u00e9<\/strong><\/h4>\n<ul class=\"m-product_hightlights__list\">\n<li>Haute productivit\u00e9 gr\u00e2ce au moteur 2000\u00a0W performant<\/li>\n<li>Support sup\u00e9rieur pour le tron\u00e7onnage de mat\u00e9riaux gr\u00e2ce \u00e0 sa grande base robuste<\/li>\n<li>Protection absolue de l\u2019op\u00e9rateur et minimisation des oscillations gr\u00e2ce un syst\u00e8me de protection durable<\/li>\n<\/ul>\n<\/div>\n<\/div>\n<div class=\"col-md-6\">\n<h4 class=\"headline hl4\"><strong>Fonctions<\/strong><\/h4>\n<div class=\"image-row bsTooltip__wrapper\">\n<div class=\"image-col bsTooltip\" title=\"\" data-content=\"Travail des m\u00e9taux Les outils \u00e9lectroportatifs professionnels Bosch pour travail du m\u00e9tal.\" data-original-title=\"\"><img decoding=\"async\" class=\"img-responsive ls-is-cached lazyloaded alignleft\" src=\"https:\/\/www.bosch-professional.com\/binary\/ocsmedia\/optimized\/100x100\/o246752v54_metal_picto_01.png\" alt=\"Travail des m\u00e9taux Les outils \u00e9lectroportatifs professionnels Bosch pour travail du m\u00e9tal.\" data-sizes=\"(max-width: 767px) 100px, (min-width: 768px) and (max-width: 991px) 100px, (-webkit-min-device-pixel-ratio: 2.0) and (min-width: 1000px) 200px, 100px\" data-srcset=\"https:\/\/www.bosch-professional.com\/binary\/ocsmedia\/optimized\/100x100\/o246752v54_metal_picto_01.png 100w, https:\/\/www.bosch-professional.com\/binary\/ocsmedia\/optimized\/100x100\/o246752v54_metal_picto_01.png 100w, https:\/\/www.bosch-professional.com\/binary\/ocsmedia\/optimized\/100x100\/o246752v54_metal_picto_01.png 100w, https:\/\/www.bosch-professional.com\/binary\/ocsmedia\/optimized\/200x200\/o246752v54_metal_picto_01.png 200w\" data-src=\"https:\/\/www.bosch-professional.com\/binary\/ocsmedia\/optimized\/100x100\/o246752v54_metal_picto_01.png\" \/><\/div>\n<\/div>\n<\/div>\n<\/div>\n<\/div>\n<\/section>\n<section id=\"pricescope\" class=\"o-product_variations-a trackingModule\">\n<div class=\"o-product_variations-a__container container\">\n<div class=\"o-product_variations-a__row row\">\n<div class=\"m-detail_stage\">\n<div class=\"m-detail_stage__headline col-xs-12\">\n<h4 class=\"headline hl1\"><strong>Ce qui est inclus dans ce paquet<\/strong><\/h4>\n<\/div>\n<div class=\"m-detail_stage__image col-sm-5\"><img decoding=\"async\" class=\"img-responsive alignleft\" src=\"https:\/\/www.bosch-professional.com\/binary\/ocsmedia\/optimized\/530x530\/o210988v54_lv-178812-12-lv-210988-12-GCO200_dyn.png\" alt=\"avec meule \u00e0 \u00e9barber\" \/><\/div>\n<\/div>\n<div class=\"m-conversion_area\">\n<div class=\"m-conversion_area__col\">\n<div class=\"m-conversion_area__information\">\n<div class=\"m-conversion_area__headline m-conversion_area__headline--hl3\">\n<div class=\"headline hl3\">avec meule \u00e0 \u00e9barber<\/div>\n<\/div>\n<div class=\"m-conversion_area__headline m-conversion_area__headline--hl5\">\n<div class=\"headline hl5\">R\u00e9f\u00e9rence:\u00a0<span class=\"a-ordernumber\">0\u00a0601\u00a0B38\u00a00K1<\/span><\/div>\n<\/div>\n<ul class=\"m-conversion_area__ul\">\n<li class=\"m-conversion_area__li\">Meule \u00e0 \u00e9barber<\/li>\n<\/ul>\n<\/div>\n<\/div>\n<\/div>\n<\/div>\n<\/div>\n<\/section>\n","protected":false},"excerpt":{"rendered":"<h4>Un excellent investissement de productivit\u00e9<\/h4>\n<p><img decoding=\"async\" class=\"alignnone size-full wp-image-10432\" src=\"https:\/\/lhchosting.com\/hosna\/wp-content\/uploads\/2020\/06\/1-1.jpg\" alt=\"\" width=\"126\" height=\"125\" srcset=\"https:\/\/eurlhosnakamel.dz\/dz\/wp-content\/uploads\/2020\/06\/1-1.jpg 126w, https:\/\/eurlhosnakamel.dz\/dz\/wp-content\/uploads\/2020\/06\/1-1-100x100.jpg 100w\" sizes=\"(max-width: 126px) 100vw, 126px\" \/><\/p>\n","protected":false},"featured_media":10431,"template":"","meta":[],"product_cat":[405,441],"product_tag":[2347],"class_list":{"0":"post-10430","1":"product","2":"type-product","3":"status-publish","4":"has-post-thumbnail","6":"product_cat-outillage","7":"product_cat-outillage-filaire","8":"product_tag-tronconneuse-a-metal-355-mm-2000-watts-gco-200","9":"product_brand-bosch-outillage","11":"first","12":"instock","13":"shipping-taxable","14":"product-type-simple","15":"col-xs-6 col-sm-4","16":"col-md-3 col-lg-3","17":"un-4-cols"},"yoast_head":"<!-- This site is optimized with the Yoast SEO plugin v22.5 - https:\/\/yoast.com\/wordpress\/plugins\/seo\/ -->\n<title>Tron\u00e7onneuse \u00e0 m\u00e9tal 355 mm 2000 Watts GCO 200 - EURL HOSNA KAMEL<\/title>\n<meta name=\"description\" content=\"Tron\u00e7onneuse \u00e0 m\u00e9tal 355 mm 2000 Watts GCO 200 - EURL HOSNA KAMEL\" \/>\n<meta name=\"robots\" content=\"index, follow, max-snippet:-1, max-image-preview:large, max-video-preview:-1\" \/>\n<link rel=\"canonical\" href=\"https:\/\/eurlhosnakamel.dz\/dz\/produit\/tronconneuse-a-metal-355-mm-2000-watts-gco-200\/\" \/>\n<meta property=\"og:locale\" content=\"fr_FR\" \/>\n<meta property=\"og:type\" content=\"article\" \/>\n<meta property=\"og:title\" content=\"Tron\u00e7onneuse \u00e0 m\u00e9tal 355 mm 2000 Watts GCO 200 - EURL HOSNA KAMEL\" \/>\n<meta property=\"og:description\" content=\"Tron\u00e7onneuse \u00e0 m\u00e9tal 355 mm 2000 Watts GCO 200 - EURL HOSNA KAMEL\" \/>\n<meta property=\"og:url\" content=\"https:\/\/eurlhosnakamel.dz\/dz\/produit\/tronconneuse-a-metal-355-mm-2000-watts-gco-200\/\" \/>\n<meta property=\"og:site_name\" content=\"EURL HOSNA KAMEL\" \/>\n<meta property=\"article:publisher\" content=\"https:\/\/www.facebook.com\/Eurl.Hosna.DZ\/\" \/>\n<meta property=\"article:modified_time\" content=\"2021-12-19T08:44:07+00:00\" \/>\n<meta property=\"og:image\" content=\"https:\/\/eurlhosnakamel.dz\/dz\/wp-content\/uploads\/2020\/06\/Tronconneuse-\u00e0-m\u00e9tal-355-mm-2000-Watts-GCO-200-eurl-hosna-kamel-algerie.jpg\" \/>\n\t<meta property=\"og:image:width\" content=\"512\" \/>\n\t<meta property=\"og:image:height\" content=\"512\" \/>\n\t<meta property=\"og:image:type\" content=\"image\/jpeg\" \/>\n<meta name=\"twitter:card\" content=\"summary_large_image\" \/>\n<meta name=\"twitter:label1\" content=\"Dur\u00e9e de lecture estim\u00e9e\" \/>\n\t<meta name=\"twitter:data1\" content=\"1 minute\" \/>\n<script type=\"application\/ld+json\" class=\"yoast-schema-graph\">{\"@context\":\"https:\/\/schema.org\",\"@graph\":[{\"@type\":\"WebPage\",\"@id\":\"https:\/\/eurlhosnakamel.dz\/dz\/produit\/tronconneuse-a-metal-355-mm-2000-watts-gco-200\/\",\"url\":\"https:\/\/eurlhosnakamel.dz\/dz\/produit\/tronconneuse-a-metal-355-mm-2000-watts-gco-200\/\",\"name\":\"Tron\u00e7onneuse \u00e0 m\u00e9tal 355 mm 2000 Watts GCO 200 - EURL HOSNA KAMEL\",\"isPartOf\":{\"@id\":\"https:\/\/eurlhosnakamel.dz\/dz\/#website\"},\"primaryImageOfPage\":{\"@id\":\"https:\/\/eurlhosnakamel.dz\/dz\/produit\/tronconneuse-a-metal-355-mm-2000-watts-gco-200\/#primaryimage\"},\"image\":{\"@id\":\"https:\/\/eurlhosnakamel.dz\/dz\/produit\/tronconneuse-a-metal-355-mm-2000-watts-gco-200\/#primaryimage\"},\"thumbnailUrl\":\"https:\/\/eurlhosnakamel.dz\/dz\/wp-content\/uploads\/2020\/06\/Tronconneuse-\u00e0-m\u00e9tal-355-mm-2000-Watts-GCO-200-eurl-hosna-kamel-algerie.jpg\",\"datePublished\":\"2020-06-01T08:29:41+00:00\",\"dateModified\":\"2021-12-19T08:44:07+00:00\",\"description\":\"Tron\u00e7onneuse \u00e0 m\u00e9tal 355 mm 2000 Watts GCO 200 - EURL HOSNA KAMEL\",\"breadcrumb\":{\"@id\":\"https:\/\/eurlhosnakamel.dz\/dz\/produit\/tronconneuse-a-metal-355-mm-2000-watts-gco-200\/#breadcrumb\"},\"inLanguage\":\"fr-FR\",\"potentialAction\":[{\"@type\":\"ReadAction\",\"target\":[\"https:\/\/eurlhosnakamel.dz\/dz\/produit\/tronconneuse-a-metal-355-mm-2000-watts-gco-200\/\"]}]},{\"@type\":\"ImageObject\",\"inLanguage\":\"fr-FR\",\"@id\":\"https:\/\/eurlhosnakamel.dz\/dz\/produit\/tronconneuse-a-metal-355-mm-2000-watts-gco-200\/#primaryimage\",\"url\":\"https:\/\/eurlhosnakamel.dz\/dz\/wp-content\/uploads\/2020\/06\/Tronconneuse-\u00e0-m\u00e9tal-355-mm-2000-Watts-GCO-200-eurl-hosna-kamel-algerie.jpg\",\"contentUrl\":\"https:\/\/eurlhosnakamel.dz\/dz\/wp-content\/uploads\/2020\/06\/Tronconneuse-\u00e0-m\u00e9tal-355-mm-2000-Watts-GCO-200-eurl-hosna-kamel-algerie.jpg\",\"width\":512,\"height\":512},{\"@type\":\"BreadcrumbList\",\"@id\":\"https:\/\/eurlhosnakamel.dz\/dz\/produit\/tronconneuse-a-metal-355-mm-2000-watts-gco-200\/#breadcrumb\",\"itemListElement\":[{\"@type\":\"ListItem\",\"position\":1,\"name\":\"Accueil\",\"item\":\"https:\/\/eurlhosnakamel.dz\/dz\/\"},{\"@type\":\"ListItem\",\"position\":2,\"name\":\"Shop\",\"item\":\"https:\/\/eurlhosnakamel.dz\/dz\/shop\/\"},{\"@type\":\"ListItem\",\"position\":3,\"name\":\"Tron\u00e7onneuse \u00e0 m\u00e9tal 355 mm 2000 Watts GCO 200\"}]},{\"@type\":\"WebSite\",\"@id\":\"https:\/\/eurlhosnakamel.dz\/dz\/#website\",\"url\":\"https:\/\/eurlhosnakamel.dz\/dz\/\",\"name\":\"EURL HOSNA KAMEL\",\"description\":\"Fournisseur Premium d&#039;Outillages Professionnels en Alg\u00e9rie -\",\"publisher\":{\"@id\":\"https:\/\/eurlhosnakamel.dz\/dz\/#organization\"},\"potentialAction\":[{\"@type\":\"SearchAction\",\"target\":{\"@type\":\"EntryPoint\",\"urlTemplate\":\"https:\/\/eurlhosnakamel.dz\/dz\/?s={search_term_string}\"},\"query-input\":\"required name=search_term_string\"}],\"inLanguage\":\"fr-FR\"},{\"@type\":\"Organization\",\"@id\":\"https:\/\/eurlhosnakamel.dz\/dz\/#organization\",\"name\":\"EURL HOSNA KAMEL - Bosch alg\u00e9rie\",\"url\":\"https:\/\/eurlhosnakamel.dz\/dz\/\",\"logo\":{\"@type\":\"ImageObject\",\"inLanguage\":\"fr-FR\",\"@id\":\"https:\/\/eurlhosnakamel.dz\/dz\/#\/schema\/logo\/image\/\",\"url\":\"https:\/\/eurlhosnakamel.dz\/wp-content\/uploads\/2020\/04\/LOGO-HOSNA1.png\",\"contentUrl\":\"https:\/\/eurlhosnakamel.dz\/wp-content\/uploads\/2020\/04\/LOGO-HOSNA1.png\",\"width\":120,\"height\":127,\"caption\":\"EURL HOSNA KAMEL - Bosch alg\u00e9rie\"},\"image\":{\"@id\":\"https:\/\/eurlhosnakamel.dz\/dz\/#\/schema\/logo\/image\/\"},\"sameAs\":[\"https:\/\/www.facebook.com\/Eurl.Hosna.DZ\/\"]}]}<\/script>\n<!-- \/ Yoast SEO plugin. -->","yoast_head_json":{"title":"Tron\u00e7onneuse \u00e0 m\u00e9tal 355 mm 2000 Watts GCO 200 - EURL HOSNA KAMEL","description":"Tron\u00e7onneuse \u00e0 m\u00e9tal 355 mm 2000 Watts GCO 200 - EURL HOSNA KAMEL","robots":{"index":"index","follow":"follow","max-snippet":"max-snippet:-1","max-image-preview":"max-image-preview:large","max-video-preview":"max-video-preview:-1"},"canonical":"https:\/\/eurlhosnakamel.dz\/dz\/produit\/tronconneuse-a-metal-355-mm-2000-watts-gco-200\/","og_locale":"fr_FR","og_type":"article","og_title":"Tron\u00e7onneuse \u00e0 m\u00e9tal 355 mm 2000 Watts GCO 200 - EURL HOSNA KAMEL","og_description":"Tron\u00e7onneuse \u00e0 m\u00e9tal 355 mm 2000 Watts GCO 200 - EURL HOSNA KAMEL","og_url":"https:\/\/eurlhosnakamel.dz\/dz\/produit\/tronconneuse-a-metal-355-mm-2000-watts-gco-200\/","og_site_name":"EURL HOSNA KAMEL","article_publisher":"https:\/\/www.facebook.com\/Eurl.Hosna.DZ\/","article_modified_time":"2021-12-19T08:44:07+00:00","og_image":[{"width":512,"height":512,"url":"https:\/\/eurlhosnakamel.dz\/dz\/wp-content\/uploads\/2020\/06\/Tronconneuse-\u00e0-m\u00e9tal-355-mm-2000-Watts-GCO-200-eurl-hosna-kamel-algerie.jpg","type":"image\/jpeg"}],"twitter_card":"summary_large_image","twitter_misc":{"Dur\u00e9e de lecture estim\u00e9e":"1 minute"},"schema":{"@context":"https:\/\/schema.org","@graph":[{"@type":"WebPage","@id":"https:\/\/eurlhosnakamel.dz\/dz\/produit\/tronconneuse-a-metal-355-mm-2000-watts-gco-200\/","url":"https:\/\/eurlhosnakamel.dz\/dz\/produit\/tronconneuse-a-metal-355-mm-2000-watts-gco-200\/","name":"Tron\u00e7onneuse \u00e0 m\u00e9tal 355 mm 2000 Watts GCO 200 - EURL HOSNA KAMEL","isPartOf":{"@id":"https:\/\/eurlhosnakamel.dz\/dz\/#website"},"primaryImageOfPage":{"@id":"https:\/\/eurlhosnakamel.dz\/dz\/produit\/tronconneuse-a-metal-355-mm-2000-watts-gco-200\/#primaryimage"},"image":{"@id":"https:\/\/eurlhosnakamel.dz\/dz\/produit\/tronconneuse-a-metal-355-mm-2000-watts-gco-200\/#primaryimage"},"thumbnailUrl":"https:\/\/eurlhosnakamel.dz\/dz\/wp-content\/uploads\/2020\/06\/Tronconneuse-\u00e0-m\u00e9tal-355-mm-2000-Watts-GCO-200-eurl-hosna-kamel-algerie.jpg","datePublished":"2020-06-01T08:29:41+00:00","dateModified":"2021-12-19T08:44:07+00:00","description":"Tron\u00e7onneuse \u00e0 m\u00e9tal 355 mm 2000 Watts GCO 200 - EURL HOSNA KAMEL","breadcrumb":{"@id":"https:\/\/eurlhosnakamel.dz\/dz\/produit\/tronconneuse-a-metal-355-mm-2000-watts-gco-200\/#breadcrumb"},"inLanguage":"fr-FR","potentialAction":[{"@type":"ReadAction","target":["https:\/\/eurlhosnakamel.dz\/dz\/produit\/tronconneuse-a-metal-355-mm-2000-watts-gco-200\/"]}]},{"@type":"ImageObject","inLanguage":"fr-FR","@id":"https:\/\/eurlhosnakamel.dz\/dz\/produit\/tronconneuse-a-metal-355-mm-2000-watts-gco-200\/#primaryimage","url":"https:\/\/eurlhosnakamel.dz\/dz\/wp-content\/uploads\/2020\/06\/Tronconneuse-\u00e0-m\u00e9tal-355-mm-2000-Watts-GCO-200-eurl-hosna-kamel-algerie.jpg","contentUrl":"https:\/\/eurlhosnakamel.dz\/dz\/wp-content\/uploads\/2020\/06\/Tronconneuse-\u00e0-m\u00e9tal-355-mm-2000-Watts-GCO-200-eurl-hosna-kamel-algerie.jpg","width":512,"height":512},{"@type":"BreadcrumbList","@id":"https:\/\/eurlhosnakamel.dz\/dz\/produit\/tronconneuse-a-metal-355-mm-2000-watts-gco-200\/#breadcrumb","itemListElement":[{"@type":"ListItem","position":1,"name":"Accueil","item":"https:\/\/eurlhosnakamel.dz\/dz\/"},{"@type":"ListItem","position":2,"name":"Shop","item":"https:\/\/eurlhosnakamel.dz\/dz\/shop\/"},{"@type":"ListItem","position":3,"name":"Tron\u00e7onneuse \u00e0 m\u00e9tal 355 mm 2000 Watts GCO 200"}]},{"@type":"WebSite","@id":"https:\/\/eurlhosnakamel.dz\/dz\/#website","url":"https:\/\/eurlhosnakamel.dz\/dz\/","name":"EURL HOSNA KAMEL","description":"Fournisseur Premium d&#039;Outillages Professionnels en Alg\u00e9rie -","publisher":{"@id":"https:\/\/eurlhosnakamel.dz\/dz\/#organization"},"potentialAction":[{"@type":"SearchAction","target":{"@type":"EntryPoint","urlTemplate":"https:\/\/eurlhosnakamel.dz\/dz\/?s={search_term_string}"},"query-input":"required name=search_term_string"}],"inLanguage":"fr-FR"},{"@type":"Organization","@id":"https:\/\/eurlhosnakamel.dz\/dz\/#organization","name":"EURL HOSNA KAMEL - Bosch alg\u00e9rie","url":"https:\/\/eurlhosnakamel.dz\/dz\/","logo":{"@type":"ImageObject","inLanguage":"fr-FR","@id":"https:\/\/eurlhosnakamel.dz\/dz\/#\/schema\/logo\/image\/","url":"https:\/\/eurlhosnakamel.dz\/wp-content\/uploads\/2020\/04\/LOGO-HOSNA1.png","contentUrl":"https:\/\/eurlhosnakamel.dz\/wp-content\/uploads\/2020\/04\/LOGO-HOSNA1.png","width":120,"height":127,"caption":"EURL HOSNA KAMEL - Bosch alg\u00e9rie"},"image":{"@id":"https:\/\/eurlhosnakamel.dz\/dz\/#\/schema\/logo\/image\/"},"sameAs":["https:\/\/www.facebook.com\/Eurl.Hosna.DZ\/"]}]}},"_links":{"self":[{"href":"https:\/\/eurlhosnakamel.dz\/dz\/wp-json\/wp\/v2\/product\/10430","targetHints":{"allow":["GET"]}}],"collection":[{"href":"https:\/\/eurlhosnakamel.dz\/dz\/wp-json\/wp\/v2\/product"}],"about":[{"href":"https:\/\/eurlhosnakamel.dz\/dz\/wp-json\/wp\/v2\/types\/product"}],"wp:featuredmedia":[{"embeddable":true,"href":"https:\/\/eurlhosnakamel.dz\/dz\/wp-json\/wp\/v2\/media\/10431"}],"wp:attachment":[{"href":"https:\/\/eurlhosnakamel.dz\/dz\/wp-json\/wp\/v2\/media?parent=10430"}],"wp:term":[{"taxonomy":"product_cat","embeddable":true,"href":"https:\/\/eurlhosnakamel.dz\/dz\/wp-json\/wp\/v2\/product_cat?post=10430"},{"taxonomy":"product_tag","embeddable":true,"href":"https:\/\/eurlhosnakamel.dz\/dz\/wp-json\/wp\/v2\/product_tag?post=10430"}],"curies":[{"name":"wp","href":"https:\/\/api.w.org\/{rel}","templated":true}]}}