{"id":10436,"date":"2020-06-01T08:44:47","date_gmt":"2020-06-01T08:44:47","guid":{"rendered":"https:\/\/lhchosting.com\/hosna\/?post_type=product&#038;p=10436"},"modified":"2021-12-19T08:43:57","modified_gmt":"2021-12-19T08:43:57","slug":"scie-a-onglet-305-mm-1800-watts-multi-materiaux-gcm-12-mx","status":"publish","type":"product","link":"https:\/\/eurlhosnakamel.dz\/dz\/produit\/scie-a-onglet-305-mm-1800-watts-multi-materiaux-gcm-12-mx\/","title":{"rendered":"Scie \u00e0 onglet 305 mm 1800 Watts Multi mat\u00e9riaux GCM 12 MX"},"content":{"rendered":"<section id=\"technicaldata\" class=\"o-technical_details-a trackingModule\">\n<div class=\"container\">\n<div class=\"row\">\n<div class=\"col-xs-12\">\n<h4 class=\"headline hl1\"><strong>Caract\u00e9ristiques techniques<\/strong><\/h4>\n<\/div>\n<\/div>\n<div class=\"row\">\n<div class=\"col-lg-8 col-xs-12\">\n<table class=\"table\">\n<colgroup>\n<col class=\"col-xs-5\" \/>\n<col class=\"col-xs-3\" \/><\/colgroup>\n<thead>\n<tr>\n<th class=\"headline hl4\" colspan=\"2\">Donn\u00e9es suppl\u00e9mentaires<\/th>\n<\/tr>\n<\/thead>\n<tbody>\n<tr>\n<td>R\u00e9glage de la scie \u00e0 onglet*<\/td>\n<td>52 \u00b0 G \/ 52 \u00b0 D<\/td>\n<\/tr>\n<tr>\n<td>Diam\u00e8tre de la lame de scie*<\/td>\n<td>305<\/td>\n<\/tr>\n<tr>\n<td>R\u00e9glage d\u2019inclinaison*<\/td>\n<td>47 \u00b0 G \/ 2 \u00b0 D<\/td>\n<\/tr>\n<tr>\n<td>Capacit\u00e9 de coupe, 0\u00b0<\/td>\n<td>75 x 200\u00a0mm<\/td>\n<\/tr>\n<tr>\n<td>Capacit\u00e9 de coupe, onglet 45\u00b0<\/td>\n<td>754 x 141\u00a0mm<\/td>\n<\/tr>\n<tr>\n<td>Capacit\u00e9 de coupe, inclinaison 45\u00b0<\/td>\n<td>38 x 141\u00a0mm<\/td>\n<\/tr>\n<tr>\n<td>R\u00e9gime \u00e0 vide<\/td>\n<td>4.300\u00a0t\/min<\/td>\n<\/tr>\n<tr>\n<td>\u00d8 al\u00e9sage<\/td>\n<td>25,4<\/td>\n<\/tr>\n<tr>\n<td>Poids<\/td>\n<td>20,7<\/td>\n<\/tr>\n<tr>\n<td>Puissance absorb\u00e9e nominale<\/td>\n<td>1\u00a0800<\/td>\n<\/tr>\n<\/tbody>\n<\/table>\n<p>* Donn\u00e9es mises en surbrillance<\/p>\n<p>Le niveau sonore pond\u00e9r\u00e9 A de l&#8217;outil \u00e9lectroportatif est typiquement de : niveau de pression acoustique dB(A) ; niveau de puissance acoustique dB(A). Incertitude K = dB.<\/p>\n<\/div>\n<\/div>\n<\/div>\n<\/section>\n<section id=\"highlights\" class=\"m-product_hightlights trackingModule\">\n<div class=\"container\">\n<h4 class=\"headline hl1\"><strong>Avantages<\/strong><\/h4>\n<div class=\"row\">\n<div class=\"col-md-6\">\n<div class=\"m-product_hightlights__content-wrapper\">\n<h4 class=\"headline hl4\"><strong>Scie \u00e0 onglet puissante de capacit\u00e9 de coupe extr\u00eamement \u00e9lev\u00e9e<\/strong><\/h4>\n<ul class=\"m-product_hightlights__list\">\n<li>But\u00e9e d\u2019espacement novatrice offrant une capacit\u00e9 de coupe optimale<\/li>\n<li>Levier de verrouillage du biseau lat\u00e9ral pour des r\u00e9glages rapides et simples<\/li>\n<li>Excellente efficacit\u00e9 de coupe gr\u00e2ce au puissant moteur de 1800\u00a0W avec frein<\/li>\n<\/ul>\n<\/div>\n<\/div>\n<\/div>\n<\/div>\n<\/section>\n<section id=\"pricescope\" class=\"o-product_variations-a trackingModule\">\n<div class=\"o-product_variations-a__container container\">\n<div class=\"o-product_variations-a__row row\">\n<div class=\"m-detail_stage\">\n<div class=\"m-detail_stage__headline col-xs-12\">\n<h4 class=\"headline hl1\"><strong>Ce qui est inclus dans ce paquet<\/strong><\/h4>\n<\/div>\n<div class=\"m-detail_stage__image col-sm-5\"><img decoding=\"async\" class=\"img-responsive alignleft\" src=\"https:\/\/www.bosch-professional.com\/binary\/ocsmedia\/optimized\/530x530\/o248321v54_lv-77976-49-P_K_GCM12MX_Dynamik_V01_PAP-blue.png\" alt=\"with saw blade\" \/><\/div>\n<\/div>\n<div class=\"m-conversion_area\">\n<div class=\"m-conversion_area__col\">\n<div class=\"m-conversion_area__information\">\n<div class=\"m-conversion_area__headline m-conversion_area__headline--hl3\">\n<div class=\"headline hl3\">with saw blade<\/div>\n<\/div>\n<div class=\"m-conversion_area__headline m-conversion_area__headline--hl5\">\n<div class=\"headline hl5\">R\u00e9f\u00e9rence:\u00a0<span class=\"a-ordernumber\">0\u00a0601\u00a0B21\u00a0121<\/span><\/div>\n<\/div>\n<ul class=\"m-conversion_area__ul\">\n<li class=\"m-conversion_area__li\">Lame de scie<\/li>\n<li class=\"m-conversion_area__li\">Serre-joint<span class=\"a-ordernumber grey-text grey-text\">1\u00a0609\u00a0B00\u00a0839<\/span><\/li>\n<li class=\"m-conversion_area__li\">Sac \u00e0 poussi\u00e8res<\/li>\n<\/ul>\n<\/div>\n<\/div>\n<\/div>\n<\/div>\n<\/div>\n<\/section>\n","protected":false},"excerpt":{"rendered":"<h4>Scie \u00e0 onglet puissante de capacit\u00e9 de coupe extr\u00eamement \u00e9lev\u00e9e<\/h4>\n","protected":false},"featured_media":10437,"template":"","meta":[],"product_cat":[405,441],"product_tag":[2349],"class_list":{"0":"post-10436","1":"product","2":"type-product","3":"status-publish","4":"has-post-thumbnail","6":"product_cat-outillage","7":"product_cat-outillage-filaire","8":"product_tag-scie-a-onglet-305-mm-1800-watts-multi-materiaux-gcm-12-mx","9":"product_brand-bosch-outillage","11":"first","12":"instock","13":"shipping-taxable","14":"product-type-simple","15":"col-xs-6 col-sm-4","16":"col-md-3 col-lg-3","17":"un-4-cols"},"yoast_head":"<!-- This site is optimized with the Yoast SEO plugin v22.5 - https:\/\/yoast.com\/wordpress\/plugins\/seo\/ -->\n<title>Scie \u00e0 onglet 305 mm 1800 Watts Multi mat\u00e9riaux GCM 12 MX - EURL HOSNA KAMEL<\/title>\n<meta name=\"description\" content=\"Scie \u00e0 onglet 305 mm 1800 Watts Multi mat\u00e9riaux GCM 12 MX - EURL HOSNA KAMEL\" \/>\n<meta name=\"robots\" content=\"index, follow, max-snippet:-1, max-image-preview:large, max-video-preview:-1\" \/>\n<link rel=\"canonical\" href=\"https:\/\/eurlhosnakamel.dz\/dz\/produit\/scie-a-onglet-305-mm-1800-watts-multi-materiaux-gcm-12-mx\/\" \/>\n<meta property=\"og:locale\" content=\"fr_FR\" \/>\n<meta property=\"og:type\" content=\"article\" \/>\n<meta property=\"og:title\" content=\"Scie \u00e0 onglet 305 mm 1800 Watts Multi mat\u00e9riaux GCM 12 MX - EURL HOSNA KAMEL\" \/>\n<meta property=\"og:description\" content=\"Scie \u00e0 onglet 305 mm 1800 Watts Multi mat\u00e9riaux GCM 12 MX - EURL HOSNA KAMEL\" \/>\n<meta property=\"og:url\" content=\"https:\/\/eurlhosnakamel.dz\/dz\/produit\/scie-a-onglet-305-mm-1800-watts-multi-materiaux-gcm-12-mx\/\" \/>\n<meta property=\"og:site_name\" content=\"EURL HOSNA KAMEL\" \/>\n<meta property=\"article:publisher\" content=\"https:\/\/www.facebook.com\/Eurl.Hosna.DZ\/\" \/>\n<meta property=\"article:modified_time\" content=\"2021-12-19T08:43:57+00:00\" \/>\n<meta property=\"og:image\" content=\"https:\/\/eurlhosnakamel.dz\/dz\/wp-content\/uploads\/2020\/06\/Scie-\u00e0-onglet-305-mm-1800-Watts-Multi-mat\u00e9riaux-GCM-12-MX-eurl-hosna-kamel-algerie.jpg\" \/>\n\t<meta property=\"og:image:width\" content=\"512\" \/>\n\t<meta property=\"og:image:height\" content=\"512\" \/>\n\t<meta property=\"og:image:type\" content=\"image\/jpeg\" \/>\n<meta name=\"twitter:card\" content=\"summary_large_image\" \/>\n<meta name=\"twitter:label1\" content=\"Dur\u00e9e de lecture estim\u00e9e\" \/>\n\t<meta name=\"twitter:data1\" content=\"1 minute\" \/>\n<script type=\"application\/ld+json\" class=\"yoast-schema-graph\">{\"@context\":\"https:\/\/schema.org\",\"@graph\":[{\"@type\":\"WebPage\",\"@id\":\"https:\/\/eurlhosnakamel.dz\/dz\/produit\/scie-a-onglet-305-mm-1800-watts-multi-materiaux-gcm-12-mx\/\",\"url\":\"https:\/\/eurlhosnakamel.dz\/dz\/produit\/scie-a-onglet-305-mm-1800-watts-multi-materiaux-gcm-12-mx\/\",\"name\":\"Scie \u00e0 onglet 305 mm 1800 Watts Multi mat\u00e9riaux GCM 12 MX - EURL HOSNA KAMEL\",\"isPartOf\":{\"@id\":\"https:\/\/eurlhosnakamel.dz\/dz\/#website\"},\"primaryImageOfPage\":{\"@id\":\"https:\/\/eurlhosnakamel.dz\/dz\/produit\/scie-a-onglet-305-mm-1800-watts-multi-materiaux-gcm-12-mx\/#primaryimage\"},\"image\":{\"@id\":\"https:\/\/eurlhosnakamel.dz\/dz\/produit\/scie-a-onglet-305-mm-1800-watts-multi-materiaux-gcm-12-mx\/#primaryimage\"},\"thumbnailUrl\":\"https:\/\/eurlhosnakamel.dz\/dz\/wp-content\/uploads\/2020\/06\/Scie-\u00e0-onglet-305-mm-1800-Watts-Multi-mat\u00e9riaux-GCM-12-MX-eurl-hosna-kamel-algerie.jpg\",\"datePublished\":\"2020-06-01T08:44:47+00:00\",\"dateModified\":\"2021-12-19T08:43:57+00:00\",\"description\":\"Scie \u00e0 onglet 305 mm 1800 Watts Multi mat\u00e9riaux GCM 12 MX - EURL HOSNA KAMEL\",\"breadcrumb\":{\"@id\":\"https:\/\/eurlhosnakamel.dz\/dz\/produit\/scie-a-onglet-305-mm-1800-watts-multi-materiaux-gcm-12-mx\/#breadcrumb\"},\"inLanguage\":\"fr-FR\",\"potentialAction\":[{\"@type\":\"ReadAction\",\"target\":[\"https:\/\/eurlhosnakamel.dz\/dz\/produit\/scie-a-onglet-305-mm-1800-watts-multi-materiaux-gcm-12-mx\/\"]}]},{\"@type\":\"ImageObject\",\"inLanguage\":\"fr-FR\",\"@id\":\"https:\/\/eurlhosnakamel.dz\/dz\/produit\/scie-a-onglet-305-mm-1800-watts-multi-materiaux-gcm-12-mx\/#primaryimage\",\"url\":\"https:\/\/eurlhosnakamel.dz\/dz\/wp-content\/uploads\/2020\/06\/Scie-\u00e0-onglet-305-mm-1800-Watts-Multi-mat\u00e9riaux-GCM-12-MX-eurl-hosna-kamel-algerie.jpg\",\"contentUrl\":\"https:\/\/eurlhosnakamel.dz\/dz\/wp-content\/uploads\/2020\/06\/Scie-\u00e0-onglet-305-mm-1800-Watts-Multi-mat\u00e9riaux-GCM-12-MX-eurl-hosna-kamel-algerie.jpg\",\"width\":512,\"height\":512,\"caption\":\"Bosch Alg\u00e9rie\"},{\"@type\":\"BreadcrumbList\",\"@id\":\"https:\/\/eurlhosnakamel.dz\/dz\/produit\/scie-a-onglet-305-mm-1800-watts-multi-materiaux-gcm-12-mx\/#breadcrumb\",\"itemListElement\":[{\"@type\":\"ListItem\",\"position\":1,\"name\":\"Accueil\",\"item\":\"https:\/\/eurlhosnakamel.dz\/dz\/\"},{\"@type\":\"ListItem\",\"position\":2,\"name\":\"Shop\",\"item\":\"https:\/\/eurlhosnakamel.dz\/dz\/shop\/\"},{\"@type\":\"ListItem\",\"position\":3,\"name\":\"Scie \u00e0 onglet 305 mm 1800 Watts Multi mat\u00e9riaux GCM 12 MX\"}]},{\"@type\":\"WebSite\",\"@id\":\"https:\/\/eurlhosnakamel.dz\/dz\/#website\",\"url\":\"https:\/\/eurlhosnakamel.dz\/dz\/\",\"name\":\"EURL HOSNA KAMEL\",\"description\":\"Fournisseur Premium d&#039;Outillages Professionnels en Alg\u00e9rie -\",\"publisher\":{\"@id\":\"https:\/\/eurlhosnakamel.dz\/dz\/#organization\"},\"potentialAction\":[{\"@type\":\"SearchAction\",\"target\":{\"@type\":\"EntryPoint\",\"urlTemplate\":\"https:\/\/eurlhosnakamel.dz\/dz\/?s={search_term_string}\"},\"query-input\":\"required name=search_term_string\"}],\"inLanguage\":\"fr-FR\"},{\"@type\":\"Organization\",\"@id\":\"https:\/\/eurlhosnakamel.dz\/dz\/#organization\",\"name\":\"EURL HOSNA KAMEL - Bosch alg\u00e9rie\",\"url\":\"https:\/\/eurlhosnakamel.dz\/dz\/\",\"logo\":{\"@type\":\"ImageObject\",\"inLanguage\":\"fr-FR\",\"@id\":\"https:\/\/eurlhosnakamel.dz\/dz\/#\/schema\/logo\/image\/\",\"url\":\"https:\/\/eurlhosnakamel.dz\/wp-content\/uploads\/2020\/04\/LOGO-HOSNA1.png\",\"contentUrl\":\"https:\/\/eurlhosnakamel.dz\/wp-content\/uploads\/2020\/04\/LOGO-HOSNA1.png\",\"width\":120,\"height\":127,\"caption\":\"EURL HOSNA KAMEL - Bosch alg\u00e9rie\"},\"image\":{\"@id\":\"https:\/\/eurlhosnakamel.dz\/dz\/#\/schema\/logo\/image\/\"},\"sameAs\":[\"https:\/\/www.facebook.com\/Eurl.Hosna.DZ\/\"]}]}<\/script>\n<!-- \/ Yoast SEO plugin. -->","yoast_head_json":{"title":"Scie \u00e0 onglet 305 mm 1800 Watts Multi mat\u00e9riaux GCM 12 MX - EURL HOSNA KAMEL","description":"Scie \u00e0 onglet 305 mm 1800 Watts Multi mat\u00e9riaux GCM 12 MX - EURL HOSNA KAMEL","robots":{"index":"index","follow":"follow","max-snippet":"max-snippet:-1","max-image-preview":"max-image-preview:large","max-video-preview":"max-video-preview:-1"},"canonical":"https:\/\/eurlhosnakamel.dz\/dz\/produit\/scie-a-onglet-305-mm-1800-watts-multi-materiaux-gcm-12-mx\/","og_locale":"fr_FR","og_type":"article","og_title":"Scie \u00e0 onglet 305 mm 1800 Watts Multi mat\u00e9riaux GCM 12 MX - EURL HOSNA KAMEL","og_description":"Scie \u00e0 onglet 305 mm 1800 Watts Multi mat\u00e9riaux GCM 12 MX - EURL HOSNA KAMEL","og_url":"https:\/\/eurlhosnakamel.dz\/dz\/produit\/scie-a-onglet-305-mm-1800-watts-multi-materiaux-gcm-12-mx\/","og_site_name":"EURL HOSNA KAMEL","article_publisher":"https:\/\/www.facebook.com\/Eurl.Hosna.DZ\/","article_modified_time":"2021-12-19T08:43:57+00:00","og_image":[{"width":512,"height":512,"url":"https:\/\/eurlhosnakamel.dz\/dz\/wp-content\/uploads\/2020\/06\/Scie-\u00e0-onglet-305-mm-1800-Watts-Multi-mat\u00e9riaux-GCM-12-MX-eurl-hosna-kamel-algerie.jpg","type":"image\/jpeg"}],"twitter_card":"summary_large_image","twitter_misc":{"Dur\u00e9e de lecture estim\u00e9e":"1 minute"},"schema":{"@context":"https:\/\/schema.org","@graph":[{"@type":"WebPage","@id":"https:\/\/eurlhosnakamel.dz\/dz\/produit\/scie-a-onglet-305-mm-1800-watts-multi-materiaux-gcm-12-mx\/","url":"https:\/\/eurlhosnakamel.dz\/dz\/produit\/scie-a-onglet-305-mm-1800-watts-multi-materiaux-gcm-12-mx\/","name":"Scie \u00e0 onglet 305 mm 1800 Watts Multi mat\u00e9riaux GCM 12 MX - EURL HOSNA KAMEL","isPartOf":{"@id":"https:\/\/eurlhosnakamel.dz\/dz\/#website"},"primaryImageOfPage":{"@id":"https:\/\/eurlhosnakamel.dz\/dz\/produit\/scie-a-onglet-305-mm-1800-watts-multi-materiaux-gcm-12-mx\/#primaryimage"},"image":{"@id":"https:\/\/eurlhosnakamel.dz\/dz\/produit\/scie-a-onglet-305-mm-1800-watts-multi-materiaux-gcm-12-mx\/#primaryimage"},"thumbnailUrl":"https:\/\/eurlhosnakamel.dz\/dz\/wp-content\/uploads\/2020\/06\/Scie-\u00e0-onglet-305-mm-1800-Watts-Multi-mat\u00e9riaux-GCM-12-MX-eurl-hosna-kamel-algerie.jpg","datePublished":"2020-06-01T08:44:47+00:00","dateModified":"2021-12-19T08:43:57+00:00","description":"Scie \u00e0 onglet 305 mm 1800 Watts Multi mat\u00e9riaux GCM 12 MX - EURL HOSNA KAMEL","breadcrumb":{"@id":"https:\/\/eurlhosnakamel.dz\/dz\/produit\/scie-a-onglet-305-mm-1800-watts-multi-materiaux-gcm-12-mx\/#breadcrumb"},"inLanguage":"fr-FR","potentialAction":[{"@type":"ReadAction","target":["https:\/\/eurlhosnakamel.dz\/dz\/produit\/scie-a-onglet-305-mm-1800-watts-multi-materiaux-gcm-12-mx\/"]}]},{"@type":"ImageObject","inLanguage":"fr-FR","@id":"https:\/\/eurlhosnakamel.dz\/dz\/produit\/scie-a-onglet-305-mm-1800-watts-multi-materiaux-gcm-12-mx\/#primaryimage","url":"https:\/\/eurlhosnakamel.dz\/dz\/wp-content\/uploads\/2020\/06\/Scie-\u00e0-onglet-305-mm-1800-Watts-Multi-mat\u00e9riaux-GCM-12-MX-eurl-hosna-kamel-algerie.jpg","contentUrl":"https:\/\/eurlhosnakamel.dz\/dz\/wp-content\/uploads\/2020\/06\/Scie-\u00e0-onglet-305-mm-1800-Watts-Multi-mat\u00e9riaux-GCM-12-MX-eurl-hosna-kamel-algerie.jpg","width":512,"height":512,"caption":"Bosch Alg\u00e9rie"},{"@type":"BreadcrumbList","@id":"https:\/\/eurlhosnakamel.dz\/dz\/produit\/scie-a-onglet-305-mm-1800-watts-multi-materiaux-gcm-12-mx\/#breadcrumb","itemListElement":[{"@type":"ListItem","position":1,"name":"Accueil","item":"https:\/\/eurlhosnakamel.dz\/dz\/"},{"@type":"ListItem","position":2,"name":"Shop","item":"https:\/\/eurlhosnakamel.dz\/dz\/shop\/"},{"@type":"ListItem","position":3,"name":"Scie \u00e0 onglet 305 mm 1800 Watts Multi mat\u00e9riaux GCM 12 MX"}]},{"@type":"WebSite","@id":"https:\/\/eurlhosnakamel.dz\/dz\/#website","url":"https:\/\/eurlhosnakamel.dz\/dz\/","name":"EURL HOSNA KAMEL","description":"Fournisseur Premium d&#039;Outillages Professionnels en Alg\u00e9rie -","publisher":{"@id":"https:\/\/eurlhosnakamel.dz\/dz\/#organization"},"potentialAction":[{"@type":"SearchAction","target":{"@type":"EntryPoint","urlTemplate":"https:\/\/eurlhosnakamel.dz\/dz\/?s={search_term_string}"},"query-input":"required name=search_term_string"}],"inLanguage":"fr-FR"},{"@type":"Organization","@id":"https:\/\/eurlhosnakamel.dz\/dz\/#organization","name":"EURL HOSNA KAMEL - Bosch alg\u00e9rie","url":"https:\/\/eurlhosnakamel.dz\/dz\/","logo":{"@type":"ImageObject","inLanguage":"fr-FR","@id":"https:\/\/eurlhosnakamel.dz\/dz\/#\/schema\/logo\/image\/","url":"https:\/\/eurlhosnakamel.dz\/wp-content\/uploads\/2020\/04\/LOGO-HOSNA1.png","contentUrl":"https:\/\/eurlhosnakamel.dz\/wp-content\/uploads\/2020\/04\/LOGO-HOSNA1.png","width":120,"height":127,"caption":"EURL HOSNA KAMEL - Bosch alg\u00e9rie"},"image":{"@id":"https:\/\/eurlhosnakamel.dz\/dz\/#\/schema\/logo\/image\/"},"sameAs":["https:\/\/www.facebook.com\/Eurl.Hosna.DZ\/"]}]}},"_links":{"self":[{"href":"https:\/\/eurlhosnakamel.dz\/dz\/wp-json\/wp\/v2\/product\/10436","targetHints":{"allow":["GET"]}}],"collection":[{"href":"https:\/\/eurlhosnakamel.dz\/dz\/wp-json\/wp\/v2\/product"}],"about":[{"href":"https:\/\/eurlhosnakamel.dz\/dz\/wp-json\/wp\/v2\/types\/product"}],"wp:featuredmedia":[{"embeddable":true,"href":"https:\/\/eurlhosnakamel.dz\/dz\/wp-json\/wp\/v2\/media\/10437"}],"wp:attachment":[{"href":"https:\/\/eurlhosnakamel.dz\/dz\/wp-json\/wp\/v2\/media?parent=10436"}],"wp:term":[{"taxonomy":"product_cat","embeddable":true,"href":"https:\/\/eurlhosnakamel.dz\/dz\/wp-json\/wp\/v2\/product_cat?post=10436"},{"taxonomy":"product_tag","embeddable":true,"href":"https:\/\/eurlhosnakamel.dz\/dz\/wp-json\/wp\/v2\/product_tag?post=10436"}],"curies":[{"name":"wp","href":"https:\/\/api.w.org\/{rel}","templated":true}]}}