{"id":10506,"date":"2020-06-01T14:26:46","date_gmt":"2020-06-01T14:26:46","guid":{"rendered":"https:\/\/lhchosting.com\/hosna\/?post_type=product&#038;p=10506"},"modified":"2021-12-19T08:43:11","modified_gmt":"2021-12-19T08:43:11","slug":"foret-a-metaux-hss-co-cobalt-probox-19-pieces","status":"publish","type":"product","link":"https:\/\/eurlhosnakamel.dz\/dz\/produit\/foret-a-metaux-hss-co-cobalt-probox-19-pieces\/","title":{"rendered":"Foret \u00e0 m\u00e9taux HSS-Co (Cobalt) ProBox (19 Pi\u00e8ces)"},"content":{"rendered":"<h2 class=\"headline hl1\" style=\"text-align: justify\">Points forts des produits<\/h2>\n<div class=\"row\">\n<div class=\"col-md-6 xs-mb-30 lg-mb-0\">\n<h3 class=\"headline hl4\" style=\"text-align: justify\">Coffrets de forets \u00e0 m\u00e9taux rectifi\u00e9s HSS-Co (cobalt)<\/h3>\n<p style=\"text-align: justify\">Foret h\u00e9lico\u00efdal HSS avec cobalt garantissant des performances durables lors du per\u00e7age dans l\u2019acier inoxydable<\/p>\n<ul style=\"text-align: justify\">\n<li>Alliage de cobalt et foret en acier rapide (HSS) pour une r\u00e9sistance \u00e0 l\u2019usure et une protection contre la chaleur<\/li>\n<li>\u00c9limination rapide des copeaux et long\u00e9vit\u00e9 des forets gr\u00e2ce aux deux taillants et \u00e0 l&#8217;h\u00e9lice double<\/li>\n<li>Conformit\u00e9 \u00e0 la norme DIN\u00a0338, foret type\u00a0N (angle h\u00e9lice) avec pointe de per\u00e7age 135\u00b0 et tol\u00e9rance de diam\u00e8tre h8<\/li>\n<\/ul>\n<p><a class=\"link\" href=\"https:\/\/www.bosch-professional.com\/dz\/fr\/coffrets-de-forets-a-metaux-rectifies-hss-co-cobalt-2593711-ocs-ac\/#anchor-product-table\">Vers la gamme de produits<\/a><\/p>\n<div class=\"m-product_hightlights__description\">\n<h3 class=\"headline hl4\" style=\"text-align: justify\">Descriptions des produits<\/h3>\n<div style=\"text-align: justify\">\n<p>Le foret h\u00e9lico\u00efdal HSS-Co avec du cobalt garantit des performances durables lors du per\u00e7age dans l\u2019acier inoxydable. Cette durabilit\u00e9 prolong\u00e9e vient des 5\u00a0% d\u2019alliage de cobalt et du foret en acier rapide (High Speed Steel), qui assure l\u2019excellente qualit\u00e9 de la surface, la r\u00e9sistance \u00e0 l\u2019usure et la protection contre la chaleur. \u00c9quip\u00e9 de deux taillants et d&#8217;une h\u00e9lice double, le foret peut \u00eatre utilis\u00e9 plus longtemps et les copeaux sont \u00e9vacu\u00e9s rapidement. Ce foret peut \u00eatre utilis\u00e9 sur l\u2019acier alli\u00e9 et non alli\u00e9, l\u2019acier inoxydable, la fonte, l\u2019acier moul\u00e9, ainsi que les aciers r\u00e9sistants \u00e0 la chaleur et \u00e0 l\u2019acide. Ce foret peut \u00eatre utilis\u00e9 sur l\u2019acier alli\u00e9 et non alli\u00e9, l\u2019acier inoxydable, la fonte, l\u2019acier moul\u00e9, ainsi que les aciers r\u00e9sistants \u00e0 la chaleur et \u00e0 l\u2019acide. Il est dot\u00e9 d\u2019un syst\u00e8me \u00e0 queue cylindrique (diam\u00e8tre de la queue \u00e9gal au diam\u00e8tre du foret) et est destin\u00e9 \u00e0 \u00eatre utilis\u00e9 avec des supports de per\u00e7age et des perceuses-visseuses.<\/p>\n<\/div>\n<div>\n<p style=\"text-align: justify\">Le foret HSS-Co est fabriqu\u00e9 conform\u00e9ment \u00e0 la norme DIN\u00a0338. De type\u00a0N (angle de l&#8217;h\u00e9lice), il est dot\u00e9 d\u2019une pointe de per\u00e7age 135\u00b0 et d\u2019une tol\u00e9rance de diam\u00e8tre h8. La pointe \u00e0 deux taillants assure une coupe active et un centrage parfait sans d\u00e9viation.<\/p>\n<\/div>\n<\/div>\n<\/div>\n<\/div>\n","protected":false},"excerpt":{"rendered":"<h4>Forets \u00e0 m\u00e9taux HSS-Co (alliage cobalt), DIN 338, set ProBox de 19 pi\u00e8ces<\/h4>\n<table class=\"m-datatable m-datatable--light\">\n<thead>\n<tr>\n<th class=\"no-sort\" data-priority=\"1\">D\u00e9tails<\/th>\n<th class=\"no-sort\" data-priority=\"1\"><\/th>\n<\/tr>\n<\/thead>\n<tbody>\n<tr class=\"\">\n<td>Diam\u00e8tre [mm]<\/td>\n<td>1.0 \/ 1.5 \/ 2.0 \/ 2.5 \/ 3.0 \/ 3.5 \/ 4.0 \/ 4.5 \/ 5.0 \/ 5.5 \/ 6.0 \/ 6.5 \/ 7.0 \/ 7.5 \/ 8.0 \/ 8.5 \/ 9.0 \/ 9.5 \/ 10.0<\/td>\n<\/tr>\n<tr class=\"\">\n<td>Longueur utile [mm]<\/td>\n<td>12 \/ 18 \/ 24 \/ 30 \/ 33 \/ 39 \/ 43 \/ 47 \/ 52 \/ 57 \/ 57 \/ 63 \/ 69 \/ 69 \/ 75 \/ 75 \/ 81 \/ 81 \/ 87<\/td>\n<\/tr>\n<tr class=\"\">\n<td>Dimensions(s) du set [mm]<\/td>\n<td>172.0 x 115.0 x 42<\/td>\n<\/tr>\n<\/tbody>\n<\/table>\n<p><strong>\u00a0<\/strong><\/p>\n<p>&nbsp;<\/p>\n","protected":false},"featured_media":10507,"template":"","meta":[],"product_cat":[1277,405],"product_tag":[2420],"class_list":{"0":"post-10506","1":"product","2":"type-product","3":"status-publish","4":"has-post-thumbnail","6":"product_cat-accessoires-bosch","7":"product_cat-outillage","8":"product_tag-foret-a-metaux-hss-co-cobalt-probox-19-pieces","9":"product_brand-bosch-outillage","11":"first","12":"instock","13":"shipping-taxable","14":"product-type-simple","15":"col-xs-6 col-sm-4","16":"col-md-3 col-lg-3","17":"un-4-cols"},"yoast_head":"<!-- This site is optimized with the Yoast SEO plugin v22.5 - https:\/\/yoast.com\/wordpress\/plugins\/seo\/ -->\n<title>Foret \u00e0 m\u00e9taux HSS-Co (Cobalt) ProBox (19 Pi\u00e8ces) - EURL HOSNA KAMEL<\/title>\n<meta name=\"description\" content=\"Foret \u00e0 m\u00e9taux HSS-Co (Cobalt) ProBox (19 Pi\u00e8ces) - EURL HOSNA KAMEL\" \/>\n<meta name=\"robots\" content=\"index, follow, max-snippet:-1, max-image-preview:large, max-video-preview:-1\" \/>\n<link rel=\"canonical\" href=\"https:\/\/eurlhosnakamel.dz\/dz\/produit\/foret-a-metaux-hss-co-cobalt-probox-19-pieces\/\" \/>\n<meta property=\"og:locale\" content=\"fr_FR\" \/>\n<meta property=\"og:type\" content=\"article\" \/>\n<meta property=\"og:title\" content=\"Foret \u00e0 m\u00e9taux HSS-Co (Cobalt) ProBox (19 Pi\u00e8ces) - EURL HOSNA KAMEL\" \/>\n<meta property=\"og:description\" content=\"Foret \u00e0 m\u00e9taux HSS-Co (Cobalt) ProBox (19 Pi\u00e8ces) - EURL HOSNA KAMEL\" \/>\n<meta property=\"og:url\" content=\"https:\/\/eurlhosnakamel.dz\/dz\/produit\/foret-a-metaux-hss-co-cobalt-probox-19-pieces\/\" \/>\n<meta property=\"og:site_name\" content=\"EURL HOSNA KAMEL\" \/>\n<meta property=\"article:publisher\" content=\"https:\/\/www.facebook.com\/Eurl.Hosna.DZ\/\" \/>\n<meta property=\"article:modified_time\" content=\"2021-12-19T08:43:11+00:00\" \/>\n<meta property=\"og:image\" content=\"https:\/\/eurlhosnakamel.dz\/dz\/wp-content\/uploads\/2020\/06\/Foret-\u00e0-m\u00e9taux-HSS-Co-Cobalt-ProBox-19-Pi\u00e8ceseurl-hosna-kamel-alg\u00e9rie.jpg\" \/>\n\t<meta property=\"og:image:width\" content=\"512\" \/>\n\t<meta property=\"og:image:height\" content=\"512\" \/>\n\t<meta property=\"og:image:type\" content=\"image\/jpeg\" \/>\n<meta name=\"twitter:card\" content=\"summary_large_image\" \/>\n<meta name=\"twitter:label1\" content=\"Dur\u00e9e de lecture estim\u00e9e\" \/>\n\t<meta name=\"twitter:data1\" content=\"2 minutes\" \/>\n<script type=\"application\/ld+json\" class=\"yoast-schema-graph\">{\"@context\":\"https:\/\/schema.org\",\"@graph\":[{\"@type\":\"WebPage\",\"@id\":\"https:\/\/eurlhosnakamel.dz\/dz\/produit\/foret-a-metaux-hss-co-cobalt-probox-19-pieces\/\",\"url\":\"https:\/\/eurlhosnakamel.dz\/dz\/produit\/foret-a-metaux-hss-co-cobalt-probox-19-pieces\/\",\"name\":\"Foret \u00e0 m\u00e9taux HSS-Co (Cobalt) ProBox (19 Pi\u00e8ces) - EURL HOSNA KAMEL\",\"isPartOf\":{\"@id\":\"https:\/\/eurlhosnakamel.dz\/dz\/#website\"},\"primaryImageOfPage\":{\"@id\":\"https:\/\/eurlhosnakamel.dz\/dz\/produit\/foret-a-metaux-hss-co-cobalt-probox-19-pieces\/#primaryimage\"},\"image\":{\"@id\":\"https:\/\/eurlhosnakamel.dz\/dz\/produit\/foret-a-metaux-hss-co-cobalt-probox-19-pieces\/#primaryimage\"},\"thumbnailUrl\":\"https:\/\/eurlhosnakamel.dz\/dz\/wp-content\/uploads\/2020\/06\/Foret-\u00e0-m\u00e9taux-HSS-Co-Cobalt-ProBox-19-Pi\u00e8ceseurl-hosna-kamel-alg\u00e9rie.jpg\",\"datePublished\":\"2020-06-01T14:26:46+00:00\",\"dateModified\":\"2021-12-19T08:43:11+00:00\",\"description\":\"Foret \u00e0 m\u00e9taux HSS-Co (Cobalt) ProBox (19 Pi\u00e8ces) - EURL HOSNA KAMEL\",\"breadcrumb\":{\"@id\":\"https:\/\/eurlhosnakamel.dz\/dz\/produit\/foret-a-metaux-hss-co-cobalt-probox-19-pieces\/#breadcrumb\"},\"inLanguage\":\"fr-FR\",\"potentialAction\":[{\"@type\":\"ReadAction\",\"target\":[\"https:\/\/eurlhosnakamel.dz\/dz\/produit\/foret-a-metaux-hss-co-cobalt-probox-19-pieces\/\"]}]},{\"@type\":\"ImageObject\",\"inLanguage\":\"fr-FR\",\"@id\":\"https:\/\/eurlhosnakamel.dz\/dz\/produit\/foret-a-metaux-hss-co-cobalt-probox-19-pieces\/#primaryimage\",\"url\":\"https:\/\/eurlhosnakamel.dz\/dz\/wp-content\/uploads\/2020\/06\/Foret-\u00e0-m\u00e9taux-HSS-Co-Cobalt-ProBox-19-Pi\u00e8ceseurl-hosna-kamel-alg\u00e9rie.jpg\",\"contentUrl\":\"https:\/\/eurlhosnakamel.dz\/dz\/wp-content\/uploads\/2020\/06\/Foret-\u00e0-m\u00e9taux-HSS-Co-Cobalt-ProBox-19-Pi\u00e8ceseurl-hosna-kamel-alg\u00e9rie.jpg\",\"width\":512,\"height\":512},{\"@type\":\"BreadcrumbList\",\"@id\":\"https:\/\/eurlhosnakamel.dz\/dz\/produit\/foret-a-metaux-hss-co-cobalt-probox-19-pieces\/#breadcrumb\",\"itemListElement\":[{\"@type\":\"ListItem\",\"position\":1,\"name\":\"Accueil\",\"item\":\"https:\/\/eurlhosnakamel.dz\/dz\/\"},{\"@type\":\"ListItem\",\"position\":2,\"name\":\"Shop\",\"item\":\"https:\/\/eurlhosnakamel.dz\/dz\/shop\/\"},{\"@type\":\"ListItem\",\"position\":3,\"name\":\"Foret \u00e0 m\u00e9taux HSS-Co (Cobalt) ProBox (19 Pi\u00e8ces)\"}]},{\"@type\":\"WebSite\",\"@id\":\"https:\/\/eurlhosnakamel.dz\/dz\/#website\",\"url\":\"https:\/\/eurlhosnakamel.dz\/dz\/\",\"name\":\"EURL HOSNA KAMEL\",\"description\":\"Fournisseur Premium d&#039;Outillages Professionnels en Alg\u00e9rie -\",\"publisher\":{\"@id\":\"https:\/\/eurlhosnakamel.dz\/dz\/#organization\"},\"potentialAction\":[{\"@type\":\"SearchAction\",\"target\":{\"@type\":\"EntryPoint\",\"urlTemplate\":\"https:\/\/eurlhosnakamel.dz\/dz\/?s={search_term_string}\"},\"query-input\":\"required name=search_term_string\"}],\"inLanguage\":\"fr-FR\"},{\"@type\":\"Organization\",\"@id\":\"https:\/\/eurlhosnakamel.dz\/dz\/#organization\",\"name\":\"EURL HOSNA KAMEL - Bosch alg\u00e9rie\",\"url\":\"https:\/\/eurlhosnakamel.dz\/dz\/\",\"logo\":{\"@type\":\"ImageObject\",\"inLanguage\":\"fr-FR\",\"@id\":\"https:\/\/eurlhosnakamel.dz\/dz\/#\/schema\/logo\/image\/\",\"url\":\"https:\/\/eurlhosnakamel.dz\/wp-content\/uploads\/2020\/04\/LOGO-HOSNA1.png\",\"contentUrl\":\"https:\/\/eurlhosnakamel.dz\/wp-content\/uploads\/2020\/04\/LOGO-HOSNA1.png\",\"width\":120,\"height\":127,\"caption\":\"EURL HOSNA KAMEL - Bosch alg\u00e9rie\"},\"image\":{\"@id\":\"https:\/\/eurlhosnakamel.dz\/dz\/#\/schema\/logo\/image\/\"},\"sameAs\":[\"https:\/\/www.facebook.com\/Eurl.Hosna.DZ\/\"]}]}<\/script>\n<!-- \/ Yoast SEO plugin. -->","yoast_head_json":{"title":"Foret \u00e0 m\u00e9taux HSS-Co (Cobalt) ProBox (19 Pi\u00e8ces) - EURL HOSNA KAMEL","description":"Foret \u00e0 m\u00e9taux HSS-Co (Cobalt) ProBox (19 Pi\u00e8ces) - EURL HOSNA KAMEL","robots":{"index":"index","follow":"follow","max-snippet":"max-snippet:-1","max-image-preview":"max-image-preview:large","max-video-preview":"max-video-preview:-1"},"canonical":"https:\/\/eurlhosnakamel.dz\/dz\/produit\/foret-a-metaux-hss-co-cobalt-probox-19-pieces\/","og_locale":"fr_FR","og_type":"article","og_title":"Foret \u00e0 m\u00e9taux HSS-Co (Cobalt) ProBox (19 Pi\u00e8ces) - EURL HOSNA KAMEL","og_description":"Foret \u00e0 m\u00e9taux HSS-Co (Cobalt) ProBox (19 Pi\u00e8ces) - EURL HOSNA KAMEL","og_url":"https:\/\/eurlhosnakamel.dz\/dz\/produit\/foret-a-metaux-hss-co-cobalt-probox-19-pieces\/","og_site_name":"EURL HOSNA KAMEL","article_publisher":"https:\/\/www.facebook.com\/Eurl.Hosna.DZ\/","article_modified_time":"2021-12-19T08:43:11+00:00","og_image":[{"width":512,"height":512,"url":"https:\/\/eurlhosnakamel.dz\/dz\/wp-content\/uploads\/2020\/06\/Foret-\u00e0-m\u00e9taux-HSS-Co-Cobalt-ProBox-19-Pi\u00e8ceseurl-hosna-kamel-alg\u00e9rie.jpg","type":"image\/jpeg"}],"twitter_card":"summary_large_image","twitter_misc":{"Dur\u00e9e de lecture estim\u00e9e":"2 minutes"},"schema":{"@context":"https:\/\/schema.org","@graph":[{"@type":"WebPage","@id":"https:\/\/eurlhosnakamel.dz\/dz\/produit\/foret-a-metaux-hss-co-cobalt-probox-19-pieces\/","url":"https:\/\/eurlhosnakamel.dz\/dz\/produit\/foret-a-metaux-hss-co-cobalt-probox-19-pieces\/","name":"Foret \u00e0 m\u00e9taux HSS-Co (Cobalt) ProBox (19 Pi\u00e8ces) - EURL HOSNA KAMEL","isPartOf":{"@id":"https:\/\/eurlhosnakamel.dz\/dz\/#website"},"primaryImageOfPage":{"@id":"https:\/\/eurlhosnakamel.dz\/dz\/produit\/foret-a-metaux-hss-co-cobalt-probox-19-pieces\/#primaryimage"},"image":{"@id":"https:\/\/eurlhosnakamel.dz\/dz\/produit\/foret-a-metaux-hss-co-cobalt-probox-19-pieces\/#primaryimage"},"thumbnailUrl":"https:\/\/eurlhosnakamel.dz\/dz\/wp-content\/uploads\/2020\/06\/Foret-\u00e0-m\u00e9taux-HSS-Co-Cobalt-ProBox-19-Pi\u00e8ceseurl-hosna-kamel-alg\u00e9rie.jpg","datePublished":"2020-06-01T14:26:46+00:00","dateModified":"2021-12-19T08:43:11+00:00","description":"Foret \u00e0 m\u00e9taux HSS-Co (Cobalt) ProBox (19 Pi\u00e8ces) - EURL HOSNA KAMEL","breadcrumb":{"@id":"https:\/\/eurlhosnakamel.dz\/dz\/produit\/foret-a-metaux-hss-co-cobalt-probox-19-pieces\/#breadcrumb"},"inLanguage":"fr-FR","potentialAction":[{"@type":"ReadAction","target":["https:\/\/eurlhosnakamel.dz\/dz\/produit\/foret-a-metaux-hss-co-cobalt-probox-19-pieces\/"]}]},{"@type":"ImageObject","inLanguage":"fr-FR","@id":"https:\/\/eurlhosnakamel.dz\/dz\/produit\/foret-a-metaux-hss-co-cobalt-probox-19-pieces\/#primaryimage","url":"https:\/\/eurlhosnakamel.dz\/dz\/wp-content\/uploads\/2020\/06\/Foret-\u00e0-m\u00e9taux-HSS-Co-Cobalt-ProBox-19-Pi\u00e8ceseurl-hosna-kamel-alg\u00e9rie.jpg","contentUrl":"https:\/\/eurlhosnakamel.dz\/dz\/wp-content\/uploads\/2020\/06\/Foret-\u00e0-m\u00e9taux-HSS-Co-Cobalt-ProBox-19-Pi\u00e8ceseurl-hosna-kamel-alg\u00e9rie.jpg","width":512,"height":512},{"@type":"BreadcrumbList","@id":"https:\/\/eurlhosnakamel.dz\/dz\/produit\/foret-a-metaux-hss-co-cobalt-probox-19-pieces\/#breadcrumb","itemListElement":[{"@type":"ListItem","position":1,"name":"Accueil","item":"https:\/\/eurlhosnakamel.dz\/dz\/"},{"@type":"ListItem","position":2,"name":"Shop","item":"https:\/\/eurlhosnakamel.dz\/dz\/shop\/"},{"@type":"ListItem","position":3,"name":"Foret \u00e0 m\u00e9taux HSS-Co (Cobalt) ProBox (19 Pi\u00e8ces)"}]},{"@type":"WebSite","@id":"https:\/\/eurlhosnakamel.dz\/dz\/#website","url":"https:\/\/eurlhosnakamel.dz\/dz\/","name":"EURL HOSNA KAMEL","description":"Fournisseur Premium d&#039;Outillages Professionnels en Alg\u00e9rie -","publisher":{"@id":"https:\/\/eurlhosnakamel.dz\/dz\/#organization"},"potentialAction":[{"@type":"SearchAction","target":{"@type":"EntryPoint","urlTemplate":"https:\/\/eurlhosnakamel.dz\/dz\/?s={search_term_string}"},"query-input":"required name=search_term_string"}],"inLanguage":"fr-FR"},{"@type":"Organization","@id":"https:\/\/eurlhosnakamel.dz\/dz\/#organization","name":"EURL HOSNA KAMEL - Bosch alg\u00e9rie","url":"https:\/\/eurlhosnakamel.dz\/dz\/","logo":{"@type":"ImageObject","inLanguage":"fr-FR","@id":"https:\/\/eurlhosnakamel.dz\/dz\/#\/schema\/logo\/image\/","url":"https:\/\/eurlhosnakamel.dz\/wp-content\/uploads\/2020\/04\/LOGO-HOSNA1.png","contentUrl":"https:\/\/eurlhosnakamel.dz\/wp-content\/uploads\/2020\/04\/LOGO-HOSNA1.png","width":120,"height":127,"caption":"EURL HOSNA KAMEL - Bosch alg\u00e9rie"},"image":{"@id":"https:\/\/eurlhosnakamel.dz\/dz\/#\/schema\/logo\/image\/"},"sameAs":["https:\/\/www.facebook.com\/Eurl.Hosna.DZ\/"]}]}},"_links":{"self":[{"href":"https:\/\/eurlhosnakamel.dz\/dz\/wp-json\/wp\/v2\/product\/10506","targetHints":{"allow":["GET"]}}],"collection":[{"href":"https:\/\/eurlhosnakamel.dz\/dz\/wp-json\/wp\/v2\/product"}],"about":[{"href":"https:\/\/eurlhosnakamel.dz\/dz\/wp-json\/wp\/v2\/types\/product"}],"wp:featuredmedia":[{"embeddable":true,"href":"https:\/\/eurlhosnakamel.dz\/dz\/wp-json\/wp\/v2\/media\/10507"}],"wp:attachment":[{"href":"https:\/\/eurlhosnakamel.dz\/dz\/wp-json\/wp\/v2\/media?parent=10506"}],"wp:term":[{"taxonomy":"product_cat","embeddable":true,"href":"https:\/\/eurlhosnakamel.dz\/dz\/wp-json\/wp\/v2\/product_cat?post=10506"},{"taxonomy":"product_tag","embeddable":true,"href":"https:\/\/eurlhosnakamel.dz\/dz\/wp-json\/wp\/v2\/product_tag?post=10506"}],"curies":[{"name":"wp","href":"https:\/\/api.w.org\/{rel}","templated":true}]}}