{"id":10532,"date":"2020-06-01T15:43:58","date_gmt":"2020-06-01T15:43:58","guid":{"rendered":"https:\/\/lhchosting.com\/hosna\/?post_type=product&#038;p=10532"},"modified":"2021-12-19T08:42:06","modified_gmt":"2021-12-19T08:42:06","slug":"foret-a-bois-a-simple-spirale-24-x-385mm","status":"publish","type":"product","link":"https:\/\/eurlhosnakamel.dz\/dz\/produit\/foret-a-bois-a-simple-spirale-24-x-385mm\/","title":{"rendered":"Foret \u00e0 bois \u00e0 simple spirale 24 x 385mm"},"content":{"rendered":"<h2 class=\"headline hl1\" style=\"text-align: justify\">Points forts des produits<\/h2>\n<div class=\"row\">\n<div class=\"col-md-6 xs-mb-30 lg-mb-0\" style=\"text-align: justify\">\n<h3 class=\"headline hl4\">M\u00e8ches \u00e0 simple spirale<\/h3>\n<p>M\u00e8che \u00e0 simple spirale pour un per\u00e7age pr\u00e9cis, net et rapide dans le bois<\/p>\n<ul>\n<li>T\u00eate r\u00e9sistante \u00e0 pointe filet\u00e9e autocentreuse pour un per\u00e7age rapide et sans effort du bois<\/li>\n<li>G\u00e9om\u00e9trie optimis\u00e9e assurant des per\u00e7ages bien droit et l\u2019\u00e9vacuation rapide des copeaux<\/li>\n<li>Pointe de centrage optimis\u00e9e et ar\u00eate de coupe rectifi\u00e9e pour la r\u00e9alisation de trous nets et pr\u00e9cis<\/li>\n<\/ul>\n<div class=\"m-product_hightlights__description\">\n<h3 class=\"headline hl4\">Descriptions des produits<\/h3>\n<div>\n<p>La m\u00e8che \u00e0 fraiser est id\u00e9ale pour un per\u00e7age de pr\u00e9cision rapide de trous d\u00e9bouchants, d\u2019avant-trous de charni\u00e8res, de trous profonds pour chevilles dans du bois. La t\u00eate r\u00e9sistante \u00e0 pointe filet\u00e9e autocentreuse permet d&#8217;utiliser le foret sur toute la longueur ce qui permet un per\u00e7age pr\u00e9cis, rapide et sans effort. La g\u00e9om\u00e9trie optimis\u00e9e des goujures \u00e0 frottement r\u00e9duit permet la r\u00e9alisation de trous cylindriques parfaits, \u00e9vitant le coincement et assurant une \u00e9vacuation rapide des copeaux. La pointe de centrage optimis\u00e9e et le taillant principal aff\u00fbt\u00e9 avec pr\u00e9cision permettent la r\u00e9alisation de trous nets et pr\u00e9cis. Convient pour le bois dur et le bois tendre, id\u00e9al pour les m\u00e9tiers du b\u00e2timent comme les charpentiers et les couvreurs. Ce foret est muni d\u2019une queue six pans et fonctionne avec toutes les perceuses \u00e0 mandrin de 13\u00a0mm<br \/>\n.<\/p>\n<\/div>\n<\/div>\n<\/div>\n<div class=\"col-md-6\">\n<h3 class=\"headline hl4\" style=\"text-align: justify\">Fonctions<\/h3>\n<div class=\"image-row\">\n<div class=\"image-col\" style=\"text-align: justify\"><img decoding=\"async\" class=\"img-responsive ls-is-cached lazyloaded\" title=\"\" src=\"https:\/\/www.bosch-professional.com\/binary\/ocsmedia\/optimized\/100x100\/o15635v82_Holz.png\" alt=\"\" data-srcset=\" https:\/\/www.bosch-professional.com\/binary\/ocsmedia\/optimized\/100x100\/o15635v82_Holz.png 100w, https:\/\/www.bosch-professional.com\/binary\/ocsmedia\/optimized\/200x200\/o15635v82_Holz.png 200w \" \/><\/div>\n<div class=\"image-col\" style=\"text-align: justify\"><img decoding=\"async\" class=\"img-responsive lazyloaded\" title=\"\" src=\"https:\/\/www.bosch-professional.com\/binary\/ocsmedia\/optimized\/100x100\/o179757v82_Bauholz.png\" alt=\"\" data-srcset=\" https:\/\/www.bosch-professional.com\/binary\/ocsmedia\/optimized\/100x100\/o179757v82_Bauholz.png 100w, https:\/\/www.bosch-professional.com\/binary\/ocsmedia\/optimized\/200x200\/o179757v82_Bauholz.png 200w \" \/><\/div>\n<\/div>\n<\/div>\n<\/div>\n","protected":false},"excerpt":{"rendered":"<h4><strong>M\u00e8che \u00e0 bois h\u00e9lico\u00efdale, six pans<\/strong><\/h4>\n<table class=\"m-datatable m-datatable--light\">\n<thead>\n<tr>\n<th class=\"no-sort\" data-priority=\"1\">D\u00e9tails<\/th>\n<th class=\"no-sort\" data-priority=\"1\"><\/th>\n<\/tr>\n<\/thead>\n<tbody>\n<tr class=\"\">\n<td>Diam\u00e8tre (D) [mm]<\/td>\n<td>24.00<\/td>\n<\/tr>\n<tr class=\"\">\n<td>Diam\u00e8tre (D) [pouces]<\/td>\n<td>7\/16<\/td>\n<\/tr>\n<tr class=\"\">\n<td>Longueur utile (L1) [mm]<\/td>\n<td>385<\/td>\n<\/tr>\n<tr class=\"\">\n<td>Longueur totale (L2) [mm]<\/td>\n<td>450<\/td>\n<\/tr>\n<tr class=\"\">\n<td>Cote sur plats (d) [mm]<\/td>\n<td>11.10<\/td>\n<\/tr>\n<tr class=\"\">\n<td>Cote sur plats (d) [pouces]<\/td>\n<td>7\/16<\/td>\n<\/tr>\n<\/tbody>\n<\/table>\n<p><strong>\u00a0<\/strong><\/p>\n","protected":false},"featured_media":10533,"template":"","meta":[],"product_cat":[1277,405],"product_tag":[2467],"class_list":{"0":"post-10532","1":"product","2":"type-product","3":"status-publish","4":"has-post-thumbnail","6":"product_cat-accessoires-bosch","7":"product_cat-outillage","8":"product_tag-foret-a-bois-a-simple-spirale-24-x-385mm","9":"product_brand-bosch-outillage","11":"first","12":"instock","13":"shipping-taxable","14":"product-type-simple","15":"col-xs-6 col-sm-4","16":"col-md-3 col-lg-3","17":"un-4-cols"},"yoast_head":"<!-- This site is optimized with the Yoast SEO plugin v22.5 - https:\/\/yoast.com\/wordpress\/plugins\/seo\/ -->\n<title>Foret \u00e0 bois \u00e0 simple spirale 24 x 385mm - EURL HOSNA KAMEL<\/title>\n<meta name=\"description\" content=\"Foret \u00e0 bois \u00e0 simple spirale 24 x 385mm - EURL HOSNA KAMEL\" \/>\n<meta name=\"robots\" content=\"index, follow, max-snippet:-1, max-image-preview:large, max-video-preview:-1\" \/>\n<link rel=\"canonical\" href=\"https:\/\/eurlhosnakamel.dz\/dz\/produit\/foret-a-bois-a-simple-spirale-24-x-385mm\/\" \/>\n<meta property=\"og:locale\" content=\"fr_FR\" \/>\n<meta property=\"og:type\" content=\"article\" \/>\n<meta property=\"og:title\" content=\"Foret \u00e0 bois \u00e0 simple spirale 24 x 385mm - EURL HOSNA KAMEL\" \/>\n<meta property=\"og:description\" content=\"Foret \u00e0 bois \u00e0 simple spirale 24 x 385mm - EURL HOSNA KAMEL\" \/>\n<meta property=\"og:url\" content=\"https:\/\/eurlhosnakamel.dz\/dz\/produit\/foret-a-bois-a-simple-spirale-24-x-385mm\/\" \/>\n<meta property=\"og:site_name\" content=\"EURL HOSNA KAMEL\" \/>\n<meta property=\"article:publisher\" content=\"https:\/\/www.facebook.com\/Eurl.Hosna.DZ\/\" \/>\n<meta property=\"article:modified_time\" content=\"2021-12-19T08:42:06+00:00\" \/>\n<meta property=\"og:image\" content=\"https:\/\/eurlhosnakamel.dz\/dz\/wp-content\/uploads\/2020\/06\/Foret-\u00e0-bois-\u00e0-simple-spirale-24x-385mmeurl-hosna-kamel-alg\u00e9rie.jpg\" \/>\n\t<meta property=\"og:image:width\" content=\"512\" \/>\n\t<meta property=\"og:image:height\" content=\"512\" \/>\n\t<meta property=\"og:image:type\" content=\"image\/jpeg\" \/>\n<meta name=\"twitter:card\" content=\"summary_large_image\" \/>\n<meta name=\"twitter:label1\" content=\"Dur\u00e9e de lecture estim\u00e9e\" \/>\n\t<meta name=\"twitter:data1\" content=\"1 minute\" \/>\n<script type=\"application\/ld+json\" class=\"yoast-schema-graph\">{\"@context\":\"https:\/\/schema.org\",\"@graph\":[{\"@type\":\"WebPage\",\"@id\":\"https:\/\/eurlhosnakamel.dz\/dz\/produit\/foret-a-bois-a-simple-spirale-24-x-385mm\/\",\"url\":\"https:\/\/eurlhosnakamel.dz\/dz\/produit\/foret-a-bois-a-simple-spirale-24-x-385mm\/\",\"name\":\"Foret \u00e0 bois \u00e0 simple spirale 24 x 385mm - EURL HOSNA KAMEL\",\"isPartOf\":{\"@id\":\"https:\/\/eurlhosnakamel.dz\/dz\/#website\"},\"primaryImageOfPage\":{\"@id\":\"https:\/\/eurlhosnakamel.dz\/dz\/produit\/foret-a-bois-a-simple-spirale-24-x-385mm\/#primaryimage\"},\"image\":{\"@id\":\"https:\/\/eurlhosnakamel.dz\/dz\/produit\/foret-a-bois-a-simple-spirale-24-x-385mm\/#primaryimage\"},\"thumbnailUrl\":\"https:\/\/eurlhosnakamel.dz\/dz\/wp-content\/uploads\/2020\/06\/Foret-\u00e0-bois-\u00e0-simple-spirale-24x-385mmeurl-hosna-kamel-alg\u00e9rie.jpg\",\"datePublished\":\"2020-06-01T15:43:58+00:00\",\"dateModified\":\"2021-12-19T08:42:06+00:00\",\"description\":\"Foret \u00e0 bois \u00e0 simple spirale 24 x 385mm - EURL HOSNA KAMEL\",\"breadcrumb\":{\"@id\":\"https:\/\/eurlhosnakamel.dz\/dz\/produit\/foret-a-bois-a-simple-spirale-24-x-385mm\/#breadcrumb\"},\"inLanguage\":\"fr-FR\",\"potentialAction\":[{\"@type\":\"ReadAction\",\"target\":[\"https:\/\/eurlhosnakamel.dz\/dz\/produit\/foret-a-bois-a-simple-spirale-24-x-385mm\/\"]}]},{\"@type\":\"ImageObject\",\"inLanguage\":\"fr-FR\",\"@id\":\"https:\/\/eurlhosnakamel.dz\/dz\/produit\/foret-a-bois-a-simple-spirale-24-x-385mm\/#primaryimage\",\"url\":\"https:\/\/eurlhosnakamel.dz\/dz\/wp-content\/uploads\/2020\/06\/Foret-\u00e0-bois-\u00e0-simple-spirale-24x-385mmeurl-hosna-kamel-alg\u00e9rie.jpg\",\"contentUrl\":\"https:\/\/eurlhosnakamel.dz\/dz\/wp-content\/uploads\/2020\/06\/Foret-\u00e0-bois-\u00e0-simple-spirale-24x-385mmeurl-hosna-kamel-alg\u00e9rie.jpg\",\"width\":512,\"height\":512},{\"@type\":\"BreadcrumbList\",\"@id\":\"https:\/\/eurlhosnakamel.dz\/dz\/produit\/foret-a-bois-a-simple-spirale-24-x-385mm\/#breadcrumb\",\"itemListElement\":[{\"@type\":\"ListItem\",\"position\":1,\"name\":\"Accueil\",\"item\":\"https:\/\/eurlhosnakamel.dz\/dz\/\"},{\"@type\":\"ListItem\",\"position\":2,\"name\":\"Shop\",\"item\":\"https:\/\/eurlhosnakamel.dz\/dz\/shop\/\"},{\"@type\":\"ListItem\",\"position\":3,\"name\":\"Foret \u00e0 bois \u00e0 simple spirale 24 x 385mm\"}]},{\"@type\":\"WebSite\",\"@id\":\"https:\/\/eurlhosnakamel.dz\/dz\/#website\",\"url\":\"https:\/\/eurlhosnakamel.dz\/dz\/\",\"name\":\"EURL HOSNA KAMEL\",\"description\":\"Fournisseur Premium d&#039;Outillages Professionnels en Alg\u00e9rie -\",\"publisher\":{\"@id\":\"https:\/\/eurlhosnakamel.dz\/dz\/#organization\"},\"potentialAction\":[{\"@type\":\"SearchAction\",\"target\":{\"@type\":\"EntryPoint\",\"urlTemplate\":\"https:\/\/eurlhosnakamel.dz\/dz\/?s={search_term_string}\"},\"query-input\":\"required name=search_term_string\"}],\"inLanguage\":\"fr-FR\"},{\"@type\":\"Organization\",\"@id\":\"https:\/\/eurlhosnakamel.dz\/dz\/#organization\",\"name\":\"EURL HOSNA KAMEL - Bosch alg\u00e9rie\",\"url\":\"https:\/\/eurlhosnakamel.dz\/dz\/\",\"logo\":{\"@type\":\"ImageObject\",\"inLanguage\":\"fr-FR\",\"@id\":\"https:\/\/eurlhosnakamel.dz\/dz\/#\/schema\/logo\/image\/\",\"url\":\"https:\/\/eurlhosnakamel.dz\/wp-content\/uploads\/2020\/04\/LOGO-HOSNA1.png\",\"contentUrl\":\"https:\/\/eurlhosnakamel.dz\/wp-content\/uploads\/2020\/04\/LOGO-HOSNA1.png\",\"width\":120,\"height\":127,\"caption\":\"EURL HOSNA KAMEL - Bosch alg\u00e9rie\"},\"image\":{\"@id\":\"https:\/\/eurlhosnakamel.dz\/dz\/#\/schema\/logo\/image\/\"},\"sameAs\":[\"https:\/\/www.facebook.com\/Eurl.Hosna.DZ\/\"]}]}<\/script>\n<!-- \/ Yoast SEO plugin. -->","yoast_head_json":{"title":"Foret \u00e0 bois \u00e0 simple spirale 24 x 385mm - EURL HOSNA KAMEL","description":"Foret \u00e0 bois \u00e0 simple spirale 24 x 385mm - EURL HOSNA KAMEL","robots":{"index":"index","follow":"follow","max-snippet":"max-snippet:-1","max-image-preview":"max-image-preview:large","max-video-preview":"max-video-preview:-1"},"canonical":"https:\/\/eurlhosnakamel.dz\/dz\/produit\/foret-a-bois-a-simple-spirale-24-x-385mm\/","og_locale":"fr_FR","og_type":"article","og_title":"Foret \u00e0 bois \u00e0 simple spirale 24 x 385mm - EURL HOSNA KAMEL","og_description":"Foret \u00e0 bois \u00e0 simple spirale 24 x 385mm - EURL HOSNA KAMEL","og_url":"https:\/\/eurlhosnakamel.dz\/dz\/produit\/foret-a-bois-a-simple-spirale-24-x-385mm\/","og_site_name":"EURL HOSNA KAMEL","article_publisher":"https:\/\/www.facebook.com\/Eurl.Hosna.DZ\/","article_modified_time":"2021-12-19T08:42:06+00:00","og_image":[{"width":512,"height":512,"url":"https:\/\/eurlhosnakamel.dz\/dz\/wp-content\/uploads\/2020\/06\/Foret-\u00e0-bois-\u00e0-simple-spirale-24x-385mmeurl-hosna-kamel-alg\u00e9rie.jpg","type":"image\/jpeg"}],"twitter_card":"summary_large_image","twitter_misc":{"Dur\u00e9e de lecture estim\u00e9e":"1 minute"},"schema":{"@context":"https:\/\/schema.org","@graph":[{"@type":"WebPage","@id":"https:\/\/eurlhosnakamel.dz\/dz\/produit\/foret-a-bois-a-simple-spirale-24-x-385mm\/","url":"https:\/\/eurlhosnakamel.dz\/dz\/produit\/foret-a-bois-a-simple-spirale-24-x-385mm\/","name":"Foret \u00e0 bois \u00e0 simple spirale 24 x 385mm - EURL HOSNA KAMEL","isPartOf":{"@id":"https:\/\/eurlhosnakamel.dz\/dz\/#website"},"primaryImageOfPage":{"@id":"https:\/\/eurlhosnakamel.dz\/dz\/produit\/foret-a-bois-a-simple-spirale-24-x-385mm\/#primaryimage"},"image":{"@id":"https:\/\/eurlhosnakamel.dz\/dz\/produit\/foret-a-bois-a-simple-spirale-24-x-385mm\/#primaryimage"},"thumbnailUrl":"https:\/\/eurlhosnakamel.dz\/dz\/wp-content\/uploads\/2020\/06\/Foret-\u00e0-bois-\u00e0-simple-spirale-24x-385mmeurl-hosna-kamel-alg\u00e9rie.jpg","datePublished":"2020-06-01T15:43:58+00:00","dateModified":"2021-12-19T08:42:06+00:00","description":"Foret \u00e0 bois \u00e0 simple spirale 24 x 385mm - EURL HOSNA KAMEL","breadcrumb":{"@id":"https:\/\/eurlhosnakamel.dz\/dz\/produit\/foret-a-bois-a-simple-spirale-24-x-385mm\/#breadcrumb"},"inLanguage":"fr-FR","potentialAction":[{"@type":"ReadAction","target":["https:\/\/eurlhosnakamel.dz\/dz\/produit\/foret-a-bois-a-simple-spirale-24-x-385mm\/"]}]},{"@type":"ImageObject","inLanguage":"fr-FR","@id":"https:\/\/eurlhosnakamel.dz\/dz\/produit\/foret-a-bois-a-simple-spirale-24-x-385mm\/#primaryimage","url":"https:\/\/eurlhosnakamel.dz\/dz\/wp-content\/uploads\/2020\/06\/Foret-\u00e0-bois-\u00e0-simple-spirale-24x-385mmeurl-hosna-kamel-alg\u00e9rie.jpg","contentUrl":"https:\/\/eurlhosnakamel.dz\/dz\/wp-content\/uploads\/2020\/06\/Foret-\u00e0-bois-\u00e0-simple-spirale-24x-385mmeurl-hosna-kamel-alg\u00e9rie.jpg","width":512,"height":512},{"@type":"BreadcrumbList","@id":"https:\/\/eurlhosnakamel.dz\/dz\/produit\/foret-a-bois-a-simple-spirale-24-x-385mm\/#breadcrumb","itemListElement":[{"@type":"ListItem","position":1,"name":"Accueil","item":"https:\/\/eurlhosnakamel.dz\/dz\/"},{"@type":"ListItem","position":2,"name":"Shop","item":"https:\/\/eurlhosnakamel.dz\/dz\/shop\/"},{"@type":"ListItem","position":3,"name":"Foret \u00e0 bois \u00e0 simple spirale 24 x 385mm"}]},{"@type":"WebSite","@id":"https:\/\/eurlhosnakamel.dz\/dz\/#website","url":"https:\/\/eurlhosnakamel.dz\/dz\/","name":"EURL HOSNA KAMEL","description":"Fournisseur Premium d&#039;Outillages Professionnels en Alg\u00e9rie -","publisher":{"@id":"https:\/\/eurlhosnakamel.dz\/dz\/#organization"},"potentialAction":[{"@type":"SearchAction","target":{"@type":"EntryPoint","urlTemplate":"https:\/\/eurlhosnakamel.dz\/dz\/?s={search_term_string}"},"query-input":"required name=search_term_string"}],"inLanguage":"fr-FR"},{"@type":"Organization","@id":"https:\/\/eurlhosnakamel.dz\/dz\/#organization","name":"EURL HOSNA KAMEL - Bosch alg\u00e9rie","url":"https:\/\/eurlhosnakamel.dz\/dz\/","logo":{"@type":"ImageObject","inLanguage":"fr-FR","@id":"https:\/\/eurlhosnakamel.dz\/dz\/#\/schema\/logo\/image\/","url":"https:\/\/eurlhosnakamel.dz\/wp-content\/uploads\/2020\/04\/LOGO-HOSNA1.png","contentUrl":"https:\/\/eurlhosnakamel.dz\/wp-content\/uploads\/2020\/04\/LOGO-HOSNA1.png","width":120,"height":127,"caption":"EURL HOSNA KAMEL - Bosch alg\u00e9rie"},"image":{"@id":"https:\/\/eurlhosnakamel.dz\/dz\/#\/schema\/logo\/image\/"},"sameAs":["https:\/\/www.facebook.com\/Eurl.Hosna.DZ\/"]}]}},"_links":{"self":[{"href":"https:\/\/eurlhosnakamel.dz\/dz\/wp-json\/wp\/v2\/product\/10532","targetHints":{"allow":["GET"]}}],"collection":[{"href":"https:\/\/eurlhosnakamel.dz\/dz\/wp-json\/wp\/v2\/product"}],"about":[{"href":"https:\/\/eurlhosnakamel.dz\/dz\/wp-json\/wp\/v2\/types\/product"}],"wp:featuredmedia":[{"embeddable":true,"href":"https:\/\/eurlhosnakamel.dz\/dz\/wp-json\/wp\/v2\/media\/10533"}],"wp:attachment":[{"href":"https:\/\/eurlhosnakamel.dz\/dz\/wp-json\/wp\/v2\/media?parent=10532"}],"wp:term":[{"taxonomy":"product_cat","embeddable":true,"href":"https:\/\/eurlhosnakamel.dz\/dz\/wp-json\/wp\/v2\/product_cat?post=10532"},{"taxonomy":"product_tag","embeddable":true,"href":"https:\/\/eurlhosnakamel.dz\/dz\/wp-json\/wp\/v2\/product_tag?post=10532"}],"curies":[{"name":"wp","href":"https:\/\/api.w.org\/{rel}","templated":true}]}}