{"id":10558,"date":"2020-06-03T13:20:06","date_gmt":"2020-06-03T13:20:06","guid":{"rendered":"https:\/\/lhchosting.com\/hosna\/?post_type=product&#038;p=10558"},"modified":"2021-12-19T08:41:20","modified_gmt":"2021-12-19T08:41:20","slug":"foret-beton-cyl-3-80-x-80mm","status":"publish","type":"product","link":"https:\/\/eurlhosnakamel.dz\/dz\/produit\/foret-beton-cyl-3-80-x-80mm\/","title":{"rendered":"Foret b\u00e9ton CYL-3 8,0 x 80mm"},"content":{"rendered":"<h2 class=\"headline hl1\" style=\"text-align: justify\">Points forts des produits<\/h2>\n<div class=\"row\">\n<div class=\"col-md-6 xs-mb-30 lg-mb-0\" style=\"text-align: justify\">\n<h3 class=\"headline hl4\">Forets b\u00e9ton CYL-3<\/h3>\n<p>Le foret CYL-3 garantit des performances durables lors du per\u00e7age dans le b\u00e9ton<\/p>\n<ul>\n<li>Excellente r\u00e9sistance \u00e0 l&#8217;usure gr\u00e2ce \u00e0 l&#8217;utilisation d&#8217;un m\u00e9lange de carbure endurant d\u00e9velopp\u00e9 et fabriqu\u00e9 par Bosch<\/li>\n<li>La double h\u00e9lice en U permet une bonne \u00e9vacuation de la poussi\u00e8re, pour une friction r\u00e9duite et une dur\u00e9e de vie accrue<\/li>\n<li>Performances durables lors du per\u00e7age de trous pour chevilles dans des mat\u00e9riaux abrasifs comme le b\u00e9ton et la pierre<\/li>\n<\/ul>\n<div class=\"m-product_hightlights__description\">\n<h3 class=\"headline hl4\">Descriptions des produits<\/h3>\n<div>\n<p>Le foret CYL-3 garantit des performances durables lors du per\u00e7age dans le b\u00e9ton. Sa r\u00e9sistance est due \u00e0 l&#8217;utilisation d&#8217;un m\u00e9lange de carbure endurant sp\u00e9cialement d\u00e9velopp\u00e9 et fabriqu\u00e9 par Bosch. Le m\u00e9lange est con\u00e7u pour supporter un usage intensif et offre une grande r\u00e9sistance \u00e0 l&#8217;usure lors de l&#8217;utilisation sur du b\u00e9ton. De plus, la double h\u00e9lice en U du foret assure une bonne \u00e9vacuation de la poussi\u00e8re et r\u00e9duit la friction, la g\u00e9n\u00e9ration de chaleur et l&#8217;usure, pour une dur\u00e9e de vie accrue. Le foret garantit des performances durables lors du per\u00e7age de trous pour chevilles dans des mat\u00e9riaux abrasifs comme le b\u00e9ton et la pierre naturelle. Compatible avec les syst\u00e8mes \u00e0 queue cylindrique de toutes les perceuses \u00e0 percussion filaires ou sans fil.<\/p>\n<\/div>\n<div>\n<p>En gage de qualit\u00e9, le foret est estampill\u00e9 par le PGM Masonry Drill Bit Association Board, qui garantit des tol\u00e9rances r\u00e9duites, des trous de dimensions pr\u00e9cises et la bonne tenue des chevilles<br \/>\n.<\/p>\n<\/div>\n<\/div>\n<\/div>\n<div class=\"col-md-6\">\n<h3 class=\"headline hl4\" style=\"text-align: justify\">Fonctions<\/h3>\n<div class=\"image-row\">\n<div class=\"image-col\" style=\"text-align: justify\"><img decoding=\"async\" class=\"img-responsive  lazyloaded\" title=\"\" src=\"https:\/\/www.bosch-professional.com\/binary\/ocsmedia\/optimized\/100x100\/o58635v82_Beton.png\" alt=\"\" data-srcset=\"\n            https:\/\/www.bosch-professional.com\/binary\/ocsmedia\/optimized\/100x100\/o58635v82_Beton.png 100w,\n            https:\/\/www.bosch-professional.com\/binary\/ocsmedia\/optimized\/200x200\/o58635v82_Beton.png 200w\n          \" \/><\/div>\n<div class=\"image-col\" style=\"text-align: justify\"><img decoding=\"async\" class=\"img-responsive  lazyloaded\" title=\"\" src=\"https:\/\/www.bosch-professional.com\/binary\/ocsmedia\/optimized\/100x100\/o8870v82_PiktoMauerwerk448.png\" alt=\"\" data-srcset=\"\n            https:\/\/www.bosch-professional.com\/binary\/ocsmedia\/optimized\/100x100\/o8870v82_PiktoMauerwerk448.png 100w,\n            https:\/\/www.bosch-professional.com\/binary\/ocsmedia\/optimized\/200x200\/o8870v82_PiktoMauerwerk448.png 200w\n          \" \/><\/div>\n<div class=\"image-col\" style=\"text-align: justify\"><img decoding=\"async\" class=\"img-responsive  lazyloaded\" title=\"\" src=\"https:\/\/www.bosch-professional.com\/binary\/ocsmedia\/optimized\/100x100\/o98245v82_PTAC_B_LongLife_1C_110727.png\" alt=\"\" data-srcset=\"\n            https:\/\/www.bosch-professional.com\/binary\/ocsmedia\/optimized\/100x100\/o98245v82_PTAC_B_LongLife_1C_110727.png 100w,\n            https:\/\/www.bosch-professional.com\/binary\/ocsmedia\/optimized\/200x200\/o98245v82_PTAC_B_LongLife_1C_110727.png 200w\n          \" \/><\/div>\n<div class=\"image-col\" style=\"text-align: justify\"><img decoding=\"async\" class=\"img-responsive  lazyloaded\" title=\"\" src=\"https:\/\/www.bosch-professional.com\/binary\/ocsmedia\/optimized\/100x100\/o202845v82_SicherSafePikto_1.png\" alt=\"\" data-srcset=\"\n            https:\/\/www.bosch-professional.com\/binary\/ocsmedia\/optimized\/100x100\/o202845v82_SicherSafePikto_1.png 100w,\n            https:\/\/www.bosch-professional.com\/binary\/ocsmedia\/optimized\/200x200\/o202845v82_SicherSafePikto_1.png 200w\n          \" \/><\/div>\n<div class=\"image-col\" style=\"text-align: justify\"><img decoding=\"async\" class=\"img-responsive  lazyloaded\" title=\"\" src=\"https:\/\/www.bosch-professional.com\/binary\/ocsmedia\/optimized\/100x100\/o104456v82_CYL_Shank_Pikto.png\" alt=\"\" data-srcset=\"\n            https:\/\/www.bosch-professional.com\/binary\/ocsmedia\/optimized\/100x100\/o104456v82_CYL_Shank_Pikto.png 100w,\n            https:\/\/www.bosch-professional.com\/binary\/ocsmedia\/optimized\/200x200\/o104456v82_CYL_Shank_Pikto.png 200w\n          \" \/><\/div>\n<\/div>\n<\/div>\n<\/div>\n","protected":false},"excerpt":{"rendered":"<h4>Forets \u00e0 b\u00e9ton CYL-3<\/h4>\n<table class=\"m-datatable m-datatable--light\">\n<thead>\n<tr>\n<th class=\"no-sort\" data-priority=\"1\">D\u00e9tails<\/th>\n<th class=\"no-sort\" data-priority=\"1\"><\/th>\n<\/tr>\n<\/thead>\n<tbody>\n<tr class=\"\">\n<td>Diam\u00e8tre (D) [mm]<\/td>\n<td>8.00<\/td>\n<\/tr>\n<tr class=\"\">\n<td>Longueur utile (L1) [mm]<\/td>\n<td>80<\/td>\n<\/tr>\n<tr class=\"\">\n<td>Longueur totale (L2) [mm]<\/td>\n<td>120<\/td>\n<\/tr>\n<\/tbody>\n<\/table>\n","protected":false},"featured_media":10559,"template":"","meta":[],"product_cat":[1277,405],"product_tag":[2480],"class_list":{"0":"post-10558","1":"product","2":"type-product","3":"status-publish","4":"has-post-thumbnail","6":"product_cat-accessoires-bosch","7":"product_cat-outillage","8":"product_tag-foret-beton-cyl-3-8-0-x-80mm","9":"product_brand-bosch-outillage","11":"first","12":"instock","13":"shipping-taxable","14":"product-type-simple","15":"col-xs-6 col-sm-4","16":"col-md-3 col-lg-3","17":"un-4-cols"},"yoast_head":"<!-- This site is optimized with the Yoast SEO plugin v22.5 - https:\/\/yoast.com\/wordpress\/plugins\/seo\/ -->\n<title>Foret b\u00e9ton CYL-3 8,0 x 80mm - EURL HOSNA KAMEL<\/title>\n<meta name=\"description\" content=\"Foret b\u00e9ton CYL-3 8,0 x 80mm - EURL HOSNA KAMEL\" \/>\n<meta name=\"robots\" content=\"index, follow, max-snippet:-1, max-image-preview:large, max-video-preview:-1\" \/>\n<link rel=\"canonical\" href=\"https:\/\/eurlhosnakamel.dz\/dz\/produit\/foret-beton-cyl-3-80-x-80mm\/\" \/>\n<meta property=\"og:locale\" content=\"fr_FR\" \/>\n<meta property=\"og:type\" content=\"article\" \/>\n<meta property=\"og:title\" content=\"Foret b\u00e9ton CYL-3 8,0 x 80mm - EURL HOSNA KAMEL\" \/>\n<meta property=\"og:description\" content=\"Foret b\u00e9ton CYL-3 8,0 x 80mm - EURL HOSNA KAMEL\" \/>\n<meta property=\"og:url\" content=\"https:\/\/eurlhosnakamel.dz\/dz\/produit\/foret-beton-cyl-3-80-x-80mm\/\" \/>\n<meta property=\"og:site_name\" content=\"EURL HOSNA KAMEL\" \/>\n<meta property=\"article:publisher\" content=\"https:\/\/www.facebook.com\/Eurl.Hosna.DZ\/\" \/>\n<meta property=\"article:modified_time\" content=\"2021-12-19T08:41:20+00:00\" \/>\n<meta property=\"og:image\" content=\"https:\/\/eurlhosnakamel.dz\/dz\/wp-content\/uploads\/2020\/06\/Foret-b\u00e9ton-CYL-3-80-x-80mmeurl-hosna-kamel-alg\u00e9rie.jpg\" \/>\n\t<meta property=\"og:image:width\" content=\"512\" \/>\n\t<meta property=\"og:image:height\" content=\"512\" \/>\n\t<meta property=\"og:image:type\" content=\"image\/jpeg\" \/>\n<meta name=\"twitter:card\" content=\"summary_large_image\" \/>\n<meta name=\"twitter:label1\" content=\"Dur\u00e9e de lecture estim\u00e9e\" \/>\n\t<meta name=\"twitter:data1\" content=\"1 minute\" \/>\n<script type=\"application\/ld+json\" class=\"yoast-schema-graph\">{\"@context\":\"https:\/\/schema.org\",\"@graph\":[{\"@type\":\"WebPage\",\"@id\":\"https:\/\/eurlhosnakamel.dz\/dz\/produit\/foret-beton-cyl-3-80-x-80mm\/\",\"url\":\"https:\/\/eurlhosnakamel.dz\/dz\/produit\/foret-beton-cyl-3-80-x-80mm\/\",\"name\":\"Foret b\u00e9ton CYL-3 8,0 x 80mm - EURL HOSNA KAMEL\",\"isPartOf\":{\"@id\":\"https:\/\/eurlhosnakamel.dz\/dz\/#website\"},\"primaryImageOfPage\":{\"@id\":\"https:\/\/eurlhosnakamel.dz\/dz\/produit\/foret-beton-cyl-3-80-x-80mm\/#primaryimage\"},\"image\":{\"@id\":\"https:\/\/eurlhosnakamel.dz\/dz\/produit\/foret-beton-cyl-3-80-x-80mm\/#primaryimage\"},\"thumbnailUrl\":\"https:\/\/eurlhosnakamel.dz\/dz\/wp-content\/uploads\/2020\/06\/Foret-b\u00e9ton-CYL-3-80-x-80mmeurl-hosna-kamel-alg\u00e9rie.jpg\",\"datePublished\":\"2020-06-03T13:20:06+00:00\",\"dateModified\":\"2021-12-19T08:41:20+00:00\",\"description\":\"Foret b\u00e9ton CYL-3 8,0 x 80mm - EURL HOSNA KAMEL\",\"breadcrumb\":{\"@id\":\"https:\/\/eurlhosnakamel.dz\/dz\/produit\/foret-beton-cyl-3-80-x-80mm\/#breadcrumb\"},\"inLanguage\":\"fr-FR\",\"potentialAction\":[{\"@type\":\"ReadAction\",\"target\":[\"https:\/\/eurlhosnakamel.dz\/dz\/produit\/foret-beton-cyl-3-80-x-80mm\/\"]}]},{\"@type\":\"ImageObject\",\"inLanguage\":\"fr-FR\",\"@id\":\"https:\/\/eurlhosnakamel.dz\/dz\/produit\/foret-beton-cyl-3-80-x-80mm\/#primaryimage\",\"url\":\"https:\/\/eurlhosnakamel.dz\/dz\/wp-content\/uploads\/2020\/06\/Foret-b\u00e9ton-CYL-3-80-x-80mmeurl-hosna-kamel-alg\u00e9rie.jpg\",\"contentUrl\":\"https:\/\/eurlhosnakamel.dz\/dz\/wp-content\/uploads\/2020\/06\/Foret-b\u00e9ton-CYL-3-80-x-80mmeurl-hosna-kamel-alg\u00e9rie.jpg\",\"width\":512,\"height\":512},{\"@type\":\"BreadcrumbList\",\"@id\":\"https:\/\/eurlhosnakamel.dz\/dz\/produit\/foret-beton-cyl-3-80-x-80mm\/#breadcrumb\",\"itemListElement\":[{\"@type\":\"ListItem\",\"position\":1,\"name\":\"Accueil\",\"item\":\"https:\/\/eurlhosnakamel.dz\/dz\/\"},{\"@type\":\"ListItem\",\"position\":2,\"name\":\"Shop\",\"item\":\"https:\/\/eurlhosnakamel.dz\/dz\/shop\/\"},{\"@type\":\"ListItem\",\"position\":3,\"name\":\"Foret b\u00e9ton CYL-3 8,0 x 80mm\"}]},{\"@type\":\"WebSite\",\"@id\":\"https:\/\/eurlhosnakamel.dz\/dz\/#website\",\"url\":\"https:\/\/eurlhosnakamel.dz\/dz\/\",\"name\":\"EURL HOSNA KAMEL\",\"description\":\"Fournisseur Premium d&#039;Outillages Professionnels en Alg\u00e9rie -\",\"publisher\":{\"@id\":\"https:\/\/eurlhosnakamel.dz\/dz\/#organization\"},\"potentialAction\":[{\"@type\":\"SearchAction\",\"target\":{\"@type\":\"EntryPoint\",\"urlTemplate\":\"https:\/\/eurlhosnakamel.dz\/dz\/?s={search_term_string}\"},\"query-input\":\"required name=search_term_string\"}],\"inLanguage\":\"fr-FR\"},{\"@type\":\"Organization\",\"@id\":\"https:\/\/eurlhosnakamel.dz\/dz\/#organization\",\"name\":\"EURL HOSNA KAMEL - Bosch alg\u00e9rie\",\"url\":\"https:\/\/eurlhosnakamel.dz\/dz\/\",\"logo\":{\"@type\":\"ImageObject\",\"inLanguage\":\"fr-FR\",\"@id\":\"https:\/\/eurlhosnakamel.dz\/dz\/#\/schema\/logo\/image\/\",\"url\":\"https:\/\/eurlhosnakamel.dz\/wp-content\/uploads\/2020\/04\/LOGO-HOSNA1.png\",\"contentUrl\":\"https:\/\/eurlhosnakamel.dz\/wp-content\/uploads\/2020\/04\/LOGO-HOSNA1.png\",\"width\":120,\"height\":127,\"caption\":\"EURL HOSNA KAMEL - Bosch alg\u00e9rie\"},\"image\":{\"@id\":\"https:\/\/eurlhosnakamel.dz\/dz\/#\/schema\/logo\/image\/\"},\"sameAs\":[\"https:\/\/www.facebook.com\/Eurl.Hosna.DZ\/\"]}]}<\/script>\n<!-- \/ Yoast SEO plugin. -->","yoast_head_json":{"title":"Foret b\u00e9ton CYL-3 8,0 x 80mm - EURL HOSNA KAMEL","description":"Foret b\u00e9ton CYL-3 8,0 x 80mm - EURL HOSNA KAMEL","robots":{"index":"index","follow":"follow","max-snippet":"max-snippet:-1","max-image-preview":"max-image-preview:large","max-video-preview":"max-video-preview:-1"},"canonical":"https:\/\/eurlhosnakamel.dz\/dz\/produit\/foret-beton-cyl-3-80-x-80mm\/","og_locale":"fr_FR","og_type":"article","og_title":"Foret b\u00e9ton CYL-3 8,0 x 80mm - EURL HOSNA KAMEL","og_description":"Foret b\u00e9ton CYL-3 8,0 x 80mm - EURL HOSNA KAMEL","og_url":"https:\/\/eurlhosnakamel.dz\/dz\/produit\/foret-beton-cyl-3-80-x-80mm\/","og_site_name":"EURL HOSNA KAMEL","article_publisher":"https:\/\/www.facebook.com\/Eurl.Hosna.DZ\/","article_modified_time":"2021-12-19T08:41:20+00:00","og_image":[{"width":512,"height":512,"url":"https:\/\/eurlhosnakamel.dz\/dz\/wp-content\/uploads\/2020\/06\/Foret-b\u00e9ton-CYL-3-80-x-80mmeurl-hosna-kamel-alg\u00e9rie.jpg","type":"image\/jpeg"}],"twitter_card":"summary_large_image","twitter_misc":{"Dur\u00e9e de lecture estim\u00e9e":"1 minute"},"schema":{"@context":"https:\/\/schema.org","@graph":[{"@type":"WebPage","@id":"https:\/\/eurlhosnakamel.dz\/dz\/produit\/foret-beton-cyl-3-80-x-80mm\/","url":"https:\/\/eurlhosnakamel.dz\/dz\/produit\/foret-beton-cyl-3-80-x-80mm\/","name":"Foret b\u00e9ton CYL-3 8,0 x 80mm - EURL HOSNA KAMEL","isPartOf":{"@id":"https:\/\/eurlhosnakamel.dz\/dz\/#website"},"primaryImageOfPage":{"@id":"https:\/\/eurlhosnakamel.dz\/dz\/produit\/foret-beton-cyl-3-80-x-80mm\/#primaryimage"},"image":{"@id":"https:\/\/eurlhosnakamel.dz\/dz\/produit\/foret-beton-cyl-3-80-x-80mm\/#primaryimage"},"thumbnailUrl":"https:\/\/eurlhosnakamel.dz\/dz\/wp-content\/uploads\/2020\/06\/Foret-b\u00e9ton-CYL-3-80-x-80mmeurl-hosna-kamel-alg\u00e9rie.jpg","datePublished":"2020-06-03T13:20:06+00:00","dateModified":"2021-12-19T08:41:20+00:00","description":"Foret b\u00e9ton CYL-3 8,0 x 80mm - EURL HOSNA KAMEL","breadcrumb":{"@id":"https:\/\/eurlhosnakamel.dz\/dz\/produit\/foret-beton-cyl-3-80-x-80mm\/#breadcrumb"},"inLanguage":"fr-FR","potentialAction":[{"@type":"ReadAction","target":["https:\/\/eurlhosnakamel.dz\/dz\/produit\/foret-beton-cyl-3-80-x-80mm\/"]}]},{"@type":"ImageObject","inLanguage":"fr-FR","@id":"https:\/\/eurlhosnakamel.dz\/dz\/produit\/foret-beton-cyl-3-80-x-80mm\/#primaryimage","url":"https:\/\/eurlhosnakamel.dz\/dz\/wp-content\/uploads\/2020\/06\/Foret-b\u00e9ton-CYL-3-80-x-80mmeurl-hosna-kamel-alg\u00e9rie.jpg","contentUrl":"https:\/\/eurlhosnakamel.dz\/dz\/wp-content\/uploads\/2020\/06\/Foret-b\u00e9ton-CYL-3-80-x-80mmeurl-hosna-kamel-alg\u00e9rie.jpg","width":512,"height":512},{"@type":"BreadcrumbList","@id":"https:\/\/eurlhosnakamel.dz\/dz\/produit\/foret-beton-cyl-3-80-x-80mm\/#breadcrumb","itemListElement":[{"@type":"ListItem","position":1,"name":"Accueil","item":"https:\/\/eurlhosnakamel.dz\/dz\/"},{"@type":"ListItem","position":2,"name":"Shop","item":"https:\/\/eurlhosnakamel.dz\/dz\/shop\/"},{"@type":"ListItem","position":3,"name":"Foret b\u00e9ton CYL-3 8,0 x 80mm"}]},{"@type":"WebSite","@id":"https:\/\/eurlhosnakamel.dz\/dz\/#website","url":"https:\/\/eurlhosnakamel.dz\/dz\/","name":"EURL HOSNA KAMEL","description":"Fournisseur Premium d&#039;Outillages Professionnels en Alg\u00e9rie -","publisher":{"@id":"https:\/\/eurlhosnakamel.dz\/dz\/#organization"},"potentialAction":[{"@type":"SearchAction","target":{"@type":"EntryPoint","urlTemplate":"https:\/\/eurlhosnakamel.dz\/dz\/?s={search_term_string}"},"query-input":"required name=search_term_string"}],"inLanguage":"fr-FR"},{"@type":"Organization","@id":"https:\/\/eurlhosnakamel.dz\/dz\/#organization","name":"EURL HOSNA KAMEL - Bosch alg\u00e9rie","url":"https:\/\/eurlhosnakamel.dz\/dz\/","logo":{"@type":"ImageObject","inLanguage":"fr-FR","@id":"https:\/\/eurlhosnakamel.dz\/dz\/#\/schema\/logo\/image\/","url":"https:\/\/eurlhosnakamel.dz\/wp-content\/uploads\/2020\/04\/LOGO-HOSNA1.png","contentUrl":"https:\/\/eurlhosnakamel.dz\/wp-content\/uploads\/2020\/04\/LOGO-HOSNA1.png","width":120,"height":127,"caption":"EURL HOSNA KAMEL - Bosch alg\u00e9rie"},"image":{"@id":"https:\/\/eurlhosnakamel.dz\/dz\/#\/schema\/logo\/image\/"},"sameAs":["https:\/\/www.facebook.com\/Eurl.Hosna.DZ\/"]}]}},"_links":{"self":[{"href":"https:\/\/eurlhosnakamel.dz\/dz\/wp-json\/wp\/v2\/product\/10558","targetHints":{"allow":["GET"]}}],"collection":[{"href":"https:\/\/eurlhosnakamel.dz\/dz\/wp-json\/wp\/v2\/product"}],"about":[{"href":"https:\/\/eurlhosnakamel.dz\/dz\/wp-json\/wp\/v2\/types\/product"}],"wp:featuredmedia":[{"embeddable":true,"href":"https:\/\/eurlhosnakamel.dz\/dz\/wp-json\/wp\/v2\/media\/10559"}],"wp:attachment":[{"href":"https:\/\/eurlhosnakamel.dz\/dz\/wp-json\/wp\/v2\/media?parent=10558"}],"wp:term":[{"taxonomy":"product_cat","embeddable":true,"href":"https:\/\/eurlhosnakamel.dz\/dz\/wp-json\/wp\/v2\/product_cat?post=10558"},{"taxonomy":"product_tag","embeddable":true,"href":"https:\/\/eurlhosnakamel.dz\/dz\/wp-json\/wp\/v2\/product_tag?post=10558"}],"curies":[{"name":"wp","href":"https:\/\/api.w.org\/{rel}","templated":true}]}}