{"id":10712,"date":"2020-06-10T13:11:27","date_gmt":"2020-06-10T13:11:27","guid":{"rendered":"https:\/\/eurlhosnakamel.dz\/?post_type=product&#038;p=10712"},"modified":"2021-12-19T08:37:03","modified_gmt":"2021-12-19T08:37:03","slug":"foret-sds-max-7-38-x-400mm","status":"publish","type":"product","link":"https:\/\/eurlhosnakamel.dz\/dz\/produit\/foret-sds-max-7-38-x-400mm\/","title":{"rendered":"Foret SDS max-7 38 x 400mm"},"content":{"rendered":"<h2 class=\"headline hl1\"><span>Points forts du produit<\/span><\/h2>\n<div class=\"row\">\n<div class=\"col-md-6 xs-mb-30 lg-mb-0\">\n<h3 class=\"headline hl4\"><span>Forets SDS max-7<\/span><\/h3>\n<p><span>Le foret SDS max-7 est id\u00e9al pour une utilisation aux vitesses de forage les plus \u00e9lev\u00e9es<\/span><\/p>\n<ul>\n<li><span>La fraise en S en carbure monobloc et les fraises lat\u00e9rales inclin\u00e9es permettent un per\u00e7age tr\u00e8s rapide<\/span><\/li>\n<li><span>Conception de fl\u00fbte optimis\u00e9e pour les vibrations offrant le meilleur transfert de puissance et augmentation de la vitesse<\/span><\/li>\n<\/ul>\n<div class=\"m-product_hightlights__description\">\n<h3 class=\"headline hl4\"><span>Descriptions des produits<\/span><\/h3>\n<div>\n<p><span>Le foret SDS max-7 est id\u00e9al pour une utilisation aux vitesses de forage les plus \u00e9lev\u00e9es.\u00a0Sa fraise en S en carbure monobloc et ses fraises lat\u00e9rales inclin\u00e9es permettent un per\u00e7age tr\u00e8s rapide.\u00a0De plus, la conception de la fl\u00fbte optimis\u00e9e contre les vibrations du foret offre le meilleur transfert de puissance et augmente la vitesse.\u00a0Ce produit est destin\u00e9 \u00e0 \u00eatre utilis\u00e9 dans le b\u00e9ton et le b\u00e9ton arm\u00e9, le calcaire et la ma\u00e7onnerie.\u00a0Il est compatible avec les marteaux rotatifs avec supports SDS max.<\/span><\/p>\n<\/div>\n<div>\n<p><span>Pour obtenir des r\u00e9sultats pr\u00e9cis, la visibilit\u00e9 de la marque d&#8217;usure indique si le diam\u00e8tre du trou est toujours dans la tol\u00e9rance pour le r\u00e9glage de l&#8217;ancrage m\u00e9tallique.\u00a0En tant que preuve de qualit\u00e9, le foret porte la marque de test de la carte PGM Masonry Drill Bit Association, garantissant le respect de tol\u00e9rances strictes, un per\u00e7age pr\u00e9cis et la tenue ferme des fixations.<br \/>\n<\/span><\/p>\n<\/div>\n<\/div>\n<\/div>\n<div class=\"col-md-6\">\n<h3 class=\"headline hl4\"><span>Les fonctions<\/span><\/h3>\n<div class=\"image-row\">\n<div class=\"image-col\"><img decoding=\"async\" class=\"img-responsive  ls-is-cached lazyloaded\" title=\"\" src=\"https:\/\/www.bosch-professional.com\/binary\/ocsmedia\/optimized\/100x100\/o58635v82_Beton.png\" sizes=\"(max-width: 767px) 100px, (min-width: 768px) and (max-width: 991px) 100px, (-webkit-min-device-pixel-ratio: 2.0) and (min-width: 1000px) 200px, 100px\" srcset=\"\n            https:\/\/www.bosch-professional.com\/binary\/ocsmedia\/optimized\/100x100\/o58635v82_Beton.png 100w,\n            https:\/\/www.bosch-professional.com\/binary\/ocsmedia\/optimized\/200x200\/o58635v82_Beton.png 200w\n          \" alt=\"\" data-srcset=\"\n            https:\/\/www.bosch-professional.com\/binary\/ocsmedia\/optimized\/100x100\/o58635v82_Beton.png 100w,\n            https:\/\/www.bosch-professional.com\/binary\/ocsmedia\/optimized\/200x200\/o58635v82_Beton.png 200w\n          \" \/>\u00a0 \u00a0<img decoding=\"async\" class=\"img-responsive  ls-is-cached lazyloaded\" title=\"\" src=\"https:\/\/www.bosch-professional.com\/binary\/ocsmedia\/optimized\/100x100\/o29832v82_pma9527.png\" sizes=\"(max-width: 767px) 100px, (min-width: 768px) and (max-width: 991px) 100px, (-webkit-min-device-pixel-ratio: 2.0) and (min-width: 1000px) 200px, 100px\" srcset=\"\n            https:\/\/www.bosch-professional.com\/binary\/ocsmedia\/optimized\/100x100\/o29832v82_pma9527.png 100w,\n            https:\/\/www.bosch-professional.com\/binary\/ocsmedia\/optimized\/200x200\/o29832v82_pma9527.png 200w\n          \" alt=\"\" data-srcset=\"\n            https:\/\/www.bosch-professional.com\/binary\/ocsmedia\/optimized\/100x100\/o29832v82_pma9527.png 100w,\n            https:\/\/www.bosch-professional.com\/binary\/ocsmedia\/optimized\/200x200\/o29832v82_pma9527.png 200w\n          \" \/>\u00a0 \u00a0<img decoding=\"async\" class=\"img-responsive  ls-is-cached lazyloaded\" title=\"\" src=\"https:\/\/www.bosch-professional.com\/binary\/ocsmedia\/optimized\/100x100\/o8870v82_PiktoMauerwerk448.png\" sizes=\"(max-width: 767px) 100px, (min-width: 768px) and (max-width: 991px) 100px, (-webkit-min-device-pixel-ratio: 2.0) and (min-width: 1000px) 200px, 100px\" srcset=\"\n            https:\/\/www.bosch-professional.com\/binary\/ocsmedia\/optimized\/100x100\/o8870v82_PiktoMauerwerk448.png 100w,\n            https:\/\/www.bosch-professional.com\/binary\/ocsmedia\/optimized\/200x200\/o8870v82_PiktoMauerwerk448.png 200w\n          \" alt=\"\" data-srcset=\"\n            https:\/\/www.bosch-professional.com\/binary\/ocsmedia\/optimized\/100x100\/o8870v82_PiktoMauerwerk448.png 100w,\n            https:\/\/www.bosch-professional.com\/binary\/ocsmedia\/optimized\/200x200\/o8870v82_PiktoMauerwerk448.png 200w\n          \" \/> \u00a0\u00a0<img decoding=\"async\" class=\"img-responsive  ls-is-cached lazyloaded\" title=\"\" src=\"https:\/\/www.bosch-professional.com\/binary\/ocsmedia\/optimized\/100x100\/o98245v82_PTAC_B_LongLife_1C_110727.png\" sizes=\"(max-width: 767px) 100px, (min-width: 768px) and (max-width: 991px) 100px, (-webkit-min-device-pixel-ratio: 2.0) and (min-width: 1000px) 200px, 100px\" srcset=\"\n            https:\/\/www.bosch-professional.com\/binary\/ocsmedia\/optimized\/100x100\/o98245v82_PTAC_B_LongLife_1C_110727.png 100w,\n            https:\/\/www.bosch-professional.com\/binary\/ocsmedia\/optimized\/200x200\/o98245v82_PTAC_B_LongLife_1C_110727.png 200w\n          \" alt=\"\" data-srcset=\"\n            https:\/\/www.bosch-professional.com\/binary\/ocsmedia\/optimized\/100x100\/o98245v82_PTAC_B_LongLife_1C_110727.png 100w,\n            https:\/\/www.bosch-professional.com\/binary\/ocsmedia\/optimized\/200x200\/o98245v82_PTAC_B_LongLife_1C_110727.png 200w\n          \" \/> \u00a0<img decoding=\"async\" class=\"img-responsive  ls-is-cached lazyloaded\" title=\"\" src=\"https:\/\/www.bosch-professional.com\/binary\/ocsmedia\/optimized\/100x100\/o104451v82_Fast_Drill_Pikto.png\" sizes=\"(max-width: 767px) 100px, (min-width: 768px) and (max-width: 991px) 100px, (-webkit-min-device-pixel-ratio: 2.0) and (min-width: 1000px) 200px, 100px\" srcset=\"\n            https:\/\/www.bosch-professional.com\/binary\/ocsmedia\/optimized\/100x100\/o104451v82_Fast_Drill_Pikto.png 100w,\n            https:\/\/www.bosch-professional.com\/binary\/ocsmedia\/optimized\/200x200\/o104451v82_Fast_Drill_Pikto.png 200w\n          \" alt=\"\" data-srcset=\"\n            https:\/\/www.bosch-professional.com\/binary\/ocsmedia\/optimized\/100x100\/o104451v82_Fast_Drill_Pikto.png 100w,\n            https:\/\/www.bosch-professional.com\/binary\/ocsmedia\/optimized\/200x200\/o104451v82_Fast_Drill_Pikto.png 200w\n          \" \/> \u00a0<img decoding=\"async\" class=\"img-responsive  ls-is-cached lazyloaded\" title=\"\" src=\"https:\/\/www.bosch-professional.com\/binary\/ocsmedia\/optimized\/100x100\/o104731v82_pbo1097.png\" sizes=\"(max-width: 767px) 100px, (min-width: 768px) and (max-width: 991px) 100px, (-webkit-min-device-pixel-ratio: 2.0) and (min-width: 1000px) 200px, 100px\" srcset=\"\n            https:\/\/www.bosch-professional.com\/binary\/ocsmedia\/optimized\/100x100\/o104731v82_pbo1097.png 100w,\n            https:\/\/www.bosch-professional.com\/binary\/ocsmedia\/optimized\/200x200\/o104731v82_pbo1097.png 200w\n          \" alt=\"\" data-srcset=\"\n            https:\/\/www.bosch-professional.com\/binary\/ocsmedia\/optimized\/100x100\/o104731v82_pbo1097.png 100w,\n            https:\/\/www.bosch-professional.com\/binary\/ocsmedia\/optimized\/200x200\/o104731v82_pbo1097.png 200w\n          \" \/> \u00a0<img decoding=\"async\" class=\"img-responsive  ls-is-cached lazyloaded\" title=\"\" src=\"https:\/\/www.bosch-professional.com\/binary\/ocsmedia\/optimized\/100x100\/o202845v82_SicherSafePikto_1.png\" sizes=\"(max-width: 767px) 100px, (min-width: 768px) and (max-width: 991px) 100px, (-webkit-min-device-pixel-ratio: 2.0) and (min-width: 1000px) 200px, 100px\" srcset=\"\n            https:\/\/www.bosch-professional.com\/binary\/ocsmedia\/optimized\/100x100\/o202845v82_SicherSafePikto_1.png 100w,\n            https:\/\/www.bosch-professional.com\/binary\/ocsmedia\/optimized\/200x200\/o202845v82_SicherSafePikto_1.png 200w\n          \" alt=\"\" data-srcset=\"\n            https:\/\/www.bosch-professional.com\/binary\/ocsmedia\/optimized\/100x100\/o202845v82_SicherSafePikto_1.png 100w,\n            https:\/\/www.bosch-professional.com\/binary\/ocsmedia\/optimized\/200x200\/o202845v82_SicherSafePikto_1.png 200w\n          \" \/> \u00a0<img decoding=\"async\" class=\"img-responsive  ls-is-cached lazyloaded\" title=\"\" src=\"https:\/\/www.bosch-professional.com\/binary\/ocsmedia\/optimized\/100x100\/o37186v82_SDS_max.png\" sizes=\"(max-width: 767px) 100px, (min-width: 768px) and (max-width: 991px) 100px, (-webkit-min-device-pixel-ratio: 2.0) and (min-width: 1000px) 200px, 100px\" srcset=\"\n            https:\/\/www.bosch-professional.com\/binary\/ocsmedia\/optimized\/100x100\/o37186v82_SDS_max.png 100w,\n            https:\/\/www.bosch-professional.com\/binary\/ocsmedia\/optimized\/200x200\/o37186v82_SDS_max.png 200w\n          \" alt=\"\" data-srcset=\"\n            https:\/\/www.bosch-professional.com\/binary\/ocsmedia\/optimized\/100x100\/o37186v82_SDS_max.png 100w,\n            https:\/\/www.bosch-professional.com\/binary\/ocsmedia\/optimized\/200x200\/o37186v82_SDS_max.png 200w\n          \" \/><\/div>\n<\/div>\n<\/div>\n<\/div>\n","protected":false},"excerpt":{"rendered":"<h4>Foret pour marteau SDS max-7<\/h4>\n<table class=\"m-datatable m-datatable--light\">\n<thead>\n<tr>\n<th class=\"no-sort\" data-priority=\"1\"><span>D\u00e9tails<\/span><\/th>\n<th class=\"no-sort\" data-priority=\"1\"><\/th>\n<\/tr>\n<\/thead>\n<tbody>\n<tr class=\"\">\n<td><span>Diam\u00e8tre (D) mm<\/span><\/td>\n<td><span>38,00<\/span><\/td>\n<\/tr>\n<tr class=\"\">\n<td><span>Longueur utile (L1) mm<\/span><\/td>\n<td><span>400<\/span><\/td>\n<\/tr>\n<tr class=\"\">\n<td><span>Longueur totale (L2) mm<\/span><\/td>\n<td><span>520<\/span><\/td>\n<\/tr>\n<\/tbody>\n<\/table>\n","protected":false},"featured_media":10713,"template":"","meta":[],"product_cat":[1277,405],"product_tag":[2540],"class_list":{"0":"post-10712","1":"product","2":"type-product","3":"status-publish","4":"has-post-thumbnail","6":"product_cat-accessoires-bosch","7":"product_cat-outillage","8":"product_tag-foret-sds-max-7-38-x-400mm","9":"product_brand-bosch-outillage","11":"first","12":"instock","13":"shipping-taxable","14":"product-type-simple","15":"col-xs-6 col-sm-4","16":"col-md-3 col-lg-3","17":"un-4-cols"},"yoast_head":"<!-- This site is optimized with the Yoast SEO plugin v22.5 - https:\/\/yoast.com\/wordpress\/plugins\/seo\/ -->\n<title>Foret SDS max-7 38 x 400mm - EURL HOSNA KAMEL<\/title>\n<meta name=\"description\" content=\"Foret SDS max-7 38 x 400mm - EURL HOSNA KAMEL\" \/>\n<meta name=\"robots\" content=\"index, follow, max-snippet:-1, max-image-preview:large, max-video-preview:-1\" \/>\n<link rel=\"canonical\" href=\"https:\/\/eurlhosnakamel.dz\/dz\/produit\/foret-sds-max-7-38-x-400mm\/\" \/>\n<meta property=\"og:locale\" content=\"fr_FR\" \/>\n<meta property=\"og:type\" content=\"article\" \/>\n<meta property=\"og:title\" content=\"Foret SDS max-7 38 x 400mm - EURL HOSNA KAMEL\" \/>\n<meta property=\"og:description\" content=\"Foret SDS max-7 38 x 400mm - EURL HOSNA KAMEL\" \/>\n<meta property=\"og:url\" content=\"https:\/\/eurlhosnakamel.dz\/dz\/produit\/foret-sds-max-7-38-x-400mm\/\" \/>\n<meta property=\"og:site_name\" content=\"EURL HOSNA KAMEL\" \/>\n<meta property=\"article:publisher\" content=\"https:\/\/www.facebook.com\/Eurl.Hosna.DZ\/\" \/>\n<meta property=\"article:modified_time\" content=\"2021-12-19T08:37:03+00:00\" \/>\n<meta property=\"og:image\" content=\"https:\/\/eurlhosnakamel.dz\/dz\/wp-content\/uploads\/2020\/06\/Foret-SDS-max-7-38-x-400mm-eurl-hosna-kamel-alg\u00e9rie.jpg\" \/>\n\t<meta property=\"og:image:width\" content=\"512\" \/>\n\t<meta property=\"og:image:height\" content=\"512\" \/>\n\t<meta property=\"og:image:type\" content=\"image\/jpeg\" \/>\n<meta name=\"twitter:card\" content=\"summary_large_image\" \/>\n<meta name=\"twitter:label1\" content=\"Dur\u00e9e de lecture estim\u00e9e\" \/>\n\t<meta name=\"twitter:data1\" content=\"1 minute\" \/>\n<script type=\"application\/ld+json\" class=\"yoast-schema-graph\">{\"@context\":\"https:\/\/schema.org\",\"@graph\":[{\"@type\":\"WebPage\",\"@id\":\"https:\/\/eurlhosnakamel.dz\/dz\/produit\/foret-sds-max-7-38-x-400mm\/\",\"url\":\"https:\/\/eurlhosnakamel.dz\/dz\/produit\/foret-sds-max-7-38-x-400mm\/\",\"name\":\"Foret SDS max-7 38 x 400mm - EURL HOSNA KAMEL\",\"isPartOf\":{\"@id\":\"https:\/\/eurlhosnakamel.dz\/dz\/#website\"},\"primaryImageOfPage\":{\"@id\":\"https:\/\/eurlhosnakamel.dz\/dz\/produit\/foret-sds-max-7-38-x-400mm\/#primaryimage\"},\"image\":{\"@id\":\"https:\/\/eurlhosnakamel.dz\/dz\/produit\/foret-sds-max-7-38-x-400mm\/#primaryimage\"},\"thumbnailUrl\":\"https:\/\/eurlhosnakamel.dz\/dz\/wp-content\/uploads\/2020\/06\/Foret-SDS-max-7-38-x-400mm-eurl-hosna-kamel-alg\u00e9rie.jpg\",\"datePublished\":\"2020-06-10T13:11:27+00:00\",\"dateModified\":\"2021-12-19T08:37:03+00:00\",\"description\":\"Foret SDS max-7 38 x 400mm - EURL HOSNA KAMEL\",\"breadcrumb\":{\"@id\":\"https:\/\/eurlhosnakamel.dz\/dz\/produit\/foret-sds-max-7-38-x-400mm\/#breadcrumb\"},\"inLanguage\":\"fr-FR\",\"potentialAction\":[{\"@type\":\"ReadAction\",\"target\":[\"https:\/\/eurlhosnakamel.dz\/dz\/produit\/foret-sds-max-7-38-x-400mm\/\"]}]},{\"@type\":\"ImageObject\",\"inLanguage\":\"fr-FR\",\"@id\":\"https:\/\/eurlhosnakamel.dz\/dz\/produit\/foret-sds-max-7-38-x-400mm\/#primaryimage\",\"url\":\"https:\/\/eurlhosnakamel.dz\/dz\/wp-content\/uploads\/2020\/06\/Foret-SDS-max-7-38-x-400mm-eurl-hosna-kamel-alg\u00e9rie.jpg\",\"contentUrl\":\"https:\/\/eurlhosnakamel.dz\/dz\/wp-content\/uploads\/2020\/06\/Foret-SDS-max-7-38-x-400mm-eurl-hosna-kamel-alg\u00e9rie.jpg\",\"width\":512,\"height\":512},{\"@type\":\"BreadcrumbList\",\"@id\":\"https:\/\/eurlhosnakamel.dz\/dz\/produit\/foret-sds-max-7-38-x-400mm\/#breadcrumb\",\"itemListElement\":[{\"@type\":\"ListItem\",\"position\":1,\"name\":\"Accueil\",\"item\":\"https:\/\/eurlhosnakamel.dz\/dz\/\"},{\"@type\":\"ListItem\",\"position\":2,\"name\":\"Shop\",\"item\":\"https:\/\/eurlhosnakamel.dz\/dz\/shop\/\"},{\"@type\":\"ListItem\",\"position\":3,\"name\":\"Foret SDS max-7 38 x 400mm\"}]},{\"@type\":\"WebSite\",\"@id\":\"https:\/\/eurlhosnakamel.dz\/dz\/#website\",\"url\":\"https:\/\/eurlhosnakamel.dz\/dz\/\",\"name\":\"EURL HOSNA KAMEL\",\"description\":\"Fournisseur Premium d&#039;Outillages Professionnels en Alg\u00e9rie -\",\"publisher\":{\"@id\":\"https:\/\/eurlhosnakamel.dz\/dz\/#organization\"},\"potentialAction\":[{\"@type\":\"SearchAction\",\"target\":{\"@type\":\"EntryPoint\",\"urlTemplate\":\"https:\/\/eurlhosnakamel.dz\/dz\/?s={search_term_string}\"},\"query-input\":\"required name=search_term_string\"}],\"inLanguage\":\"fr-FR\"},{\"@type\":\"Organization\",\"@id\":\"https:\/\/eurlhosnakamel.dz\/dz\/#organization\",\"name\":\"EURL HOSNA KAMEL - Bosch alg\u00e9rie\",\"url\":\"https:\/\/eurlhosnakamel.dz\/dz\/\",\"logo\":{\"@type\":\"ImageObject\",\"inLanguage\":\"fr-FR\",\"@id\":\"https:\/\/eurlhosnakamel.dz\/dz\/#\/schema\/logo\/image\/\",\"url\":\"https:\/\/eurlhosnakamel.dz\/wp-content\/uploads\/2020\/04\/LOGO-HOSNA1.png\",\"contentUrl\":\"https:\/\/eurlhosnakamel.dz\/wp-content\/uploads\/2020\/04\/LOGO-HOSNA1.png\",\"width\":120,\"height\":127,\"caption\":\"EURL HOSNA KAMEL - Bosch alg\u00e9rie\"},\"image\":{\"@id\":\"https:\/\/eurlhosnakamel.dz\/dz\/#\/schema\/logo\/image\/\"},\"sameAs\":[\"https:\/\/www.facebook.com\/Eurl.Hosna.DZ\/\"]}]}<\/script>\n<!-- \/ Yoast SEO plugin. -->","yoast_head_json":{"title":"Foret SDS max-7 38 x 400mm - EURL HOSNA KAMEL","description":"Foret SDS max-7 38 x 400mm - EURL HOSNA KAMEL","robots":{"index":"index","follow":"follow","max-snippet":"max-snippet:-1","max-image-preview":"max-image-preview:large","max-video-preview":"max-video-preview:-1"},"canonical":"https:\/\/eurlhosnakamel.dz\/dz\/produit\/foret-sds-max-7-38-x-400mm\/","og_locale":"fr_FR","og_type":"article","og_title":"Foret SDS max-7 38 x 400mm - EURL HOSNA KAMEL","og_description":"Foret SDS max-7 38 x 400mm - EURL HOSNA KAMEL","og_url":"https:\/\/eurlhosnakamel.dz\/dz\/produit\/foret-sds-max-7-38-x-400mm\/","og_site_name":"EURL HOSNA KAMEL","article_publisher":"https:\/\/www.facebook.com\/Eurl.Hosna.DZ\/","article_modified_time":"2021-12-19T08:37:03+00:00","og_image":[{"width":512,"height":512,"url":"https:\/\/eurlhosnakamel.dz\/dz\/wp-content\/uploads\/2020\/06\/Foret-SDS-max-7-38-x-400mm-eurl-hosna-kamel-alg\u00e9rie.jpg","type":"image\/jpeg"}],"twitter_card":"summary_large_image","twitter_misc":{"Dur\u00e9e de lecture estim\u00e9e":"1 minute"},"schema":{"@context":"https:\/\/schema.org","@graph":[{"@type":"WebPage","@id":"https:\/\/eurlhosnakamel.dz\/dz\/produit\/foret-sds-max-7-38-x-400mm\/","url":"https:\/\/eurlhosnakamel.dz\/dz\/produit\/foret-sds-max-7-38-x-400mm\/","name":"Foret SDS max-7 38 x 400mm - EURL HOSNA KAMEL","isPartOf":{"@id":"https:\/\/eurlhosnakamel.dz\/dz\/#website"},"primaryImageOfPage":{"@id":"https:\/\/eurlhosnakamel.dz\/dz\/produit\/foret-sds-max-7-38-x-400mm\/#primaryimage"},"image":{"@id":"https:\/\/eurlhosnakamel.dz\/dz\/produit\/foret-sds-max-7-38-x-400mm\/#primaryimage"},"thumbnailUrl":"https:\/\/eurlhosnakamel.dz\/dz\/wp-content\/uploads\/2020\/06\/Foret-SDS-max-7-38-x-400mm-eurl-hosna-kamel-alg\u00e9rie.jpg","datePublished":"2020-06-10T13:11:27+00:00","dateModified":"2021-12-19T08:37:03+00:00","description":"Foret SDS max-7 38 x 400mm - EURL HOSNA KAMEL","breadcrumb":{"@id":"https:\/\/eurlhosnakamel.dz\/dz\/produit\/foret-sds-max-7-38-x-400mm\/#breadcrumb"},"inLanguage":"fr-FR","potentialAction":[{"@type":"ReadAction","target":["https:\/\/eurlhosnakamel.dz\/dz\/produit\/foret-sds-max-7-38-x-400mm\/"]}]},{"@type":"ImageObject","inLanguage":"fr-FR","@id":"https:\/\/eurlhosnakamel.dz\/dz\/produit\/foret-sds-max-7-38-x-400mm\/#primaryimage","url":"https:\/\/eurlhosnakamel.dz\/dz\/wp-content\/uploads\/2020\/06\/Foret-SDS-max-7-38-x-400mm-eurl-hosna-kamel-alg\u00e9rie.jpg","contentUrl":"https:\/\/eurlhosnakamel.dz\/dz\/wp-content\/uploads\/2020\/06\/Foret-SDS-max-7-38-x-400mm-eurl-hosna-kamel-alg\u00e9rie.jpg","width":512,"height":512},{"@type":"BreadcrumbList","@id":"https:\/\/eurlhosnakamel.dz\/dz\/produit\/foret-sds-max-7-38-x-400mm\/#breadcrumb","itemListElement":[{"@type":"ListItem","position":1,"name":"Accueil","item":"https:\/\/eurlhosnakamel.dz\/dz\/"},{"@type":"ListItem","position":2,"name":"Shop","item":"https:\/\/eurlhosnakamel.dz\/dz\/shop\/"},{"@type":"ListItem","position":3,"name":"Foret SDS max-7 38 x 400mm"}]},{"@type":"WebSite","@id":"https:\/\/eurlhosnakamel.dz\/dz\/#website","url":"https:\/\/eurlhosnakamel.dz\/dz\/","name":"EURL HOSNA KAMEL","description":"Fournisseur Premium d&#039;Outillages Professionnels en Alg\u00e9rie -","publisher":{"@id":"https:\/\/eurlhosnakamel.dz\/dz\/#organization"},"potentialAction":[{"@type":"SearchAction","target":{"@type":"EntryPoint","urlTemplate":"https:\/\/eurlhosnakamel.dz\/dz\/?s={search_term_string}"},"query-input":"required name=search_term_string"}],"inLanguage":"fr-FR"},{"@type":"Organization","@id":"https:\/\/eurlhosnakamel.dz\/dz\/#organization","name":"EURL HOSNA KAMEL - Bosch alg\u00e9rie","url":"https:\/\/eurlhosnakamel.dz\/dz\/","logo":{"@type":"ImageObject","inLanguage":"fr-FR","@id":"https:\/\/eurlhosnakamel.dz\/dz\/#\/schema\/logo\/image\/","url":"https:\/\/eurlhosnakamel.dz\/wp-content\/uploads\/2020\/04\/LOGO-HOSNA1.png","contentUrl":"https:\/\/eurlhosnakamel.dz\/wp-content\/uploads\/2020\/04\/LOGO-HOSNA1.png","width":120,"height":127,"caption":"EURL HOSNA KAMEL - Bosch alg\u00e9rie"},"image":{"@id":"https:\/\/eurlhosnakamel.dz\/dz\/#\/schema\/logo\/image\/"},"sameAs":["https:\/\/www.facebook.com\/Eurl.Hosna.DZ\/"]}]}},"_links":{"self":[{"href":"https:\/\/eurlhosnakamel.dz\/dz\/wp-json\/wp\/v2\/product\/10712","targetHints":{"allow":["GET"]}}],"collection":[{"href":"https:\/\/eurlhosnakamel.dz\/dz\/wp-json\/wp\/v2\/product"}],"about":[{"href":"https:\/\/eurlhosnakamel.dz\/dz\/wp-json\/wp\/v2\/types\/product"}],"wp:featuredmedia":[{"embeddable":true,"href":"https:\/\/eurlhosnakamel.dz\/dz\/wp-json\/wp\/v2\/media\/10713"}],"wp:attachment":[{"href":"https:\/\/eurlhosnakamel.dz\/dz\/wp-json\/wp\/v2\/media?parent=10712"}],"wp:term":[{"taxonomy":"product_cat","embeddable":true,"href":"https:\/\/eurlhosnakamel.dz\/dz\/wp-json\/wp\/v2\/product_cat?post=10712"},{"taxonomy":"product_tag","embeddable":true,"href":"https:\/\/eurlhosnakamel.dz\/dz\/wp-json\/wp\/v2\/product_tag?post=10712"}],"curies":[{"name":"wp","href":"https:\/\/api.w.org\/{rel}","templated":true}]}}