{"id":10731,"date":"2020-06-10T14:00:52","date_gmt":"2020-06-10T14:00:52","guid":{"rendered":"https:\/\/eurlhosnakamel.dz\/?post_type=product&#038;p=10731"},"modified":"2021-12-19T08:36:36","modified_gmt":"2021-12-19T08:36:36","slug":"burin-sds-max-carrelage-beche-50-x-300mm","status":"publish","type":"product","link":"https:\/\/eurlhosnakamel.dz\/dz\/produit\/burin-sds-max-carrelage-beche-50-x-300mm\/","title":{"rendered":"Burin SDS max carrelage b\u00e8che 50 x 300mm"},"content":{"rendered":"<h2 class=\"headline hl1\"><span>Points forts du produit<\/span><\/h2>\n<div class=\"row\">\n<div class=\"col-md-6 xs-mb-30 lg-mb-0\">\n<h3 class=\"headline hl4\"><span>Burins \u00e0 carrelage SDS max<\/span><\/h3>\n<p><span>Le burin \u00e0 carrelage SDS max est id\u00e9al pour enlever proprement les carreaux de mur et de sol<\/span><\/p>\n<ul>\n<li><span>La conception plate auto-aff\u00fbtante et l&#8217;ar\u00eate de coupe inclin\u00e9e sont id\u00e9ales pour le travail dans les petits joints et l&#8217;\u00e9limination des carreaux sans rupture<\/span><\/li>\n<\/ul>\n<div class=\"m-product_hightlights__description\">\n<h3 class=\"headline hl4\"><span>Descriptions des produits<\/span><\/h3>\n<div>\n<p><span>Le burin \u00e0 carrelage SDS max est id\u00e9al pour le retrait rapide et propre des carreaux de mur et de sol.\u00a0Sa conception plate auto-aff\u00fbtante et son tranchant inclin\u00e9 offrent un excellent positionnement pour le travail dans les petits joints et pour acc\u00e9der facilement \u00e0 la zone sous les carreaux pour leur retrait efficace sans rupture.\u00a0Il est compatible avec les syst\u00e8mes \u00e0 tige SDS max.<\/span><\/p>\n<\/div>\n<div>\n<p><span>Le burin \u00e0 carrelage SDS max est auto-aff\u00fbtant et offre une longue dur\u00e9e de vie avec un taux d&#8217;enl\u00e8vement de mati\u00e8re 30% plus \u00e9lev\u00e9 que les burins standard.<\/span><\/p>\n<\/div>\n<\/div>\n<\/div>\n<div class=\"col-md-6\">\n<h3 class=\"headline hl4\"><span>Les fonctions<\/span><\/h3>\n<div class=\"image-row\">\n<div class=\"image-col\"><img decoding=\"async\" class=\"img-responsive  ls-is-cached lazyloaded\" title=\"\" src=\"https:\/\/www.bosch-professional.com\/binary\/ocsmedia\/optimized\/100x100\/o37186v82_SDS_max.png\" sizes=\"(max-width: 767px) 100px, (min-width: 768px) and (max-width: 991px) 100px, (-webkit-min-device-pixel-ratio: 2.0) and (min-width: 1000px) 200px, 100px\" srcset=\"\n            https:\/\/www.bosch-professional.com\/binary\/ocsmedia\/optimized\/100x100\/o37186v82_SDS_max.png 100w,\n            https:\/\/www.bosch-professional.com\/binary\/ocsmedia\/optimized\/200x200\/o37186v82_SDS_max.png 200w\n          \" alt=\"\" data-srcset=\"\n            https:\/\/www.bosch-professional.com\/binary\/ocsmedia\/optimized\/100x100\/o37186v82_SDS_max.png 100w,\n            https:\/\/www.bosch-professional.com\/binary\/ocsmedia\/optimized\/200x200\/o37186v82_SDS_max.png 200w\n          \" \/> \u00a0<img decoding=\"async\" class=\"img-responsive  ls-is-cached lazyloaded\" title=\"\" src=\"https:\/\/www.bosch-professional.com\/binary\/ocsmedia\/optimized\/100x100\/o98245v82_PTAC_B_LongLife_1C_110727.png\" sizes=\"(max-width: 767px) 100px, (min-width: 768px) and (max-width: 991px) 100px, (-webkit-min-device-pixel-ratio: 2.0) and (min-width: 1000px) 200px, 100px\" srcset=\"\n            https:\/\/www.bosch-professional.com\/binary\/ocsmedia\/optimized\/100x100\/o98245v82_PTAC_B_LongLife_1C_110727.png 100w,\n            https:\/\/www.bosch-professional.com\/binary\/ocsmedia\/optimized\/200x200\/o98245v82_PTAC_B_LongLife_1C_110727.png 200w\n          \" alt=\"\" data-srcset=\"\n            https:\/\/www.bosch-professional.com\/binary\/ocsmedia\/optimized\/100x100\/o98245v82_PTAC_B_LongLife_1C_110727.png 100w,\n            https:\/\/www.bosch-professional.com\/binary\/ocsmedia\/optimized\/200x200\/o98245v82_PTAC_B_LongLife_1C_110727.png 200w\n          \" \/><\/div>\n<\/div>\n<\/div>\n<\/div>\n","protected":false},"excerpt":{"rendered":"<h4>Ciseau \u00e0 carrelage SDS max<\/h4>\n<table class=\"m-datatable m-datatable--light\">\n<thead>\n<tr>\n<th class=\"no-sort\" data-priority=\"1\"><span>D\u00e9tails<\/span><\/th>\n<th class=\"no-sort\" data-priority=\"1\"><\/th>\n<\/tr>\n<\/thead>\n<tbody>\n<tr class=\"\">\n<td><span>Longueur totale mm<\/span><\/td>\n<td><span>300<\/span><\/td>\n<\/tr>\n<tr class=\"\">\n<td><span>Ciseau tranchant mm<\/span><\/td>\n<td><span>50<\/span><\/td>\n<\/tr>\n<\/tbody>\n<\/table>\n","protected":false},"featured_media":10732,"template":"","meta":[],"product_cat":[1277,405],"product_tag":[2551],"class_list":{"0":"post-10731","1":"product","2":"type-product","3":"status-publish","4":"has-post-thumbnail","6":"product_cat-accessoires-bosch","7":"product_cat-outillage","8":"product_tag-burin-sds-max-carrelage-beche-50-x-300mm","9":"product_brand-bosch-outillage","11":"first","12":"instock","13":"shipping-taxable","14":"product-type-simple","15":"col-xs-6 col-sm-4","16":"col-md-3 col-lg-3","17":"un-4-cols"},"yoast_head":"<!-- This site is optimized with the Yoast SEO plugin v22.5 - https:\/\/yoast.com\/wordpress\/plugins\/seo\/ -->\n<title>Burin SDS max carrelage b\u00e8che 50 x 300mm - EURL HOSNA KAMEL<\/title>\n<meta name=\"description\" content=\"Burin SDS max carrelage b\u00e8che 50 x 300mm - EURL HOSNA KAMEL\" \/>\n<meta name=\"robots\" content=\"index, follow, max-snippet:-1, max-image-preview:large, max-video-preview:-1\" \/>\n<link rel=\"canonical\" href=\"https:\/\/eurlhosnakamel.dz\/dz\/produit\/burin-sds-max-carrelage-beche-50-x-300mm\/\" \/>\n<meta property=\"og:locale\" content=\"fr_FR\" \/>\n<meta property=\"og:type\" content=\"article\" \/>\n<meta property=\"og:title\" content=\"Burin SDS max carrelage b\u00e8che 50 x 300mm - EURL HOSNA KAMEL\" \/>\n<meta property=\"og:description\" content=\"Burin SDS max carrelage b\u00e8che 50 x 300mm - EURL HOSNA KAMEL\" \/>\n<meta property=\"og:url\" content=\"https:\/\/eurlhosnakamel.dz\/dz\/produit\/burin-sds-max-carrelage-beche-50-x-300mm\/\" \/>\n<meta property=\"og:site_name\" content=\"EURL HOSNA KAMEL\" \/>\n<meta property=\"article:publisher\" content=\"https:\/\/www.facebook.com\/Eurl.Hosna.DZ\/\" \/>\n<meta property=\"article:modified_time\" content=\"2021-12-19T08:36:36+00:00\" \/>\n<meta property=\"og:image\" content=\"https:\/\/eurlhosnakamel.dz\/dz\/wp-content\/uploads\/2020\/06\/Burin-SDS-max-carrelage-b\u00e8che-50-x-300mm-eurl-hosna-kamel-alg\u00e9rie.jpg\" \/>\n\t<meta property=\"og:image:width\" content=\"512\" \/>\n\t<meta property=\"og:image:height\" content=\"512\" \/>\n\t<meta property=\"og:image:type\" content=\"image\/jpeg\" \/>\n<meta name=\"twitter:card\" content=\"summary_large_image\" \/>\n<meta name=\"twitter:label1\" content=\"Dur\u00e9e de lecture estim\u00e9e\" \/>\n\t<meta name=\"twitter:data1\" content=\"1 minute\" \/>\n<script type=\"application\/ld+json\" class=\"yoast-schema-graph\">{\"@context\":\"https:\/\/schema.org\",\"@graph\":[{\"@type\":\"WebPage\",\"@id\":\"https:\/\/eurlhosnakamel.dz\/dz\/produit\/burin-sds-max-carrelage-beche-50-x-300mm\/\",\"url\":\"https:\/\/eurlhosnakamel.dz\/dz\/produit\/burin-sds-max-carrelage-beche-50-x-300mm\/\",\"name\":\"Burin SDS max carrelage b\u00e8che 50 x 300mm - EURL HOSNA KAMEL\",\"isPartOf\":{\"@id\":\"https:\/\/eurlhosnakamel.dz\/dz\/#website\"},\"primaryImageOfPage\":{\"@id\":\"https:\/\/eurlhosnakamel.dz\/dz\/produit\/burin-sds-max-carrelage-beche-50-x-300mm\/#primaryimage\"},\"image\":{\"@id\":\"https:\/\/eurlhosnakamel.dz\/dz\/produit\/burin-sds-max-carrelage-beche-50-x-300mm\/#primaryimage\"},\"thumbnailUrl\":\"https:\/\/eurlhosnakamel.dz\/dz\/wp-content\/uploads\/2020\/06\/Burin-SDS-max-carrelage-b\u00e8che-50-x-300mm-eurl-hosna-kamel-alg\u00e9rie.jpg\",\"datePublished\":\"2020-06-10T14:00:52+00:00\",\"dateModified\":\"2021-12-19T08:36:36+00:00\",\"description\":\"Burin SDS max carrelage b\u00e8che 50 x 300mm - EURL HOSNA KAMEL\",\"breadcrumb\":{\"@id\":\"https:\/\/eurlhosnakamel.dz\/dz\/produit\/burin-sds-max-carrelage-beche-50-x-300mm\/#breadcrumb\"},\"inLanguage\":\"fr-FR\",\"potentialAction\":[{\"@type\":\"ReadAction\",\"target\":[\"https:\/\/eurlhosnakamel.dz\/dz\/produit\/burin-sds-max-carrelage-beche-50-x-300mm\/\"]}]},{\"@type\":\"ImageObject\",\"inLanguage\":\"fr-FR\",\"@id\":\"https:\/\/eurlhosnakamel.dz\/dz\/produit\/burin-sds-max-carrelage-beche-50-x-300mm\/#primaryimage\",\"url\":\"https:\/\/eurlhosnakamel.dz\/dz\/wp-content\/uploads\/2020\/06\/Burin-SDS-max-carrelage-b\u00e8che-50-x-300mm-eurl-hosna-kamel-alg\u00e9rie.jpg\",\"contentUrl\":\"https:\/\/eurlhosnakamel.dz\/dz\/wp-content\/uploads\/2020\/06\/Burin-SDS-max-carrelage-b\u00e8che-50-x-300mm-eurl-hosna-kamel-alg\u00e9rie.jpg\",\"width\":512,\"height\":512},{\"@type\":\"BreadcrumbList\",\"@id\":\"https:\/\/eurlhosnakamel.dz\/dz\/produit\/burin-sds-max-carrelage-beche-50-x-300mm\/#breadcrumb\",\"itemListElement\":[{\"@type\":\"ListItem\",\"position\":1,\"name\":\"Accueil\",\"item\":\"https:\/\/eurlhosnakamel.dz\/dz\/\"},{\"@type\":\"ListItem\",\"position\":2,\"name\":\"Shop\",\"item\":\"https:\/\/eurlhosnakamel.dz\/dz\/shop\/\"},{\"@type\":\"ListItem\",\"position\":3,\"name\":\"Burin SDS max carrelage b\u00e8che 50 x 300mm\"}]},{\"@type\":\"WebSite\",\"@id\":\"https:\/\/eurlhosnakamel.dz\/dz\/#website\",\"url\":\"https:\/\/eurlhosnakamel.dz\/dz\/\",\"name\":\"EURL HOSNA KAMEL\",\"description\":\"Fournisseur Premium d&#039;Outillages Professionnels en Alg\u00e9rie -\",\"publisher\":{\"@id\":\"https:\/\/eurlhosnakamel.dz\/dz\/#organization\"},\"potentialAction\":[{\"@type\":\"SearchAction\",\"target\":{\"@type\":\"EntryPoint\",\"urlTemplate\":\"https:\/\/eurlhosnakamel.dz\/dz\/?s={search_term_string}\"},\"query-input\":\"required name=search_term_string\"}],\"inLanguage\":\"fr-FR\"},{\"@type\":\"Organization\",\"@id\":\"https:\/\/eurlhosnakamel.dz\/dz\/#organization\",\"name\":\"EURL HOSNA KAMEL - Bosch alg\u00e9rie\",\"url\":\"https:\/\/eurlhosnakamel.dz\/dz\/\",\"logo\":{\"@type\":\"ImageObject\",\"inLanguage\":\"fr-FR\",\"@id\":\"https:\/\/eurlhosnakamel.dz\/dz\/#\/schema\/logo\/image\/\",\"url\":\"https:\/\/eurlhosnakamel.dz\/wp-content\/uploads\/2020\/04\/LOGO-HOSNA1.png\",\"contentUrl\":\"https:\/\/eurlhosnakamel.dz\/wp-content\/uploads\/2020\/04\/LOGO-HOSNA1.png\",\"width\":120,\"height\":127,\"caption\":\"EURL HOSNA KAMEL - Bosch alg\u00e9rie\"},\"image\":{\"@id\":\"https:\/\/eurlhosnakamel.dz\/dz\/#\/schema\/logo\/image\/\"},\"sameAs\":[\"https:\/\/www.facebook.com\/Eurl.Hosna.DZ\/\"]}]}<\/script>\n<!-- \/ Yoast SEO plugin. -->","yoast_head_json":{"title":"Burin SDS max carrelage b\u00e8che 50 x 300mm - EURL HOSNA KAMEL","description":"Burin SDS max carrelage b\u00e8che 50 x 300mm - EURL HOSNA KAMEL","robots":{"index":"index","follow":"follow","max-snippet":"max-snippet:-1","max-image-preview":"max-image-preview:large","max-video-preview":"max-video-preview:-1"},"canonical":"https:\/\/eurlhosnakamel.dz\/dz\/produit\/burin-sds-max-carrelage-beche-50-x-300mm\/","og_locale":"fr_FR","og_type":"article","og_title":"Burin SDS max carrelage b\u00e8che 50 x 300mm - EURL HOSNA KAMEL","og_description":"Burin SDS max carrelage b\u00e8che 50 x 300mm - EURL HOSNA KAMEL","og_url":"https:\/\/eurlhosnakamel.dz\/dz\/produit\/burin-sds-max-carrelage-beche-50-x-300mm\/","og_site_name":"EURL HOSNA KAMEL","article_publisher":"https:\/\/www.facebook.com\/Eurl.Hosna.DZ\/","article_modified_time":"2021-12-19T08:36:36+00:00","og_image":[{"width":512,"height":512,"url":"https:\/\/eurlhosnakamel.dz\/dz\/wp-content\/uploads\/2020\/06\/Burin-SDS-max-carrelage-b\u00e8che-50-x-300mm-eurl-hosna-kamel-alg\u00e9rie.jpg","type":"image\/jpeg"}],"twitter_card":"summary_large_image","twitter_misc":{"Dur\u00e9e de lecture estim\u00e9e":"1 minute"},"schema":{"@context":"https:\/\/schema.org","@graph":[{"@type":"WebPage","@id":"https:\/\/eurlhosnakamel.dz\/dz\/produit\/burin-sds-max-carrelage-beche-50-x-300mm\/","url":"https:\/\/eurlhosnakamel.dz\/dz\/produit\/burin-sds-max-carrelage-beche-50-x-300mm\/","name":"Burin SDS max carrelage b\u00e8che 50 x 300mm - EURL HOSNA KAMEL","isPartOf":{"@id":"https:\/\/eurlhosnakamel.dz\/dz\/#website"},"primaryImageOfPage":{"@id":"https:\/\/eurlhosnakamel.dz\/dz\/produit\/burin-sds-max-carrelage-beche-50-x-300mm\/#primaryimage"},"image":{"@id":"https:\/\/eurlhosnakamel.dz\/dz\/produit\/burin-sds-max-carrelage-beche-50-x-300mm\/#primaryimage"},"thumbnailUrl":"https:\/\/eurlhosnakamel.dz\/dz\/wp-content\/uploads\/2020\/06\/Burin-SDS-max-carrelage-b\u00e8che-50-x-300mm-eurl-hosna-kamel-alg\u00e9rie.jpg","datePublished":"2020-06-10T14:00:52+00:00","dateModified":"2021-12-19T08:36:36+00:00","description":"Burin SDS max carrelage b\u00e8che 50 x 300mm - EURL HOSNA KAMEL","breadcrumb":{"@id":"https:\/\/eurlhosnakamel.dz\/dz\/produit\/burin-sds-max-carrelage-beche-50-x-300mm\/#breadcrumb"},"inLanguage":"fr-FR","potentialAction":[{"@type":"ReadAction","target":["https:\/\/eurlhosnakamel.dz\/dz\/produit\/burin-sds-max-carrelage-beche-50-x-300mm\/"]}]},{"@type":"ImageObject","inLanguage":"fr-FR","@id":"https:\/\/eurlhosnakamel.dz\/dz\/produit\/burin-sds-max-carrelage-beche-50-x-300mm\/#primaryimage","url":"https:\/\/eurlhosnakamel.dz\/dz\/wp-content\/uploads\/2020\/06\/Burin-SDS-max-carrelage-b\u00e8che-50-x-300mm-eurl-hosna-kamel-alg\u00e9rie.jpg","contentUrl":"https:\/\/eurlhosnakamel.dz\/dz\/wp-content\/uploads\/2020\/06\/Burin-SDS-max-carrelage-b\u00e8che-50-x-300mm-eurl-hosna-kamel-alg\u00e9rie.jpg","width":512,"height":512},{"@type":"BreadcrumbList","@id":"https:\/\/eurlhosnakamel.dz\/dz\/produit\/burin-sds-max-carrelage-beche-50-x-300mm\/#breadcrumb","itemListElement":[{"@type":"ListItem","position":1,"name":"Accueil","item":"https:\/\/eurlhosnakamel.dz\/dz\/"},{"@type":"ListItem","position":2,"name":"Shop","item":"https:\/\/eurlhosnakamel.dz\/dz\/shop\/"},{"@type":"ListItem","position":3,"name":"Burin SDS max carrelage b\u00e8che 50 x 300mm"}]},{"@type":"WebSite","@id":"https:\/\/eurlhosnakamel.dz\/dz\/#website","url":"https:\/\/eurlhosnakamel.dz\/dz\/","name":"EURL HOSNA KAMEL","description":"Fournisseur Premium d&#039;Outillages Professionnels en Alg\u00e9rie -","publisher":{"@id":"https:\/\/eurlhosnakamel.dz\/dz\/#organization"},"potentialAction":[{"@type":"SearchAction","target":{"@type":"EntryPoint","urlTemplate":"https:\/\/eurlhosnakamel.dz\/dz\/?s={search_term_string}"},"query-input":"required name=search_term_string"}],"inLanguage":"fr-FR"},{"@type":"Organization","@id":"https:\/\/eurlhosnakamel.dz\/dz\/#organization","name":"EURL HOSNA KAMEL - Bosch alg\u00e9rie","url":"https:\/\/eurlhosnakamel.dz\/dz\/","logo":{"@type":"ImageObject","inLanguage":"fr-FR","@id":"https:\/\/eurlhosnakamel.dz\/dz\/#\/schema\/logo\/image\/","url":"https:\/\/eurlhosnakamel.dz\/wp-content\/uploads\/2020\/04\/LOGO-HOSNA1.png","contentUrl":"https:\/\/eurlhosnakamel.dz\/wp-content\/uploads\/2020\/04\/LOGO-HOSNA1.png","width":120,"height":127,"caption":"EURL HOSNA KAMEL - Bosch alg\u00e9rie"},"image":{"@id":"https:\/\/eurlhosnakamel.dz\/dz\/#\/schema\/logo\/image\/"},"sameAs":["https:\/\/www.facebook.com\/Eurl.Hosna.DZ\/"]}]}},"_links":{"self":[{"href":"https:\/\/eurlhosnakamel.dz\/dz\/wp-json\/wp\/v2\/product\/10731","targetHints":{"allow":["GET"]}}],"collection":[{"href":"https:\/\/eurlhosnakamel.dz\/dz\/wp-json\/wp\/v2\/product"}],"about":[{"href":"https:\/\/eurlhosnakamel.dz\/dz\/wp-json\/wp\/v2\/types\/product"}],"wp:featuredmedia":[{"embeddable":true,"href":"https:\/\/eurlhosnakamel.dz\/dz\/wp-json\/wp\/v2\/media\/10732"}],"wp:attachment":[{"href":"https:\/\/eurlhosnakamel.dz\/dz\/wp-json\/wp\/v2\/media?parent=10731"}],"wp:term":[{"taxonomy":"product_cat","embeddable":true,"href":"https:\/\/eurlhosnakamel.dz\/dz\/wp-json\/wp\/v2\/product_cat?post=10731"},{"taxonomy":"product_tag","embeddable":true,"href":"https:\/\/eurlhosnakamel.dz\/dz\/wp-json\/wp\/v2\/product_tag?post=10731"}],"curies":[{"name":"wp","href":"https:\/\/api.w.org\/{rel}","templated":true}]}}