{"id":10763,"date":"2020-06-10T15:33:10","date_gmt":"2020-06-10T15:33:10","guid":{"rendered":"https:\/\/eurlhosnakamel.dz\/?post_type=product&#038;p=10763"},"modified":"2021-12-19T08:35:32","modified_gmt":"2021-12-19T08:35:32","slug":"disque-a-meuler-expert-pour-metal-115-x-2223-x-25mm","status":"publish","type":"product","link":"https:\/\/eurlhosnakamel.dz\/dz\/produit\/disque-a-meuler-expert-pour-metal-115-x-2223-x-25mm\/","title":{"rendered":"Disque \u00e0 meuler Expert pour m\u00e9tal 115 x 22,23 x 2,5mm"},"content":{"rendered":"<h2 class=\"headline hl1\" style=\"text-align: justify;\"><span>Points forts du produit<\/span><\/h2>\n<div class=\"row\">\n<div class=\"col-md-6 xs-mb-30 lg-mb-0\">\n<h3 class=\"headline hl4\" style=\"text-align: justify;\"><span>Expert pour les disques de meulage m\u00e9talliques<\/span><\/h3>\n<p style=\"text-align: justify;\"><span>Expert for Metal Grinding Disc pour une longue dur\u00e9e de vie impressionnante et une s\u00e9curit\u00e9 maximale sur le m\u00e9tal<\/span><\/p>\n<ul style=\"text-align: justify;\">\n<li><span>Les grains abrasifs d&#8217;oxyde d&#8217;aluminium, les charges fonctionnelles, les additifs avec matrice de liaison de r\u00e9sine ph\u00e9nol conviennent aux applications m\u00e9talliques<\/span><\/li>\n<li><span>Tissu en fibre de verre fabriqu\u00e9 avec pr\u00e9cision pour une stabilit\u00e9 du disque particuli\u00e8rement \u00e9lev\u00e9e et une s\u00e9curit\u00e9 de travail maximale<\/span><\/li>\n<\/ul>\n<div class=\"m-product_hightlights__description\">\n<h3 class=\"headline hl4\" style=\"text-align: justify;\"><span>Descriptions des produits<\/span><\/h3>\n<div>\n<p style=\"text-align: justify;\"><span>L&#8217;Expert for Metal Grinding Disc offre une dur\u00e9e de vie impressionnante sur le m\u00e9tal avec une s\u00e9curit\u00e9 maximale.\u00a0Son grain abrasif d&#8217;oxyde d&#8217;aluminium de qualit\u00e9 sup\u00e9rieure, ses charges fonctionnelles s\u00e9lectionn\u00e9es et ses additifs dans une matrice de liaison de r\u00e9sine ph\u00e9nolique moderne sont particuli\u00e8rement adapt\u00e9s aux applications m\u00e9talliques.\u00a0De plus, son tissu en fibre de verre fabriqu\u00e9 avec pr\u00e9cision garantit une stabilit\u00e9 du disque particuli\u00e8rement \u00e9lev\u00e9e et une s\u00e9curit\u00e9 de travail maximale.\u00a0Il est destin\u00e9 au meulage du m\u00e9tal.\u00a0Il convient pour une utilisation avec des meuleuses d&#8217;angle portatives.<br \/>\n<\/span><\/p>\n<\/div>\n<\/div>\n<\/div>\n<\/div>\n","protected":false},"excerpt":{"rendered":"<h4>Expert pour disque de meulage m\u00e9tallique avec centre enfonc\u00e9<\/h4>\n<table class=\"m-datatable m-datatable--light\">\n<thead>\n<tr>\n<th class=\"no-sort\" data-priority=\"1\"><span>D\u00e9tails<\/span><\/th>\n<th class=\"no-sort\" data-priority=\"1\"><\/th>\n<\/tr>\n<\/thead>\n<tbody>\n<tr class=\"\">\n<td><span>sp\u00e9cification<\/span><\/td>\n<td><span>A 30 T BF<\/span><\/td>\n<\/tr>\n<tr class=\"\">\n<td><span>Diam\u00e8tre mm<\/span><\/td>\n<td><span>115<\/span><\/td>\n<\/tr>\n<tr class=\"\">\n<td><span>Diam\u00e8tre d&#8217;al\u00e9sage mm<\/span><\/td>\n<td><span>22,23<\/span><\/td>\n<\/tr>\n<tr class=\"\">\n<td><span>\u00c9paisseur mm<\/span><\/td>\n<td><span>6.0<\/span><\/td>\n<\/tr>\n<\/tbody>\n<\/table>\n","protected":false},"featured_media":10764,"template":"","meta":[],"product_cat":[1277,405],"product_tag":[2570],"class_list":{"0":"post-10763","1":"product","2":"type-product","3":"status-publish","4":"has-post-thumbnail","6":"product_cat-accessoires-bosch","7":"product_cat-outillage","8":"product_tag-disque-a-meuler-expert-pour-metal-115-x-22-23-x-2-5mm","9":"product_brand-bosch-outillage","11":"first","12":"instock","13":"shipping-taxable","14":"product-type-simple","15":"col-xs-6 col-sm-4","16":"col-md-3 col-lg-3","17":"un-4-cols"},"yoast_head":"<!-- This site is optimized with the Yoast SEO plugin v22.5 - https:\/\/yoast.com\/wordpress\/plugins\/seo\/ -->\n<title>Disque \u00e0 meuler Expert pour m\u00e9tal 115 x 22,23 x 2,5mm - EURL HOSNA KAMEL<\/title>\n<meta name=\"description\" content=\"Disque \u00e0 meuler Expert pour m\u00e9tal 115 x 22,23 x 2,5mm - EURL HOSNA KAMEL\" \/>\n<meta name=\"robots\" content=\"index, follow, max-snippet:-1, max-image-preview:large, max-video-preview:-1\" \/>\n<link rel=\"canonical\" href=\"https:\/\/eurlhosnakamel.dz\/dz\/produit\/disque-a-meuler-expert-pour-metal-115-x-2223-x-25mm\/\" \/>\n<meta property=\"og:locale\" content=\"fr_FR\" \/>\n<meta property=\"og:type\" content=\"article\" \/>\n<meta property=\"og:title\" content=\"Disque \u00e0 meuler Expert pour m\u00e9tal 115 x 22,23 x 2,5mm - EURL HOSNA KAMEL\" \/>\n<meta property=\"og:description\" content=\"Disque \u00e0 meuler Expert pour m\u00e9tal 115 x 22,23 x 2,5mm - EURL HOSNA KAMEL\" \/>\n<meta property=\"og:url\" content=\"https:\/\/eurlhosnakamel.dz\/dz\/produit\/disque-a-meuler-expert-pour-metal-115-x-2223-x-25mm\/\" \/>\n<meta property=\"og:site_name\" content=\"EURL HOSNA KAMEL\" \/>\n<meta property=\"article:publisher\" content=\"https:\/\/www.facebook.com\/Eurl.Hosna.DZ\/\" \/>\n<meta property=\"article:modified_time\" content=\"2021-12-19T08:35:32+00:00\" \/>\n<meta property=\"og:image\" content=\"https:\/\/eurlhosnakamel.dz\/dz\/wp-content\/uploads\/2020\/06\/Disque-\u00e0-meuler-Expert-pour-m\u00e9tal-115-x-2223-x-25mm-eurl-hosna-kamel-alg\u00e9rie.jpg\" \/>\n\t<meta property=\"og:image:width\" content=\"512\" \/>\n\t<meta property=\"og:image:height\" content=\"512\" \/>\n\t<meta property=\"og:image:type\" content=\"image\/jpeg\" \/>\n<meta name=\"twitter:card\" content=\"summary_large_image\" \/>\n<meta name=\"twitter:label1\" content=\"Dur\u00e9e de lecture estim\u00e9e\" \/>\n\t<meta name=\"twitter:data1\" content=\"1 minute\" \/>\n<script type=\"application\/ld+json\" class=\"yoast-schema-graph\">{\"@context\":\"https:\/\/schema.org\",\"@graph\":[{\"@type\":\"WebPage\",\"@id\":\"https:\/\/eurlhosnakamel.dz\/dz\/produit\/disque-a-meuler-expert-pour-metal-115-x-2223-x-25mm\/\",\"url\":\"https:\/\/eurlhosnakamel.dz\/dz\/produit\/disque-a-meuler-expert-pour-metal-115-x-2223-x-25mm\/\",\"name\":\"Disque \u00e0 meuler Expert pour m\u00e9tal 115 x 22,23 x 2,5mm - EURL HOSNA KAMEL\",\"isPartOf\":{\"@id\":\"https:\/\/eurlhosnakamel.dz\/dz\/#website\"},\"primaryImageOfPage\":{\"@id\":\"https:\/\/eurlhosnakamel.dz\/dz\/produit\/disque-a-meuler-expert-pour-metal-115-x-2223-x-25mm\/#primaryimage\"},\"image\":{\"@id\":\"https:\/\/eurlhosnakamel.dz\/dz\/produit\/disque-a-meuler-expert-pour-metal-115-x-2223-x-25mm\/#primaryimage\"},\"thumbnailUrl\":\"https:\/\/eurlhosnakamel.dz\/dz\/wp-content\/uploads\/2020\/06\/Disque-\u00e0-meuler-Expert-pour-m\u00e9tal-115-x-2223-x-25mm-eurl-hosna-kamel-alg\u00e9rie.jpg\",\"datePublished\":\"2020-06-10T15:33:10+00:00\",\"dateModified\":\"2021-12-19T08:35:32+00:00\",\"description\":\"Disque \u00e0 meuler Expert pour m\u00e9tal 115 x 22,23 x 2,5mm - EURL HOSNA KAMEL\",\"breadcrumb\":{\"@id\":\"https:\/\/eurlhosnakamel.dz\/dz\/produit\/disque-a-meuler-expert-pour-metal-115-x-2223-x-25mm\/#breadcrumb\"},\"inLanguage\":\"fr-FR\",\"potentialAction\":[{\"@type\":\"ReadAction\",\"target\":[\"https:\/\/eurlhosnakamel.dz\/dz\/produit\/disque-a-meuler-expert-pour-metal-115-x-2223-x-25mm\/\"]}]},{\"@type\":\"ImageObject\",\"inLanguage\":\"fr-FR\",\"@id\":\"https:\/\/eurlhosnakamel.dz\/dz\/produit\/disque-a-meuler-expert-pour-metal-115-x-2223-x-25mm\/#primaryimage\",\"url\":\"https:\/\/eurlhosnakamel.dz\/dz\/wp-content\/uploads\/2020\/06\/Disque-\u00e0-meuler-Expert-pour-m\u00e9tal-115-x-2223-x-25mm-eurl-hosna-kamel-alg\u00e9rie.jpg\",\"contentUrl\":\"https:\/\/eurlhosnakamel.dz\/dz\/wp-content\/uploads\/2020\/06\/Disque-\u00e0-meuler-Expert-pour-m\u00e9tal-115-x-2223-x-25mm-eurl-hosna-kamel-alg\u00e9rie.jpg\",\"width\":512,\"height\":512},{\"@type\":\"BreadcrumbList\",\"@id\":\"https:\/\/eurlhosnakamel.dz\/dz\/produit\/disque-a-meuler-expert-pour-metal-115-x-2223-x-25mm\/#breadcrumb\",\"itemListElement\":[{\"@type\":\"ListItem\",\"position\":1,\"name\":\"Accueil\",\"item\":\"https:\/\/eurlhosnakamel.dz\/dz\/\"},{\"@type\":\"ListItem\",\"position\":2,\"name\":\"Shop\",\"item\":\"https:\/\/eurlhosnakamel.dz\/dz\/shop\/\"},{\"@type\":\"ListItem\",\"position\":3,\"name\":\"Disque \u00e0 meuler Expert pour m\u00e9tal 115 x 22,23 x 2,5mm\"}]},{\"@type\":\"WebSite\",\"@id\":\"https:\/\/eurlhosnakamel.dz\/dz\/#website\",\"url\":\"https:\/\/eurlhosnakamel.dz\/dz\/\",\"name\":\"EURL HOSNA KAMEL\",\"description\":\"Fournisseur Premium d&#039;Outillages Professionnels en Alg\u00e9rie -\",\"publisher\":{\"@id\":\"https:\/\/eurlhosnakamel.dz\/dz\/#organization\"},\"potentialAction\":[{\"@type\":\"SearchAction\",\"target\":{\"@type\":\"EntryPoint\",\"urlTemplate\":\"https:\/\/eurlhosnakamel.dz\/dz\/?s={search_term_string}\"},\"query-input\":\"required name=search_term_string\"}],\"inLanguage\":\"fr-FR\"},{\"@type\":\"Organization\",\"@id\":\"https:\/\/eurlhosnakamel.dz\/dz\/#organization\",\"name\":\"EURL HOSNA KAMEL - Bosch alg\u00e9rie\",\"url\":\"https:\/\/eurlhosnakamel.dz\/dz\/\",\"logo\":{\"@type\":\"ImageObject\",\"inLanguage\":\"fr-FR\",\"@id\":\"https:\/\/eurlhosnakamel.dz\/dz\/#\/schema\/logo\/image\/\",\"url\":\"https:\/\/eurlhosnakamel.dz\/wp-content\/uploads\/2020\/04\/LOGO-HOSNA1.png\",\"contentUrl\":\"https:\/\/eurlhosnakamel.dz\/wp-content\/uploads\/2020\/04\/LOGO-HOSNA1.png\",\"width\":120,\"height\":127,\"caption\":\"EURL HOSNA KAMEL - Bosch alg\u00e9rie\"},\"image\":{\"@id\":\"https:\/\/eurlhosnakamel.dz\/dz\/#\/schema\/logo\/image\/\"},\"sameAs\":[\"https:\/\/www.facebook.com\/Eurl.Hosna.DZ\/\"]}]}<\/script>\n<!-- \/ Yoast SEO plugin. -->","yoast_head_json":{"title":"Disque \u00e0 meuler Expert pour m\u00e9tal 115 x 22,23 x 2,5mm - EURL HOSNA KAMEL","description":"Disque \u00e0 meuler Expert pour m\u00e9tal 115 x 22,23 x 2,5mm - EURL HOSNA KAMEL","robots":{"index":"index","follow":"follow","max-snippet":"max-snippet:-1","max-image-preview":"max-image-preview:large","max-video-preview":"max-video-preview:-1"},"canonical":"https:\/\/eurlhosnakamel.dz\/dz\/produit\/disque-a-meuler-expert-pour-metal-115-x-2223-x-25mm\/","og_locale":"fr_FR","og_type":"article","og_title":"Disque \u00e0 meuler Expert pour m\u00e9tal 115 x 22,23 x 2,5mm - EURL HOSNA KAMEL","og_description":"Disque \u00e0 meuler Expert pour m\u00e9tal 115 x 22,23 x 2,5mm - EURL HOSNA KAMEL","og_url":"https:\/\/eurlhosnakamel.dz\/dz\/produit\/disque-a-meuler-expert-pour-metal-115-x-2223-x-25mm\/","og_site_name":"EURL HOSNA KAMEL","article_publisher":"https:\/\/www.facebook.com\/Eurl.Hosna.DZ\/","article_modified_time":"2021-12-19T08:35:32+00:00","og_image":[{"width":512,"height":512,"url":"https:\/\/eurlhosnakamel.dz\/dz\/wp-content\/uploads\/2020\/06\/Disque-\u00e0-meuler-Expert-pour-m\u00e9tal-115-x-2223-x-25mm-eurl-hosna-kamel-alg\u00e9rie.jpg","type":"image\/jpeg"}],"twitter_card":"summary_large_image","twitter_misc":{"Dur\u00e9e de lecture estim\u00e9e":"1 minute"},"schema":{"@context":"https:\/\/schema.org","@graph":[{"@type":"WebPage","@id":"https:\/\/eurlhosnakamel.dz\/dz\/produit\/disque-a-meuler-expert-pour-metal-115-x-2223-x-25mm\/","url":"https:\/\/eurlhosnakamel.dz\/dz\/produit\/disque-a-meuler-expert-pour-metal-115-x-2223-x-25mm\/","name":"Disque \u00e0 meuler Expert pour m\u00e9tal 115 x 22,23 x 2,5mm - EURL HOSNA KAMEL","isPartOf":{"@id":"https:\/\/eurlhosnakamel.dz\/dz\/#website"},"primaryImageOfPage":{"@id":"https:\/\/eurlhosnakamel.dz\/dz\/produit\/disque-a-meuler-expert-pour-metal-115-x-2223-x-25mm\/#primaryimage"},"image":{"@id":"https:\/\/eurlhosnakamel.dz\/dz\/produit\/disque-a-meuler-expert-pour-metal-115-x-2223-x-25mm\/#primaryimage"},"thumbnailUrl":"https:\/\/eurlhosnakamel.dz\/dz\/wp-content\/uploads\/2020\/06\/Disque-\u00e0-meuler-Expert-pour-m\u00e9tal-115-x-2223-x-25mm-eurl-hosna-kamel-alg\u00e9rie.jpg","datePublished":"2020-06-10T15:33:10+00:00","dateModified":"2021-12-19T08:35:32+00:00","description":"Disque \u00e0 meuler Expert pour m\u00e9tal 115 x 22,23 x 2,5mm - EURL HOSNA KAMEL","breadcrumb":{"@id":"https:\/\/eurlhosnakamel.dz\/dz\/produit\/disque-a-meuler-expert-pour-metal-115-x-2223-x-25mm\/#breadcrumb"},"inLanguage":"fr-FR","potentialAction":[{"@type":"ReadAction","target":["https:\/\/eurlhosnakamel.dz\/dz\/produit\/disque-a-meuler-expert-pour-metal-115-x-2223-x-25mm\/"]}]},{"@type":"ImageObject","inLanguage":"fr-FR","@id":"https:\/\/eurlhosnakamel.dz\/dz\/produit\/disque-a-meuler-expert-pour-metal-115-x-2223-x-25mm\/#primaryimage","url":"https:\/\/eurlhosnakamel.dz\/dz\/wp-content\/uploads\/2020\/06\/Disque-\u00e0-meuler-Expert-pour-m\u00e9tal-115-x-2223-x-25mm-eurl-hosna-kamel-alg\u00e9rie.jpg","contentUrl":"https:\/\/eurlhosnakamel.dz\/dz\/wp-content\/uploads\/2020\/06\/Disque-\u00e0-meuler-Expert-pour-m\u00e9tal-115-x-2223-x-25mm-eurl-hosna-kamel-alg\u00e9rie.jpg","width":512,"height":512},{"@type":"BreadcrumbList","@id":"https:\/\/eurlhosnakamel.dz\/dz\/produit\/disque-a-meuler-expert-pour-metal-115-x-2223-x-25mm\/#breadcrumb","itemListElement":[{"@type":"ListItem","position":1,"name":"Accueil","item":"https:\/\/eurlhosnakamel.dz\/dz\/"},{"@type":"ListItem","position":2,"name":"Shop","item":"https:\/\/eurlhosnakamel.dz\/dz\/shop\/"},{"@type":"ListItem","position":3,"name":"Disque \u00e0 meuler Expert pour m\u00e9tal 115 x 22,23 x 2,5mm"}]},{"@type":"WebSite","@id":"https:\/\/eurlhosnakamel.dz\/dz\/#website","url":"https:\/\/eurlhosnakamel.dz\/dz\/","name":"EURL HOSNA KAMEL","description":"Fournisseur Premium d&#039;Outillages Professionnels en Alg\u00e9rie -","publisher":{"@id":"https:\/\/eurlhosnakamel.dz\/dz\/#organization"},"potentialAction":[{"@type":"SearchAction","target":{"@type":"EntryPoint","urlTemplate":"https:\/\/eurlhosnakamel.dz\/dz\/?s={search_term_string}"},"query-input":"required name=search_term_string"}],"inLanguage":"fr-FR"},{"@type":"Organization","@id":"https:\/\/eurlhosnakamel.dz\/dz\/#organization","name":"EURL HOSNA KAMEL - Bosch alg\u00e9rie","url":"https:\/\/eurlhosnakamel.dz\/dz\/","logo":{"@type":"ImageObject","inLanguage":"fr-FR","@id":"https:\/\/eurlhosnakamel.dz\/dz\/#\/schema\/logo\/image\/","url":"https:\/\/eurlhosnakamel.dz\/wp-content\/uploads\/2020\/04\/LOGO-HOSNA1.png","contentUrl":"https:\/\/eurlhosnakamel.dz\/wp-content\/uploads\/2020\/04\/LOGO-HOSNA1.png","width":120,"height":127,"caption":"EURL HOSNA KAMEL - Bosch alg\u00e9rie"},"image":{"@id":"https:\/\/eurlhosnakamel.dz\/dz\/#\/schema\/logo\/image\/"},"sameAs":["https:\/\/www.facebook.com\/Eurl.Hosna.DZ\/"]}]}},"_links":{"self":[{"href":"https:\/\/eurlhosnakamel.dz\/dz\/wp-json\/wp\/v2\/product\/10763","targetHints":{"allow":["GET"]}}],"collection":[{"href":"https:\/\/eurlhosnakamel.dz\/dz\/wp-json\/wp\/v2\/product"}],"about":[{"href":"https:\/\/eurlhosnakamel.dz\/dz\/wp-json\/wp\/v2\/types\/product"}],"wp:featuredmedia":[{"embeddable":true,"href":"https:\/\/eurlhosnakamel.dz\/dz\/wp-json\/wp\/v2\/media\/10764"}],"wp:attachment":[{"href":"https:\/\/eurlhosnakamel.dz\/dz\/wp-json\/wp\/v2\/media?parent=10763"}],"wp:term":[{"taxonomy":"product_cat","embeddable":true,"href":"https:\/\/eurlhosnakamel.dz\/dz\/wp-json\/wp\/v2\/product_cat?post=10763"},{"taxonomy":"product_tag","embeddable":true,"href":"https:\/\/eurlhosnakamel.dz\/dz\/wp-json\/wp\/v2\/product_tag?post=10763"}],"curies":[{"name":"wp","href":"https:\/\/api.w.org\/{rel}","templated":true}]}}