{"id":10806,"date":"2020-06-11T12:09:46","date_gmt":"2020-06-11T12:09:46","guid":{"rendered":"https:\/\/eurlhosnakamel.dz\/?post_type=product&#038;p=10806"},"modified":"2021-12-19T09:31:42","modified_gmt":"2021-12-19T09:31:42","slug":"couronne-diamant-52-x-450-x-115mm-best-for","status":"publish","type":"product","link":"https:\/\/eurlhosnakamel.dz\/dz\/produit\/couronne-diamant-52-x-450-x-115mm-best-for\/","title":{"rendered":"Couronne diamant 52 x 450 x 11,5mm Best for"},"content":{"rendered":"<h2 class=\"headline hl1\" style=\"text-align: justify;\">Points forts des produits<\/h2>\n<div class=\"row\">\n<div class=\"col-md-6 xs-mb-30 lg-mb-0\">\n<h3 class=\"headline hl4\" style=\"text-align: justify;\">Couronnes de forage \u00e0 eau diamant\u00e9es 1 1\/4&#8243; UNC Best for Concrete<\/h3>\n<p style=\"text-align: justify;\">Couronne \u00e0 eau diamant\u00e9e Best for Concrete offrant une grande long\u00e9vit\u00e9 pour le forage \u00e0 eau dans le b\u00e9ton<\/p>\n<ul style=\"text-align: justify;\">\n<li>Segments soud\u00e9s au laser pour garantir la robustesse et la long\u00e9vit\u00e9 souhait\u00e9es<\/li>\n<li>M\u00e9lange de diamants haute qualit\u00e9 et adh\u00e9rence optimale assurant une utilisation prolong\u00e9e<\/li>\n<li>Segments biseaut\u00e9s pour forer facilement<\/li>\n<\/ul>\n<div class=\"m-product_hightlights__description\">\n<h3 class=\"headline hl4\" style=\"text-align: justify;\">Descriptions des produits<\/h3>\n<div>\n<p style=\"text-align: justify;\">Couronne \u00e0 eau diamant\u00e9e Best for Concrete offrant une grande long\u00e9vit\u00e9 pour le forage \u00e0 eau dans le b\u00e9ton. Les segments de la couronne sont soud\u00e9s au laser pour garantir la robustesse et la long\u00e9vit\u00e9 souhait\u00e9es lors du forage. Son m\u00e9lange de diamants haute qualit\u00e9 et son adh\u00e9rence optimale assurent une utilisation prolong\u00e9e. En outre, les segments biseaut\u00e9s de la couronne facilitent le forage. Ils permettent le forage pour les installations \u00e9lectriques, les tuyauteries de chauffage, les conduites sanitaires, etc. Cette couronne de forage \u00e0 eau est con\u00e7ue pour le b\u00e9ton et le b\u00e9ton arm\u00e9. Elle peut \u00eatre utilis\u00e9e avec les outils de forage diamant\u00e9s con\u00e7us pour le forage \u00e0 eau.<\/p>\n<\/div>\n<\/div>\n<\/div>\n<\/div>\n","protected":false},"excerpt":{"rendered":"<h4>Couronne de forage diamant\u00e9e \u00e0 eau 1 1\/4&#8243; UNC Best for Concrete<\/h4>\n<table class=\"m-datatable m-datatable--light\">\n<thead>\n<tr>\n<th class=\"no-sort\" data-priority=\"1\">D\u00e9tails<\/th>\n<th class=\"no-sort\" data-priority=\"1\"><\/th>\n<\/tr>\n<\/thead>\n<tbody>\n<tr class=\"\">\n<td>Diam\u00e8tre mm<\/td>\n<td>52<\/td>\n<\/tr>\n<tr class=\"\">\n<td>Longueur de travail mm<\/td>\n<td>450<\/td>\n<\/tr>\n<tr class=\"\">\n<td>Nombre de segments<\/td>\n<td>5<\/td>\n<\/tr>\n<tr class=\"\">\n<td>Hauteur de segment mm<\/td>\n<td>11.5<\/td>\n<\/tr>\n<\/tbody>\n<\/table>\n","protected":false},"featured_media":10807,"template":"","meta":[],"product_cat":[1277,405],"product_tag":[2717],"class_list":{"0":"post-10806","1":"product","2":"type-product","3":"status-publish","4":"has-post-thumbnail","6":"product_cat-accessoires-bosch","7":"product_cat-outillage","8":"product_tag-couronne-diamant-52-x-450-x-11-5mm-best-for","9":"product_brand-bosch-outillage","11":"first","12":"instock","13":"shipping-taxable","14":"product-type-simple","15":"col-xs-6 col-sm-4","16":"col-md-3 col-lg-3","17":"un-4-cols"},"yoast_head":"<!-- This site is optimized with the Yoast SEO plugin v22.5 - https:\/\/yoast.com\/wordpress\/plugins\/seo\/ -->\n<title>Couronne diamant 52 x 450 x 11,5mm Best for - EURL HOSNA KAMEL<\/title>\n<meta name=\"description\" content=\"Couronne diamant 52 x 450 x 11,5mm Best for - EURL HOSNA KAMEL\" \/>\n<meta name=\"robots\" content=\"index, follow, max-snippet:-1, max-image-preview:large, max-video-preview:-1\" \/>\n<link rel=\"canonical\" href=\"https:\/\/eurlhosnakamel.dz\/dz\/produit\/couronne-diamant-52-x-450-x-115mm-best-for\/\" \/>\n<meta property=\"og:locale\" content=\"fr_FR\" \/>\n<meta property=\"og:type\" content=\"article\" \/>\n<meta property=\"og:title\" content=\"Couronne diamant 52 x 450 x 11,5mm Best for - EURL HOSNA KAMEL\" \/>\n<meta property=\"og:description\" content=\"Couronne diamant 52 x 450 x 11,5mm Best for - EURL HOSNA KAMEL\" \/>\n<meta property=\"og:url\" content=\"https:\/\/eurlhosnakamel.dz\/dz\/produit\/couronne-diamant-52-x-450-x-115mm-best-for\/\" \/>\n<meta property=\"og:site_name\" content=\"EURL HOSNA KAMEL\" \/>\n<meta property=\"article:publisher\" content=\"https:\/\/www.facebook.com\/Eurl.Hosna.DZ\/\" \/>\n<meta property=\"article:modified_time\" content=\"2021-12-19T09:31:42+00:00\" \/>\n<meta property=\"og:image\" content=\"https:\/\/eurlhosnakamel.dz\/dz\/wp-content\/uploads\/2020\/06\/Couronne-diamant-52-x-450-x-115mm-Best-for-eurl-hosna-kamel-alg\u00e9rie.jpg\" \/>\n\t<meta property=\"og:image:width\" content=\"512\" \/>\n\t<meta property=\"og:image:height\" content=\"512\" \/>\n\t<meta property=\"og:image:type\" content=\"image\/jpeg\" \/>\n<meta name=\"twitter:card\" content=\"summary_large_image\" \/>\n<meta name=\"twitter:label1\" content=\"Dur\u00e9e de lecture estim\u00e9e\" \/>\n\t<meta name=\"twitter:data1\" content=\"1 minute\" \/>\n<script type=\"application\/ld+json\" class=\"yoast-schema-graph\">{\"@context\":\"https:\/\/schema.org\",\"@graph\":[{\"@type\":\"WebPage\",\"@id\":\"https:\/\/eurlhosnakamel.dz\/dz\/produit\/couronne-diamant-52-x-450-x-115mm-best-for\/\",\"url\":\"https:\/\/eurlhosnakamel.dz\/dz\/produit\/couronne-diamant-52-x-450-x-115mm-best-for\/\",\"name\":\"Couronne diamant 52 x 450 x 11,5mm Best for - EURL HOSNA KAMEL\",\"isPartOf\":{\"@id\":\"https:\/\/eurlhosnakamel.dz\/dz\/#website\"},\"primaryImageOfPage\":{\"@id\":\"https:\/\/eurlhosnakamel.dz\/dz\/produit\/couronne-diamant-52-x-450-x-115mm-best-for\/#primaryimage\"},\"image\":{\"@id\":\"https:\/\/eurlhosnakamel.dz\/dz\/produit\/couronne-diamant-52-x-450-x-115mm-best-for\/#primaryimage\"},\"thumbnailUrl\":\"https:\/\/eurlhosnakamel.dz\/dz\/wp-content\/uploads\/2020\/06\/Couronne-diamant-52-x-450-x-115mm-Best-for-eurl-hosna-kamel-alg\u00e9rie.jpg\",\"datePublished\":\"2020-06-11T12:09:46+00:00\",\"dateModified\":\"2021-12-19T09:31:42+00:00\",\"description\":\"Couronne diamant 52 x 450 x 11,5mm Best for - EURL HOSNA KAMEL\",\"breadcrumb\":{\"@id\":\"https:\/\/eurlhosnakamel.dz\/dz\/produit\/couronne-diamant-52-x-450-x-115mm-best-for\/#breadcrumb\"},\"inLanguage\":\"fr-FR\",\"potentialAction\":[{\"@type\":\"ReadAction\",\"target\":[\"https:\/\/eurlhosnakamel.dz\/dz\/produit\/couronne-diamant-52-x-450-x-115mm-best-for\/\"]}]},{\"@type\":\"ImageObject\",\"inLanguage\":\"fr-FR\",\"@id\":\"https:\/\/eurlhosnakamel.dz\/dz\/produit\/couronne-diamant-52-x-450-x-115mm-best-for\/#primaryimage\",\"url\":\"https:\/\/eurlhosnakamel.dz\/dz\/wp-content\/uploads\/2020\/06\/Couronne-diamant-52-x-450-x-115mm-Best-for-eurl-hosna-kamel-alg\u00e9rie.jpg\",\"contentUrl\":\"https:\/\/eurlhosnakamel.dz\/dz\/wp-content\/uploads\/2020\/06\/Couronne-diamant-52-x-450-x-115mm-Best-for-eurl-hosna-kamel-alg\u00e9rie.jpg\",\"width\":512,\"height\":512},{\"@type\":\"BreadcrumbList\",\"@id\":\"https:\/\/eurlhosnakamel.dz\/dz\/produit\/couronne-diamant-52-x-450-x-115mm-best-for\/#breadcrumb\",\"itemListElement\":[{\"@type\":\"ListItem\",\"position\":1,\"name\":\"Accueil\",\"item\":\"https:\/\/eurlhosnakamel.dz\/dz\/\"},{\"@type\":\"ListItem\",\"position\":2,\"name\":\"Shop\",\"item\":\"https:\/\/eurlhosnakamel.dz\/dz\/shop\/\"},{\"@type\":\"ListItem\",\"position\":3,\"name\":\"Couronne diamant 52 x 450 x 11,5mm Best for\"}]},{\"@type\":\"WebSite\",\"@id\":\"https:\/\/eurlhosnakamel.dz\/dz\/#website\",\"url\":\"https:\/\/eurlhosnakamel.dz\/dz\/\",\"name\":\"EURL HOSNA KAMEL\",\"description\":\"Fournisseur Premium d&#039;Outillages Professionnels en Alg\u00e9rie -\",\"publisher\":{\"@id\":\"https:\/\/eurlhosnakamel.dz\/dz\/#organization\"},\"potentialAction\":[{\"@type\":\"SearchAction\",\"target\":{\"@type\":\"EntryPoint\",\"urlTemplate\":\"https:\/\/eurlhosnakamel.dz\/dz\/?s={search_term_string}\"},\"query-input\":\"required name=search_term_string\"}],\"inLanguage\":\"fr-FR\"},{\"@type\":\"Organization\",\"@id\":\"https:\/\/eurlhosnakamel.dz\/dz\/#organization\",\"name\":\"EURL HOSNA KAMEL - Bosch alg\u00e9rie\",\"url\":\"https:\/\/eurlhosnakamel.dz\/dz\/\",\"logo\":{\"@type\":\"ImageObject\",\"inLanguage\":\"fr-FR\",\"@id\":\"https:\/\/eurlhosnakamel.dz\/dz\/#\/schema\/logo\/image\/\",\"url\":\"https:\/\/eurlhosnakamel.dz\/wp-content\/uploads\/2020\/04\/LOGO-HOSNA1.png\",\"contentUrl\":\"https:\/\/eurlhosnakamel.dz\/wp-content\/uploads\/2020\/04\/LOGO-HOSNA1.png\",\"width\":120,\"height\":127,\"caption\":\"EURL HOSNA KAMEL - Bosch alg\u00e9rie\"},\"image\":{\"@id\":\"https:\/\/eurlhosnakamel.dz\/dz\/#\/schema\/logo\/image\/\"},\"sameAs\":[\"https:\/\/www.facebook.com\/Eurl.Hosna.DZ\/\"]}]}<\/script>\n<!-- \/ Yoast SEO plugin. -->","yoast_head_json":{"title":"Couronne diamant 52 x 450 x 11,5mm Best for - EURL HOSNA KAMEL","description":"Couronne diamant 52 x 450 x 11,5mm Best for - EURL HOSNA KAMEL","robots":{"index":"index","follow":"follow","max-snippet":"max-snippet:-1","max-image-preview":"max-image-preview:large","max-video-preview":"max-video-preview:-1"},"canonical":"https:\/\/eurlhosnakamel.dz\/dz\/produit\/couronne-diamant-52-x-450-x-115mm-best-for\/","og_locale":"fr_FR","og_type":"article","og_title":"Couronne diamant 52 x 450 x 11,5mm Best for - EURL HOSNA KAMEL","og_description":"Couronne diamant 52 x 450 x 11,5mm Best for - EURL HOSNA KAMEL","og_url":"https:\/\/eurlhosnakamel.dz\/dz\/produit\/couronne-diamant-52-x-450-x-115mm-best-for\/","og_site_name":"EURL HOSNA KAMEL","article_publisher":"https:\/\/www.facebook.com\/Eurl.Hosna.DZ\/","article_modified_time":"2021-12-19T09:31:42+00:00","og_image":[{"width":512,"height":512,"url":"https:\/\/eurlhosnakamel.dz\/dz\/wp-content\/uploads\/2020\/06\/Couronne-diamant-52-x-450-x-115mm-Best-for-eurl-hosna-kamel-alg\u00e9rie.jpg","type":"image\/jpeg"}],"twitter_card":"summary_large_image","twitter_misc":{"Dur\u00e9e de lecture estim\u00e9e":"1 minute"},"schema":{"@context":"https:\/\/schema.org","@graph":[{"@type":"WebPage","@id":"https:\/\/eurlhosnakamel.dz\/dz\/produit\/couronne-diamant-52-x-450-x-115mm-best-for\/","url":"https:\/\/eurlhosnakamel.dz\/dz\/produit\/couronne-diamant-52-x-450-x-115mm-best-for\/","name":"Couronne diamant 52 x 450 x 11,5mm Best for - EURL HOSNA KAMEL","isPartOf":{"@id":"https:\/\/eurlhosnakamel.dz\/dz\/#website"},"primaryImageOfPage":{"@id":"https:\/\/eurlhosnakamel.dz\/dz\/produit\/couronne-diamant-52-x-450-x-115mm-best-for\/#primaryimage"},"image":{"@id":"https:\/\/eurlhosnakamel.dz\/dz\/produit\/couronne-diamant-52-x-450-x-115mm-best-for\/#primaryimage"},"thumbnailUrl":"https:\/\/eurlhosnakamel.dz\/dz\/wp-content\/uploads\/2020\/06\/Couronne-diamant-52-x-450-x-115mm-Best-for-eurl-hosna-kamel-alg\u00e9rie.jpg","datePublished":"2020-06-11T12:09:46+00:00","dateModified":"2021-12-19T09:31:42+00:00","description":"Couronne diamant 52 x 450 x 11,5mm Best for - EURL HOSNA KAMEL","breadcrumb":{"@id":"https:\/\/eurlhosnakamel.dz\/dz\/produit\/couronne-diamant-52-x-450-x-115mm-best-for\/#breadcrumb"},"inLanguage":"fr-FR","potentialAction":[{"@type":"ReadAction","target":["https:\/\/eurlhosnakamel.dz\/dz\/produit\/couronne-diamant-52-x-450-x-115mm-best-for\/"]}]},{"@type":"ImageObject","inLanguage":"fr-FR","@id":"https:\/\/eurlhosnakamel.dz\/dz\/produit\/couronne-diamant-52-x-450-x-115mm-best-for\/#primaryimage","url":"https:\/\/eurlhosnakamel.dz\/dz\/wp-content\/uploads\/2020\/06\/Couronne-diamant-52-x-450-x-115mm-Best-for-eurl-hosna-kamel-alg\u00e9rie.jpg","contentUrl":"https:\/\/eurlhosnakamel.dz\/dz\/wp-content\/uploads\/2020\/06\/Couronne-diamant-52-x-450-x-115mm-Best-for-eurl-hosna-kamel-alg\u00e9rie.jpg","width":512,"height":512},{"@type":"BreadcrumbList","@id":"https:\/\/eurlhosnakamel.dz\/dz\/produit\/couronne-diamant-52-x-450-x-115mm-best-for\/#breadcrumb","itemListElement":[{"@type":"ListItem","position":1,"name":"Accueil","item":"https:\/\/eurlhosnakamel.dz\/dz\/"},{"@type":"ListItem","position":2,"name":"Shop","item":"https:\/\/eurlhosnakamel.dz\/dz\/shop\/"},{"@type":"ListItem","position":3,"name":"Couronne diamant 52 x 450 x 11,5mm Best for"}]},{"@type":"WebSite","@id":"https:\/\/eurlhosnakamel.dz\/dz\/#website","url":"https:\/\/eurlhosnakamel.dz\/dz\/","name":"EURL HOSNA KAMEL","description":"Fournisseur Premium d&#039;Outillages Professionnels en Alg\u00e9rie -","publisher":{"@id":"https:\/\/eurlhosnakamel.dz\/dz\/#organization"},"potentialAction":[{"@type":"SearchAction","target":{"@type":"EntryPoint","urlTemplate":"https:\/\/eurlhosnakamel.dz\/dz\/?s={search_term_string}"},"query-input":"required name=search_term_string"}],"inLanguage":"fr-FR"},{"@type":"Organization","@id":"https:\/\/eurlhosnakamel.dz\/dz\/#organization","name":"EURL HOSNA KAMEL - Bosch alg\u00e9rie","url":"https:\/\/eurlhosnakamel.dz\/dz\/","logo":{"@type":"ImageObject","inLanguage":"fr-FR","@id":"https:\/\/eurlhosnakamel.dz\/dz\/#\/schema\/logo\/image\/","url":"https:\/\/eurlhosnakamel.dz\/wp-content\/uploads\/2020\/04\/LOGO-HOSNA1.png","contentUrl":"https:\/\/eurlhosnakamel.dz\/wp-content\/uploads\/2020\/04\/LOGO-HOSNA1.png","width":120,"height":127,"caption":"EURL HOSNA KAMEL - Bosch alg\u00e9rie"},"image":{"@id":"https:\/\/eurlhosnakamel.dz\/dz\/#\/schema\/logo\/image\/"},"sameAs":["https:\/\/www.facebook.com\/Eurl.Hosna.DZ\/"]}]}},"_links":{"self":[{"href":"https:\/\/eurlhosnakamel.dz\/dz\/wp-json\/wp\/v2\/product\/10806","targetHints":{"allow":["GET"]}}],"collection":[{"href":"https:\/\/eurlhosnakamel.dz\/dz\/wp-json\/wp\/v2\/product"}],"about":[{"href":"https:\/\/eurlhosnakamel.dz\/dz\/wp-json\/wp\/v2\/types\/product"}],"wp:featuredmedia":[{"embeddable":true,"href":"https:\/\/eurlhosnakamel.dz\/dz\/wp-json\/wp\/v2\/media\/10807"}],"wp:attachment":[{"href":"https:\/\/eurlhosnakamel.dz\/dz\/wp-json\/wp\/v2\/media?parent=10806"}],"wp:term":[{"taxonomy":"product_cat","embeddable":true,"href":"https:\/\/eurlhosnakamel.dz\/dz\/wp-json\/wp\/v2\/product_cat?post=10806"},{"taxonomy":"product_tag","embeddable":true,"href":"https:\/\/eurlhosnakamel.dz\/dz\/wp-json\/wp\/v2\/product_tag?post=10806"}],"curies":[{"name":"wp","href":"https:\/\/api.w.org\/{rel}","templated":true}]}}