{"id":10822,"date":"2020-06-11T12:44:32","date_gmt":"2020-06-11T12:44:32","guid":{"rendered":"https:\/\/eurlhosnakamel.dz\/?post_type=product&#038;p=10822"},"modified":"2021-12-19T08:34:17","modified_gmt":"2021-12-19T08:34:17","slug":"lames-de-scie-sauteuse-bois-20-x-83mm-5-pieces-coupe-arrondie","status":"publish","type":"product","link":"https:\/\/eurlhosnakamel.dz\/dz\/produit\/lames-de-scie-sauteuse-bois-20-x-83mm-5-pieces-coupe-arrondie\/","title":{"rendered":"Lames de scie sauteuse bois 2,0 x 83mm (5 Pi\u00e8ces) Coupe arrondie"},"content":{"rendered":"<h2 class=\"headline hl1\" style=\"text-align: justify;\">Points forts des produits<\/h2>\n<div class=\"row\">\n<div class=\"col-md-6 xs-mb-30 lg-mb-0\" style=\"text-align: justify;\">\n<h3 class=\"headline hl4\">Lames de scie sauteuse T 119 BO Basic for Wood<\/h3>\n<p>Lame de scie sauteuse\u00a0T\u00a0119\u00a0BO\u00a0Basic\u00a0for\u00a0Wood pour des d\u00e9coupes arrondies dans le bois<\/p>\n<ul>\n<li>Denture ondul\u00e9e et frais\u00e9e id\u00e9ale pour les d\u00e9coupes sans exigence particuli\u00e8re<\/li>\n<li>Lame fine optimis\u00e9e pour les d\u00e9coupes arrondies<\/li>\n<li>Lame d\u2019acier \u00e0 haute teneur en carbone pour la d\u00e9coupe dans le bois tendre et les mat\u00e9riaux de menuiserie non abrasifs<\/li>\n<\/ul>\n<div class=\"m-product_hightlights__description\">\n<h3 class=\"headline hl4\">Descriptions des produits<\/h3>\n<div>\n<p>La lame de scie sauteuse T 119 BO Basic for Wood permet la r\u00e9alisation de d\u00e9coupes arrondies dans le bois. Sa denture ondul\u00e9e et frais\u00e9e en fait l\u2019outil id\u00e9al pour les d\u00e9coupes sans exigence particuli\u00e8re. En outre, sa largeur de lame fine est optimis\u00e9e pour les d\u00e9coupes arrondies. La lame en acier \u00e0 haute teneur en carbone favorise la d\u00e9coupe dans le bois tendre et les mat\u00e9riaux de menuiserie non abrasifs. La denture \u00e0 pas fin (2 mm) permet la d\u00e9coupe de mat\u00e9riaux d\u00e9riv\u00e9s du bois d\u2019une \u00e9paisseur de 2 \u00e0 15 mm. Pour scies sauteuses avec syst\u00e8mes de fixation en T.<\/p>\n<\/div>\n<\/div>\n<\/div>\n<div class=\"col-md-6\">\n<h3 class=\"headline hl4\" style=\"text-align: justify;\">Fonctions<\/h3>\n<div class=\"image-row\">\n<div class=\"image-col\" style=\"text-align: justify;\"><img decoding=\"async\" class=\"img-responsive  lazyloaded\" title=\"\" src=\"https:\/\/www.bosch-professional.com\/binary\/ocsmedia\/optimized\/100x100\/o10837v82_pss4156.png\" sizes=\"(max-width: 767px) 100px, (min-width: 768px) and (max-width: 991px) 100px, (-webkit-min-device-pixel-ratio: 2.0) and (min-width: 1000px) 200px, 100px\" srcset=\"\n            https:\/\/www.bosch-professional.com\/binary\/ocsmedia\/optimized\/100x100\/o10837v82_pss4156.png 100w,\n            https:\/\/www.bosch-professional.com\/binary\/ocsmedia\/optimized\/200x200\/o10837v82_pss4156.png 200w\n          \" alt=\"\" data-srcset=\"\n            https:\/\/www.bosch-professional.com\/binary\/ocsmedia\/optimized\/100x100\/o10837v82_pss4156.png 100w,\n            https:\/\/www.bosch-professional.com\/binary\/ocsmedia\/optimized\/200x200\/o10837v82_pss4156.png 200w\n          \" \/> \u00a0<img decoding=\"async\" class=\"img-responsive  lazyloaded\" title=\"\" src=\"https:\/\/www.bosch-professional.com\/binary\/ocsmedia\/optimized\/100x100\/o10854v82_pss4173.png\" sizes=\"(max-width: 767px) 100px, (min-width: 768px) and (max-width: 991px) 100px, (-webkit-min-device-pixel-ratio: 2.0) and (min-width: 1000px) 200px, 100px\" srcset=\"\n            https:\/\/www.bosch-professional.com\/binary\/ocsmedia\/optimized\/100x100\/o10854v82_pss4173.png 100w,\n            https:\/\/www.bosch-professional.com\/binary\/ocsmedia\/optimized\/200x200\/o10854v82_pss4173.png 200w\n          \" alt=\"\" data-srcset=\"\n            https:\/\/www.bosch-professional.com\/binary\/ocsmedia\/optimized\/100x100\/o10854v82_pss4173.png 100w,\n            https:\/\/www.bosch-professional.com\/binary\/ocsmedia\/optimized\/200x200\/o10854v82_pss4173.png 200w\n          \" \/><\/div>\n<\/div>\n<\/div>\n<\/div>\n","protected":false},"excerpt":{"rendered":"<h4>Lame de scie sauteuse T 119 BO<\/h4>\n<table class=\"m-datatable m-datatable--light\">\n<thead>\n<tr>\n<th class=\"no-sort\" data-priority=\"1\">D\u00e9tails<\/th>\n<th class=\"no-sort\" data-priority=\"1\"><\/th>\n<\/tr>\n<\/thead>\n<tbody>\n<tr class=\"\">\n<td>Longueur totale [mm]<\/td>\n<td>83<\/td>\n<\/tr>\n<tr class=\"\">\n<td>Pas [mm]<\/td>\n<td>2,0<\/td>\n<\/tr>\n<\/tbody>\n<\/table>\n","protected":false},"featured_media":10823,"template":"","meta":[],"product_cat":[1277,405],"product_tag":[2763],"class_list":{"0":"post-10822","1":"product","2":"type-product","3":"status-publish","4":"has-post-thumbnail","6":"product_cat-accessoires-bosch","7":"product_cat-outillage","8":"product_tag-lames-de-scie-sauteuse-bois-2-0-x-83mm-5-pieces-coupe-arrondie","9":"product_brand-bosch-outillage","11":"first","12":"instock","13":"shipping-taxable","14":"product-type-simple","15":"col-xs-6 col-sm-4","16":"col-md-3 col-lg-3","17":"un-4-cols"},"yoast_head":"<!-- This site is optimized with the Yoast SEO plugin v22.5 - https:\/\/yoast.com\/wordpress\/plugins\/seo\/ -->\n<title>Lames de scie sauteuse bois 2,0 x 83mm (5 Pi\u00e8ces) Coupe arrondie - EURL HOSNA KAMEL<\/title>\n<meta name=\"description\" content=\"Lames de scie sauteuse bois 2,0 x 83mm (5 Pi\u00e8ces) Coupe arrondie - EURL HOSNA KAMEL\" \/>\n<meta name=\"robots\" content=\"index, follow, max-snippet:-1, max-image-preview:large, max-video-preview:-1\" \/>\n<link rel=\"canonical\" href=\"https:\/\/eurlhosnakamel.dz\/dz\/produit\/lames-de-scie-sauteuse-bois-20-x-83mm-5-pieces-coupe-arrondie\/\" \/>\n<meta property=\"og:locale\" content=\"fr_FR\" \/>\n<meta property=\"og:type\" content=\"article\" \/>\n<meta property=\"og:title\" content=\"Lames de scie sauteuse bois 2,0 x 83mm (5 Pi\u00e8ces) Coupe arrondie - EURL HOSNA KAMEL\" \/>\n<meta property=\"og:description\" content=\"Lames de scie sauteuse bois 2,0 x 83mm (5 Pi\u00e8ces) Coupe arrondie - EURL HOSNA KAMEL\" \/>\n<meta property=\"og:url\" content=\"https:\/\/eurlhosnakamel.dz\/dz\/produit\/lames-de-scie-sauteuse-bois-20-x-83mm-5-pieces-coupe-arrondie\/\" \/>\n<meta property=\"og:site_name\" content=\"EURL HOSNA KAMEL\" \/>\n<meta property=\"article:publisher\" content=\"https:\/\/www.facebook.com\/Eurl.Hosna.DZ\/\" \/>\n<meta property=\"article:modified_time\" content=\"2021-12-19T08:34:17+00:00\" \/>\n<meta property=\"og:image\" content=\"https:\/\/eurlhosnakamel.dz\/dz\/wp-content\/uploads\/2020\/06\/Lames-de-scie-sauteuse-bois-20-x-83mm-5-Pi\u00e8ces-Coupe-arrondie-eurl-hosna-kamel-alg\u00e9rie.jpg\" \/>\n\t<meta property=\"og:image:width\" content=\"512\" \/>\n\t<meta property=\"og:image:height\" content=\"512\" \/>\n\t<meta property=\"og:image:type\" content=\"image\/jpeg\" \/>\n<meta name=\"twitter:card\" content=\"summary_large_image\" \/>\n<meta name=\"twitter:label1\" content=\"Dur\u00e9e de lecture estim\u00e9e\" \/>\n\t<meta name=\"twitter:data1\" content=\"1 minute\" \/>\n<script type=\"application\/ld+json\" class=\"yoast-schema-graph\">{\"@context\":\"https:\/\/schema.org\",\"@graph\":[{\"@type\":\"WebPage\",\"@id\":\"https:\/\/eurlhosnakamel.dz\/dz\/produit\/lames-de-scie-sauteuse-bois-20-x-83mm-5-pieces-coupe-arrondie\/\",\"url\":\"https:\/\/eurlhosnakamel.dz\/dz\/produit\/lames-de-scie-sauteuse-bois-20-x-83mm-5-pieces-coupe-arrondie\/\",\"name\":\"Lames de scie sauteuse bois 2,0 x 83mm (5 Pi\u00e8ces) Coupe arrondie - EURL HOSNA KAMEL\",\"isPartOf\":{\"@id\":\"https:\/\/eurlhosnakamel.dz\/dz\/#website\"},\"primaryImageOfPage\":{\"@id\":\"https:\/\/eurlhosnakamel.dz\/dz\/produit\/lames-de-scie-sauteuse-bois-20-x-83mm-5-pieces-coupe-arrondie\/#primaryimage\"},\"image\":{\"@id\":\"https:\/\/eurlhosnakamel.dz\/dz\/produit\/lames-de-scie-sauteuse-bois-20-x-83mm-5-pieces-coupe-arrondie\/#primaryimage\"},\"thumbnailUrl\":\"https:\/\/eurlhosnakamel.dz\/dz\/wp-content\/uploads\/2020\/06\/Lames-de-scie-sauteuse-bois-20-x-83mm-5-Pi\u00e8ces-Coupe-arrondie-eurl-hosna-kamel-alg\u00e9rie.jpg\",\"datePublished\":\"2020-06-11T12:44:32+00:00\",\"dateModified\":\"2021-12-19T08:34:17+00:00\",\"description\":\"Lames de scie sauteuse bois 2,0 x 83mm (5 Pi\u00e8ces) Coupe arrondie - EURL HOSNA KAMEL\",\"breadcrumb\":{\"@id\":\"https:\/\/eurlhosnakamel.dz\/dz\/produit\/lames-de-scie-sauteuse-bois-20-x-83mm-5-pieces-coupe-arrondie\/#breadcrumb\"},\"inLanguage\":\"fr-FR\",\"potentialAction\":[{\"@type\":\"ReadAction\",\"target\":[\"https:\/\/eurlhosnakamel.dz\/dz\/produit\/lames-de-scie-sauteuse-bois-20-x-83mm-5-pieces-coupe-arrondie\/\"]}]},{\"@type\":\"ImageObject\",\"inLanguage\":\"fr-FR\",\"@id\":\"https:\/\/eurlhosnakamel.dz\/dz\/produit\/lames-de-scie-sauteuse-bois-20-x-83mm-5-pieces-coupe-arrondie\/#primaryimage\",\"url\":\"https:\/\/eurlhosnakamel.dz\/dz\/wp-content\/uploads\/2020\/06\/Lames-de-scie-sauteuse-bois-20-x-83mm-5-Pi\u00e8ces-Coupe-arrondie-eurl-hosna-kamel-alg\u00e9rie.jpg\",\"contentUrl\":\"https:\/\/eurlhosnakamel.dz\/dz\/wp-content\/uploads\/2020\/06\/Lames-de-scie-sauteuse-bois-20-x-83mm-5-Pi\u00e8ces-Coupe-arrondie-eurl-hosna-kamel-alg\u00e9rie.jpg\",\"width\":512,\"height\":512},{\"@type\":\"BreadcrumbList\",\"@id\":\"https:\/\/eurlhosnakamel.dz\/dz\/produit\/lames-de-scie-sauteuse-bois-20-x-83mm-5-pieces-coupe-arrondie\/#breadcrumb\",\"itemListElement\":[{\"@type\":\"ListItem\",\"position\":1,\"name\":\"Accueil\",\"item\":\"https:\/\/eurlhosnakamel.dz\/dz\/\"},{\"@type\":\"ListItem\",\"position\":2,\"name\":\"Shop\",\"item\":\"https:\/\/eurlhosnakamel.dz\/dz\/shop\/\"},{\"@type\":\"ListItem\",\"position\":3,\"name\":\"Lames de scie sauteuse bois 2,0 x 83mm (5 Pi\u00e8ces) Coupe arrondie\"}]},{\"@type\":\"WebSite\",\"@id\":\"https:\/\/eurlhosnakamel.dz\/dz\/#website\",\"url\":\"https:\/\/eurlhosnakamel.dz\/dz\/\",\"name\":\"EURL HOSNA KAMEL\",\"description\":\"Fournisseur Premium d&#039;Outillages Professionnels en Alg\u00e9rie -\",\"publisher\":{\"@id\":\"https:\/\/eurlhosnakamel.dz\/dz\/#organization\"},\"potentialAction\":[{\"@type\":\"SearchAction\",\"target\":{\"@type\":\"EntryPoint\",\"urlTemplate\":\"https:\/\/eurlhosnakamel.dz\/dz\/?s={search_term_string}\"},\"query-input\":\"required name=search_term_string\"}],\"inLanguage\":\"fr-FR\"},{\"@type\":\"Organization\",\"@id\":\"https:\/\/eurlhosnakamel.dz\/dz\/#organization\",\"name\":\"EURL HOSNA KAMEL - Bosch alg\u00e9rie\",\"url\":\"https:\/\/eurlhosnakamel.dz\/dz\/\",\"logo\":{\"@type\":\"ImageObject\",\"inLanguage\":\"fr-FR\",\"@id\":\"https:\/\/eurlhosnakamel.dz\/dz\/#\/schema\/logo\/image\/\",\"url\":\"https:\/\/eurlhosnakamel.dz\/wp-content\/uploads\/2020\/04\/LOGO-HOSNA1.png\",\"contentUrl\":\"https:\/\/eurlhosnakamel.dz\/wp-content\/uploads\/2020\/04\/LOGO-HOSNA1.png\",\"width\":120,\"height\":127,\"caption\":\"EURL HOSNA KAMEL - Bosch alg\u00e9rie\"},\"image\":{\"@id\":\"https:\/\/eurlhosnakamel.dz\/dz\/#\/schema\/logo\/image\/\"},\"sameAs\":[\"https:\/\/www.facebook.com\/Eurl.Hosna.DZ\/\"]}]}<\/script>\n<!-- \/ Yoast SEO plugin. -->","yoast_head_json":{"title":"Lames de scie sauteuse bois 2,0 x 83mm (5 Pi\u00e8ces) Coupe arrondie - EURL HOSNA KAMEL","description":"Lames de scie sauteuse bois 2,0 x 83mm (5 Pi\u00e8ces) Coupe arrondie - EURL HOSNA KAMEL","robots":{"index":"index","follow":"follow","max-snippet":"max-snippet:-1","max-image-preview":"max-image-preview:large","max-video-preview":"max-video-preview:-1"},"canonical":"https:\/\/eurlhosnakamel.dz\/dz\/produit\/lames-de-scie-sauteuse-bois-20-x-83mm-5-pieces-coupe-arrondie\/","og_locale":"fr_FR","og_type":"article","og_title":"Lames de scie sauteuse bois 2,0 x 83mm (5 Pi\u00e8ces) Coupe arrondie - EURL HOSNA KAMEL","og_description":"Lames de scie sauteuse bois 2,0 x 83mm (5 Pi\u00e8ces) Coupe arrondie - EURL HOSNA KAMEL","og_url":"https:\/\/eurlhosnakamel.dz\/dz\/produit\/lames-de-scie-sauteuse-bois-20-x-83mm-5-pieces-coupe-arrondie\/","og_site_name":"EURL HOSNA KAMEL","article_publisher":"https:\/\/www.facebook.com\/Eurl.Hosna.DZ\/","article_modified_time":"2021-12-19T08:34:17+00:00","og_image":[{"width":512,"height":512,"url":"https:\/\/eurlhosnakamel.dz\/dz\/wp-content\/uploads\/2020\/06\/Lames-de-scie-sauteuse-bois-20-x-83mm-5-Pi\u00e8ces-Coupe-arrondie-eurl-hosna-kamel-alg\u00e9rie.jpg","type":"image\/jpeg"}],"twitter_card":"summary_large_image","twitter_misc":{"Dur\u00e9e de lecture estim\u00e9e":"1 minute"},"schema":{"@context":"https:\/\/schema.org","@graph":[{"@type":"WebPage","@id":"https:\/\/eurlhosnakamel.dz\/dz\/produit\/lames-de-scie-sauteuse-bois-20-x-83mm-5-pieces-coupe-arrondie\/","url":"https:\/\/eurlhosnakamel.dz\/dz\/produit\/lames-de-scie-sauteuse-bois-20-x-83mm-5-pieces-coupe-arrondie\/","name":"Lames de scie sauteuse bois 2,0 x 83mm (5 Pi\u00e8ces) Coupe arrondie - EURL HOSNA KAMEL","isPartOf":{"@id":"https:\/\/eurlhosnakamel.dz\/dz\/#website"},"primaryImageOfPage":{"@id":"https:\/\/eurlhosnakamel.dz\/dz\/produit\/lames-de-scie-sauteuse-bois-20-x-83mm-5-pieces-coupe-arrondie\/#primaryimage"},"image":{"@id":"https:\/\/eurlhosnakamel.dz\/dz\/produit\/lames-de-scie-sauteuse-bois-20-x-83mm-5-pieces-coupe-arrondie\/#primaryimage"},"thumbnailUrl":"https:\/\/eurlhosnakamel.dz\/dz\/wp-content\/uploads\/2020\/06\/Lames-de-scie-sauteuse-bois-20-x-83mm-5-Pi\u00e8ces-Coupe-arrondie-eurl-hosna-kamel-alg\u00e9rie.jpg","datePublished":"2020-06-11T12:44:32+00:00","dateModified":"2021-12-19T08:34:17+00:00","description":"Lames de scie sauteuse bois 2,0 x 83mm (5 Pi\u00e8ces) Coupe arrondie - EURL HOSNA KAMEL","breadcrumb":{"@id":"https:\/\/eurlhosnakamel.dz\/dz\/produit\/lames-de-scie-sauteuse-bois-20-x-83mm-5-pieces-coupe-arrondie\/#breadcrumb"},"inLanguage":"fr-FR","potentialAction":[{"@type":"ReadAction","target":["https:\/\/eurlhosnakamel.dz\/dz\/produit\/lames-de-scie-sauteuse-bois-20-x-83mm-5-pieces-coupe-arrondie\/"]}]},{"@type":"ImageObject","inLanguage":"fr-FR","@id":"https:\/\/eurlhosnakamel.dz\/dz\/produit\/lames-de-scie-sauteuse-bois-20-x-83mm-5-pieces-coupe-arrondie\/#primaryimage","url":"https:\/\/eurlhosnakamel.dz\/dz\/wp-content\/uploads\/2020\/06\/Lames-de-scie-sauteuse-bois-20-x-83mm-5-Pi\u00e8ces-Coupe-arrondie-eurl-hosna-kamel-alg\u00e9rie.jpg","contentUrl":"https:\/\/eurlhosnakamel.dz\/dz\/wp-content\/uploads\/2020\/06\/Lames-de-scie-sauteuse-bois-20-x-83mm-5-Pi\u00e8ces-Coupe-arrondie-eurl-hosna-kamel-alg\u00e9rie.jpg","width":512,"height":512},{"@type":"BreadcrumbList","@id":"https:\/\/eurlhosnakamel.dz\/dz\/produit\/lames-de-scie-sauteuse-bois-20-x-83mm-5-pieces-coupe-arrondie\/#breadcrumb","itemListElement":[{"@type":"ListItem","position":1,"name":"Accueil","item":"https:\/\/eurlhosnakamel.dz\/dz\/"},{"@type":"ListItem","position":2,"name":"Shop","item":"https:\/\/eurlhosnakamel.dz\/dz\/shop\/"},{"@type":"ListItem","position":3,"name":"Lames de scie sauteuse bois 2,0 x 83mm (5 Pi\u00e8ces) Coupe arrondie"}]},{"@type":"WebSite","@id":"https:\/\/eurlhosnakamel.dz\/dz\/#website","url":"https:\/\/eurlhosnakamel.dz\/dz\/","name":"EURL HOSNA KAMEL","description":"Fournisseur Premium d&#039;Outillages Professionnels en Alg\u00e9rie -","publisher":{"@id":"https:\/\/eurlhosnakamel.dz\/dz\/#organization"},"potentialAction":[{"@type":"SearchAction","target":{"@type":"EntryPoint","urlTemplate":"https:\/\/eurlhosnakamel.dz\/dz\/?s={search_term_string}"},"query-input":"required name=search_term_string"}],"inLanguage":"fr-FR"},{"@type":"Organization","@id":"https:\/\/eurlhosnakamel.dz\/dz\/#organization","name":"EURL HOSNA KAMEL - Bosch alg\u00e9rie","url":"https:\/\/eurlhosnakamel.dz\/dz\/","logo":{"@type":"ImageObject","inLanguage":"fr-FR","@id":"https:\/\/eurlhosnakamel.dz\/dz\/#\/schema\/logo\/image\/","url":"https:\/\/eurlhosnakamel.dz\/wp-content\/uploads\/2020\/04\/LOGO-HOSNA1.png","contentUrl":"https:\/\/eurlhosnakamel.dz\/wp-content\/uploads\/2020\/04\/LOGO-HOSNA1.png","width":120,"height":127,"caption":"EURL HOSNA KAMEL - Bosch alg\u00e9rie"},"image":{"@id":"https:\/\/eurlhosnakamel.dz\/dz\/#\/schema\/logo\/image\/"},"sameAs":["https:\/\/www.facebook.com\/Eurl.Hosna.DZ\/"]}]}},"_links":{"self":[{"href":"https:\/\/eurlhosnakamel.dz\/dz\/wp-json\/wp\/v2\/product\/10822","targetHints":{"allow":["GET"]}}],"collection":[{"href":"https:\/\/eurlhosnakamel.dz\/dz\/wp-json\/wp\/v2\/product"}],"about":[{"href":"https:\/\/eurlhosnakamel.dz\/dz\/wp-json\/wp\/v2\/types\/product"}],"wp:featuredmedia":[{"embeddable":true,"href":"https:\/\/eurlhosnakamel.dz\/dz\/wp-json\/wp\/v2\/media\/10823"}],"wp:attachment":[{"href":"https:\/\/eurlhosnakamel.dz\/dz\/wp-json\/wp\/v2\/media?parent=10822"}],"wp:term":[{"taxonomy":"product_cat","embeddable":true,"href":"https:\/\/eurlhosnakamel.dz\/dz\/wp-json\/wp\/v2\/product_cat?post=10822"},{"taxonomy":"product_tag","embeddable":true,"href":"https:\/\/eurlhosnakamel.dz\/dz\/wp-json\/wp\/v2\/product_tag?post=10822"}],"curies":[{"name":"wp","href":"https:\/\/api.w.org\/{rel}","templated":true}]}}