{"id":10826,"date":"2020-06-11T12:54:34","date_gmt":"2020-06-11T12:54:34","guid":{"rendered":"https:\/\/eurlhosnakamel.dz\/?post_type=product&#038;p=10826"},"modified":"2021-12-19T08:33:58","modified_gmt":"2021-12-19T08:33:58","slug":"lames-de-scie-sauteuse-bois-40-x-100mm-t344dp-5-pieces-coupe-precision","status":"publish","type":"product","link":"https:\/\/eurlhosnakamel.dz\/dz\/produit\/lames-de-scie-sauteuse-bois-40-x-100mm-t344dp-5-pieces-coupe-precision\/","title":{"rendered":"Lames de scie sauteuse bois 4,0 x 100mm T344DP (5 Pi\u00e8ces) Coupe pr\u00e9cision"},"content":{"rendered":"<h2 class=\"headline hl1\" style=\"text-align: justify\">Points forts des produits<\/h2>\n<div class=\"row\">\n<div class=\"col-md-6 xs-mb-30 lg-mb-0\" style=\"text-align: justify\">\n<h3 class=\"headline hl4\">Lames de scie sauteuse T 344 DP Precision for Wood<\/h3>\n<p>Lame de scie sauteuse\u00a0T\u00a0344\u00a0DP\u00a0Precision\u00a0for\u00a0Wood pour la r\u00e9alisation de d\u00e9coupes rapides et pr\u00e9cises dans le bois<\/p>\n<ul>\n<li>Extr\u00eame \u00e9paisseur destin\u00e9e \u00e0 \u00e9viter la d\u00e9formation, favorisant des d\u00e9coupes exactes et sans bavure \u00e0 des angles pr\u00e9cis<\/li>\n<li>Denture lat\u00e9rale tranchante permettant la r\u00e9alisation de d\u00e9coupes rapides<\/li>\n<li>Lame d\u2019acier \u00e0 haute teneur en carbone pour la d\u00e9coupe dans le bois tendre et les mat\u00e9riaux de menuiserie non abrasifs<\/li>\n<\/ul>\n<div class=\"m-product_hightlights__description\">\n<h3 class=\"headline hl4\">Descriptions des produits<\/h3>\n<div>\n<p>La lame de scie sauteuse T 344 DP Precision for Wood permet la r\u00e9alisation de d\u00e9coupes rapides et pr\u00e9cises dans le bois. Son extr\u00eame \u00e9paisseur est destin\u00e9e \u00e0 \u00e9viter la d\u00e9formation, favorisant des d\u00e9coupes exactes et sans bavure \u00e0 des angles pr\u00e9cis. En outre, sa denture tranchante est dispos\u00e9e lat\u00e9ralement, permettant des d\u00e9coupes rapides. La lame en acier \u00e0 haute teneur en carbone favorise la d\u00e9coupe dans le bois tendre et les mat\u00e9riaux de menuiserie non abrasifs. Longue de 152 mm, elle pr\u00e9sente une denture \u00e0 grand pas (4 mm) pour la d\u00e9coupe de mat\u00e9riaux d\u00e9riv\u00e9s du bois, jusqu\u2019\u00e0 100 mm d\u2019\u00e9paisseur. Pour scies sauteuses avec syst\u00e8mes de fixation en T.<\/p>\n<\/div>\n<\/div>\n<\/div>\n<div class=\"col-md-6\">\n<h3 class=\"headline hl4\" style=\"text-align: justify\">Fonctions<\/h3>\n<div class=\"image-row\">\n<div class=\"image-col\" style=\"text-align: justify\"><img decoding=\"async\" class=\"img-responsive  ls-is-cached lazyloaded\" title=\"\" src=\"https:\/\/www.bosch-professional.com\/binary\/ocsmedia\/optimized\/100x100\/o10844v82_pss4163.png\" alt=\"\" data-srcset=\"\n            https:\/\/www.bosch-professional.com\/binary\/ocsmedia\/optimized\/100x100\/o10844v82_pss4163.png 100w,\n            https:\/\/www.bosch-professional.com\/binary\/ocsmedia\/optimized\/200x200\/o10844v82_pss4163.png 200w\n          \" \/> \u00a0<img decoding=\"async\" class=\"img-responsive  ls-is-cached lazyloaded\" title=\"\" src=\"https:\/\/www.bosch-professional.com\/binary\/ocsmedia\/optimized\/100x100\/o10853v82_pss4172.png\" alt=\"\" data-srcset=\"\n            https:\/\/www.bosch-professional.com\/binary\/ocsmedia\/optimized\/100x100\/o10853v82_pss4172.png 100w,\n            https:\/\/www.bosch-professional.com\/binary\/ocsmedia\/optimized\/200x200\/o10853v82_pss4172.png 200w\n          \" \/> \u00a0<img decoding=\"async\" class=\"img-responsive  lazyloaded\" title=\"\" src=\"https:\/\/www.bosch-professional.com\/binary\/ocsmedia\/optimized\/100x100\/o10856v82_pss4175.png\" alt=\"\" data-srcset=\"\n            https:\/\/www.bosch-professional.com\/binary\/ocsmedia\/optimized\/100x100\/o10856v82_pss4175.png 100w,\n            https:\/\/www.bosch-professional.com\/binary\/ocsmedia\/optimized\/200x200\/o10856v82_pss4175.png 200w\n          \" \/><\/div>\n<\/div>\n<\/div>\n<\/div>\n","protected":false},"excerpt":{"rendered":"<h4>Lame de scie sauteuse T 344 DP<\/h4>\n<table class=\"m-datatable m-datatable--light\">\n<thead>\n<tr>\n<th class=\"no-sort\" data-priority=\"1\">D\u00e9tails<\/th>\n<th class=\"no-sort\" data-priority=\"1\"><\/th>\n<\/tr>\n<\/thead>\n<tbody>\n<tr class=\"\">\n<td>Longueur totale [mm]<\/td>\n<td>152<\/td>\n<\/tr>\n<tr class=\"\">\n<td>Pas [mm]<\/td>\n<td>4,0<\/td>\n<\/tr>\n<\/tbody>\n<\/table>\n","protected":false},"featured_media":10827,"template":"","meta":[],"product_cat":[1277,405],"product_tag":[2779],"class_list":{"0":"post-10826","1":"product","2":"type-product","3":"status-publish","4":"has-post-thumbnail","6":"product_cat-accessoires-bosch","7":"product_cat-outillage","8":"product_tag-lames-de-scie-sauteuse-bois-4-0-x-100mm-t344dp-5-pieces-coupe-precision","9":"product_brand-bosch-outillage","11":"first","12":"instock","13":"shipping-taxable","14":"product-type-simple","15":"col-xs-6 col-sm-4","16":"col-md-3 col-lg-3","17":"un-4-cols"},"yoast_head":"<!-- This site is optimized with the Yoast SEO plugin v22.5 - https:\/\/yoast.com\/wordpress\/plugins\/seo\/ -->\n<title>Lames de scie sauteuse bois 4,0 x 100mm T344DP (5 Pi\u00e8ces) Coupe pr\u00e9cision - EURL HOSNA KAMEL<\/title>\n<meta name=\"description\" content=\"Lames de scie sauteuse bois 4,0 x 100mm T344DP (5 Pi\u00e8ces) Coupe pr\u00e9cision - EURL HOSNA KAMEL\" \/>\n<meta name=\"robots\" content=\"index, follow, max-snippet:-1, max-image-preview:large, max-video-preview:-1\" \/>\n<link rel=\"canonical\" href=\"https:\/\/eurlhosnakamel.dz\/dz\/produit\/lames-de-scie-sauteuse-bois-40-x-100mm-t344dp-5-pieces-coupe-precision\/\" \/>\n<meta property=\"og:locale\" content=\"fr_FR\" \/>\n<meta property=\"og:type\" content=\"article\" \/>\n<meta property=\"og:title\" content=\"Lames de scie sauteuse bois 4,0 x 100mm T344DP (5 Pi\u00e8ces) Coupe pr\u00e9cision - EURL HOSNA KAMEL\" \/>\n<meta property=\"og:description\" content=\"Lames de scie sauteuse bois 4,0 x 100mm T344DP (5 Pi\u00e8ces) Coupe pr\u00e9cision - EURL HOSNA KAMEL\" \/>\n<meta property=\"og:url\" content=\"https:\/\/eurlhosnakamel.dz\/dz\/produit\/lames-de-scie-sauteuse-bois-40-x-100mm-t344dp-5-pieces-coupe-precision\/\" \/>\n<meta property=\"og:site_name\" content=\"EURL HOSNA KAMEL\" \/>\n<meta property=\"article:publisher\" content=\"https:\/\/www.facebook.com\/Eurl.Hosna.DZ\/\" \/>\n<meta property=\"article:modified_time\" content=\"2021-12-19T08:33:58+00:00\" \/>\n<meta property=\"og:image\" content=\"https:\/\/eurlhosnakamel.dz\/dz\/wp-content\/uploads\/2020\/06\/Lames-de-scie-sauteuse-bois-40-x-100mm-T344DP-5-Pi\u00e8ces-Coupe-pr\u00e9cision-eurl-hosna-kamel-alg\u00e9rie.jpg\" \/>\n\t<meta property=\"og:image:width\" content=\"512\" \/>\n\t<meta property=\"og:image:height\" content=\"512\" \/>\n\t<meta property=\"og:image:type\" content=\"image\/jpeg\" \/>\n<meta name=\"twitter:card\" content=\"summary_large_image\" \/>\n<meta name=\"twitter:label1\" content=\"Dur\u00e9e de lecture estim\u00e9e\" \/>\n\t<meta name=\"twitter:data1\" content=\"1 minute\" \/>\n<script type=\"application\/ld+json\" class=\"yoast-schema-graph\">{\"@context\":\"https:\/\/schema.org\",\"@graph\":[{\"@type\":\"WebPage\",\"@id\":\"https:\/\/eurlhosnakamel.dz\/dz\/produit\/lames-de-scie-sauteuse-bois-40-x-100mm-t344dp-5-pieces-coupe-precision\/\",\"url\":\"https:\/\/eurlhosnakamel.dz\/dz\/produit\/lames-de-scie-sauteuse-bois-40-x-100mm-t344dp-5-pieces-coupe-precision\/\",\"name\":\"Lames de scie sauteuse bois 4,0 x 100mm T344DP (5 Pi\u00e8ces) Coupe pr\u00e9cision - EURL HOSNA KAMEL\",\"isPartOf\":{\"@id\":\"https:\/\/eurlhosnakamel.dz\/dz\/#website\"},\"primaryImageOfPage\":{\"@id\":\"https:\/\/eurlhosnakamel.dz\/dz\/produit\/lames-de-scie-sauteuse-bois-40-x-100mm-t344dp-5-pieces-coupe-precision\/#primaryimage\"},\"image\":{\"@id\":\"https:\/\/eurlhosnakamel.dz\/dz\/produit\/lames-de-scie-sauteuse-bois-40-x-100mm-t344dp-5-pieces-coupe-precision\/#primaryimage\"},\"thumbnailUrl\":\"https:\/\/eurlhosnakamel.dz\/dz\/wp-content\/uploads\/2020\/06\/Lames-de-scie-sauteuse-bois-40-x-100mm-T344DP-5-Pi\u00e8ces-Coupe-pr\u00e9cision-eurl-hosna-kamel-alg\u00e9rie.jpg\",\"datePublished\":\"2020-06-11T12:54:34+00:00\",\"dateModified\":\"2021-12-19T08:33:58+00:00\",\"description\":\"Lames de scie sauteuse bois 4,0 x 100mm T344DP (5 Pi\u00e8ces) Coupe pr\u00e9cision - EURL HOSNA KAMEL\",\"breadcrumb\":{\"@id\":\"https:\/\/eurlhosnakamel.dz\/dz\/produit\/lames-de-scie-sauteuse-bois-40-x-100mm-t344dp-5-pieces-coupe-precision\/#breadcrumb\"},\"inLanguage\":\"fr-FR\",\"potentialAction\":[{\"@type\":\"ReadAction\",\"target\":[\"https:\/\/eurlhosnakamel.dz\/dz\/produit\/lames-de-scie-sauteuse-bois-40-x-100mm-t344dp-5-pieces-coupe-precision\/\"]}]},{\"@type\":\"ImageObject\",\"inLanguage\":\"fr-FR\",\"@id\":\"https:\/\/eurlhosnakamel.dz\/dz\/produit\/lames-de-scie-sauteuse-bois-40-x-100mm-t344dp-5-pieces-coupe-precision\/#primaryimage\",\"url\":\"https:\/\/eurlhosnakamel.dz\/dz\/wp-content\/uploads\/2020\/06\/Lames-de-scie-sauteuse-bois-40-x-100mm-T344DP-5-Pi\u00e8ces-Coupe-pr\u00e9cision-eurl-hosna-kamel-alg\u00e9rie.jpg\",\"contentUrl\":\"https:\/\/eurlhosnakamel.dz\/dz\/wp-content\/uploads\/2020\/06\/Lames-de-scie-sauteuse-bois-40-x-100mm-T344DP-5-Pi\u00e8ces-Coupe-pr\u00e9cision-eurl-hosna-kamel-alg\u00e9rie.jpg\",\"width\":512,\"height\":512},{\"@type\":\"BreadcrumbList\",\"@id\":\"https:\/\/eurlhosnakamel.dz\/dz\/produit\/lames-de-scie-sauteuse-bois-40-x-100mm-t344dp-5-pieces-coupe-precision\/#breadcrumb\",\"itemListElement\":[{\"@type\":\"ListItem\",\"position\":1,\"name\":\"Accueil\",\"item\":\"https:\/\/eurlhosnakamel.dz\/dz\/\"},{\"@type\":\"ListItem\",\"position\":2,\"name\":\"Shop\",\"item\":\"https:\/\/eurlhosnakamel.dz\/dz\/shop\/\"},{\"@type\":\"ListItem\",\"position\":3,\"name\":\"Lames de scie sauteuse bois 4,0 x 100mm T344DP (5 Pi\u00e8ces) Coupe pr\u00e9cision\"}]},{\"@type\":\"WebSite\",\"@id\":\"https:\/\/eurlhosnakamel.dz\/dz\/#website\",\"url\":\"https:\/\/eurlhosnakamel.dz\/dz\/\",\"name\":\"EURL HOSNA KAMEL\",\"description\":\"Fournisseur Premium d&#039;Outillages Professionnels en Alg\u00e9rie -\",\"publisher\":{\"@id\":\"https:\/\/eurlhosnakamel.dz\/dz\/#organization\"},\"potentialAction\":[{\"@type\":\"SearchAction\",\"target\":{\"@type\":\"EntryPoint\",\"urlTemplate\":\"https:\/\/eurlhosnakamel.dz\/dz\/?s={search_term_string}\"},\"query-input\":\"required name=search_term_string\"}],\"inLanguage\":\"fr-FR\"},{\"@type\":\"Organization\",\"@id\":\"https:\/\/eurlhosnakamel.dz\/dz\/#organization\",\"name\":\"EURL HOSNA KAMEL - Bosch alg\u00e9rie\",\"url\":\"https:\/\/eurlhosnakamel.dz\/dz\/\",\"logo\":{\"@type\":\"ImageObject\",\"inLanguage\":\"fr-FR\",\"@id\":\"https:\/\/eurlhosnakamel.dz\/dz\/#\/schema\/logo\/image\/\",\"url\":\"https:\/\/eurlhosnakamel.dz\/wp-content\/uploads\/2020\/04\/LOGO-HOSNA1.png\",\"contentUrl\":\"https:\/\/eurlhosnakamel.dz\/wp-content\/uploads\/2020\/04\/LOGO-HOSNA1.png\",\"width\":120,\"height\":127,\"caption\":\"EURL HOSNA KAMEL - Bosch alg\u00e9rie\"},\"image\":{\"@id\":\"https:\/\/eurlhosnakamel.dz\/dz\/#\/schema\/logo\/image\/\"},\"sameAs\":[\"https:\/\/www.facebook.com\/Eurl.Hosna.DZ\/\"]}]}<\/script>\n<!-- \/ Yoast SEO plugin. -->","yoast_head_json":{"title":"Lames de scie sauteuse bois 4,0 x 100mm T344DP (5 Pi\u00e8ces) Coupe pr\u00e9cision - EURL HOSNA KAMEL","description":"Lames de scie sauteuse bois 4,0 x 100mm T344DP (5 Pi\u00e8ces) Coupe pr\u00e9cision - EURL HOSNA KAMEL","robots":{"index":"index","follow":"follow","max-snippet":"max-snippet:-1","max-image-preview":"max-image-preview:large","max-video-preview":"max-video-preview:-1"},"canonical":"https:\/\/eurlhosnakamel.dz\/dz\/produit\/lames-de-scie-sauteuse-bois-40-x-100mm-t344dp-5-pieces-coupe-precision\/","og_locale":"fr_FR","og_type":"article","og_title":"Lames de scie sauteuse bois 4,0 x 100mm T344DP (5 Pi\u00e8ces) Coupe pr\u00e9cision - EURL HOSNA KAMEL","og_description":"Lames de scie sauteuse bois 4,0 x 100mm T344DP (5 Pi\u00e8ces) Coupe pr\u00e9cision - EURL HOSNA KAMEL","og_url":"https:\/\/eurlhosnakamel.dz\/dz\/produit\/lames-de-scie-sauteuse-bois-40-x-100mm-t344dp-5-pieces-coupe-precision\/","og_site_name":"EURL HOSNA KAMEL","article_publisher":"https:\/\/www.facebook.com\/Eurl.Hosna.DZ\/","article_modified_time":"2021-12-19T08:33:58+00:00","og_image":[{"width":512,"height":512,"url":"https:\/\/eurlhosnakamel.dz\/dz\/wp-content\/uploads\/2020\/06\/Lames-de-scie-sauteuse-bois-40-x-100mm-T344DP-5-Pi\u00e8ces-Coupe-pr\u00e9cision-eurl-hosna-kamel-alg\u00e9rie.jpg","type":"image\/jpeg"}],"twitter_card":"summary_large_image","twitter_misc":{"Dur\u00e9e de lecture estim\u00e9e":"1 minute"},"schema":{"@context":"https:\/\/schema.org","@graph":[{"@type":"WebPage","@id":"https:\/\/eurlhosnakamel.dz\/dz\/produit\/lames-de-scie-sauteuse-bois-40-x-100mm-t344dp-5-pieces-coupe-precision\/","url":"https:\/\/eurlhosnakamel.dz\/dz\/produit\/lames-de-scie-sauteuse-bois-40-x-100mm-t344dp-5-pieces-coupe-precision\/","name":"Lames de scie sauteuse bois 4,0 x 100mm T344DP (5 Pi\u00e8ces) Coupe pr\u00e9cision - EURL HOSNA KAMEL","isPartOf":{"@id":"https:\/\/eurlhosnakamel.dz\/dz\/#website"},"primaryImageOfPage":{"@id":"https:\/\/eurlhosnakamel.dz\/dz\/produit\/lames-de-scie-sauteuse-bois-40-x-100mm-t344dp-5-pieces-coupe-precision\/#primaryimage"},"image":{"@id":"https:\/\/eurlhosnakamel.dz\/dz\/produit\/lames-de-scie-sauteuse-bois-40-x-100mm-t344dp-5-pieces-coupe-precision\/#primaryimage"},"thumbnailUrl":"https:\/\/eurlhosnakamel.dz\/dz\/wp-content\/uploads\/2020\/06\/Lames-de-scie-sauteuse-bois-40-x-100mm-T344DP-5-Pi\u00e8ces-Coupe-pr\u00e9cision-eurl-hosna-kamel-alg\u00e9rie.jpg","datePublished":"2020-06-11T12:54:34+00:00","dateModified":"2021-12-19T08:33:58+00:00","description":"Lames de scie sauteuse bois 4,0 x 100mm T344DP (5 Pi\u00e8ces) Coupe pr\u00e9cision - EURL HOSNA KAMEL","breadcrumb":{"@id":"https:\/\/eurlhosnakamel.dz\/dz\/produit\/lames-de-scie-sauteuse-bois-40-x-100mm-t344dp-5-pieces-coupe-precision\/#breadcrumb"},"inLanguage":"fr-FR","potentialAction":[{"@type":"ReadAction","target":["https:\/\/eurlhosnakamel.dz\/dz\/produit\/lames-de-scie-sauteuse-bois-40-x-100mm-t344dp-5-pieces-coupe-precision\/"]}]},{"@type":"ImageObject","inLanguage":"fr-FR","@id":"https:\/\/eurlhosnakamel.dz\/dz\/produit\/lames-de-scie-sauteuse-bois-40-x-100mm-t344dp-5-pieces-coupe-precision\/#primaryimage","url":"https:\/\/eurlhosnakamel.dz\/dz\/wp-content\/uploads\/2020\/06\/Lames-de-scie-sauteuse-bois-40-x-100mm-T344DP-5-Pi\u00e8ces-Coupe-pr\u00e9cision-eurl-hosna-kamel-alg\u00e9rie.jpg","contentUrl":"https:\/\/eurlhosnakamel.dz\/dz\/wp-content\/uploads\/2020\/06\/Lames-de-scie-sauteuse-bois-40-x-100mm-T344DP-5-Pi\u00e8ces-Coupe-pr\u00e9cision-eurl-hosna-kamel-alg\u00e9rie.jpg","width":512,"height":512},{"@type":"BreadcrumbList","@id":"https:\/\/eurlhosnakamel.dz\/dz\/produit\/lames-de-scie-sauteuse-bois-40-x-100mm-t344dp-5-pieces-coupe-precision\/#breadcrumb","itemListElement":[{"@type":"ListItem","position":1,"name":"Accueil","item":"https:\/\/eurlhosnakamel.dz\/dz\/"},{"@type":"ListItem","position":2,"name":"Shop","item":"https:\/\/eurlhosnakamel.dz\/dz\/shop\/"},{"@type":"ListItem","position":3,"name":"Lames de scie sauteuse bois 4,0 x 100mm T344DP (5 Pi\u00e8ces) Coupe pr\u00e9cision"}]},{"@type":"WebSite","@id":"https:\/\/eurlhosnakamel.dz\/dz\/#website","url":"https:\/\/eurlhosnakamel.dz\/dz\/","name":"EURL HOSNA KAMEL","description":"Fournisseur Premium d&#039;Outillages Professionnels en Alg\u00e9rie -","publisher":{"@id":"https:\/\/eurlhosnakamel.dz\/dz\/#organization"},"potentialAction":[{"@type":"SearchAction","target":{"@type":"EntryPoint","urlTemplate":"https:\/\/eurlhosnakamel.dz\/dz\/?s={search_term_string}"},"query-input":"required name=search_term_string"}],"inLanguage":"fr-FR"},{"@type":"Organization","@id":"https:\/\/eurlhosnakamel.dz\/dz\/#organization","name":"EURL HOSNA KAMEL - Bosch alg\u00e9rie","url":"https:\/\/eurlhosnakamel.dz\/dz\/","logo":{"@type":"ImageObject","inLanguage":"fr-FR","@id":"https:\/\/eurlhosnakamel.dz\/dz\/#\/schema\/logo\/image\/","url":"https:\/\/eurlhosnakamel.dz\/wp-content\/uploads\/2020\/04\/LOGO-HOSNA1.png","contentUrl":"https:\/\/eurlhosnakamel.dz\/wp-content\/uploads\/2020\/04\/LOGO-HOSNA1.png","width":120,"height":127,"caption":"EURL HOSNA KAMEL - Bosch alg\u00e9rie"},"image":{"@id":"https:\/\/eurlhosnakamel.dz\/dz\/#\/schema\/logo\/image\/"},"sameAs":["https:\/\/www.facebook.com\/Eurl.Hosna.DZ\/"]}]}},"_links":{"self":[{"href":"https:\/\/eurlhosnakamel.dz\/dz\/wp-json\/wp\/v2\/product\/10826","targetHints":{"allow":["GET"]}}],"collection":[{"href":"https:\/\/eurlhosnakamel.dz\/dz\/wp-json\/wp\/v2\/product"}],"about":[{"href":"https:\/\/eurlhosnakamel.dz\/dz\/wp-json\/wp\/v2\/types\/product"}],"wp:featuredmedia":[{"embeddable":true,"href":"https:\/\/eurlhosnakamel.dz\/dz\/wp-json\/wp\/v2\/media\/10827"}],"wp:attachment":[{"href":"https:\/\/eurlhosnakamel.dz\/dz\/wp-json\/wp\/v2\/media?parent=10826"}],"wp:term":[{"taxonomy":"product_cat","embeddable":true,"href":"https:\/\/eurlhosnakamel.dz\/dz\/wp-json\/wp\/v2\/product_cat?post=10826"},{"taxonomy":"product_tag","embeddable":true,"href":"https:\/\/eurlhosnakamel.dz\/dz\/wp-json\/wp\/v2\/product_tag?post=10826"}],"curies":[{"name":"wp","href":"https:\/\/api.w.org\/{rel}","templated":true}]}}