{"id":10831,"date":"2020-06-11T13:14:15","date_gmt":"2020-06-11T13:14:15","guid":{"rendered":"https:\/\/eurlhosnakamel.dz\/?post_type=product&#038;p=10831"},"modified":"2021-12-19T08:33:36","modified_gmt":"2021-12-19T08:33:36","slug":"lames-de-scie-sauteuse-aluminium-30-x-100mm-t127d-5-pieces-coupe-rapide","status":"publish","type":"product","link":"https:\/\/eurlhosnakamel.dz\/dz\/produit\/lames-de-scie-sauteuse-aluminium-30-x-100mm-t127d-5-pieces-coupe-rapide\/","title":{"rendered":"Lames de scie sauteuse aluminium 3,0 x 100mm T127D (5 Pi\u00e8ces) Coupe rapide"},"content":{"rendered":"<h2 class=\"headline hl1\" style=\"text-align: justify\">Points forts des produits<\/h2>\n<div class=\"row\">\n<div class=\"col-md-6 xs-mb-30 lg-mb-0\" style=\"text-align: justify\">\n<h3 class=\"headline hl4\">Lames de scie sauteuse T 127 D Special for Alu<\/h3>\n<p>Lame de scie sauteuse\u00a0T\u00a0127\u00a0D\u00a0Special\u00a0for\u00a0Alu permettant la r\u00e9alisation de coupes rectilignes et rapides dans le m\u00e9tal<\/p>\n<ul>\n<li>G\u00e9om\u00e9trie de denture lat\u00e9rale frais\u00e9e avec de grands creux ovales con\u00e7ue pour des d\u00e9coupes rapides<\/li>\n<li>Lame en acier tremp\u00e9 \u00e0 coupe rapide de haute qualit\u00e9 pour la coupe de l\u2019aluminium et des m\u00e9taux non ferreux<\/li>\n<li>Denture \u00e0 pas moyen (3,0\u00a0mm) pour la d\u00e9coupe de t\u00f4les (3 \u00e0 15\u00a0mm), de tubes et profil\u00e9s en aluminium (30\u00a0mm de dia.)<\/li>\n<\/ul>\n<div class=\"m-product_hightlights__description\">\n<h3 class=\"headline hl4\">Descriptions des produits<\/h3>\n<div>\n<p>La lame de scie sauteuse T 127 D Special for Alu permet la r\u00e9alisation de coupes rectilignes et rapides dans le m\u00e9tal. La g\u00e9om\u00e9trie de sa denture lat\u00e9rale frais\u00e9e avec de grands creux ovales est con\u00e7ue pour des coupures rapides. La lame en acier tremp\u00e9 \u00e0 coupe rapide de haute qualit\u00e9 convient pour la coupe de l\u2019aluminium et des m\u00e9taux non ferreux. Elle pr\u00e9sente une denture \u00e0 pas moyen (3,0 mm) et permet la d\u00e9coupe de t\u00f4les en aluminium d\u2019une \u00e9paisseur de 3 \u00e0 15 mm, et de tubes et profil\u00e9s en aluminium, jusqu\u2019\u00e0 30 mm de diam\u00e8tre. Pour scies sauteuses avec syst\u00e8mes de fixation en T.<\/p>\n<\/div>\n<\/div>\n<\/div>\n<div class=\"col-md-6\">\n<h3 class=\"headline hl4\" style=\"text-align: justify\">Fonctions<\/h3>\n<div class=\"image-row\">\n<div class=\"image-col\" style=\"text-align: justify\"><img decoding=\"async\" class=\"img-responsive  lazyloaded\" title=\"\" src=\"https:\/\/www.bosch-professional.com\/binary\/ocsmedia\/optimized\/100x100\/o10839v82_pss4158.png\" alt=\"\" data-srcset=\"\n            https:\/\/www.bosch-professional.com\/binary\/ocsmedia\/optimized\/100x100\/o10839v82_pss4158.png 100w,\n            https:\/\/www.bosch-professional.com\/binary\/ocsmedia\/optimized\/200x200\/o10839v82_pss4158.png 200w\n          \" \/> \u00a0<img decoding=\"async\" class=\"img-responsive  ls-is-cached lazyloaded\" title=\"\" src=\"https:\/\/www.bosch-professional.com\/binary\/ocsmedia\/optimized\/100x100\/o10852v82_pss4171_a.png\" alt=\"\" data-srcset=\"\n            https:\/\/www.bosch-professional.com\/binary\/ocsmedia\/optimized\/100x100\/o10852v82_pss4171_a.png 100w,\n            https:\/\/www.bosch-professional.com\/binary\/ocsmedia\/optimized\/200x200\/o10852v82_pss4171_a.png 200w\n          \" \/> \u00a0<img decoding=\"async\" class=\"img-responsive  ls-is-cached lazyloaded\" title=\"\" src=\"https:\/\/www.bosch-professional.com\/binary\/ocsmedia\/optimized\/100x100\/o42190v82_fast_cut.png\" alt=\"\" data-srcset=\"\n            https:\/\/www.bosch-professional.com\/binary\/ocsmedia\/optimized\/100x100\/o42190v82_fast_cut.png 100w,\n            https:\/\/www.bosch-professional.com\/binary\/ocsmedia\/optimized\/200x200\/o42190v82_fast_cut.png 200w\n          \" \/><\/div>\n<\/div>\n<\/div>\n<\/div>\n","protected":false},"excerpt":{"rendered":"<h4>Lames de scie sauteuse T 127 D<\/h4>\n<table class=\"m-datatable m-datatable--light\">\n<thead>\n<tr>\n<th class=\"no-sort\" data-priority=\"1\">D\u00e9tails<\/th>\n<th class=\"no-sort\" data-priority=\"1\"><\/th>\n<\/tr>\n<\/thead>\n<tbody>\n<tr class=\"\">\n<td>Longueur totale [mm]<\/td>\n<td>100<\/td>\n<\/tr>\n<tr class=\"\">\n<td>Pas [mm]<\/td>\n<td>3,0<\/td>\n<\/tr>\n<\/tbody>\n<\/table>\n","protected":false},"featured_media":10832,"template":"","meta":[],"product_cat":[1277,405],"product_tag":[2809],"class_list":{"0":"post-10831","1":"product","2":"type-product","3":"status-publish","4":"has-post-thumbnail","6":"product_cat-accessoires-bosch","7":"product_cat-outillage","8":"product_tag-lames-de-scie-sauteuse-aluminium-3-0-x-100mm-t127d-5-pieces-coupe-rapide","9":"product_brand-bosch-outillage","11":"first","12":"instock","13":"shipping-taxable","14":"product-type-simple","15":"col-xs-6 col-sm-4","16":"col-md-3 col-lg-3","17":"un-4-cols"},"yoast_head":"<!-- This site is optimized with the Yoast SEO plugin v22.5 - https:\/\/yoast.com\/wordpress\/plugins\/seo\/ -->\n<title>Lames de scie sauteuse aluminium 3,0 x 100mm T127D (5 Pi\u00e8ces) Coupe rapide - EURL HOSNA KAMEL<\/title>\n<meta name=\"description\" content=\"Lames de scie sauteuse aluminium 3,0 x 100mm T127D (5 Pi\u00e8ces) Coupe rapide - EURL HOSNA KAMEL\" \/>\n<meta name=\"robots\" content=\"index, follow, max-snippet:-1, max-image-preview:large, max-video-preview:-1\" \/>\n<link rel=\"canonical\" href=\"https:\/\/eurlhosnakamel.dz\/dz\/produit\/lames-de-scie-sauteuse-aluminium-30-x-100mm-t127d-5-pieces-coupe-rapide\/\" \/>\n<meta property=\"og:locale\" content=\"fr_FR\" \/>\n<meta property=\"og:type\" content=\"article\" \/>\n<meta property=\"og:title\" content=\"Lames de scie sauteuse aluminium 3,0 x 100mm T127D (5 Pi\u00e8ces) Coupe rapide - EURL HOSNA KAMEL\" \/>\n<meta property=\"og:description\" content=\"Lames de scie sauteuse aluminium 3,0 x 100mm T127D (5 Pi\u00e8ces) Coupe rapide - EURL HOSNA KAMEL\" \/>\n<meta property=\"og:url\" content=\"https:\/\/eurlhosnakamel.dz\/dz\/produit\/lames-de-scie-sauteuse-aluminium-30-x-100mm-t127d-5-pieces-coupe-rapide\/\" \/>\n<meta property=\"og:site_name\" content=\"EURL HOSNA KAMEL\" \/>\n<meta property=\"article:publisher\" content=\"https:\/\/www.facebook.com\/Eurl.Hosna.DZ\/\" \/>\n<meta property=\"article:modified_time\" content=\"2021-12-19T08:33:36+00:00\" \/>\n<meta property=\"og:image\" content=\"https:\/\/eurlhosnakamel.dz\/dz\/wp-content\/uploads\/2020\/06\/Lames-de-scie-sauteuse-aluminium-30-x-100mm-T127D-5-Pi\u00e8ces-Coupe-rapide-eurl-hosna-kamel-alg\u00e9rie.jpg\" \/>\n\t<meta property=\"og:image:width\" content=\"512\" \/>\n\t<meta property=\"og:image:height\" content=\"512\" \/>\n\t<meta property=\"og:image:type\" content=\"image\/jpeg\" \/>\n<meta name=\"twitter:card\" content=\"summary_large_image\" \/>\n<meta name=\"twitter:label1\" content=\"Dur\u00e9e de lecture estim\u00e9e\" \/>\n\t<meta name=\"twitter:data1\" content=\"1 minute\" \/>\n<script type=\"application\/ld+json\" class=\"yoast-schema-graph\">{\"@context\":\"https:\/\/schema.org\",\"@graph\":[{\"@type\":\"WebPage\",\"@id\":\"https:\/\/eurlhosnakamel.dz\/dz\/produit\/lames-de-scie-sauteuse-aluminium-30-x-100mm-t127d-5-pieces-coupe-rapide\/\",\"url\":\"https:\/\/eurlhosnakamel.dz\/dz\/produit\/lames-de-scie-sauteuse-aluminium-30-x-100mm-t127d-5-pieces-coupe-rapide\/\",\"name\":\"Lames de scie sauteuse aluminium 3,0 x 100mm T127D (5 Pi\u00e8ces) Coupe rapide - EURL HOSNA KAMEL\",\"isPartOf\":{\"@id\":\"https:\/\/eurlhosnakamel.dz\/dz\/#website\"},\"primaryImageOfPage\":{\"@id\":\"https:\/\/eurlhosnakamel.dz\/dz\/produit\/lames-de-scie-sauteuse-aluminium-30-x-100mm-t127d-5-pieces-coupe-rapide\/#primaryimage\"},\"image\":{\"@id\":\"https:\/\/eurlhosnakamel.dz\/dz\/produit\/lames-de-scie-sauteuse-aluminium-30-x-100mm-t127d-5-pieces-coupe-rapide\/#primaryimage\"},\"thumbnailUrl\":\"https:\/\/eurlhosnakamel.dz\/dz\/wp-content\/uploads\/2020\/06\/Lames-de-scie-sauteuse-aluminium-30-x-100mm-T127D-5-Pi\u00e8ces-Coupe-rapide-eurl-hosna-kamel-alg\u00e9rie.jpg\",\"datePublished\":\"2020-06-11T13:14:15+00:00\",\"dateModified\":\"2021-12-19T08:33:36+00:00\",\"description\":\"Lames de scie sauteuse aluminium 3,0 x 100mm T127D (5 Pi\u00e8ces) Coupe rapide - EURL HOSNA KAMEL\",\"breadcrumb\":{\"@id\":\"https:\/\/eurlhosnakamel.dz\/dz\/produit\/lames-de-scie-sauteuse-aluminium-30-x-100mm-t127d-5-pieces-coupe-rapide\/#breadcrumb\"},\"inLanguage\":\"fr-FR\",\"potentialAction\":[{\"@type\":\"ReadAction\",\"target\":[\"https:\/\/eurlhosnakamel.dz\/dz\/produit\/lames-de-scie-sauteuse-aluminium-30-x-100mm-t127d-5-pieces-coupe-rapide\/\"]}]},{\"@type\":\"ImageObject\",\"inLanguage\":\"fr-FR\",\"@id\":\"https:\/\/eurlhosnakamel.dz\/dz\/produit\/lames-de-scie-sauteuse-aluminium-30-x-100mm-t127d-5-pieces-coupe-rapide\/#primaryimage\",\"url\":\"https:\/\/eurlhosnakamel.dz\/dz\/wp-content\/uploads\/2020\/06\/Lames-de-scie-sauteuse-aluminium-30-x-100mm-T127D-5-Pi\u00e8ces-Coupe-rapide-eurl-hosna-kamel-alg\u00e9rie.jpg\",\"contentUrl\":\"https:\/\/eurlhosnakamel.dz\/dz\/wp-content\/uploads\/2020\/06\/Lames-de-scie-sauteuse-aluminium-30-x-100mm-T127D-5-Pi\u00e8ces-Coupe-rapide-eurl-hosna-kamel-alg\u00e9rie.jpg\",\"width\":512,\"height\":512},{\"@type\":\"BreadcrumbList\",\"@id\":\"https:\/\/eurlhosnakamel.dz\/dz\/produit\/lames-de-scie-sauteuse-aluminium-30-x-100mm-t127d-5-pieces-coupe-rapide\/#breadcrumb\",\"itemListElement\":[{\"@type\":\"ListItem\",\"position\":1,\"name\":\"Accueil\",\"item\":\"https:\/\/eurlhosnakamel.dz\/dz\/\"},{\"@type\":\"ListItem\",\"position\":2,\"name\":\"Shop\",\"item\":\"https:\/\/eurlhosnakamel.dz\/dz\/shop\/\"},{\"@type\":\"ListItem\",\"position\":3,\"name\":\"Lames de scie sauteuse aluminium 3,0 x 100mm T127D (5 Pi\u00e8ces) Coupe rapide\"}]},{\"@type\":\"WebSite\",\"@id\":\"https:\/\/eurlhosnakamel.dz\/dz\/#website\",\"url\":\"https:\/\/eurlhosnakamel.dz\/dz\/\",\"name\":\"EURL HOSNA KAMEL\",\"description\":\"Fournisseur Premium d&#039;Outillages Professionnels en Alg\u00e9rie -\",\"publisher\":{\"@id\":\"https:\/\/eurlhosnakamel.dz\/dz\/#organization\"},\"potentialAction\":[{\"@type\":\"SearchAction\",\"target\":{\"@type\":\"EntryPoint\",\"urlTemplate\":\"https:\/\/eurlhosnakamel.dz\/dz\/?s={search_term_string}\"},\"query-input\":\"required name=search_term_string\"}],\"inLanguage\":\"fr-FR\"},{\"@type\":\"Organization\",\"@id\":\"https:\/\/eurlhosnakamel.dz\/dz\/#organization\",\"name\":\"EURL HOSNA KAMEL - Bosch alg\u00e9rie\",\"url\":\"https:\/\/eurlhosnakamel.dz\/dz\/\",\"logo\":{\"@type\":\"ImageObject\",\"inLanguage\":\"fr-FR\",\"@id\":\"https:\/\/eurlhosnakamel.dz\/dz\/#\/schema\/logo\/image\/\",\"url\":\"https:\/\/eurlhosnakamel.dz\/wp-content\/uploads\/2020\/04\/LOGO-HOSNA1.png\",\"contentUrl\":\"https:\/\/eurlhosnakamel.dz\/wp-content\/uploads\/2020\/04\/LOGO-HOSNA1.png\",\"width\":120,\"height\":127,\"caption\":\"EURL HOSNA KAMEL - Bosch alg\u00e9rie\"},\"image\":{\"@id\":\"https:\/\/eurlhosnakamel.dz\/dz\/#\/schema\/logo\/image\/\"},\"sameAs\":[\"https:\/\/www.facebook.com\/Eurl.Hosna.DZ\/\"]}]}<\/script>\n<!-- \/ Yoast SEO plugin. -->","yoast_head_json":{"title":"Lames de scie sauteuse aluminium 3,0 x 100mm T127D (5 Pi\u00e8ces) Coupe rapide - EURL HOSNA KAMEL","description":"Lames de scie sauteuse aluminium 3,0 x 100mm T127D (5 Pi\u00e8ces) Coupe rapide - EURL HOSNA KAMEL","robots":{"index":"index","follow":"follow","max-snippet":"max-snippet:-1","max-image-preview":"max-image-preview:large","max-video-preview":"max-video-preview:-1"},"canonical":"https:\/\/eurlhosnakamel.dz\/dz\/produit\/lames-de-scie-sauteuse-aluminium-30-x-100mm-t127d-5-pieces-coupe-rapide\/","og_locale":"fr_FR","og_type":"article","og_title":"Lames de scie sauteuse aluminium 3,0 x 100mm T127D (5 Pi\u00e8ces) Coupe rapide - EURL HOSNA KAMEL","og_description":"Lames de scie sauteuse aluminium 3,0 x 100mm T127D (5 Pi\u00e8ces) Coupe rapide - EURL HOSNA KAMEL","og_url":"https:\/\/eurlhosnakamel.dz\/dz\/produit\/lames-de-scie-sauteuse-aluminium-30-x-100mm-t127d-5-pieces-coupe-rapide\/","og_site_name":"EURL HOSNA KAMEL","article_publisher":"https:\/\/www.facebook.com\/Eurl.Hosna.DZ\/","article_modified_time":"2021-12-19T08:33:36+00:00","og_image":[{"width":512,"height":512,"url":"https:\/\/eurlhosnakamel.dz\/dz\/wp-content\/uploads\/2020\/06\/Lames-de-scie-sauteuse-aluminium-30-x-100mm-T127D-5-Pi\u00e8ces-Coupe-rapide-eurl-hosna-kamel-alg\u00e9rie.jpg","type":"image\/jpeg"}],"twitter_card":"summary_large_image","twitter_misc":{"Dur\u00e9e de lecture estim\u00e9e":"1 minute"},"schema":{"@context":"https:\/\/schema.org","@graph":[{"@type":"WebPage","@id":"https:\/\/eurlhosnakamel.dz\/dz\/produit\/lames-de-scie-sauteuse-aluminium-30-x-100mm-t127d-5-pieces-coupe-rapide\/","url":"https:\/\/eurlhosnakamel.dz\/dz\/produit\/lames-de-scie-sauteuse-aluminium-30-x-100mm-t127d-5-pieces-coupe-rapide\/","name":"Lames de scie sauteuse aluminium 3,0 x 100mm T127D (5 Pi\u00e8ces) Coupe rapide - EURL HOSNA KAMEL","isPartOf":{"@id":"https:\/\/eurlhosnakamel.dz\/dz\/#website"},"primaryImageOfPage":{"@id":"https:\/\/eurlhosnakamel.dz\/dz\/produit\/lames-de-scie-sauteuse-aluminium-30-x-100mm-t127d-5-pieces-coupe-rapide\/#primaryimage"},"image":{"@id":"https:\/\/eurlhosnakamel.dz\/dz\/produit\/lames-de-scie-sauteuse-aluminium-30-x-100mm-t127d-5-pieces-coupe-rapide\/#primaryimage"},"thumbnailUrl":"https:\/\/eurlhosnakamel.dz\/dz\/wp-content\/uploads\/2020\/06\/Lames-de-scie-sauteuse-aluminium-30-x-100mm-T127D-5-Pi\u00e8ces-Coupe-rapide-eurl-hosna-kamel-alg\u00e9rie.jpg","datePublished":"2020-06-11T13:14:15+00:00","dateModified":"2021-12-19T08:33:36+00:00","description":"Lames de scie sauteuse aluminium 3,0 x 100mm T127D (5 Pi\u00e8ces) Coupe rapide - EURL HOSNA KAMEL","breadcrumb":{"@id":"https:\/\/eurlhosnakamel.dz\/dz\/produit\/lames-de-scie-sauteuse-aluminium-30-x-100mm-t127d-5-pieces-coupe-rapide\/#breadcrumb"},"inLanguage":"fr-FR","potentialAction":[{"@type":"ReadAction","target":["https:\/\/eurlhosnakamel.dz\/dz\/produit\/lames-de-scie-sauteuse-aluminium-30-x-100mm-t127d-5-pieces-coupe-rapide\/"]}]},{"@type":"ImageObject","inLanguage":"fr-FR","@id":"https:\/\/eurlhosnakamel.dz\/dz\/produit\/lames-de-scie-sauteuse-aluminium-30-x-100mm-t127d-5-pieces-coupe-rapide\/#primaryimage","url":"https:\/\/eurlhosnakamel.dz\/dz\/wp-content\/uploads\/2020\/06\/Lames-de-scie-sauteuse-aluminium-30-x-100mm-T127D-5-Pi\u00e8ces-Coupe-rapide-eurl-hosna-kamel-alg\u00e9rie.jpg","contentUrl":"https:\/\/eurlhosnakamel.dz\/dz\/wp-content\/uploads\/2020\/06\/Lames-de-scie-sauteuse-aluminium-30-x-100mm-T127D-5-Pi\u00e8ces-Coupe-rapide-eurl-hosna-kamel-alg\u00e9rie.jpg","width":512,"height":512},{"@type":"BreadcrumbList","@id":"https:\/\/eurlhosnakamel.dz\/dz\/produit\/lames-de-scie-sauteuse-aluminium-30-x-100mm-t127d-5-pieces-coupe-rapide\/#breadcrumb","itemListElement":[{"@type":"ListItem","position":1,"name":"Accueil","item":"https:\/\/eurlhosnakamel.dz\/dz\/"},{"@type":"ListItem","position":2,"name":"Shop","item":"https:\/\/eurlhosnakamel.dz\/dz\/shop\/"},{"@type":"ListItem","position":3,"name":"Lames de scie sauteuse aluminium 3,0 x 100mm T127D (5 Pi\u00e8ces) Coupe rapide"}]},{"@type":"WebSite","@id":"https:\/\/eurlhosnakamel.dz\/dz\/#website","url":"https:\/\/eurlhosnakamel.dz\/dz\/","name":"EURL HOSNA KAMEL","description":"Fournisseur Premium d&#039;Outillages Professionnels en Alg\u00e9rie -","publisher":{"@id":"https:\/\/eurlhosnakamel.dz\/dz\/#organization"},"potentialAction":[{"@type":"SearchAction","target":{"@type":"EntryPoint","urlTemplate":"https:\/\/eurlhosnakamel.dz\/dz\/?s={search_term_string}"},"query-input":"required name=search_term_string"}],"inLanguage":"fr-FR"},{"@type":"Organization","@id":"https:\/\/eurlhosnakamel.dz\/dz\/#organization","name":"EURL HOSNA KAMEL - Bosch alg\u00e9rie","url":"https:\/\/eurlhosnakamel.dz\/dz\/","logo":{"@type":"ImageObject","inLanguage":"fr-FR","@id":"https:\/\/eurlhosnakamel.dz\/dz\/#\/schema\/logo\/image\/","url":"https:\/\/eurlhosnakamel.dz\/wp-content\/uploads\/2020\/04\/LOGO-HOSNA1.png","contentUrl":"https:\/\/eurlhosnakamel.dz\/wp-content\/uploads\/2020\/04\/LOGO-HOSNA1.png","width":120,"height":127,"caption":"EURL HOSNA KAMEL - Bosch alg\u00e9rie"},"image":{"@id":"https:\/\/eurlhosnakamel.dz\/dz\/#\/schema\/logo\/image\/"},"sameAs":["https:\/\/www.facebook.com\/Eurl.Hosna.DZ\/"]}]}},"_links":{"self":[{"href":"https:\/\/eurlhosnakamel.dz\/dz\/wp-json\/wp\/v2\/product\/10831","targetHints":{"allow":["GET"]}}],"collection":[{"href":"https:\/\/eurlhosnakamel.dz\/dz\/wp-json\/wp\/v2\/product"}],"about":[{"href":"https:\/\/eurlhosnakamel.dz\/dz\/wp-json\/wp\/v2\/types\/product"}],"wp:featuredmedia":[{"embeddable":true,"href":"https:\/\/eurlhosnakamel.dz\/dz\/wp-json\/wp\/v2\/media\/10832"}],"wp:attachment":[{"href":"https:\/\/eurlhosnakamel.dz\/dz\/wp-json\/wp\/v2\/media?parent=10831"}],"wp:term":[{"taxonomy":"product_cat","embeddable":true,"href":"https:\/\/eurlhosnakamel.dz\/dz\/wp-json\/wp\/v2\/product_cat?post=10831"},{"taxonomy":"product_tag","embeddable":true,"href":"https:\/\/eurlhosnakamel.dz\/dz\/wp-json\/wp\/v2\/product_tag?post=10831"}],"curies":[{"name":"wp","href":"https:\/\/api.w.org\/{rel}","templated":true}]}}