{"id":10848,"date":"2020-06-11T14:00:47","date_gmt":"2020-06-11T14:00:47","guid":{"rendered":"https:\/\/eurlhosnakamel.dz\/?post_type=product&#038;p=10848"},"modified":"2021-12-19T08:32:43","modified_gmt":"2021-12-19T08:32:43","slug":"lame-pour-scie-circulaire-pour-laluminium-ecoline-254-x-30-x-254-x-30-22-mm-80-dents","status":"publish","type":"product","link":"https:\/\/eurlhosnakamel.dz\/dz\/produit\/lame-pour-scie-circulaire-pour-laluminium-ecoline-254-x-30-x-254-x-30-22-mm-80-dents\/","title":{"rendered":"Lame pour scie circulaire pour l&#8217;aluminium EcoLine  254 x 30 x 25,4 x 3,0\/2,2 mm 80 dents"},"content":{"rendered":"<h2 class=\"headline hl1\" style=\"text-align: justify\">Points forts des produits<\/h2>\n<div class=\"row\">\n<div class=\"col-md-6 xs-mb-30 lg-mb-0\" style=\"text-align: justify\">\n<h3 class=\"headline hl4\">Lames de scies circulaires Eco for<\/h3>\n<p>La lame de scie circulaire Eco for Aluminium est le meilleur choix pour des coupes fiables dans l&#8217;aluminium<\/p>\n<ul>\n<li>La denture ac\u00e9r\u00e9e garantit une coupe fluide et sans effort<\/li>\n<li>Cette denture de choix est garante d&#8217;une longue dur\u00e9e de vie<\/li>\n<li>Processus de production soigneusement contr\u00f4l\u00e9 pour satisfaire aux normes de qualit\u00e9\u00a0Bosch<\/li>\n<\/ul>\n<div class=\"m-product_hightlights__description\">\n<h3 class=\"headline hl4\">Descriptions des produits<\/h3>\n<div>\n<p>La lame de scie circulaire Eco for Aluminium est le meilleur choix pour r\u00e9aliser des coupes fiables dans l&#8217;aluminium. La denture ac\u00e9r\u00e9e garantit une coupe fluide et sans effort. De plus, cette denture de choix est garante d&#8217;une longue dur\u00e9e de vie. Le processus de production soigneusement contr\u00f4l\u00e9 permet \u00e0 cette lame de scie circulaire de satisfaire aux normes de qualit\u00e9\u00a0Bosch. Cette lame coupe l&#8217;aluminium, le plastique, les m\u00e9taux non ferreux et les panneaux agglom\u00e9r\u00e9s bruts aux dimensions souhait\u00e9es. Compatible avec les scies portatives et semi-stationnaires<br \/>\n.<\/p>\n<\/div>\n<\/div>\n<\/div>\n<div class=\"col-md-6\">\n<h3 class=\"headline hl4\" style=\"text-align: justify\">Fonctions<\/h3>\n<div class=\"image-row\">\n<div class=\"image-col\" style=\"text-align: justify\"><img decoding=\"async\" class=\"img-responsive lazyloaded\" title=\"\" src=\"https:\/\/www.bosch-professional.com\/binary\/ocsmedia\/optimized\/100x100\/o97810v82_pks4688.png\" alt=\"\" data-srcset=\" https:\/\/www.bosch-professional.com\/binary\/ocsmedia\/optimized\/100x100\/o97810v82_pks4688.png 100w, https:\/\/www.bosch-professional.com\/binary\/ocsmedia\/optimized\/200x200\/o97810v82_pks4688.png 200w \" \/> \u00a0<img decoding=\"async\" class=\"img-responsive lazyloaded\" title=\"\" src=\"https:\/\/www.bosch-professional.com\/binary\/ocsmedia\/optimized\/100x100\/o75581v82_pks4671.png\" alt=\"\" data-srcset=\" https:\/\/www.bosch-professional.com\/binary\/ocsmedia\/optimized\/100x100\/o75581v82_pks4671.png 100w, https:\/\/www.bosch-professional.com\/binary\/ocsmedia\/optimized\/200x200\/o75581v82_pks4671.png 200w \" \/> \u00a0<img decoding=\"async\" class=\"img-responsive lazyloaded\" title=\"\" src=\"https:\/\/www.bosch-professional.com\/binary\/ocsmedia\/optimized\/100x100\/o75579v82_pks4669.png\" alt=\"\" data-srcset=\" https:\/\/www.bosch-professional.com\/binary\/ocsmedia\/optimized\/100x100\/o75579v82_pks4669.png 100w, https:\/\/www.bosch-professional.com\/binary\/ocsmedia\/optimized\/200x200\/o75579v82_pks4669.png 200w \" \/><\/div>\n<\/div>\n<\/div>\n<\/div>\n","protected":false},"excerpt":{"rendered":"<h4>Lame de scie circulaire Eco for Aluminium<\/h4>\n<table class=\"m-datatable m-datatable--light\">\n<thead>\n<tr>\n<th class=\"no-sort\" data-priority=\"1\">D\u00e9tails<\/th>\n<th class=\"no-sort\" data-priority=\"1\"><\/th>\n<\/tr>\n<\/thead>\n<tbody>\n<tr class=\"\">\n<td>Diam\u00e8tre ext\u00e9rieur mm<\/td>\n<td>254<\/td>\n<\/tr>\n<tr class=\"\">\n<td>\u00d8 d\u2019al\u00e9sage mm<\/td>\n<td>30<\/td>\n<\/tr>\n<tr class=\"\">\n<td>Avec bague de r\u00e9duction mm<\/td>\n<td>25.4<\/td>\n<\/tr>\n<tr class=\"\">\n<td>Largeur de coupe (b1) mm \/ \u00e9paisseur du corps de lame (b2) mm<\/td>\n<td>3.0\/2.2<\/td>\n<\/tr>\n<tr class=\"\">\n<td>Nombre de dents<\/td>\n<td>80<\/td>\n<\/tr>\n<tr class=\"\">\n<td>Forme des dents<\/td>\n<td>HLTCG<\/td>\n<\/tr>\n<tr class=\"\">\n<td>Vitesse de rotation maxi (tr\/min)<\/td>\n<td>6000<\/td>\n<\/tr>\n<tr class=\"\">\n<td>R\u00e9sultat de coupe<\/td>\n<td>Coupe pr\u00e9cise<\/td>\n<\/tr>\n<tr class=\"\">\n<td>Angle d\u2019attaque \u00b0 w1<\/td>\n<td>7<\/td>\n<\/tr>\n<tr class=\"\">\n<td>Angle de d\u00e9pouille \u00b0 w2<\/td>\n<td>13<\/td>\n<\/tr>\n<\/tbody>\n<\/table>\n","protected":false},"featured_media":10849,"template":"","meta":[],"product_cat":[1277,405],"product_tag":[2867],"class_list":{"0":"post-10848","1":"product","2":"type-product","3":"status-publish","4":"has-post-thumbnail","6":"product_cat-accessoires-bosch","7":"product_cat-outillage","8":"product_tag-lame-pour-scie-circulaire-pour-laluminium-ecoline-254-x-30-x-25-4-x-3-0-2-2-mm-80-dents","9":"product_brand-a3-safe","10":"product_brand-bosch-outillage","12":"first","13":"instock","14":"shipping-taxable","15":"product-type-simple","16":"col-xs-6 col-sm-4","17":"col-md-3 col-lg-3","18":"un-4-cols"},"yoast_head":"<!-- This site is optimized with the Yoast SEO plugin v22.5 - https:\/\/yoast.com\/wordpress\/plugins\/seo\/ -->\n<title>Lame pour scie circulaire pour l&#039;aluminium EcoLine 254 x 30 x 25,4 x 3,0\/2,2 mm 80 dents - EURL HOSNA KAMEL<\/title>\n<meta name=\"description\" content=\"Lame pour scie circulaire pour l&#039;aluminium EcoLine 254 x 30 x 25,4 x 3,0\/2,2 mm 80 dents - EURL HOSNA KAMEL\" \/>\n<meta name=\"robots\" content=\"index, follow, max-snippet:-1, max-image-preview:large, max-video-preview:-1\" \/>\n<link rel=\"canonical\" href=\"https:\/\/eurlhosnakamel.dz\/dz\/produit\/lame-pour-scie-circulaire-pour-laluminium-ecoline-254-x-30-x-254-x-30-22-mm-80-dents\/\" \/>\n<meta property=\"og:locale\" content=\"fr_FR\" \/>\n<meta property=\"og:type\" content=\"article\" \/>\n<meta property=\"og:title\" content=\"Lame pour scie circulaire pour l&#039;aluminium EcoLine 254 x 30 x 25,4 x 3,0\/2,2 mm 80 dents - EURL HOSNA KAMEL\" \/>\n<meta property=\"og:description\" content=\"Lame pour scie circulaire pour l&#039;aluminium EcoLine 254 x 30 x 25,4 x 3,0\/2,2 mm 80 dents - EURL HOSNA KAMEL\" \/>\n<meta property=\"og:url\" content=\"https:\/\/eurlhosnakamel.dz\/dz\/produit\/lame-pour-scie-circulaire-pour-laluminium-ecoline-254-x-30-x-254-x-30-22-mm-80-dents\/\" \/>\n<meta property=\"og:site_name\" content=\"EURL HOSNA KAMEL\" \/>\n<meta property=\"article:publisher\" content=\"https:\/\/www.facebook.com\/Eurl.Hosna.DZ\/\" \/>\n<meta property=\"article:modified_time\" content=\"2021-12-19T08:32:43+00:00\" \/>\n<meta property=\"og:image\" content=\"https:\/\/eurlhosnakamel.dz\/dz\/wp-content\/uploads\/2020\/06\/Lame-pour-scie-circulaire-pour-laluminium-EcoLine-254-x-30-x-254-x-3022-mm-80-dents-eurl-hosna-kamel-alg\u00e9rie.jpg\" \/>\n\t<meta property=\"og:image:width\" content=\"512\" \/>\n\t<meta property=\"og:image:height\" content=\"512\" \/>\n\t<meta property=\"og:image:type\" content=\"image\/jpeg\" \/>\n<meta name=\"twitter:card\" content=\"summary_large_image\" \/>\n<meta name=\"twitter:label1\" content=\"Dur\u00e9e de lecture estim\u00e9e\" \/>\n\t<meta name=\"twitter:data1\" content=\"1 minute\" \/>\n<script type=\"application\/ld+json\" class=\"yoast-schema-graph\">{\"@context\":\"https:\/\/schema.org\",\"@graph\":[{\"@type\":\"WebPage\",\"@id\":\"https:\/\/eurlhosnakamel.dz\/dz\/produit\/lame-pour-scie-circulaire-pour-laluminium-ecoline-254-x-30-x-254-x-30-22-mm-80-dents\/\",\"url\":\"https:\/\/eurlhosnakamel.dz\/dz\/produit\/lame-pour-scie-circulaire-pour-laluminium-ecoline-254-x-30-x-254-x-30-22-mm-80-dents\/\",\"name\":\"Lame pour scie circulaire pour l'aluminium EcoLine 254 x 30 x 25,4 x 3,0\/2,2 mm 80 dents - EURL HOSNA KAMEL\",\"isPartOf\":{\"@id\":\"https:\/\/eurlhosnakamel.dz\/dz\/#website\"},\"primaryImageOfPage\":{\"@id\":\"https:\/\/eurlhosnakamel.dz\/dz\/produit\/lame-pour-scie-circulaire-pour-laluminium-ecoline-254-x-30-x-254-x-30-22-mm-80-dents\/#primaryimage\"},\"image\":{\"@id\":\"https:\/\/eurlhosnakamel.dz\/dz\/produit\/lame-pour-scie-circulaire-pour-laluminium-ecoline-254-x-30-x-254-x-30-22-mm-80-dents\/#primaryimage\"},\"thumbnailUrl\":\"https:\/\/eurlhosnakamel.dz\/dz\/wp-content\/uploads\/2020\/06\/Lame-pour-scie-circulaire-pour-laluminium-EcoLine-254-x-30-x-254-x-3022-mm-80-dents-eurl-hosna-kamel-alg\u00e9rie.jpg\",\"datePublished\":\"2020-06-11T14:00:47+00:00\",\"dateModified\":\"2021-12-19T08:32:43+00:00\",\"description\":\"Lame pour scie circulaire pour l'aluminium EcoLine 254 x 30 x 25,4 x 3,0\/2,2 mm 80 dents - EURL HOSNA KAMEL\",\"breadcrumb\":{\"@id\":\"https:\/\/eurlhosnakamel.dz\/dz\/produit\/lame-pour-scie-circulaire-pour-laluminium-ecoline-254-x-30-x-254-x-30-22-mm-80-dents\/#breadcrumb\"},\"inLanguage\":\"fr-FR\",\"potentialAction\":[{\"@type\":\"ReadAction\",\"target\":[\"https:\/\/eurlhosnakamel.dz\/dz\/produit\/lame-pour-scie-circulaire-pour-laluminium-ecoline-254-x-30-x-254-x-30-22-mm-80-dents\/\"]}]},{\"@type\":\"ImageObject\",\"inLanguage\":\"fr-FR\",\"@id\":\"https:\/\/eurlhosnakamel.dz\/dz\/produit\/lame-pour-scie-circulaire-pour-laluminium-ecoline-254-x-30-x-254-x-30-22-mm-80-dents\/#primaryimage\",\"url\":\"https:\/\/eurlhosnakamel.dz\/dz\/wp-content\/uploads\/2020\/06\/Lame-pour-scie-circulaire-pour-laluminium-EcoLine-254-x-30-x-254-x-3022-mm-80-dents-eurl-hosna-kamel-alg\u00e9rie.jpg\",\"contentUrl\":\"https:\/\/eurlhosnakamel.dz\/dz\/wp-content\/uploads\/2020\/06\/Lame-pour-scie-circulaire-pour-laluminium-EcoLine-254-x-30-x-254-x-3022-mm-80-dents-eurl-hosna-kamel-alg\u00e9rie.jpg\",\"width\":512,\"height\":512},{\"@type\":\"BreadcrumbList\",\"@id\":\"https:\/\/eurlhosnakamel.dz\/dz\/produit\/lame-pour-scie-circulaire-pour-laluminium-ecoline-254-x-30-x-254-x-30-22-mm-80-dents\/#breadcrumb\",\"itemListElement\":[{\"@type\":\"ListItem\",\"position\":1,\"name\":\"Accueil\",\"item\":\"https:\/\/eurlhosnakamel.dz\/dz\/\"},{\"@type\":\"ListItem\",\"position\":2,\"name\":\"Shop\",\"item\":\"https:\/\/eurlhosnakamel.dz\/dz\/shop\/\"},{\"@type\":\"ListItem\",\"position\":3,\"name\":\"Lame pour scie circulaire pour l&#8217;aluminium EcoLine 254 x 30 x 25,4 x 3,0\/2,2 mm 80 dents\"}]},{\"@type\":\"WebSite\",\"@id\":\"https:\/\/eurlhosnakamel.dz\/dz\/#website\",\"url\":\"https:\/\/eurlhosnakamel.dz\/dz\/\",\"name\":\"EURL HOSNA KAMEL\",\"description\":\"Fournisseur Premium d&#039;Outillages Professionnels en Alg\u00e9rie -\",\"publisher\":{\"@id\":\"https:\/\/eurlhosnakamel.dz\/dz\/#organization\"},\"potentialAction\":[{\"@type\":\"SearchAction\",\"target\":{\"@type\":\"EntryPoint\",\"urlTemplate\":\"https:\/\/eurlhosnakamel.dz\/dz\/?s={search_term_string}\"},\"query-input\":\"required name=search_term_string\"}],\"inLanguage\":\"fr-FR\"},{\"@type\":\"Organization\",\"@id\":\"https:\/\/eurlhosnakamel.dz\/dz\/#organization\",\"name\":\"EURL HOSNA KAMEL - Bosch alg\u00e9rie\",\"url\":\"https:\/\/eurlhosnakamel.dz\/dz\/\",\"logo\":{\"@type\":\"ImageObject\",\"inLanguage\":\"fr-FR\",\"@id\":\"https:\/\/eurlhosnakamel.dz\/dz\/#\/schema\/logo\/image\/\",\"url\":\"https:\/\/eurlhosnakamel.dz\/wp-content\/uploads\/2020\/04\/LOGO-HOSNA1.png\",\"contentUrl\":\"https:\/\/eurlhosnakamel.dz\/wp-content\/uploads\/2020\/04\/LOGO-HOSNA1.png\",\"width\":120,\"height\":127,\"caption\":\"EURL HOSNA KAMEL - Bosch alg\u00e9rie\"},\"image\":{\"@id\":\"https:\/\/eurlhosnakamel.dz\/dz\/#\/schema\/logo\/image\/\"},\"sameAs\":[\"https:\/\/www.facebook.com\/Eurl.Hosna.DZ\/\"]}]}<\/script>\n<!-- \/ Yoast SEO plugin. -->","yoast_head_json":{"title":"Lame pour scie circulaire pour l'aluminium EcoLine 254 x 30 x 25,4 x 3,0\/2,2 mm 80 dents - EURL HOSNA KAMEL","description":"Lame pour scie circulaire pour l'aluminium EcoLine 254 x 30 x 25,4 x 3,0\/2,2 mm 80 dents - EURL HOSNA KAMEL","robots":{"index":"index","follow":"follow","max-snippet":"max-snippet:-1","max-image-preview":"max-image-preview:large","max-video-preview":"max-video-preview:-1"},"canonical":"https:\/\/eurlhosnakamel.dz\/dz\/produit\/lame-pour-scie-circulaire-pour-laluminium-ecoline-254-x-30-x-254-x-30-22-mm-80-dents\/","og_locale":"fr_FR","og_type":"article","og_title":"Lame pour scie circulaire pour l'aluminium EcoLine 254 x 30 x 25,4 x 3,0\/2,2 mm 80 dents - EURL HOSNA KAMEL","og_description":"Lame pour scie circulaire pour l'aluminium EcoLine 254 x 30 x 25,4 x 3,0\/2,2 mm 80 dents - EURL HOSNA KAMEL","og_url":"https:\/\/eurlhosnakamel.dz\/dz\/produit\/lame-pour-scie-circulaire-pour-laluminium-ecoline-254-x-30-x-254-x-30-22-mm-80-dents\/","og_site_name":"EURL HOSNA KAMEL","article_publisher":"https:\/\/www.facebook.com\/Eurl.Hosna.DZ\/","article_modified_time":"2021-12-19T08:32:43+00:00","og_image":[{"width":512,"height":512,"url":"https:\/\/eurlhosnakamel.dz\/dz\/wp-content\/uploads\/2020\/06\/Lame-pour-scie-circulaire-pour-laluminium-EcoLine-254-x-30-x-254-x-3022-mm-80-dents-eurl-hosna-kamel-alg\u00e9rie.jpg","type":"image\/jpeg"}],"twitter_card":"summary_large_image","twitter_misc":{"Dur\u00e9e de lecture estim\u00e9e":"1 minute"},"schema":{"@context":"https:\/\/schema.org","@graph":[{"@type":"WebPage","@id":"https:\/\/eurlhosnakamel.dz\/dz\/produit\/lame-pour-scie-circulaire-pour-laluminium-ecoline-254-x-30-x-254-x-30-22-mm-80-dents\/","url":"https:\/\/eurlhosnakamel.dz\/dz\/produit\/lame-pour-scie-circulaire-pour-laluminium-ecoline-254-x-30-x-254-x-30-22-mm-80-dents\/","name":"Lame pour scie circulaire pour l'aluminium EcoLine 254 x 30 x 25,4 x 3,0\/2,2 mm 80 dents - EURL HOSNA KAMEL","isPartOf":{"@id":"https:\/\/eurlhosnakamel.dz\/dz\/#website"},"primaryImageOfPage":{"@id":"https:\/\/eurlhosnakamel.dz\/dz\/produit\/lame-pour-scie-circulaire-pour-laluminium-ecoline-254-x-30-x-254-x-30-22-mm-80-dents\/#primaryimage"},"image":{"@id":"https:\/\/eurlhosnakamel.dz\/dz\/produit\/lame-pour-scie-circulaire-pour-laluminium-ecoline-254-x-30-x-254-x-30-22-mm-80-dents\/#primaryimage"},"thumbnailUrl":"https:\/\/eurlhosnakamel.dz\/dz\/wp-content\/uploads\/2020\/06\/Lame-pour-scie-circulaire-pour-laluminium-EcoLine-254-x-30-x-254-x-3022-mm-80-dents-eurl-hosna-kamel-alg\u00e9rie.jpg","datePublished":"2020-06-11T14:00:47+00:00","dateModified":"2021-12-19T08:32:43+00:00","description":"Lame pour scie circulaire pour l'aluminium EcoLine 254 x 30 x 25,4 x 3,0\/2,2 mm 80 dents - EURL HOSNA KAMEL","breadcrumb":{"@id":"https:\/\/eurlhosnakamel.dz\/dz\/produit\/lame-pour-scie-circulaire-pour-laluminium-ecoline-254-x-30-x-254-x-30-22-mm-80-dents\/#breadcrumb"},"inLanguage":"fr-FR","potentialAction":[{"@type":"ReadAction","target":["https:\/\/eurlhosnakamel.dz\/dz\/produit\/lame-pour-scie-circulaire-pour-laluminium-ecoline-254-x-30-x-254-x-30-22-mm-80-dents\/"]}]},{"@type":"ImageObject","inLanguage":"fr-FR","@id":"https:\/\/eurlhosnakamel.dz\/dz\/produit\/lame-pour-scie-circulaire-pour-laluminium-ecoline-254-x-30-x-254-x-30-22-mm-80-dents\/#primaryimage","url":"https:\/\/eurlhosnakamel.dz\/dz\/wp-content\/uploads\/2020\/06\/Lame-pour-scie-circulaire-pour-laluminium-EcoLine-254-x-30-x-254-x-3022-mm-80-dents-eurl-hosna-kamel-alg\u00e9rie.jpg","contentUrl":"https:\/\/eurlhosnakamel.dz\/dz\/wp-content\/uploads\/2020\/06\/Lame-pour-scie-circulaire-pour-laluminium-EcoLine-254-x-30-x-254-x-3022-mm-80-dents-eurl-hosna-kamel-alg\u00e9rie.jpg","width":512,"height":512},{"@type":"BreadcrumbList","@id":"https:\/\/eurlhosnakamel.dz\/dz\/produit\/lame-pour-scie-circulaire-pour-laluminium-ecoline-254-x-30-x-254-x-30-22-mm-80-dents\/#breadcrumb","itemListElement":[{"@type":"ListItem","position":1,"name":"Accueil","item":"https:\/\/eurlhosnakamel.dz\/dz\/"},{"@type":"ListItem","position":2,"name":"Shop","item":"https:\/\/eurlhosnakamel.dz\/dz\/shop\/"},{"@type":"ListItem","position":3,"name":"Lame pour scie circulaire pour l&#8217;aluminium EcoLine 254 x 30 x 25,4 x 3,0\/2,2 mm 80 dents"}]},{"@type":"WebSite","@id":"https:\/\/eurlhosnakamel.dz\/dz\/#website","url":"https:\/\/eurlhosnakamel.dz\/dz\/","name":"EURL HOSNA KAMEL","description":"Fournisseur Premium d&#039;Outillages Professionnels en Alg\u00e9rie -","publisher":{"@id":"https:\/\/eurlhosnakamel.dz\/dz\/#organization"},"potentialAction":[{"@type":"SearchAction","target":{"@type":"EntryPoint","urlTemplate":"https:\/\/eurlhosnakamel.dz\/dz\/?s={search_term_string}"},"query-input":"required name=search_term_string"}],"inLanguage":"fr-FR"},{"@type":"Organization","@id":"https:\/\/eurlhosnakamel.dz\/dz\/#organization","name":"EURL HOSNA KAMEL - Bosch alg\u00e9rie","url":"https:\/\/eurlhosnakamel.dz\/dz\/","logo":{"@type":"ImageObject","inLanguage":"fr-FR","@id":"https:\/\/eurlhosnakamel.dz\/dz\/#\/schema\/logo\/image\/","url":"https:\/\/eurlhosnakamel.dz\/wp-content\/uploads\/2020\/04\/LOGO-HOSNA1.png","contentUrl":"https:\/\/eurlhosnakamel.dz\/wp-content\/uploads\/2020\/04\/LOGO-HOSNA1.png","width":120,"height":127,"caption":"EURL HOSNA KAMEL - Bosch alg\u00e9rie"},"image":{"@id":"https:\/\/eurlhosnakamel.dz\/dz\/#\/schema\/logo\/image\/"},"sameAs":["https:\/\/www.facebook.com\/Eurl.Hosna.DZ\/"]}]}},"_links":{"self":[{"href":"https:\/\/eurlhosnakamel.dz\/dz\/wp-json\/wp\/v2\/product\/10848","targetHints":{"allow":["GET"]}}],"collection":[{"href":"https:\/\/eurlhosnakamel.dz\/dz\/wp-json\/wp\/v2\/product"}],"about":[{"href":"https:\/\/eurlhosnakamel.dz\/dz\/wp-json\/wp\/v2\/types\/product"}],"wp:featuredmedia":[{"embeddable":true,"href":"https:\/\/eurlhosnakamel.dz\/dz\/wp-json\/wp\/v2\/media\/10849"}],"wp:attachment":[{"href":"https:\/\/eurlhosnakamel.dz\/dz\/wp-json\/wp\/v2\/media?parent=10848"}],"wp:term":[{"taxonomy":"product_cat","embeddable":true,"href":"https:\/\/eurlhosnakamel.dz\/dz\/wp-json\/wp\/v2\/product_cat?post=10848"},{"taxonomy":"product_tag","embeddable":true,"href":"https:\/\/eurlhosnakamel.dz\/dz\/wp-json\/wp\/v2\/product_tag?post=10848"}],"curies":[{"name":"wp","href":"https:\/\/api.w.org\/{rel}","templated":true}]}}