{"id":10896,"date":"2020-06-15T13:42:48","date_gmt":"2020-06-15T13:42:48","guid":{"rendered":"https:\/\/eurlhosnakamel.dz\/?post_type=product&#038;p=10896"},"modified":"2021-12-19T08:31:51","modified_gmt":"2021-12-19T08:31:51","slug":"embout-de-vissage-ph2-25mm-extra-dur-25-pieces","status":"publish","type":"product","link":"https:\/\/eurlhosnakamel.dz\/dz\/produit\/embout-de-vissage-ph2-25mm-extra-dur-25-pieces\/","title":{"rendered":"Embout de vissage PH2 25mm Extra dur (25 Pi\u00e8ces)"},"content":{"rendered":"<h2 class=\"headline hl1\" style=\"text-align: justify\">Points forts des produits<\/h2>\n<div class=\"row\">\n<div class=\"col-md-6 xs-mb-30 lg-mb-0\" style=\"text-align: justify\">\n<h3 class=\"headline hl4\">Embouts de vissage qualit\u00e9 extra-dure<\/h3>\n<p>L\u2019embout de vissage qualit\u00e9 extra-dure convient \u00e0 une utilisation universelle<\/p>\n<ul>\n<li>Acier modifi\u00e9 S2\/processus de traitement thermique optimis\u00e9 pour une qualit\u00e9 extra-dure pour d\u2019excellentes performances<\/li>\n<li>La zone de torsion conique am\u00e9liore l\u2019absorption des pics de couple, ce qui permet d\u2019ex\u00e9cuter tout type de t\u00e2che<\/li>\n<\/ul>\n<div class=\"m-product_hightlights__description\">\n<h3 class=\"headline hl4\">Descriptions des produits<\/h3>\n<div>\n<p>L\u2019embout de vissage extra-dur convient \u00e0 une utilisation universelle. L\u2019acier modifi\u00e9 S2 et un processus de traitement thermique optimis\u00e9 conf\u00e8rent \u00e0 l\u2019embout une qualit\u00e9 extra-dure pour d\u2019excellentes performances quelle que soit la t\u00e2che. La zone de torsion conique de l\u2019embout absorbe la force et les vibrations du vissage, ce qui am\u00e9liore l\u2019absorption des pics de couple et permet d\u2019ex\u00e9cuter tout type de t\u00e2che. L\u2019embout est dot\u00e9 d\u2019une queue hexagonale 1\/4&#8243; pour un vissage universel avec les visseuses et perceuses-visseuses.<\/p>\n<\/div>\n<\/div>\n<\/div>\n<div class=\"col-md-6\">\n<h3 class=\"headline hl4\" style=\"text-align: justify\">Fonctions<\/h3>\n<div class=\"image-row\">\n<div class=\"image-col\" style=\"text-align: justify\"><img decoding=\"async\" class=\"img-responsive  lazyloaded\" title=\"\" src=\"https:\/\/www.bosch-professional.com\/binary\/ocsmedia\/optimized\/100x100\/o227055v82_8678.png\" alt=\"\" data-srcset=\"\n            https:\/\/www.bosch-professional.com\/binary\/ocsmedia\/optimized\/100x100\/o227055v82_8678.png 100w,\n            https:\/\/www.bosch-professional.com\/binary\/ocsmedia\/optimized\/200x200\/o227055v82_8678.png 200w\n          \" \/><\/div>\n<\/div>\n<\/div>\n<\/div>\n","protected":false},"excerpt":{"rendered":"<h4>Embout de vissage qualit\u00e9 extra-dure<\/h4>\n<table class=\"m-datatable m-datatable--light\">\n<thead>\n<tr>\n<th class=\"no-sort\" data-priority=\"1\">D\u00e9tails<\/th>\n<th class=\"no-sort\" data-priority=\"1\"><\/th>\n<\/tr>\n<\/thead>\n<tbody>\n<tr class=\"\">\n<td>Epaisseur<\/td>\n<td>PH2<\/td>\n<\/tr>\n<tr class=\"\">\n<td>Longueur mm<\/td>\n<td>25<\/td>\n<\/tr>\n<\/tbody>\n<\/table>\n","protected":false},"featured_media":10898,"template":"","meta":[],"product_cat":[1277,405],"product_tag":[3027],"class_list":{"0":"post-10896","1":"product","2":"type-product","3":"status-publish","4":"has-post-thumbnail","6":"product_cat-accessoires-bosch","7":"product_cat-outillage","8":"product_tag-embout-de-vissage-ph2-25mm-extra-dur-25-pieces","9":"product_brand-bosch-outillage","11":"first","12":"instock","13":"shipping-taxable","14":"product-type-simple","15":"col-xs-6 col-sm-4","16":"col-md-3 col-lg-3","17":"un-4-cols"},"yoast_head":"<!-- This site is optimized with the Yoast SEO plugin v22.5 - https:\/\/yoast.com\/wordpress\/plugins\/seo\/ -->\n<title>Embout de vissage PH2 25mm Extra dur (25 Pi\u00e8ces) - EURL HOSNA KAMEL<\/title>\n<meta name=\"description\" content=\"Embout de vissage PH2 25mm Extra dur (25 Pi\u00e8ces) - EURL HOSNA KAMEL\" \/>\n<meta name=\"robots\" content=\"index, follow, max-snippet:-1, max-image-preview:large, max-video-preview:-1\" \/>\n<link rel=\"canonical\" href=\"https:\/\/eurlhosnakamel.dz\/dz\/produit\/embout-de-vissage-ph2-25mm-extra-dur-25-pieces\/\" \/>\n<meta property=\"og:locale\" content=\"fr_FR\" \/>\n<meta property=\"og:type\" content=\"article\" \/>\n<meta property=\"og:title\" content=\"Embout de vissage PH2 25mm Extra dur (25 Pi\u00e8ces) - EURL HOSNA KAMEL\" \/>\n<meta property=\"og:description\" content=\"Embout de vissage PH2 25mm Extra dur (25 Pi\u00e8ces) - EURL HOSNA KAMEL\" \/>\n<meta property=\"og:url\" content=\"https:\/\/eurlhosnakamel.dz\/dz\/produit\/embout-de-vissage-ph2-25mm-extra-dur-25-pieces\/\" \/>\n<meta property=\"og:site_name\" content=\"EURL HOSNA KAMEL\" \/>\n<meta property=\"article:publisher\" content=\"https:\/\/www.facebook.com\/Eurl.Hosna.DZ\/\" \/>\n<meta property=\"article:modified_time\" content=\"2021-12-19T08:31:51+00:00\" \/>\n<meta property=\"og:image\" content=\"https:\/\/eurlhosnakamel.dz\/dz\/wp-content\/uploads\/2020\/06\/Embout-de-vissage-PH2-25mm-Extra-dur-25-Pi\u00e8ces-eurl-hosna-kamel-alg\u00e9rie2.jpg\" \/>\n\t<meta property=\"og:image:width\" content=\"512\" \/>\n\t<meta property=\"og:image:height\" content=\"512\" \/>\n\t<meta property=\"og:image:type\" content=\"image\/jpeg\" \/>\n<meta name=\"twitter:card\" content=\"summary_large_image\" \/>\n<meta name=\"twitter:label1\" content=\"Dur\u00e9e de lecture estim\u00e9e\" \/>\n\t<meta name=\"twitter:data1\" content=\"1 minute\" \/>\n<script type=\"application\/ld+json\" class=\"yoast-schema-graph\">{\"@context\":\"https:\/\/schema.org\",\"@graph\":[{\"@type\":\"WebPage\",\"@id\":\"https:\/\/eurlhosnakamel.dz\/dz\/produit\/embout-de-vissage-ph2-25mm-extra-dur-25-pieces\/\",\"url\":\"https:\/\/eurlhosnakamel.dz\/dz\/produit\/embout-de-vissage-ph2-25mm-extra-dur-25-pieces\/\",\"name\":\"Embout de vissage PH2 25mm Extra dur (25 Pi\u00e8ces) - EURL HOSNA KAMEL\",\"isPartOf\":{\"@id\":\"https:\/\/eurlhosnakamel.dz\/dz\/#website\"},\"primaryImageOfPage\":{\"@id\":\"https:\/\/eurlhosnakamel.dz\/dz\/produit\/embout-de-vissage-ph2-25mm-extra-dur-25-pieces\/#primaryimage\"},\"image\":{\"@id\":\"https:\/\/eurlhosnakamel.dz\/dz\/produit\/embout-de-vissage-ph2-25mm-extra-dur-25-pieces\/#primaryimage\"},\"thumbnailUrl\":\"https:\/\/eurlhosnakamel.dz\/dz\/wp-content\/uploads\/2020\/06\/Embout-de-vissage-PH2-25mm-Extra-dur-25-Pi\u00e8ces-eurl-hosna-kamel-alg\u00e9rie2.jpg\",\"datePublished\":\"2020-06-15T13:42:48+00:00\",\"dateModified\":\"2021-12-19T08:31:51+00:00\",\"description\":\"Embout de vissage PH2 25mm Extra dur (25 Pi\u00e8ces) - EURL HOSNA KAMEL\",\"breadcrumb\":{\"@id\":\"https:\/\/eurlhosnakamel.dz\/dz\/produit\/embout-de-vissage-ph2-25mm-extra-dur-25-pieces\/#breadcrumb\"},\"inLanguage\":\"fr-FR\",\"potentialAction\":[{\"@type\":\"ReadAction\",\"target\":[\"https:\/\/eurlhosnakamel.dz\/dz\/produit\/embout-de-vissage-ph2-25mm-extra-dur-25-pieces\/\"]}]},{\"@type\":\"ImageObject\",\"inLanguage\":\"fr-FR\",\"@id\":\"https:\/\/eurlhosnakamel.dz\/dz\/produit\/embout-de-vissage-ph2-25mm-extra-dur-25-pieces\/#primaryimage\",\"url\":\"https:\/\/eurlhosnakamel.dz\/dz\/wp-content\/uploads\/2020\/06\/Embout-de-vissage-PH2-25mm-Extra-dur-25-Pi\u00e8ces-eurl-hosna-kamel-alg\u00e9rie2.jpg\",\"contentUrl\":\"https:\/\/eurlhosnakamel.dz\/dz\/wp-content\/uploads\/2020\/06\/Embout-de-vissage-PH2-25mm-Extra-dur-25-Pi\u00e8ces-eurl-hosna-kamel-alg\u00e9rie2.jpg\",\"width\":512,\"height\":512},{\"@type\":\"BreadcrumbList\",\"@id\":\"https:\/\/eurlhosnakamel.dz\/dz\/produit\/embout-de-vissage-ph2-25mm-extra-dur-25-pieces\/#breadcrumb\",\"itemListElement\":[{\"@type\":\"ListItem\",\"position\":1,\"name\":\"Accueil\",\"item\":\"https:\/\/eurlhosnakamel.dz\/dz\/\"},{\"@type\":\"ListItem\",\"position\":2,\"name\":\"Shop\",\"item\":\"https:\/\/eurlhosnakamel.dz\/dz\/shop\/\"},{\"@type\":\"ListItem\",\"position\":3,\"name\":\"Embout de vissage PH2 25mm Extra dur (25 Pi\u00e8ces)\"}]},{\"@type\":\"WebSite\",\"@id\":\"https:\/\/eurlhosnakamel.dz\/dz\/#website\",\"url\":\"https:\/\/eurlhosnakamel.dz\/dz\/\",\"name\":\"EURL HOSNA KAMEL\",\"description\":\"Fournisseur Premium d&#039;Outillages Professionnels en Alg\u00e9rie -\",\"publisher\":{\"@id\":\"https:\/\/eurlhosnakamel.dz\/dz\/#organization\"},\"potentialAction\":[{\"@type\":\"SearchAction\",\"target\":{\"@type\":\"EntryPoint\",\"urlTemplate\":\"https:\/\/eurlhosnakamel.dz\/dz\/?s={search_term_string}\"},\"query-input\":\"required name=search_term_string\"}],\"inLanguage\":\"fr-FR\"},{\"@type\":\"Organization\",\"@id\":\"https:\/\/eurlhosnakamel.dz\/dz\/#organization\",\"name\":\"EURL HOSNA KAMEL - Bosch alg\u00e9rie\",\"url\":\"https:\/\/eurlhosnakamel.dz\/dz\/\",\"logo\":{\"@type\":\"ImageObject\",\"inLanguage\":\"fr-FR\",\"@id\":\"https:\/\/eurlhosnakamel.dz\/dz\/#\/schema\/logo\/image\/\",\"url\":\"https:\/\/eurlhosnakamel.dz\/wp-content\/uploads\/2020\/04\/LOGO-HOSNA1.png\",\"contentUrl\":\"https:\/\/eurlhosnakamel.dz\/wp-content\/uploads\/2020\/04\/LOGO-HOSNA1.png\",\"width\":120,\"height\":127,\"caption\":\"EURL HOSNA KAMEL - Bosch alg\u00e9rie\"},\"image\":{\"@id\":\"https:\/\/eurlhosnakamel.dz\/dz\/#\/schema\/logo\/image\/\"},\"sameAs\":[\"https:\/\/www.facebook.com\/Eurl.Hosna.DZ\/\"]}]}<\/script>\n<!-- \/ Yoast SEO plugin. -->","yoast_head_json":{"title":"Embout de vissage PH2 25mm Extra dur (25 Pi\u00e8ces) - EURL HOSNA KAMEL","description":"Embout de vissage PH2 25mm Extra dur (25 Pi\u00e8ces) - EURL HOSNA KAMEL","robots":{"index":"index","follow":"follow","max-snippet":"max-snippet:-1","max-image-preview":"max-image-preview:large","max-video-preview":"max-video-preview:-1"},"canonical":"https:\/\/eurlhosnakamel.dz\/dz\/produit\/embout-de-vissage-ph2-25mm-extra-dur-25-pieces\/","og_locale":"fr_FR","og_type":"article","og_title":"Embout de vissage PH2 25mm Extra dur (25 Pi\u00e8ces) - EURL HOSNA KAMEL","og_description":"Embout de vissage PH2 25mm Extra dur (25 Pi\u00e8ces) - EURL HOSNA KAMEL","og_url":"https:\/\/eurlhosnakamel.dz\/dz\/produit\/embout-de-vissage-ph2-25mm-extra-dur-25-pieces\/","og_site_name":"EURL HOSNA KAMEL","article_publisher":"https:\/\/www.facebook.com\/Eurl.Hosna.DZ\/","article_modified_time":"2021-12-19T08:31:51+00:00","og_image":[{"width":512,"height":512,"url":"https:\/\/eurlhosnakamel.dz\/dz\/wp-content\/uploads\/2020\/06\/Embout-de-vissage-PH2-25mm-Extra-dur-25-Pi\u00e8ces-eurl-hosna-kamel-alg\u00e9rie2.jpg","type":"image\/jpeg"}],"twitter_card":"summary_large_image","twitter_misc":{"Dur\u00e9e de lecture estim\u00e9e":"1 minute"},"schema":{"@context":"https:\/\/schema.org","@graph":[{"@type":"WebPage","@id":"https:\/\/eurlhosnakamel.dz\/dz\/produit\/embout-de-vissage-ph2-25mm-extra-dur-25-pieces\/","url":"https:\/\/eurlhosnakamel.dz\/dz\/produit\/embout-de-vissage-ph2-25mm-extra-dur-25-pieces\/","name":"Embout de vissage PH2 25mm Extra dur (25 Pi\u00e8ces) - EURL HOSNA KAMEL","isPartOf":{"@id":"https:\/\/eurlhosnakamel.dz\/dz\/#website"},"primaryImageOfPage":{"@id":"https:\/\/eurlhosnakamel.dz\/dz\/produit\/embout-de-vissage-ph2-25mm-extra-dur-25-pieces\/#primaryimage"},"image":{"@id":"https:\/\/eurlhosnakamel.dz\/dz\/produit\/embout-de-vissage-ph2-25mm-extra-dur-25-pieces\/#primaryimage"},"thumbnailUrl":"https:\/\/eurlhosnakamel.dz\/dz\/wp-content\/uploads\/2020\/06\/Embout-de-vissage-PH2-25mm-Extra-dur-25-Pi\u00e8ces-eurl-hosna-kamel-alg\u00e9rie2.jpg","datePublished":"2020-06-15T13:42:48+00:00","dateModified":"2021-12-19T08:31:51+00:00","description":"Embout de vissage PH2 25mm Extra dur (25 Pi\u00e8ces) - EURL HOSNA KAMEL","breadcrumb":{"@id":"https:\/\/eurlhosnakamel.dz\/dz\/produit\/embout-de-vissage-ph2-25mm-extra-dur-25-pieces\/#breadcrumb"},"inLanguage":"fr-FR","potentialAction":[{"@type":"ReadAction","target":["https:\/\/eurlhosnakamel.dz\/dz\/produit\/embout-de-vissage-ph2-25mm-extra-dur-25-pieces\/"]}]},{"@type":"ImageObject","inLanguage":"fr-FR","@id":"https:\/\/eurlhosnakamel.dz\/dz\/produit\/embout-de-vissage-ph2-25mm-extra-dur-25-pieces\/#primaryimage","url":"https:\/\/eurlhosnakamel.dz\/dz\/wp-content\/uploads\/2020\/06\/Embout-de-vissage-PH2-25mm-Extra-dur-25-Pi\u00e8ces-eurl-hosna-kamel-alg\u00e9rie2.jpg","contentUrl":"https:\/\/eurlhosnakamel.dz\/dz\/wp-content\/uploads\/2020\/06\/Embout-de-vissage-PH2-25mm-Extra-dur-25-Pi\u00e8ces-eurl-hosna-kamel-alg\u00e9rie2.jpg","width":512,"height":512},{"@type":"BreadcrumbList","@id":"https:\/\/eurlhosnakamel.dz\/dz\/produit\/embout-de-vissage-ph2-25mm-extra-dur-25-pieces\/#breadcrumb","itemListElement":[{"@type":"ListItem","position":1,"name":"Accueil","item":"https:\/\/eurlhosnakamel.dz\/dz\/"},{"@type":"ListItem","position":2,"name":"Shop","item":"https:\/\/eurlhosnakamel.dz\/dz\/shop\/"},{"@type":"ListItem","position":3,"name":"Embout de vissage PH2 25mm Extra dur (25 Pi\u00e8ces)"}]},{"@type":"WebSite","@id":"https:\/\/eurlhosnakamel.dz\/dz\/#website","url":"https:\/\/eurlhosnakamel.dz\/dz\/","name":"EURL HOSNA KAMEL","description":"Fournisseur Premium d&#039;Outillages Professionnels en Alg\u00e9rie -","publisher":{"@id":"https:\/\/eurlhosnakamel.dz\/dz\/#organization"},"potentialAction":[{"@type":"SearchAction","target":{"@type":"EntryPoint","urlTemplate":"https:\/\/eurlhosnakamel.dz\/dz\/?s={search_term_string}"},"query-input":"required name=search_term_string"}],"inLanguage":"fr-FR"},{"@type":"Organization","@id":"https:\/\/eurlhosnakamel.dz\/dz\/#organization","name":"EURL HOSNA KAMEL - Bosch alg\u00e9rie","url":"https:\/\/eurlhosnakamel.dz\/dz\/","logo":{"@type":"ImageObject","inLanguage":"fr-FR","@id":"https:\/\/eurlhosnakamel.dz\/dz\/#\/schema\/logo\/image\/","url":"https:\/\/eurlhosnakamel.dz\/wp-content\/uploads\/2020\/04\/LOGO-HOSNA1.png","contentUrl":"https:\/\/eurlhosnakamel.dz\/wp-content\/uploads\/2020\/04\/LOGO-HOSNA1.png","width":120,"height":127,"caption":"EURL HOSNA KAMEL - Bosch alg\u00e9rie"},"image":{"@id":"https:\/\/eurlhosnakamel.dz\/dz\/#\/schema\/logo\/image\/"},"sameAs":["https:\/\/www.facebook.com\/Eurl.Hosna.DZ\/"]}]}},"_links":{"self":[{"href":"https:\/\/eurlhosnakamel.dz\/dz\/wp-json\/wp\/v2\/product\/10896","targetHints":{"allow":["GET"]}}],"collection":[{"href":"https:\/\/eurlhosnakamel.dz\/dz\/wp-json\/wp\/v2\/product"}],"about":[{"href":"https:\/\/eurlhosnakamel.dz\/dz\/wp-json\/wp\/v2\/types\/product"}],"wp:featuredmedia":[{"embeddable":true,"href":"https:\/\/eurlhosnakamel.dz\/dz\/wp-json\/wp\/v2\/media\/10898"}],"wp:attachment":[{"href":"https:\/\/eurlhosnakamel.dz\/dz\/wp-json\/wp\/v2\/media?parent=10896"}],"wp:term":[{"taxonomy":"product_cat","embeddable":true,"href":"https:\/\/eurlhosnakamel.dz\/dz\/wp-json\/wp\/v2\/product_cat?post=10896"},{"taxonomy":"product_tag","embeddable":true,"href":"https:\/\/eurlhosnakamel.dz\/dz\/wp-json\/wp\/v2\/product_tag?post=10896"}],"curies":[{"name":"wp","href":"https:\/\/api.w.org\/{rel}","templated":true}]}}