{"id":10916,"date":"2020-06-16T08:32:55","date_gmt":"2020-06-16T08:32:55","guid":{"rendered":"https:\/\/eurlhosnakamel.dz\/?post_type=product&#038;p=10916"},"modified":"2021-12-19T08:29:43","modified_gmt":"2021-12-19T08:29:43","slug":"set-pro-line-pour-beton-35-pieces","status":"publish","type":"product","link":"https:\/\/eurlhosnakamel.dz\/dz\/produit\/set-pro-line-pour-beton-35-pieces\/","title":{"rendered":"Set Pro-Line pour B\u00e9ton (35 Pi\u00e8ces)"},"content":{"rendered":"<h2 class=\"headline hl1\" style=\"text-align: justify;\">Points forts des produits<\/h2>\n<div class=\"row\">\n<div class=\"col-md-6 xs-mb-30 lg-mb-0\">\n<h3 class=\"headline hl4\" style=\"text-align: justify;\">Coffrets d\u2019embouts de vissage Extra Hard Concrete, 35 pi\u00e8ces<\/h3>\n<p style=\"text-align: justify;\">L\u2019embout de vissage qualit\u00e9 extra-dure convient \u00e0 une utilisation universelle<\/p>\n<ul style=\"text-align: justify;\">\n<li>Acier modifi\u00e9 S2\/processus de traitement thermique optimis\u00e9 pour une qualit\u00e9 extra-dure pour d\u2019excellentes performances<\/li>\n<li>Embouts de vissage en acier modifi\u00e9 S2 extra-dur. Zone de torsion conique am\u00e9liorant l\u2019absorption des pics de couple<\/li>\n<li>Un code couleur permet d\u2019identifier rapidement le type d\u2019embout de vissage appropri\u00e9.<\/li>\n<\/ul>\n<div class=\"m-product_hightlights__description\">\n<h3 class=\"headline hl4\" style=\"text-align: justify;\">Descriptions des produits<\/h3>\n<div style=\"text-align: justify;\">\n<p>Le set de forets et d\u2019embouts de vissage 35\u00a0pi\u00e8ces est universel. Set complet pour applications de per\u00e7age et de vissage courantes. L\u2019acier modifi\u00e9 S2 et un processus de traitement thermique optimis\u00e9 conf\u00e8rent aux embouts une qualit\u00e9 extra-dure pour d\u2019excellentes performances quelle que soit la t\u00e2che. Ils ont une zone de torsion conique qui absorbe la force et les vibrations lors du vissage, pour l\u2019absorption des pics de couple. Un code couleur permet d\u2019identifier rapidement le type d\u2019embout appropri\u00e9. Le set contient des forets CYL-3 pour des performances durables sur les mat\u00e9riaux abrasifs comme le b\u00e9ton et la pierre naturelle. Les embouts sont dot\u00e9s d\u2019une queue hexagonale externe 1\/4&#8243; pour les visseuses et perceuses-visseuses. Les forets ont une queue cylindrique pour une utilisation avec toutes les perceuses \u00e0 percussion filaires ou sans fil. L\u2019embout est dot\u00e9 d\u2019une queue hexagonale 1\/4&#8243; pour un vissage universel avec les visseuses et perceuses-visseuses.<\/p>\n<\/div>\n<div style=\"text-align: justify;\">\n<p>Le set de forets et d\u2019embouts de vissage 35\u00a0pi\u00e8ces est livr\u00e9 dans une bo\u00eete de rangement pratique et solide permettant une visualisation imm\u00e9diate du contenu, un transport facile et un rangement en toute s\u00e9curit\u00e9. Contenu du set\u00a0: PH1, PH2, PH3 PZ1, PZ2, PZ3 S 3\/4\/5\/6 HEX 3\/4\/5\/6 TH10, TH15, TH20 (2x), TH25, TH27, TH30, TH40 Douilles 8\/10\/13\u00a0mm CYL-3 3\/4\/5\/5,5\/6\/8\u00a0mm embout double-t\u00eate PH2\/PZ2 embout double-t\u00eate Th20\/Th25 Porte-embout universel magn\u00e9tique Porte-embout universel avec fonction de changement rapide<\/p>\n<\/div>\n<div>\n<p style=\"text-align: justify;\">Le set contient des embouts de diff\u00e9rentes longueurs et de diff\u00e9rents types pour diff\u00e9rents types de vis et de douilles pour les vis \u00e0 t\u00eate hexagonale. Un porte-embout universel magn\u00e9tique et un porte-embout universel avec fonction de changement rapide sont \u00e9galement fournis.<\/p>\n<\/div>\n<\/div>\n<\/div>\n<\/div>\n","protected":false},"excerpt":{"rendered":"<h4>Forets et embouts de vissage, jeu de 35 pi\u00e8ces<\/h4>\n<table class=\"m-datatable m-datatable--light\">\n<thead>\n<tr>\n<th class=\"no-sort\" data-priority=\"1\">D\u00e9tails<\/th>\n<th class=\"no-sort\" data-priority=\"1\"><\/th>\n<\/tr>\n<\/thead>\n<tbody>\n<tr class=\"\">\n<td>Contenu du set<\/td>\n<td>PH1, PH2, PH3 \/ PZ1, PZ2, PZ3 \/ S 3\/4\/5\/6 \/ HEX 3\/4\/5\/6 \/ TH10, TH15, TH20 (2x), TH25, TH27, TH30, TH40 \/ Jeu de douilles 8\/10\/13 mm \/ CYL-3 3,0\/4,0\/5,0\/5,5\/6,0\/8,0 mm \/ Lame double PH2\/PZ2 \/ Lame double Th20\/Th25<\/td>\n<\/tr>\n<tr class=\"\">\n<td>Longueur mm<\/td>\n<td>25 \/ 25 \/ 25 \/ 25 \/ 25 \/ 50 \/ 70; 75; 85; 85; 100 ;150 \/ 60 \/ 60<\/td>\n<\/tr>\n<\/tbody>\n<\/table>\n","protected":false},"featured_media":10917,"template":"","meta":[],"product_cat":[1277,405],"product_tag":[3045],"class_list":{"0":"post-10916","1":"product","2":"type-product","3":"status-publish","4":"has-post-thumbnail","6":"product_cat-accessoires-bosch","7":"product_cat-outillage","8":"product_tag-set-pro-line-pour-beton-35-pieces","9":"product_brand-bosch-outillage","11":"first","12":"instock","13":"shipping-taxable","14":"product-type-simple","15":"col-xs-6 col-sm-4","16":"col-md-3 col-lg-3","17":"un-4-cols"},"yoast_head":"<!-- This site is optimized with the Yoast SEO plugin v22.5 - https:\/\/yoast.com\/wordpress\/plugins\/seo\/ -->\n<title>Set Pro-Line pour B\u00e9ton (35 Pi\u00e8ces) - EURL HOSNA KAMEL<\/title>\n<meta name=\"description\" content=\"Set Pro-Line pour B\u00e9ton (35 Pi\u00e8ces) - EURL HOSNA KAMEL\" \/>\n<meta name=\"robots\" content=\"index, follow, max-snippet:-1, max-image-preview:large, max-video-preview:-1\" \/>\n<link rel=\"canonical\" href=\"https:\/\/eurlhosnakamel.dz\/dz\/produit\/set-pro-line-pour-beton-35-pieces\/\" \/>\n<meta property=\"og:locale\" content=\"fr_FR\" \/>\n<meta property=\"og:type\" content=\"article\" \/>\n<meta property=\"og:title\" content=\"Set Pro-Line pour B\u00e9ton (35 Pi\u00e8ces) - EURL HOSNA KAMEL\" \/>\n<meta property=\"og:description\" content=\"Set Pro-Line pour B\u00e9ton (35 Pi\u00e8ces) - EURL HOSNA KAMEL\" \/>\n<meta property=\"og:url\" content=\"https:\/\/eurlhosnakamel.dz\/dz\/produit\/set-pro-line-pour-beton-35-pieces\/\" \/>\n<meta property=\"og:site_name\" content=\"EURL HOSNA KAMEL\" \/>\n<meta property=\"article:publisher\" content=\"https:\/\/www.facebook.com\/Eurl.Hosna.DZ\/\" \/>\n<meta property=\"article:modified_time\" content=\"2021-12-19T08:29:43+00:00\" \/>\n<meta property=\"og:image\" content=\"https:\/\/eurlhosnakamel.dz\/dz\/wp-content\/uploads\/2020\/06\/Set-Pro-Line-pour-B\u00e9ton-35-Pi\u00e8ces-eurl-hosna-kamel-alg\u00e9rie.jpg\" \/>\n\t<meta property=\"og:image:width\" content=\"512\" \/>\n\t<meta property=\"og:image:height\" content=\"512\" \/>\n\t<meta property=\"og:image:type\" content=\"image\/jpeg\" \/>\n<meta name=\"twitter:card\" content=\"summary_large_image\" \/>\n<meta name=\"twitter:label1\" content=\"Dur\u00e9e de lecture estim\u00e9e\" \/>\n\t<meta name=\"twitter:data1\" content=\"2 minutes\" \/>\n<script type=\"application\/ld+json\" class=\"yoast-schema-graph\">{\"@context\":\"https:\/\/schema.org\",\"@graph\":[{\"@type\":\"WebPage\",\"@id\":\"https:\/\/eurlhosnakamel.dz\/dz\/produit\/set-pro-line-pour-beton-35-pieces\/\",\"url\":\"https:\/\/eurlhosnakamel.dz\/dz\/produit\/set-pro-line-pour-beton-35-pieces\/\",\"name\":\"Set Pro-Line pour B\u00e9ton (35 Pi\u00e8ces) - EURL HOSNA KAMEL\",\"isPartOf\":{\"@id\":\"https:\/\/eurlhosnakamel.dz\/dz\/#website\"},\"primaryImageOfPage\":{\"@id\":\"https:\/\/eurlhosnakamel.dz\/dz\/produit\/set-pro-line-pour-beton-35-pieces\/#primaryimage\"},\"image\":{\"@id\":\"https:\/\/eurlhosnakamel.dz\/dz\/produit\/set-pro-line-pour-beton-35-pieces\/#primaryimage\"},\"thumbnailUrl\":\"https:\/\/eurlhosnakamel.dz\/dz\/wp-content\/uploads\/2020\/06\/Set-Pro-Line-pour-B\u00e9ton-35-Pi\u00e8ces-eurl-hosna-kamel-alg\u00e9rie.jpg\",\"datePublished\":\"2020-06-16T08:32:55+00:00\",\"dateModified\":\"2021-12-19T08:29:43+00:00\",\"description\":\"Set Pro-Line pour B\u00e9ton (35 Pi\u00e8ces) - EURL HOSNA KAMEL\",\"breadcrumb\":{\"@id\":\"https:\/\/eurlhosnakamel.dz\/dz\/produit\/set-pro-line-pour-beton-35-pieces\/#breadcrumb\"},\"inLanguage\":\"fr-FR\",\"potentialAction\":[{\"@type\":\"ReadAction\",\"target\":[\"https:\/\/eurlhosnakamel.dz\/dz\/produit\/set-pro-line-pour-beton-35-pieces\/\"]}]},{\"@type\":\"ImageObject\",\"inLanguage\":\"fr-FR\",\"@id\":\"https:\/\/eurlhosnakamel.dz\/dz\/produit\/set-pro-line-pour-beton-35-pieces\/#primaryimage\",\"url\":\"https:\/\/eurlhosnakamel.dz\/dz\/wp-content\/uploads\/2020\/06\/Set-Pro-Line-pour-B\u00e9ton-35-Pi\u00e8ces-eurl-hosna-kamel-alg\u00e9rie.jpg\",\"contentUrl\":\"https:\/\/eurlhosnakamel.dz\/dz\/wp-content\/uploads\/2020\/06\/Set-Pro-Line-pour-B\u00e9ton-35-Pi\u00e8ces-eurl-hosna-kamel-alg\u00e9rie.jpg\",\"width\":512,\"height\":512},{\"@type\":\"BreadcrumbList\",\"@id\":\"https:\/\/eurlhosnakamel.dz\/dz\/produit\/set-pro-line-pour-beton-35-pieces\/#breadcrumb\",\"itemListElement\":[{\"@type\":\"ListItem\",\"position\":1,\"name\":\"Accueil\",\"item\":\"https:\/\/eurlhosnakamel.dz\/dz\/\"},{\"@type\":\"ListItem\",\"position\":2,\"name\":\"Shop\",\"item\":\"https:\/\/eurlhosnakamel.dz\/dz\/shop\/\"},{\"@type\":\"ListItem\",\"position\":3,\"name\":\"Set Pro-Line pour B\u00e9ton (35 Pi\u00e8ces)\"}]},{\"@type\":\"WebSite\",\"@id\":\"https:\/\/eurlhosnakamel.dz\/dz\/#website\",\"url\":\"https:\/\/eurlhosnakamel.dz\/dz\/\",\"name\":\"EURL HOSNA KAMEL\",\"description\":\"Fournisseur Premium d&#039;Outillages Professionnels en Alg\u00e9rie -\",\"publisher\":{\"@id\":\"https:\/\/eurlhosnakamel.dz\/dz\/#organization\"},\"potentialAction\":[{\"@type\":\"SearchAction\",\"target\":{\"@type\":\"EntryPoint\",\"urlTemplate\":\"https:\/\/eurlhosnakamel.dz\/dz\/?s={search_term_string}\"},\"query-input\":\"required name=search_term_string\"}],\"inLanguage\":\"fr-FR\"},{\"@type\":\"Organization\",\"@id\":\"https:\/\/eurlhosnakamel.dz\/dz\/#organization\",\"name\":\"EURL HOSNA KAMEL - Bosch alg\u00e9rie\",\"url\":\"https:\/\/eurlhosnakamel.dz\/dz\/\",\"logo\":{\"@type\":\"ImageObject\",\"inLanguage\":\"fr-FR\",\"@id\":\"https:\/\/eurlhosnakamel.dz\/dz\/#\/schema\/logo\/image\/\",\"url\":\"https:\/\/eurlhosnakamel.dz\/wp-content\/uploads\/2020\/04\/LOGO-HOSNA1.png\",\"contentUrl\":\"https:\/\/eurlhosnakamel.dz\/wp-content\/uploads\/2020\/04\/LOGO-HOSNA1.png\",\"width\":120,\"height\":127,\"caption\":\"EURL HOSNA KAMEL - Bosch alg\u00e9rie\"},\"image\":{\"@id\":\"https:\/\/eurlhosnakamel.dz\/dz\/#\/schema\/logo\/image\/\"},\"sameAs\":[\"https:\/\/www.facebook.com\/Eurl.Hosna.DZ\/\"]}]}<\/script>\n<!-- \/ Yoast SEO plugin. -->","yoast_head_json":{"title":"Set Pro-Line pour B\u00e9ton (35 Pi\u00e8ces) - EURL HOSNA KAMEL","description":"Set Pro-Line pour B\u00e9ton (35 Pi\u00e8ces) - EURL HOSNA KAMEL","robots":{"index":"index","follow":"follow","max-snippet":"max-snippet:-1","max-image-preview":"max-image-preview:large","max-video-preview":"max-video-preview:-1"},"canonical":"https:\/\/eurlhosnakamel.dz\/dz\/produit\/set-pro-line-pour-beton-35-pieces\/","og_locale":"fr_FR","og_type":"article","og_title":"Set Pro-Line pour B\u00e9ton (35 Pi\u00e8ces) - EURL HOSNA KAMEL","og_description":"Set Pro-Line pour B\u00e9ton (35 Pi\u00e8ces) - EURL HOSNA KAMEL","og_url":"https:\/\/eurlhosnakamel.dz\/dz\/produit\/set-pro-line-pour-beton-35-pieces\/","og_site_name":"EURL HOSNA KAMEL","article_publisher":"https:\/\/www.facebook.com\/Eurl.Hosna.DZ\/","article_modified_time":"2021-12-19T08:29:43+00:00","og_image":[{"width":512,"height":512,"url":"https:\/\/eurlhosnakamel.dz\/dz\/wp-content\/uploads\/2020\/06\/Set-Pro-Line-pour-B\u00e9ton-35-Pi\u00e8ces-eurl-hosna-kamel-alg\u00e9rie.jpg","type":"image\/jpeg"}],"twitter_card":"summary_large_image","twitter_misc":{"Dur\u00e9e de lecture estim\u00e9e":"2 minutes"},"schema":{"@context":"https:\/\/schema.org","@graph":[{"@type":"WebPage","@id":"https:\/\/eurlhosnakamel.dz\/dz\/produit\/set-pro-line-pour-beton-35-pieces\/","url":"https:\/\/eurlhosnakamel.dz\/dz\/produit\/set-pro-line-pour-beton-35-pieces\/","name":"Set Pro-Line pour B\u00e9ton (35 Pi\u00e8ces) - EURL HOSNA KAMEL","isPartOf":{"@id":"https:\/\/eurlhosnakamel.dz\/dz\/#website"},"primaryImageOfPage":{"@id":"https:\/\/eurlhosnakamel.dz\/dz\/produit\/set-pro-line-pour-beton-35-pieces\/#primaryimage"},"image":{"@id":"https:\/\/eurlhosnakamel.dz\/dz\/produit\/set-pro-line-pour-beton-35-pieces\/#primaryimage"},"thumbnailUrl":"https:\/\/eurlhosnakamel.dz\/dz\/wp-content\/uploads\/2020\/06\/Set-Pro-Line-pour-B\u00e9ton-35-Pi\u00e8ces-eurl-hosna-kamel-alg\u00e9rie.jpg","datePublished":"2020-06-16T08:32:55+00:00","dateModified":"2021-12-19T08:29:43+00:00","description":"Set Pro-Line pour B\u00e9ton (35 Pi\u00e8ces) - EURL HOSNA KAMEL","breadcrumb":{"@id":"https:\/\/eurlhosnakamel.dz\/dz\/produit\/set-pro-line-pour-beton-35-pieces\/#breadcrumb"},"inLanguage":"fr-FR","potentialAction":[{"@type":"ReadAction","target":["https:\/\/eurlhosnakamel.dz\/dz\/produit\/set-pro-line-pour-beton-35-pieces\/"]}]},{"@type":"ImageObject","inLanguage":"fr-FR","@id":"https:\/\/eurlhosnakamel.dz\/dz\/produit\/set-pro-line-pour-beton-35-pieces\/#primaryimage","url":"https:\/\/eurlhosnakamel.dz\/dz\/wp-content\/uploads\/2020\/06\/Set-Pro-Line-pour-B\u00e9ton-35-Pi\u00e8ces-eurl-hosna-kamel-alg\u00e9rie.jpg","contentUrl":"https:\/\/eurlhosnakamel.dz\/dz\/wp-content\/uploads\/2020\/06\/Set-Pro-Line-pour-B\u00e9ton-35-Pi\u00e8ces-eurl-hosna-kamel-alg\u00e9rie.jpg","width":512,"height":512},{"@type":"BreadcrumbList","@id":"https:\/\/eurlhosnakamel.dz\/dz\/produit\/set-pro-line-pour-beton-35-pieces\/#breadcrumb","itemListElement":[{"@type":"ListItem","position":1,"name":"Accueil","item":"https:\/\/eurlhosnakamel.dz\/dz\/"},{"@type":"ListItem","position":2,"name":"Shop","item":"https:\/\/eurlhosnakamel.dz\/dz\/shop\/"},{"@type":"ListItem","position":3,"name":"Set Pro-Line pour B\u00e9ton (35 Pi\u00e8ces)"}]},{"@type":"WebSite","@id":"https:\/\/eurlhosnakamel.dz\/dz\/#website","url":"https:\/\/eurlhosnakamel.dz\/dz\/","name":"EURL HOSNA KAMEL","description":"Fournisseur Premium d&#039;Outillages Professionnels en Alg\u00e9rie -","publisher":{"@id":"https:\/\/eurlhosnakamel.dz\/dz\/#organization"},"potentialAction":[{"@type":"SearchAction","target":{"@type":"EntryPoint","urlTemplate":"https:\/\/eurlhosnakamel.dz\/dz\/?s={search_term_string}"},"query-input":"required name=search_term_string"}],"inLanguage":"fr-FR"},{"@type":"Organization","@id":"https:\/\/eurlhosnakamel.dz\/dz\/#organization","name":"EURL HOSNA KAMEL - Bosch alg\u00e9rie","url":"https:\/\/eurlhosnakamel.dz\/dz\/","logo":{"@type":"ImageObject","inLanguage":"fr-FR","@id":"https:\/\/eurlhosnakamel.dz\/dz\/#\/schema\/logo\/image\/","url":"https:\/\/eurlhosnakamel.dz\/wp-content\/uploads\/2020\/04\/LOGO-HOSNA1.png","contentUrl":"https:\/\/eurlhosnakamel.dz\/wp-content\/uploads\/2020\/04\/LOGO-HOSNA1.png","width":120,"height":127,"caption":"EURL HOSNA KAMEL - Bosch alg\u00e9rie"},"image":{"@id":"https:\/\/eurlhosnakamel.dz\/dz\/#\/schema\/logo\/image\/"},"sameAs":["https:\/\/www.facebook.com\/Eurl.Hosna.DZ\/"]}]}},"_links":{"self":[{"href":"https:\/\/eurlhosnakamel.dz\/dz\/wp-json\/wp\/v2\/product\/10916","targetHints":{"allow":["GET"]}}],"collection":[{"href":"https:\/\/eurlhosnakamel.dz\/dz\/wp-json\/wp\/v2\/product"}],"about":[{"href":"https:\/\/eurlhosnakamel.dz\/dz\/wp-json\/wp\/v2\/types\/product"}],"wp:featuredmedia":[{"embeddable":true,"href":"https:\/\/eurlhosnakamel.dz\/dz\/wp-json\/wp\/v2\/media\/10917"}],"wp:attachment":[{"href":"https:\/\/eurlhosnakamel.dz\/dz\/wp-json\/wp\/v2\/media?parent=10916"}],"wp:term":[{"taxonomy":"product_cat","embeddable":true,"href":"https:\/\/eurlhosnakamel.dz\/dz\/wp-json\/wp\/v2\/product_cat?post=10916"},{"taxonomy":"product_tag","embeddable":true,"href":"https:\/\/eurlhosnakamel.dz\/dz\/wp-json\/wp\/v2\/product_tag?post=10916"}],"curies":[{"name":"wp","href":"https:\/\/api.w.org\/{rel}","templated":true}]}}