{"id":10926,"date":"2020-06-16T09:35:21","date_gmt":"2020-06-16T09:35:21","guid":{"rendered":"https:\/\/eurlhosnakamel.dz\/?post_type=product&#038;p=10926"},"modified":"2021-12-19T08:29:23","modified_gmt":"2021-12-19T08:29:23","slug":"set-pour-gpo-decoupeur-ponceur-universelle","status":"publish","type":"product","link":"https:\/\/eurlhosnakamel.dz\/dz\/produit\/set-pour-gpo-decoupeur-ponceur-universelle\/","title":{"rendered":"Set pour GPO d\u00e9coupeur ponceur universelle"},"content":{"rendered":"<h2 class=\"headline hl1\" style=\"text-align: justify;\">Points forts des produits<\/h2>\n<div class=\"row\">\n<div class=\"col-md-6 xs-mb-30 lg-mb-0\">\n<h3 class=\"headline hl4\" style=\"text-align: justify;\">Kits universels pour outils multi-fonctions, 13 pi\u00e8ces<\/h3>\n<p style=\"text-align: justify;\">Set universel de 13\u00a0pi\u00e8ces pour des applications standards<\/p>\n<ul style=\"text-align: justify;\">\n<li>Chaque accessoire Starlock est s\u00e9lectionn\u00e9 pour sa performance, cr\u00e9ant un set pour des applications diff\u00e9rentes<\/li>\n<li>Set \u00e9quip\u00e9 d\u2019accessoires Starlock pour le sciage, la coupe plongeante, le pon\u00e7age et le raclage de divers mat\u00e9riaux<\/li>\n<\/ul>\n<div class=\"m-product_hightlights__description\">\n<h3 class=\"headline hl4\" style=\"text-align: justify;\">Descriptions des produits<\/h3>\n<div style=\"text-align: justify;\">\n<p>Kit universel de 13\u00a0pi\u00e8ces pour des applications polyvalentes. Chaque accessoire Starlock est s\u00e9lectionn\u00e9 individuellement en raison de sa valeur et de sa performance dans des applications diff\u00e9rentes. Le kit de 13\u00a0pi\u00e8ces comprend des lames pour le sciage, la coupe plongeante, le pon\u00e7age et le raclage de divers mat\u00e9riaux. Cela comprend une lame segment pour les coupes \u00e0 ras du bois, notamment pour le raccourcissement de dormants de porte au niveau du sol ; panneaux plaqu\u00e9s, panneaux m\u00e9lamin\u00e9s, des parquets et une lame plongeante pour la d\u00e9coupe d\u2019\u00e9chancrures dans du bois. Le kit comprend \u00e9galement des feuilles abrasives sp\u00e9cialement con\u00e7ues pour le pon\u00e7age du bois et de mat\u00e9riaux peints et une spatule pour enlever les mat\u00e9riaux tendres. Accessoires compatibles avec l\u2019outils \u00e9lectroportatifs Starlock, Starlock Plus et Starlock Max ainsi qu\u2019avec les outils multi-fonctions standard.<\/p>\n<\/div>\n<div>\n<p style=\"text-align: justify;\">Le syst\u00e8me de fixation Starlock \u00ab Snap-In \u00bb permet un changement rapide de lame, en 3 secondes sans contact avec la lame. L\u2019interface 3D du syst\u00e8me de fixation permet un transfert de puissance optimal de la machine \u00e0 l\u2019accessoire.<\/p>\n<\/div>\n<\/div>\n<\/div>\n<\/div>\n","protected":false},"excerpt":{"rendered":"<h4 style=\"text-align: justify;\">Set universel de 13 pi\u00e8ces<\/h4>\n<table class=\"m-datatable m-datatable--light\">\n<thead>\n<tr>\n<th class=\"no-sort\" data-priority=\"1\">D\u00e9tails<\/th>\n<th class=\"no-sort\" data-priority=\"1\"><\/th>\n<\/tr>\n<\/thead>\n<tbody>\n<tr class=\"\">\n<td>Contenu du set<\/td>\n<td>Lame segment BIM Wood and Metal ACZ 85 EB (1x) \/ Lame plongeante BIM Wood and Metal AIZ 32 APB (1x) \/ Spatule HCS ATZ 52 SFC (1x) \/ Feuille abrasive Wood and Paint (10x)<\/td>\n<\/tr>\n<\/tbody>\n<\/table>\n","protected":false},"featured_media":10927,"template":"","meta":[],"product_cat":[1277,405],"product_tag":[3089],"class_list":{"0":"post-10926","1":"product","2":"type-product","3":"status-publish","4":"has-post-thumbnail","6":"product_cat-accessoires-bosch","7":"product_cat-outillage","8":"product_tag-set-pour-gpo-decoupeur-ponceur-universelle","9":"product_brand-bosch-outillage","11":"first","12":"instock","13":"shipping-taxable","14":"product-type-simple","15":"col-xs-6 col-sm-4","16":"col-md-3 col-lg-3","17":"un-4-cols"},"yoast_head":"<!-- This site is optimized with the Yoast SEO plugin v22.5 - https:\/\/yoast.com\/wordpress\/plugins\/seo\/ -->\n<title>Set pour GPO d\u00e9coupeur ponceur universelle - EURL HOSNA KAMEL<\/title>\n<meta name=\"description\" content=\"Set pour GPO d\u00e9coupeur ponceur universelle - EURL HOSNA KAMEL\" \/>\n<meta name=\"robots\" content=\"index, follow, max-snippet:-1, max-image-preview:large, max-video-preview:-1\" \/>\n<link rel=\"canonical\" href=\"https:\/\/eurlhosnakamel.dz\/dz\/produit\/set-pour-gpo-decoupeur-ponceur-universelle\/\" \/>\n<meta property=\"og:locale\" content=\"fr_FR\" \/>\n<meta property=\"og:type\" content=\"article\" \/>\n<meta property=\"og:title\" content=\"Set pour GPO d\u00e9coupeur ponceur universelle - EURL HOSNA KAMEL\" \/>\n<meta property=\"og:description\" content=\"Set pour GPO d\u00e9coupeur ponceur universelle - EURL HOSNA KAMEL\" \/>\n<meta property=\"og:url\" content=\"https:\/\/eurlhosnakamel.dz\/dz\/produit\/set-pour-gpo-decoupeur-ponceur-universelle\/\" \/>\n<meta property=\"og:site_name\" content=\"EURL HOSNA KAMEL\" \/>\n<meta property=\"article:publisher\" content=\"https:\/\/www.facebook.com\/Eurl.Hosna.DZ\/\" \/>\n<meta property=\"article:modified_time\" content=\"2021-12-19T08:29:23+00:00\" \/>\n<meta property=\"og:image\" content=\"https:\/\/eurlhosnakamel.dz\/dz\/wp-content\/uploads\/2020\/06\/Set-pour-GPO-d\u00e9coupeur-ponceur-universelle-eurl-hosna-kamel-alg\u00e9rie.jpg\" \/>\n\t<meta property=\"og:image:width\" content=\"512\" \/>\n\t<meta property=\"og:image:height\" content=\"512\" \/>\n\t<meta property=\"og:image:type\" content=\"image\/jpeg\" \/>\n<meta name=\"twitter:card\" content=\"summary_large_image\" \/>\n<meta name=\"twitter:label1\" content=\"Dur\u00e9e de lecture estim\u00e9e\" \/>\n\t<meta name=\"twitter:data1\" content=\"1 minute\" \/>\n<script type=\"application\/ld+json\" class=\"yoast-schema-graph\">{\"@context\":\"https:\/\/schema.org\",\"@graph\":[{\"@type\":\"WebPage\",\"@id\":\"https:\/\/eurlhosnakamel.dz\/dz\/produit\/set-pour-gpo-decoupeur-ponceur-universelle\/\",\"url\":\"https:\/\/eurlhosnakamel.dz\/dz\/produit\/set-pour-gpo-decoupeur-ponceur-universelle\/\",\"name\":\"Set pour GPO d\u00e9coupeur ponceur universelle - EURL HOSNA KAMEL\",\"isPartOf\":{\"@id\":\"https:\/\/eurlhosnakamel.dz\/dz\/#website\"},\"primaryImageOfPage\":{\"@id\":\"https:\/\/eurlhosnakamel.dz\/dz\/produit\/set-pour-gpo-decoupeur-ponceur-universelle\/#primaryimage\"},\"image\":{\"@id\":\"https:\/\/eurlhosnakamel.dz\/dz\/produit\/set-pour-gpo-decoupeur-ponceur-universelle\/#primaryimage\"},\"thumbnailUrl\":\"https:\/\/eurlhosnakamel.dz\/dz\/wp-content\/uploads\/2020\/06\/Set-pour-GPO-d\u00e9coupeur-ponceur-universelle-eurl-hosna-kamel-alg\u00e9rie.jpg\",\"datePublished\":\"2020-06-16T09:35:21+00:00\",\"dateModified\":\"2021-12-19T08:29:23+00:00\",\"description\":\"Set pour GPO d\u00e9coupeur ponceur universelle - EURL HOSNA KAMEL\",\"breadcrumb\":{\"@id\":\"https:\/\/eurlhosnakamel.dz\/dz\/produit\/set-pour-gpo-decoupeur-ponceur-universelle\/#breadcrumb\"},\"inLanguage\":\"fr-FR\",\"potentialAction\":[{\"@type\":\"ReadAction\",\"target\":[\"https:\/\/eurlhosnakamel.dz\/dz\/produit\/set-pour-gpo-decoupeur-ponceur-universelle\/\"]}]},{\"@type\":\"ImageObject\",\"inLanguage\":\"fr-FR\",\"@id\":\"https:\/\/eurlhosnakamel.dz\/dz\/produit\/set-pour-gpo-decoupeur-ponceur-universelle\/#primaryimage\",\"url\":\"https:\/\/eurlhosnakamel.dz\/dz\/wp-content\/uploads\/2020\/06\/Set-pour-GPO-d\u00e9coupeur-ponceur-universelle-eurl-hosna-kamel-alg\u00e9rie.jpg\",\"contentUrl\":\"https:\/\/eurlhosnakamel.dz\/dz\/wp-content\/uploads\/2020\/06\/Set-pour-GPO-d\u00e9coupeur-ponceur-universelle-eurl-hosna-kamel-alg\u00e9rie.jpg\",\"width\":512,\"height\":512},{\"@type\":\"BreadcrumbList\",\"@id\":\"https:\/\/eurlhosnakamel.dz\/dz\/produit\/set-pour-gpo-decoupeur-ponceur-universelle\/#breadcrumb\",\"itemListElement\":[{\"@type\":\"ListItem\",\"position\":1,\"name\":\"Accueil\",\"item\":\"https:\/\/eurlhosnakamel.dz\/dz\/\"},{\"@type\":\"ListItem\",\"position\":2,\"name\":\"Shop\",\"item\":\"https:\/\/eurlhosnakamel.dz\/dz\/shop\/\"},{\"@type\":\"ListItem\",\"position\":3,\"name\":\"Set pour GPO d\u00e9coupeur ponceur universelle\"}]},{\"@type\":\"WebSite\",\"@id\":\"https:\/\/eurlhosnakamel.dz\/dz\/#website\",\"url\":\"https:\/\/eurlhosnakamel.dz\/dz\/\",\"name\":\"EURL HOSNA KAMEL\",\"description\":\"Fournisseur Premium d&#039;Outillages Professionnels en Alg\u00e9rie -\",\"publisher\":{\"@id\":\"https:\/\/eurlhosnakamel.dz\/dz\/#organization\"},\"potentialAction\":[{\"@type\":\"SearchAction\",\"target\":{\"@type\":\"EntryPoint\",\"urlTemplate\":\"https:\/\/eurlhosnakamel.dz\/dz\/?s={search_term_string}\"},\"query-input\":\"required name=search_term_string\"}],\"inLanguage\":\"fr-FR\"},{\"@type\":\"Organization\",\"@id\":\"https:\/\/eurlhosnakamel.dz\/dz\/#organization\",\"name\":\"EURL HOSNA KAMEL - Bosch alg\u00e9rie\",\"url\":\"https:\/\/eurlhosnakamel.dz\/dz\/\",\"logo\":{\"@type\":\"ImageObject\",\"inLanguage\":\"fr-FR\",\"@id\":\"https:\/\/eurlhosnakamel.dz\/dz\/#\/schema\/logo\/image\/\",\"url\":\"https:\/\/eurlhosnakamel.dz\/wp-content\/uploads\/2020\/04\/LOGO-HOSNA1.png\",\"contentUrl\":\"https:\/\/eurlhosnakamel.dz\/wp-content\/uploads\/2020\/04\/LOGO-HOSNA1.png\",\"width\":120,\"height\":127,\"caption\":\"EURL HOSNA KAMEL - Bosch alg\u00e9rie\"},\"image\":{\"@id\":\"https:\/\/eurlhosnakamel.dz\/dz\/#\/schema\/logo\/image\/\"},\"sameAs\":[\"https:\/\/www.facebook.com\/Eurl.Hosna.DZ\/\"]}]}<\/script>\n<!-- \/ Yoast SEO plugin. -->","yoast_head_json":{"title":"Set pour GPO d\u00e9coupeur ponceur universelle - EURL HOSNA KAMEL","description":"Set pour GPO d\u00e9coupeur ponceur universelle - EURL HOSNA KAMEL","robots":{"index":"index","follow":"follow","max-snippet":"max-snippet:-1","max-image-preview":"max-image-preview:large","max-video-preview":"max-video-preview:-1"},"canonical":"https:\/\/eurlhosnakamel.dz\/dz\/produit\/set-pour-gpo-decoupeur-ponceur-universelle\/","og_locale":"fr_FR","og_type":"article","og_title":"Set pour GPO d\u00e9coupeur ponceur universelle - EURL HOSNA KAMEL","og_description":"Set pour GPO d\u00e9coupeur ponceur universelle - EURL HOSNA KAMEL","og_url":"https:\/\/eurlhosnakamel.dz\/dz\/produit\/set-pour-gpo-decoupeur-ponceur-universelle\/","og_site_name":"EURL HOSNA KAMEL","article_publisher":"https:\/\/www.facebook.com\/Eurl.Hosna.DZ\/","article_modified_time":"2021-12-19T08:29:23+00:00","og_image":[{"width":512,"height":512,"url":"https:\/\/eurlhosnakamel.dz\/dz\/wp-content\/uploads\/2020\/06\/Set-pour-GPO-d\u00e9coupeur-ponceur-universelle-eurl-hosna-kamel-alg\u00e9rie.jpg","type":"image\/jpeg"}],"twitter_card":"summary_large_image","twitter_misc":{"Dur\u00e9e de lecture estim\u00e9e":"1 minute"},"schema":{"@context":"https:\/\/schema.org","@graph":[{"@type":"WebPage","@id":"https:\/\/eurlhosnakamel.dz\/dz\/produit\/set-pour-gpo-decoupeur-ponceur-universelle\/","url":"https:\/\/eurlhosnakamel.dz\/dz\/produit\/set-pour-gpo-decoupeur-ponceur-universelle\/","name":"Set pour GPO d\u00e9coupeur ponceur universelle - EURL HOSNA KAMEL","isPartOf":{"@id":"https:\/\/eurlhosnakamel.dz\/dz\/#website"},"primaryImageOfPage":{"@id":"https:\/\/eurlhosnakamel.dz\/dz\/produit\/set-pour-gpo-decoupeur-ponceur-universelle\/#primaryimage"},"image":{"@id":"https:\/\/eurlhosnakamel.dz\/dz\/produit\/set-pour-gpo-decoupeur-ponceur-universelle\/#primaryimage"},"thumbnailUrl":"https:\/\/eurlhosnakamel.dz\/dz\/wp-content\/uploads\/2020\/06\/Set-pour-GPO-d\u00e9coupeur-ponceur-universelle-eurl-hosna-kamel-alg\u00e9rie.jpg","datePublished":"2020-06-16T09:35:21+00:00","dateModified":"2021-12-19T08:29:23+00:00","description":"Set pour GPO d\u00e9coupeur ponceur universelle - EURL HOSNA KAMEL","breadcrumb":{"@id":"https:\/\/eurlhosnakamel.dz\/dz\/produit\/set-pour-gpo-decoupeur-ponceur-universelle\/#breadcrumb"},"inLanguage":"fr-FR","potentialAction":[{"@type":"ReadAction","target":["https:\/\/eurlhosnakamel.dz\/dz\/produit\/set-pour-gpo-decoupeur-ponceur-universelle\/"]}]},{"@type":"ImageObject","inLanguage":"fr-FR","@id":"https:\/\/eurlhosnakamel.dz\/dz\/produit\/set-pour-gpo-decoupeur-ponceur-universelle\/#primaryimage","url":"https:\/\/eurlhosnakamel.dz\/dz\/wp-content\/uploads\/2020\/06\/Set-pour-GPO-d\u00e9coupeur-ponceur-universelle-eurl-hosna-kamel-alg\u00e9rie.jpg","contentUrl":"https:\/\/eurlhosnakamel.dz\/dz\/wp-content\/uploads\/2020\/06\/Set-pour-GPO-d\u00e9coupeur-ponceur-universelle-eurl-hosna-kamel-alg\u00e9rie.jpg","width":512,"height":512},{"@type":"BreadcrumbList","@id":"https:\/\/eurlhosnakamel.dz\/dz\/produit\/set-pour-gpo-decoupeur-ponceur-universelle\/#breadcrumb","itemListElement":[{"@type":"ListItem","position":1,"name":"Accueil","item":"https:\/\/eurlhosnakamel.dz\/dz\/"},{"@type":"ListItem","position":2,"name":"Shop","item":"https:\/\/eurlhosnakamel.dz\/dz\/shop\/"},{"@type":"ListItem","position":3,"name":"Set pour GPO d\u00e9coupeur ponceur universelle"}]},{"@type":"WebSite","@id":"https:\/\/eurlhosnakamel.dz\/dz\/#website","url":"https:\/\/eurlhosnakamel.dz\/dz\/","name":"EURL HOSNA KAMEL","description":"Fournisseur Premium d&#039;Outillages Professionnels en Alg\u00e9rie -","publisher":{"@id":"https:\/\/eurlhosnakamel.dz\/dz\/#organization"},"potentialAction":[{"@type":"SearchAction","target":{"@type":"EntryPoint","urlTemplate":"https:\/\/eurlhosnakamel.dz\/dz\/?s={search_term_string}"},"query-input":"required name=search_term_string"}],"inLanguage":"fr-FR"},{"@type":"Organization","@id":"https:\/\/eurlhosnakamel.dz\/dz\/#organization","name":"EURL HOSNA KAMEL - Bosch alg\u00e9rie","url":"https:\/\/eurlhosnakamel.dz\/dz\/","logo":{"@type":"ImageObject","inLanguage":"fr-FR","@id":"https:\/\/eurlhosnakamel.dz\/dz\/#\/schema\/logo\/image\/","url":"https:\/\/eurlhosnakamel.dz\/wp-content\/uploads\/2020\/04\/LOGO-HOSNA1.png","contentUrl":"https:\/\/eurlhosnakamel.dz\/wp-content\/uploads\/2020\/04\/LOGO-HOSNA1.png","width":120,"height":127,"caption":"EURL HOSNA KAMEL - Bosch alg\u00e9rie"},"image":{"@id":"https:\/\/eurlhosnakamel.dz\/dz\/#\/schema\/logo\/image\/"},"sameAs":["https:\/\/www.facebook.com\/Eurl.Hosna.DZ\/"]}]}},"_links":{"self":[{"href":"https:\/\/eurlhosnakamel.dz\/dz\/wp-json\/wp\/v2\/product\/10926","targetHints":{"allow":["GET"]}}],"collection":[{"href":"https:\/\/eurlhosnakamel.dz\/dz\/wp-json\/wp\/v2\/product"}],"about":[{"href":"https:\/\/eurlhosnakamel.dz\/dz\/wp-json\/wp\/v2\/types\/product"}],"wp:featuredmedia":[{"embeddable":true,"href":"https:\/\/eurlhosnakamel.dz\/dz\/wp-json\/wp\/v2\/media\/10927"}],"wp:attachment":[{"href":"https:\/\/eurlhosnakamel.dz\/dz\/wp-json\/wp\/v2\/media?parent=10926"}],"wp:term":[{"taxonomy":"product_cat","embeddable":true,"href":"https:\/\/eurlhosnakamel.dz\/dz\/wp-json\/wp\/v2\/product_cat?post=10926"},{"taxonomy":"product_tag","embeddable":true,"href":"https:\/\/eurlhosnakamel.dz\/dz\/wp-json\/wp\/v2\/product_tag?post=10926"}],"curies":[{"name":"wp","href":"https:\/\/api.w.org\/{rel}","templated":true}]}}