{"id":10930,"date":"2020-06-16T09:45:26","date_gmt":"2020-06-16T09:45:26","guid":{"rendered":"https:\/\/eurlhosnakamel.dz\/?post_type=product&#038;p=10930"},"modified":"2021-12-19T08:29:18","modified_gmt":"2021-12-19T08:29:18","slug":"set-pour-gpo-decoupeur-ponceur-carellage","status":"publish","type":"product","link":"https:\/\/eurlhosnakamel.dz\/dz\/produit\/set-pour-gpo-decoupeur-ponceur-carellage\/","title":{"rendered":"Set pour GPO d\u00e9coupeur ponceur carellage"},"content":{"rendered":"<h2 class=\"headline hl1\" style=\"text-align: justify;\">Points forts des produits<\/h2>\n<div class=\"row\">\n<div class=\"col-md-6 xs-mb-30 lg-mb-0\">\n<h3 class=\"headline hl4\" style=\"text-align: justify;\">Sets de carrelage pour outils multi-fonctions, 4 pi\u00e8ces<\/h3>\n<p style=\"text-align: justify;\">Set de carrelage de 4\u00a0pi\u00e8ces pour diverses applications de carrelage<\/p>\n<ul style=\"text-align: justify;\">\n<li>4\u00a0accessoires Starlock pour le pon\u00e7age, le fraisage, , le raclage et la coupe plongeante<\/li>\n<li>Syst\u00e8me de fixation Starlock \u00ab\u00a0Snap-In\u00a0\u00bb pour un changement rapide de lame en 3\u00a0secondes sans contact avec la lame<\/li>\n<\/ul>\n<div class=\"m-product_hightlights__description\">\n<h3 class=\"headline hl4\" style=\"text-align: justify;\">Descriptions des produits<\/h3>\n<div style=\"text-align: justify;\">\n<p>Le kit de carrelage de 4\u00a0pi\u00e8ces est un ensemble polyvalent pour diverses applications de carrelage. Chaque lame Starlock est s\u00e9lectionn\u00e9e en fonction de ses performances et de la valeur qu\u2019elle apporte \u00e0 ce kit. Les quatre accessoires Starlock inclus servent au pon\u00e7age, d\u00e9jointage, raclage et \u00e0 la coupe plongeante. La lame de scie segment \u00e0 concr\u00e9tion carbure est sp\u00e9cialement con\u00e7ue pour le d\u00e9jointage des carreaux (murs et sols) et les petites d\u00e9coupes dans les carreaux muraux tendres. La lame plongeante est destin\u00e9e \u00e0 la coupe plongeante dans le m\u00e9tal tendre (tuyaux de cuivre). Le plateau de pon\u00e7age et les spatules servent \u00e0 enlever le mortier, la colle \u00e0 carrelage et les restes de b\u00e9ton. Le kit est con\u00e7u pour l\u2019enl\u00e8vement de joints, mortier, r\u00e9sidus, coulis et cuivre. Accessoires compatibles avec l\u2019outils \u00e9lectroportatifs Starlock, Starlock Plus et Starlock Max ainsi qu\u2019avec les outils multi-fonctions standard.<\/p>\n<\/div>\n<div>\n<p style=\"text-align: justify;\">Le syst\u00e8me de fixation Starlock \u00ab Snap-In \u00bb permet un changement rapide de lame, en 3 secondes sans contact avec la lame. L\u2019interface 3D du syst\u00e8me de fixation permet un transfert de puissance optimal de la machine \u00e0 l\u2019accessoire.<\/p>\n<\/div>\n<\/div>\n<\/div>\n<\/div>\n","protected":false},"excerpt":{"rendered":"<h4>Kit pour carrelage, 4\u00a0pi\u00e8ces<\/h4>\n<table class=\"m-datatable m-datatable--light\">\n<thead>\n<tr>\n<th class=\"no-sort\" data-priority=\"1\">D\u00e9tails<\/th>\n<th class=\"no-sort\" data-priority=\"1\"><\/th>\n<\/tr>\n<\/thead>\n<tbody>\n<tr class=\"\">\n<td>Contenu du set<\/td>\n<td>Lame segment \u00e0 concr\u00e9tion carbure ACZ 85 RT3 (1x) \/ Plateau de pon\u00e7age \u00e0 concr\u00e9tion carbure AVZ 78 RT2 (1x) \/ Spatule HCS ATZ 52 SC (1x) \/ Lame de scie plongeante BIM Metal AIZ 20 AB (1x)<\/td>\n<\/tr>\n<\/tbody>\n<\/table>\n","protected":false},"featured_media":10931,"template":"","meta":[],"product_cat":[1277,405],"product_tag":[3106],"class_list":{"0":"post-10930","1":"product","2":"type-product","3":"status-publish","4":"has-post-thumbnail","6":"product_cat-accessoires-bosch","7":"product_cat-outillage","8":"product_tag-set-pour-gpo-decoupeur-ponceur-carellage","9":"product_brand-bosch-outillage","11":"first","12":"instock","13":"shipping-taxable","14":"product-type-simple","15":"col-xs-6 col-sm-4","16":"col-md-3 col-lg-3","17":"un-4-cols"},"yoast_head":"<!-- This site is optimized with the Yoast SEO plugin v22.5 - https:\/\/yoast.com\/wordpress\/plugins\/seo\/ -->\n<title>Set pour GPO d\u00e9coupeur ponceur carellage - EURL HOSNA KAMEL<\/title>\n<meta name=\"description\" content=\"Set pour GPO d\u00e9coupeur ponceur carellage - EURL HOSNA KAMEL\" \/>\n<meta name=\"robots\" content=\"index, follow, max-snippet:-1, max-image-preview:large, max-video-preview:-1\" \/>\n<link rel=\"canonical\" href=\"https:\/\/eurlhosnakamel.dz\/dz\/produit\/set-pour-gpo-decoupeur-ponceur-carellage\/\" \/>\n<meta property=\"og:locale\" content=\"fr_FR\" \/>\n<meta property=\"og:type\" content=\"article\" \/>\n<meta property=\"og:title\" content=\"Set pour GPO d\u00e9coupeur ponceur carellage - EURL HOSNA KAMEL\" \/>\n<meta property=\"og:description\" content=\"Set pour GPO d\u00e9coupeur ponceur carellage - EURL HOSNA KAMEL\" \/>\n<meta property=\"og:url\" content=\"https:\/\/eurlhosnakamel.dz\/dz\/produit\/set-pour-gpo-decoupeur-ponceur-carellage\/\" \/>\n<meta property=\"og:site_name\" content=\"EURL HOSNA KAMEL\" \/>\n<meta property=\"article:publisher\" content=\"https:\/\/www.facebook.com\/Eurl.Hosna.DZ\/\" \/>\n<meta property=\"article:modified_time\" content=\"2021-12-19T08:29:18+00:00\" \/>\n<meta property=\"og:image\" content=\"https:\/\/eurlhosnakamel.dz\/dz\/wp-content\/uploads\/2020\/06\/Set-pour-GPO-d\u00e9coupeur-ponceur-carellage-eurl-hosna-kamel-alg\u00e9rie.jpg\" \/>\n\t<meta property=\"og:image:width\" content=\"512\" \/>\n\t<meta property=\"og:image:height\" content=\"512\" \/>\n\t<meta property=\"og:image:type\" content=\"image\/jpeg\" \/>\n<meta name=\"twitter:card\" content=\"summary_large_image\" \/>\n<meta name=\"twitter:label1\" content=\"Dur\u00e9e de lecture estim\u00e9e\" \/>\n\t<meta name=\"twitter:data1\" content=\"1 minute\" \/>\n<script type=\"application\/ld+json\" class=\"yoast-schema-graph\">{\"@context\":\"https:\/\/schema.org\",\"@graph\":[{\"@type\":\"WebPage\",\"@id\":\"https:\/\/eurlhosnakamel.dz\/dz\/produit\/set-pour-gpo-decoupeur-ponceur-carellage\/\",\"url\":\"https:\/\/eurlhosnakamel.dz\/dz\/produit\/set-pour-gpo-decoupeur-ponceur-carellage\/\",\"name\":\"Set pour GPO d\u00e9coupeur ponceur carellage - EURL HOSNA KAMEL\",\"isPartOf\":{\"@id\":\"https:\/\/eurlhosnakamel.dz\/dz\/#website\"},\"primaryImageOfPage\":{\"@id\":\"https:\/\/eurlhosnakamel.dz\/dz\/produit\/set-pour-gpo-decoupeur-ponceur-carellage\/#primaryimage\"},\"image\":{\"@id\":\"https:\/\/eurlhosnakamel.dz\/dz\/produit\/set-pour-gpo-decoupeur-ponceur-carellage\/#primaryimage\"},\"thumbnailUrl\":\"https:\/\/eurlhosnakamel.dz\/dz\/wp-content\/uploads\/2020\/06\/Set-pour-GPO-d\u00e9coupeur-ponceur-carellage-eurl-hosna-kamel-alg\u00e9rie.jpg\",\"datePublished\":\"2020-06-16T09:45:26+00:00\",\"dateModified\":\"2021-12-19T08:29:18+00:00\",\"description\":\"Set pour GPO d\u00e9coupeur ponceur carellage - EURL HOSNA KAMEL\",\"breadcrumb\":{\"@id\":\"https:\/\/eurlhosnakamel.dz\/dz\/produit\/set-pour-gpo-decoupeur-ponceur-carellage\/#breadcrumb\"},\"inLanguage\":\"fr-FR\",\"potentialAction\":[{\"@type\":\"ReadAction\",\"target\":[\"https:\/\/eurlhosnakamel.dz\/dz\/produit\/set-pour-gpo-decoupeur-ponceur-carellage\/\"]}]},{\"@type\":\"ImageObject\",\"inLanguage\":\"fr-FR\",\"@id\":\"https:\/\/eurlhosnakamel.dz\/dz\/produit\/set-pour-gpo-decoupeur-ponceur-carellage\/#primaryimage\",\"url\":\"https:\/\/eurlhosnakamel.dz\/dz\/wp-content\/uploads\/2020\/06\/Set-pour-GPO-d\u00e9coupeur-ponceur-carellage-eurl-hosna-kamel-alg\u00e9rie.jpg\",\"contentUrl\":\"https:\/\/eurlhosnakamel.dz\/dz\/wp-content\/uploads\/2020\/06\/Set-pour-GPO-d\u00e9coupeur-ponceur-carellage-eurl-hosna-kamel-alg\u00e9rie.jpg\",\"width\":512,\"height\":512},{\"@type\":\"BreadcrumbList\",\"@id\":\"https:\/\/eurlhosnakamel.dz\/dz\/produit\/set-pour-gpo-decoupeur-ponceur-carellage\/#breadcrumb\",\"itemListElement\":[{\"@type\":\"ListItem\",\"position\":1,\"name\":\"Accueil\",\"item\":\"https:\/\/eurlhosnakamel.dz\/dz\/\"},{\"@type\":\"ListItem\",\"position\":2,\"name\":\"Shop\",\"item\":\"https:\/\/eurlhosnakamel.dz\/dz\/shop\/\"},{\"@type\":\"ListItem\",\"position\":3,\"name\":\"Set pour GPO d\u00e9coupeur ponceur carellage\"}]},{\"@type\":\"WebSite\",\"@id\":\"https:\/\/eurlhosnakamel.dz\/dz\/#website\",\"url\":\"https:\/\/eurlhosnakamel.dz\/dz\/\",\"name\":\"EURL HOSNA KAMEL\",\"description\":\"Fournisseur Premium d&#039;Outillages Professionnels en Alg\u00e9rie -\",\"publisher\":{\"@id\":\"https:\/\/eurlhosnakamel.dz\/dz\/#organization\"},\"potentialAction\":[{\"@type\":\"SearchAction\",\"target\":{\"@type\":\"EntryPoint\",\"urlTemplate\":\"https:\/\/eurlhosnakamel.dz\/dz\/?s={search_term_string}\"},\"query-input\":\"required name=search_term_string\"}],\"inLanguage\":\"fr-FR\"},{\"@type\":\"Organization\",\"@id\":\"https:\/\/eurlhosnakamel.dz\/dz\/#organization\",\"name\":\"EURL HOSNA KAMEL - Bosch alg\u00e9rie\",\"url\":\"https:\/\/eurlhosnakamel.dz\/dz\/\",\"logo\":{\"@type\":\"ImageObject\",\"inLanguage\":\"fr-FR\",\"@id\":\"https:\/\/eurlhosnakamel.dz\/dz\/#\/schema\/logo\/image\/\",\"url\":\"https:\/\/eurlhosnakamel.dz\/wp-content\/uploads\/2020\/04\/LOGO-HOSNA1.png\",\"contentUrl\":\"https:\/\/eurlhosnakamel.dz\/wp-content\/uploads\/2020\/04\/LOGO-HOSNA1.png\",\"width\":120,\"height\":127,\"caption\":\"EURL HOSNA KAMEL - Bosch alg\u00e9rie\"},\"image\":{\"@id\":\"https:\/\/eurlhosnakamel.dz\/dz\/#\/schema\/logo\/image\/\"},\"sameAs\":[\"https:\/\/www.facebook.com\/Eurl.Hosna.DZ\/\"]}]}<\/script>\n<!-- \/ Yoast SEO plugin. -->","yoast_head_json":{"title":"Set pour GPO d\u00e9coupeur ponceur carellage - EURL HOSNA KAMEL","description":"Set pour GPO d\u00e9coupeur ponceur carellage - EURL HOSNA KAMEL","robots":{"index":"index","follow":"follow","max-snippet":"max-snippet:-1","max-image-preview":"max-image-preview:large","max-video-preview":"max-video-preview:-1"},"canonical":"https:\/\/eurlhosnakamel.dz\/dz\/produit\/set-pour-gpo-decoupeur-ponceur-carellage\/","og_locale":"fr_FR","og_type":"article","og_title":"Set pour GPO d\u00e9coupeur ponceur carellage - EURL HOSNA KAMEL","og_description":"Set pour GPO d\u00e9coupeur ponceur carellage - EURL HOSNA KAMEL","og_url":"https:\/\/eurlhosnakamel.dz\/dz\/produit\/set-pour-gpo-decoupeur-ponceur-carellage\/","og_site_name":"EURL HOSNA KAMEL","article_publisher":"https:\/\/www.facebook.com\/Eurl.Hosna.DZ\/","article_modified_time":"2021-12-19T08:29:18+00:00","og_image":[{"width":512,"height":512,"url":"https:\/\/eurlhosnakamel.dz\/dz\/wp-content\/uploads\/2020\/06\/Set-pour-GPO-d\u00e9coupeur-ponceur-carellage-eurl-hosna-kamel-alg\u00e9rie.jpg","type":"image\/jpeg"}],"twitter_card":"summary_large_image","twitter_misc":{"Dur\u00e9e de lecture estim\u00e9e":"1 minute"},"schema":{"@context":"https:\/\/schema.org","@graph":[{"@type":"WebPage","@id":"https:\/\/eurlhosnakamel.dz\/dz\/produit\/set-pour-gpo-decoupeur-ponceur-carellage\/","url":"https:\/\/eurlhosnakamel.dz\/dz\/produit\/set-pour-gpo-decoupeur-ponceur-carellage\/","name":"Set pour GPO d\u00e9coupeur ponceur carellage - EURL HOSNA KAMEL","isPartOf":{"@id":"https:\/\/eurlhosnakamel.dz\/dz\/#website"},"primaryImageOfPage":{"@id":"https:\/\/eurlhosnakamel.dz\/dz\/produit\/set-pour-gpo-decoupeur-ponceur-carellage\/#primaryimage"},"image":{"@id":"https:\/\/eurlhosnakamel.dz\/dz\/produit\/set-pour-gpo-decoupeur-ponceur-carellage\/#primaryimage"},"thumbnailUrl":"https:\/\/eurlhosnakamel.dz\/dz\/wp-content\/uploads\/2020\/06\/Set-pour-GPO-d\u00e9coupeur-ponceur-carellage-eurl-hosna-kamel-alg\u00e9rie.jpg","datePublished":"2020-06-16T09:45:26+00:00","dateModified":"2021-12-19T08:29:18+00:00","description":"Set pour GPO d\u00e9coupeur ponceur carellage - EURL HOSNA KAMEL","breadcrumb":{"@id":"https:\/\/eurlhosnakamel.dz\/dz\/produit\/set-pour-gpo-decoupeur-ponceur-carellage\/#breadcrumb"},"inLanguage":"fr-FR","potentialAction":[{"@type":"ReadAction","target":["https:\/\/eurlhosnakamel.dz\/dz\/produit\/set-pour-gpo-decoupeur-ponceur-carellage\/"]}]},{"@type":"ImageObject","inLanguage":"fr-FR","@id":"https:\/\/eurlhosnakamel.dz\/dz\/produit\/set-pour-gpo-decoupeur-ponceur-carellage\/#primaryimage","url":"https:\/\/eurlhosnakamel.dz\/dz\/wp-content\/uploads\/2020\/06\/Set-pour-GPO-d\u00e9coupeur-ponceur-carellage-eurl-hosna-kamel-alg\u00e9rie.jpg","contentUrl":"https:\/\/eurlhosnakamel.dz\/dz\/wp-content\/uploads\/2020\/06\/Set-pour-GPO-d\u00e9coupeur-ponceur-carellage-eurl-hosna-kamel-alg\u00e9rie.jpg","width":512,"height":512},{"@type":"BreadcrumbList","@id":"https:\/\/eurlhosnakamel.dz\/dz\/produit\/set-pour-gpo-decoupeur-ponceur-carellage\/#breadcrumb","itemListElement":[{"@type":"ListItem","position":1,"name":"Accueil","item":"https:\/\/eurlhosnakamel.dz\/dz\/"},{"@type":"ListItem","position":2,"name":"Shop","item":"https:\/\/eurlhosnakamel.dz\/dz\/shop\/"},{"@type":"ListItem","position":3,"name":"Set pour GPO d\u00e9coupeur ponceur carellage"}]},{"@type":"WebSite","@id":"https:\/\/eurlhosnakamel.dz\/dz\/#website","url":"https:\/\/eurlhosnakamel.dz\/dz\/","name":"EURL HOSNA KAMEL","description":"Fournisseur Premium d&#039;Outillages Professionnels en Alg\u00e9rie -","publisher":{"@id":"https:\/\/eurlhosnakamel.dz\/dz\/#organization"},"potentialAction":[{"@type":"SearchAction","target":{"@type":"EntryPoint","urlTemplate":"https:\/\/eurlhosnakamel.dz\/dz\/?s={search_term_string}"},"query-input":"required name=search_term_string"}],"inLanguage":"fr-FR"},{"@type":"Organization","@id":"https:\/\/eurlhosnakamel.dz\/dz\/#organization","name":"EURL HOSNA KAMEL - Bosch alg\u00e9rie","url":"https:\/\/eurlhosnakamel.dz\/dz\/","logo":{"@type":"ImageObject","inLanguage":"fr-FR","@id":"https:\/\/eurlhosnakamel.dz\/dz\/#\/schema\/logo\/image\/","url":"https:\/\/eurlhosnakamel.dz\/wp-content\/uploads\/2020\/04\/LOGO-HOSNA1.png","contentUrl":"https:\/\/eurlhosnakamel.dz\/wp-content\/uploads\/2020\/04\/LOGO-HOSNA1.png","width":120,"height":127,"caption":"EURL HOSNA KAMEL - Bosch alg\u00e9rie"},"image":{"@id":"https:\/\/eurlhosnakamel.dz\/dz\/#\/schema\/logo\/image\/"},"sameAs":["https:\/\/www.facebook.com\/Eurl.Hosna.DZ\/"]}]}},"_links":{"self":[{"href":"https:\/\/eurlhosnakamel.dz\/dz\/wp-json\/wp\/v2\/product\/10930","targetHints":{"allow":["GET"]}}],"collection":[{"href":"https:\/\/eurlhosnakamel.dz\/dz\/wp-json\/wp\/v2\/product"}],"about":[{"href":"https:\/\/eurlhosnakamel.dz\/dz\/wp-json\/wp\/v2\/types\/product"}],"wp:featuredmedia":[{"embeddable":true,"href":"https:\/\/eurlhosnakamel.dz\/dz\/wp-json\/wp\/v2\/media\/10931"}],"wp:attachment":[{"href":"https:\/\/eurlhosnakamel.dz\/dz\/wp-json\/wp\/v2\/media?parent=10930"}],"wp:term":[{"taxonomy":"product_cat","embeddable":true,"href":"https:\/\/eurlhosnakamel.dz\/dz\/wp-json\/wp\/v2\/product_cat?post=10930"},{"taxonomy":"product_tag","embeddable":true,"href":"https:\/\/eurlhosnakamel.dz\/dz\/wp-json\/wp\/v2\/product_tag?post=10930"}],"curies":[{"name":"wp","href":"https:\/\/api.w.org\/{rel}","templated":true}]}}