{"id":11006,"date":"2020-06-17T10:55:38","date_gmt":"2020-06-17T10:55:38","guid":{"rendered":"https:\/\/eurlhosnakamel.dz\/?post_type=product&#038;p=11006"},"modified":"2021-12-19T08:24:48","modified_gmt":"2021-12-19T08:24:48","slug":"scie-trepan-diamant-25mm-power-change","status":"publish","type":"product","link":"https:\/\/eurlhosnakamel.dz\/dz\/produit\/scie-trepan-diamant-25mm-power-change\/","title":{"rendered":"Scie tr\u00e9pan diamant 25mm Power Change"},"content":{"rendered":"<h2 class=\"headline hl1\" style=\"text-align: justify\">Avantages produit<\/h2>\n<div class=\"row\">\n<div class=\"col-md-6 xs-mb-30 lg-mb-0\" style=\"text-align: justify\">\n<h3 class=\"headline hl4\">Scies tr\u00e9pans Diamond for Hard Ceramics<\/h3>\n<p>Scie tr\u00e9pan Diamond for Hard Ceramics pour couper dans les carrelages les plus durs<\/p>\n<ul>\n<li>Scie tr\u00e9pan \u00e0 rev\u00eatement diamant\u00e9, gage d&#8217;une bonne dur\u00e9e de vie dans les carreaux tr\u00e8s durs<\/li>\n<li>Ar\u00eate de coupe fine permettant des coupes rapides et nettes dans les c\u00e9ramiques dures<\/li>\n<\/ul>\n<div class=\"m-product_hightlights__description\">\n<h3 class=\"headline hl4\">D\u00e9tails produit<\/h3>\n<div>\n<p>La scie tr\u00e9pan Diamond for Hard Ceramics coupe dans les carrelages les plus durs. Le rev\u00eatement diamant\u00e9 de cette scie tr\u00e9pan lui conf\u00e8re une bonne dur\u00e9e de vie pour les carreaux tr\u00e8s durs de tout type de c\u00e9ramique. Par ailleurs, son ar\u00eate de coupe fine permet des coupes rapides et nettes. Scie tr\u00e9pan \u00e0 utiliser pour la coupe traversante dans les carreaux pour murs et sols. Il est adapt\u00e9 aux perceuses-visseuses filaires et sans fils.<\/p>\n<\/div>\n<div>\n<p>La scie tr\u00e9pan Diamond for Hard Ceramics est \u00e9quip\u00e9e de l&#8217;adaptateur Power-Change exclusif de Bosch, dot\u00e9 du syst\u00e8me de montage le plus rapide du march\u00e9. Il permet de verrouiller et d\u00e9verrouiller la scie tr\u00e9pan en un seul clic.<\/p>\n<\/div>\n<\/div>\n<\/div>\n<div class=\"col-md-6\">\n<h3 class=\"headline hl4\" style=\"text-align: justify\">Fonctions<\/h3>\n<div class=\"image-row\">\n<div class=\"image-col\" style=\"text-align: justify\"><img decoding=\"async\" class=\"img-responsive  lazyloaded\" title=\"\" src=\"https:\/\/www.bosch-professional.com\/binary\/ocsmedia\/optimized\/100x100\/o74748v82_pma9690.png\" alt=\"\" data-srcset=\"\n            https:\/\/www.bosch-professional.com\/binary\/ocsmedia\/optimized\/100x100\/o74748v82_pma9690.png 100w,\n            https:\/\/www.bosch-professional.com\/binary\/ocsmedia\/optimized\/200x200\/o74748v82_pma9690.png 200w\n          \" \/> \u00a0<img decoding=\"async\" class=\"img-responsive  lazyloaded\" title=\"\" src=\"https:\/\/www.bosch-professional.com\/binary\/ocsmedia\/optimized\/100x100\/o11096v82_Powerchange.png\" alt=\"\" data-srcset=\"\n            https:\/\/www.bosch-professional.com\/binary\/ocsmedia\/optimized\/100x100\/o11096v82_Powerchange.png 100w,\n            https:\/\/www.bosch-professional.com\/binary\/ocsmedia\/optimized\/200x200\/o11096v82_Powerchange.png 200w\n          \" \/><\/div>\n<\/div>\n<\/div>\n<\/div>\n","protected":false},"excerpt":{"rendered":"<h4>Scie-tr\u00e9pan diamant\u00e9e Diamond for Hard Ceramics<\/h4>\n<table class=\"m-datatable m-datatable--light\">\n<thead>\n<tr>\n<th class=\"no-sort\" data-priority=\"1\">D\u00e9tails<\/th>\n<th class=\"no-sort\" data-priority=\"1\"><\/th>\n<\/tr>\n<\/thead>\n<tbody>\n<tr class=\"\">\n<td>Diam\u00e8tre mm<\/td>\n<td>25<\/td>\n<\/tr>\n<tr class=\"\">\n<td>Diam\u00e8tre pouces<\/td>\n<td>1<\/td>\n<\/tr>\n<tr class=\"\">\n<td>Longueur de travail mm<\/td>\n<td>39<\/td>\n<\/tr>\n<\/tbody>\n<\/table>\n","protected":false},"featured_media":11007,"template":"","meta":[],"product_cat":[1277,405],"product_tag":[3299],"class_list":{"0":"post-11006","1":"product","2":"type-product","3":"status-publish","4":"has-post-thumbnail","6":"product_cat-accessoires-bosch","7":"product_cat-outillage","8":"product_tag-scie-trepan-diamant-25mm-power-change","9":"product_brand-bosch-outillage","11":"first","12":"instock","13":"shipping-taxable","14":"product-type-simple","15":"col-xs-6 col-sm-4","16":"col-md-3 col-lg-3","17":"un-4-cols"},"yoast_head":"<!-- This site is optimized with the Yoast SEO plugin v22.5 - https:\/\/yoast.com\/wordpress\/plugins\/seo\/ -->\n<title>Scie tr\u00e9pan diamant 25mm Power Change - EURL HOSNA KAMEL<\/title>\n<meta name=\"description\" content=\"Scie tr\u00e9pan diamant 25mm Power Change - EURL HOSNA KAMEL\" \/>\n<meta name=\"robots\" content=\"index, follow, max-snippet:-1, max-image-preview:large, max-video-preview:-1\" \/>\n<link rel=\"canonical\" href=\"https:\/\/eurlhosnakamel.dz\/dz\/produit\/scie-trepan-diamant-25mm-power-change\/\" \/>\n<meta property=\"og:locale\" content=\"fr_FR\" \/>\n<meta property=\"og:type\" content=\"article\" \/>\n<meta property=\"og:title\" content=\"Scie tr\u00e9pan diamant 25mm Power Change - EURL HOSNA KAMEL\" \/>\n<meta property=\"og:description\" content=\"Scie tr\u00e9pan diamant 25mm Power Change - EURL HOSNA KAMEL\" \/>\n<meta property=\"og:url\" content=\"https:\/\/eurlhosnakamel.dz\/dz\/produit\/scie-trepan-diamant-25mm-power-change\/\" \/>\n<meta property=\"og:site_name\" content=\"EURL HOSNA KAMEL\" \/>\n<meta property=\"article:publisher\" content=\"https:\/\/www.facebook.com\/Eurl.Hosna.DZ\/\" \/>\n<meta property=\"article:modified_time\" content=\"2021-12-19T08:24:48+00:00\" \/>\n<meta property=\"og:image\" content=\"https:\/\/eurlhosnakamel.dz\/dz\/wp-content\/uploads\/2020\/06\/Scie-tr\u00e9pan-diamant-25mm-Power-Change-eurl-hosna-kamel-alg\u00e9rie.jpg\" \/>\n\t<meta property=\"og:image:width\" content=\"512\" \/>\n\t<meta property=\"og:image:height\" content=\"512\" \/>\n\t<meta property=\"og:image:type\" content=\"image\/jpeg\" \/>\n<meta name=\"twitter:card\" content=\"summary_large_image\" \/>\n<meta name=\"twitter:label1\" content=\"Dur\u00e9e de lecture estim\u00e9e\" \/>\n\t<meta name=\"twitter:data1\" content=\"1 minute\" \/>\n<script type=\"application\/ld+json\" class=\"yoast-schema-graph\">{\"@context\":\"https:\/\/schema.org\",\"@graph\":[{\"@type\":\"WebPage\",\"@id\":\"https:\/\/eurlhosnakamel.dz\/dz\/produit\/scie-trepan-diamant-25mm-power-change\/\",\"url\":\"https:\/\/eurlhosnakamel.dz\/dz\/produit\/scie-trepan-diamant-25mm-power-change\/\",\"name\":\"Scie tr\u00e9pan diamant 25mm Power Change - EURL HOSNA KAMEL\",\"isPartOf\":{\"@id\":\"https:\/\/eurlhosnakamel.dz\/dz\/#website\"},\"primaryImageOfPage\":{\"@id\":\"https:\/\/eurlhosnakamel.dz\/dz\/produit\/scie-trepan-diamant-25mm-power-change\/#primaryimage\"},\"image\":{\"@id\":\"https:\/\/eurlhosnakamel.dz\/dz\/produit\/scie-trepan-diamant-25mm-power-change\/#primaryimage\"},\"thumbnailUrl\":\"https:\/\/eurlhosnakamel.dz\/dz\/wp-content\/uploads\/2020\/06\/Scie-tr\u00e9pan-diamant-25mm-Power-Change-eurl-hosna-kamel-alg\u00e9rie.jpg\",\"datePublished\":\"2020-06-17T10:55:38+00:00\",\"dateModified\":\"2021-12-19T08:24:48+00:00\",\"description\":\"Scie tr\u00e9pan diamant 25mm Power Change - EURL HOSNA KAMEL\",\"breadcrumb\":{\"@id\":\"https:\/\/eurlhosnakamel.dz\/dz\/produit\/scie-trepan-diamant-25mm-power-change\/#breadcrumb\"},\"inLanguage\":\"fr-FR\",\"potentialAction\":[{\"@type\":\"ReadAction\",\"target\":[\"https:\/\/eurlhosnakamel.dz\/dz\/produit\/scie-trepan-diamant-25mm-power-change\/\"]}]},{\"@type\":\"ImageObject\",\"inLanguage\":\"fr-FR\",\"@id\":\"https:\/\/eurlhosnakamel.dz\/dz\/produit\/scie-trepan-diamant-25mm-power-change\/#primaryimage\",\"url\":\"https:\/\/eurlhosnakamel.dz\/dz\/wp-content\/uploads\/2020\/06\/Scie-tr\u00e9pan-diamant-25mm-Power-Change-eurl-hosna-kamel-alg\u00e9rie.jpg\",\"contentUrl\":\"https:\/\/eurlhosnakamel.dz\/dz\/wp-content\/uploads\/2020\/06\/Scie-tr\u00e9pan-diamant-25mm-Power-Change-eurl-hosna-kamel-alg\u00e9rie.jpg\",\"width\":512,\"height\":512},{\"@type\":\"BreadcrumbList\",\"@id\":\"https:\/\/eurlhosnakamel.dz\/dz\/produit\/scie-trepan-diamant-25mm-power-change\/#breadcrumb\",\"itemListElement\":[{\"@type\":\"ListItem\",\"position\":1,\"name\":\"Accueil\",\"item\":\"https:\/\/eurlhosnakamel.dz\/dz\/\"},{\"@type\":\"ListItem\",\"position\":2,\"name\":\"Shop\",\"item\":\"https:\/\/eurlhosnakamel.dz\/dz\/shop\/\"},{\"@type\":\"ListItem\",\"position\":3,\"name\":\"Scie tr\u00e9pan diamant 25mm Power Change\"}]},{\"@type\":\"WebSite\",\"@id\":\"https:\/\/eurlhosnakamel.dz\/dz\/#website\",\"url\":\"https:\/\/eurlhosnakamel.dz\/dz\/\",\"name\":\"EURL HOSNA KAMEL\",\"description\":\"Fournisseur Premium d&#039;Outillages Professionnels en Alg\u00e9rie -\",\"publisher\":{\"@id\":\"https:\/\/eurlhosnakamel.dz\/dz\/#organization\"},\"potentialAction\":[{\"@type\":\"SearchAction\",\"target\":{\"@type\":\"EntryPoint\",\"urlTemplate\":\"https:\/\/eurlhosnakamel.dz\/dz\/?s={search_term_string}\"},\"query-input\":\"required name=search_term_string\"}],\"inLanguage\":\"fr-FR\"},{\"@type\":\"Organization\",\"@id\":\"https:\/\/eurlhosnakamel.dz\/dz\/#organization\",\"name\":\"EURL HOSNA KAMEL - Bosch alg\u00e9rie\",\"url\":\"https:\/\/eurlhosnakamel.dz\/dz\/\",\"logo\":{\"@type\":\"ImageObject\",\"inLanguage\":\"fr-FR\",\"@id\":\"https:\/\/eurlhosnakamel.dz\/dz\/#\/schema\/logo\/image\/\",\"url\":\"https:\/\/eurlhosnakamel.dz\/wp-content\/uploads\/2020\/04\/LOGO-HOSNA1.png\",\"contentUrl\":\"https:\/\/eurlhosnakamel.dz\/wp-content\/uploads\/2020\/04\/LOGO-HOSNA1.png\",\"width\":120,\"height\":127,\"caption\":\"EURL HOSNA KAMEL - Bosch alg\u00e9rie\"},\"image\":{\"@id\":\"https:\/\/eurlhosnakamel.dz\/dz\/#\/schema\/logo\/image\/\"},\"sameAs\":[\"https:\/\/www.facebook.com\/Eurl.Hosna.DZ\/\"]}]}<\/script>\n<!-- \/ Yoast SEO plugin. -->","yoast_head_json":{"title":"Scie tr\u00e9pan diamant 25mm Power Change - EURL HOSNA KAMEL","description":"Scie tr\u00e9pan diamant 25mm Power Change - EURL HOSNA KAMEL","robots":{"index":"index","follow":"follow","max-snippet":"max-snippet:-1","max-image-preview":"max-image-preview:large","max-video-preview":"max-video-preview:-1"},"canonical":"https:\/\/eurlhosnakamel.dz\/dz\/produit\/scie-trepan-diamant-25mm-power-change\/","og_locale":"fr_FR","og_type":"article","og_title":"Scie tr\u00e9pan diamant 25mm Power Change - EURL HOSNA KAMEL","og_description":"Scie tr\u00e9pan diamant 25mm Power Change - EURL HOSNA KAMEL","og_url":"https:\/\/eurlhosnakamel.dz\/dz\/produit\/scie-trepan-diamant-25mm-power-change\/","og_site_name":"EURL HOSNA KAMEL","article_publisher":"https:\/\/www.facebook.com\/Eurl.Hosna.DZ\/","article_modified_time":"2021-12-19T08:24:48+00:00","og_image":[{"width":512,"height":512,"url":"https:\/\/eurlhosnakamel.dz\/dz\/wp-content\/uploads\/2020\/06\/Scie-tr\u00e9pan-diamant-25mm-Power-Change-eurl-hosna-kamel-alg\u00e9rie.jpg","type":"image\/jpeg"}],"twitter_card":"summary_large_image","twitter_misc":{"Dur\u00e9e de lecture estim\u00e9e":"1 minute"},"schema":{"@context":"https:\/\/schema.org","@graph":[{"@type":"WebPage","@id":"https:\/\/eurlhosnakamel.dz\/dz\/produit\/scie-trepan-diamant-25mm-power-change\/","url":"https:\/\/eurlhosnakamel.dz\/dz\/produit\/scie-trepan-diamant-25mm-power-change\/","name":"Scie tr\u00e9pan diamant 25mm Power Change - EURL HOSNA KAMEL","isPartOf":{"@id":"https:\/\/eurlhosnakamel.dz\/dz\/#website"},"primaryImageOfPage":{"@id":"https:\/\/eurlhosnakamel.dz\/dz\/produit\/scie-trepan-diamant-25mm-power-change\/#primaryimage"},"image":{"@id":"https:\/\/eurlhosnakamel.dz\/dz\/produit\/scie-trepan-diamant-25mm-power-change\/#primaryimage"},"thumbnailUrl":"https:\/\/eurlhosnakamel.dz\/dz\/wp-content\/uploads\/2020\/06\/Scie-tr\u00e9pan-diamant-25mm-Power-Change-eurl-hosna-kamel-alg\u00e9rie.jpg","datePublished":"2020-06-17T10:55:38+00:00","dateModified":"2021-12-19T08:24:48+00:00","description":"Scie tr\u00e9pan diamant 25mm Power Change - EURL HOSNA KAMEL","breadcrumb":{"@id":"https:\/\/eurlhosnakamel.dz\/dz\/produit\/scie-trepan-diamant-25mm-power-change\/#breadcrumb"},"inLanguage":"fr-FR","potentialAction":[{"@type":"ReadAction","target":["https:\/\/eurlhosnakamel.dz\/dz\/produit\/scie-trepan-diamant-25mm-power-change\/"]}]},{"@type":"ImageObject","inLanguage":"fr-FR","@id":"https:\/\/eurlhosnakamel.dz\/dz\/produit\/scie-trepan-diamant-25mm-power-change\/#primaryimage","url":"https:\/\/eurlhosnakamel.dz\/dz\/wp-content\/uploads\/2020\/06\/Scie-tr\u00e9pan-diamant-25mm-Power-Change-eurl-hosna-kamel-alg\u00e9rie.jpg","contentUrl":"https:\/\/eurlhosnakamel.dz\/dz\/wp-content\/uploads\/2020\/06\/Scie-tr\u00e9pan-diamant-25mm-Power-Change-eurl-hosna-kamel-alg\u00e9rie.jpg","width":512,"height":512},{"@type":"BreadcrumbList","@id":"https:\/\/eurlhosnakamel.dz\/dz\/produit\/scie-trepan-diamant-25mm-power-change\/#breadcrumb","itemListElement":[{"@type":"ListItem","position":1,"name":"Accueil","item":"https:\/\/eurlhosnakamel.dz\/dz\/"},{"@type":"ListItem","position":2,"name":"Shop","item":"https:\/\/eurlhosnakamel.dz\/dz\/shop\/"},{"@type":"ListItem","position":3,"name":"Scie tr\u00e9pan diamant 25mm Power Change"}]},{"@type":"WebSite","@id":"https:\/\/eurlhosnakamel.dz\/dz\/#website","url":"https:\/\/eurlhosnakamel.dz\/dz\/","name":"EURL HOSNA KAMEL","description":"Fournisseur Premium d&#039;Outillages Professionnels en Alg\u00e9rie -","publisher":{"@id":"https:\/\/eurlhosnakamel.dz\/dz\/#organization"},"potentialAction":[{"@type":"SearchAction","target":{"@type":"EntryPoint","urlTemplate":"https:\/\/eurlhosnakamel.dz\/dz\/?s={search_term_string}"},"query-input":"required name=search_term_string"}],"inLanguage":"fr-FR"},{"@type":"Organization","@id":"https:\/\/eurlhosnakamel.dz\/dz\/#organization","name":"EURL HOSNA KAMEL - Bosch alg\u00e9rie","url":"https:\/\/eurlhosnakamel.dz\/dz\/","logo":{"@type":"ImageObject","inLanguage":"fr-FR","@id":"https:\/\/eurlhosnakamel.dz\/dz\/#\/schema\/logo\/image\/","url":"https:\/\/eurlhosnakamel.dz\/wp-content\/uploads\/2020\/04\/LOGO-HOSNA1.png","contentUrl":"https:\/\/eurlhosnakamel.dz\/wp-content\/uploads\/2020\/04\/LOGO-HOSNA1.png","width":120,"height":127,"caption":"EURL HOSNA KAMEL - Bosch alg\u00e9rie"},"image":{"@id":"https:\/\/eurlhosnakamel.dz\/dz\/#\/schema\/logo\/image\/"},"sameAs":["https:\/\/www.facebook.com\/Eurl.Hosna.DZ\/"]}]}},"_links":{"self":[{"href":"https:\/\/eurlhosnakamel.dz\/dz\/wp-json\/wp\/v2\/product\/11006","targetHints":{"allow":["GET"]}}],"collection":[{"href":"https:\/\/eurlhosnakamel.dz\/dz\/wp-json\/wp\/v2\/product"}],"about":[{"href":"https:\/\/eurlhosnakamel.dz\/dz\/wp-json\/wp\/v2\/types\/product"}],"wp:featuredmedia":[{"embeddable":true,"href":"https:\/\/eurlhosnakamel.dz\/dz\/wp-json\/wp\/v2\/media\/11007"}],"wp:attachment":[{"href":"https:\/\/eurlhosnakamel.dz\/dz\/wp-json\/wp\/v2\/media?parent=11006"}],"wp:term":[{"taxonomy":"product_cat","embeddable":true,"href":"https:\/\/eurlhosnakamel.dz\/dz\/wp-json\/wp\/v2\/product_cat?post=11006"},{"taxonomy":"product_tag","embeddable":true,"href":"https:\/\/eurlhosnakamel.dz\/dz\/wp-json\/wp\/v2\/product_tag?post=11006"}],"curies":[{"name":"wp","href":"https:\/\/api.w.org\/{rel}","templated":true}]}}