{"id":11058,"date":"2020-06-17T13:23:19","date_gmt":"2020-06-17T13:23:19","guid":{"rendered":"https:\/\/eurlhosnakamel.dz\/?post_type=product&#038;p=11058"},"modified":"2021-12-19T08:21:55","modified_gmt":"2021-12-19T08:21:55","slug":"lame-pour-scie-circulaire-pour-le-bois-254-x-30-x-24-18mm-60-dents","status":"publish","type":"product","link":"https:\/\/eurlhosnakamel.dz\/dz\/produit\/lame-pour-scie-circulaire-pour-le-bois-254-x-30-x-24-18mm-60-dents\/","title":{"rendered":"Lame pour scie circulaire pour le bois 254 x 30 x 2,4\/1,8mm &#8211; 60 dents"},"content":{"rendered":"<h2 class=\"headline hl1\" style=\"text-align: justify;\">Avantages produit<\/h2>\n<div class=\"row\">\n<div class=\"col-md-6 xs-mb-30 lg-mb-0\" style=\"text-align: justify;\">\n<h3 class=\"headline hl4\">Lames de scies circulaires Expert for Wood<\/h3>\n<p>Lame de scie circulaire Expert for Wood \u00e0 dur\u00e9e de vie prolong\u00e9e pour des performances de coupe \u00e9lev\u00e9es dans le bois<\/p>\n<ul>\n<li>Denture Microteq extra-dure fabriqu\u00e9e dans nos usines avec du carbure extr\u00eamement solide pour une dur\u00e9e de vie \u00e9lev\u00e9e<\/li>\n<li>Rev\u00eatement Proteqtion anti-corrosion r\u00e9duisant les frottements<\/li>\n<li>Encoches anti-vibration pour une coupe particuli\u00e8rement lisse, avec beaucoup moins de bruit et de vibrations<\/li>\n<\/ul>\n<div class=\"m-product_hightlights__description\">\n<h3 class=\"headline hl4\">D\u00e9tails produit<\/h3>\n<div>\n<p>Denture Microteq (production en interne) en carbure haute-densit\u00e9 associ\u00e9e \u00e0 un profil de dent id\u00e9al pour une utilisation universelle Elle est compatible avec les scies plongeantes, portatives, \u00e0 plusieurs tranchants, \u00e0 onglets, radiales et les scies sur table, ainsi qu&#8217;avec les scies \u00e0 panneaux horizontaux\/verticaux.<\/p>\n<\/div>\n<div>\n<p>En fonction du nombre de dents, les lames de scies circulaires Expert for Wood permettent d&#8217;obtenir des r\u00e9sultats diff\u00e9rents, notamment gr\u00e2ce \u00e0 une g\u00e9om\u00e9trie de denture altern\u00e9e (de type ATB) : avec un grand nombre de dents, la lame offre des coupes nettes ; avec un nombre de dents peu \u00e9lev\u00e9, les coupes sont robustes et efficaces.<\/p>\n<\/div>\n<\/div>\n<\/div>\n<div class=\"col-md-6\">\n<h3 class=\"headline hl4\" style=\"text-align: justify;\">Fonctions<\/h3>\n<div class=\"image-row\">\n<div class=\"image-col\" style=\"text-align: justify;\"><img decoding=\"async\" class=\"img-responsive  ls-is-cached lazyloaded\" title=\"\" src=\"https:\/\/www.bosch-professional.com\/binary\/ocsmedia\/optimized\/100x100\/o75581v82_pks4671.png\" sizes=\"(max-width: 767px) 100px, (min-width: 768px) and (max-width: 991px) 100px, (-webkit-min-device-pixel-ratio: 2.0) and (min-width: 1000px) 200px, 100px\" srcset=\"\n            https:\/\/www.bosch-professional.com\/binary\/ocsmedia\/optimized\/100x100\/o75581v82_pks4671.png 100w,\n            https:\/\/www.bosch-professional.com\/binary\/ocsmedia\/optimized\/200x200\/o75581v82_pks4671.png 200w\n          \" alt=\"\" data-srcset=\"\n            https:\/\/www.bosch-professional.com\/binary\/ocsmedia\/optimized\/100x100\/o75581v82_pks4671.png 100w,\n            https:\/\/www.bosch-professional.com\/binary\/ocsmedia\/optimized\/200x200\/o75581v82_pks4671.png 200w\n          \" \/> \u00a0<img decoding=\"async\" class=\"img-responsive  lazyloaded\" title=\"\" src=\"https:\/\/www.bosch-professional.com\/binary\/ocsmedia\/optimized\/100x100\/o169734v82_iks4462.png\" sizes=\"(max-width: 767px) 100px, (min-width: 768px) and (max-width: 991px) 100px, (-webkit-min-device-pixel-ratio: 2.0) and (min-width: 1000px) 200px, 100px\" srcset=\"\n            https:\/\/www.bosch-professional.com\/binary\/ocsmedia\/optimized\/100x100\/o169734v82_iks4462.png 100w,\n            https:\/\/www.bosch-professional.com\/binary\/ocsmedia\/optimized\/200x200\/o169734v82_iks4462.png 200w\n          \" alt=\"\" data-srcset=\"\n            https:\/\/www.bosch-professional.com\/binary\/ocsmedia\/optimized\/100x100\/o169734v82_iks4462.png 100w,\n            https:\/\/www.bosch-professional.com\/binary\/ocsmedia\/optimized\/200x200\/o169734v82_iks4462.png 200w\n          \" \/> \u00a0<img decoding=\"async\" class=\"img-responsive  lazyloaded\" title=\"\" src=\"https:\/\/www.bosch-professional.com\/binary\/ocsmedia\/optimized\/100x100\/o75579v82_pks4669.png\" sizes=\"(max-width: 767px) 100px, (min-width: 768px) and (max-width: 991px) 100px, (-webkit-min-device-pixel-ratio: 2.0) and (min-width: 1000px) 200px, 100px\" srcset=\"\n            https:\/\/www.bosch-professional.com\/binary\/ocsmedia\/optimized\/100x100\/o75579v82_pks4669.png 100w,\n            https:\/\/www.bosch-professional.com\/binary\/ocsmedia\/optimized\/200x200\/o75579v82_pks4669.png 200w\n          \" alt=\"\" data-srcset=\"\n            https:\/\/www.bosch-professional.com\/binary\/ocsmedia\/optimized\/100x100\/o75579v82_pks4669.png 100w,\n            https:\/\/www.bosch-professional.com\/binary\/ocsmedia\/optimized\/200x200\/o75579v82_pks4669.png 200w\n          \" \/> \u00a0<img decoding=\"async\" class=\"img-responsive  lazyloaded\" title=\"\" src=\"https:\/\/www.bosch-professional.com\/binary\/ocsmedia\/optimized\/100x100\/o75580v82_pks4670.png\" sizes=\"(max-width: 767px) 100px, (min-width: 768px) and (max-width: 991px) 100px, (-webkit-min-device-pixel-ratio: 2.0) and (min-width: 1000px) 200px, 100px\" srcset=\"\n            https:\/\/www.bosch-professional.com\/binary\/ocsmedia\/optimized\/100x100\/o75580v82_pks4670.png 100w,\n            https:\/\/www.bosch-professional.com\/binary\/ocsmedia\/optimized\/200x200\/o75580v82_pks4670.png 200w\n          \" alt=\"\" data-srcset=\"\n            https:\/\/www.bosch-professional.com\/binary\/ocsmedia\/optimized\/100x100\/o75580v82_pks4670.png 100w,\n            https:\/\/www.bosch-professional.com\/binary\/ocsmedia\/optimized\/200x200\/o75580v82_pks4670.png 200w\n          \" \/> \u00a0<img decoding=\"async\" class=\"img-responsive  lazyloaded\" title=\"\" src=\"https:\/\/www.bosch-professional.com\/binary\/ocsmedia\/optimized\/100x100\/o104961v82_Vertikale_formatkreissaege.png\" sizes=\"(max-width: 767px) 100px, (min-width: 768px) and (max-width: 991px) 100px, (-webkit-min-device-pixel-ratio: 2.0) and (min-width: 1000px) 200px, 100px\" srcset=\"\n            https:\/\/www.bosch-professional.com\/binary\/ocsmedia\/optimized\/100x100\/o104961v82_Vertikale_formatkreissaege.png 100w,\n            https:\/\/www.bosch-professional.com\/binary\/ocsmedia\/optimized\/200x200\/o104961v82_Vertikale_formatkreissaege.png 200w\n          \" alt=\"\" data-srcset=\"\n            https:\/\/www.bosch-professional.com\/binary\/ocsmedia\/optimized\/100x100\/o104961v82_Vertikale_formatkreissaege.png 100w,\n            https:\/\/www.bosch-professional.com\/binary\/ocsmedia\/optimized\/200x200\/o104961v82_Vertikale_formatkreissaege.png 200w\n          \" \/> <img decoding=\"async\" class=\"img-responsive  lazyloaded\" title=\"\" src=\"https:\/\/www.bosch-professional.com\/binary\/ocsmedia\/optimized\/100x100\/o97810v82_pks4688.png\" sizes=\"(max-width: 767px) 100px, (min-width: 768px) and (max-width: 991px) 100px, (-webkit-min-device-pixel-ratio: 2.0) and (min-width: 1000px) 200px, 100px\" srcset=\"\n            https:\/\/www.bosch-professional.com\/binary\/ocsmedia\/optimized\/100x100\/o97810v82_pks4688.png 100w,\n            https:\/\/www.bosch-professional.com\/binary\/ocsmedia\/optimized\/200x200\/o97810v82_pks4688.png 200w\n          \" alt=\"\" data-srcset=\"\n            https:\/\/www.bosch-professional.com\/binary\/ocsmedia\/optimized\/100x100\/o97810v82_pks4688.png 100w,\n            https:\/\/www.bosch-professional.com\/binary\/ocsmedia\/optimized\/200x200\/o97810v82_pks4688.png 200w\n          \" \/> <img decoding=\"async\" class=\"img-responsive  lazyloaded\" title=\"\" src=\"https:\/\/www.bosch-professional.com\/binary\/ocsmedia\/optimized\/100x100\/o158261v82_pks4689.png\" sizes=\"(max-width: 767px) 100px, (min-width: 768px) and (max-width: 991px) 100px, (-webkit-min-device-pixel-ratio: 2.0) and (min-width: 1000px) 200px, 100px\" srcset=\"\n            https:\/\/www.bosch-professional.com\/binary\/ocsmedia\/optimized\/100x100\/o158261v82_pks4689.png 100w,\n            https:\/\/www.bosch-professional.com\/binary\/ocsmedia\/optimized\/200x200\/o158261v82_pks4689.png 200w\n          \" alt=\"\" data-srcset=\"\n            https:\/\/www.bosch-professional.com\/binary\/ocsmedia\/optimized\/100x100\/o158261v82_pks4689.png 100w,\n            https:\/\/www.bosch-professional.com\/binary\/ocsmedia\/optimized\/200x200\/o158261v82_pks4689.png 200w\n          \" \/><img decoding=\"async\" class=\"img-responsive  lazyloaded\" title=\"\" src=\"https:\/\/www.bosch-professional.com\/binary\/ocsmedia\/optimized\/100x100\/o169733v82_iks4461.png\" sizes=\"(max-width: 767px) 100px, (min-width: 768px) and (max-width: 991px) 100px, (-webkit-min-device-pixel-ratio: 2.0) and (min-width: 1000px) 200px, 100px\" srcset=\"\n            https:\/\/www.bosch-professional.com\/binary\/ocsmedia\/optimized\/100x100\/o169733v82_iks4461.png 100w,\n            https:\/\/www.bosch-professional.com\/binary\/ocsmedia\/optimized\/200x200\/o169733v82_iks4461.png 200w\n          \" alt=\"\" data-srcset=\"\n            https:\/\/www.bosch-professional.com\/binary\/ocsmedia\/optimized\/100x100\/o169733v82_iks4461.png 100w,\n            https:\/\/www.bosch-professional.com\/binary\/ocsmedia\/optimized\/200x200\/o169733v82_iks4461.png 200w\n          \" \/><\/div>\n<\/div>\n<\/div>\n<\/div>\n","protected":false},"excerpt":{"rendered":"<h4>Lame de scie circulaire Expert for Wood<\/h4>\n<table class=\"m-datatable m-datatable--light\">\n<thead>\n<tr>\n<th class=\"no-sort\" data-priority=\"1\">D\u00e9tails<\/th>\n<th class=\"no-sort\" data-priority=\"1\"><\/th>\n<\/tr>\n<\/thead>\n<tbody>\n<tr class=\"\">\n<td>Diam\u00e8tre ext\u00e9rieur mm<\/td>\n<td>254<\/td>\n<\/tr>\n<tr class=\"\">\n<td>\u00d8 d\u2019al\u00e9sage mm<\/td>\n<td>30<\/td>\n<\/tr>\n<tr class=\"\">\n<td>Largeur de coupe (b1) mm \/ \u00e9paisseur du corps de lame (b2) mm<\/td>\n<td>2,4\/1,8<\/td>\n<\/tr>\n<tr class=\"\">\n<td>Nombre de dents<\/td>\n<td>60<\/td>\n<\/tr>\n<tr class=\"\">\n<td>Forme des dents<\/td>\n<td>ATB<\/td>\n<\/tr>\n<tr class=\"\">\n<td>Vitesse de rotation maxi (tr\/min)<\/td>\n<td>7500<\/td>\n<\/tr>\n<tr class=\"\">\n<td>R\u00e9sultat de coupe<\/td>\n<td>Coupe pr\u00e9cise<\/td>\n<\/tr>\n<tr class=\"\">\n<td>NL \/ Diam\u00e8tre TKS<\/td>\n<td>2\/7\/42 \/ 2\/9,5\/46,5 \/ 2\/9\/46 \/ 2\/10\/60<\/td>\n<\/tr>\n<tr class=\"\">\n<td>Angle d\u2019attaque \u00b0 w1<\/td>\n<td>-5<\/td>\n<\/tr>\n<tr class=\"\">\n<td>Angle de d\u00e9pouille \u00b0 w2<\/td>\n<td>15<\/td>\n<\/tr>\n<\/tbody>\n<\/table>\n","protected":false},"featured_media":11059,"template":"","meta":[],"product_cat":[1277,405],"product_tag":[3467],"class_list":{"0":"post-11058","1":"product","2":"type-product","3":"status-publish","4":"has-post-thumbnail","6":"product_cat-accessoires-bosch","7":"product_cat-outillage","8":"product_tag-lame-pour-scie-circulaire-pour-le-bois-254-x-30-x-2-4-1-8mm-60-dents","9":"product_brand-bosch-outillage","11":"first","12":"instock","13":"shipping-taxable","14":"product-type-simple","15":"col-xs-6 col-sm-4","16":"col-md-3 col-lg-3","17":"un-4-cols"},"yoast_head":"<!-- This site is optimized with the Yoast SEO plugin v22.5 - https:\/\/yoast.com\/wordpress\/plugins\/seo\/ -->\n<title>Lame pour scie circulaire pour le bois 254 x 30 x 2,4\/1,8mm - 60 dents - EURL HOSNA KAMEL<\/title>\n<meta name=\"description\" content=\"Lame pour scie circulaire pour le bois 254 x 30 x 2,4\/1,8mm - 60 dents - EURL HOSNA KAMEL\" \/>\n<meta name=\"robots\" content=\"index, follow, max-snippet:-1, max-image-preview:large, max-video-preview:-1\" \/>\n<link rel=\"canonical\" href=\"https:\/\/eurlhosnakamel.dz\/dz\/produit\/lame-pour-scie-circulaire-pour-le-bois-254-x-30-x-24-18mm-60-dents\/\" \/>\n<meta property=\"og:locale\" content=\"fr_FR\" \/>\n<meta property=\"og:type\" content=\"article\" \/>\n<meta property=\"og:title\" content=\"Lame pour scie circulaire pour le bois 254 x 30 x 2,4\/1,8mm - 60 dents - EURL HOSNA KAMEL\" \/>\n<meta property=\"og:description\" content=\"Lame pour scie circulaire pour le bois 254 x 30 x 2,4\/1,8mm - 60 dents - EURL HOSNA KAMEL\" \/>\n<meta property=\"og:url\" content=\"https:\/\/eurlhosnakamel.dz\/dz\/produit\/lame-pour-scie-circulaire-pour-le-bois-254-x-30-x-24-18mm-60-dents\/\" \/>\n<meta property=\"og:site_name\" content=\"EURL HOSNA KAMEL\" \/>\n<meta property=\"article:publisher\" content=\"https:\/\/www.facebook.com\/Eurl.Hosna.DZ\/\" \/>\n<meta property=\"article:modified_time\" content=\"2021-12-19T08:21:55+00:00\" \/>\n<meta property=\"og:image\" content=\"https:\/\/eurlhosnakamel.dz\/dz\/wp-content\/uploads\/2020\/06\/Lame-pour-scie-circulaire-pour-le-bois-254-x-30-x-2418mm-60-dents-eurl-hosna-kamel-alg\u00e9rie.jpg\" \/>\n\t<meta property=\"og:image:width\" content=\"512\" \/>\n\t<meta property=\"og:image:height\" content=\"512\" \/>\n\t<meta property=\"og:image:type\" content=\"image\/jpeg\" \/>\n<meta name=\"twitter:card\" content=\"summary_large_image\" \/>\n<meta name=\"twitter:label1\" content=\"Dur\u00e9e de lecture estim\u00e9e\" \/>\n\t<meta name=\"twitter:data1\" content=\"1 minute\" \/>\n<script type=\"application\/ld+json\" class=\"yoast-schema-graph\">{\"@context\":\"https:\/\/schema.org\",\"@graph\":[{\"@type\":\"WebPage\",\"@id\":\"https:\/\/eurlhosnakamel.dz\/dz\/produit\/lame-pour-scie-circulaire-pour-le-bois-254-x-30-x-24-18mm-60-dents\/\",\"url\":\"https:\/\/eurlhosnakamel.dz\/dz\/produit\/lame-pour-scie-circulaire-pour-le-bois-254-x-30-x-24-18mm-60-dents\/\",\"name\":\"Lame pour scie circulaire pour le bois 254 x 30 x 2,4\/1,8mm - 60 dents - EURL HOSNA KAMEL\",\"isPartOf\":{\"@id\":\"https:\/\/eurlhosnakamel.dz\/dz\/#website\"},\"primaryImageOfPage\":{\"@id\":\"https:\/\/eurlhosnakamel.dz\/dz\/produit\/lame-pour-scie-circulaire-pour-le-bois-254-x-30-x-24-18mm-60-dents\/#primaryimage\"},\"image\":{\"@id\":\"https:\/\/eurlhosnakamel.dz\/dz\/produit\/lame-pour-scie-circulaire-pour-le-bois-254-x-30-x-24-18mm-60-dents\/#primaryimage\"},\"thumbnailUrl\":\"https:\/\/eurlhosnakamel.dz\/dz\/wp-content\/uploads\/2020\/06\/Lame-pour-scie-circulaire-pour-le-bois-254-x-30-x-2418mm-60-dents-eurl-hosna-kamel-alg\u00e9rie.jpg\",\"datePublished\":\"2020-06-17T13:23:19+00:00\",\"dateModified\":\"2021-12-19T08:21:55+00:00\",\"description\":\"Lame pour scie circulaire pour le bois 254 x 30 x 2,4\/1,8mm - 60 dents - EURL HOSNA KAMEL\",\"breadcrumb\":{\"@id\":\"https:\/\/eurlhosnakamel.dz\/dz\/produit\/lame-pour-scie-circulaire-pour-le-bois-254-x-30-x-24-18mm-60-dents\/#breadcrumb\"},\"inLanguage\":\"fr-FR\",\"potentialAction\":[{\"@type\":\"ReadAction\",\"target\":[\"https:\/\/eurlhosnakamel.dz\/dz\/produit\/lame-pour-scie-circulaire-pour-le-bois-254-x-30-x-24-18mm-60-dents\/\"]}]},{\"@type\":\"ImageObject\",\"inLanguage\":\"fr-FR\",\"@id\":\"https:\/\/eurlhosnakamel.dz\/dz\/produit\/lame-pour-scie-circulaire-pour-le-bois-254-x-30-x-24-18mm-60-dents\/#primaryimage\",\"url\":\"https:\/\/eurlhosnakamel.dz\/dz\/wp-content\/uploads\/2020\/06\/Lame-pour-scie-circulaire-pour-le-bois-254-x-30-x-2418mm-60-dents-eurl-hosna-kamel-alg\u00e9rie.jpg\",\"contentUrl\":\"https:\/\/eurlhosnakamel.dz\/dz\/wp-content\/uploads\/2020\/06\/Lame-pour-scie-circulaire-pour-le-bois-254-x-30-x-2418mm-60-dents-eurl-hosna-kamel-alg\u00e9rie.jpg\",\"width\":512,\"height\":512},{\"@type\":\"BreadcrumbList\",\"@id\":\"https:\/\/eurlhosnakamel.dz\/dz\/produit\/lame-pour-scie-circulaire-pour-le-bois-254-x-30-x-24-18mm-60-dents\/#breadcrumb\",\"itemListElement\":[{\"@type\":\"ListItem\",\"position\":1,\"name\":\"Accueil\",\"item\":\"https:\/\/eurlhosnakamel.dz\/dz\/\"},{\"@type\":\"ListItem\",\"position\":2,\"name\":\"Shop\",\"item\":\"https:\/\/eurlhosnakamel.dz\/dz\/shop\/\"},{\"@type\":\"ListItem\",\"position\":3,\"name\":\"Lame pour scie circulaire pour le bois 254 x 30 x 2,4\/1,8mm &#8211; 60 dents\"}]},{\"@type\":\"WebSite\",\"@id\":\"https:\/\/eurlhosnakamel.dz\/dz\/#website\",\"url\":\"https:\/\/eurlhosnakamel.dz\/dz\/\",\"name\":\"EURL HOSNA KAMEL\",\"description\":\"Fournisseur Premium d&#039;Outillages Professionnels en Alg\u00e9rie -\",\"publisher\":{\"@id\":\"https:\/\/eurlhosnakamel.dz\/dz\/#organization\"},\"potentialAction\":[{\"@type\":\"SearchAction\",\"target\":{\"@type\":\"EntryPoint\",\"urlTemplate\":\"https:\/\/eurlhosnakamel.dz\/dz\/?s={search_term_string}\"},\"query-input\":\"required name=search_term_string\"}],\"inLanguage\":\"fr-FR\"},{\"@type\":\"Organization\",\"@id\":\"https:\/\/eurlhosnakamel.dz\/dz\/#organization\",\"name\":\"EURL HOSNA KAMEL - Bosch alg\u00e9rie\",\"url\":\"https:\/\/eurlhosnakamel.dz\/dz\/\",\"logo\":{\"@type\":\"ImageObject\",\"inLanguage\":\"fr-FR\",\"@id\":\"https:\/\/eurlhosnakamel.dz\/dz\/#\/schema\/logo\/image\/\",\"url\":\"https:\/\/eurlhosnakamel.dz\/wp-content\/uploads\/2020\/04\/LOGO-HOSNA1.png\",\"contentUrl\":\"https:\/\/eurlhosnakamel.dz\/wp-content\/uploads\/2020\/04\/LOGO-HOSNA1.png\",\"width\":120,\"height\":127,\"caption\":\"EURL HOSNA KAMEL - Bosch alg\u00e9rie\"},\"image\":{\"@id\":\"https:\/\/eurlhosnakamel.dz\/dz\/#\/schema\/logo\/image\/\"},\"sameAs\":[\"https:\/\/www.facebook.com\/Eurl.Hosna.DZ\/\"]}]}<\/script>\n<!-- \/ Yoast SEO plugin. -->","yoast_head_json":{"title":"Lame pour scie circulaire pour le bois 254 x 30 x 2,4\/1,8mm - 60 dents - EURL HOSNA KAMEL","description":"Lame pour scie circulaire pour le bois 254 x 30 x 2,4\/1,8mm - 60 dents - EURL HOSNA KAMEL","robots":{"index":"index","follow":"follow","max-snippet":"max-snippet:-1","max-image-preview":"max-image-preview:large","max-video-preview":"max-video-preview:-1"},"canonical":"https:\/\/eurlhosnakamel.dz\/dz\/produit\/lame-pour-scie-circulaire-pour-le-bois-254-x-30-x-24-18mm-60-dents\/","og_locale":"fr_FR","og_type":"article","og_title":"Lame pour scie circulaire pour le bois 254 x 30 x 2,4\/1,8mm - 60 dents - EURL HOSNA KAMEL","og_description":"Lame pour scie circulaire pour le bois 254 x 30 x 2,4\/1,8mm - 60 dents - EURL HOSNA KAMEL","og_url":"https:\/\/eurlhosnakamel.dz\/dz\/produit\/lame-pour-scie-circulaire-pour-le-bois-254-x-30-x-24-18mm-60-dents\/","og_site_name":"EURL HOSNA KAMEL","article_publisher":"https:\/\/www.facebook.com\/Eurl.Hosna.DZ\/","article_modified_time":"2021-12-19T08:21:55+00:00","og_image":[{"width":512,"height":512,"url":"https:\/\/eurlhosnakamel.dz\/dz\/wp-content\/uploads\/2020\/06\/Lame-pour-scie-circulaire-pour-le-bois-254-x-30-x-2418mm-60-dents-eurl-hosna-kamel-alg\u00e9rie.jpg","type":"image\/jpeg"}],"twitter_card":"summary_large_image","twitter_misc":{"Dur\u00e9e de lecture estim\u00e9e":"1 minute"},"schema":{"@context":"https:\/\/schema.org","@graph":[{"@type":"WebPage","@id":"https:\/\/eurlhosnakamel.dz\/dz\/produit\/lame-pour-scie-circulaire-pour-le-bois-254-x-30-x-24-18mm-60-dents\/","url":"https:\/\/eurlhosnakamel.dz\/dz\/produit\/lame-pour-scie-circulaire-pour-le-bois-254-x-30-x-24-18mm-60-dents\/","name":"Lame pour scie circulaire pour le bois 254 x 30 x 2,4\/1,8mm - 60 dents - EURL HOSNA KAMEL","isPartOf":{"@id":"https:\/\/eurlhosnakamel.dz\/dz\/#website"},"primaryImageOfPage":{"@id":"https:\/\/eurlhosnakamel.dz\/dz\/produit\/lame-pour-scie-circulaire-pour-le-bois-254-x-30-x-24-18mm-60-dents\/#primaryimage"},"image":{"@id":"https:\/\/eurlhosnakamel.dz\/dz\/produit\/lame-pour-scie-circulaire-pour-le-bois-254-x-30-x-24-18mm-60-dents\/#primaryimage"},"thumbnailUrl":"https:\/\/eurlhosnakamel.dz\/dz\/wp-content\/uploads\/2020\/06\/Lame-pour-scie-circulaire-pour-le-bois-254-x-30-x-2418mm-60-dents-eurl-hosna-kamel-alg\u00e9rie.jpg","datePublished":"2020-06-17T13:23:19+00:00","dateModified":"2021-12-19T08:21:55+00:00","description":"Lame pour scie circulaire pour le bois 254 x 30 x 2,4\/1,8mm - 60 dents - EURL HOSNA KAMEL","breadcrumb":{"@id":"https:\/\/eurlhosnakamel.dz\/dz\/produit\/lame-pour-scie-circulaire-pour-le-bois-254-x-30-x-24-18mm-60-dents\/#breadcrumb"},"inLanguage":"fr-FR","potentialAction":[{"@type":"ReadAction","target":["https:\/\/eurlhosnakamel.dz\/dz\/produit\/lame-pour-scie-circulaire-pour-le-bois-254-x-30-x-24-18mm-60-dents\/"]}]},{"@type":"ImageObject","inLanguage":"fr-FR","@id":"https:\/\/eurlhosnakamel.dz\/dz\/produit\/lame-pour-scie-circulaire-pour-le-bois-254-x-30-x-24-18mm-60-dents\/#primaryimage","url":"https:\/\/eurlhosnakamel.dz\/dz\/wp-content\/uploads\/2020\/06\/Lame-pour-scie-circulaire-pour-le-bois-254-x-30-x-2418mm-60-dents-eurl-hosna-kamel-alg\u00e9rie.jpg","contentUrl":"https:\/\/eurlhosnakamel.dz\/dz\/wp-content\/uploads\/2020\/06\/Lame-pour-scie-circulaire-pour-le-bois-254-x-30-x-2418mm-60-dents-eurl-hosna-kamel-alg\u00e9rie.jpg","width":512,"height":512},{"@type":"BreadcrumbList","@id":"https:\/\/eurlhosnakamel.dz\/dz\/produit\/lame-pour-scie-circulaire-pour-le-bois-254-x-30-x-24-18mm-60-dents\/#breadcrumb","itemListElement":[{"@type":"ListItem","position":1,"name":"Accueil","item":"https:\/\/eurlhosnakamel.dz\/dz\/"},{"@type":"ListItem","position":2,"name":"Shop","item":"https:\/\/eurlhosnakamel.dz\/dz\/shop\/"},{"@type":"ListItem","position":3,"name":"Lame pour scie circulaire pour le bois 254 x 30 x 2,4\/1,8mm &#8211; 60 dents"}]},{"@type":"WebSite","@id":"https:\/\/eurlhosnakamel.dz\/dz\/#website","url":"https:\/\/eurlhosnakamel.dz\/dz\/","name":"EURL HOSNA KAMEL","description":"Fournisseur Premium d&#039;Outillages Professionnels en Alg\u00e9rie -","publisher":{"@id":"https:\/\/eurlhosnakamel.dz\/dz\/#organization"},"potentialAction":[{"@type":"SearchAction","target":{"@type":"EntryPoint","urlTemplate":"https:\/\/eurlhosnakamel.dz\/dz\/?s={search_term_string}"},"query-input":"required name=search_term_string"}],"inLanguage":"fr-FR"},{"@type":"Organization","@id":"https:\/\/eurlhosnakamel.dz\/dz\/#organization","name":"EURL HOSNA KAMEL - Bosch alg\u00e9rie","url":"https:\/\/eurlhosnakamel.dz\/dz\/","logo":{"@type":"ImageObject","inLanguage":"fr-FR","@id":"https:\/\/eurlhosnakamel.dz\/dz\/#\/schema\/logo\/image\/","url":"https:\/\/eurlhosnakamel.dz\/wp-content\/uploads\/2020\/04\/LOGO-HOSNA1.png","contentUrl":"https:\/\/eurlhosnakamel.dz\/wp-content\/uploads\/2020\/04\/LOGO-HOSNA1.png","width":120,"height":127,"caption":"EURL HOSNA KAMEL - Bosch alg\u00e9rie"},"image":{"@id":"https:\/\/eurlhosnakamel.dz\/dz\/#\/schema\/logo\/image\/"},"sameAs":["https:\/\/www.facebook.com\/Eurl.Hosna.DZ\/"]}]}},"_links":{"self":[{"href":"https:\/\/eurlhosnakamel.dz\/dz\/wp-json\/wp\/v2\/product\/11058","targetHints":{"allow":["GET"]}}],"collection":[{"href":"https:\/\/eurlhosnakamel.dz\/dz\/wp-json\/wp\/v2\/product"}],"about":[{"href":"https:\/\/eurlhosnakamel.dz\/dz\/wp-json\/wp\/v2\/types\/product"}],"wp:featuredmedia":[{"embeddable":true,"href":"https:\/\/eurlhosnakamel.dz\/dz\/wp-json\/wp\/v2\/media\/11059"}],"wp:attachment":[{"href":"https:\/\/eurlhosnakamel.dz\/dz\/wp-json\/wp\/v2\/media?parent=11058"}],"wp:term":[{"taxonomy":"product_cat","embeddable":true,"href":"https:\/\/eurlhosnakamel.dz\/dz\/wp-json\/wp\/v2\/product_cat?post=11058"},{"taxonomy":"product_tag","embeddable":true,"href":"https:\/\/eurlhosnakamel.dz\/dz\/wp-json\/wp\/v2\/product_tag?post=11058"}],"curies":[{"name":"wp","href":"https:\/\/api.w.org\/{rel}","templated":true}]}}