{"id":11064,"date":"2020-06-17T13:33:42","date_gmt":"2020-06-17T13:33:42","guid":{"rendered":"https:\/\/eurlhosnakamel.dz\/?post_type=product&#038;p=11064"},"modified":"2021-12-19T08:21:22","modified_gmt":"2021-12-19T08:21:22","slug":"lame-pour-scie-circulaire-expert-acier-355-x-254-x-26-22mm-80-dents","status":"publish","type":"product","link":"https:\/\/eurlhosnakamel.dz\/dz\/produit\/lame-pour-scie-circulaire-expert-acier-355-x-254-x-26-22mm-80-dents\/","title":{"rendered":"Lame pour scie circulaire Expert Acier 355 x 25,4 x 2,6\/2,2mm &#8211; 80 dents"},"content":{"rendered":"<h2 class=\"headline hl1\" style=\"text-align: justify\">Avantages produit<\/h2>\n<div class=\"row\">\n<div class=\"col-md-6 xs-mb-30 lg-mb-0\" style=\"text-align: justify\">\n<h3 class=\"headline hl4\">Lames de scies circulaires Expert for Steel<\/h3>\n<p>Lame de scie circulaire Expert for Steel pr\u00e9sentant une r\u00e9sistance extr\u00eame aux chocs dans l&#8217;acier<\/p>\n<ul>\n<li>Denture Microteq extra-dure fabriqu\u00e9e en interne par Bosch avec du carbure tr\u00e8s r\u00e9sistant pour des performances \u00e9lev\u00e9es<\/li>\n<li>Performances renforc\u00e9es gr\u00e2ce \u00e0 un rev\u00eatement Proteqtion anti-corrosion r\u00e9duisant les frottements<\/li>\n<li>Encoches anti-vibration pour une coupe particuli\u00e8rement lisse, avec beaucoup moins de bruit et de vibrations<\/li>\n<\/ul>\n<div class=\"m-product_hightlights__description\">\n<h3 class=\"headline hl4\">D\u00e9tails produit<\/h3>\n<div>\n<p>La lame de scie circulaire Expert for Steel pr\u00e9sente une r\u00e9sistance extr\u00eame aux chocs dans l&#8217;acier. Sa denture Microteq extra-dure unique est fabriqu\u00e9e en interne par Bosch avec des grains en carbure tr\u00e8s r\u00e9sistants offrant des performances \u00e9lev\u00e9es. Ces performances sont \u00e9galement renforc\u00e9es par le rev\u00eatement Proteqtion de la lame, qui \u00e9vite la corrosion et permet une coupe fiable, tout en r\u00e9duisant les frottements. En outre, cette lame comporte des encoches anti-vibration pour offrir une coupe particuli\u00e8rement lisse, avec beaucoup moins de bruit et de vibrations.<\/p>\n<\/div>\n<div>\n<p>La configuration de la denture (de type MTCG) de la lame de scie circulaire Expert for Steel assure une grande durabilit\u00e9.<\/p>\n<\/div>\n<\/div>\n<\/div>\n<div class=\"col-md-6\">\n<h3 class=\"headline hl4\" style=\"text-align: justify\">Fonctions<\/h3>\n<div class=\"image-row\">\n<div class=\"image-col\" style=\"text-align: justify\"><img decoding=\"async\" class=\"img-responsive  lazyloaded\" title=\"\" src=\"https:\/\/www.bosch-professional.com\/binary\/ocsmedia\/optimized\/100x100\/o138181v82_iks4449.png\" alt=\"\" data-srcset=\"\n            https:\/\/www.bosch-professional.com\/binary\/ocsmedia\/optimized\/100x100\/o138181v82_iks4449.png 100w,\n            https:\/\/www.bosch-professional.com\/binary\/ocsmedia\/optimized\/200x200\/o138181v82_iks4449.png 200w\n          \" \/> \u00a0<img decoding=\"async\" class=\"img-responsive  lazyloaded\" title=\"\" src=\"https:\/\/www.bosch-professional.com\/binary\/ocsmedia\/optimized\/100x100\/o138182v82_iks4457.png\" alt=\"\" data-srcset=\"\n            https:\/\/www.bosch-professional.com\/binary\/ocsmedia\/optimized\/100x100\/o138182v82_iks4457.png 100w,\n            https:\/\/www.bosch-professional.com\/binary\/ocsmedia\/optimized\/200x200\/o138182v82_iks4457.png 200w\n          \" \/><\/div>\n<\/div>\n<\/div>\n<\/div>\n","protected":false},"excerpt":{"rendered":"<h4>Lame de scie circulaire Expert for Steel<\/h4>\n<div class=\"row\">\n<div class=\"col-xs-12\">\n<div class=\"headline hl2\">Lame de scie circulaire Expert for Steel<\/div>\n<\/div>\n<\/div>\n<div class=\"row\">\n<div class=\"col-sm-6\">\n<div id=\"m-media-gallery-1\" class=\"m-media-gallery\">\n<div class=\"row\">\n<div class=\"col-xs-12\">\n<div class=\"media-gallery-slider slick-initialized slick-slider\"><button class=\"slick-prev slick-arrow\" type=\"button\" aria-label=\"Previous\">Previous<\/button><\/p>\n<div class=\"slick-list draggable\">\n<div class=\"slick-track\">\n<div class=\"slick-slide\" data-slick-index=\"0\" aria-hidden=\"true\">\n<div>\n<div class=\"media-gallery-item\">\n<div class=\"wrap\">\n<div class=\"aspect-content\">\n<div class=\"panzoom\"><img decoding=\"async\" class=\"media-gallery-img lazyloaded\" src=\"https:\/\/www.bosch-professional.com\/binary\/ocsmedia\/optimized\/1918x1078\/o179354v16_2608643062_bo_pro_u_f_1.jpg\" alt=\"\" data-src=\"https:\/\/www.bosch-professional.com\/binary\/ocsmedia\/optimized\/1918x1078\/o179354v16_2608643062_bo_pro_u_f_1.jpg\" \/><\/div>\n<\/div>\n<\/div>\n<\/div>\n<\/div>\n<\/div>\n<div class=\"slick-slide slick-current slick-active\" data-slick-index=\"1\" aria-hidden=\"false\">\n<div>\n<div class=\"media-gallery-item\">\n<div class=\"wrap\">\n<div class=\"aspect-content\">\n<div class=\"panzoom\"><img decoding=\"async\" class=\"media-gallery-img lazyloaded\" src=\"https:\/\/www.bosch-professional.com\/binary\/ocsmedia\/optimized\/1918x1078\/o178906v16_2608643062_bo_pro_p_f_1.jpg\" alt=\"\" data-src=\"https:\/\/www.bosch-professional.com\/binary\/ocsmedia\/optimized\/1918x1078\/o178906v16_2608643062_bo_pro_p_f_1.jpg\" \/><\/div>\n<\/div>\n<\/div>\n<\/div>\n<\/div>\n<\/div>\n<div class=\"slick-slide\" data-slick-index=\"2\" aria-hidden=\"true\">\n<div>\n<div class=\"media-gallery-item\">\n<div class=\"wrap\">\n<div class=\"aspect-content\">\n<div class=\"panzoom\"><img decoding=\"async\" class=\"media-gallery-img lazyloaded\" src=\"https:\/\/www.bosch-professional.com\/binary\/ocsmedia\/optimized\/1918x1078\/o172593v82_Expert_for_Steel_Zahnzeichnung_25.png\" alt=\"\" data-src=\"https:\/\/www.bosch-professional.com\/binary\/ocsmedia\/optimized\/1918x1078\/o172593v82_Expert_for_Steel_Zahnzeichnung_25.png\" \/><\/div>\n<\/div>\n<\/div>\n<\/div>\n<\/div>\n<\/div>\n<div class=\"slick-slide\" data-slick-index=\"3\" aria-hidden=\"true\">\n<div>\n<div class=\"media-gallery-item\">\n<div class=\"wrap\">\n<div class=\"aspect-content\">\n<div class=\"panzoom\"><img decoding=\"async\" class=\"media-gallery-img lazyloaded\" src=\"https:\/\/www.bosch-professional.com\/binary\/ocsmedia\/optimized\/1918x1078\/o247569v82_CSB_Steel8586.png\" alt=\"\" data-src=\"https:\/\/www.bosch-professional.com\/binary\/ocsmedia\/optimized\/1918x1078\/o247569v82_CSB_Steel8586.png\" \/><\/div>\n<\/div>\n<\/div>\n<\/div>\n<\/div>\n<\/div>\n<div class=\"slick-slide\" data-slick-index=\"4\" aria-hidden=\"true\">\n<div>\n<div class=\"media-gallery-item\">\n<div class=\"wrap\">\n<div class=\"aspect-content\">\n<div class=\"panzoom\"><img decoding=\"async\" class=\"media-gallery-img lazyloaded\" src=\"https:\/\/www.bosch-professional.com\/binary\/ocsmedia\/optimized\/1918x1078\/o249329v82_CSB_Steel8644.png\" alt=\"\" data-src=\"https:\/\/www.bosch-professional.com\/binary\/ocsmedia\/optimized\/1918x1078\/o249329v82_CSB_Steel8644.png\" \/><\/div>\n<\/div>\n<\/div>\n<\/div>\n<\/div>\n<\/div>\n<\/div>\n<\/div>\n<p><button class=\"slick-next slick-arrow\" type=\"button\" aria-label=\"Next\">Next<\/button><\/div>\n<div class=\"media-gallery-slider-nav-outer\">\n<div class=\"media-gallery-slider-nav slick-initialized slick-slider\"><button class=\"slick-prev slick-arrow\" type=\"button\" aria-label=\"Previous\">Previous<\/button><\/p>\n<div class=\"slick-list draggable\">\n<div class=\"slick-track\">\n<div class=\"slick-slide\" data-slick-index=\"0\" aria-hidden=\"true\">\n<div>\n<div class=\"media-gallery-item\">\n<div class=\"wrap\"><img decoding=\"async\" class=\"media-gallery-img img-responsive trackingElement lazyloaded\" src=\"https:\/\/www.bosch-professional.com\/binary\/ocsmedia\/optimized\/137x77\/o179354v16_2608643062_bo_pro_u_f_1.jpg\" alt=\"\" data-src=\"https:\/\/www.bosch-professional.com\/binary\/ocsmedia\/optimized\/137x77\/o179354v16_2608643062_bo_pro_u_f_1.jpg\" data-track_domevent=\"click\" data-track_elementtype=\"Picture\" data-track_dyn_eventsubtype=\"onsite\" data-track_dyn_eventaction=\"view\" data-track_dyn_eventlabel=\"o179354v16_2608643062_bo_pro_u_f_1.jpg\" data-track_elementinfo=\"o179354v16_2608643062_bo_pro_u_f_1.jpg\" \/><\/div>\n<\/div>\n<\/div>\n<\/div>\n<div class=\"slick-slide slick-current slick-active\" data-slick-index=\"1\" aria-hidden=\"false\">\n<div>\n<div class=\"media-gallery-item\">\n<div class=\"wrap\"><img decoding=\"async\" class=\"media-gallery-img img-responsive trackingElement lazyloaded\" src=\"https:\/\/www.bosch-professional.com\/binary\/ocsmedia\/optimized\/137x77\/o178906v16_2608643062_bo_pro_p_f_1.jpg\" alt=\"\" data-src=\"https:\/\/www.bosch-professional.com\/binary\/ocsmedia\/optimized\/137x77\/o178906v16_2608643062_bo_pro_p_f_1.jpg\" data-track_domevent=\"click\" data-track_elementtype=\"Picture\" data-track_dyn_eventsubtype=\"onsite\" data-track_dyn_eventaction=\"view\" data-track_dyn_eventlabel=\"o178906v16_2608643062_bo_pro_p_f_1.jpg\" data-track_elementinfo=\"o178906v16_2608643062_bo_pro_p_f_1.jpg\" \/><\/div>\n<\/div>\n<\/div>\n<\/div>\n<div class=\"slick-slide\" data-slick-index=\"2\" aria-hidden=\"true\">\n<div>\n<div class=\"media-gallery-item\">\n<div class=\"wrap\"><img decoding=\"async\" class=\"media-gallery-img img-responsive trackingElement lazyloaded\" src=\"https:\/\/www.bosch-professional.com\/binary\/ocsmedia\/optimized\/137x77\/o172593v82_Expert_for_Steel_Zahnzeichnung_25.png\" alt=\"\" data-src=\"https:\/\/www.bosch-professional.com\/binary\/ocsmedia\/optimized\/137x77\/o172593v82_Expert_for_Steel_Zahnzeichnung_25.png\" data-track_domevent=\"click\" data-track_elementtype=\"Picture\" data-track_dyn_eventsubtype=\"onsite\" data-track_dyn_eventaction=\"view\" data-track_dyn_eventlabel=\"o172593v82_Expert_for_Steel_Zahnzeichnung_25.png\" data-track_elementinfo=\"o172593v82_Expert_for_Steel_Zahnzeichnung_25.png\" \/><\/div>\n<\/div>\n<\/div>\n<\/div>\n<div class=\"slick-slide\" data-slick-index=\"3\" aria-hidden=\"true\">\n<div>\n<div class=\"media-gallery-item\">\n<div class=\"wrap\"><img decoding=\"async\" class=\"media-gallery-img img-responsive trackingElement lazyloaded\" src=\"https:\/\/www.bosch-professional.com\/binary\/ocsmedia\/optimized\/137x77\/o247569v82_CSB_Steel8586.png\" alt=\"\" data-src=\"https:\/\/www.bosch-professional.com\/binary\/ocsmedia\/optimized\/137x77\/o247569v82_CSB_Steel8586.png\" data-track_domevent=\"click\" data-track_elementtype=\"Picture\" data-track_dyn_eventsubtype=\"onsite\" data-track_dyn_eventaction=\"view\" data-track_dyn_eventlabel=\"o247569v82_CSB_Steel8586.png\" data-track_elementinfo=\"o247569v82_CSB_Steel8586.png\" \/><\/div>\n<\/div>\n<\/div>\n<\/div>\n<div class=\"slick-slide\" data-slick-index=\"4\" aria-hidden=\"true\">\n<div>\n<div class=\"media-gallery-item\">\n<div class=\"wrap\"><img decoding=\"async\" class=\"media-gallery-img img-responsive trackingElement lazyloaded\" src=\"https:\/\/www.bosch-professional.com\/binary\/ocsmedia\/optimized\/137x77\/o249329v82_CSB_Steel8644.png\" alt=\"\" data-src=\"https:\/\/www.bosch-professional.com\/binary\/ocsmedia\/optimized\/137x77\/o249329v82_CSB_Steel8644.png\" data-track_domevent=\"click\" data-track_elementtype=\"Picture\" data-track_dyn_eventsubtype=\"onsite\" data-track_dyn_eventaction=\"view\" data-track_dyn_eventlabel=\"o249329v82_CSB_Steel8644.png\" data-track_elementinfo=\"o249329v82_CSB_Steel8644.png\" \/><\/div>\n<\/div>\n<\/div>\n<\/div>\n<\/div>\n<\/div>\n<p><button class=\"slick-next slick-arrow\" type=\"button\" aria-label=\"Next\">Next<\/button><\/div>\n<\/div>\n<div class=\"media-gallery-controls\">\n<div class=\"btn btn-zoomin\"><\/div>\n<div class=\"btn btn-zoomout\"><\/div>\n<\/div>\n<\/div>\n<\/div>\n<\/div>\n<div class=\"m-title_text hidden-xs\">\n<div class=\"content\"><\/div>\n<\/div>\n<\/div>\n<div class=\"col-sm-6\">\n<div class=\"o-table_item_details__datatables--desktop\">\n<table class=\"m-datatable m-datatable--light\">\n<thead>\n<tr>\n<th class=\"no-sort\" data-priority=\"1\">N\u00b0 de commande 2 608 643 062<\/th>\n<th class=\"no-sort\" data-priority=\"1\"><\/th>\n<\/tr>\n<\/thead>\n<tbody>\n<tr class=\"\">\n<td>Type d&#8217;emballage<\/td>\n<td>Papier \/ carton \/ carton ondul\u00e9 &#8211; emballage, tube, avec trou Euro<\/td>\n<\/tr>\n<tr class=\"\">\n<td>Contenu de l&#8217;emballage<\/td>\n<td>1 Unit.<\/td>\n<\/tr>\n<\/tbody>\n<\/table>\n<table class=\"m-datatable m-datatable--light\">\n<thead>\n<tr>\n<th class=\"no-sort\" data-priority=\"1\">D\u00e9tails<\/th>\n<th class=\"no-sort\" data-priority=\"1\"><\/th>\n<\/tr>\n<\/thead>\n<tbody>\n<tr class=\"\">\n<td>Diam\u00e8tre ext\u00e9rieur en pouces<\/td>\n<td>14<\/td>\n<\/tr>\n<tr class=\"\">\n<td>Diam\u00e8tre ext\u00e9rieur mm<\/td>\n<td>355<\/td>\n<\/tr>\n<tr class=\"\">\n<td>\u00d8 d\u2019al\u00e9sage mm<\/td>\n<td>25,4<\/td>\n<\/tr>\n<tr class=\"\">\n<td>Largeur de coupe (b1) mm \/ \u00e9paisseur du corps de lame (b2) mm<\/td>\n<td>2,6\/2,2<\/td>\n<\/tr>\n<tr class=\"\">\n<td>Nombre de dents<\/td>\n<td>80<\/td>\n<\/tr>\n<tr class=\"\">\n<td>Forme des dents<\/td>\n<td>MTCG<\/td>\n<\/tr>\n<tr class=\"\">\n<td>Vitesse de rotation maxi (tr\/min)<\/td>\n<td>1600<\/td>\n<\/tr>\n<tr class=\"\">\n<td>R\u00e9sultat de coupe<\/td>\n<td>Coupe tr\u00e8s pr\u00e9cise<\/td>\n<\/tr>\n<tr class=\"\">\n<td>Angle d\u2019attaque \u00b0 w1<\/td>\n<td>0<\/td>\n<\/tr>\n<tr class=\"\">\n<td>Angle de d\u00e9pouille \u00b0 w2<\/td>\n<td>12<\/td>\n<\/tr>\n<\/tbody>\n<\/table>\n<\/div>\n<\/div>\n<\/div>\n","protected":false},"featured_media":11065,"template":"","meta":[],"product_cat":[1277,405],"product_tag":[3487],"class_list":{"0":"post-11064","1":"product","2":"type-product","3":"status-publish","4":"has-post-thumbnail","6":"product_cat-accessoires-bosch","7":"product_cat-outillage","8":"product_tag-lame-pour-scie-circulaire-expert-acier-355-x-25-4-x-2-6-2-2mm-80-dents","9":"product_brand-bosch-outillage","11":"first","12":"instock","13":"shipping-taxable","14":"product-type-simple","15":"col-xs-6 col-sm-4","16":"col-md-3 col-lg-3","17":"un-4-cols"},"yoast_head":"<!-- This site is optimized with the Yoast SEO plugin v22.5 - https:\/\/yoast.com\/wordpress\/plugins\/seo\/ -->\n<title>Lame pour scie circulaire Expert Acier 355 x 25,4 x 2,6\/2,2mm - 80 dents - EURL HOSNA KAMEL<\/title>\n<meta name=\"description\" content=\"Lame pour scie circulaire Expert Acier 355 x 25,4 x 2,6\/2,2mm - 80 dents - EURL HOSNA KAMEL\" \/>\n<meta name=\"robots\" content=\"index, follow, max-snippet:-1, max-image-preview:large, max-video-preview:-1\" \/>\n<link rel=\"canonical\" href=\"https:\/\/eurlhosnakamel.dz\/dz\/produit\/lame-pour-scie-circulaire-expert-acier-355-x-254-x-26-22mm-80-dents\/\" \/>\n<meta property=\"og:locale\" content=\"fr_FR\" \/>\n<meta property=\"og:type\" content=\"article\" \/>\n<meta property=\"og:title\" content=\"Lame pour scie circulaire Expert Acier 355 x 25,4 x 2,6\/2,2mm - 80 dents - EURL HOSNA KAMEL\" \/>\n<meta property=\"og:description\" content=\"Lame pour scie circulaire Expert Acier 355 x 25,4 x 2,6\/2,2mm - 80 dents - EURL HOSNA KAMEL\" \/>\n<meta property=\"og:url\" content=\"https:\/\/eurlhosnakamel.dz\/dz\/produit\/lame-pour-scie-circulaire-expert-acier-355-x-254-x-26-22mm-80-dents\/\" \/>\n<meta property=\"og:site_name\" content=\"EURL HOSNA KAMEL\" \/>\n<meta property=\"article:publisher\" content=\"https:\/\/www.facebook.com\/Eurl.Hosna.DZ\/\" \/>\n<meta property=\"article:modified_time\" content=\"2021-12-19T08:21:22+00:00\" \/>\n<meta property=\"og:image\" content=\"https:\/\/eurlhosnakamel.dz\/dz\/wp-content\/uploads\/2020\/06\/Lame-pour-scie-circulaire-Expert-Acier-355-x-254-x-26-22mm-80-dents-eurl-hosna-kamel-alg\u00e9rie.jpg\" \/>\n\t<meta property=\"og:image:width\" content=\"512\" \/>\n\t<meta property=\"og:image:height\" content=\"512\" \/>\n\t<meta property=\"og:image:type\" content=\"image\/jpeg\" \/>\n<meta name=\"twitter:card\" content=\"summary_large_image\" \/>\n<meta name=\"twitter:label1\" content=\"Dur\u00e9e de lecture estim\u00e9e\" \/>\n\t<meta name=\"twitter:data1\" content=\"1 minute\" \/>\n<script type=\"application\/ld+json\" class=\"yoast-schema-graph\">{\"@context\":\"https:\/\/schema.org\",\"@graph\":[{\"@type\":\"WebPage\",\"@id\":\"https:\/\/eurlhosnakamel.dz\/dz\/produit\/lame-pour-scie-circulaire-expert-acier-355-x-254-x-26-22mm-80-dents\/\",\"url\":\"https:\/\/eurlhosnakamel.dz\/dz\/produit\/lame-pour-scie-circulaire-expert-acier-355-x-254-x-26-22mm-80-dents\/\",\"name\":\"Lame pour scie circulaire Expert Acier 355 x 25,4 x 2,6\/2,2mm - 80 dents - EURL HOSNA KAMEL\",\"isPartOf\":{\"@id\":\"https:\/\/eurlhosnakamel.dz\/dz\/#website\"},\"primaryImageOfPage\":{\"@id\":\"https:\/\/eurlhosnakamel.dz\/dz\/produit\/lame-pour-scie-circulaire-expert-acier-355-x-254-x-26-22mm-80-dents\/#primaryimage\"},\"image\":{\"@id\":\"https:\/\/eurlhosnakamel.dz\/dz\/produit\/lame-pour-scie-circulaire-expert-acier-355-x-254-x-26-22mm-80-dents\/#primaryimage\"},\"thumbnailUrl\":\"https:\/\/eurlhosnakamel.dz\/dz\/wp-content\/uploads\/2020\/06\/Lame-pour-scie-circulaire-Expert-Acier-355-x-254-x-26-22mm-80-dents-eurl-hosna-kamel-alg\u00e9rie.jpg\",\"datePublished\":\"2020-06-17T13:33:42+00:00\",\"dateModified\":\"2021-12-19T08:21:22+00:00\",\"description\":\"Lame pour scie circulaire Expert Acier 355 x 25,4 x 2,6\/2,2mm - 80 dents - EURL HOSNA KAMEL\",\"breadcrumb\":{\"@id\":\"https:\/\/eurlhosnakamel.dz\/dz\/produit\/lame-pour-scie-circulaire-expert-acier-355-x-254-x-26-22mm-80-dents\/#breadcrumb\"},\"inLanguage\":\"fr-FR\",\"potentialAction\":[{\"@type\":\"ReadAction\",\"target\":[\"https:\/\/eurlhosnakamel.dz\/dz\/produit\/lame-pour-scie-circulaire-expert-acier-355-x-254-x-26-22mm-80-dents\/\"]}]},{\"@type\":\"ImageObject\",\"inLanguage\":\"fr-FR\",\"@id\":\"https:\/\/eurlhosnakamel.dz\/dz\/produit\/lame-pour-scie-circulaire-expert-acier-355-x-254-x-26-22mm-80-dents\/#primaryimage\",\"url\":\"https:\/\/eurlhosnakamel.dz\/dz\/wp-content\/uploads\/2020\/06\/Lame-pour-scie-circulaire-Expert-Acier-355-x-254-x-26-22mm-80-dents-eurl-hosna-kamel-alg\u00e9rie.jpg\",\"contentUrl\":\"https:\/\/eurlhosnakamel.dz\/dz\/wp-content\/uploads\/2020\/06\/Lame-pour-scie-circulaire-Expert-Acier-355-x-254-x-26-22mm-80-dents-eurl-hosna-kamel-alg\u00e9rie.jpg\",\"width\":512,\"height\":512},{\"@type\":\"BreadcrumbList\",\"@id\":\"https:\/\/eurlhosnakamel.dz\/dz\/produit\/lame-pour-scie-circulaire-expert-acier-355-x-254-x-26-22mm-80-dents\/#breadcrumb\",\"itemListElement\":[{\"@type\":\"ListItem\",\"position\":1,\"name\":\"Accueil\",\"item\":\"https:\/\/eurlhosnakamel.dz\/dz\/\"},{\"@type\":\"ListItem\",\"position\":2,\"name\":\"Shop\",\"item\":\"https:\/\/eurlhosnakamel.dz\/dz\/shop\/\"},{\"@type\":\"ListItem\",\"position\":3,\"name\":\"Lame pour scie circulaire Expert Acier 355 x 25,4 x 2,6\/2,2mm &#8211; 80 dents\"}]},{\"@type\":\"WebSite\",\"@id\":\"https:\/\/eurlhosnakamel.dz\/dz\/#website\",\"url\":\"https:\/\/eurlhosnakamel.dz\/dz\/\",\"name\":\"EURL HOSNA KAMEL\",\"description\":\"Fournisseur Premium d&#039;Outillages Professionnels en Alg\u00e9rie -\",\"publisher\":{\"@id\":\"https:\/\/eurlhosnakamel.dz\/dz\/#organization\"},\"potentialAction\":[{\"@type\":\"SearchAction\",\"target\":{\"@type\":\"EntryPoint\",\"urlTemplate\":\"https:\/\/eurlhosnakamel.dz\/dz\/?s={search_term_string}\"},\"query-input\":\"required name=search_term_string\"}],\"inLanguage\":\"fr-FR\"},{\"@type\":\"Organization\",\"@id\":\"https:\/\/eurlhosnakamel.dz\/dz\/#organization\",\"name\":\"EURL HOSNA KAMEL - Bosch alg\u00e9rie\",\"url\":\"https:\/\/eurlhosnakamel.dz\/dz\/\",\"logo\":{\"@type\":\"ImageObject\",\"inLanguage\":\"fr-FR\",\"@id\":\"https:\/\/eurlhosnakamel.dz\/dz\/#\/schema\/logo\/image\/\",\"url\":\"https:\/\/eurlhosnakamel.dz\/wp-content\/uploads\/2020\/04\/LOGO-HOSNA1.png\",\"contentUrl\":\"https:\/\/eurlhosnakamel.dz\/wp-content\/uploads\/2020\/04\/LOGO-HOSNA1.png\",\"width\":120,\"height\":127,\"caption\":\"EURL HOSNA KAMEL - Bosch alg\u00e9rie\"},\"image\":{\"@id\":\"https:\/\/eurlhosnakamel.dz\/dz\/#\/schema\/logo\/image\/\"},\"sameAs\":[\"https:\/\/www.facebook.com\/Eurl.Hosna.DZ\/\"]}]}<\/script>\n<!-- \/ Yoast SEO plugin. -->","yoast_head_json":{"title":"Lame pour scie circulaire Expert Acier 355 x 25,4 x 2,6\/2,2mm - 80 dents - EURL HOSNA KAMEL","description":"Lame pour scie circulaire Expert Acier 355 x 25,4 x 2,6\/2,2mm - 80 dents - EURL HOSNA KAMEL","robots":{"index":"index","follow":"follow","max-snippet":"max-snippet:-1","max-image-preview":"max-image-preview:large","max-video-preview":"max-video-preview:-1"},"canonical":"https:\/\/eurlhosnakamel.dz\/dz\/produit\/lame-pour-scie-circulaire-expert-acier-355-x-254-x-26-22mm-80-dents\/","og_locale":"fr_FR","og_type":"article","og_title":"Lame pour scie circulaire Expert Acier 355 x 25,4 x 2,6\/2,2mm - 80 dents - EURL HOSNA KAMEL","og_description":"Lame pour scie circulaire Expert Acier 355 x 25,4 x 2,6\/2,2mm - 80 dents - EURL HOSNA KAMEL","og_url":"https:\/\/eurlhosnakamel.dz\/dz\/produit\/lame-pour-scie-circulaire-expert-acier-355-x-254-x-26-22mm-80-dents\/","og_site_name":"EURL HOSNA KAMEL","article_publisher":"https:\/\/www.facebook.com\/Eurl.Hosna.DZ\/","article_modified_time":"2021-12-19T08:21:22+00:00","og_image":[{"width":512,"height":512,"url":"https:\/\/eurlhosnakamel.dz\/dz\/wp-content\/uploads\/2020\/06\/Lame-pour-scie-circulaire-Expert-Acier-355-x-254-x-26-22mm-80-dents-eurl-hosna-kamel-alg\u00e9rie.jpg","type":"image\/jpeg"}],"twitter_card":"summary_large_image","twitter_misc":{"Dur\u00e9e de lecture estim\u00e9e":"1 minute"},"schema":{"@context":"https:\/\/schema.org","@graph":[{"@type":"WebPage","@id":"https:\/\/eurlhosnakamel.dz\/dz\/produit\/lame-pour-scie-circulaire-expert-acier-355-x-254-x-26-22mm-80-dents\/","url":"https:\/\/eurlhosnakamel.dz\/dz\/produit\/lame-pour-scie-circulaire-expert-acier-355-x-254-x-26-22mm-80-dents\/","name":"Lame pour scie circulaire Expert Acier 355 x 25,4 x 2,6\/2,2mm - 80 dents - EURL HOSNA KAMEL","isPartOf":{"@id":"https:\/\/eurlhosnakamel.dz\/dz\/#website"},"primaryImageOfPage":{"@id":"https:\/\/eurlhosnakamel.dz\/dz\/produit\/lame-pour-scie-circulaire-expert-acier-355-x-254-x-26-22mm-80-dents\/#primaryimage"},"image":{"@id":"https:\/\/eurlhosnakamel.dz\/dz\/produit\/lame-pour-scie-circulaire-expert-acier-355-x-254-x-26-22mm-80-dents\/#primaryimage"},"thumbnailUrl":"https:\/\/eurlhosnakamel.dz\/dz\/wp-content\/uploads\/2020\/06\/Lame-pour-scie-circulaire-Expert-Acier-355-x-254-x-26-22mm-80-dents-eurl-hosna-kamel-alg\u00e9rie.jpg","datePublished":"2020-06-17T13:33:42+00:00","dateModified":"2021-12-19T08:21:22+00:00","description":"Lame pour scie circulaire Expert Acier 355 x 25,4 x 2,6\/2,2mm - 80 dents - EURL HOSNA KAMEL","breadcrumb":{"@id":"https:\/\/eurlhosnakamel.dz\/dz\/produit\/lame-pour-scie-circulaire-expert-acier-355-x-254-x-26-22mm-80-dents\/#breadcrumb"},"inLanguage":"fr-FR","potentialAction":[{"@type":"ReadAction","target":["https:\/\/eurlhosnakamel.dz\/dz\/produit\/lame-pour-scie-circulaire-expert-acier-355-x-254-x-26-22mm-80-dents\/"]}]},{"@type":"ImageObject","inLanguage":"fr-FR","@id":"https:\/\/eurlhosnakamel.dz\/dz\/produit\/lame-pour-scie-circulaire-expert-acier-355-x-254-x-26-22mm-80-dents\/#primaryimage","url":"https:\/\/eurlhosnakamel.dz\/dz\/wp-content\/uploads\/2020\/06\/Lame-pour-scie-circulaire-Expert-Acier-355-x-254-x-26-22mm-80-dents-eurl-hosna-kamel-alg\u00e9rie.jpg","contentUrl":"https:\/\/eurlhosnakamel.dz\/dz\/wp-content\/uploads\/2020\/06\/Lame-pour-scie-circulaire-Expert-Acier-355-x-254-x-26-22mm-80-dents-eurl-hosna-kamel-alg\u00e9rie.jpg","width":512,"height":512},{"@type":"BreadcrumbList","@id":"https:\/\/eurlhosnakamel.dz\/dz\/produit\/lame-pour-scie-circulaire-expert-acier-355-x-254-x-26-22mm-80-dents\/#breadcrumb","itemListElement":[{"@type":"ListItem","position":1,"name":"Accueil","item":"https:\/\/eurlhosnakamel.dz\/dz\/"},{"@type":"ListItem","position":2,"name":"Shop","item":"https:\/\/eurlhosnakamel.dz\/dz\/shop\/"},{"@type":"ListItem","position":3,"name":"Lame pour scie circulaire Expert Acier 355 x 25,4 x 2,6\/2,2mm &#8211; 80 dents"}]},{"@type":"WebSite","@id":"https:\/\/eurlhosnakamel.dz\/dz\/#website","url":"https:\/\/eurlhosnakamel.dz\/dz\/","name":"EURL HOSNA KAMEL","description":"Fournisseur Premium d&#039;Outillages Professionnels en Alg\u00e9rie -","publisher":{"@id":"https:\/\/eurlhosnakamel.dz\/dz\/#organization"},"potentialAction":[{"@type":"SearchAction","target":{"@type":"EntryPoint","urlTemplate":"https:\/\/eurlhosnakamel.dz\/dz\/?s={search_term_string}"},"query-input":"required name=search_term_string"}],"inLanguage":"fr-FR"},{"@type":"Organization","@id":"https:\/\/eurlhosnakamel.dz\/dz\/#organization","name":"EURL HOSNA KAMEL - Bosch alg\u00e9rie","url":"https:\/\/eurlhosnakamel.dz\/dz\/","logo":{"@type":"ImageObject","inLanguage":"fr-FR","@id":"https:\/\/eurlhosnakamel.dz\/dz\/#\/schema\/logo\/image\/","url":"https:\/\/eurlhosnakamel.dz\/wp-content\/uploads\/2020\/04\/LOGO-HOSNA1.png","contentUrl":"https:\/\/eurlhosnakamel.dz\/wp-content\/uploads\/2020\/04\/LOGO-HOSNA1.png","width":120,"height":127,"caption":"EURL HOSNA KAMEL - Bosch alg\u00e9rie"},"image":{"@id":"https:\/\/eurlhosnakamel.dz\/dz\/#\/schema\/logo\/image\/"},"sameAs":["https:\/\/www.facebook.com\/Eurl.Hosna.DZ\/"]}]}},"_links":{"self":[{"href":"https:\/\/eurlhosnakamel.dz\/dz\/wp-json\/wp\/v2\/product\/11064","targetHints":{"allow":["GET"]}}],"collection":[{"href":"https:\/\/eurlhosnakamel.dz\/dz\/wp-json\/wp\/v2\/product"}],"about":[{"href":"https:\/\/eurlhosnakamel.dz\/dz\/wp-json\/wp\/v2\/types\/product"}],"wp:featuredmedia":[{"embeddable":true,"href":"https:\/\/eurlhosnakamel.dz\/dz\/wp-json\/wp\/v2\/media\/11065"}],"wp:attachment":[{"href":"https:\/\/eurlhosnakamel.dz\/dz\/wp-json\/wp\/v2\/media?parent=11064"}],"wp:term":[{"taxonomy":"product_cat","embeddable":true,"href":"https:\/\/eurlhosnakamel.dz\/dz\/wp-json\/wp\/v2\/product_cat?post=11064"},{"taxonomy":"product_tag","embeddable":true,"href":"https:\/\/eurlhosnakamel.dz\/dz\/wp-json\/wp\/v2\/product_tag?post=11064"}],"curies":[{"name":"wp","href":"https:\/\/api.w.org\/{rel}","templated":true}]}}