{"id":11067,"date":"2020-06-17T13:39:04","date_gmt":"2020-06-17T13:39:04","guid":{"rendered":"https:\/\/eurlhosnakamel.dz\/?post_type=product&#038;p=11067"},"modified":"2021-12-19T08:20:14","modified_gmt":"2021-12-19T08:20:14","slug":"lame-pour-scie-circulaire-expert-aluminium-230-x-30-x-28-18mm-64-dents","status":"publish","type":"product","link":"https:\/\/eurlhosnakamel.dz\/dz\/produit\/lame-pour-scie-circulaire-expert-aluminium-230-x-30-x-28-18mm-64-dents\/","title":{"rendered":"Lame pour scie circulaire Expert Aluminium 230 x 30 x 2,8\/1,8mm &#8211; 64 dents"},"content":{"rendered":"<h2 class=\"headline hl1\" style=\"text-align: justify;\">Avantages produit<\/h2>\n<div class=\"row\">\n<div class=\"col-md-6 xs-mb-30 lg-mb-0\" style=\"text-align: justify;\">\n<h3 class=\"headline hl4\">Lames de scies circulaires Expert for Aluminium<\/h3>\n<p>Lame de scie circulaire Expert for Aluminium permettant des coupes parfaites dans l&#8217;aluminium<\/p>\n<ul>\n<li>Denture Microteq extra-dure (fabriqu\u00e9e en interne par Bosch) en carbure tr\u00e8s fin pour durabilit\u00e9 et performances \u00e9lev\u00e9es<\/li>\n<li>Performances renforc\u00e9es gr\u00e2ce \u00e0 un rev\u00eatement Proteqtion anti-corrosion r\u00e9duisant les frottements<\/li>\n<li>Encoches anti-vibration pour une coupe particuli\u00e8rement lisse, avec beaucoup moins de bruit et de vibrations<\/li>\n<\/ul>\n<div class=\"m-product_hightlights__description\">\n<h3 class=\"headline hl4\">D\u00e9tails produit<\/h3>\n<div>\n<p>La lame de scie circulaire Expert for Aluminium permet des coupes parfaites dans l&#8217;aluminium. Sa denture Microteq extra-dure unique, fabriqu\u00e9e en interne par Bosch avec des grains en carbure tr\u00e8s fins, optimise la dur\u00e9e de vie et les performances de cette lame. Ces performances sont \u00e9galement renforc\u00e9es par le rev\u00eatement Proteqtion de la lame, qui \u00e9vite la corrosion et permet une coupe fiable, tout en r\u00e9duisant les frottements. En outre, ce produit comporte des encoches anti-vibration pour offrir une coupe particuli\u00e8rement lisse, avec beaucoup moins de bruit et de vibrations. Cette lame de scie s&#8217;utilise sur l&#8217;aluminium, les m\u00e9taux non ferreux, le plastique, l&#8217;\u00e9poxy et le bois.<\/p>\n<\/div>\n<div>\n<p>Gr\u00e2ce \u00e0 sa denture de type HLTCG, la lame de scie circulaire Expert for Aluminium est robuste pour la coupe d&#8217;aluminium.<\/p>\n<\/div>\n<\/div>\n<\/div>\n<div class=\"col-md-6\">\n<h3 class=\"headline hl4\" style=\"text-align: justify;\">Fonctions<\/h3>\n<div class=\"image-row\">\n<div class=\"image-col\" style=\"text-align: justify;\"><img decoding=\"async\" class=\"img-responsive ls-is-cached lazyloaded\" title=\"\" src=\"https:\/\/www.bosch-professional.com\/binary\/ocsmedia\/optimized\/100x100\/o97810v82_pks4688.png\" sizes=\"(max-width: 767px) 100px, (min-width: 768px) and (max-width: 991px) 100px, (-webkit-min-device-pixel-ratio: 2.0) and (min-width: 1000px) 200px, 100px\" srcset=\" https:\/\/www.bosch-professional.com\/binary\/ocsmedia\/optimized\/100x100\/o97810v82_pks4688.png 100w, https:\/\/www.bosch-professional.com\/binary\/ocsmedia\/optimized\/200x200\/o97810v82_pks4688.png 200w \" alt=\"\" data-srcset=\" https:\/\/www.bosch-professional.com\/binary\/ocsmedia\/optimized\/100x100\/o97810v82_pks4688.png 100w, https:\/\/www.bosch-professional.com\/binary\/ocsmedia\/optimized\/200x200\/o97810v82_pks4688.png 200w \" \/> \u00a0<img decoding=\"async\" class=\"img-responsive ls-is-cached lazyloaded\" title=\"\" src=\"https:\/\/www.bosch-professional.com\/binary\/ocsmedia\/optimized\/100x100\/o158261v82_pks4689.png\" sizes=\"(max-width: 767px) 100px, (min-width: 768px) and (max-width: 991px) 100px, (-webkit-min-device-pixel-ratio: 2.0) and (min-width: 1000px) 200px, 100px\" srcset=\" https:\/\/www.bosch-professional.com\/binary\/ocsmedia\/optimized\/100x100\/o158261v82_pks4689.png 100w, https:\/\/www.bosch-professional.com\/binary\/ocsmedia\/optimized\/200x200\/o158261v82_pks4689.png 200w \" alt=\"\" data-srcset=\" https:\/\/www.bosch-professional.com\/binary\/ocsmedia\/optimized\/100x100\/o158261v82_pks4689.png 100w, https:\/\/www.bosch-professional.com\/binary\/ocsmedia\/optimized\/200x200\/o158261v82_pks4689.png 200w \" \/> \u00a0<img decoding=\"async\" class=\"img-responsive ls-is-cached lazyloaded\" title=\"\" src=\"https:\/\/www.bosch-professional.com\/binary\/ocsmedia\/optimized\/100x100\/o75579v82_pks4669.png\" sizes=\"(max-width: 767px) 100px, (min-width: 768px) and (max-width: 991px) 100px, (-webkit-min-device-pixel-ratio: 2.0) and (min-width: 1000px) 200px, 100px\" srcset=\" https:\/\/www.bosch-professional.com\/binary\/ocsmedia\/optimized\/100x100\/o75579v82_pks4669.png 100w, https:\/\/www.bosch-professional.com\/binary\/ocsmedia\/optimized\/200x200\/o75579v82_pks4669.png 200w \" alt=\"\" data-srcset=\" https:\/\/www.bosch-professional.com\/binary\/ocsmedia\/optimized\/100x100\/o75579v82_pks4669.png 100w, https:\/\/www.bosch-professional.com\/binary\/ocsmedia\/optimized\/200x200\/o75579v82_pks4669.png 200w \" \/> \u00a0<img decoding=\"async\" class=\"img-responsive ls-is-cached lazyloaded\" title=\"\" src=\"https:\/\/www.bosch-professional.com\/binary\/ocsmedia\/optimized\/100x100\/o169734v82_iks4462.png\" sizes=\"(max-width: 767px) 100px, (min-width: 768px) and (max-width: 991px) 100px, (-webkit-min-device-pixel-ratio: 2.0) and (min-width: 1000px) 200px, 100px\" srcset=\" https:\/\/www.bosch-professional.com\/binary\/ocsmedia\/optimized\/100x100\/o169734v82_iks4462.png 100w, https:\/\/www.bosch-professional.com\/binary\/ocsmedia\/optimized\/200x200\/o169734v82_iks4462.png 200w \" alt=\"\" data-srcset=\" https:\/\/www.bosch-professional.com\/binary\/ocsmedia\/optimized\/100x100\/o169734v82_iks4462.png 100w, https:\/\/www.bosch-professional.com\/binary\/ocsmedia\/optimized\/200x200\/o169734v82_iks4462.png 200w \" \/> \u00a0<img decoding=\"async\" class=\"img-responsive ls-is-cached lazyloaded\" title=\"\" src=\"https:\/\/www.bosch-professional.com\/binary\/ocsmedia\/optimized\/100x100\/o75581v82_pks4671.png\" sizes=\"(max-width: 767px) 100px, (min-width: 768px) and (max-width: 991px) 100px, (-webkit-min-device-pixel-ratio: 2.0) and (min-width: 1000px) 200px, 100px\" srcset=\" https:\/\/www.bosch-professional.com\/binary\/ocsmedia\/optimized\/100x100\/o75581v82_pks4671.png 100w, https:\/\/www.bosch-professional.com\/binary\/ocsmedia\/optimized\/200x200\/o75581v82_pks4671.png 200w \" alt=\"\" data-srcset=\" https:\/\/www.bosch-professional.com\/binary\/ocsmedia\/optimized\/100x100\/o75581v82_pks4671.png 100w, https:\/\/www.bosch-professional.com\/binary\/ocsmedia\/optimized\/200x200\/o75581v82_pks4671.png 200w \" \/><\/div>\n<\/div>\n<\/div>\n<\/div>\n","protected":false},"excerpt":{"rendered":"<h4>Lampe de scie circulaire Expert for Aluminium<\/h4>\n<table class=\"m-datatable m-datatable--light\">\n<thead>\n<tr>\n<th class=\"no-sort\" data-priority=\"1\">D\u00e9tails<\/th>\n<th class=\"no-sort\" data-priority=\"1\"><\/th>\n<\/tr>\n<\/thead>\n<tbody>\n<tr class=\"\">\n<td>Diam\u00e8tre ext\u00e9rieur mm<\/td>\n<td>230<\/td>\n<\/tr>\n<tr class=\"\">\n<td>\u00d8 d\u2019al\u00e9sage mm<\/td>\n<td>30<\/td>\n<\/tr>\n<tr class=\"\">\n<td>Largeur de coupe (b1) mm \/ \u00e9paisseur du corps de lame (b2) mm<\/td>\n<td>2,8\/1,8<\/td>\n<\/tr>\n<tr class=\"\">\n<td>Nombre de dents<\/td>\n<td>64<\/td>\n<\/tr>\n<tr class=\"\">\n<td>Forme des dents<\/td>\n<td>HLTCG<\/td>\n<\/tr>\n<tr class=\"\">\n<td>Vitesse de rotation maxi (tr\/min)<\/td>\n<td>8300<\/td>\n<\/tr>\n<tr class=\"\">\n<td>R\u00e9sultat de coupe<\/td>\n<td>Coupe tr\u00e8s pr\u00e9cise<\/td>\n<\/tr>\n<tr class=\"\">\n<td>NL \/ Diam\u00e8tre TKS<\/td>\n<td>2\/7\/42<\/td>\n<\/tr>\n<tr class=\"\">\n<td>Angle d\u2019attaque \u00b0 w1<\/td>\n<td>-5<\/td>\n<\/tr>\n<tr class=\"\">\n<td>Angle de d\u00e9pouille \u00b0 w2<\/td>\n<td>15<\/td>\n<\/tr>\n<\/tbody>\n<\/table>\n","protected":false},"featured_media":11068,"template":"","meta":[],"product_cat":[1277,405],"product_tag":[3496],"class_list":{"0":"post-11067","1":"product","2":"type-product","3":"status-publish","4":"has-post-thumbnail","6":"product_cat-accessoires-bosch","7":"product_cat-outillage","8":"product_tag-lame-pour-scie-circulaire-expert-aluminium-230-x-30-x-28-1-8mm-64-dents","9":"product_brand-bosch-outillage","11":"first","12":"instock","13":"shipping-taxable","14":"product-type-simple","15":"col-xs-6 col-sm-4","16":"col-md-3 col-lg-3","17":"un-4-cols"},"yoast_head":"<!-- This site is optimized with the Yoast SEO plugin v22.5 - https:\/\/yoast.com\/wordpress\/plugins\/seo\/ -->\n<title>Lame pour scie circulaire Expert Aluminium 230 x 30 x 2,8\/1,8mm - 64 dents - EURL HOSNA KAMEL<\/title>\n<meta name=\"description\" content=\"Lame pour scie circulaire Expert Aluminium 230 x 30 x 2,8\/1,8mm - 64 dents - EURL HOSNA KAMEL\" \/>\n<meta name=\"robots\" content=\"index, follow, max-snippet:-1, max-image-preview:large, max-video-preview:-1\" \/>\n<link rel=\"canonical\" href=\"https:\/\/eurlhosnakamel.dz\/dz\/produit\/lame-pour-scie-circulaire-expert-aluminium-230-x-30-x-28-18mm-64-dents\/\" \/>\n<meta property=\"og:locale\" content=\"fr_FR\" \/>\n<meta property=\"og:type\" content=\"article\" \/>\n<meta property=\"og:title\" content=\"Lame pour scie circulaire Expert Aluminium 230 x 30 x 2,8\/1,8mm - 64 dents - EURL HOSNA KAMEL\" \/>\n<meta property=\"og:description\" content=\"Lame pour scie circulaire Expert Aluminium 230 x 30 x 2,8\/1,8mm - 64 dents - EURL HOSNA KAMEL\" \/>\n<meta property=\"og:url\" content=\"https:\/\/eurlhosnakamel.dz\/dz\/produit\/lame-pour-scie-circulaire-expert-aluminium-230-x-30-x-28-18mm-64-dents\/\" \/>\n<meta property=\"og:site_name\" content=\"EURL HOSNA KAMEL\" \/>\n<meta property=\"article:publisher\" content=\"https:\/\/www.facebook.com\/Eurl.Hosna.DZ\/\" \/>\n<meta property=\"article:modified_time\" content=\"2021-12-19T08:20:14+00:00\" \/>\n<meta property=\"og:image\" content=\"https:\/\/eurlhosnakamel.dz\/dz\/wp-content\/uploads\/2020\/06\/Lame-pour-scie-circulaire-Expert-Aluminium-230-x-30-x-28-18mm-64-dents-eurl-hosna-kamel-alg\u00e9rie.jpg\" \/>\n\t<meta property=\"og:image:width\" content=\"512\" \/>\n\t<meta property=\"og:image:height\" content=\"512\" \/>\n\t<meta property=\"og:image:type\" content=\"image\/jpeg\" \/>\n<meta name=\"twitter:card\" content=\"summary_large_image\" \/>\n<meta name=\"twitter:label1\" content=\"Dur\u00e9e de lecture estim\u00e9e\" \/>\n\t<meta name=\"twitter:data1\" content=\"1 minute\" \/>\n<script type=\"application\/ld+json\" class=\"yoast-schema-graph\">{\"@context\":\"https:\/\/schema.org\",\"@graph\":[{\"@type\":\"WebPage\",\"@id\":\"https:\/\/eurlhosnakamel.dz\/dz\/produit\/lame-pour-scie-circulaire-expert-aluminium-230-x-30-x-28-18mm-64-dents\/\",\"url\":\"https:\/\/eurlhosnakamel.dz\/dz\/produit\/lame-pour-scie-circulaire-expert-aluminium-230-x-30-x-28-18mm-64-dents\/\",\"name\":\"Lame pour scie circulaire Expert Aluminium 230 x 30 x 2,8\/1,8mm - 64 dents - EURL HOSNA KAMEL\",\"isPartOf\":{\"@id\":\"https:\/\/eurlhosnakamel.dz\/dz\/#website\"},\"primaryImageOfPage\":{\"@id\":\"https:\/\/eurlhosnakamel.dz\/dz\/produit\/lame-pour-scie-circulaire-expert-aluminium-230-x-30-x-28-18mm-64-dents\/#primaryimage\"},\"image\":{\"@id\":\"https:\/\/eurlhosnakamel.dz\/dz\/produit\/lame-pour-scie-circulaire-expert-aluminium-230-x-30-x-28-18mm-64-dents\/#primaryimage\"},\"thumbnailUrl\":\"https:\/\/eurlhosnakamel.dz\/dz\/wp-content\/uploads\/2020\/06\/Lame-pour-scie-circulaire-Expert-Aluminium-230-x-30-x-28-18mm-64-dents-eurl-hosna-kamel-alg\u00e9rie.jpg\",\"datePublished\":\"2020-06-17T13:39:04+00:00\",\"dateModified\":\"2021-12-19T08:20:14+00:00\",\"description\":\"Lame pour scie circulaire Expert Aluminium 230 x 30 x 2,8\/1,8mm - 64 dents - EURL HOSNA KAMEL\",\"breadcrumb\":{\"@id\":\"https:\/\/eurlhosnakamel.dz\/dz\/produit\/lame-pour-scie-circulaire-expert-aluminium-230-x-30-x-28-18mm-64-dents\/#breadcrumb\"},\"inLanguage\":\"fr-FR\",\"potentialAction\":[{\"@type\":\"ReadAction\",\"target\":[\"https:\/\/eurlhosnakamel.dz\/dz\/produit\/lame-pour-scie-circulaire-expert-aluminium-230-x-30-x-28-18mm-64-dents\/\"]}]},{\"@type\":\"ImageObject\",\"inLanguage\":\"fr-FR\",\"@id\":\"https:\/\/eurlhosnakamel.dz\/dz\/produit\/lame-pour-scie-circulaire-expert-aluminium-230-x-30-x-28-18mm-64-dents\/#primaryimage\",\"url\":\"https:\/\/eurlhosnakamel.dz\/dz\/wp-content\/uploads\/2020\/06\/Lame-pour-scie-circulaire-Expert-Aluminium-230-x-30-x-28-18mm-64-dents-eurl-hosna-kamel-alg\u00e9rie.jpg\",\"contentUrl\":\"https:\/\/eurlhosnakamel.dz\/dz\/wp-content\/uploads\/2020\/06\/Lame-pour-scie-circulaire-Expert-Aluminium-230-x-30-x-28-18mm-64-dents-eurl-hosna-kamel-alg\u00e9rie.jpg\",\"width\":512,\"height\":512},{\"@type\":\"BreadcrumbList\",\"@id\":\"https:\/\/eurlhosnakamel.dz\/dz\/produit\/lame-pour-scie-circulaire-expert-aluminium-230-x-30-x-28-18mm-64-dents\/#breadcrumb\",\"itemListElement\":[{\"@type\":\"ListItem\",\"position\":1,\"name\":\"Accueil\",\"item\":\"https:\/\/eurlhosnakamel.dz\/dz\/\"},{\"@type\":\"ListItem\",\"position\":2,\"name\":\"Shop\",\"item\":\"https:\/\/eurlhosnakamel.dz\/dz\/shop\/\"},{\"@type\":\"ListItem\",\"position\":3,\"name\":\"Lame pour scie circulaire Expert Aluminium 230 x 30 x 2,8\/1,8mm &#8211; 64 dents\"}]},{\"@type\":\"WebSite\",\"@id\":\"https:\/\/eurlhosnakamel.dz\/dz\/#website\",\"url\":\"https:\/\/eurlhosnakamel.dz\/dz\/\",\"name\":\"EURL HOSNA KAMEL\",\"description\":\"Fournisseur Premium d&#039;Outillages Professionnels en Alg\u00e9rie -\",\"publisher\":{\"@id\":\"https:\/\/eurlhosnakamel.dz\/dz\/#organization\"},\"potentialAction\":[{\"@type\":\"SearchAction\",\"target\":{\"@type\":\"EntryPoint\",\"urlTemplate\":\"https:\/\/eurlhosnakamel.dz\/dz\/?s={search_term_string}\"},\"query-input\":\"required name=search_term_string\"}],\"inLanguage\":\"fr-FR\"},{\"@type\":\"Organization\",\"@id\":\"https:\/\/eurlhosnakamel.dz\/dz\/#organization\",\"name\":\"EURL HOSNA KAMEL - Bosch alg\u00e9rie\",\"url\":\"https:\/\/eurlhosnakamel.dz\/dz\/\",\"logo\":{\"@type\":\"ImageObject\",\"inLanguage\":\"fr-FR\",\"@id\":\"https:\/\/eurlhosnakamel.dz\/dz\/#\/schema\/logo\/image\/\",\"url\":\"https:\/\/eurlhosnakamel.dz\/wp-content\/uploads\/2020\/04\/LOGO-HOSNA1.png\",\"contentUrl\":\"https:\/\/eurlhosnakamel.dz\/wp-content\/uploads\/2020\/04\/LOGO-HOSNA1.png\",\"width\":120,\"height\":127,\"caption\":\"EURL HOSNA KAMEL - Bosch alg\u00e9rie\"},\"image\":{\"@id\":\"https:\/\/eurlhosnakamel.dz\/dz\/#\/schema\/logo\/image\/\"},\"sameAs\":[\"https:\/\/www.facebook.com\/Eurl.Hosna.DZ\/\"]}]}<\/script>\n<!-- \/ Yoast SEO plugin. -->","yoast_head_json":{"title":"Lame pour scie circulaire Expert Aluminium 230 x 30 x 2,8\/1,8mm - 64 dents - EURL HOSNA KAMEL","description":"Lame pour scie circulaire Expert Aluminium 230 x 30 x 2,8\/1,8mm - 64 dents - EURL HOSNA KAMEL","robots":{"index":"index","follow":"follow","max-snippet":"max-snippet:-1","max-image-preview":"max-image-preview:large","max-video-preview":"max-video-preview:-1"},"canonical":"https:\/\/eurlhosnakamel.dz\/dz\/produit\/lame-pour-scie-circulaire-expert-aluminium-230-x-30-x-28-18mm-64-dents\/","og_locale":"fr_FR","og_type":"article","og_title":"Lame pour scie circulaire Expert Aluminium 230 x 30 x 2,8\/1,8mm - 64 dents - EURL HOSNA KAMEL","og_description":"Lame pour scie circulaire Expert Aluminium 230 x 30 x 2,8\/1,8mm - 64 dents - EURL HOSNA KAMEL","og_url":"https:\/\/eurlhosnakamel.dz\/dz\/produit\/lame-pour-scie-circulaire-expert-aluminium-230-x-30-x-28-18mm-64-dents\/","og_site_name":"EURL HOSNA KAMEL","article_publisher":"https:\/\/www.facebook.com\/Eurl.Hosna.DZ\/","article_modified_time":"2021-12-19T08:20:14+00:00","og_image":[{"width":512,"height":512,"url":"https:\/\/eurlhosnakamel.dz\/dz\/wp-content\/uploads\/2020\/06\/Lame-pour-scie-circulaire-Expert-Aluminium-230-x-30-x-28-18mm-64-dents-eurl-hosna-kamel-alg\u00e9rie.jpg","type":"image\/jpeg"}],"twitter_card":"summary_large_image","twitter_misc":{"Dur\u00e9e de lecture estim\u00e9e":"1 minute"},"schema":{"@context":"https:\/\/schema.org","@graph":[{"@type":"WebPage","@id":"https:\/\/eurlhosnakamel.dz\/dz\/produit\/lame-pour-scie-circulaire-expert-aluminium-230-x-30-x-28-18mm-64-dents\/","url":"https:\/\/eurlhosnakamel.dz\/dz\/produit\/lame-pour-scie-circulaire-expert-aluminium-230-x-30-x-28-18mm-64-dents\/","name":"Lame pour scie circulaire Expert Aluminium 230 x 30 x 2,8\/1,8mm - 64 dents - EURL HOSNA KAMEL","isPartOf":{"@id":"https:\/\/eurlhosnakamel.dz\/dz\/#website"},"primaryImageOfPage":{"@id":"https:\/\/eurlhosnakamel.dz\/dz\/produit\/lame-pour-scie-circulaire-expert-aluminium-230-x-30-x-28-18mm-64-dents\/#primaryimage"},"image":{"@id":"https:\/\/eurlhosnakamel.dz\/dz\/produit\/lame-pour-scie-circulaire-expert-aluminium-230-x-30-x-28-18mm-64-dents\/#primaryimage"},"thumbnailUrl":"https:\/\/eurlhosnakamel.dz\/dz\/wp-content\/uploads\/2020\/06\/Lame-pour-scie-circulaire-Expert-Aluminium-230-x-30-x-28-18mm-64-dents-eurl-hosna-kamel-alg\u00e9rie.jpg","datePublished":"2020-06-17T13:39:04+00:00","dateModified":"2021-12-19T08:20:14+00:00","description":"Lame pour scie circulaire Expert Aluminium 230 x 30 x 2,8\/1,8mm - 64 dents - EURL HOSNA KAMEL","breadcrumb":{"@id":"https:\/\/eurlhosnakamel.dz\/dz\/produit\/lame-pour-scie-circulaire-expert-aluminium-230-x-30-x-28-18mm-64-dents\/#breadcrumb"},"inLanguage":"fr-FR","potentialAction":[{"@type":"ReadAction","target":["https:\/\/eurlhosnakamel.dz\/dz\/produit\/lame-pour-scie-circulaire-expert-aluminium-230-x-30-x-28-18mm-64-dents\/"]}]},{"@type":"ImageObject","inLanguage":"fr-FR","@id":"https:\/\/eurlhosnakamel.dz\/dz\/produit\/lame-pour-scie-circulaire-expert-aluminium-230-x-30-x-28-18mm-64-dents\/#primaryimage","url":"https:\/\/eurlhosnakamel.dz\/dz\/wp-content\/uploads\/2020\/06\/Lame-pour-scie-circulaire-Expert-Aluminium-230-x-30-x-28-18mm-64-dents-eurl-hosna-kamel-alg\u00e9rie.jpg","contentUrl":"https:\/\/eurlhosnakamel.dz\/dz\/wp-content\/uploads\/2020\/06\/Lame-pour-scie-circulaire-Expert-Aluminium-230-x-30-x-28-18mm-64-dents-eurl-hosna-kamel-alg\u00e9rie.jpg","width":512,"height":512},{"@type":"BreadcrumbList","@id":"https:\/\/eurlhosnakamel.dz\/dz\/produit\/lame-pour-scie-circulaire-expert-aluminium-230-x-30-x-28-18mm-64-dents\/#breadcrumb","itemListElement":[{"@type":"ListItem","position":1,"name":"Accueil","item":"https:\/\/eurlhosnakamel.dz\/dz\/"},{"@type":"ListItem","position":2,"name":"Shop","item":"https:\/\/eurlhosnakamel.dz\/dz\/shop\/"},{"@type":"ListItem","position":3,"name":"Lame pour scie circulaire Expert Aluminium 230 x 30 x 2,8\/1,8mm &#8211; 64 dents"}]},{"@type":"WebSite","@id":"https:\/\/eurlhosnakamel.dz\/dz\/#website","url":"https:\/\/eurlhosnakamel.dz\/dz\/","name":"EURL HOSNA KAMEL","description":"Fournisseur Premium d&#039;Outillages Professionnels en Alg\u00e9rie -","publisher":{"@id":"https:\/\/eurlhosnakamel.dz\/dz\/#organization"},"potentialAction":[{"@type":"SearchAction","target":{"@type":"EntryPoint","urlTemplate":"https:\/\/eurlhosnakamel.dz\/dz\/?s={search_term_string}"},"query-input":"required name=search_term_string"}],"inLanguage":"fr-FR"},{"@type":"Organization","@id":"https:\/\/eurlhosnakamel.dz\/dz\/#organization","name":"EURL HOSNA KAMEL - Bosch alg\u00e9rie","url":"https:\/\/eurlhosnakamel.dz\/dz\/","logo":{"@type":"ImageObject","inLanguage":"fr-FR","@id":"https:\/\/eurlhosnakamel.dz\/dz\/#\/schema\/logo\/image\/","url":"https:\/\/eurlhosnakamel.dz\/wp-content\/uploads\/2020\/04\/LOGO-HOSNA1.png","contentUrl":"https:\/\/eurlhosnakamel.dz\/wp-content\/uploads\/2020\/04\/LOGO-HOSNA1.png","width":120,"height":127,"caption":"EURL HOSNA KAMEL - Bosch alg\u00e9rie"},"image":{"@id":"https:\/\/eurlhosnakamel.dz\/dz\/#\/schema\/logo\/image\/"},"sameAs":["https:\/\/www.facebook.com\/Eurl.Hosna.DZ\/"]}]}},"_links":{"self":[{"href":"https:\/\/eurlhosnakamel.dz\/dz\/wp-json\/wp\/v2\/product\/11067","targetHints":{"allow":["GET"]}}],"collection":[{"href":"https:\/\/eurlhosnakamel.dz\/dz\/wp-json\/wp\/v2\/product"}],"about":[{"href":"https:\/\/eurlhosnakamel.dz\/dz\/wp-json\/wp\/v2\/types\/product"}],"wp:featuredmedia":[{"embeddable":true,"href":"https:\/\/eurlhosnakamel.dz\/dz\/wp-json\/wp\/v2\/media\/11068"}],"wp:attachment":[{"href":"https:\/\/eurlhosnakamel.dz\/dz\/wp-json\/wp\/v2\/media?parent=11067"}],"wp:term":[{"taxonomy":"product_cat","embeddable":true,"href":"https:\/\/eurlhosnakamel.dz\/dz\/wp-json\/wp\/v2\/product_cat?post=11067"},{"taxonomy":"product_tag","embeddable":true,"href":"https:\/\/eurlhosnakamel.dz\/dz\/wp-json\/wp\/v2\/product_tag?post=11067"}],"curies":[{"name":"wp","href":"https:\/\/api.w.org\/{rel}","templated":true}]}}