{"id":11070,"date":"2020-06-17T13:47:27","date_gmt":"2020-06-17T13:47:27","guid":{"rendered":"https:\/\/eurlhosnakamel.dz\/?post_type=product&#038;p=11070"},"modified":"2021-12-19T08:19:03","modified_gmt":"2021-12-19T08:19:03","slug":"chargeur-pour-batterie-li-ion-12v-gal-12v-40","status":"publish","type":"product","link":"https:\/\/eurlhosnakamel.dz\/dz\/produit\/chargeur-pour-batterie-li-ion-12v-gal-12v-40\/","title":{"rendered":"Chargeur pour Batterie Li-Ion 12V GAL 12V-40"},"content":{"rendered":"<h2 class=\"headline hl1\" style=\"text-align: justify;\">Avantages<\/h2>\n<div class=\"row\">\n<div class=\"col-md-6\" style=\"text-align: justify;\">\n<div class=\"m-product_hightlights__content-wrapper\">\n<h3 class=\"headline hl4\">Le chargeur 12 V rapide<\/h3>\n<ul class=\"m-product_hightlights__list\">\n<li>Recharge rapide de toutes les batteries 12 V : une batterie 12 V \/ 3,0 Ah est par ex. recharg\u00e9e de 0 \u00e0 80 % en 36 minutes.<\/li>\n<li>Design moderne et compact<\/li>\n<li>Compatible avec toutes les batteries 12 V de Bosch Professional (Professional 12V System).<\/li>\n<\/ul>\n<\/div>\n<div class=\"m-product_hightlights__content-wrapper\">\n<div class=\"collapse in\">\n<p class=\"m-product_hightlights__paragraph\">Le GAL 12V-40 Professional est le chargeur Bosch le plus rapide. Il assure la recharge rapide de toutes les batteries 12 V et n\u2019a par ex. besoin que de 36 minutes pour recharger une batterie 12 V \/ 3,0 Ah de 0 \u00e0 80 %. Il dispose \u00e9galement d\u2019un design moderne et compact ne n\u00e9cessitant que peu d\u2019espace sur un mur. Elle est compatible avec toutes les batteries 12 V de Bosch Professional (Professional 12V System).<\/p>\n<p class=\"m-product_hightlights__paragraph\">Le GAL 12V-40 Professional est \u00e9galement dot\u00e9 d\u2019un support pour montage mural.<\/p>\n<\/div>\n<\/div>\n<\/div>\n<div class=\"col-md-6\">\n<h3 class=\"headline hl4\" style=\"text-align: justify;\">Fonctions<\/h3>\n<div class=\"image-row bsTooltip__wrapper\">\n<div class=\"image-col bsTooltip\" style=\"text-align: justify;\" title=\"\" data-content=\" Compatibilit\u00e9 depuis 2005 : au sein de la m\u00eame cat\u00e9gorie de voltage, toutes nos batteries sont compatibles avec tous les outils \u00e9lectroportatifs nouveaux ou d\u00e9j\u00e0 existants de Bosch Professional.\" data-original-title=\"\"><img decoding=\"async\" class=\"img-responsive lazyloaded\" src=\"https:\/\/www.bosch-professional.com\/binary\/ocsmedia\/optimized\/100x100\/o300481v54_lv-176186-13-Bosch_Bl_Icon_Professional_12V_System.png\" alt=\" Compatibilit\u00e9 depuis 2005 : au sein de la m\u00eame cat\u00e9gorie de voltage, toutes nos batteries sont compatibles avec tous les outils \u00e9lectroportatifs nouveaux ou d\u00e9j\u00e0 existants de Bosch Professional.\" data-sizes=\"(max-width: 767px) 100px, (min-width: 768px) and (max-width: 991px) 100px, (-webkit-min-device-pixel-ratio: 2.0) and (min-width: 1000px) 200px, 100px\" data-srcset=\"https:\/\/www.bosch-professional.com\/binary\/ocsmedia\/optimized\/100x100\/o300481v54_lv-176186-13-Bosch_Bl_Icon_Professional_12V_System.png 100w, https:\/\/www.bosch-professional.com\/binary\/ocsmedia\/optimized\/100x100\/o300481v54_lv-176186-13-Bosch_Bl_Icon_Professional_12V_System.png 100w, https:\/\/www.bosch-professional.com\/binary\/ocsmedia\/optimized\/100x100\/o300481v54_lv-176186-13-Bosch_Bl_Icon_Professional_12V_System.png 100w, https:\/\/www.bosch-professional.com\/binary\/ocsmedia\/optimized\/200x200\/o300481v54_lv-176186-13-Bosch_Bl_Icon_Professional_12V_System.png 200w\" data-src=\"https:\/\/www.bosch-professional.com\/binary\/ocsmedia\/optimized\/100x100\/o300481v54_lv-176186-13-Bosch_Bl_Icon_Professional_12V_System.png\" \/> \u00a0<img decoding=\"async\" class=\"img-responsive lazyloaded\" src=\"https:\/\/www.bosch-professional.com\/binary\/ocsmedia\/optimized\/100x100\/o238964v54_Bosch_BI_Icon_WallMounting.png\" alt=\"Fonction support mural \" data-sizes=\"(max-width: 767px) 100px, (min-width: 768px) and (max-width: 991px) 100px, (-webkit-min-device-pixel-ratio: 2.0) and (min-width: 1000px) 200px, 100px\" data-srcset=\"https:\/\/www.bosch-professional.com\/binary\/ocsmedia\/optimized\/100x100\/o238964v54_Bosch_BI_Icon_WallMounting.png 100w, https:\/\/www.bosch-professional.com\/binary\/ocsmedia\/optimized\/100x100\/o238964v54_Bosch_BI_Icon_WallMounting.png 100w, https:\/\/www.bosch-professional.com\/binary\/ocsmedia\/optimized\/100x100\/o238964v54_Bosch_BI_Icon_WallMounting.png 100w, https:\/\/www.bosch-professional.com\/binary\/ocsmedia\/optimized\/200x200\/o238964v54_Bosch_BI_Icon_WallMounting.png 200w\" data-src=\"https:\/\/www.bosch-professional.com\/binary\/ocsmedia\/optimized\/100x100\/o238964v54_Bosch_BI_Icon_WallMounting.png\" \/><\/div>\n<\/div>\n<\/div>\n<\/div>\n","protected":false},"excerpt":{"rendered":"<h4 class=\"headline hl1\">GAL 12V-40 Professional<\/h4>\n<table class=\"table table--fixed\">\n<tbody>\n<tr>\n<td>Tension de charge de la batterie<\/td>\n<td>10,8 \u2013 12 V<\/td>\n<\/tr>\n<tr>\n<td>Courant de charge<\/td>\n<td>4 A<\/td>\n<\/tr>\n<tr>\n<td>Temps de charge approx. pour capacit\u00e9 1,5 Ah (80 % \/ 100 %)<\/td>\n<td>16\/30 min<\/td>\n<\/tr>\n<tr>\n<td>Dur\u00e9e de charge approximative pour une capacit\u00e9 de batterie de 2,0\u00a0Ah (80\u00a0%\/100\u00a0%)<\/td>\n<td>24\/35 min<\/td>\n<\/tr>\n<tr>\n<td>Dur\u00e9e de charge approximative pour une capacit\u00e9 de batterie de 2,5\u00a0Ah (80\u00a0%\/100\u00a0%)<\/td>\n<td>30\/42 min<\/td>\n<\/tr>\n<tr>\n<td>Temps de charge approx. pour capacit\u00e9 3,0 Ah (80 % \/ 100 %)<\/td>\n<td>36\/50 min<\/td>\n<\/tr>\n<tr>\n<td>Dur\u00e9e de charge approximative pour une capacit\u00e9 de batterie de 4,0\u00a0Ah (80\u00a0%\/100\u00a0%)<\/td>\n<td>48\/65 min<\/td>\n<\/tr>\n<tr>\n<td>Dur\u00e9e de charge approximative pour une capacit\u00e9 de batterie de 6,0\u00a0Ah (80\u00a0%\/100\u00a0%)<\/td>\n<td>72\/95 min<\/td>\n<\/tr>\n<tr>\n<td>Poids<\/td>\n<td>450 g<\/td>\n<\/tr>\n<\/tbody>\n<\/table>\n","protected":false},"featured_media":11071,"template":"","meta":[],"product_cat":[1277,405],"product_tag":[3524],"class_list":{"0":"post-11070","1":"product","2":"type-product","3":"status-publish","4":"has-post-thumbnail","6":"product_cat-accessoires-bosch","7":"product_cat-outillage","8":"product_tag-chargeur-pour-batterie-li-ion-12v-gal-12v-40","9":"product_brand-bosch-outillage","11":"first","12":"instock","13":"shipping-taxable","14":"product-type-simple","15":"col-xs-6 col-sm-4","16":"col-md-3 col-lg-3","17":"un-4-cols"},"yoast_head":"<!-- This site is optimized with the Yoast SEO plugin v22.5 - https:\/\/yoast.com\/wordpress\/plugins\/seo\/ -->\n<title>Chargeur pour Batterie Li-Ion 12V GAL 12V-40 - EURL HOSNA KAMEL<\/title>\n<meta name=\"description\" content=\"Chargeur pour Batterie Li-Ion 12V GAL 12V-40 - EURL HOSNA KAMEL\" \/>\n<meta name=\"robots\" content=\"index, follow, max-snippet:-1, max-image-preview:large, max-video-preview:-1\" \/>\n<link rel=\"canonical\" href=\"https:\/\/eurlhosnakamel.dz\/dz\/produit\/chargeur-pour-batterie-li-ion-12v-gal-12v-40\/\" \/>\n<meta property=\"og:locale\" content=\"fr_FR\" \/>\n<meta property=\"og:type\" content=\"article\" \/>\n<meta property=\"og:title\" content=\"Chargeur pour Batterie Li-Ion 12V GAL 12V-40 - EURL HOSNA KAMEL\" \/>\n<meta property=\"og:description\" content=\"Chargeur pour Batterie Li-Ion 12V GAL 12V-40 - EURL HOSNA KAMEL\" \/>\n<meta property=\"og:url\" content=\"https:\/\/eurlhosnakamel.dz\/dz\/produit\/chargeur-pour-batterie-li-ion-12v-gal-12v-40\/\" \/>\n<meta property=\"og:site_name\" content=\"EURL HOSNA KAMEL\" \/>\n<meta property=\"article:publisher\" content=\"https:\/\/www.facebook.com\/Eurl.Hosna.DZ\/\" \/>\n<meta property=\"article:modified_time\" content=\"2021-12-19T08:19:03+00:00\" \/>\n<meta property=\"og:image\" content=\"https:\/\/eurlhosnakamel.dz\/dz\/wp-content\/uploads\/2020\/06\/Chargeur-pour-Batterie-Li-Ion-12V-GAL-12V-40-eurl-hosna-kamel-alg\u00e9rie.jpg\" \/>\n\t<meta property=\"og:image:width\" content=\"512\" \/>\n\t<meta property=\"og:image:height\" content=\"512\" \/>\n\t<meta property=\"og:image:type\" content=\"image\/jpeg\" \/>\n<meta name=\"twitter:card\" content=\"summary_large_image\" \/>\n<meta name=\"twitter:label1\" content=\"Dur\u00e9e de lecture estim\u00e9e\" \/>\n\t<meta name=\"twitter:data1\" content=\"1 minute\" \/>\n<script type=\"application\/ld+json\" class=\"yoast-schema-graph\">{\"@context\":\"https:\/\/schema.org\",\"@graph\":[{\"@type\":\"WebPage\",\"@id\":\"https:\/\/eurlhosnakamel.dz\/dz\/produit\/chargeur-pour-batterie-li-ion-12v-gal-12v-40\/\",\"url\":\"https:\/\/eurlhosnakamel.dz\/dz\/produit\/chargeur-pour-batterie-li-ion-12v-gal-12v-40\/\",\"name\":\"Chargeur pour Batterie Li-Ion 12V GAL 12V-40 - EURL HOSNA KAMEL\",\"isPartOf\":{\"@id\":\"https:\/\/eurlhosnakamel.dz\/dz\/#website\"},\"primaryImageOfPage\":{\"@id\":\"https:\/\/eurlhosnakamel.dz\/dz\/produit\/chargeur-pour-batterie-li-ion-12v-gal-12v-40\/#primaryimage\"},\"image\":{\"@id\":\"https:\/\/eurlhosnakamel.dz\/dz\/produit\/chargeur-pour-batterie-li-ion-12v-gal-12v-40\/#primaryimage\"},\"thumbnailUrl\":\"https:\/\/eurlhosnakamel.dz\/dz\/wp-content\/uploads\/2020\/06\/Chargeur-pour-Batterie-Li-Ion-12V-GAL-12V-40-eurl-hosna-kamel-alg\u00e9rie.jpg\",\"datePublished\":\"2020-06-17T13:47:27+00:00\",\"dateModified\":\"2021-12-19T08:19:03+00:00\",\"description\":\"Chargeur pour Batterie Li-Ion 12V GAL 12V-40 - EURL HOSNA KAMEL\",\"breadcrumb\":{\"@id\":\"https:\/\/eurlhosnakamel.dz\/dz\/produit\/chargeur-pour-batterie-li-ion-12v-gal-12v-40\/#breadcrumb\"},\"inLanguage\":\"fr-FR\",\"potentialAction\":[{\"@type\":\"ReadAction\",\"target\":[\"https:\/\/eurlhosnakamel.dz\/dz\/produit\/chargeur-pour-batterie-li-ion-12v-gal-12v-40\/\"]}]},{\"@type\":\"ImageObject\",\"inLanguage\":\"fr-FR\",\"@id\":\"https:\/\/eurlhosnakamel.dz\/dz\/produit\/chargeur-pour-batterie-li-ion-12v-gal-12v-40\/#primaryimage\",\"url\":\"https:\/\/eurlhosnakamel.dz\/dz\/wp-content\/uploads\/2020\/06\/Chargeur-pour-Batterie-Li-Ion-12V-GAL-12V-40-eurl-hosna-kamel-alg\u00e9rie.jpg\",\"contentUrl\":\"https:\/\/eurlhosnakamel.dz\/dz\/wp-content\/uploads\/2020\/06\/Chargeur-pour-Batterie-Li-Ion-12V-GAL-12V-40-eurl-hosna-kamel-alg\u00e9rie.jpg\",\"width\":512,\"height\":512},{\"@type\":\"BreadcrumbList\",\"@id\":\"https:\/\/eurlhosnakamel.dz\/dz\/produit\/chargeur-pour-batterie-li-ion-12v-gal-12v-40\/#breadcrumb\",\"itemListElement\":[{\"@type\":\"ListItem\",\"position\":1,\"name\":\"Accueil\",\"item\":\"https:\/\/eurlhosnakamel.dz\/dz\/\"},{\"@type\":\"ListItem\",\"position\":2,\"name\":\"Shop\",\"item\":\"https:\/\/eurlhosnakamel.dz\/dz\/shop\/\"},{\"@type\":\"ListItem\",\"position\":3,\"name\":\"Chargeur pour Batterie Li-Ion 12V GAL 12V-40\"}]},{\"@type\":\"WebSite\",\"@id\":\"https:\/\/eurlhosnakamel.dz\/dz\/#website\",\"url\":\"https:\/\/eurlhosnakamel.dz\/dz\/\",\"name\":\"EURL HOSNA KAMEL\",\"description\":\"Fournisseur Premium d&#039;Outillages Professionnels en Alg\u00e9rie -\",\"publisher\":{\"@id\":\"https:\/\/eurlhosnakamel.dz\/dz\/#organization\"},\"potentialAction\":[{\"@type\":\"SearchAction\",\"target\":{\"@type\":\"EntryPoint\",\"urlTemplate\":\"https:\/\/eurlhosnakamel.dz\/dz\/?s={search_term_string}\"},\"query-input\":\"required name=search_term_string\"}],\"inLanguage\":\"fr-FR\"},{\"@type\":\"Organization\",\"@id\":\"https:\/\/eurlhosnakamel.dz\/dz\/#organization\",\"name\":\"EURL HOSNA KAMEL - Bosch alg\u00e9rie\",\"url\":\"https:\/\/eurlhosnakamel.dz\/dz\/\",\"logo\":{\"@type\":\"ImageObject\",\"inLanguage\":\"fr-FR\",\"@id\":\"https:\/\/eurlhosnakamel.dz\/dz\/#\/schema\/logo\/image\/\",\"url\":\"https:\/\/eurlhosnakamel.dz\/wp-content\/uploads\/2020\/04\/LOGO-HOSNA1.png\",\"contentUrl\":\"https:\/\/eurlhosnakamel.dz\/wp-content\/uploads\/2020\/04\/LOGO-HOSNA1.png\",\"width\":120,\"height\":127,\"caption\":\"EURL HOSNA KAMEL - Bosch alg\u00e9rie\"},\"image\":{\"@id\":\"https:\/\/eurlhosnakamel.dz\/dz\/#\/schema\/logo\/image\/\"},\"sameAs\":[\"https:\/\/www.facebook.com\/Eurl.Hosna.DZ\/\"]}]}<\/script>\n<!-- \/ Yoast SEO plugin. -->","yoast_head_json":{"title":"Chargeur pour Batterie Li-Ion 12V GAL 12V-40 - EURL HOSNA KAMEL","description":"Chargeur pour Batterie Li-Ion 12V GAL 12V-40 - EURL HOSNA KAMEL","robots":{"index":"index","follow":"follow","max-snippet":"max-snippet:-1","max-image-preview":"max-image-preview:large","max-video-preview":"max-video-preview:-1"},"canonical":"https:\/\/eurlhosnakamel.dz\/dz\/produit\/chargeur-pour-batterie-li-ion-12v-gal-12v-40\/","og_locale":"fr_FR","og_type":"article","og_title":"Chargeur pour Batterie Li-Ion 12V GAL 12V-40 - EURL HOSNA KAMEL","og_description":"Chargeur pour Batterie Li-Ion 12V GAL 12V-40 - EURL HOSNA KAMEL","og_url":"https:\/\/eurlhosnakamel.dz\/dz\/produit\/chargeur-pour-batterie-li-ion-12v-gal-12v-40\/","og_site_name":"EURL HOSNA KAMEL","article_publisher":"https:\/\/www.facebook.com\/Eurl.Hosna.DZ\/","article_modified_time":"2021-12-19T08:19:03+00:00","og_image":[{"width":512,"height":512,"url":"https:\/\/eurlhosnakamel.dz\/dz\/wp-content\/uploads\/2020\/06\/Chargeur-pour-Batterie-Li-Ion-12V-GAL-12V-40-eurl-hosna-kamel-alg\u00e9rie.jpg","type":"image\/jpeg"}],"twitter_card":"summary_large_image","twitter_misc":{"Dur\u00e9e de lecture estim\u00e9e":"1 minute"},"schema":{"@context":"https:\/\/schema.org","@graph":[{"@type":"WebPage","@id":"https:\/\/eurlhosnakamel.dz\/dz\/produit\/chargeur-pour-batterie-li-ion-12v-gal-12v-40\/","url":"https:\/\/eurlhosnakamel.dz\/dz\/produit\/chargeur-pour-batterie-li-ion-12v-gal-12v-40\/","name":"Chargeur pour Batterie Li-Ion 12V GAL 12V-40 - EURL HOSNA KAMEL","isPartOf":{"@id":"https:\/\/eurlhosnakamel.dz\/dz\/#website"},"primaryImageOfPage":{"@id":"https:\/\/eurlhosnakamel.dz\/dz\/produit\/chargeur-pour-batterie-li-ion-12v-gal-12v-40\/#primaryimage"},"image":{"@id":"https:\/\/eurlhosnakamel.dz\/dz\/produit\/chargeur-pour-batterie-li-ion-12v-gal-12v-40\/#primaryimage"},"thumbnailUrl":"https:\/\/eurlhosnakamel.dz\/dz\/wp-content\/uploads\/2020\/06\/Chargeur-pour-Batterie-Li-Ion-12V-GAL-12V-40-eurl-hosna-kamel-alg\u00e9rie.jpg","datePublished":"2020-06-17T13:47:27+00:00","dateModified":"2021-12-19T08:19:03+00:00","description":"Chargeur pour Batterie Li-Ion 12V GAL 12V-40 - EURL HOSNA KAMEL","breadcrumb":{"@id":"https:\/\/eurlhosnakamel.dz\/dz\/produit\/chargeur-pour-batterie-li-ion-12v-gal-12v-40\/#breadcrumb"},"inLanguage":"fr-FR","potentialAction":[{"@type":"ReadAction","target":["https:\/\/eurlhosnakamel.dz\/dz\/produit\/chargeur-pour-batterie-li-ion-12v-gal-12v-40\/"]}]},{"@type":"ImageObject","inLanguage":"fr-FR","@id":"https:\/\/eurlhosnakamel.dz\/dz\/produit\/chargeur-pour-batterie-li-ion-12v-gal-12v-40\/#primaryimage","url":"https:\/\/eurlhosnakamel.dz\/dz\/wp-content\/uploads\/2020\/06\/Chargeur-pour-Batterie-Li-Ion-12V-GAL-12V-40-eurl-hosna-kamel-alg\u00e9rie.jpg","contentUrl":"https:\/\/eurlhosnakamel.dz\/dz\/wp-content\/uploads\/2020\/06\/Chargeur-pour-Batterie-Li-Ion-12V-GAL-12V-40-eurl-hosna-kamel-alg\u00e9rie.jpg","width":512,"height":512},{"@type":"BreadcrumbList","@id":"https:\/\/eurlhosnakamel.dz\/dz\/produit\/chargeur-pour-batterie-li-ion-12v-gal-12v-40\/#breadcrumb","itemListElement":[{"@type":"ListItem","position":1,"name":"Accueil","item":"https:\/\/eurlhosnakamel.dz\/dz\/"},{"@type":"ListItem","position":2,"name":"Shop","item":"https:\/\/eurlhosnakamel.dz\/dz\/shop\/"},{"@type":"ListItem","position":3,"name":"Chargeur pour Batterie Li-Ion 12V GAL 12V-40"}]},{"@type":"WebSite","@id":"https:\/\/eurlhosnakamel.dz\/dz\/#website","url":"https:\/\/eurlhosnakamel.dz\/dz\/","name":"EURL HOSNA KAMEL","description":"Fournisseur Premium d&#039;Outillages Professionnels en Alg\u00e9rie -","publisher":{"@id":"https:\/\/eurlhosnakamel.dz\/dz\/#organization"},"potentialAction":[{"@type":"SearchAction","target":{"@type":"EntryPoint","urlTemplate":"https:\/\/eurlhosnakamel.dz\/dz\/?s={search_term_string}"},"query-input":"required name=search_term_string"}],"inLanguage":"fr-FR"},{"@type":"Organization","@id":"https:\/\/eurlhosnakamel.dz\/dz\/#organization","name":"EURL HOSNA KAMEL - Bosch alg\u00e9rie","url":"https:\/\/eurlhosnakamel.dz\/dz\/","logo":{"@type":"ImageObject","inLanguage":"fr-FR","@id":"https:\/\/eurlhosnakamel.dz\/dz\/#\/schema\/logo\/image\/","url":"https:\/\/eurlhosnakamel.dz\/wp-content\/uploads\/2020\/04\/LOGO-HOSNA1.png","contentUrl":"https:\/\/eurlhosnakamel.dz\/wp-content\/uploads\/2020\/04\/LOGO-HOSNA1.png","width":120,"height":127,"caption":"EURL HOSNA KAMEL - Bosch alg\u00e9rie"},"image":{"@id":"https:\/\/eurlhosnakamel.dz\/dz\/#\/schema\/logo\/image\/"},"sameAs":["https:\/\/www.facebook.com\/Eurl.Hosna.DZ\/"]}]}},"_links":{"self":[{"href":"https:\/\/eurlhosnakamel.dz\/dz\/wp-json\/wp\/v2\/product\/11070","targetHints":{"allow":["GET"]}}],"collection":[{"href":"https:\/\/eurlhosnakamel.dz\/dz\/wp-json\/wp\/v2\/product"}],"about":[{"href":"https:\/\/eurlhosnakamel.dz\/dz\/wp-json\/wp\/v2\/types\/product"}],"wp:featuredmedia":[{"embeddable":true,"href":"https:\/\/eurlhosnakamel.dz\/dz\/wp-json\/wp\/v2\/media\/11071"}],"wp:attachment":[{"href":"https:\/\/eurlhosnakamel.dz\/dz\/wp-json\/wp\/v2\/media?parent=11070"}],"wp:term":[{"taxonomy":"product_cat","embeddable":true,"href":"https:\/\/eurlhosnakamel.dz\/dz\/wp-json\/wp\/v2\/product_cat?post=11070"},{"taxonomy":"product_tag","embeddable":true,"href":"https:\/\/eurlhosnakamel.dz\/dz\/wp-json\/wp\/v2\/product_tag?post=11070"}],"curies":[{"name":"wp","href":"https:\/\/api.w.org\/{rel}","templated":true}]}}