{"id":11075,"date":"2020-06-17T13:58:29","date_gmt":"2020-06-17T13:58:29","guid":{"rendered":"https:\/\/eurlhosnakamel.dz\/?post_type=product&#038;p=11075"},"modified":"2021-12-19T08:16:41","modified_gmt":"2021-12-19T08:16:41","slug":"porte-embout-magnetique-pour-visseuse-1-4-sans-bague-55mm","status":"publish","type":"product","link":"https:\/\/eurlhosnakamel.dz\/dz\/produit\/porte-embout-magnetique-pour-visseuse-1-4-sans-bague-55mm\/","title":{"rendered":"Porte embout magnetique pour visseuse 1\/4 sans bague 55mm"},"content":{"rendered":"<h2 class=\"headline hl1\" style=\"text-align: justify;\">Avantages produit<\/h2>\n<div class=\"row\">\n<div class=\"col-md-6 xs-mb-30 lg-mb-0\">\n<h3 class=\"headline hl4\" style=\"text-align: justify;\">Porte-embouts universels magn\u00e9tiques standard<\/h3>\n<p style=\"text-align: justify;\">Le porte-embout universel magn\u00e9tique standard convient aux applications de vissage universelles<\/p>\n<ul style=\"text-align: justify;\">\n<li>Son design fin facilite sa manipulation pour l\u2019ex\u00e9cution de diverses t\u00e2ches<\/li>\n<li>Un aimant permanent garantit un maintien ferme et s\u00fbr des embouts<\/li>\n<li>Id\u00e9al pour toutes les t\u00e2ches de fixation n\u00e9cessitant l\u2019utilisation d\u2019outils \u00e9lectroportatifs<\/li>\n<\/ul>\n<div class=\"m-product_hightlights__description\">\n<h3 class=\"headline hl4\" style=\"text-align: justify;\">D\u00e9tails produit<\/h3>\n<div>\n<p style=\"text-align: justify;\">Le porte-embout universel magn\u00e9tique standard convient aux applications de vissage universelles. Son design fin facilite sa manipulation pour l\u2019ex\u00e9cution de diverses t\u00e2ches. Un aimant permanent assure un maintien ferme et s\u00fbr des embouts pendant leur utilisation. L\u2019embout universel est id\u00e9al pour toutes les t\u00e2ches de fixation n\u00e9cessitant l\u2019utilisation d\u2019outils \u00e9lectroportatifs. Dot\u00e9 d\u2019une queue hexagonale 1\/4&#8243;, il est con\u00e7u pour \u00eatre utilis\u00e9 avec les visseuses, les perceuses-visseuses et les visseuses pour cloisons s\u00e8ches, en combinaison avec des but\u00e9es de profondeur. Une queue hexagonale 1\/4&#8243; permet de l\u2019utiliser avec les perceuses sans fil standard et les visseuses \u00e0 percussion dot\u00e9es d\u2019un porte-outils 1\/4&#8243;.<\/p>\n<\/div>\n<\/div>\n<\/div>\n<\/div>\n","protected":false},"excerpt":{"rendered":"<h4>Porte-embout universel magn\u00e9tique, 1\u00a0pi\u00e8ce<\/h4>\n<table class=\"m-datatable m-datatable--light\">\n<thead>\n<tr>\n<th class=\"no-sort\" data-priority=\"1\">D\u00e9tails<\/th>\n<th class=\"no-sort\" data-priority=\"1\"><\/th>\n<\/tr>\n<\/thead>\n<tbody>\n<tr class=\"\">\n<td>Queue, pouces<\/td>\n<td>1\/4<\/td>\n<\/tr>\n<tr class=\"\">\n<td>Longueur totale mm<\/td>\n<td>55<\/td>\n<\/tr>\n<tr class=\"\">\n<td>Diam\u00e8tre (D1) mm<\/td>\n<td>10<\/td>\n<\/tr>\n<\/tbody>\n<\/table>\n","protected":false},"featured_media":11077,"template":"","meta":[],"product_cat":[1277,405],"product_tag":[3563],"class_list":{"0":"post-11075","1":"product","2":"type-product","3":"status-publish","4":"has-post-thumbnail","6":"product_cat-accessoires-bosch","7":"product_cat-outillage","8":"product_tag-porte-embout-magnetique-pour-visseuse-1-4-sans-bague-55mm","9":"product_brand-bosch-outillage","11":"first","12":"instock","13":"shipping-taxable","14":"product-type-simple","15":"col-xs-6 col-sm-4","16":"col-md-3 col-lg-3","17":"un-4-cols"},"yoast_head":"<!-- This site is optimized with the Yoast SEO plugin v22.5 - https:\/\/yoast.com\/wordpress\/plugins\/seo\/ -->\n<title>Porte embout magnetique pour visseuse 1\/4 sans bague 55mm - EURL HOSNA KAMEL<\/title>\n<meta name=\"description\" content=\"Porte embout magnetique pour visseuse 1\/4 sans bague 55mm - EURL HOSNA KAMEL\" \/>\n<meta name=\"robots\" content=\"index, follow, max-snippet:-1, max-image-preview:large, max-video-preview:-1\" \/>\n<link rel=\"canonical\" href=\"https:\/\/eurlhosnakamel.dz\/dz\/produit\/porte-embout-magnetique-pour-visseuse-1-4-sans-bague-55mm\/\" \/>\n<meta property=\"og:locale\" content=\"fr_FR\" \/>\n<meta property=\"og:type\" content=\"article\" \/>\n<meta property=\"og:title\" content=\"Porte embout magnetique pour visseuse 1\/4 sans bague 55mm - EURL HOSNA KAMEL\" \/>\n<meta property=\"og:description\" content=\"Porte embout magnetique pour visseuse 1\/4 sans bague 55mm - EURL HOSNA KAMEL\" \/>\n<meta property=\"og:url\" content=\"https:\/\/eurlhosnakamel.dz\/dz\/produit\/porte-embout-magnetique-pour-visseuse-1-4-sans-bague-55mm\/\" \/>\n<meta property=\"og:site_name\" content=\"EURL HOSNA KAMEL\" \/>\n<meta property=\"article:publisher\" content=\"https:\/\/www.facebook.com\/Eurl.Hosna.DZ\/\" \/>\n<meta property=\"article:modified_time\" content=\"2021-12-19T08:16:41+00:00\" \/>\n<meta property=\"og:image\" content=\"https:\/\/eurlhosnakamel.dz\/dz\/wp-content\/uploads\/2020\/06\/Porte-embout-magnetique-pour-visseuse-1-4-sans-bague-55mm-eurl-hosna-kamel-alg\u00e9rie.jpg\" \/>\n\t<meta property=\"og:image:width\" content=\"512\" \/>\n\t<meta property=\"og:image:height\" content=\"512\" \/>\n\t<meta property=\"og:image:type\" content=\"image\/jpeg\" \/>\n<meta name=\"twitter:card\" content=\"summary_large_image\" \/>\n<meta name=\"twitter:label1\" content=\"Dur\u00e9e de lecture estim\u00e9e\" \/>\n\t<meta name=\"twitter:data1\" content=\"1 minute\" \/>\n<script type=\"application\/ld+json\" class=\"yoast-schema-graph\">{\"@context\":\"https:\/\/schema.org\",\"@graph\":[{\"@type\":\"WebPage\",\"@id\":\"https:\/\/eurlhosnakamel.dz\/dz\/produit\/porte-embout-magnetique-pour-visseuse-1-4-sans-bague-55mm\/\",\"url\":\"https:\/\/eurlhosnakamel.dz\/dz\/produit\/porte-embout-magnetique-pour-visseuse-1-4-sans-bague-55mm\/\",\"name\":\"Porte embout magnetique pour visseuse 1\/4 sans bague 55mm - EURL HOSNA KAMEL\",\"isPartOf\":{\"@id\":\"https:\/\/eurlhosnakamel.dz\/dz\/#website\"},\"primaryImageOfPage\":{\"@id\":\"https:\/\/eurlhosnakamel.dz\/dz\/produit\/porte-embout-magnetique-pour-visseuse-1-4-sans-bague-55mm\/#primaryimage\"},\"image\":{\"@id\":\"https:\/\/eurlhosnakamel.dz\/dz\/produit\/porte-embout-magnetique-pour-visseuse-1-4-sans-bague-55mm\/#primaryimage\"},\"thumbnailUrl\":\"https:\/\/eurlhosnakamel.dz\/dz\/wp-content\/uploads\/2020\/06\/Porte-embout-magnetique-pour-visseuse-1-4-sans-bague-55mm-eurl-hosna-kamel-alg\u00e9rie.jpg\",\"datePublished\":\"2020-06-17T13:58:29+00:00\",\"dateModified\":\"2021-12-19T08:16:41+00:00\",\"description\":\"Porte embout magnetique pour visseuse 1\/4 sans bague 55mm - EURL HOSNA KAMEL\",\"breadcrumb\":{\"@id\":\"https:\/\/eurlhosnakamel.dz\/dz\/produit\/porte-embout-magnetique-pour-visseuse-1-4-sans-bague-55mm\/#breadcrumb\"},\"inLanguage\":\"fr-FR\",\"potentialAction\":[{\"@type\":\"ReadAction\",\"target\":[\"https:\/\/eurlhosnakamel.dz\/dz\/produit\/porte-embout-magnetique-pour-visseuse-1-4-sans-bague-55mm\/\"]}]},{\"@type\":\"ImageObject\",\"inLanguage\":\"fr-FR\",\"@id\":\"https:\/\/eurlhosnakamel.dz\/dz\/produit\/porte-embout-magnetique-pour-visseuse-1-4-sans-bague-55mm\/#primaryimage\",\"url\":\"https:\/\/eurlhosnakamel.dz\/dz\/wp-content\/uploads\/2020\/06\/Porte-embout-magnetique-pour-visseuse-1-4-sans-bague-55mm-eurl-hosna-kamel-alg\u00e9rie.jpg\",\"contentUrl\":\"https:\/\/eurlhosnakamel.dz\/dz\/wp-content\/uploads\/2020\/06\/Porte-embout-magnetique-pour-visseuse-1-4-sans-bague-55mm-eurl-hosna-kamel-alg\u00e9rie.jpg\",\"width\":512,\"height\":512},{\"@type\":\"BreadcrumbList\",\"@id\":\"https:\/\/eurlhosnakamel.dz\/dz\/produit\/porte-embout-magnetique-pour-visseuse-1-4-sans-bague-55mm\/#breadcrumb\",\"itemListElement\":[{\"@type\":\"ListItem\",\"position\":1,\"name\":\"Accueil\",\"item\":\"https:\/\/eurlhosnakamel.dz\/dz\/\"},{\"@type\":\"ListItem\",\"position\":2,\"name\":\"Shop\",\"item\":\"https:\/\/eurlhosnakamel.dz\/dz\/shop\/\"},{\"@type\":\"ListItem\",\"position\":3,\"name\":\"Porte embout magnetique pour visseuse 1\/4 sans bague 55mm\"}]},{\"@type\":\"WebSite\",\"@id\":\"https:\/\/eurlhosnakamel.dz\/dz\/#website\",\"url\":\"https:\/\/eurlhosnakamel.dz\/dz\/\",\"name\":\"EURL HOSNA KAMEL\",\"description\":\"Fournisseur Premium d&#039;Outillages Professionnels en Alg\u00e9rie -\",\"publisher\":{\"@id\":\"https:\/\/eurlhosnakamel.dz\/dz\/#organization\"},\"potentialAction\":[{\"@type\":\"SearchAction\",\"target\":{\"@type\":\"EntryPoint\",\"urlTemplate\":\"https:\/\/eurlhosnakamel.dz\/dz\/?s={search_term_string}\"},\"query-input\":\"required name=search_term_string\"}],\"inLanguage\":\"fr-FR\"},{\"@type\":\"Organization\",\"@id\":\"https:\/\/eurlhosnakamel.dz\/dz\/#organization\",\"name\":\"EURL HOSNA KAMEL - Bosch alg\u00e9rie\",\"url\":\"https:\/\/eurlhosnakamel.dz\/dz\/\",\"logo\":{\"@type\":\"ImageObject\",\"inLanguage\":\"fr-FR\",\"@id\":\"https:\/\/eurlhosnakamel.dz\/dz\/#\/schema\/logo\/image\/\",\"url\":\"https:\/\/eurlhosnakamel.dz\/wp-content\/uploads\/2020\/04\/LOGO-HOSNA1.png\",\"contentUrl\":\"https:\/\/eurlhosnakamel.dz\/wp-content\/uploads\/2020\/04\/LOGO-HOSNA1.png\",\"width\":120,\"height\":127,\"caption\":\"EURL HOSNA KAMEL - Bosch alg\u00e9rie\"},\"image\":{\"@id\":\"https:\/\/eurlhosnakamel.dz\/dz\/#\/schema\/logo\/image\/\"},\"sameAs\":[\"https:\/\/www.facebook.com\/Eurl.Hosna.DZ\/\"]}]}<\/script>\n<!-- \/ Yoast SEO plugin. -->","yoast_head_json":{"title":"Porte embout magnetique pour visseuse 1\/4 sans bague 55mm - EURL HOSNA KAMEL","description":"Porte embout magnetique pour visseuse 1\/4 sans bague 55mm - EURL HOSNA KAMEL","robots":{"index":"index","follow":"follow","max-snippet":"max-snippet:-1","max-image-preview":"max-image-preview:large","max-video-preview":"max-video-preview:-1"},"canonical":"https:\/\/eurlhosnakamel.dz\/dz\/produit\/porte-embout-magnetique-pour-visseuse-1-4-sans-bague-55mm\/","og_locale":"fr_FR","og_type":"article","og_title":"Porte embout magnetique pour visseuse 1\/4 sans bague 55mm - EURL HOSNA KAMEL","og_description":"Porte embout magnetique pour visseuse 1\/4 sans bague 55mm - EURL HOSNA KAMEL","og_url":"https:\/\/eurlhosnakamel.dz\/dz\/produit\/porte-embout-magnetique-pour-visseuse-1-4-sans-bague-55mm\/","og_site_name":"EURL HOSNA KAMEL","article_publisher":"https:\/\/www.facebook.com\/Eurl.Hosna.DZ\/","article_modified_time":"2021-12-19T08:16:41+00:00","og_image":[{"width":512,"height":512,"url":"https:\/\/eurlhosnakamel.dz\/dz\/wp-content\/uploads\/2020\/06\/Porte-embout-magnetique-pour-visseuse-1-4-sans-bague-55mm-eurl-hosna-kamel-alg\u00e9rie.jpg","type":"image\/jpeg"}],"twitter_card":"summary_large_image","twitter_misc":{"Dur\u00e9e de lecture estim\u00e9e":"1 minute"},"schema":{"@context":"https:\/\/schema.org","@graph":[{"@type":"WebPage","@id":"https:\/\/eurlhosnakamel.dz\/dz\/produit\/porte-embout-magnetique-pour-visseuse-1-4-sans-bague-55mm\/","url":"https:\/\/eurlhosnakamel.dz\/dz\/produit\/porte-embout-magnetique-pour-visseuse-1-4-sans-bague-55mm\/","name":"Porte embout magnetique pour visseuse 1\/4 sans bague 55mm - EURL HOSNA KAMEL","isPartOf":{"@id":"https:\/\/eurlhosnakamel.dz\/dz\/#website"},"primaryImageOfPage":{"@id":"https:\/\/eurlhosnakamel.dz\/dz\/produit\/porte-embout-magnetique-pour-visseuse-1-4-sans-bague-55mm\/#primaryimage"},"image":{"@id":"https:\/\/eurlhosnakamel.dz\/dz\/produit\/porte-embout-magnetique-pour-visseuse-1-4-sans-bague-55mm\/#primaryimage"},"thumbnailUrl":"https:\/\/eurlhosnakamel.dz\/dz\/wp-content\/uploads\/2020\/06\/Porte-embout-magnetique-pour-visseuse-1-4-sans-bague-55mm-eurl-hosna-kamel-alg\u00e9rie.jpg","datePublished":"2020-06-17T13:58:29+00:00","dateModified":"2021-12-19T08:16:41+00:00","description":"Porte embout magnetique pour visseuse 1\/4 sans bague 55mm - EURL HOSNA KAMEL","breadcrumb":{"@id":"https:\/\/eurlhosnakamel.dz\/dz\/produit\/porte-embout-magnetique-pour-visseuse-1-4-sans-bague-55mm\/#breadcrumb"},"inLanguage":"fr-FR","potentialAction":[{"@type":"ReadAction","target":["https:\/\/eurlhosnakamel.dz\/dz\/produit\/porte-embout-magnetique-pour-visseuse-1-4-sans-bague-55mm\/"]}]},{"@type":"ImageObject","inLanguage":"fr-FR","@id":"https:\/\/eurlhosnakamel.dz\/dz\/produit\/porte-embout-magnetique-pour-visseuse-1-4-sans-bague-55mm\/#primaryimage","url":"https:\/\/eurlhosnakamel.dz\/dz\/wp-content\/uploads\/2020\/06\/Porte-embout-magnetique-pour-visseuse-1-4-sans-bague-55mm-eurl-hosna-kamel-alg\u00e9rie.jpg","contentUrl":"https:\/\/eurlhosnakamel.dz\/dz\/wp-content\/uploads\/2020\/06\/Porte-embout-magnetique-pour-visseuse-1-4-sans-bague-55mm-eurl-hosna-kamel-alg\u00e9rie.jpg","width":512,"height":512},{"@type":"BreadcrumbList","@id":"https:\/\/eurlhosnakamel.dz\/dz\/produit\/porte-embout-magnetique-pour-visseuse-1-4-sans-bague-55mm\/#breadcrumb","itemListElement":[{"@type":"ListItem","position":1,"name":"Accueil","item":"https:\/\/eurlhosnakamel.dz\/dz\/"},{"@type":"ListItem","position":2,"name":"Shop","item":"https:\/\/eurlhosnakamel.dz\/dz\/shop\/"},{"@type":"ListItem","position":3,"name":"Porte embout magnetique pour visseuse 1\/4 sans bague 55mm"}]},{"@type":"WebSite","@id":"https:\/\/eurlhosnakamel.dz\/dz\/#website","url":"https:\/\/eurlhosnakamel.dz\/dz\/","name":"EURL HOSNA KAMEL","description":"Fournisseur Premium d&#039;Outillages Professionnels en Alg\u00e9rie -","publisher":{"@id":"https:\/\/eurlhosnakamel.dz\/dz\/#organization"},"potentialAction":[{"@type":"SearchAction","target":{"@type":"EntryPoint","urlTemplate":"https:\/\/eurlhosnakamel.dz\/dz\/?s={search_term_string}"},"query-input":"required name=search_term_string"}],"inLanguage":"fr-FR"},{"@type":"Organization","@id":"https:\/\/eurlhosnakamel.dz\/dz\/#organization","name":"EURL HOSNA KAMEL - Bosch alg\u00e9rie","url":"https:\/\/eurlhosnakamel.dz\/dz\/","logo":{"@type":"ImageObject","inLanguage":"fr-FR","@id":"https:\/\/eurlhosnakamel.dz\/dz\/#\/schema\/logo\/image\/","url":"https:\/\/eurlhosnakamel.dz\/wp-content\/uploads\/2020\/04\/LOGO-HOSNA1.png","contentUrl":"https:\/\/eurlhosnakamel.dz\/wp-content\/uploads\/2020\/04\/LOGO-HOSNA1.png","width":120,"height":127,"caption":"EURL HOSNA KAMEL - Bosch alg\u00e9rie"},"image":{"@id":"https:\/\/eurlhosnakamel.dz\/dz\/#\/schema\/logo\/image\/"},"sameAs":["https:\/\/www.facebook.com\/Eurl.Hosna.DZ\/"]}]}},"_links":{"self":[{"href":"https:\/\/eurlhosnakamel.dz\/dz\/wp-json\/wp\/v2\/product\/11075","targetHints":{"allow":["GET"]}}],"collection":[{"href":"https:\/\/eurlhosnakamel.dz\/dz\/wp-json\/wp\/v2\/product"}],"about":[{"href":"https:\/\/eurlhosnakamel.dz\/dz\/wp-json\/wp\/v2\/types\/product"}],"wp:featuredmedia":[{"embeddable":true,"href":"https:\/\/eurlhosnakamel.dz\/dz\/wp-json\/wp\/v2\/media\/11077"}],"wp:attachment":[{"href":"https:\/\/eurlhosnakamel.dz\/dz\/wp-json\/wp\/v2\/media?parent=11075"}],"wp:term":[{"taxonomy":"product_cat","embeddable":true,"href":"https:\/\/eurlhosnakamel.dz\/dz\/wp-json\/wp\/v2\/product_cat?post=11075"},{"taxonomy":"product_tag","embeddable":true,"href":"https:\/\/eurlhosnakamel.dz\/dz\/wp-json\/wp\/v2\/product_tag?post=11075"}],"curies":[{"name":"wp","href":"https:\/\/api.w.org\/{rel}","templated":true}]}}