{"id":11082,"date":"2020-06-17T14:12:53","date_gmt":"2020-06-17T14:12:53","guid":{"rendered":"https:\/\/eurlhosnakamel.dz\/?post_type=product&#038;p=11082"},"modified":"2021-12-19T08:14:21","modified_gmt":"2021-12-19T08:14:21","slug":"mandrin-13-mm-a-automatique","status":"publish","type":"product","link":"https:\/\/eurlhosnakamel.dz\/dz\/produit\/mandrin-13-mm-a-automatique\/","title":{"rendered":"Mandrin 13 mm \u00e0 automatique"},"content":{"rendered":"<h2 class=\"headline hl1\" style=\"text-align: justify;\">Avantages produit<\/h2>\n<div class=\"row\">\n<div class=\"col-md-6 xs-mb-30 lg-mb-0\">\n<h3 class=\"headline hl4\" style=\"text-align: justify;\">Mandrins porte-foret sans cl\u00e9<\/h3>\n<p style=\"text-align: justify;\">Le mandrin porte-foret sans cl\u00e9 permet un serrage \u00e0 une seule main confortable, pour une simplicit\u00e9 d\u2019utilisation maximale.<\/p>\n<ul style=\"text-align: justify;\">\n<li>Serrage simple et rapide sans cl\u00e9 \u00e0 une main<\/li>\n<li>Serre fermement les forets \u00e0 queue cylindrique ou hexagonale<\/li>\n<li>Diff\u00e9rentes fixations (1\/2&#8243;-20 et 3\/8&#8243;-24), compatible avec la plupart des perceuses communes \u00e0 blocage de broche<\/li>\n<\/ul>\n<div class=\"m-product_hightlights__description\">\n<h3 class=\"headline hl4\" style=\"text-align: justify;\">D\u00e9tails produit<\/h3>\n<div>\n<p style=\"text-align: justify;\">Le mandrin porte-foret sans cl\u00e9 permet un serrage \u00e0 une seule main pratique, pour une simplicit\u00e9 d\u2019utilisation maximale. Il permet un serrage simple et rapide \u00e0 une main sans utiliser de cl\u00e9 et maintient fermement les forets \u00e0 queue cylindrique ou hexagonale. Les mandrins porte-foret \u00e0 1 manchon sont disponibles avec plusieurs fixations (1\/2&#8243; &#8211; 20 et 3\/8&#8243; &#8211; 24) et sont compatibles avec la plupart des perceuses courantes \u00e0 blocage de broche. Consultez les caract\u00e9ristiques techniques pour plus d\u2019informations sur la r\u00e9sistance aux impacts et sur la compatibilit\u00e9 avec la rotation antihoraire .<\/p>\n<\/div>\n<\/div>\n<\/div>\n<\/div>\n","protected":false},"excerpt":{"rendered":"<h4>Mandrins automatiques jusqu\u2019\u00e0 13 mm<\/h4>\n<table class=\"m-datatable m-datatable--light\">\n<thead>\n<tr>\n<th class=\"no-sort\" data-priority=\"1\">D\u00e9tails<\/th>\n<th class=\"no-sort\" data-priority=\"1\"><\/th>\n<\/tr>\n<\/thead>\n<tbody>\n<tr class=\"\">\n<td>Uniquement pour blocage de broche<\/td>\n<td>+<\/td>\n<\/tr>\n<tr class=\"\">\n<td>R\u00e9versibilit\u00e9 D\/G<\/td>\n<td>+<\/td>\n<\/tr>\n<tr class=\"\">\n<td>Blocage de s\u00e9curit\u00e9<\/td>\n<td>&#8211;<\/td>\n<\/tr>\n<tr class=\"\">\n<td>Perceuse stationnaire<\/td>\n<td>&#8211;<\/td>\n<\/tr>\n<tr class=\"\">\n<td>R\u00e9sistant aux chocs<\/td>\n<td>+<\/td>\n<\/tr>\n<tr class=\"\">\n<td>M\u00e2choires de serrage en carbure<\/td>\n<td>+<\/td>\n<\/tr>\n<tr class=\"\">\n<td>Plage de serrage mm<\/td>\n<td>1,5\u201313,0<\/td>\n<\/tr>\n<tr class=\"\">\n<td>Emmanchement, plage<\/td>\n<td>1\/2&#8243; \u2013 20<\/td>\n<\/tr>\n<tr class=\"\">\n<td>Illustration, n\u00b0<\/td>\n<td>6<\/td>\n<\/tr>\n<\/tbody>\n<\/table>\n","protected":false},"featured_media":11083,"template":"","meta":[],"product_cat":[1277,405],"product_tag":[3602],"class_list":{"0":"post-11082","1":"product","2":"type-product","3":"status-publish","4":"has-post-thumbnail","6":"product_cat-accessoires-bosch","7":"product_cat-outillage","8":"product_tag-mandrin-13-mm-a-automatique","9":"product_brand-bosch-outillage","11":"first","12":"instock","13":"shipping-taxable","14":"product-type-simple","15":"col-xs-6 col-sm-4","16":"col-md-3 col-lg-3","17":"un-4-cols"},"yoast_head":"<!-- This site is optimized with the Yoast SEO plugin v22.5 - https:\/\/yoast.com\/wordpress\/plugins\/seo\/ -->\n<title>Mandrin 13 mm \u00e0 automatique - EURL HOSNA KAMEL<\/title>\n<meta name=\"description\" content=\"Mandrins automatiques jusqu\u2019\u00e0 13 mm ,Hosna kamel , s\u00e9tif Alg\u00e9rie Bosch\" \/>\n<meta name=\"robots\" content=\"index, follow, max-snippet:-1, max-image-preview:large, max-video-preview:-1\" \/>\n<link rel=\"canonical\" href=\"https:\/\/eurlhosnakamel.dz\/dz\/produit\/mandrin-13-mm-a-automatique\/\" \/>\n<meta property=\"og:locale\" content=\"fr_FR\" \/>\n<meta property=\"og:type\" content=\"article\" \/>\n<meta property=\"og:title\" content=\"Mandrin 13 mm \u00e0 automatique - EURL HOSNA KAMEL\" \/>\n<meta property=\"og:description\" content=\"Mandrins automatiques jusqu\u2019\u00e0 13 mm ,Hosna kamel , s\u00e9tif Alg\u00e9rie Bosch\" \/>\n<meta property=\"og:url\" content=\"https:\/\/eurlhosnakamel.dz\/dz\/produit\/mandrin-13-mm-a-automatique\/\" \/>\n<meta property=\"og:site_name\" content=\"EURL HOSNA KAMEL\" \/>\n<meta property=\"article:publisher\" content=\"https:\/\/www.facebook.com\/Eurl.Hosna.DZ\/\" \/>\n<meta property=\"article:modified_time\" content=\"2021-12-19T08:14:21+00:00\" \/>\n<meta property=\"og:image\" content=\"https:\/\/eurlhosnakamel.dz\/dz\/wp-content\/uploads\/2020\/06\/mandrin-13-mm-automatique-eurl-hosna-kamel-alg\u00e9rie.jpg\" \/>\n\t<meta property=\"og:image:width\" content=\"512\" \/>\n\t<meta property=\"og:image:height\" content=\"512\" \/>\n\t<meta property=\"og:image:type\" content=\"image\/jpeg\" \/>\n<meta name=\"twitter:card\" content=\"summary_large_image\" \/>\n<meta name=\"twitter:label1\" content=\"Dur\u00e9e de lecture estim\u00e9e\" \/>\n\t<meta name=\"twitter:data1\" content=\"1 minute\" \/>\n<script type=\"application\/ld+json\" class=\"yoast-schema-graph\">{\"@context\":\"https:\/\/schema.org\",\"@graph\":[{\"@type\":\"WebPage\",\"@id\":\"https:\/\/eurlhosnakamel.dz\/dz\/produit\/mandrin-13-mm-a-automatique\/\",\"url\":\"https:\/\/eurlhosnakamel.dz\/dz\/produit\/mandrin-13-mm-a-automatique\/\",\"name\":\"Mandrin 13 mm \u00e0 automatique - EURL HOSNA KAMEL\",\"isPartOf\":{\"@id\":\"https:\/\/eurlhosnakamel.dz\/dz\/#website\"},\"primaryImageOfPage\":{\"@id\":\"https:\/\/eurlhosnakamel.dz\/dz\/produit\/mandrin-13-mm-a-automatique\/#primaryimage\"},\"image\":{\"@id\":\"https:\/\/eurlhosnakamel.dz\/dz\/produit\/mandrin-13-mm-a-automatique\/#primaryimage\"},\"thumbnailUrl\":\"https:\/\/eurlhosnakamel.dz\/dz\/wp-content\/uploads\/2020\/06\/mandrin-13-mm-automatique-eurl-hosna-kamel-alg\u00e9rie.jpg\",\"datePublished\":\"2020-06-17T14:12:53+00:00\",\"dateModified\":\"2021-12-19T08:14:21+00:00\",\"description\":\"Mandrins automatiques jusqu\u2019\u00e0 13 mm ,Hosna kamel , s\u00e9tif Alg\u00e9rie Bosch\",\"breadcrumb\":{\"@id\":\"https:\/\/eurlhosnakamel.dz\/dz\/produit\/mandrin-13-mm-a-automatique\/#breadcrumb\"},\"inLanguage\":\"fr-FR\",\"potentialAction\":[{\"@type\":\"ReadAction\",\"target\":[\"https:\/\/eurlhosnakamel.dz\/dz\/produit\/mandrin-13-mm-a-automatique\/\"]}]},{\"@type\":\"ImageObject\",\"inLanguage\":\"fr-FR\",\"@id\":\"https:\/\/eurlhosnakamel.dz\/dz\/produit\/mandrin-13-mm-a-automatique\/#primaryimage\",\"url\":\"https:\/\/eurlhosnakamel.dz\/dz\/wp-content\/uploads\/2020\/06\/mandrin-13-mm-automatique-eurl-hosna-kamel-alg\u00e9rie.jpg\",\"contentUrl\":\"https:\/\/eurlhosnakamel.dz\/dz\/wp-content\/uploads\/2020\/06\/mandrin-13-mm-automatique-eurl-hosna-kamel-alg\u00e9rie.jpg\",\"width\":512,\"height\":512},{\"@type\":\"BreadcrumbList\",\"@id\":\"https:\/\/eurlhosnakamel.dz\/dz\/produit\/mandrin-13-mm-a-automatique\/#breadcrumb\",\"itemListElement\":[{\"@type\":\"ListItem\",\"position\":1,\"name\":\"Accueil\",\"item\":\"https:\/\/eurlhosnakamel.dz\/dz\/\"},{\"@type\":\"ListItem\",\"position\":2,\"name\":\"Shop\",\"item\":\"https:\/\/eurlhosnakamel.dz\/dz\/shop\/\"},{\"@type\":\"ListItem\",\"position\":3,\"name\":\"Mandrin 13 mm \u00e0 automatique\"}]},{\"@type\":\"WebSite\",\"@id\":\"https:\/\/eurlhosnakamel.dz\/dz\/#website\",\"url\":\"https:\/\/eurlhosnakamel.dz\/dz\/\",\"name\":\"EURL HOSNA KAMEL\",\"description\":\"Fournisseur Premium d&#039;Outillages Professionnels en Alg\u00e9rie -\",\"publisher\":{\"@id\":\"https:\/\/eurlhosnakamel.dz\/dz\/#organization\"},\"potentialAction\":[{\"@type\":\"SearchAction\",\"target\":{\"@type\":\"EntryPoint\",\"urlTemplate\":\"https:\/\/eurlhosnakamel.dz\/dz\/?s={search_term_string}\"},\"query-input\":\"required name=search_term_string\"}],\"inLanguage\":\"fr-FR\"},{\"@type\":\"Organization\",\"@id\":\"https:\/\/eurlhosnakamel.dz\/dz\/#organization\",\"name\":\"EURL HOSNA KAMEL - Bosch alg\u00e9rie\",\"url\":\"https:\/\/eurlhosnakamel.dz\/dz\/\",\"logo\":{\"@type\":\"ImageObject\",\"inLanguage\":\"fr-FR\",\"@id\":\"https:\/\/eurlhosnakamel.dz\/dz\/#\/schema\/logo\/image\/\",\"url\":\"https:\/\/eurlhosnakamel.dz\/wp-content\/uploads\/2020\/04\/LOGO-HOSNA1.png\",\"contentUrl\":\"https:\/\/eurlhosnakamel.dz\/wp-content\/uploads\/2020\/04\/LOGO-HOSNA1.png\",\"width\":120,\"height\":127,\"caption\":\"EURL HOSNA KAMEL - Bosch alg\u00e9rie\"},\"image\":{\"@id\":\"https:\/\/eurlhosnakamel.dz\/dz\/#\/schema\/logo\/image\/\"},\"sameAs\":[\"https:\/\/www.facebook.com\/Eurl.Hosna.DZ\/\"]}]}<\/script>\n<!-- \/ Yoast SEO plugin. -->","yoast_head_json":{"title":"Mandrin 13 mm \u00e0 automatique - EURL HOSNA KAMEL","description":"Mandrins automatiques jusqu\u2019\u00e0 13 mm ,Hosna kamel , s\u00e9tif Alg\u00e9rie Bosch","robots":{"index":"index","follow":"follow","max-snippet":"max-snippet:-1","max-image-preview":"max-image-preview:large","max-video-preview":"max-video-preview:-1"},"canonical":"https:\/\/eurlhosnakamel.dz\/dz\/produit\/mandrin-13-mm-a-automatique\/","og_locale":"fr_FR","og_type":"article","og_title":"Mandrin 13 mm \u00e0 automatique - EURL HOSNA KAMEL","og_description":"Mandrins automatiques jusqu\u2019\u00e0 13 mm ,Hosna kamel , s\u00e9tif Alg\u00e9rie Bosch","og_url":"https:\/\/eurlhosnakamel.dz\/dz\/produit\/mandrin-13-mm-a-automatique\/","og_site_name":"EURL HOSNA KAMEL","article_publisher":"https:\/\/www.facebook.com\/Eurl.Hosna.DZ\/","article_modified_time":"2021-12-19T08:14:21+00:00","og_image":[{"width":512,"height":512,"url":"https:\/\/eurlhosnakamel.dz\/dz\/wp-content\/uploads\/2020\/06\/mandrin-13-mm-automatique-eurl-hosna-kamel-alg\u00e9rie.jpg","type":"image\/jpeg"}],"twitter_card":"summary_large_image","twitter_misc":{"Dur\u00e9e de lecture estim\u00e9e":"1 minute"},"schema":{"@context":"https:\/\/schema.org","@graph":[{"@type":"WebPage","@id":"https:\/\/eurlhosnakamel.dz\/dz\/produit\/mandrin-13-mm-a-automatique\/","url":"https:\/\/eurlhosnakamel.dz\/dz\/produit\/mandrin-13-mm-a-automatique\/","name":"Mandrin 13 mm \u00e0 automatique - EURL HOSNA KAMEL","isPartOf":{"@id":"https:\/\/eurlhosnakamel.dz\/dz\/#website"},"primaryImageOfPage":{"@id":"https:\/\/eurlhosnakamel.dz\/dz\/produit\/mandrin-13-mm-a-automatique\/#primaryimage"},"image":{"@id":"https:\/\/eurlhosnakamel.dz\/dz\/produit\/mandrin-13-mm-a-automatique\/#primaryimage"},"thumbnailUrl":"https:\/\/eurlhosnakamel.dz\/dz\/wp-content\/uploads\/2020\/06\/mandrin-13-mm-automatique-eurl-hosna-kamel-alg\u00e9rie.jpg","datePublished":"2020-06-17T14:12:53+00:00","dateModified":"2021-12-19T08:14:21+00:00","description":"Mandrins automatiques jusqu\u2019\u00e0 13 mm ,Hosna kamel , s\u00e9tif Alg\u00e9rie Bosch","breadcrumb":{"@id":"https:\/\/eurlhosnakamel.dz\/dz\/produit\/mandrin-13-mm-a-automatique\/#breadcrumb"},"inLanguage":"fr-FR","potentialAction":[{"@type":"ReadAction","target":["https:\/\/eurlhosnakamel.dz\/dz\/produit\/mandrin-13-mm-a-automatique\/"]}]},{"@type":"ImageObject","inLanguage":"fr-FR","@id":"https:\/\/eurlhosnakamel.dz\/dz\/produit\/mandrin-13-mm-a-automatique\/#primaryimage","url":"https:\/\/eurlhosnakamel.dz\/dz\/wp-content\/uploads\/2020\/06\/mandrin-13-mm-automatique-eurl-hosna-kamel-alg\u00e9rie.jpg","contentUrl":"https:\/\/eurlhosnakamel.dz\/dz\/wp-content\/uploads\/2020\/06\/mandrin-13-mm-automatique-eurl-hosna-kamel-alg\u00e9rie.jpg","width":512,"height":512},{"@type":"BreadcrumbList","@id":"https:\/\/eurlhosnakamel.dz\/dz\/produit\/mandrin-13-mm-a-automatique\/#breadcrumb","itemListElement":[{"@type":"ListItem","position":1,"name":"Accueil","item":"https:\/\/eurlhosnakamel.dz\/dz\/"},{"@type":"ListItem","position":2,"name":"Shop","item":"https:\/\/eurlhosnakamel.dz\/dz\/shop\/"},{"@type":"ListItem","position":3,"name":"Mandrin 13 mm \u00e0 automatique"}]},{"@type":"WebSite","@id":"https:\/\/eurlhosnakamel.dz\/dz\/#website","url":"https:\/\/eurlhosnakamel.dz\/dz\/","name":"EURL HOSNA KAMEL","description":"Fournisseur Premium d&#039;Outillages Professionnels en Alg\u00e9rie -","publisher":{"@id":"https:\/\/eurlhosnakamel.dz\/dz\/#organization"},"potentialAction":[{"@type":"SearchAction","target":{"@type":"EntryPoint","urlTemplate":"https:\/\/eurlhosnakamel.dz\/dz\/?s={search_term_string}"},"query-input":"required name=search_term_string"}],"inLanguage":"fr-FR"},{"@type":"Organization","@id":"https:\/\/eurlhosnakamel.dz\/dz\/#organization","name":"EURL HOSNA KAMEL - Bosch alg\u00e9rie","url":"https:\/\/eurlhosnakamel.dz\/dz\/","logo":{"@type":"ImageObject","inLanguage":"fr-FR","@id":"https:\/\/eurlhosnakamel.dz\/dz\/#\/schema\/logo\/image\/","url":"https:\/\/eurlhosnakamel.dz\/wp-content\/uploads\/2020\/04\/LOGO-HOSNA1.png","contentUrl":"https:\/\/eurlhosnakamel.dz\/wp-content\/uploads\/2020\/04\/LOGO-HOSNA1.png","width":120,"height":127,"caption":"EURL HOSNA KAMEL - Bosch alg\u00e9rie"},"image":{"@id":"https:\/\/eurlhosnakamel.dz\/dz\/#\/schema\/logo\/image\/"},"sameAs":["https:\/\/www.facebook.com\/Eurl.Hosna.DZ\/"]}]}},"_links":{"self":[{"href":"https:\/\/eurlhosnakamel.dz\/dz\/wp-json\/wp\/v2\/product\/11082","targetHints":{"allow":["GET"]}}],"collection":[{"href":"https:\/\/eurlhosnakamel.dz\/dz\/wp-json\/wp\/v2\/product"}],"about":[{"href":"https:\/\/eurlhosnakamel.dz\/dz\/wp-json\/wp\/v2\/types\/product"}],"wp:featuredmedia":[{"embeddable":true,"href":"https:\/\/eurlhosnakamel.dz\/dz\/wp-json\/wp\/v2\/media\/11083"}],"wp:attachment":[{"href":"https:\/\/eurlhosnakamel.dz\/dz\/wp-json\/wp\/v2\/media?parent=11082"}],"wp:term":[{"taxonomy":"product_cat","embeddable":true,"href":"https:\/\/eurlhosnakamel.dz\/dz\/wp-json\/wp\/v2\/product_cat?post=11082"},{"taxonomy":"product_tag","embeddable":true,"href":"https:\/\/eurlhosnakamel.dz\/dz\/wp-json\/wp\/v2\/product_tag?post=11082"}],"curies":[{"name":"wp","href":"https:\/\/api.w.org\/{rel}","templated":true}]}}