{"id":11104,"date":"2020-06-23T09:30:50","date_gmt":"2020-06-23T09:30:50","guid":{"rendered":"https:\/\/eurlhosnakamel.dz\/?post_type=product&#038;p=11104"},"modified":"2021-12-19T07:39:24","modified_gmt":"2021-12-19T07:39:24","slug":"aspirateur-pour-extraction-gas-15-p","status":"publish","type":"product","link":"https:\/\/eurlhosnakamel.dz\/dz\/produit\/aspirateur-pour-extraction-gas-15-p\/","title":{"rendered":"Aspirateur pour extraction GAS 15 P"},"content":{"rendered":"<section id=\"technicaldata\" class=\"o-technical_details-a trackingModule\">\n<div class=\"container\">\n<div class=\"row\">\n<div class=\"col-xs-12\">\n<h4 class=\"headline hl1\"><strong>Caract\u00e9ristiques techniques<\/strong><\/h4>\n<\/div>\n<\/div>\n<div class=\"row\">\n<div class=\"col-lg-8 col-xs-12\">\n<table class=\"table\">\n<colgroup>\n<col class=\"col-xs-5\" \/>\n<col class=\"col-xs-3\" \/><\/colgroup>\n<thead>\n<tr>\n<th class=\"headline hl4\" colspan=\"2\">Donn\u00e9es suppl\u00e9mentaires<\/th>\n<\/tr>\n<\/thead>\n<tbody>\n<tr>\n<td><b>Poids*<\/b><\/td>\n<td><b>6<\/b>\u00a0<b>kg<\/b><\/td>\n<\/tr>\n<tr>\n<td><b>Volume net du r\u00e9servoir*<\/b><\/td>\n<td><b>10<\/b>\u00a0<b>l<\/b><\/td>\n<\/tr>\n<tr>\n<td>Puissance absorb\u00e9e nominale<\/td>\n<td>1\u00a0100\u00a0W<\/td>\n<\/tr>\n<tr>\n<td>Volume brut du r\u00e9servoir<\/td>\n<td>15\u00a0l<\/td>\n<\/tr>\n<tr>\n<td>Volume net de la cuve \u00e0 eau<\/td>\n<td>8\u00a0l<\/td>\n<\/tr>\n<tr>\n<td>Dimensions de l\u2019outil (longueur)<\/td>\n<td>360\u00a0mm<\/td>\n<\/tr>\n<tr>\n<td>Dimensions de l\u2019outil (hauteur)<\/td>\n<td>440\u00a0mm<\/td>\n<\/tr>\n<tr>\n<td><b>Surface de filtration*<\/b><\/td>\n<td><b>2\u00a0300<\/b>\u00a0<b>cm\u00b2<\/b><\/td>\n<\/tr>\n<tr>\n<td>D\u00e9bit maxi (turbine)<\/td>\n<td>53\u00a0l\/s<\/td>\n<\/tr>\n<tr>\n<td>D\u00e9pression maxi. (turbine)<\/td>\n<td>270\u00a0mbar<\/td>\n<\/tr>\n<tr>\n<td>Roues, nombre<\/td>\n<td>4<\/td>\n<\/tr>\n<\/tbody>\n<\/table>\n<p>* Donn\u00e9es mises en surbrillance<\/p>\n<\/div>\n<div class=\"col-lg-4 col-xs-12\">\n<div class=\"o-technical_details-a__imagewrapper\"><img decoding=\"async\" class=\"img-responsive ls-is-cached lazyloaded alignleft\" src=\"https:\/\/www.bosch-professional.com\/binary\/ocsmedia\/optimized\/767x767\/o261269v16_lv-101182-13-GAS15PS_dim.jpg\" alt=\"\" \/><\/div>\n<\/div>\n<\/div>\n<\/div>\n<\/section>\n<section id=\"highlights\" class=\"m-product_hightlights trackingModule\">\n<div class=\"container\">\n<h2 class=\"headline hl1\">Avantages<\/h2>\n<div class=\"row\">\n<div class=\"col-md-6\">\n<div class=\"m-product_hightlights__content-wrapper\">\n<h3 class=\"headline hl4\">L\u2019aspirateur humide \/ sec sans danger<\/h3>\n<ul class=\"m-product_hightlights__list\">\n<li>Syst\u00e8me de support de sacs poussi\u00e8re novateur, compatible autant avec des sacs \u00e0 poussi\u00e8re universels pour m\u00e9nage et les sacs \u00e0 poussi\u00e8re professionnels<\/li>\n<li>2 en 1, commutation libre entre aspiration et soufflage<\/li>\n<li>Syst\u00e8me de nettoyage filtre semi-automatique\u00a0: pour une efficacit\u00e9 et une long\u00e9vit\u00e9 accrues<\/li>\n<\/ul>\n<\/div>\n<\/div>\n<div class=\"col-md-6\">\n<h3 class=\"headline hl4\">Fonctions<\/h3>\n<div class=\"image-row bsTooltip__wrapper\">\n<div class=\"image-col bsTooltip\" title=\"\" data-content=\"Microfiltre \" data-original-title=\"\"><img decoding=\"async\" class=\"img-responsive ls-is-cached lazyloaded alignleft\" src=\"https:\/\/www.bosch-professional.com\/binary\/ocsmedia\/optimized\/100x100\/o167396v54_Bosch_BI_Icon_Microfilter.png\" alt=\"Microfiltre \" data-sizes=\"(max-width: 767px) 100px, (min-width: 768px) and (max-width: 991px) 100px, (-webkit-min-device-pixel-ratio: 2.0) and (min-width: 1000px) 200px, 100px\" data-srcset=\"https:\/\/www.bosch-professional.com\/binary\/ocsmedia\/optimized\/100x100\/o167396v54_Bosch_BI_Icon_Microfilter.png 100w, https:\/\/www.bosch-professional.com\/binary\/ocsmedia\/optimized\/100x100\/o167396v54_Bosch_BI_Icon_Microfilter.png 100w, https:\/\/www.bosch-professional.com\/binary\/ocsmedia\/optimized\/100x100\/o167396v54_Bosch_BI_Icon_Microfilter.png 100w, https:\/\/www.bosch-professional.com\/binary\/ocsmedia\/optimized\/200x200\/o167396v54_Bosch_BI_Icon_Microfilter.png 200w\" data-src=\"https:\/\/www.bosch-professional.com\/binary\/ocsmedia\/optimized\/100x100\/o167396v54_Bosch_BI_Icon_Microfilter.png\" \/><\/div>\n<div class=\"image-col bsTooltip\" title=\"\" data-content=\"Syst\u00e8me Click &amp; Clean \u2013 3 grands avantages Une visibilit\u00e9 parfaite de la surface de travail : pour un travail plus pr\u00e9cis et plus rapide Les poussi\u00e8res nocives sont aspir\u00e9es l\u00e0 o\u00f9 elles sont produites : prot\u00e8ge la sant\u00e9 Moins de poussi\u00e8re : prolonge la dur\u00e9e de vie de l\u2019outil et des accessoires\" data-original-title=\"\"><img decoding=\"async\" class=\"img-responsive ls-is-cached lazyloaded alignleft\" src=\"https:\/\/www.bosch-professional.com\/binary\/ocsmedia\/optimized\/100x100\/o123050v54_Bosch_BI_Icon_ClickClean.png\" alt=\"Syst\u00e8me Click &amp; Clean \u2013 3 grands avantages Une visibilit\u00e9 parfaite de la surface de travail : pour un travail plus pr\u00e9cis et plus rapide Les poussi\u00e8res nocives sont aspir\u00e9es l\u00e0 o\u00f9 elles sont produites : prot\u00e8ge la sant\u00e9 Moins de poussi\u00e8re : prolonge la dur\u00e9e de vie de l\u2019outil et des accessoires\" data-sizes=\"(max-width: 767px) 100px, (min-width: 768px) and (max-width: 991px) 100px, (-webkit-min-device-pixel-ratio: 2.0) and (min-width: 1000px) 200px, 100px\" data-srcset=\"https:\/\/www.bosch-professional.com\/binary\/ocsmedia\/optimized\/100x100\/o123050v54_Bosch_BI_Icon_ClickClean.png 100w, https:\/\/www.bosch-professional.com\/binary\/ocsmedia\/optimized\/100x100\/o123050v54_Bosch_BI_Icon_ClickClean.png 100w, https:\/\/www.bosch-professional.com\/binary\/ocsmedia\/optimized\/100x100\/o123050v54_Bosch_BI_Icon_ClickClean.png 100w, https:\/\/www.bosch-professional.com\/binary\/ocsmedia\/optimized\/200x200\/o123050v54_Bosch_BI_Icon_ClickClean.png 200w\" data-src=\"https:\/\/www.bosch-professional.com\/binary\/ocsmedia\/optimized\/100x100\/o123050v54_Bosch_BI_Icon_ClickClean.png\" \/><\/div>\n<div class=\"image-col bsTooltip\" title=\"\" data-content=\"Travail des m\u00e9taux Les outils \u00e9lectroportatifs professionnels Bosch pour travail du m\u00e9tal.\" data-original-title=\"\"><img decoding=\"async\" class=\"img-responsive ls-is-cached lazyloaded alignleft\" src=\"https:\/\/www.bosch-professional.com\/binary\/ocsmedia\/optimized\/100x100\/o246752v54_metal_picto_01.png\" alt=\"Travail des m\u00e9taux Les outils \u00e9lectroportatifs professionnels Bosch pour travail du m\u00e9tal.\" data-sizes=\"(max-width: 767px) 100px, (min-width: 768px) and (max-width: 991px) 100px, (-webkit-min-device-pixel-ratio: 2.0) and (min-width: 1000px) 200px, 100px\" data-srcset=\"https:\/\/www.bosch-professional.com\/binary\/ocsmedia\/optimized\/100x100\/o246752v54_metal_picto_01.png 100w, https:\/\/www.bosch-professional.com\/binary\/ocsmedia\/optimized\/100x100\/o246752v54_metal_picto_01.png 100w, https:\/\/www.bosch-professional.com\/binary\/ocsmedia\/optimized\/100x100\/o246752v54_metal_picto_01.png 100w, https:\/\/www.bosch-professional.com\/binary\/ocsmedia\/optimized\/200x200\/o246752v54_metal_picto_01.png 200w\" data-src=\"https:\/\/www.bosch-professional.com\/binary\/ocsmedia\/optimized\/100x100\/o246752v54_metal_picto_01.png\" \/><\/div>\n<div class=\"image-col bsTooltip\" title=\"\" data-content=\"B\u00e2timent Les outils \u00e9lectroportatifs professionnels Bosch pour chantiers de construction.\" data-original-title=\"\"><img decoding=\"async\" class=\"img-responsive ls-is-cached lazyloaded alignleft\" src=\"https:\/\/www.bosch-professional.com\/binary\/ocsmedia\/optimized\/100x100\/o246751v54_construction_picto_01.png\" alt=\"B\u00e2timent Les outils \u00e9lectroportatifs professionnels Bosch pour chantiers de construction.\" data-sizes=\"(max-width: 767px) 100px, (min-width: 768px) and (max-width: 991px) 100px, (-webkit-min-device-pixel-ratio: 2.0) and (min-width: 1000px) 200px, 100px\" data-srcset=\"https:\/\/www.bosch-professional.com\/binary\/ocsmedia\/optimized\/100x100\/o246751v54_construction_picto_01.png 100w, https:\/\/www.bosch-professional.com\/binary\/ocsmedia\/optimized\/100x100\/o246751v54_construction_picto_01.png 100w, https:\/\/www.bosch-professional.com\/binary\/ocsmedia\/optimized\/100x100\/o246751v54_construction_picto_01.png 100w, https:\/\/www.bosch-professional.com\/binary\/ocsmedia\/optimized\/200x200\/o246751v54_construction_picto_01.png 200w\" data-src=\"https:\/\/www.bosch-professional.com\/binary\/ocsmedia\/optimized\/100x100\/o246751v54_construction_picto_01.png\" \/><\/div>\n<div class=\"image-col bsTooltip\" title=\"\" data-content=\"Travail du bois Les outils \u00e9lectroportatifs professionnels Bosch pour travail du bois.\" data-original-title=\"\"><img decoding=\"async\" class=\"img-responsive ls-is-cached lazyloaded alignleft\" src=\"https:\/\/www.bosch-professional.com\/binary\/ocsmedia\/optimized\/100x100\/o246750v54_wood_picto_01.png\" alt=\"Travail du bois Les outils \u00e9lectroportatifs professionnels Bosch pour travail du bois.\" data-sizes=\"(max-width: 767px) 100px, (min-width: 768px) and (max-width: 991px) 100px, (-webkit-min-device-pixel-ratio: 2.0) and (min-width: 1000px) 200px, 100px\" data-srcset=\"https:\/\/www.bosch-professional.com\/binary\/ocsmedia\/optimized\/100x100\/o246750v54_wood_picto_01.png 100w, https:\/\/www.bosch-professional.com\/binary\/ocsmedia\/optimized\/100x100\/o246750v54_wood_picto_01.png 100w, https:\/\/www.bosch-professional.com\/binary\/ocsmedia\/optimized\/100x100\/o246750v54_wood_picto_01.png 100w, https:\/\/www.bosch-professional.com\/binary\/ocsmedia\/optimized\/200x200\/o246750v54_wood_picto_01.png 200w\" data-src=\"https:\/\/www.bosch-professional.com\/binary\/ocsmedia\/optimized\/100x100\/o246750v54_wood_picto_01.png\" \/><\/div>\n<\/div>\n<\/div>\n<\/div>\n<\/div>\n<\/section>\n<section id=\"pricescope\" class=\"o-product_variations-a trackingModule\">\n<div class=\"o-product_variations-a__container container\">\n<div class=\"o-product_variations-a__row row\">\n<div class=\"m-detail_stage\">\n<div class=\"m-detail_stage__headline col-xs-12\">\n<div class=\"headline hl1\">Ce qui est inclus dans ce paquet<\/div>\n<\/div>\n<div class=\"m-detail_stage__image col-sm-5\"><img decoding=\"async\" class=\"img-responsive alignleft\" src=\"https:\/\/www.bosch-professional.com\/binary\/ocsmedia\/optimized\/530x530\/o257565v54_lv-144984-12-GAS15_dyn_01.png\" alt=\"avec buse\" \/><\/div>\n<\/div>\n<\/div>\n<\/div>\n<\/section>\n","protected":false},"excerpt":{"rendered":"<div class=\"row\">\n<div class=\"col-md-7 col-sm-6\">\n<h4 class=\"o-hero_stage__headline-wrapper headline hl1\"><span class=\"o-hero_stage__headline o-hero_stage__headline--sup o-hero_stage__text o-hero_stage__text--white\"><span class=\"si-hero-stage-subheadline\">Aspirateur pour solides et liquides <\/span><\/span><span class=\"o-hero_stage__headline o-hero_stage__text o-hero_stage__text--white pull-left\">GAS 15 Professional<\/span><\/h4>\n<\/div>\n<\/div>\n<div class=\"row\">\n<div class=\"col-sm-6 col-lg-5\">\n<p class=\"o-hero_stage__description o-hero_stage__text o-hero_stage__text--white\">L\u2019aspirateur humide \/ sec sans danger<\/p>\n<\/div>\n<\/div>\n","protected":false},"featured_media":11105,"template":"","meta":[],"product_cat":[405,441],"product_tag":[2351],"class_list":{"0":"post-11104","1":"product","2":"type-product","3":"status-publish","4":"has-post-thumbnail","6":"product_cat-outillage","7":"product_cat-outillage-filaire","8":"product_tag-aspirateur-pour-extraction-gas-15-p","9":"product_brand-bosch-outillage","11":"first","12":"instock","13":"shipping-taxable","14":"product-type-simple","15":"col-xs-6 col-sm-4","16":"col-md-3 col-lg-3","17":"un-4-cols"},"yoast_head":"<!-- This site is optimized with the Yoast SEO plugin v22.5 - https:\/\/yoast.com\/wordpress\/plugins\/seo\/ -->\n<title>Aspirateur pour extraction GAS 15 P - EURL HOSNA KAMEL<\/title>\n<meta name=\"description\" content=\"Aspirateur pour solides et liquidesGAS 15 ProfessionalL\u2019aspirateur humide \/ sec sans danger eurl hosna kamel setif algerie\" \/>\n<meta name=\"robots\" content=\"index, follow, max-snippet:-1, max-image-preview:large, max-video-preview:-1\" \/>\n<link rel=\"canonical\" href=\"https:\/\/eurlhosnakamel.dz\/dz\/produit\/aspirateur-pour-extraction-gas-15-p\/\" \/>\n<meta property=\"og:locale\" content=\"fr_FR\" \/>\n<meta property=\"og:type\" content=\"article\" \/>\n<meta property=\"og:title\" content=\"Aspirateur pour extraction GAS 15 P - EURL HOSNA KAMEL\" \/>\n<meta property=\"og:description\" content=\"Aspirateur pour solides et liquidesGAS 15 ProfessionalL\u2019aspirateur humide \/ sec sans danger eurl hosna kamel setif algerie\" \/>\n<meta property=\"og:url\" content=\"https:\/\/eurlhosnakamel.dz\/dz\/produit\/aspirateur-pour-extraction-gas-15-p\/\" \/>\n<meta property=\"og:site_name\" content=\"EURL HOSNA KAMEL\" \/>\n<meta property=\"article:publisher\" content=\"https:\/\/www.facebook.com\/Eurl.Hosna.DZ\/\" \/>\n<meta property=\"article:modified_time\" content=\"2021-12-19T07:39:24+00:00\" \/>\n<meta property=\"og:image\" content=\"https:\/\/eurlhosnakamel.dz\/dz\/wp-content\/uploads\/2020\/06\/ASPIRATEUR-bosch-hosna-kamel.jpg\" \/>\n\t<meta property=\"og:image:width\" content=\"600\" \/>\n\t<meta property=\"og:image:height\" content=\"600\" \/>\n\t<meta property=\"og:image:type\" content=\"image\/jpeg\" \/>\n<meta name=\"twitter:card\" content=\"summary_large_image\" \/>\n<meta name=\"twitter:label1\" content=\"Dur\u00e9e de lecture estim\u00e9e\" \/>\n\t<meta name=\"twitter:data1\" content=\"1 minute\" \/>\n<script type=\"application\/ld+json\" class=\"yoast-schema-graph\">{\"@context\":\"https:\/\/schema.org\",\"@graph\":[{\"@type\":\"WebPage\",\"@id\":\"https:\/\/eurlhosnakamel.dz\/dz\/produit\/aspirateur-pour-extraction-gas-15-p\/\",\"url\":\"https:\/\/eurlhosnakamel.dz\/dz\/produit\/aspirateur-pour-extraction-gas-15-p\/\",\"name\":\"Aspirateur pour extraction GAS 15 P - EURL HOSNA KAMEL\",\"isPartOf\":{\"@id\":\"https:\/\/eurlhosnakamel.dz\/dz\/#website\"},\"primaryImageOfPage\":{\"@id\":\"https:\/\/eurlhosnakamel.dz\/dz\/produit\/aspirateur-pour-extraction-gas-15-p\/#primaryimage\"},\"image\":{\"@id\":\"https:\/\/eurlhosnakamel.dz\/dz\/produit\/aspirateur-pour-extraction-gas-15-p\/#primaryimage\"},\"thumbnailUrl\":\"https:\/\/eurlhosnakamel.dz\/dz\/wp-content\/uploads\/2020\/06\/ASPIRATEUR-bosch-hosna-kamel.jpg\",\"datePublished\":\"2020-06-23T09:30:50+00:00\",\"dateModified\":\"2021-12-19T07:39:24+00:00\",\"description\":\"Aspirateur pour solides et liquidesGAS 15 ProfessionalL\u2019aspirateur humide \/ sec sans danger eurl hosna kamel setif algerie\",\"breadcrumb\":{\"@id\":\"https:\/\/eurlhosnakamel.dz\/dz\/produit\/aspirateur-pour-extraction-gas-15-p\/#breadcrumb\"},\"inLanguage\":\"fr-FR\",\"potentialAction\":[{\"@type\":\"ReadAction\",\"target\":[\"https:\/\/eurlhosnakamel.dz\/dz\/produit\/aspirateur-pour-extraction-gas-15-p\/\"]}]},{\"@type\":\"ImageObject\",\"inLanguage\":\"fr-FR\",\"@id\":\"https:\/\/eurlhosnakamel.dz\/dz\/produit\/aspirateur-pour-extraction-gas-15-p\/#primaryimage\",\"url\":\"https:\/\/eurlhosnakamel.dz\/dz\/wp-content\/uploads\/2020\/06\/ASPIRATEUR-bosch-hosna-kamel.jpg\",\"contentUrl\":\"https:\/\/eurlhosnakamel.dz\/dz\/wp-content\/uploads\/2020\/06\/ASPIRATEUR-bosch-hosna-kamel.jpg\",\"width\":600,\"height\":600,\"caption\":\"Bosch algerie\"},{\"@type\":\"BreadcrumbList\",\"@id\":\"https:\/\/eurlhosnakamel.dz\/dz\/produit\/aspirateur-pour-extraction-gas-15-p\/#breadcrumb\",\"itemListElement\":[{\"@type\":\"ListItem\",\"position\":1,\"name\":\"Accueil\",\"item\":\"https:\/\/eurlhosnakamel.dz\/dz\/\"},{\"@type\":\"ListItem\",\"position\":2,\"name\":\"Shop\",\"item\":\"https:\/\/eurlhosnakamel.dz\/dz\/shop\/\"},{\"@type\":\"ListItem\",\"position\":3,\"name\":\"Aspirateur pour extraction GAS 15 P\"}]},{\"@type\":\"WebSite\",\"@id\":\"https:\/\/eurlhosnakamel.dz\/dz\/#website\",\"url\":\"https:\/\/eurlhosnakamel.dz\/dz\/\",\"name\":\"EURL HOSNA KAMEL\",\"description\":\"Fournisseur Premium d&#039;Outillages Professionnels en Alg\u00e9rie -\",\"publisher\":{\"@id\":\"https:\/\/eurlhosnakamel.dz\/dz\/#organization\"},\"potentialAction\":[{\"@type\":\"SearchAction\",\"target\":{\"@type\":\"EntryPoint\",\"urlTemplate\":\"https:\/\/eurlhosnakamel.dz\/dz\/?s={search_term_string}\"},\"query-input\":\"required name=search_term_string\"}],\"inLanguage\":\"fr-FR\"},{\"@type\":\"Organization\",\"@id\":\"https:\/\/eurlhosnakamel.dz\/dz\/#organization\",\"name\":\"EURL HOSNA KAMEL - Bosch alg\u00e9rie\",\"url\":\"https:\/\/eurlhosnakamel.dz\/dz\/\",\"logo\":{\"@type\":\"ImageObject\",\"inLanguage\":\"fr-FR\",\"@id\":\"https:\/\/eurlhosnakamel.dz\/dz\/#\/schema\/logo\/image\/\",\"url\":\"https:\/\/eurlhosnakamel.dz\/wp-content\/uploads\/2020\/04\/LOGO-HOSNA1.png\",\"contentUrl\":\"https:\/\/eurlhosnakamel.dz\/wp-content\/uploads\/2020\/04\/LOGO-HOSNA1.png\",\"width\":120,\"height\":127,\"caption\":\"EURL HOSNA KAMEL - Bosch alg\u00e9rie\"},\"image\":{\"@id\":\"https:\/\/eurlhosnakamel.dz\/dz\/#\/schema\/logo\/image\/\"},\"sameAs\":[\"https:\/\/www.facebook.com\/Eurl.Hosna.DZ\/\"]}]}<\/script>\n<!-- \/ Yoast SEO plugin. -->","yoast_head_json":{"title":"Aspirateur pour extraction GAS 15 P - EURL HOSNA KAMEL","description":"Aspirateur pour solides et liquidesGAS 15 ProfessionalL\u2019aspirateur humide \/ sec sans danger eurl hosna kamel setif algerie","robots":{"index":"index","follow":"follow","max-snippet":"max-snippet:-1","max-image-preview":"max-image-preview:large","max-video-preview":"max-video-preview:-1"},"canonical":"https:\/\/eurlhosnakamel.dz\/dz\/produit\/aspirateur-pour-extraction-gas-15-p\/","og_locale":"fr_FR","og_type":"article","og_title":"Aspirateur pour extraction GAS 15 P - EURL HOSNA KAMEL","og_description":"Aspirateur pour solides et liquidesGAS 15 ProfessionalL\u2019aspirateur humide \/ sec sans danger eurl hosna kamel setif algerie","og_url":"https:\/\/eurlhosnakamel.dz\/dz\/produit\/aspirateur-pour-extraction-gas-15-p\/","og_site_name":"EURL HOSNA KAMEL","article_publisher":"https:\/\/www.facebook.com\/Eurl.Hosna.DZ\/","article_modified_time":"2021-12-19T07:39:24+00:00","og_image":[{"width":600,"height":600,"url":"https:\/\/eurlhosnakamel.dz\/dz\/wp-content\/uploads\/2020\/06\/ASPIRATEUR-bosch-hosna-kamel.jpg","type":"image\/jpeg"}],"twitter_card":"summary_large_image","twitter_misc":{"Dur\u00e9e de lecture estim\u00e9e":"1 minute"},"schema":{"@context":"https:\/\/schema.org","@graph":[{"@type":"WebPage","@id":"https:\/\/eurlhosnakamel.dz\/dz\/produit\/aspirateur-pour-extraction-gas-15-p\/","url":"https:\/\/eurlhosnakamel.dz\/dz\/produit\/aspirateur-pour-extraction-gas-15-p\/","name":"Aspirateur pour extraction GAS 15 P - EURL HOSNA KAMEL","isPartOf":{"@id":"https:\/\/eurlhosnakamel.dz\/dz\/#website"},"primaryImageOfPage":{"@id":"https:\/\/eurlhosnakamel.dz\/dz\/produit\/aspirateur-pour-extraction-gas-15-p\/#primaryimage"},"image":{"@id":"https:\/\/eurlhosnakamel.dz\/dz\/produit\/aspirateur-pour-extraction-gas-15-p\/#primaryimage"},"thumbnailUrl":"https:\/\/eurlhosnakamel.dz\/dz\/wp-content\/uploads\/2020\/06\/ASPIRATEUR-bosch-hosna-kamel.jpg","datePublished":"2020-06-23T09:30:50+00:00","dateModified":"2021-12-19T07:39:24+00:00","description":"Aspirateur pour solides et liquidesGAS 15 ProfessionalL\u2019aspirateur humide \/ sec sans danger eurl hosna kamel setif algerie","breadcrumb":{"@id":"https:\/\/eurlhosnakamel.dz\/dz\/produit\/aspirateur-pour-extraction-gas-15-p\/#breadcrumb"},"inLanguage":"fr-FR","potentialAction":[{"@type":"ReadAction","target":["https:\/\/eurlhosnakamel.dz\/dz\/produit\/aspirateur-pour-extraction-gas-15-p\/"]}]},{"@type":"ImageObject","inLanguage":"fr-FR","@id":"https:\/\/eurlhosnakamel.dz\/dz\/produit\/aspirateur-pour-extraction-gas-15-p\/#primaryimage","url":"https:\/\/eurlhosnakamel.dz\/dz\/wp-content\/uploads\/2020\/06\/ASPIRATEUR-bosch-hosna-kamel.jpg","contentUrl":"https:\/\/eurlhosnakamel.dz\/dz\/wp-content\/uploads\/2020\/06\/ASPIRATEUR-bosch-hosna-kamel.jpg","width":600,"height":600,"caption":"Bosch algerie"},{"@type":"BreadcrumbList","@id":"https:\/\/eurlhosnakamel.dz\/dz\/produit\/aspirateur-pour-extraction-gas-15-p\/#breadcrumb","itemListElement":[{"@type":"ListItem","position":1,"name":"Accueil","item":"https:\/\/eurlhosnakamel.dz\/dz\/"},{"@type":"ListItem","position":2,"name":"Shop","item":"https:\/\/eurlhosnakamel.dz\/dz\/shop\/"},{"@type":"ListItem","position":3,"name":"Aspirateur pour extraction GAS 15 P"}]},{"@type":"WebSite","@id":"https:\/\/eurlhosnakamel.dz\/dz\/#website","url":"https:\/\/eurlhosnakamel.dz\/dz\/","name":"EURL HOSNA KAMEL","description":"Fournisseur Premium d&#039;Outillages Professionnels en Alg\u00e9rie -","publisher":{"@id":"https:\/\/eurlhosnakamel.dz\/dz\/#organization"},"potentialAction":[{"@type":"SearchAction","target":{"@type":"EntryPoint","urlTemplate":"https:\/\/eurlhosnakamel.dz\/dz\/?s={search_term_string}"},"query-input":"required name=search_term_string"}],"inLanguage":"fr-FR"},{"@type":"Organization","@id":"https:\/\/eurlhosnakamel.dz\/dz\/#organization","name":"EURL HOSNA KAMEL - Bosch alg\u00e9rie","url":"https:\/\/eurlhosnakamel.dz\/dz\/","logo":{"@type":"ImageObject","inLanguage":"fr-FR","@id":"https:\/\/eurlhosnakamel.dz\/dz\/#\/schema\/logo\/image\/","url":"https:\/\/eurlhosnakamel.dz\/wp-content\/uploads\/2020\/04\/LOGO-HOSNA1.png","contentUrl":"https:\/\/eurlhosnakamel.dz\/wp-content\/uploads\/2020\/04\/LOGO-HOSNA1.png","width":120,"height":127,"caption":"EURL HOSNA KAMEL - Bosch alg\u00e9rie"},"image":{"@id":"https:\/\/eurlhosnakamel.dz\/dz\/#\/schema\/logo\/image\/"},"sameAs":["https:\/\/www.facebook.com\/Eurl.Hosna.DZ\/"]}]}},"_links":{"self":[{"href":"https:\/\/eurlhosnakamel.dz\/dz\/wp-json\/wp\/v2\/product\/11104","targetHints":{"allow":["GET"]}}],"collection":[{"href":"https:\/\/eurlhosnakamel.dz\/dz\/wp-json\/wp\/v2\/product"}],"about":[{"href":"https:\/\/eurlhosnakamel.dz\/dz\/wp-json\/wp\/v2\/types\/product"}],"wp:featuredmedia":[{"embeddable":true,"href":"https:\/\/eurlhosnakamel.dz\/dz\/wp-json\/wp\/v2\/media\/11105"}],"wp:attachment":[{"href":"https:\/\/eurlhosnakamel.dz\/dz\/wp-json\/wp\/v2\/media?parent=11104"}],"wp:term":[{"taxonomy":"product_cat","embeddable":true,"href":"https:\/\/eurlhosnakamel.dz\/dz\/wp-json\/wp\/v2\/product_cat?post=11104"},{"taxonomy":"product_tag","embeddable":true,"href":"https:\/\/eurlhosnakamel.dz\/dz\/wp-json\/wp\/v2\/product_tag?post=11104"}],"curies":[{"name":"wp","href":"https:\/\/api.w.org\/{rel}","templated":true}]}}