{"id":11179,"date":"2020-07-20T20:36:06","date_gmt":"2020-07-20T20:36:06","guid":{"rendered":"https:\/\/eurlhosnakamel.dz\/?post_type=product&#038;p=11179"},"modified":"2020-07-20T20:36:06","modified_gmt":"2020-07-20T20:36:06","slug":"transpalette-eoslift","status":"publish","type":"product","link":"https:\/\/eurlhosnakamel.dz\/dz\/produit\/transpalette-eoslift\/","title":{"rendered":"TRANSPALETTE EOSLIFT"},"content":{"rendered":"<p><strong>Haute performance<\/strong><br \/>\n&#8211; La poign\u00e9e hydraulique offre trois positions de contr\u00f4le: relevage, abaissement et neutre<\/p>\n<p>&#8211; Des bagues d&#8217;\u00e9tanch\u00e9it\u00e9 conformes aux normes allemandes garantissent d&#8217;excellentes performances<\/p>\n<p><img decoding=\"async\" class=\"\" src=\"http:\/\/www.eoslift.com\/uploadfile\/2019\/0131\/20190131041701737.jpg\" alt=\"\" width=\"122\" height=\"77\" \/><\/p>\n<p><strong>Entretien facile<\/strong><br \/>\n&#8211; Galvanisation de la pompe \u00e0 huile pour \u00e9viter la rouille et prolonger sa dur\u00e9e de vie<\/p>\n<p>&#8211; La protection contre les surcharges emp\u00eache le chariot de passer sous<br \/>\ncondition surcharg\u00e9e, r\u00e9duisant son co\u00fbt de maintenance<\/p>\n<p>&#8211; La pompe enti\u00e8rement ferm\u00e9e \u00e9vite la contamination et les fuites d&#8217;huile<\/p>\n<p>&#8211; Acc\u00e8s pratique aux points de lubrification pour un entretien facile<\/p>\n<p><img decoding=\"async\" src=\"http:\/\/www.eoslift.com\/uploadfile\/2019\/0131\/20190131044334757.jpg\" alt=\"\" \/><\/p>\n","protected":false},"excerpt":{"rendered":"<p>TRANSPALETTE EOSLIFT<\/p>\n","protected":false},"featured_media":11181,"template":"","meta":[],"product_cat":[29,561,563,573,615],"product_tag":[],"class_list":{"0":"post-11179","1":"product","2":"type-product","3":"status-publish","4":"has-post-thumbnail","6":"product_cat-quincaillerie","7":"product_cat-equipement-de-garage","8":"product_cat-equipement-de-levage","9":"product_cat-machines-ateliers-et-garages","10":"product_cat-transpalette","11":"product_brand-eoslift","13":"first","14":"instock","15":"shipping-taxable","16":"product-type-simple","17":"col-xs-6 col-sm-4","18":"col-md-3 col-lg-3","19":"un-4-cols"},"yoast_head":"<!-- This site is optimized with the Yoast SEO plugin v22.5 - https:\/\/yoast.com\/wordpress\/plugins\/seo\/ -->\n<title>TRANSPALETTE EOSLIFT - EURL HOSNA KAMEL<\/title>\n<meta name=\"description\" content=\"TRANSPALETTE EOSLIFT - EURL HOSNA KAMEL\" \/>\n<meta name=\"robots\" content=\"index, follow, max-snippet:-1, max-image-preview:large, max-video-preview:-1\" \/>\n<link rel=\"canonical\" href=\"https:\/\/eurlhosnakamel.dz\/dz\/produit\/transpalette-eoslift\/\" \/>\n<meta property=\"og:locale\" content=\"fr_FR\" \/>\n<meta property=\"og:type\" content=\"article\" \/>\n<meta property=\"og:title\" content=\"TRANSPALETTE EOSLIFT - EURL HOSNA KAMEL\" \/>\n<meta property=\"og:description\" content=\"TRANSPALETTE EOSLIFT - EURL HOSNA KAMEL\" \/>\n<meta property=\"og:url\" content=\"https:\/\/eurlhosnakamel.dz\/dz\/produit\/transpalette-eoslift\/\" \/>\n<meta property=\"og:site_name\" content=\"EURL HOSNA KAMEL\" \/>\n<meta property=\"article:publisher\" content=\"https:\/\/www.facebook.com\/Eurl.Hosna.DZ\/\" \/>\n<meta property=\"og:image\" content=\"https:\/\/eurlhosnakamel.dz\/dz\/wp-content\/uploads\/2020\/07\/TRANSPALETTE-EOSLIFT.png\" \/>\n\t<meta property=\"og:image:width\" content=\"485\" \/>\n\t<meta property=\"og:image:height\" content=\"425\" \/>\n\t<meta property=\"og:image:type\" content=\"image\/png\" \/>\n<meta name=\"twitter:card\" content=\"summary_large_image\" \/>\n<script type=\"application\/ld+json\" class=\"yoast-schema-graph\">{\"@context\":\"https:\/\/schema.org\",\"@graph\":[{\"@type\":\"WebPage\",\"@id\":\"https:\/\/eurlhosnakamel.dz\/dz\/produit\/transpalette-eoslift\/\",\"url\":\"https:\/\/eurlhosnakamel.dz\/dz\/produit\/transpalette-eoslift\/\",\"name\":\"TRANSPALETTE EOSLIFT - EURL HOSNA KAMEL\",\"isPartOf\":{\"@id\":\"https:\/\/eurlhosnakamel.dz\/dz\/#website\"},\"primaryImageOfPage\":{\"@id\":\"https:\/\/eurlhosnakamel.dz\/dz\/produit\/transpalette-eoslift\/#primaryimage\"},\"image\":{\"@id\":\"https:\/\/eurlhosnakamel.dz\/dz\/produit\/transpalette-eoslift\/#primaryimage\"},\"thumbnailUrl\":\"https:\/\/eurlhosnakamel.dz\/dz\/wp-content\/uploads\/2020\/07\/TRANSPALETTE-EOSLIFT.png\",\"datePublished\":\"2020-07-20T20:36:06+00:00\",\"dateModified\":\"2020-07-20T20:36:06+00:00\",\"description\":\"TRANSPALETTE EOSLIFT - EURL HOSNA KAMEL\",\"breadcrumb\":{\"@id\":\"https:\/\/eurlhosnakamel.dz\/dz\/produit\/transpalette-eoslift\/#breadcrumb\"},\"inLanguage\":\"fr-FR\",\"potentialAction\":[{\"@type\":\"ReadAction\",\"target\":[\"https:\/\/eurlhosnakamel.dz\/dz\/produit\/transpalette-eoslift\/\"]}]},{\"@type\":\"ImageObject\",\"inLanguage\":\"fr-FR\",\"@id\":\"https:\/\/eurlhosnakamel.dz\/dz\/produit\/transpalette-eoslift\/#primaryimage\",\"url\":\"https:\/\/eurlhosnakamel.dz\/dz\/wp-content\/uploads\/2020\/07\/TRANSPALETTE-EOSLIFT.png\",\"contentUrl\":\"https:\/\/eurlhosnakamel.dz\/dz\/wp-content\/uploads\/2020\/07\/TRANSPALETTE-EOSLIFT.png\",\"width\":485,\"height\":425},{\"@type\":\"BreadcrumbList\",\"@id\":\"https:\/\/eurlhosnakamel.dz\/dz\/produit\/transpalette-eoslift\/#breadcrumb\",\"itemListElement\":[{\"@type\":\"ListItem\",\"position\":1,\"name\":\"Accueil\",\"item\":\"https:\/\/eurlhosnakamel.dz\/dz\/\"},{\"@type\":\"ListItem\",\"position\":2,\"name\":\"Shop\",\"item\":\"https:\/\/eurlhosnakamel.dz\/dz\/shop\/\"},{\"@type\":\"ListItem\",\"position\":3,\"name\":\"TRANSPALETTE EOSLIFT\"}]},{\"@type\":\"WebSite\",\"@id\":\"https:\/\/eurlhosnakamel.dz\/dz\/#website\",\"url\":\"https:\/\/eurlhosnakamel.dz\/dz\/\",\"name\":\"EURL HOSNA KAMEL\",\"description\":\"Fournisseur Premium d&#039;Outillages Professionnels en Alg\u00e9rie -\",\"publisher\":{\"@id\":\"https:\/\/eurlhosnakamel.dz\/dz\/#organization\"},\"potentialAction\":[{\"@type\":\"SearchAction\",\"target\":{\"@type\":\"EntryPoint\",\"urlTemplate\":\"https:\/\/eurlhosnakamel.dz\/dz\/?s={search_term_string}\"},\"query-input\":\"required name=search_term_string\"}],\"inLanguage\":\"fr-FR\"},{\"@type\":\"Organization\",\"@id\":\"https:\/\/eurlhosnakamel.dz\/dz\/#organization\",\"name\":\"EURL HOSNA KAMEL - Bosch alg\u00e9rie\",\"url\":\"https:\/\/eurlhosnakamel.dz\/dz\/\",\"logo\":{\"@type\":\"ImageObject\",\"inLanguage\":\"fr-FR\",\"@id\":\"https:\/\/eurlhosnakamel.dz\/dz\/#\/schema\/logo\/image\/\",\"url\":\"https:\/\/eurlhosnakamel.dz\/wp-content\/uploads\/2020\/04\/LOGO-HOSNA1.png\",\"contentUrl\":\"https:\/\/eurlhosnakamel.dz\/wp-content\/uploads\/2020\/04\/LOGO-HOSNA1.png\",\"width\":120,\"height\":127,\"caption\":\"EURL HOSNA KAMEL - Bosch alg\u00e9rie\"},\"image\":{\"@id\":\"https:\/\/eurlhosnakamel.dz\/dz\/#\/schema\/logo\/image\/\"},\"sameAs\":[\"https:\/\/www.facebook.com\/Eurl.Hosna.DZ\/\"]}]}<\/script>\n<!-- \/ Yoast SEO plugin. -->","yoast_head_json":{"title":"TRANSPALETTE EOSLIFT - EURL HOSNA KAMEL","description":"TRANSPALETTE EOSLIFT - EURL HOSNA KAMEL","robots":{"index":"index","follow":"follow","max-snippet":"max-snippet:-1","max-image-preview":"max-image-preview:large","max-video-preview":"max-video-preview:-1"},"canonical":"https:\/\/eurlhosnakamel.dz\/dz\/produit\/transpalette-eoslift\/","og_locale":"fr_FR","og_type":"article","og_title":"TRANSPALETTE EOSLIFT - EURL HOSNA KAMEL","og_description":"TRANSPALETTE EOSLIFT - EURL HOSNA KAMEL","og_url":"https:\/\/eurlhosnakamel.dz\/dz\/produit\/transpalette-eoslift\/","og_site_name":"EURL HOSNA KAMEL","article_publisher":"https:\/\/www.facebook.com\/Eurl.Hosna.DZ\/","og_image":[{"width":485,"height":425,"url":"https:\/\/eurlhosnakamel.dz\/dz\/wp-content\/uploads\/2020\/07\/TRANSPALETTE-EOSLIFT.png","type":"image\/png"}],"twitter_card":"summary_large_image","schema":{"@context":"https:\/\/schema.org","@graph":[{"@type":"WebPage","@id":"https:\/\/eurlhosnakamel.dz\/dz\/produit\/transpalette-eoslift\/","url":"https:\/\/eurlhosnakamel.dz\/dz\/produit\/transpalette-eoslift\/","name":"TRANSPALETTE EOSLIFT - EURL HOSNA KAMEL","isPartOf":{"@id":"https:\/\/eurlhosnakamel.dz\/dz\/#website"},"primaryImageOfPage":{"@id":"https:\/\/eurlhosnakamel.dz\/dz\/produit\/transpalette-eoslift\/#primaryimage"},"image":{"@id":"https:\/\/eurlhosnakamel.dz\/dz\/produit\/transpalette-eoslift\/#primaryimage"},"thumbnailUrl":"https:\/\/eurlhosnakamel.dz\/dz\/wp-content\/uploads\/2020\/07\/TRANSPALETTE-EOSLIFT.png","datePublished":"2020-07-20T20:36:06+00:00","dateModified":"2020-07-20T20:36:06+00:00","description":"TRANSPALETTE EOSLIFT - EURL HOSNA KAMEL","breadcrumb":{"@id":"https:\/\/eurlhosnakamel.dz\/dz\/produit\/transpalette-eoslift\/#breadcrumb"},"inLanguage":"fr-FR","potentialAction":[{"@type":"ReadAction","target":["https:\/\/eurlhosnakamel.dz\/dz\/produit\/transpalette-eoslift\/"]}]},{"@type":"ImageObject","inLanguage":"fr-FR","@id":"https:\/\/eurlhosnakamel.dz\/dz\/produit\/transpalette-eoslift\/#primaryimage","url":"https:\/\/eurlhosnakamel.dz\/dz\/wp-content\/uploads\/2020\/07\/TRANSPALETTE-EOSLIFT.png","contentUrl":"https:\/\/eurlhosnakamel.dz\/dz\/wp-content\/uploads\/2020\/07\/TRANSPALETTE-EOSLIFT.png","width":485,"height":425},{"@type":"BreadcrumbList","@id":"https:\/\/eurlhosnakamel.dz\/dz\/produit\/transpalette-eoslift\/#breadcrumb","itemListElement":[{"@type":"ListItem","position":1,"name":"Accueil","item":"https:\/\/eurlhosnakamel.dz\/dz\/"},{"@type":"ListItem","position":2,"name":"Shop","item":"https:\/\/eurlhosnakamel.dz\/dz\/shop\/"},{"@type":"ListItem","position":3,"name":"TRANSPALETTE EOSLIFT"}]},{"@type":"WebSite","@id":"https:\/\/eurlhosnakamel.dz\/dz\/#website","url":"https:\/\/eurlhosnakamel.dz\/dz\/","name":"EURL HOSNA KAMEL","description":"Fournisseur Premium d&#039;Outillages Professionnels en Alg\u00e9rie -","publisher":{"@id":"https:\/\/eurlhosnakamel.dz\/dz\/#organization"},"potentialAction":[{"@type":"SearchAction","target":{"@type":"EntryPoint","urlTemplate":"https:\/\/eurlhosnakamel.dz\/dz\/?s={search_term_string}"},"query-input":"required name=search_term_string"}],"inLanguage":"fr-FR"},{"@type":"Organization","@id":"https:\/\/eurlhosnakamel.dz\/dz\/#organization","name":"EURL HOSNA KAMEL - Bosch alg\u00e9rie","url":"https:\/\/eurlhosnakamel.dz\/dz\/","logo":{"@type":"ImageObject","inLanguage":"fr-FR","@id":"https:\/\/eurlhosnakamel.dz\/dz\/#\/schema\/logo\/image\/","url":"https:\/\/eurlhosnakamel.dz\/wp-content\/uploads\/2020\/04\/LOGO-HOSNA1.png","contentUrl":"https:\/\/eurlhosnakamel.dz\/wp-content\/uploads\/2020\/04\/LOGO-HOSNA1.png","width":120,"height":127,"caption":"EURL HOSNA KAMEL - Bosch alg\u00e9rie"},"image":{"@id":"https:\/\/eurlhosnakamel.dz\/dz\/#\/schema\/logo\/image\/"},"sameAs":["https:\/\/www.facebook.com\/Eurl.Hosna.DZ\/"]}]}},"_links":{"self":[{"href":"https:\/\/eurlhosnakamel.dz\/dz\/wp-json\/wp\/v2\/product\/11179","targetHints":{"allow":["GET"]}}],"collection":[{"href":"https:\/\/eurlhosnakamel.dz\/dz\/wp-json\/wp\/v2\/product"}],"about":[{"href":"https:\/\/eurlhosnakamel.dz\/dz\/wp-json\/wp\/v2\/types\/product"}],"wp:featuredmedia":[{"embeddable":true,"href":"https:\/\/eurlhosnakamel.dz\/dz\/wp-json\/wp\/v2\/media\/11181"}],"wp:attachment":[{"href":"https:\/\/eurlhosnakamel.dz\/dz\/wp-json\/wp\/v2\/media?parent=11179"}],"wp:term":[{"taxonomy":"product_cat","embeddable":true,"href":"https:\/\/eurlhosnakamel.dz\/dz\/wp-json\/wp\/v2\/product_cat?post=11179"},{"taxonomy":"product_tag","embeddable":true,"href":"https:\/\/eurlhosnakamel.dz\/dz\/wp-json\/wp\/v2\/product_tag?post=11179"}],"curies":[{"name":"wp","href":"https:\/\/api.w.org\/{rel}","templated":true}]}}