{"id":11249,"date":"2020-08-26T09:11:16","date_gmt":"2020-08-26T09:11:16","guid":{"rendered":"https:\/\/eurlhosnakamel.dz\/?post_type=product&#038;p=11249"},"modified":"2020-08-26T09:23:09","modified_gmt":"2020-08-26T09:23:09","slug":"aspirateur-sans-fil-cpvc-s20li-worcraft","status":"publish","type":"product","link":"https:\/\/eurlhosnakamel.dz\/dz\/produit\/aspirateur-sans-fil-cpvc-s20li-worcraft\/","title":{"rendered":"Aspirateur sans fil CPVC-S20Li Worcraft"},"content":{"rendered":"<p><img fetchpriority=\"high\" decoding=\"async\" class=\"alignnone wp-image-11250\" src=\"https:\/\/eurlhosnakamel.dz\/wp-content\/uploads\/2020\/08\/thb_119310.jpg\" alt=\"\" width=\"323\" height=\"323\" srcset=\"https:\/\/eurlhosnakamel.dz\/dz\/wp-content\/uploads\/2020\/08\/thb_119310.jpg 500w, https:\/\/eurlhosnakamel.dz\/dz\/wp-content\/uploads\/2020\/08\/thb_119310-100x100.jpg 100w, https:\/\/eurlhosnakamel.dz\/dz\/wp-content\/uploads\/2020\/08\/thb_119310-300x300.jpg 300w, https:\/\/eurlhosnakamel.dz\/dz\/wp-content\/uploads\/2020\/08\/thb_119310-150x150.jpg 150w, https:\/\/eurlhosnakamel.dz\/dz\/wp-content\/uploads\/2020\/08\/thb_119310-370x370.jpg 370w, https:\/\/eurlhosnakamel.dz\/dz\/wp-content\/uploads\/2020\/08\/thb_119310-200x200.jpg 200w\" sizes=\"(max-width: 323px) 100vw, 323px\" \/><\/p>\n<p>Tension de la batterie: 20 V Li-ion<br \/>\nCapacit\u00e9 de la batterie: 2000 mAh \/ 4000 mAh<br \/>\nForce d&#8217;aspiration: 3,8 kPa<br \/>\nCapacit\u00e9 du r\u00e9servoir: 0,5 l (500 ml)<br \/>\nDiam\u00e8tre du tuyau: &#8211;<br \/>\nLongueur du tuyau: &#8211;<br \/>\nAccessoires: tube en plastique, buse \u00e0 fente, t\u00eate de sol, buse \u00e0 brosse<br \/>\nTemps de charge: environ 1,5 h (batterie 4000 mAh)<br \/>\nPoids avec batterie: 1,59 kg (batterie 4000 mAh)<\/p>\n","protected":false},"excerpt":{"rendered":"<p>Tension de la batterie: 20 V Li-ion Capacit\u00e9 de la batterie: 2000 mAh \/ 4000 mAh Force d&#8217;aspiration: 3,8 kPa Capacit\u00e9 du r\u00e9servoir: 0,5 l (500 ml) Diam\u00e8tre du tuyau: &#8211; Longueur du tuyau: &#8211; Accessoires: tube en plastique, buse \u00e0 fente, t\u00eate de sol, buse \u00e0 brosse Temps de charge: environ 1,5 h (batterie&hellip;<\/p>\n","protected":false},"featured_media":0,"template":"","meta":[],"product_cat":[405,443],"product_tag":[],"class_list":{"0":"post-11249","1":"product","2":"type-product","3":"status-publish","5":"product_cat-outillage","6":"product_cat-outillage-sans-fil","7":"product_brand-worcraft-power-tools","9":"first","10":"instock","11":"shipping-taxable","12":"product-type-simple","13":"col-xs-6 col-sm-4","14":"col-md-3 col-lg-3","15":"un-4-cols"},"yoast_head":"<!-- This site is optimized with the Yoast SEO plugin v22.5 - https:\/\/yoast.com\/wordpress\/plugins\/seo\/ -->\n<title>Aspirateur sans fil CPVC-S20Li Worcraft - EURL HOSNA KAMEL<\/title>\n<meta name=\"description\" content=\"Aspirateur sans fil CPVC-S20Li Worcraft - EURL HOSNA KAMEL\" \/>\n<meta name=\"robots\" content=\"index, follow, max-snippet:-1, max-image-preview:large, max-video-preview:-1\" \/>\n<link rel=\"canonical\" href=\"https:\/\/eurlhosnakamel.dz\/dz\/produit\/aspirateur-sans-fil-cpvc-s20li-worcraft\/\" \/>\n<meta property=\"og:locale\" content=\"fr_FR\" \/>\n<meta property=\"og:type\" content=\"article\" \/>\n<meta property=\"og:title\" content=\"Aspirateur sans fil CPVC-S20Li Worcraft - EURL HOSNA KAMEL\" \/>\n<meta property=\"og:description\" content=\"Aspirateur sans fil CPVC-S20Li Worcraft - EURL HOSNA KAMEL\" \/>\n<meta property=\"og:url\" content=\"https:\/\/eurlhosnakamel.dz\/dz\/produit\/aspirateur-sans-fil-cpvc-s20li-worcraft\/\" \/>\n<meta property=\"og:site_name\" content=\"EURL HOSNA KAMEL\" \/>\n<meta property=\"article:publisher\" content=\"https:\/\/www.facebook.com\/Eurl.Hosna.DZ\/\" \/>\n<meta property=\"article:modified_time\" content=\"2020-08-26T09:23:09+00:00\" \/>\n<meta property=\"og:image\" content=\"https:\/\/eurlhosnakamel.dz\/wp-content\/uploads\/2020\/08\/thb_119310.jpg\" \/>\n<meta name=\"twitter:card\" content=\"summary_large_image\" \/>\n<script type=\"application\/ld+json\" class=\"yoast-schema-graph\">{\"@context\":\"https:\/\/schema.org\",\"@graph\":[{\"@type\":\"WebPage\",\"@id\":\"https:\/\/eurlhosnakamel.dz\/dz\/produit\/aspirateur-sans-fil-cpvc-s20li-worcraft\/\",\"url\":\"https:\/\/eurlhosnakamel.dz\/dz\/produit\/aspirateur-sans-fil-cpvc-s20li-worcraft\/\",\"name\":\"Aspirateur sans fil CPVC-S20Li Worcraft - EURL HOSNA KAMEL\",\"isPartOf\":{\"@id\":\"https:\/\/eurlhosnakamel.dz\/dz\/#website\"},\"primaryImageOfPage\":{\"@id\":\"https:\/\/eurlhosnakamel.dz\/dz\/produit\/aspirateur-sans-fil-cpvc-s20li-worcraft\/#primaryimage\"},\"image\":{\"@id\":\"https:\/\/eurlhosnakamel.dz\/dz\/produit\/aspirateur-sans-fil-cpvc-s20li-worcraft\/#primaryimage\"},\"thumbnailUrl\":\"https:\/\/eurlhosnakamel.dz\/wp-content\/uploads\/2020\/08\/thb_119310.jpg\",\"datePublished\":\"2020-08-26T09:11:16+00:00\",\"dateModified\":\"2020-08-26T09:23:09+00:00\",\"description\":\"Aspirateur sans fil CPVC-S20Li Worcraft - EURL HOSNA KAMEL\",\"breadcrumb\":{\"@id\":\"https:\/\/eurlhosnakamel.dz\/dz\/produit\/aspirateur-sans-fil-cpvc-s20li-worcraft\/#breadcrumb\"},\"inLanguage\":\"fr-FR\",\"potentialAction\":[{\"@type\":\"ReadAction\",\"target\":[\"https:\/\/eurlhosnakamel.dz\/dz\/produit\/aspirateur-sans-fil-cpvc-s20li-worcraft\/\"]}]},{\"@type\":\"ImageObject\",\"inLanguage\":\"fr-FR\",\"@id\":\"https:\/\/eurlhosnakamel.dz\/dz\/produit\/aspirateur-sans-fil-cpvc-s20li-worcraft\/#primaryimage\",\"url\":\"https:\/\/eurlhosnakamel.dz\/wp-content\/uploads\/2020\/08\/thb_119310.jpg\",\"contentUrl\":\"https:\/\/eurlhosnakamel.dz\/wp-content\/uploads\/2020\/08\/thb_119310.jpg\"},{\"@type\":\"BreadcrumbList\",\"@id\":\"https:\/\/eurlhosnakamel.dz\/dz\/produit\/aspirateur-sans-fil-cpvc-s20li-worcraft\/#breadcrumb\",\"itemListElement\":[{\"@type\":\"ListItem\",\"position\":1,\"name\":\"Accueil\",\"item\":\"https:\/\/eurlhosnakamel.dz\/dz\/\"},{\"@type\":\"ListItem\",\"position\":2,\"name\":\"Shop\",\"item\":\"https:\/\/eurlhosnakamel.dz\/dz\/shop\/\"},{\"@type\":\"ListItem\",\"position\":3,\"name\":\"Aspirateur sans fil CPVC-S20Li Worcraft\"}]},{\"@type\":\"WebSite\",\"@id\":\"https:\/\/eurlhosnakamel.dz\/dz\/#website\",\"url\":\"https:\/\/eurlhosnakamel.dz\/dz\/\",\"name\":\"EURL HOSNA KAMEL\",\"description\":\"Fournisseur Premium d&#039;Outillages Professionnels en Alg\u00e9rie -\",\"publisher\":{\"@id\":\"https:\/\/eurlhosnakamel.dz\/dz\/#organization\"},\"potentialAction\":[{\"@type\":\"SearchAction\",\"target\":{\"@type\":\"EntryPoint\",\"urlTemplate\":\"https:\/\/eurlhosnakamel.dz\/dz\/?s={search_term_string}\"},\"query-input\":\"required name=search_term_string\"}],\"inLanguage\":\"fr-FR\"},{\"@type\":\"Organization\",\"@id\":\"https:\/\/eurlhosnakamel.dz\/dz\/#organization\",\"name\":\"EURL HOSNA KAMEL - Bosch alg\u00e9rie\",\"url\":\"https:\/\/eurlhosnakamel.dz\/dz\/\",\"logo\":{\"@type\":\"ImageObject\",\"inLanguage\":\"fr-FR\",\"@id\":\"https:\/\/eurlhosnakamel.dz\/dz\/#\/schema\/logo\/image\/\",\"url\":\"https:\/\/eurlhosnakamel.dz\/wp-content\/uploads\/2020\/04\/LOGO-HOSNA1.png\",\"contentUrl\":\"https:\/\/eurlhosnakamel.dz\/wp-content\/uploads\/2020\/04\/LOGO-HOSNA1.png\",\"width\":120,\"height\":127,\"caption\":\"EURL HOSNA KAMEL - Bosch alg\u00e9rie\"},\"image\":{\"@id\":\"https:\/\/eurlhosnakamel.dz\/dz\/#\/schema\/logo\/image\/\"},\"sameAs\":[\"https:\/\/www.facebook.com\/Eurl.Hosna.DZ\/\"]}]}<\/script>\n<!-- \/ Yoast SEO plugin. -->","yoast_head_json":{"title":"Aspirateur sans fil CPVC-S20Li Worcraft - EURL HOSNA KAMEL","description":"Aspirateur sans fil CPVC-S20Li Worcraft - EURL HOSNA KAMEL","robots":{"index":"index","follow":"follow","max-snippet":"max-snippet:-1","max-image-preview":"max-image-preview:large","max-video-preview":"max-video-preview:-1"},"canonical":"https:\/\/eurlhosnakamel.dz\/dz\/produit\/aspirateur-sans-fil-cpvc-s20li-worcraft\/","og_locale":"fr_FR","og_type":"article","og_title":"Aspirateur sans fil CPVC-S20Li Worcraft - EURL HOSNA KAMEL","og_description":"Aspirateur sans fil CPVC-S20Li Worcraft - EURL HOSNA KAMEL","og_url":"https:\/\/eurlhosnakamel.dz\/dz\/produit\/aspirateur-sans-fil-cpvc-s20li-worcraft\/","og_site_name":"EURL HOSNA KAMEL","article_publisher":"https:\/\/www.facebook.com\/Eurl.Hosna.DZ\/","article_modified_time":"2020-08-26T09:23:09+00:00","og_image":[{"url":"https:\/\/eurlhosnakamel.dz\/wp-content\/uploads\/2020\/08\/thb_119310.jpg"}],"twitter_card":"summary_large_image","schema":{"@context":"https:\/\/schema.org","@graph":[{"@type":"WebPage","@id":"https:\/\/eurlhosnakamel.dz\/dz\/produit\/aspirateur-sans-fil-cpvc-s20li-worcraft\/","url":"https:\/\/eurlhosnakamel.dz\/dz\/produit\/aspirateur-sans-fil-cpvc-s20li-worcraft\/","name":"Aspirateur sans fil CPVC-S20Li Worcraft - EURL HOSNA KAMEL","isPartOf":{"@id":"https:\/\/eurlhosnakamel.dz\/dz\/#website"},"primaryImageOfPage":{"@id":"https:\/\/eurlhosnakamel.dz\/dz\/produit\/aspirateur-sans-fil-cpvc-s20li-worcraft\/#primaryimage"},"image":{"@id":"https:\/\/eurlhosnakamel.dz\/dz\/produit\/aspirateur-sans-fil-cpvc-s20li-worcraft\/#primaryimage"},"thumbnailUrl":"https:\/\/eurlhosnakamel.dz\/wp-content\/uploads\/2020\/08\/thb_119310.jpg","datePublished":"2020-08-26T09:11:16+00:00","dateModified":"2020-08-26T09:23:09+00:00","description":"Aspirateur sans fil CPVC-S20Li Worcraft - EURL HOSNA KAMEL","breadcrumb":{"@id":"https:\/\/eurlhosnakamel.dz\/dz\/produit\/aspirateur-sans-fil-cpvc-s20li-worcraft\/#breadcrumb"},"inLanguage":"fr-FR","potentialAction":[{"@type":"ReadAction","target":["https:\/\/eurlhosnakamel.dz\/dz\/produit\/aspirateur-sans-fil-cpvc-s20li-worcraft\/"]}]},{"@type":"ImageObject","inLanguage":"fr-FR","@id":"https:\/\/eurlhosnakamel.dz\/dz\/produit\/aspirateur-sans-fil-cpvc-s20li-worcraft\/#primaryimage","url":"https:\/\/eurlhosnakamel.dz\/wp-content\/uploads\/2020\/08\/thb_119310.jpg","contentUrl":"https:\/\/eurlhosnakamel.dz\/wp-content\/uploads\/2020\/08\/thb_119310.jpg"},{"@type":"BreadcrumbList","@id":"https:\/\/eurlhosnakamel.dz\/dz\/produit\/aspirateur-sans-fil-cpvc-s20li-worcraft\/#breadcrumb","itemListElement":[{"@type":"ListItem","position":1,"name":"Accueil","item":"https:\/\/eurlhosnakamel.dz\/dz\/"},{"@type":"ListItem","position":2,"name":"Shop","item":"https:\/\/eurlhosnakamel.dz\/dz\/shop\/"},{"@type":"ListItem","position":3,"name":"Aspirateur sans fil CPVC-S20Li Worcraft"}]},{"@type":"WebSite","@id":"https:\/\/eurlhosnakamel.dz\/dz\/#website","url":"https:\/\/eurlhosnakamel.dz\/dz\/","name":"EURL HOSNA KAMEL","description":"Fournisseur Premium d&#039;Outillages Professionnels en Alg\u00e9rie -","publisher":{"@id":"https:\/\/eurlhosnakamel.dz\/dz\/#organization"},"potentialAction":[{"@type":"SearchAction","target":{"@type":"EntryPoint","urlTemplate":"https:\/\/eurlhosnakamel.dz\/dz\/?s={search_term_string}"},"query-input":"required name=search_term_string"}],"inLanguage":"fr-FR"},{"@type":"Organization","@id":"https:\/\/eurlhosnakamel.dz\/dz\/#organization","name":"EURL HOSNA KAMEL - Bosch alg\u00e9rie","url":"https:\/\/eurlhosnakamel.dz\/dz\/","logo":{"@type":"ImageObject","inLanguage":"fr-FR","@id":"https:\/\/eurlhosnakamel.dz\/dz\/#\/schema\/logo\/image\/","url":"https:\/\/eurlhosnakamel.dz\/wp-content\/uploads\/2020\/04\/LOGO-HOSNA1.png","contentUrl":"https:\/\/eurlhosnakamel.dz\/wp-content\/uploads\/2020\/04\/LOGO-HOSNA1.png","width":120,"height":127,"caption":"EURL HOSNA KAMEL - Bosch alg\u00e9rie"},"image":{"@id":"https:\/\/eurlhosnakamel.dz\/dz\/#\/schema\/logo\/image\/"},"sameAs":["https:\/\/www.facebook.com\/Eurl.Hosna.DZ\/"]}]}},"_links":{"self":[{"href":"https:\/\/eurlhosnakamel.dz\/dz\/wp-json\/wp\/v2\/product\/11249","targetHints":{"allow":["GET"]}}],"collection":[{"href":"https:\/\/eurlhosnakamel.dz\/dz\/wp-json\/wp\/v2\/product"}],"about":[{"href":"https:\/\/eurlhosnakamel.dz\/dz\/wp-json\/wp\/v2\/types\/product"}],"wp:attachment":[{"href":"https:\/\/eurlhosnakamel.dz\/dz\/wp-json\/wp\/v2\/media?parent=11249"}],"wp:term":[{"taxonomy":"product_cat","embeddable":true,"href":"https:\/\/eurlhosnakamel.dz\/dz\/wp-json\/wp\/v2\/product_cat?post=11249"},{"taxonomy":"product_tag","embeddable":true,"href":"https:\/\/eurlhosnakamel.dz\/dz\/wp-json\/wp\/v2\/product_tag?post=11249"}],"curies":[{"name":"wp","href":"https:\/\/api.w.org\/{rel}","templated":true}]}}