{"id":11253,"date":"2020-09-05T10:02:05","date_gmt":"2020-09-05T10:02:05","guid":{"rendered":"https:\/\/eurlhosnakamel.dz\/?post_type=product&#038;p=11253"},"modified":"2021-12-18T07:49:56","modified_gmt":"2021-12-18T07:49:56","slug":"perceuse-a-percussion-gsb-13-re-professional","status":"publish","type":"product","link":"https:\/\/eurlhosnakamel.dz\/dz\/produit\/perceuse-a-percussion-gsb-13-re-professional\/","title":{"rendered":"Perceuse \u00e0 percussion GSB 13 RE Professional"},"content":{"rendered":"<div class=\"row\">\n<div class=\"col-xs-12\">\n<div><\/div>\n<div class=\"headline hl1\" style=\"text-align: center\"><strong>Caract\u00e9ristiques techniques<\/strong><\/div>\n<\/div>\n<\/div>\n<div class=\"row\">\n<div class=\"col-lg-8 col-xs-12\">\n<table class=\"table\">\n<colgroup>\n<col class=\"col-xs-5\" \/>\n<col class=\"col-xs-3\" \/><\/colgroup>\n<thead>\n<tr>\n<th class=\"headline hl4\" colspan=\"2\">Donn\u00e9es suppl\u00e9mentaires<\/th>\n<\/tr>\n<\/thead>\n<tbody>\n<tr>\n<td><b>Puissance absorb\u00e9e nominale*<\/b><\/td>\n<td><b>600<\/b>\u00a0<b>W<\/b><\/td>\n<\/tr>\n<tr>\n<td>Poids<\/td>\n<td>1,8\u00a0kg<\/td>\n<\/tr>\n<tr>\n<td>R\u00e9gime \u00e0 vide, 1\u00e8re vitesse<\/td>\n<td>0 \u2013 2,800\u00a0t\/min<\/td>\n<\/tr>\n<tr>\n<td>Puissance restitu\u00e9e<\/td>\n<td>301\u00a0W<\/td>\n<\/tr>\n<tr>\n<td>Couple nominal<\/td>\n<td>1.8\u00a0Nm<\/td>\n<\/tr>\n<tr>\n<td>Filetage de la broche de per\u00e7age<\/td>\n<td>1\/2&#8243; \u2013 20 UNF<\/td>\n<\/tr>\n<tr>\n<td>Plage de serrage du mandrin, min.\/max.<\/td>\n<td>1.5 \u2013 13\u00a0mm<\/td>\n<\/tr>\n<tr>\n<td>Dimensions de l\u2019outil (longueur)<\/td>\n<td>266\u00a0mm<\/td>\n<\/tr>\n<tr>\n<td>Dimensions de l\u2019outil (hauteur)<\/td>\n<td>180\u00a0mm<\/td>\n<\/tr>\n<tr>\n<td>Fr\u00e9quence de frappe \u00e0 vide<\/td>\n<td>0 \u2013 44,800\u00a0cps\/min<\/td>\n<\/tr>\n<\/tbody>\n<\/table>\n<p><img decoding=\"async\" class=\"img-responsive ls-is-cached lazyloaded\" src=\"https:\/\/www.bosch-professional.com\/binary\/ocsmedia\/optimized\/767x767\/o303562v16_GSB_13_RE_vermasst.jpg\" alt=\"\" \/><\/p>\n<h2 class=\"headline hl1\">Avantages<\/h2>\n<div class=\"row\">\n<div class=\"col-md-6\">\n<div class=\"m-product_hightlights__content-wrapper\">\n<h3 class=\"headline hl4\">N\u00b0 1 de sa cat\u00e9gorie en termes de maniabilit\u00e9<\/h3>\n<ul class=\"m-product_hightlights__list\">\n<li>Maniabilit\u00e9 extr\u00eame : une taille ne d\u00e9passant pas celle d\u2019un gant de travail et un poids de 1,8 kg seulement<\/li>\n<li>Poign\u00e9e ergonomique Softgrip pour une prise en main s\u00fbre<\/li>\n<li>Mandrin automatique \u00e0 deux bagues pour un changement d\u2019accessoire sans outil (conception m\u00e9tallique robuste)<\/li>\n<\/ul>\n<\/div>\n<\/div>\n<div class=\"col-md-6\">\n<h3 class=\"headline hl4\">Fonctions<\/h3>\n<div class=\"image-row bsTooltip__wrapper\">\n<div class=\"image-col bsTooltip\" title=\"\" data-content=\"R\u00e9sultats parfaits avec pr\u00e9s\u00e9lection de vitesse R\u00e9sultats parfaits gr\u00e2ce \u00e0 la pr\u00e9s\u00e9lection de vitesse pour les applications n\u00e9cessitant une vitesse adapt\u00e9e au mat\u00e9riau\" data-original-title=\"\"><img decoding=\"async\" class=\"img-responsive lazyloaded\" src=\"https:\/\/www.bosch-professional.com\/binary\/ocsmedia\/optimized\/100x100\/o5781v54_Bosch_BI_Icon_Speed_Selection.png\" alt=\"R\u00e9sultats parfaits avec pr\u00e9s\u00e9lection de vitesse R\u00e9sultats parfaits gr\u00e2ce \u00e0 la pr\u00e9s\u00e9lection de vitesse pour les applications n\u00e9cessitant une vitesse adapt\u00e9e au mat\u00e9riau\" data-sizes=\"(max-width: 767px) 100px, (min-width: 768px) and (max-width: 991px) 100px, (-webkit-min-device-pixel-ratio: 2.0) and (min-width: 1000px) 200px, 100px\" data-srcset=\"https:\/\/www.bosch-professional.com\/binary\/ocsmedia\/optimized\/100x100\/o5781v54_Bosch_BI_Icon_Speed_Selection.png 100w, https:\/\/www.bosch-professional.com\/binary\/ocsmedia\/optimized\/100x100\/o5781v54_Bosch_BI_Icon_Speed_Selection.png 100w, https:\/\/www.bosch-professional.com\/binary\/ocsmedia\/optimized\/100x100\/o5781v54_Bosch_BI_Icon_Speed_Selection.png 100w, https:\/\/www.bosch-professional.com\/binary\/ocsmedia\/optimized\/200x200\/o5781v54_Bosch_BI_Icon_Speed_Selection.png 200w\" data-src=\"https:\/\/www.bosch-professional.com\/binary\/ocsmedia\/optimized\/100x100\/o5781v54_Bosch_BI_Icon_Speed_Selection.png\" \/><img decoding=\"async\" class=\"img-responsive lazyloaded\" src=\"https:\/\/www.bosch-professional.com\/binary\/ocsmedia\/optimized\/100x100\/o132423v54_Bosch_BI_Icon_Variable_Speed.png\" alt=\"R\u00e9gulation facile et pr\u00e9cise du r\u00e9gime gr\u00e2ce au variateur de vitesse\" data-sizes=\"(max-width: 767px) 100px, (min-width: 768px) and (max-width: 991px) 100px, (-webkit-min-device-pixel-ratio: 2.0) and (min-width: 1000px) 200px, 100px\" data-srcset=\"https:\/\/www.bosch-professional.com\/binary\/ocsmedia\/optimized\/100x100\/o132423v54_Bosch_BI_Icon_Variable_Speed.png 100w, https:\/\/www.bosch-professional.com\/binary\/ocsmedia\/optimized\/100x100\/o132423v54_Bosch_BI_Icon_Variable_Speed.png 100w, https:\/\/www.bosch-professional.com\/binary\/ocsmedia\/optimized\/100x100\/o132423v54_Bosch_BI_Icon_Variable_Speed.png 100w, https:\/\/www.bosch-professional.com\/binary\/ocsmedia\/optimized\/200x200\/o132423v54_Bosch_BI_Icon_Variable_Speed.png 200w\" data-src=\"https:\/\/www.bosch-professional.com\/binary\/ocsmedia\/optimized\/100x100\/o132423v54_Bosch_BI_Icon_Variable_Speed.png\" \/><img decoding=\"async\" class=\"img-responsive lazyloaded\" src=\"https:\/\/www.bosch-professional.com\/binary\/ocsmedia\/optimized\/100x100\/o131968v54_Bosch_BI_Icon_RightLeftRotation.png\" alt=\"R\u00e9versibilit\u00e9 gauche\/droite pour visser et d\u00e9visser des vis\" data-sizes=\"(max-width: 767px) 100px, (min-width: 768px) and (max-width: 991px) 100px, (-webkit-min-device-pixel-ratio: 2.0) and (min-width: 1000px) 200px, 100px\" data-srcset=\"https:\/\/www.bosch-professional.com\/binary\/ocsmedia\/optimized\/100x100\/o131968v54_Bosch_BI_Icon_RightLeftRotation.png 100w, https:\/\/www.bosch-professional.com\/binary\/ocsmedia\/optimized\/100x100\/o131968v54_Bosch_BI_Icon_RightLeftRotation.png 100w, https:\/\/www.bosch-professional.com\/binary\/ocsmedia\/optimized\/100x100\/o131968v54_Bosch_BI_Icon_RightLeftRotation.png 100w, https:\/\/www.bosch-professional.com\/binary\/ocsmedia\/optimized\/200x200\/o131968v54_Bosch_BI_Icon_RightLeftRotation.png 200w\" data-src=\"https:\/\/www.bosch-professional.com\/binary\/ocsmedia\/optimized\/100x100\/o131968v54_Bosch_BI_Icon_RightLeftRotation.png\" \/><img decoding=\"async\" class=\"img-responsive lazyloaded\" src=\"https:\/\/www.bosch-professional.com\/binary\/ocsmedia\/optimized\/100x100\/o37224v54_Bosch_BI_Icon_Softgrip.png\" alt=\"Tr\u00e8s bonne maniabilit\u00e9 de l\u2019outil gr\u00e2ce au rev\u00eatement softgrip\" data-sizes=\"(max-width: 767px) 100px, (min-width: 768px) and (max-width: 991px) 100px, (-webkit-min-device-pixel-ratio: 2.0) and (min-width: 1000px) 200px, 100px\" data-srcset=\"https:\/\/www.bosch-professional.com\/binary\/ocsmedia\/optimized\/100x100\/o37224v54_Bosch_BI_Icon_Softgrip.png 100w, https:\/\/www.bosch-professional.com\/binary\/ocsmedia\/optimized\/100x100\/o37224v54_Bosch_BI_Icon_Softgrip.png 100w, https:\/\/www.bosch-professional.com\/binary\/ocsmedia\/optimized\/100x100\/o37224v54_Bosch_BI_Icon_Softgrip.png 100w, https:\/\/www.bosch-professional.com\/binary\/ocsmedia\/optimized\/200x200\/o37224v54_Bosch_BI_Icon_Softgrip.png 200w\" data-src=\"https:\/\/www.bosch-professional.com\/binary\/ocsmedia\/optimized\/100x100\/o37224v54_Bosch_BI_Icon_Softgrip.png\" \/><\/div>\n<div class=\"image-col bsTooltip\" title=\"\" data-content=\"Travail du bois Les outils \u00e9lectroportatifs professionnels Bosch pour travail du bois.\" data-original-title=\"\"><\/div>\n<\/div>\n<\/div>\n<\/div>\n<table class=\"table\">\n<colgroup>\n<col class=\"col-xs-5\" \/>\n<col class=\"col-xs-3\" \/><\/colgroup>\n<thead>\n<tr>\n<th class=\"headline hl4\" colspan=\"2\">Plage de per\u00e7age<\/th>\n<\/tr>\n<\/thead>\n<tbody>\n<tr>\n<td>\u00d8 per\u00e7age b\u00e9ton<\/td>\n<td>13\u00a0mm<\/td>\n<\/tr>\n<tr>\n<td><b>\u00d8 per\u00e7age bois*<\/b><\/td>\n<td><b>25<\/b>\u00a0<b>mm<\/b><\/td>\n<\/tr>\n<tr>\n<td>\u00d8 per\u00e7age acier<\/td>\n<td>10\u00a0mm<\/td>\n<\/tr>\n<tr>\n<td><b>\u00d8 de per\u00e7age dans la ma\u00e7onnerie*<\/b><\/td>\n<td><b>15<\/b>\u00a0<b>mm<\/b><\/td>\n<\/tr>\n<\/tbody>\n<\/table>\n<table class=\"table\">\n<colgroup>\n<col class=\"col-xs-5\" \/>\n<col class=\"col-xs-3\" \/><\/colgroup>\n<thead>\n<tr>\n<th class=\"headline hl4\" colspan=\"2\">Valeurs totales des vibrations (Per\u00e7age dans le m\u00e9tal)<\/th>\n<\/tr>\n<\/thead>\n<tbody>\n<tr>\n<td>Valeur d\u2019\u00e9mission vibratoire ah<\/td>\n<td>3\u00a0m\/s\u00b2<\/td>\n<\/tr>\n<tr>\n<td>Incertitude K<\/td>\n<td>1,5\u00a0m\/s\u00b2<\/td>\n<\/tr>\n<\/tbody>\n<\/table>\n<table class=\"table\">\n<colgroup>\n<col class=\"col-xs-5\" \/>\n<col class=\"col-xs-3\" \/><\/colgroup>\n<thead>\n<tr>\n<th class=\"headline hl4\" colspan=\"2\">Valeurs totales des vibrations (Per\u00e7age avec percussion dans le b\u00e9ton)<\/th>\n<\/tr>\n<\/thead>\n<tbody>\n<tr>\n<td>Valeur d\u2019\u00e9mission vibratoire ah<\/td>\n<td>26\u00a0m\/s\u00b2<\/td>\n<\/tr>\n<tr>\n<td>Incertitude K<\/td>\n<td>3\u00a0m\/s\u00b2<\/td>\n<\/tr>\n<\/tbody>\n<\/table>\n<table class=\"table\">\n<colgroup>\n<col class=\"col-xs-5\" \/>\n<col class=\"col-xs-3\" \/><\/colgroup>\n<thead>\n<tr>\n<th class=\"headline hl4\" colspan=\"2\">Valeurs totales des vibrations (Vissage)<\/th>\n<\/tr>\n<\/thead>\n<tbody>\n<tr>\n<td>Valeur d\u2019\u00e9mission vibratoire ah<\/td>\n<td>2,5\u00a0m\/s\u00b2<\/td>\n<\/tr>\n<tr>\n<td>Incertitude K<\/td>\n<td>1,5\u00a0m\/s\u00b2<\/td>\n<\/tr>\n<\/tbody>\n<\/table>\n<\/div>\n<\/div>\n","protected":false},"excerpt":{"rendered":"<p>Caract\u00e9ristiques techniques Donn\u00e9es suppl\u00e9mentaires Puissance absorb\u00e9e nominale* 600\u00a0W Poids 1,8\u00a0kg R\u00e9gime \u00e0 vide, 1\u00e8re vitesse 0 \u2013 2,800\u00a0t\/min Puissance restitu\u00e9e 301\u00a0W Couple nominal 1.8\u00a0Nm Filetage de la broche de per\u00e7age 1\/2&#8243; \u2013 20 UNF Plage de serrage du mandrin, min.\/max. 1.5 \u2013 13\u00a0mm Dimensions de l\u2019outil (longueur) 266\u00a0mm Dimensions de l\u2019outil (hauteur) 180\u00a0mm Fr\u00e9quence de&hellip;<\/p>\n","protected":false},"featured_media":0,"template":"","meta":[],"product_cat":[449],"product_tag":[],"class_list":{"0":"post-11253","1":"product","2":"type-product","3":"status-publish","5":"product_cat-perceuses-visseuses-a-percussion-sans-fil","6":"product_brand-bosch-outillage","8":"first","9":"instock","10":"shipping-taxable","11":"product-type-simple","12":"col-xs-6 col-sm-4","13":"col-md-3 col-lg-3","14":"un-4-cols"},"yoast_head":"<!-- This site is optimized with the Yoast SEO plugin v22.5 - https:\/\/yoast.com\/wordpress\/plugins\/seo\/ -->\n<title>Perceuse \u00e0 percussion GSB 13 RE Professional - EURL HOSNA KAMEL<\/title>\n<meta name=\"description\" content=\"Perceuse \u00e0 percussion GSB 13 RE Professional - EURL HOSNA KAMEL\" \/>\n<meta name=\"robots\" content=\"index, follow, max-snippet:-1, max-image-preview:large, max-video-preview:-1\" \/>\n<link rel=\"canonical\" href=\"https:\/\/eurlhosnakamel.dz\/dz\/produit\/perceuse-a-percussion-gsb-13-re-professional\/\" \/>\n<meta property=\"og:locale\" content=\"fr_FR\" \/>\n<meta property=\"og:type\" content=\"article\" \/>\n<meta property=\"og:title\" content=\"Perceuse \u00e0 percussion GSB 13 RE Professional - EURL HOSNA KAMEL\" \/>\n<meta property=\"og:description\" content=\"Perceuse \u00e0 percussion GSB 13 RE Professional - EURL HOSNA KAMEL\" \/>\n<meta property=\"og:url\" content=\"https:\/\/eurlhosnakamel.dz\/dz\/produit\/perceuse-a-percussion-gsb-13-re-professional\/\" \/>\n<meta property=\"og:site_name\" content=\"EURL HOSNA KAMEL\" \/>\n<meta property=\"article:publisher\" content=\"https:\/\/www.facebook.com\/Eurl.Hosna.DZ\/\" \/>\n<meta property=\"article:modified_time\" content=\"2021-12-18T07:49:56+00:00\" \/>\n<meta property=\"og:image\" content=\"https:\/\/www.bosch-professional.com\/binary\/ocsmedia\/optimized\/767x767\/o303562v16_GSB_13_RE_vermasst.jpg\" \/>\n<meta name=\"twitter:card\" content=\"summary_large_image\" \/>\n<meta name=\"twitter:label1\" content=\"Dur\u00e9e de lecture estim\u00e9e\" \/>\n\t<meta name=\"twitter:data1\" content=\"1 minute\" \/>\n<script type=\"application\/ld+json\" class=\"yoast-schema-graph\">{\"@context\":\"https:\/\/schema.org\",\"@graph\":[{\"@type\":\"WebPage\",\"@id\":\"https:\/\/eurlhosnakamel.dz\/dz\/produit\/perceuse-a-percussion-gsb-13-re-professional\/\",\"url\":\"https:\/\/eurlhosnakamel.dz\/dz\/produit\/perceuse-a-percussion-gsb-13-re-professional\/\",\"name\":\"Perceuse \u00e0 percussion GSB 13 RE Professional - EURL HOSNA KAMEL\",\"isPartOf\":{\"@id\":\"https:\/\/eurlhosnakamel.dz\/dz\/#website\"},\"primaryImageOfPage\":{\"@id\":\"https:\/\/eurlhosnakamel.dz\/dz\/produit\/perceuse-a-percussion-gsb-13-re-professional\/#primaryimage\"},\"image\":{\"@id\":\"https:\/\/eurlhosnakamel.dz\/dz\/produit\/perceuse-a-percussion-gsb-13-re-professional\/#primaryimage\"},\"thumbnailUrl\":\"https:\/\/www.bosch-professional.com\/binary\/ocsmedia\/optimized\/767x767\/o303562v16_GSB_13_RE_vermasst.jpg\",\"datePublished\":\"2020-09-05T10:02:05+00:00\",\"dateModified\":\"2021-12-18T07:49:56+00:00\",\"description\":\"Perceuse \u00e0 percussion GSB 13 RE Professional - EURL HOSNA KAMEL\",\"breadcrumb\":{\"@id\":\"https:\/\/eurlhosnakamel.dz\/dz\/produit\/perceuse-a-percussion-gsb-13-re-professional\/#breadcrumb\"},\"inLanguage\":\"fr-FR\",\"potentialAction\":[{\"@type\":\"ReadAction\",\"target\":[\"https:\/\/eurlhosnakamel.dz\/dz\/produit\/perceuse-a-percussion-gsb-13-re-professional\/\"]}]},{\"@type\":\"ImageObject\",\"inLanguage\":\"fr-FR\",\"@id\":\"https:\/\/eurlhosnakamel.dz\/dz\/produit\/perceuse-a-percussion-gsb-13-re-professional\/#primaryimage\",\"url\":\"https:\/\/www.bosch-professional.com\/binary\/ocsmedia\/optimized\/767x767\/o303562v16_GSB_13_RE_vermasst.jpg\",\"contentUrl\":\"https:\/\/www.bosch-professional.com\/binary\/ocsmedia\/optimized\/767x767\/o303562v16_GSB_13_RE_vermasst.jpg\"},{\"@type\":\"BreadcrumbList\",\"@id\":\"https:\/\/eurlhosnakamel.dz\/dz\/produit\/perceuse-a-percussion-gsb-13-re-professional\/#breadcrumb\",\"itemListElement\":[{\"@type\":\"ListItem\",\"position\":1,\"name\":\"Accueil\",\"item\":\"https:\/\/eurlhosnakamel.dz\/dz\/\"},{\"@type\":\"ListItem\",\"position\":2,\"name\":\"Shop\",\"item\":\"https:\/\/eurlhosnakamel.dz\/dz\/shop\/\"},{\"@type\":\"ListItem\",\"position\":3,\"name\":\"Perceuse \u00e0 percussion GSB 13 RE Professional\"}]},{\"@type\":\"WebSite\",\"@id\":\"https:\/\/eurlhosnakamel.dz\/dz\/#website\",\"url\":\"https:\/\/eurlhosnakamel.dz\/dz\/\",\"name\":\"EURL HOSNA KAMEL\",\"description\":\"Fournisseur Premium d&#039;Outillages Professionnels en Alg\u00e9rie -\",\"publisher\":{\"@id\":\"https:\/\/eurlhosnakamel.dz\/dz\/#organization\"},\"potentialAction\":[{\"@type\":\"SearchAction\",\"target\":{\"@type\":\"EntryPoint\",\"urlTemplate\":\"https:\/\/eurlhosnakamel.dz\/dz\/?s={search_term_string}\"},\"query-input\":\"required name=search_term_string\"}],\"inLanguage\":\"fr-FR\"},{\"@type\":\"Organization\",\"@id\":\"https:\/\/eurlhosnakamel.dz\/dz\/#organization\",\"name\":\"EURL HOSNA KAMEL - Bosch alg\u00e9rie\",\"url\":\"https:\/\/eurlhosnakamel.dz\/dz\/\",\"logo\":{\"@type\":\"ImageObject\",\"inLanguage\":\"fr-FR\",\"@id\":\"https:\/\/eurlhosnakamel.dz\/dz\/#\/schema\/logo\/image\/\",\"url\":\"https:\/\/eurlhosnakamel.dz\/wp-content\/uploads\/2020\/04\/LOGO-HOSNA1.png\",\"contentUrl\":\"https:\/\/eurlhosnakamel.dz\/wp-content\/uploads\/2020\/04\/LOGO-HOSNA1.png\",\"width\":120,\"height\":127,\"caption\":\"EURL HOSNA KAMEL - Bosch alg\u00e9rie\"},\"image\":{\"@id\":\"https:\/\/eurlhosnakamel.dz\/dz\/#\/schema\/logo\/image\/\"},\"sameAs\":[\"https:\/\/www.facebook.com\/Eurl.Hosna.DZ\/\"]}]}<\/script>\n<!-- \/ Yoast SEO plugin. -->","yoast_head_json":{"title":"Perceuse \u00e0 percussion GSB 13 RE Professional - EURL HOSNA KAMEL","description":"Perceuse \u00e0 percussion GSB 13 RE Professional - EURL HOSNA KAMEL","robots":{"index":"index","follow":"follow","max-snippet":"max-snippet:-1","max-image-preview":"max-image-preview:large","max-video-preview":"max-video-preview:-1"},"canonical":"https:\/\/eurlhosnakamel.dz\/dz\/produit\/perceuse-a-percussion-gsb-13-re-professional\/","og_locale":"fr_FR","og_type":"article","og_title":"Perceuse \u00e0 percussion GSB 13 RE Professional - EURL HOSNA KAMEL","og_description":"Perceuse \u00e0 percussion GSB 13 RE Professional - EURL HOSNA KAMEL","og_url":"https:\/\/eurlhosnakamel.dz\/dz\/produit\/perceuse-a-percussion-gsb-13-re-professional\/","og_site_name":"EURL HOSNA KAMEL","article_publisher":"https:\/\/www.facebook.com\/Eurl.Hosna.DZ\/","article_modified_time":"2021-12-18T07:49:56+00:00","og_image":[{"url":"https:\/\/www.bosch-professional.com\/binary\/ocsmedia\/optimized\/767x767\/o303562v16_GSB_13_RE_vermasst.jpg"}],"twitter_card":"summary_large_image","twitter_misc":{"Dur\u00e9e de lecture estim\u00e9e":"1 minute"},"schema":{"@context":"https:\/\/schema.org","@graph":[{"@type":"WebPage","@id":"https:\/\/eurlhosnakamel.dz\/dz\/produit\/perceuse-a-percussion-gsb-13-re-professional\/","url":"https:\/\/eurlhosnakamel.dz\/dz\/produit\/perceuse-a-percussion-gsb-13-re-professional\/","name":"Perceuse \u00e0 percussion GSB 13 RE Professional - EURL HOSNA KAMEL","isPartOf":{"@id":"https:\/\/eurlhosnakamel.dz\/dz\/#website"},"primaryImageOfPage":{"@id":"https:\/\/eurlhosnakamel.dz\/dz\/produit\/perceuse-a-percussion-gsb-13-re-professional\/#primaryimage"},"image":{"@id":"https:\/\/eurlhosnakamel.dz\/dz\/produit\/perceuse-a-percussion-gsb-13-re-professional\/#primaryimage"},"thumbnailUrl":"https:\/\/www.bosch-professional.com\/binary\/ocsmedia\/optimized\/767x767\/o303562v16_GSB_13_RE_vermasst.jpg","datePublished":"2020-09-05T10:02:05+00:00","dateModified":"2021-12-18T07:49:56+00:00","description":"Perceuse \u00e0 percussion GSB 13 RE Professional - EURL HOSNA KAMEL","breadcrumb":{"@id":"https:\/\/eurlhosnakamel.dz\/dz\/produit\/perceuse-a-percussion-gsb-13-re-professional\/#breadcrumb"},"inLanguage":"fr-FR","potentialAction":[{"@type":"ReadAction","target":["https:\/\/eurlhosnakamel.dz\/dz\/produit\/perceuse-a-percussion-gsb-13-re-professional\/"]}]},{"@type":"ImageObject","inLanguage":"fr-FR","@id":"https:\/\/eurlhosnakamel.dz\/dz\/produit\/perceuse-a-percussion-gsb-13-re-professional\/#primaryimage","url":"https:\/\/www.bosch-professional.com\/binary\/ocsmedia\/optimized\/767x767\/o303562v16_GSB_13_RE_vermasst.jpg","contentUrl":"https:\/\/www.bosch-professional.com\/binary\/ocsmedia\/optimized\/767x767\/o303562v16_GSB_13_RE_vermasst.jpg"},{"@type":"BreadcrumbList","@id":"https:\/\/eurlhosnakamel.dz\/dz\/produit\/perceuse-a-percussion-gsb-13-re-professional\/#breadcrumb","itemListElement":[{"@type":"ListItem","position":1,"name":"Accueil","item":"https:\/\/eurlhosnakamel.dz\/dz\/"},{"@type":"ListItem","position":2,"name":"Shop","item":"https:\/\/eurlhosnakamel.dz\/dz\/shop\/"},{"@type":"ListItem","position":3,"name":"Perceuse \u00e0 percussion GSB 13 RE Professional"}]},{"@type":"WebSite","@id":"https:\/\/eurlhosnakamel.dz\/dz\/#website","url":"https:\/\/eurlhosnakamel.dz\/dz\/","name":"EURL HOSNA KAMEL","description":"Fournisseur Premium d&#039;Outillages Professionnels en Alg\u00e9rie -","publisher":{"@id":"https:\/\/eurlhosnakamel.dz\/dz\/#organization"},"potentialAction":[{"@type":"SearchAction","target":{"@type":"EntryPoint","urlTemplate":"https:\/\/eurlhosnakamel.dz\/dz\/?s={search_term_string}"},"query-input":"required name=search_term_string"}],"inLanguage":"fr-FR"},{"@type":"Organization","@id":"https:\/\/eurlhosnakamel.dz\/dz\/#organization","name":"EURL HOSNA KAMEL - Bosch alg\u00e9rie","url":"https:\/\/eurlhosnakamel.dz\/dz\/","logo":{"@type":"ImageObject","inLanguage":"fr-FR","@id":"https:\/\/eurlhosnakamel.dz\/dz\/#\/schema\/logo\/image\/","url":"https:\/\/eurlhosnakamel.dz\/wp-content\/uploads\/2020\/04\/LOGO-HOSNA1.png","contentUrl":"https:\/\/eurlhosnakamel.dz\/wp-content\/uploads\/2020\/04\/LOGO-HOSNA1.png","width":120,"height":127,"caption":"EURL HOSNA KAMEL - Bosch alg\u00e9rie"},"image":{"@id":"https:\/\/eurlhosnakamel.dz\/dz\/#\/schema\/logo\/image\/"},"sameAs":["https:\/\/www.facebook.com\/Eurl.Hosna.DZ\/"]}]}},"_links":{"self":[{"href":"https:\/\/eurlhosnakamel.dz\/dz\/wp-json\/wp\/v2\/product\/11253","targetHints":{"allow":["GET"]}}],"collection":[{"href":"https:\/\/eurlhosnakamel.dz\/dz\/wp-json\/wp\/v2\/product"}],"about":[{"href":"https:\/\/eurlhosnakamel.dz\/dz\/wp-json\/wp\/v2\/types\/product"}],"wp:attachment":[{"href":"https:\/\/eurlhosnakamel.dz\/dz\/wp-json\/wp\/v2\/media?parent=11253"}],"wp:term":[{"taxonomy":"product_cat","embeddable":true,"href":"https:\/\/eurlhosnakamel.dz\/dz\/wp-json\/wp\/v2\/product_cat?post=11253"},{"taxonomy":"product_tag","embeddable":true,"href":"https:\/\/eurlhosnakamel.dz\/dz\/wp-json\/wp\/v2\/product_tag?post=11253"}],"curies":[{"name":"wp","href":"https:\/\/api.w.org\/{rel}","templated":true}]}}