{"id":11338,"date":"2021-06-20T10:29:36","date_gmt":"2021-06-20T10:29:36","guid":{"rendered":"https:\/\/eurlhosnakamel.dz\/?post_type=product&#038;p=11338"},"modified":"2021-06-20T14:15:35","modified_gmt":"2021-06-20T14:15:35","slug":"pompe-a-piston-udor-mc-13-20-s","status":"publish","type":"product","link":"https:\/\/eurlhosnakamel.dz\/dz\/produit\/pompe-a-piston-udor-mc-13-20-s\/","title":{"rendered":"Pompe \u00e0 piston Udor MC 13\/20-S"},"content":{"rendered":"<ul>\n<li>\n<h4><strong><em><img fetchpriority=\"high\" decoding=\"async\" class=\"alignnone size-full wp-image-11343\" src=\"https:\/\/eurlhosnakamel.dz\/wp-content\/uploads\/2021\/06\/UDOR-200-BAR01-2.png\" alt=\"\" width=\"500\" height=\"500\" srcset=\"https:\/\/eurlhosnakamel.dz\/dz\/wp-content\/uploads\/2021\/06\/UDOR-200-BAR01-2.png 500w, https:\/\/eurlhosnakamel.dz\/dz\/wp-content\/uploads\/2021\/06\/UDOR-200-BAR01-2-100x100.png 100w, https:\/\/eurlhosnakamel.dz\/dz\/wp-content\/uploads\/2021\/06\/UDOR-200-BAR01-2-300x300.png 300w, https:\/\/eurlhosnakamel.dz\/dz\/wp-content\/uploads\/2021\/06\/UDOR-200-BAR01-2-150x150.png 150w, https:\/\/eurlhosnakamel.dz\/dz\/wp-content\/uploads\/2021\/06\/UDOR-200-BAR01-2-370x370.png 370w, https:\/\/eurlhosnakamel.dz\/dz\/wp-content\/uploads\/2021\/06\/UDOR-200-BAR01-2-200x200.png 200w\" sizes=\"(max-width: 500px) 100vw, 500px\" \/><\/em><\/strong><\/h4>\n<\/li>\n<li>\n<h4><strong><em>Sp\u00e9cifications techniques Puissance:<\/em><\/strong><\/h4>\n<\/li>\n<li>\n<h4><strong><em>\u00a07Max GPM: 3.5RPM: 1450Max PSI: 3000<\/em><\/strong><\/h4>\n<\/li>\n<li>\n<h4><strong><em>Description du produit<\/em><\/strong><\/h4>\n<\/li>\n<li>\n<h4><strong><em>\u00a03,5 gal\/min 3000 livres par pouce carr\u00e9 Moteur \u00e9lectrique 7 CV requis cl\u00e9 de 24 mm Arbre plein 9-1\/2&#8243; L x 8-1\/2&#8243; L x 4-1\/2&#8243; H (Mod\u00e8le \u00e0 arbre plein) Entr\u00e9e 1\/2&#8243; Sortie 3\/8&#8243; Collecteur en laiton Plongeurs en c\u00e9ramique solide Vilebrequin trait\u00e9 thermiquement Clapets anti-retour en acier inoxydable Guides de piston en acier inoxydable Entra\u00eenement direct Mod\u00e8les de brides \u00e9lectriques Roulements \u00e0 rouleaux coniques de qualit\u00e9 industrielle Guides de corps enduits de t\u00e9flon rempla\u00e7ables Max.<\/em><\/strong><\/h4>\n<\/li>\n<li>\n<h4><strong><em>Temp\u00e9rature du fluide. 160\u00b0F Bielles en alliage d&#8217;aluminium haute r\u00e9sistance Joints haute pression \u00e0 base plate robustes 20 onces Carter de manivelle \u00e0 bain d&#8217;huile ventil\u00e9<\/em><\/strong><\/h4>\n<\/li>\n<\/ul>\n","protected":false},"excerpt":{"rendered":"<p><img decoding=\"async\" class=\"alignnone wp-image-11342\" src=\"https:\/\/eurlhosnakamel.dz\/wp-content\/uploads\/2021\/06\/UDOR-200-BAR01-1.png\" alt=\"\" width=\"360\" height=\"360\" srcset=\"https:\/\/eurlhosnakamel.dz\/dz\/wp-content\/uploads\/2021\/06\/UDOR-200-BAR01-1.png 500w, https:\/\/eurlhosnakamel.dz\/dz\/wp-content\/uploads\/2021\/06\/UDOR-200-BAR01-1-100x100.png 100w, https:\/\/eurlhosnakamel.dz\/dz\/wp-content\/uploads\/2021\/06\/UDOR-200-BAR01-1-300x300.png 300w, https:\/\/eurlhosnakamel.dz\/dz\/wp-content\/uploads\/2021\/06\/UDOR-200-BAR01-1-150x150.png 150w, https:\/\/eurlhosnakamel.dz\/dz\/wp-content\/uploads\/2021\/06\/UDOR-200-BAR01-1-370x370.png 370w, https:\/\/eurlhosnakamel.dz\/dz\/wp-content\/uploads\/2021\/06\/UDOR-200-BAR01-1-200x200.png 200w\" sizes=\"(max-width: 360px) 100vw, 360px\" \/><\/p>\n","protected":false},"featured_media":0,"template":"","meta":[],"product_cat":[29],"product_tag":[],"class_list":{"0":"post-11338","1":"product","2":"type-product","3":"status-publish","5":"product_cat-quincaillerie","6":"product_brand-udor","8":"first","9":"instock","10":"shipping-taxable","11":"product-type-simple","12":"col-xs-6 col-sm-4","13":"col-md-3 col-lg-3","14":"un-4-cols"},"yoast_head":"<!-- This site is optimized with the Yoast SEO plugin v22.5 - https:\/\/yoast.com\/wordpress\/plugins\/seo\/ -->\n<title>Pompe \u00e0 piston Udor MC 13\/20-S - EURL HOSNA KAMEL<\/title>\n<meta name=\"description\" content=\"Pompe \u00e0 piston Udor MC 13\/20-S - EURL HOSNA KAMEL\" \/>\n<meta name=\"robots\" content=\"index, follow, max-snippet:-1, max-image-preview:large, max-video-preview:-1\" \/>\n<link rel=\"canonical\" href=\"https:\/\/eurlhosnakamel.dz\/dz\/produit\/pompe-a-piston-udor-mc-13-20-s\/\" \/>\n<meta property=\"og:locale\" content=\"fr_FR\" \/>\n<meta property=\"og:type\" content=\"article\" \/>\n<meta property=\"og:title\" content=\"Pompe \u00e0 piston Udor MC 13\/20-S - EURL HOSNA KAMEL\" \/>\n<meta property=\"og:description\" content=\"Pompe \u00e0 piston Udor MC 13\/20-S - EURL HOSNA KAMEL\" \/>\n<meta property=\"og:url\" content=\"https:\/\/eurlhosnakamel.dz\/dz\/produit\/pompe-a-piston-udor-mc-13-20-s\/\" \/>\n<meta property=\"og:site_name\" content=\"EURL HOSNA KAMEL\" \/>\n<meta property=\"article:publisher\" content=\"https:\/\/www.facebook.com\/Eurl.Hosna.DZ\/\" \/>\n<meta property=\"article:modified_time\" content=\"2021-06-20T14:15:35+00:00\" \/>\n<meta property=\"og:image\" content=\"https:\/\/eurlhosnakamel.dz\/wp-content\/uploads\/2021\/06\/UDOR-200-BAR01-2.png\" \/>\n<meta name=\"twitter:card\" content=\"summary_large_image\" \/>\n<meta name=\"twitter:label1\" content=\"Dur\u00e9e de lecture estim\u00e9e\" \/>\n\t<meta name=\"twitter:data1\" content=\"1 minute\" \/>\n<script type=\"application\/ld+json\" class=\"yoast-schema-graph\">{\"@context\":\"https:\/\/schema.org\",\"@graph\":[{\"@type\":\"WebPage\",\"@id\":\"https:\/\/eurlhosnakamel.dz\/dz\/produit\/pompe-a-piston-udor-mc-13-20-s\/\",\"url\":\"https:\/\/eurlhosnakamel.dz\/dz\/produit\/pompe-a-piston-udor-mc-13-20-s\/\",\"name\":\"Pompe \u00e0 piston Udor MC 13\/20-S - EURL HOSNA KAMEL\",\"isPartOf\":{\"@id\":\"https:\/\/eurlhosnakamel.dz\/dz\/#website\"},\"primaryImageOfPage\":{\"@id\":\"https:\/\/eurlhosnakamel.dz\/dz\/produit\/pompe-a-piston-udor-mc-13-20-s\/#primaryimage\"},\"image\":{\"@id\":\"https:\/\/eurlhosnakamel.dz\/dz\/produit\/pompe-a-piston-udor-mc-13-20-s\/#primaryimage\"},\"thumbnailUrl\":\"https:\/\/eurlhosnakamel.dz\/wp-content\/uploads\/2021\/06\/UDOR-200-BAR01-2.png\",\"datePublished\":\"2021-06-20T10:29:36+00:00\",\"dateModified\":\"2021-06-20T14:15:35+00:00\",\"description\":\"Pompe \u00e0 piston Udor MC 13\/20-S - EURL HOSNA KAMEL\",\"breadcrumb\":{\"@id\":\"https:\/\/eurlhosnakamel.dz\/dz\/produit\/pompe-a-piston-udor-mc-13-20-s\/#breadcrumb\"},\"inLanguage\":\"fr-FR\",\"potentialAction\":[{\"@type\":\"ReadAction\",\"target\":[\"https:\/\/eurlhosnakamel.dz\/dz\/produit\/pompe-a-piston-udor-mc-13-20-s\/\"]}]},{\"@type\":\"ImageObject\",\"inLanguage\":\"fr-FR\",\"@id\":\"https:\/\/eurlhosnakamel.dz\/dz\/produit\/pompe-a-piston-udor-mc-13-20-s\/#primaryimage\",\"url\":\"https:\/\/eurlhosnakamel.dz\/wp-content\/uploads\/2021\/06\/UDOR-200-BAR01-2.png\",\"contentUrl\":\"https:\/\/eurlhosnakamel.dz\/wp-content\/uploads\/2021\/06\/UDOR-200-BAR01-2.png\"},{\"@type\":\"BreadcrumbList\",\"@id\":\"https:\/\/eurlhosnakamel.dz\/dz\/produit\/pompe-a-piston-udor-mc-13-20-s\/#breadcrumb\",\"itemListElement\":[{\"@type\":\"ListItem\",\"position\":1,\"name\":\"Accueil\",\"item\":\"https:\/\/eurlhosnakamel.dz\/dz\/\"},{\"@type\":\"ListItem\",\"position\":2,\"name\":\"Shop\",\"item\":\"https:\/\/eurlhosnakamel.dz\/dz\/shop\/\"},{\"@type\":\"ListItem\",\"position\":3,\"name\":\"Pompe \u00e0 piston Udor MC 13\/20-S\"}]},{\"@type\":\"WebSite\",\"@id\":\"https:\/\/eurlhosnakamel.dz\/dz\/#website\",\"url\":\"https:\/\/eurlhosnakamel.dz\/dz\/\",\"name\":\"EURL HOSNA KAMEL\",\"description\":\"Fournisseur Premium d&#039;Outillages Professionnels en Alg\u00e9rie -\",\"publisher\":{\"@id\":\"https:\/\/eurlhosnakamel.dz\/dz\/#organization\"},\"potentialAction\":[{\"@type\":\"SearchAction\",\"target\":{\"@type\":\"EntryPoint\",\"urlTemplate\":\"https:\/\/eurlhosnakamel.dz\/dz\/?s={search_term_string}\"},\"query-input\":\"required name=search_term_string\"}],\"inLanguage\":\"fr-FR\"},{\"@type\":\"Organization\",\"@id\":\"https:\/\/eurlhosnakamel.dz\/dz\/#organization\",\"name\":\"EURL HOSNA KAMEL - Bosch alg\u00e9rie\",\"url\":\"https:\/\/eurlhosnakamel.dz\/dz\/\",\"logo\":{\"@type\":\"ImageObject\",\"inLanguage\":\"fr-FR\",\"@id\":\"https:\/\/eurlhosnakamel.dz\/dz\/#\/schema\/logo\/image\/\",\"url\":\"https:\/\/eurlhosnakamel.dz\/wp-content\/uploads\/2020\/04\/LOGO-HOSNA1.png\",\"contentUrl\":\"https:\/\/eurlhosnakamel.dz\/wp-content\/uploads\/2020\/04\/LOGO-HOSNA1.png\",\"width\":120,\"height\":127,\"caption\":\"EURL HOSNA KAMEL - Bosch alg\u00e9rie\"},\"image\":{\"@id\":\"https:\/\/eurlhosnakamel.dz\/dz\/#\/schema\/logo\/image\/\"},\"sameAs\":[\"https:\/\/www.facebook.com\/Eurl.Hosna.DZ\/\"]}]}<\/script>\n<!-- \/ Yoast SEO plugin. -->","yoast_head_json":{"title":"Pompe \u00e0 piston Udor MC 13\/20-S - EURL HOSNA KAMEL","description":"Pompe \u00e0 piston Udor MC 13\/20-S - EURL HOSNA KAMEL","robots":{"index":"index","follow":"follow","max-snippet":"max-snippet:-1","max-image-preview":"max-image-preview:large","max-video-preview":"max-video-preview:-1"},"canonical":"https:\/\/eurlhosnakamel.dz\/dz\/produit\/pompe-a-piston-udor-mc-13-20-s\/","og_locale":"fr_FR","og_type":"article","og_title":"Pompe \u00e0 piston Udor MC 13\/20-S - EURL HOSNA KAMEL","og_description":"Pompe \u00e0 piston Udor MC 13\/20-S - EURL HOSNA KAMEL","og_url":"https:\/\/eurlhosnakamel.dz\/dz\/produit\/pompe-a-piston-udor-mc-13-20-s\/","og_site_name":"EURL HOSNA KAMEL","article_publisher":"https:\/\/www.facebook.com\/Eurl.Hosna.DZ\/","article_modified_time":"2021-06-20T14:15:35+00:00","og_image":[{"url":"https:\/\/eurlhosnakamel.dz\/wp-content\/uploads\/2021\/06\/UDOR-200-BAR01-2.png"}],"twitter_card":"summary_large_image","twitter_misc":{"Dur\u00e9e de lecture estim\u00e9e":"1 minute"},"schema":{"@context":"https:\/\/schema.org","@graph":[{"@type":"WebPage","@id":"https:\/\/eurlhosnakamel.dz\/dz\/produit\/pompe-a-piston-udor-mc-13-20-s\/","url":"https:\/\/eurlhosnakamel.dz\/dz\/produit\/pompe-a-piston-udor-mc-13-20-s\/","name":"Pompe \u00e0 piston Udor MC 13\/20-S - EURL HOSNA KAMEL","isPartOf":{"@id":"https:\/\/eurlhosnakamel.dz\/dz\/#website"},"primaryImageOfPage":{"@id":"https:\/\/eurlhosnakamel.dz\/dz\/produit\/pompe-a-piston-udor-mc-13-20-s\/#primaryimage"},"image":{"@id":"https:\/\/eurlhosnakamel.dz\/dz\/produit\/pompe-a-piston-udor-mc-13-20-s\/#primaryimage"},"thumbnailUrl":"https:\/\/eurlhosnakamel.dz\/wp-content\/uploads\/2021\/06\/UDOR-200-BAR01-2.png","datePublished":"2021-06-20T10:29:36+00:00","dateModified":"2021-06-20T14:15:35+00:00","description":"Pompe \u00e0 piston Udor MC 13\/20-S - EURL HOSNA KAMEL","breadcrumb":{"@id":"https:\/\/eurlhosnakamel.dz\/dz\/produit\/pompe-a-piston-udor-mc-13-20-s\/#breadcrumb"},"inLanguage":"fr-FR","potentialAction":[{"@type":"ReadAction","target":["https:\/\/eurlhosnakamel.dz\/dz\/produit\/pompe-a-piston-udor-mc-13-20-s\/"]}]},{"@type":"ImageObject","inLanguage":"fr-FR","@id":"https:\/\/eurlhosnakamel.dz\/dz\/produit\/pompe-a-piston-udor-mc-13-20-s\/#primaryimage","url":"https:\/\/eurlhosnakamel.dz\/wp-content\/uploads\/2021\/06\/UDOR-200-BAR01-2.png","contentUrl":"https:\/\/eurlhosnakamel.dz\/wp-content\/uploads\/2021\/06\/UDOR-200-BAR01-2.png"},{"@type":"BreadcrumbList","@id":"https:\/\/eurlhosnakamel.dz\/dz\/produit\/pompe-a-piston-udor-mc-13-20-s\/#breadcrumb","itemListElement":[{"@type":"ListItem","position":1,"name":"Accueil","item":"https:\/\/eurlhosnakamel.dz\/dz\/"},{"@type":"ListItem","position":2,"name":"Shop","item":"https:\/\/eurlhosnakamel.dz\/dz\/shop\/"},{"@type":"ListItem","position":3,"name":"Pompe \u00e0 piston Udor MC 13\/20-S"}]},{"@type":"WebSite","@id":"https:\/\/eurlhosnakamel.dz\/dz\/#website","url":"https:\/\/eurlhosnakamel.dz\/dz\/","name":"EURL HOSNA KAMEL","description":"Fournisseur Premium d&#039;Outillages Professionnels en Alg\u00e9rie -","publisher":{"@id":"https:\/\/eurlhosnakamel.dz\/dz\/#organization"},"potentialAction":[{"@type":"SearchAction","target":{"@type":"EntryPoint","urlTemplate":"https:\/\/eurlhosnakamel.dz\/dz\/?s={search_term_string}"},"query-input":"required name=search_term_string"}],"inLanguage":"fr-FR"},{"@type":"Organization","@id":"https:\/\/eurlhosnakamel.dz\/dz\/#organization","name":"EURL HOSNA KAMEL - Bosch alg\u00e9rie","url":"https:\/\/eurlhosnakamel.dz\/dz\/","logo":{"@type":"ImageObject","inLanguage":"fr-FR","@id":"https:\/\/eurlhosnakamel.dz\/dz\/#\/schema\/logo\/image\/","url":"https:\/\/eurlhosnakamel.dz\/wp-content\/uploads\/2020\/04\/LOGO-HOSNA1.png","contentUrl":"https:\/\/eurlhosnakamel.dz\/wp-content\/uploads\/2020\/04\/LOGO-HOSNA1.png","width":120,"height":127,"caption":"EURL HOSNA KAMEL - Bosch alg\u00e9rie"},"image":{"@id":"https:\/\/eurlhosnakamel.dz\/dz\/#\/schema\/logo\/image\/"},"sameAs":["https:\/\/www.facebook.com\/Eurl.Hosna.DZ\/"]}]}},"_links":{"self":[{"href":"https:\/\/eurlhosnakamel.dz\/dz\/wp-json\/wp\/v2\/product\/11338","targetHints":{"allow":["GET"]}}],"collection":[{"href":"https:\/\/eurlhosnakamel.dz\/dz\/wp-json\/wp\/v2\/product"}],"about":[{"href":"https:\/\/eurlhosnakamel.dz\/dz\/wp-json\/wp\/v2\/types\/product"}],"wp:attachment":[{"href":"https:\/\/eurlhosnakamel.dz\/dz\/wp-json\/wp\/v2\/media?parent=11338"}],"wp:term":[{"taxonomy":"product_cat","embeddable":true,"href":"https:\/\/eurlhosnakamel.dz\/dz\/wp-json\/wp\/v2\/product_cat?post=11338"},{"taxonomy":"product_tag","embeddable":true,"href":"https:\/\/eurlhosnakamel.dz\/dz\/wp-json\/wp\/v2\/product_tag?post=11338"}],"curies":[{"name":"wp","href":"https:\/\/api.w.org\/{rel}","templated":true}]}}