{"id":2969,"date":"2020-03-21T16:33:38","date_gmt":"2020-03-21T16:33:38","guid":{"rendered":"https:\/\/lhchosting.com\/hosna\/?post_type=product&#038;p=2969"},"modified":"2020-03-29T12:57:42","modified_gmt":"2020-03-29T12:57:42","slug":"perceuse-visseuse-sans-fil-gsr-12v-15-professional","status":"publish","type":"product","link":"https:\/\/eurlhosnakamel.dz\/dz\/produit\/perceuse-visseuse-sans-fil-gsr-12v-15-professional\/","title":{"rendered":"Perceuse-visseuse sans fil GSR 12V-15 Professional"},"content":{"rendered":"<section id=\"technicaldata\" class=\"o-technical_details trackingModule\" data-track_moduletype=\"O09_technical_details\">\n<div class=\"container trackingTeaser\" data-track_teasertype=\"Product Information\" data-track_teasercontent=\"En savoir plus\">\n<div class=\"row\">\n<div class=\"col-md-5\">\n<h2 class=\"headline hl1\">Caract\u00e9ristiques techniques<\/h2>\n<table class=\"table table--fixed\">\n<thead>\n<tr>\n<th class=\"headline hl4\" colspan=\"2\">\n<h3>Les caract\u00e9ristiques les plus importantes<\/h3>\n<\/th>\n<\/tr>\n<\/thead>\n<tbody>\n<tr>\n<td>Couple (tendre\/dur\/maxi)<\/td>\n<td>15\/30\/- Nm<\/td>\n<\/tr>\n<tr>\n<td>R\u00e9gime \u00e0 vide (1\u00e8re vitesse \/ 2\u00e8me vitesse)<\/td>\n<td>0 \u2013 400 \/ 0 \u2013 1.300 tr\/min<\/td>\n<\/tr>\n<tr>\n<td>Plage de serrage du mandrin, min.\/max.<\/td>\n<td>1 \/ 10 mm<\/td>\n<\/tr>\n<tr>\n<td>Tension de la batterie<\/td>\n<td>12 V<\/td>\n<\/tr>\n<tr>\n<td>Pr\u00e9s\u00e9lections de couple<\/td>\n<td>20+1<\/td>\n<\/tr>\n<tr>\n<td>Dimensions de l\u2019emballage (longueur x largeur x hauteur)<\/td>\n<td>220 x 360 x 95 mm<\/td>\n<\/tr>\n<tr>\n<td>Poids avec batterie<\/td>\n<td>0,95 kg<\/td>\n<\/tr>\n<\/tbody>\n<\/table>\n<table class=\"table\">\n<thead>\n<tr>\n<th class=\"headline hl4\" colspan=\"2\">Diam\u00e8tre de per\u00e7age<\/th>\n<\/tr>\n<\/thead>\n<tbody>\n<tr>\n<td>\u00d8 de per\u00e7age dans le bois, maxi.<\/td>\n<td>19 mm<\/td>\n<\/tr>\n<tr>\n<td>\u00d8 de per\u00e7age dans l&#8217;acier, maxi.<\/td>\n<td>10 mm<\/td>\n<\/tr>\n<\/tbody>\n<\/table>\n<table class=\"table\">\n<thead>\n<tr>\n<th class=\"headline hl4\" colspan=\"2\">Diam\u00e8tre de la vis<\/th>\n<\/tr>\n<\/thead>\n<tbody>\n<tr>\n<td>\u00d8 de vissage maxi.<\/td>\n<td>7 mm<\/td>\n<\/tr>\n<\/tbody>\n<\/table>\n<\/div>\n<div class=\"col-md-offset-2 col-md-5 table-second-col\">\n<div class=\"headline hl4\">Information sur les bruits\/vibrations<\/div>\n<p>Valeurs totales des vibrations (somme de vecteurs de trois sens)<\/p>\n<table class=\"table\">\n<thead>\n<tr>\n<th class=\"headline hl4\" colspan=\"2\">Per\u00e7age dans le m\u00e9tal<\/th>\n<\/tr>\n<\/thead>\n<tbody>\n<tr>\n<td>Valeur d&#8217;\u00e9mission vibratoire ah<\/td>\n<td>2,5 m\/s\u00b2<\/td>\n<\/tr>\n<tr>\n<td>Incertitude K<\/td>\n<td>1,5 m\/s\u00b2<\/td>\n<\/tr>\n<\/tbody>\n<\/table>\n<table class=\"table\">\n<thead>\n<tr>\n<th class=\"headline hl4\" colspan=\"2\">Vissage<\/th>\n<\/tr>\n<\/thead>\n<tbody>\n<tr>\n<td>Valeur d&#8217;\u00e9mission vibratoire ah<\/td>\n<td>2,5 m\/s\u00b2<\/td>\n<\/tr>\n<tr>\n<td>Incertitude K<\/td>\n<td>1,5 m\/s\u00b2<\/td>\n<\/tr>\n<\/tbody>\n<\/table>\n<\/div>\n<\/div>\n<\/div>\n<\/section>\n<section id=\"highlights\" class=\"m-product_hightlights trackingModule\" data-track_moduletype=\"M49_product_highlights\">\n<div class=\"container\">\n<h2 class=\"headline hl1\">Avantages<\/h2>\n<div class=\"row\">\n<div class=\"col-md-6\">\n<div class=\"m-product_hightlights__content-wrapper\">\n<h3 class=\"headline hl4\">Un concentr\u00e9 de puissance et de maniabilit\u00e9<\/h3>\n<ul class=\"m-product_hightlights__list\">\n<li>Longueur extr\u00eamement r\u00e9duite de 169 mm, pour une prise en main optimale notamment lors des travaux de vissage et per\u00e7age en hauteur et dans les endroits difficiles d\u2019acc\u00e8s<\/li>\n<li>Puissance professionnelle : son engrenage 2 vitesses garantit un couple puissant de 15 Nm (mat\u00e9riaux tendres) pour le per\u00e7age (jusqu\u2019\u00e0 19 mm) et le vissage (jusqu\u2019\u00e0 7 mm)<\/li>\n<li>Mandrin Auto-Lock 10 mm<\/li>\n<\/ul>\n<\/div>\n<\/div>\n<\/div>\n<\/div>\n<\/section>\n","protected":false},"excerpt":{"rendered":"<p>Un concentr\u00e9 de puissance et de maniabilit\u00e9<\/p>\n","protected":false},"featured_media":3343,"template":"","meta":[],"product_cat":[405,443],"product_tag":[417],"class_list":{"0":"post-2969","1":"product","2":"type-product","3":"status-publish","4":"has-post-thumbnail","6":"product_cat-outillage","7":"product_cat-outillage-sans-fil","8":"product_tag-gsr-12v-15-professional","9":"product_brand-bosch-outillage","11":"first","12":"instock","13":"shipping-taxable","14":"product-type-simple","15":"col-xs-6 col-sm-4","16":"col-md-3 col-lg-3","17":"un-4-cols"},"yoast_head":"<!-- This site is optimized with the Yoast SEO plugin v22.5 - https:\/\/yoast.com\/wordpress\/plugins\/seo\/ -->\n<title>Perceuse-visseuse sans fil GSR 12V-15 Professional - EURL HOSNA KAMEL<\/title>\n<meta name=\"description\" content=\"Perceuse-visseuse sans fil GSR 12V-15 Professional - EURL HOSNA KAMEL\" \/>\n<meta name=\"robots\" content=\"index, follow, max-snippet:-1, max-image-preview:large, max-video-preview:-1\" \/>\n<link rel=\"canonical\" href=\"https:\/\/eurlhosnakamel.dz\/dz\/produit\/perceuse-visseuse-sans-fil-gsr-12v-15-professional\/\" \/>\n<meta property=\"og:locale\" content=\"fr_FR\" \/>\n<meta property=\"og:type\" content=\"article\" \/>\n<meta property=\"og:title\" content=\"Perceuse-visseuse sans fil GSR 12V-15 Professional - EURL HOSNA KAMEL\" \/>\n<meta property=\"og:description\" content=\"Perceuse-visseuse sans fil GSR 12V-15 Professional - EURL HOSNA KAMEL\" \/>\n<meta property=\"og:url\" content=\"https:\/\/eurlhosnakamel.dz\/dz\/produit\/perceuse-visseuse-sans-fil-gsr-12v-15-professional\/\" \/>\n<meta property=\"og:site_name\" content=\"EURL HOSNA KAMEL\" \/>\n<meta property=\"article:publisher\" content=\"https:\/\/www.facebook.com\/Eurl.Hosna.DZ\/\" \/>\n<meta property=\"article:modified_time\" content=\"2020-03-29T12:57:42+00:00\" \/>\n<meta property=\"og:image\" content=\"https:\/\/eurlhosnakamel.dz\/dz\/wp-content\/uploads\/2020\/03\/Perceuse-visseuse-sans-fil-GSR-12V-15-Professional.jpg\" \/>\n\t<meta property=\"og:image:width\" content=\"500\" \/>\n\t<meta property=\"og:image:height\" content=\"500\" \/>\n\t<meta property=\"og:image:type\" content=\"image\/jpeg\" \/>\n<meta name=\"twitter:card\" content=\"summary_large_image\" \/>\n<meta name=\"twitter:label1\" content=\"Dur\u00e9e de lecture estim\u00e9e\" \/>\n\t<meta name=\"twitter:data1\" content=\"1 minute\" \/>\n<script type=\"application\/ld+json\" class=\"yoast-schema-graph\">{\"@context\":\"https:\/\/schema.org\",\"@graph\":[{\"@type\":\"WebPage\",\"@id\":\"https:\/\/eurlhosnakamel.dz\/dz\/produit\/perceuse-visseuse-sans-fil-gsr-12v-15-professional\/\",\"url\":\"https:\/\/eurlhosnakamel.dz\/dz\/produit\/perceuse-visseuse-sans-fil-gsr-12v-15-professional\/\",\"name\":\"Perceuse-visseuse sans fil GSR 12V-15 Professional - EURL HOSNA KAMEL\",\"isPartOf\":{\"@id\":\"https:\/\/eurlhosnakamel.dz\/dz\/#website\"},\"primaryImageOfPage\":{\"@id\":\"https:\/\/eurlhosnakamel.dz\/dz\/produit\/perceuse-visseuse-sans-fil-gsr-12v-15-professional\/#primaryimage\"},\"image\":{\"@id\":\"https:\/\/eurlhosnakamel.dz\/dz\/produit\/perceuse-visseuse-sans-fil-gsr-12v-15-professional\/#primaryimage\"},\"thumbnailUrl\":\"https:\/\/eurlhosnakamel.dz\/dz\/wp-content\/uploads\/2020\/03\/Perceuse-visseuse-sans-fil-GSR-12V-15-Professional.jpg\",\"datePublished\":\"2020-03-21T16:33:38+00:00\",\"dateModified\":\"2020-03-29T12:57:42+00:00\",\"description\":\"Perceuse-visseuse sans fil GSR 12V-15 Professional - EURL HOSNA KAMEL\",\"breadcrumb\":{\"@id\":\"https:\/\/eurlhosnakamel.dz\/dz\/produit\/perceuse-visseuse-sans-fil-gsr-12v-15-professional\/#breadcrumb\"},\"inLanguage\":\"fr-FR\",\"potentialAction\":[{\"@type\":\"ReadAction\",\"target\":[\"https:\/\/eurlhosnakamel.dz\/dz\/produit\/perceuse-visseuse-sans-fil-gsr-12v-15-professional\/\"]}]},{\"@type\":\"ImageObject\",\"inLanguage\":\"fr-FR\",\"@id\":\"https:\/\/eurlhosnakamel.dz\/dz\/produit\/perceuse-visseuse-sans-fil-gsr-12v-15-professional\/#primaryimage\",\"url\":\"https:\/\/eurlhosnakamel.dz\/dz\/wp-content\/uploads\/2020\/03\/Perceuse-visseuse-sans-fil-GSR-12V-15-Professional.jpg\",\"contentUrl\":\"https:\/\/eurlhosnakamel.dz\/dz\/wp-content\/uploads\/2020\/03\/Perceuse-visseuse-sans-fil-GSR-12V-15-Professional.jpg\",\"width\":500,\"height\":500},{\"@type\":\"BreadcrumbList\",\"@id\":\"https:\/\/eurlhosnakamel.dz\/dz\/produit\/perceuse-visseuse-sans-fil-gsr-12v-15-professional\/#breadcrumb\",\"itemListElement\":[{\"@type\":\"ListItem\",\"position\":1,\"name\":\"Accueil\",\"item\":\"https:\/\/eurlhosnakamel.dz\/dz\/\"},{\"@type\":\"ListItem\",\"position\":2,\"name\":\"Shop\",\"item\":\"https:\/\/eurlhosnakamel.dz\/dz\/shop\/\"},{\"@type\":\"ListItem\",\"position\":3,\"name\":\"Perceuse-visseuse sans fil GSR 12V-15 Professional\"}]},{\"@type\":\"WebSite\",\"@id\":\"https:\/\/eurlhosnakamel.dz\/dz\/#website\",\"url\":\"https:\/\/eurlhosnakamel.dz\/dz\/\",\"name\":\"EURL HOSNA KAMEL\",\"description\":\"Fournisseur Premium d&#039;Outillages Professionnels en Alg\u00e9rie -\",\"publisher\":{\"@id\":\"https:\/\/eurlhosnakamel.dz\/dz\/#organization\"},\"potentialAction\":[{\"@type\":\"SearchAction\",\"target\":{\"@type\":\"EntryPoint\",\"urlTemplate\":\"https:\/\/eurlhosnakamel.dz\/dz\/?s={search_term_string}\"},\"query-input\":\"required name=search_term_string\"}],\"inLanguage\":\"fr-FR\"},{\"@type\":\"Organization\",\"@id\":\"https:\/\/eurlhosnakamel.dz\/dz\/#organization\",\"name\":\"EURL HOSNA KAMEL - Bosch alg\u00e9rie\",\"url\":\"https:\/\/eurlhosnakamel.dz\/dz\/\",\"logo\":{\"@type\":\"ImageObject\",\"inLanguage\":\"fr-FR\",\"@id\":\"https:\/\/eurlhosnakamel.dz\/dz\/#\/schema\/logo\/image\/\",\"url\":\"https:\/\/eurlhosnakamel.dz\/wp-content\/uploads\/2020\/04\/LOGO-HOSNA1.png\",\"contentUrl\":\"https:\/\/eurlhosnakamel.dz\/wp-content\/uploads\/2020\/04\/LOGO-HOSNA1.png\",\"width\":120,\"height\":127,\"caption\":\"EURL HOSNA KAMEL - Bosch alg\u00e9rie\"},\"image\":{\"@id\":\"https:\/\/eurlhosnakamel.dz\/dz\/#\/schema\/logo\/image\/\"},\"sameAs\":[\"https:\/\/www.facebook.com\/Eurl.Hosna.DZ\/\"]}]}<\/script>\n<!-- \/ Yoast SEO plugin. -->","yoast_head_json":{"title":"Perceuse-visseuse sans fil GSR 12V-15 Professional - EURL HOSNA KAMEL","description":"Perceuse-visseuse sans fil GSR 12V-15 Professional - EURL HOSNA KAMEL","robots":{"index":"index","follow":"follow","max-snippet":"max-snippet:-1","max-image-preview":"max-image-preview:large","max-video-preview":"max-video-preview:-1"},"canonical":"https:\/\/eurlhosnakamel.dz\/dz\/produit\/perceuse-visseuse-sans-fil-gsr-12v-15-professional\/","og_locale":"fr_FR","og_type":"article","og_title":"Perceuse-visseuse sans fil GSR 12V-15 Professional - EURL HOSNA KAMEL","og_description":"Perceuse-visseuse sans fil GSR 12V-15 Professional - EURL HOSNA KAMEL","og_url":"https:\/\/eurlhosnakamel.dz\/dz\/produit\/perceuse-visseuse-sans-fil-gsr-12v-15-professional\/","og_site_name":"EURL HOSNA KAMEL","article_publisher":"https:\/\/www.facebook.com\/Eurl.Hosna.DZ\/","article_modified_time":"2020-03-29T12:57:42+00:00","og_image":[{"width":500,"height":500,"url":"https:\/\/eurlhosnakamel.dz\/dz\/wp-content\/uploads\/2020\/03\/Perceuse-visseuse-sans-fil-GSR-12V-15-Professional.jpg","type":"image\/jpeg"}],"twitter_card":"summary_large_image","twitter_misc":{"Dur\u00e9e de lecture estim\u00e9e":"1 minute"},"schema":{"@context":"https:\/\/schema.org","@graph":[{"@type":"WebPage","@id":"https:\/\/eurlhosnakamel.dz\/dz\/produit\/perceuse-visseuse-sans-fil-gsr-12v-15-professional\/","url":"https:\/\/eurlhosnakamel.dz\/dz\/produit\/perceuse-visseuse-sans-fil-gsr-12v-15-professional\/","name":"Perceuse-visseuse sans fil GSR 12V-15 Professional - EURL HOSNA KAMEL","isPartOf":{"@id":"https:\/\/eurlhosnakamel.dz\/dz\/#website"},"primaryImageOfPage":{"@id":"https:\/\/eurlhosnakamel.dz\/dz\/produit\/perceuse-visseuse-sans-fil-gsr-12v-15-professional\/#primaryimage"},"image":{"@id":"https:\/\/eurlhosnakamel.dz\/dz\/produit\/perceuse-visseuse-sans-fil-gsr-12v-15-professional\/#primaryimage"},"thumbnailUrl":"https:\/\/eurlhosnakamel.dz\/dz\/wp-content\/uploads\/2020\/03\/Perceuse-visseuse-sans-fil-GSR-12V-15-Professional.jpg","datePublished":"2020-03-21T16:33:38+00:00","dateModified":"2020-03-29T12:57:42+00:00","description":"Perceuse-visseuse sans fil GSR 12V-15 Professional - EURL HOSNA KAMEL","breadcrumb":{"@id":"https:\/\/eurlhosnakamel.dz\/dz\/produit\/perceuse-visseuse-sans-fil-gsr-12v-15-professional\/#breadcrumb"},"inLanguage":"fr-FR","potentialAction":[{"@type":"ReadAction","target":["https:\/\/eurlhosnakamel.dz\/dz\/produit\/perceuse-visseuse-sans-fil-gsr-12v-15-professional\/"]}]},{"@type":"ImageObject","inLanguage":"fr-FR","@id":"https:\/\/eurlhosnakamel.dz\/dz\/produit\/perceuse-visseuse-sans-fil-gsr-12v-15-professional\/#primaryimage","url":"https:\/\/eurlhosnakamel.dz\/dz\/wp-content\/uploads\/2020\/03\/Perceuse-visseuse-sans-fil-GSR-12V-15-Professional.jpg","contentUrl":"https:\/\/eurlhosnakamel.dz\/dz\/wp-content\/uploads\/2020\/03\/Perceuse-visseuse-sans-fil-GSR-12V-15-Professional.jpg","width":500,"height":500},{"@type":"BreadcrumbList","@id":"https:\/\/eurlhosnakamel.dz\/dz\/produit\/perceuse-visseuse-sans-fil-gsr-12v-15-professional\/#breadcrumb","itemListElement":[{"@type":"ListItem","position":1,"name":"Accueil","item":"https:\/\/eurlhosnakamel.dz\/dz\/"},{"@type":"ListItem","position":2,"name":"Shop","item":"https:\/\/eurlhosnakamel.dz\/dz\/shop\/"},{"@type":"ListItem","position":3,"name":"Perceuse-visseuse sans fil GSR 12V-15 Professional"}]},{"@type":"WebSite","@id":"https:\/\/eurlhosnakamel.dz\/dz\/#website","url":"https:\/\/eurlhosnakamel.dz\/dz\/","name":"EURL HOSNA KAMEL","description":"Fournisseur Premium d&#039;Outillages Professionnels en Alg\u00e9rie -","publisher":{"@id":"https:\/\/eurlhosnakamel.dz\/dz\/#organization"},"potentialAction":[{"@type":"SearchAction","target":{"@type":"EntryPoint","urlTemplate":"https:\/\/eurlhosnakamel.dz\/dz\/?s={search_term_string}"},"query-input":"required name=search_term_string"}],"inLanguage":"fr-FR"},{"@type":"Organization","@id":"https:\/\/eurlhosnakamel.dz\/dz\/#organization","name":"EURL HOSNA KAMEL - Bosch alg\u00e9rie","url":"https:\/\/eurlhosnakamel.dz\/dz\/","logo":{"@type":"ImageObject","inLanguage":"fr-FR","@id":"https:\/\/eurlhosnakamel.dz\/dz\/#\/schema\/logo\/image\/","url":"https:\/\/eurlhosnakamel.dz\/wp-content\/uploads\/2020\/04\/LOGO-HOSNA1.png","contentUrl":"https:\/\/eurlhosnakamel.dz\/wp-content\/uploads\/2020\/04\/LOGO-HOSNA1.png","width":120,"height":127,"caption":"EURL HOSNA KAMEL - Bosch alg\u00e9rie"},"image":{"@id":"https:\/\/eurlhosnakamel.dz\/dz\/#\/schema\/logo\/image\/"},"sameAs":["https:\/\/www.facebook.com\/Eurl.Hosna.DZ\/"]}]}},"_links":{"self":[{"href":"https:\/\/eurlhosnakamel.dz\/dz\/wp-json\/wp\/v2\/product\/2969","targetHints":{"allow":["GET"]}}],"collection":[{"href":"https:\/\/eurlhosnakamel.dz\/dz\/wp-json\/wp\/v2\/product"}],"about":[{"href":"https:\/\/eurlhosnakamel.dz\/dz\/wp-json\/wp\/v2\/types\/product"}],"wp:featuredmedia":[{"embeddable":true,"href":"https:\/\/eurlhosnakamel.dz\/dz\/wp-json\/wp\/v2\/media\/3343"}],"wp:attachment":[{"href":"https:\/\/eurlhosnakamel.dz\/dz\/wp-json\/wp\/v2\/media?parent=2969"}],"wp:term":[{"taxonomy":"product_cat","embeddable":true,"href":"https:\/\/eurlhosnakamel.dz\/dz\/wp-json\/wp\/v2\/product_cat?post=2969"},{"taxonomy":"product_tag","embeddable":true,"href":"https:\/\/eurlhosnakamel.dz\/dz\/wp-json\/wp\/v2\/product_tag?post=2969"}],"curies":[{"name":"wp","href":"https:\/\/api.w.org\/{rel}","templated":true}]}}