{"id":3381,"date":"2020-03-30T14:04:07","date_gmt":"2020-03-30T14:04:07","guid":{"rendered":"https:\/\/lhchosting.com\/hosna\/?post_type=product&#038;p=3381"},"modified":"2020-03-30T14:05:20","modified_gmt":"2020-03-30T14:05:20","slug":"generateurs-cv-powertec-425s","status":"publish","type":"product","link":"https:\/\/eurlhosnakamel.dz\/dz\/produit\/generateurs-cv-powertec-425s\/","title":{"rendered":"G\u00e9n\u00e9rateurs CV POWERTEC\u00ae 425S"},"content":{"rendered":"<p><strong>Puissance, flexibilit\u00e9, technique<\/strong><\/p>\n<p>Fonctionnant gr\u00e2ce \u00e0 une alimentation triphas\u00e9, le POWERTEC\u00ae 425S est un g\u00e9n\u00e9rateur de courant de soudage continu \u00e0 tension constante d\u00e9veloppant 420 amp\u00e8res @ 40% de facteur de marche. Que ce soit avec les d\u00e9vidoirs LF-22, LF-24M ou LF-24MPRO, le g\u00e9n\u00e9rateur POWERTEC\u00ae 425S est id\u00e9al pour le soudage MIG\/MAG semi-automatique pour des application lourdes sur acier, inox et Aluminium ainsi que l&#8217;utilisation de fil fourr\u00e9 sous gaz.<\/p>\n<ul>\n<li><strong>Produit d\u00e9velopp\u00e9<\/strong>\u00a0pour s&#8217;adapter \u00e0 tous les usages.<\/li>\n<li><strong>Caract\u00e9ristiques d&#8217;arc exceptionnelles\u00a0<\/strong>avec un m\u00e9lange gazeux Argon\/CO2 ou avec 100% CO2.<\/li>\n<li><\/li>\n<li>Nombreuses positions pour un\u00a0<strong>r\u00e9glage pr\u00e9cis de la tension.<\/strong><\/li>\n<li><strong>Deux self de r\u00e9glage<\/strong>\u00a0pour un meilleur comportement de l&#8217;arc .<\/li>\n<li>Fabriqu\u00e9s conform\u00e9ment aux normes de s\u00e9curit\u00e9 et de fiabilit\u00e9<strong>\u00a0IEC974-1 et CE.<\/strong><\/li>\n<\/ul>\n<table class=\"equipTB\">\n<tbody>\n<tr id=\"ctl00_cph_SingleCol_cph_MainContent_productdetail_ctl00_ctl00_rowInputPower\" class=\"borderBottom\">\n<td class=\"topRow\" nowrap=\"nowrap\"><span id=\"ctl00_cph_SingleCol_cph_MainContent_productdetail_ctl00_ctl00_lblInputPower\">ALIMENTATION<\/span><\/td>\n<td>\n<ul>\n<li>230\/400V\/3\/50-60<\/li>\n<\/ul>\n<\/td>\n<\/tr>\n<tr id=\"ctl00_cph_SingleCol_cph_MainContent_productdetail_ctl00_ctl00_rowRatedOutput\" class=\"borderBottom\">\n<td class=\"topRow\" nowrap=\"nowrap\"><span id=\"ctl00_cph_SingleCol_cph_MainContent_productdetail_ctl00_ctl00_lblRatedOutput\">SORTIE NOMINALE<\/span><\/td>\n<td class=\"noListStyle\">\n<ul>\n<li>420A\/35V@40%<\/li>\n<li>345A\/31.5V@60%<\/li>\n<\/ul>\n<\/td>\n<\/tr>\n<tr id=\"ctl00_cph_SingleCol_cph_MainContent_productdetail_ctl00_ctl00_rowInputCurrent\" class=\"borderBottom\">\n<td class=\"topRow\" nowrap=\"nowrap\"><span id=\"ctl00_cph_SingleCol_cph_MainContent_productdetail_ctl00_ctl00_lblInputCurrent\">COURANT D&#8217;ENTR\u00c9E<\/span><\/td>\n<td>\n<ul>\n<li>50\/32 A<\/li>\n<\/ul>\n<\/td>\n<\/tr>\n<tr id=\"ctl00_cph_SingleCol_cph_MainContent_productdetail_ctl00_ctl00_rowOutputRange\" class=\"borderBottom\">\n<td class=\"topRow\" nowrap=\"nowrap\"><span id=\"ctl00_cph_SingleCol_cph_MainContent_productdetail_ctl00_ctl00_lblOutputRange\">GAMME DE COURANT<\/span><\/td>\n<td>\n<ul>\n<li>30-420A<\/li>\n<\/ul>\n<\/td>\n<\/tr>\n<tr id=\"ctl00_cph_SingleCol_cph_MainContent_productdetail_ctl00_ctl00_rowDimensions\" class=\"borderBottom\">\n<td class=\"topRow\" nowrap=\"nowrap\"><span id=\"ctl00_cph_SingleCol_cph_MainContent_productdetail_ctl00_ctl00_lblDimensions\">DIMENSIONS (H X L X P) MM<\/span><\/td>\n<td>875 mm x 700 mm x 1035 mm<\/td>\n<\/tr>\n<tr id=\"ctl00_cph_SingleCol_cph_MainContent_productdetail_ctl00_ctl00_rowNetWeight\" class=\"borderBottom\">\n<td class=\"topRow\" nowrap=\"nowrap\"><span id=\"ctl00_cph_SingleCol_cph_MainContent_productdetail_ctl00_ctl00_lblNetWeight\">POIDS NET<\/span><\/td>\n<td>151 kg<\/td>\n<\/tr>\n<\/tbody>\n<\/table>\n<p>&nbsp;<\/p>\n<p><em><strong>Inclus<\/strong><\/em>:<\/p>\n<ul>\n<li>Chariot<\/li>\n<li>C\u00e2ble d&#8217;alimentation (5m),<\/li>\n<li>Ensemble pince et c\u00e2ble de masse<\/li>\n<\/ul>\n<p><em><strong>Accessoires :\u00a0<\/strong><\/em><\/p>\n<div class=\"catTopRow\"><\/div>\n<div class=\"catRepeater\">\n<div class=\"catColumn width300\"><img fetchpriority=\"high\" decoding=\"async\" class=\"alignnone wp-image-3385 size-full\" src=\"https:\/\/lhchosting.com\/hosna\/wp-content\/uploads\/2020\/03\/G\u00e9n\u00e9rateurs-algerie-.jpeg\" alt=\"\" width=\"553\" height=\"193\" srcset=\"https:\/\/eurlhosnakamel.dz\/dz\/wp-content\/uploads\/2020\/03\/G\u00e9n\u00e9rateurs-algerie-.jpeg 553w, https:\/\/eurlhosnakamel.dz\/dz\/wp-content\/uploads\/2020\/03\/G\u00e9n\u00e9rateurs-algerie--500x175.jpeg 500w, https:\/\/eurlhosnakamel.dz\/dz\/wp-content\/uploads\/2020\/03\/G\u00e9n\u00e9rateurs-algerie--300x105.jpeg 300w, https:\/\/eurlhosnakamel.dz\/dz\/wp-content\/uploads\/2020\/03\/G\u00e9n\u00e9rateurs-algerie--370x129.jpeg 370w\" sizes=\"(max-width: 553px) 100vw, 553px\" \/><\/div>\n<\/div>\n","protected":false},"excerpt":{"rendered":"<div class=\"modelSub clearfix\">\n<p><span id=\"ctl00_cph_SingleCol_cph_MainContent_productdetail_ctl00_ctlInfo_lblProductNumber\">K14062-1A<\/span><\/p>\n<\/div>\n<div class=\"productInfo\">\n<div id=\"features\">\n<p><span id=\"ctl00_cph_SingleCol_cph_MainContent_productdetail_ctl00_ctlInfo_lblTopFeaturesLabel\">Caract\u00e9ristiques Principales<\/span><\/p>\n<ul>\n<li>Produit sp\u00e9cialement d\u00e9velopp\u00e9 pour s&#8217;adapter \u00e0 toutes les applications.<\/li>\n<li>Caract\u00e9ristiques d\u2019arc exceptionnelles avec un m\u00e9lange gazeux Argon\/CO2 ou avec 100% de C02.<\/li>\n<li>S\u00e9lecteur de tension multipositions pour des r\u00e9glages plus pr\u00e9cis<\/li>\n<li>Equip\u00e9 de deux selfs pour d&#8217;excellentes performances d&#8217;arc.<\/li>\n<li>Syst\u00e8me de ventilation \u00e0 la demande (F.A.N.\u2122).<\/li>\n<\/ul>\n<p><span id=\"ctl00_cph_SingleCol_cph_MainContent_productdetail_ctl00_ctlInfo_lblInputPowerLabel\">Alimentation<\/span><\/p>\n<ul>\n<li>230\/400V\/3\/50-60<\/li>\n<\/ul>\n<p><span id=\"ctl00_cph_SingleCol_cph_MainContent_productdetail_ctl00_ctlInfo_lblProcessesLabel\">Proc\u00e9d\u00e9s<\/span><\/p>\n<p>MIG\/MAG, Fil Fourr\u00e9<\/p>\n<\/div>\n<\/div>\n<div id=\"modelDetails\">\n<div id=\"ctl00_cph_SingleCol_cph_MainContent_productdetail_ctl00_ctlInfo_pnlIcons\" class=\"outInput\">\n<div class=\"outInText\">\n<div id=\"ctl00_cph_SingleCol_cph_MainContent_productdetail_ctl00_ctlInfo_pnlOutputIcons\" class=\"outText\">\n<p>Sortie<\/p>\n<\/div>\n<div id=\"ctl00_cph_SingleCol_cph_MainContent_productdetail_ctl00_ctlInfo_pnlInputIcons\" class=\"outText\">\n<p>Entr\u00e9e<\/p>\n<\/div>\n<\/div>\n<div class=\"outInImages\">\n<div class=\"outImage\"><img decoding=\"async\" id=\"ctl00_cph_SingleCol_cph_MainContent_productdetail_ctl00_ctlInfo_imgInputMode\" src=\"https:\/\/www.lincolnelectric.com\/en-us\/Libraries\/IconImages\/cv.gif\" alt=\"Input Mode\" \/><img decoding=\"async\" id=\"ctl00_cph_SingleCol_cph_MainContent_productdetail_ctl00_ctlInfo_imgInputPolarity\" src=\"https:\/\/www.lincolnelectric.com\/en-us\/Libraries\/IconImages\/dc.gif\" alt=\"Input Polarity\" \/><\/div>\n<div class=\"outImage\"><img decoding=\"async\" id=\"ctl00_cph_SingleCol_cph_MainContent_productdetail_ctl00_ctlInfo_imgInputHertz\" src=\"https:\/\/www.lincolnelectric.com\/en-us\/Libraries\/IconImages\/5060hz.gif\" alt=\"Input Hertz\" \/><img decoding=\"async\" id=\"ctl00_cph_SingleCol_cph_MainContent_productdetail_ctl00_ctlInfo_imgInputPhase\" src=\"https:\/\/www.lincolnelectric.com\/en-us\/Libraries\/IconImages\/3phase.gif\" alt=\"Input Phase\" \/><\/div>\n<\/div>\n<\/div>\n<\/div>\n","protected":false},"featured_media":3383,"template":"","meta":[],"product_cat":[409],"product_tag":[],"class_list":{"0":"post-3381","1":"product","2":"type-product","3":"status-publish","4":"has-post-thumbnail","6":"product_cat-soudage","8":"first","9":"instock","10":"shipping-taxable","11":"product-type-simple","12":"col-xs-6 col-sm-4","13":"col-md-3 col-lg-3","14":"un-4-cols"},"yoast_head":"<!-- This site is optimized with the Yoast SEO plugin v22.5 - https:\/\/yoast.com\/wordpress\/plugins\/seo\/ -->\n<title>G\u00e9n\u00e9rateurs CV POWERTEC\u00ae 425S - EURL HOSNA KAMEL<\/title>\n<meta name=\"description\" content=\"G\u00e9n\u00e9rateurs CV POWERTEC\u00ae 425S - EURL HOSNA KAMEL\" \/>\n<meta name=\"robots\" content=\"index, follow, max-snippet:-1, max-image-preview:large, max-video-preview:-1\" \/>\n<link rel=\"canonical\" href=\"https:\/\/eurlhosnakamel.dz\/dz\/produit\/generateurs-cv-powertec-425s\/\" \/>\n<meta property=\"og:locale\" content=\"fr_FR\" \/>\n<meta property=\"og:type\" content=\"article\" \/>\n<meta property=\"og:title\" content=\"G\u00e9n\u00e9rateurs CV POWERTEC\u00ae 425S - EURL HOSNA KAMEL\" \/>\n<meta property=\"og:description\" content=\"G\u00e9n\u00e9rateurs CV POWERTEC\u00ae 425S - EURL HOSNA KAMEL\" \/>\n<meta property=\"og:url\" content=\"https:\/\/eurlhosnakamel.dz\/dz\/produit\/generateurs-cv-powertec-425s\/\" \/>\n<meta property=\"og:site_name\" content=\"EURL HOSNA KAMEL\" \/>\n<meta property=\"article:publisher\" content=\"https:\/\/www.facebook.com\/Eurl.Hosna.DZ\/\" \/>\n<meta property=\"article:modified_time\" content=\"2020-03-30T14:05:20+00:00\" \/>\n<meta property=\"og:image\" content=\"https:\/\/eurlhosnakamel.dz\/dz\/wp-content\/uploads\/2020\/03\/G\u00e9n\u00e9rateurs-algerie.jpeg\" \/>\n\t<meta property=\"og:image:width\" content=\"500\" \/>\n\t<meta property=\"og:image:height\" content=\"500\" \/>\n\t<meta property=\"og:image:type\" content=\"image\/jpeg\" \/>\n<meta name=\"twitter:card\" content=\"summary_large_image\" \/>\n<meta name=\"twitter:label1\" content=\"Dur\u00e9e de lecture estim\u00e9e\" \/>\n\t<meta name=\"twitter:data1\" content=\"1 minute\" \/>\n<script type=\"application\/ld+json\" class=\"yoast-schema-graph\">{\"@context\":\"https:\/\/schema.org\",\"@graph\":[{\"@type\":\"WebPage\",\"@id\":\"https:\/\/eurlhosnakamel.dz\/dz\/produit\/generateurs-cv-powertec-425s\/\",\"url\":\"https:\/\/eurlhosnakamel.dz\/dz\/produit\/generateurs-cv-powertec-425s\/\",\"name\":\"G\u00e9n\u00e9rateurs CV POWERTEC\u00ae 425S - EURL HOSNA KAMEL\",\"isPartOf\":{\"@id\":\"https:\/\/eurlhosnakamel.dz\/dz\/#website\"},\"primaryImageOfPage\":{\"@id\":\"https:\/\/eurlhosnakamel.dz\/dz\/produit\/generateurs-cv-powertec-425s\/#primaryimage\"},\"image\":{\"@id\":\"https:\/\/eurlhosnakamel.dz\/dz\/produit\/generateurs-cv-powertec-425s\/#primaryimage\"},\"thumbnailUrl\":\"https:\/\/eurlhosnakamel.dz\/dz\/wp-content\/uploads\/2020\/03\/G\u00e9n\u00e9rateurs-algerie.jpeg\",\"datePublished\":\"2020-03-30T14:04:07+00:00\",\"dateModified\":\"2020-03-30T14:05:20+00:00\",\"description\":\"G\u00e9n\u00e9rateurs CV POWERTEC\u00ae 425S - EURL HOSNA KAMEL\",\"breadcrumb\":{\"@id\":\"https:\/\/eurlhosnakamel.dz\/dz\/produit\/generateurs-cv-powertec-425s\/#breadcrumb\"},\"inLanguage\":\"fr-FR\",\"potentialAction\":[{\"@type\":\"ReadAction\",\"target\":[\"https:\/\/eurlhosnakamel.dz\/dz\/produit\/generateurs-cv-powertec-425s\/\"]}]},{\"@type\":\"ImageObject\",\"inLanguage\":\"fr-FR\",\"@id\":\"https:\/\/eurlhosnakamel.dz\/dz\/produit\/generateurs-cv-powertec-425s\/#primaryimage\",\"url\":\"https:\/\/eurlhosnakamel.dz\/dz\/wp-content\/uploads\/2020\/03\/G\u00e9n\u00e9rateurs-algerie.jpeg\",\"contentUrl\":\"https:\/\/eurlhosnakamel.dz\/dz\/wp-content\/uploads\/2020\/03\/G\u00e9n\u00e9rateurs-algerie.jpeg\",\"width\":500,\"height\":500,\"caption\":\"G\u00e9n\u00e9rateurs CV POWERTEC\u00ae 425S algerie\"},{\"@type\":\"BreadcrumbList\",\"@id\":\"https:\/\/eurlhosnakamel.dz\/dz\/produit\/generateurs-cv-powertec-425s\/#breadcrumb\",\"itemListElement\":[{\"@type\":\"ListItem\",\"position\":1,\"name\":\"Accueil\",\"item\":\"https:\/\/eurlhosnakamel.dz\/dz\/\"},{\"@type\":\"ListItem\",\"position\":2,\"name\":\"Shop\",\"item\":\"https:\/\/eurlhosnakamel.dz\/dz\/shop\/\"},{\"@type\":\"ListItem\",\"position\":3,\"name\":\"G\u00e9n\u00e9rateurs CV POWERTEC\u00ae 425S\"}]},{\"@type\":\"WebSite\",\"@id\":\"https:\/\/eurlhosnakamel.dz\/dz\/#website\",\"url\":\"https:\/\/eurlhosnakamel.dz\/dz\/\",\"name\":\"EURL HOSNA KAMEL\",\"description\":\"Fournisseur Premium d&#039;Outillages Professionnels en Alg\u00e9rie -\",\"publisher\":{\"@id\":\"https:\/\/eurlhosnakamel.dz\/dz\/#organization\"},\"potentialAction\":[{\"@type\":\"SearchAction\",\"target\":{\"@type\":\"EntryPoint\",\"urlTemplate\":\"https:\/\/eurlhosnakamel.dz\/dz\/?s={search_term_string}\"},\"query-input\":\"required name=search_term_string\"}],\"inLanguage\":\"fr-FR\"},{\"@type\":\"Organization\",\"@id\":\"https:\/\/eurlhosnakamel.dz\/dz\/#organization\",\"name\":\"EURL HOSNA KAMEL - Bosch alg\u00e9rie\",\"url\":\"https:\/\/eurlhosnakamel.dz\/dz\/\",\"logo\":{\"@type\":\"ImageObject\",\"inLanguage\":\"fr-FR\",\"@id\":\"https:\/\/eurlhosnakamel.dz\/dz\/#\/schema\/logo\/image\/\",\"url\":\"https:\/\/eurlhosnakamel.dz\/wp-content\/uploads\/2020\/04\/LOGO-HOSNA1.png\",\"contentUrl\":\"https:\/\/eurlhosnakamel.dz\/wp-content\/uploads\/2020\/04\/LOGO-HOSNA1.png\",\"width\":120,\"height\":127,\"caption\":\"EURL HOSNA KAMEL - Bosch alg\u00e9rie\"},\"image\":{\"@id\":\"https:\/\/eurlhosnakamel.dz\/dz\/#\/schema\/logo\/image\/\"},\"sameAs\":[\"https:\/\/www.facebook.com\/Eurl.Hosna.DZ\/\"]}]}<\/script>\n<!-- \/ Yoast SEO plugin. -->","yoast_head_json":{"title":"G\u00e9n\u00e9rateurs CV POWERTEC\u00ae 425S - EURL HOSNA KAMEL","description":"G\u00e9n\u00e9rateurs CV POWERTEC\u00ae 425S - EURL HOSNA KAMEL","robots":{"index":"index","follow":"follow","max-snippet":"max-snippet:-1","max-image-preview":"max-image-preview:large","max-video-preview":"max-video-preview:-1"},"canonical":"https:\/\/eurlhosnakamel.dz\/dz\/produit\/generateurs-cv-powertec-425s\/","og_locale":"fr_FR","og_type":"article","og_title":"G\u00e9n\u00e9rateurs CV POWERTEC\u00ae 425S - EURL HOSNA KAMEL","og_description":"G\u00e9n\u00e9rateurs CV POWERTEC\u00ae 425S - EURL HOSNA KAMEL","og_url":"https:\/\/eurlhosnakamel.dz\/dz\/produit\/generateurs-cv-powertec-425s\/","og_site_name":"EURL HOSNA KAMEL","article_publisher":"https:\/\/www.facebook.com\/Eurl.Hosna.DZ\/","article_modified_time":"2020-03-30T14:05:20+00:00","og_image":[{"width":500,"height":500,"url":"https:\/\/eurlhosnakamel.dz\/dz\/wp-content\/uploads\/2020\/03\/G\u00e9n\u00e9rateurs-algerie.jpeg","type":"image\/jpeg"}],"twitter_card":"summary_large_image","twitter_misc":{"Dur\u00e9e de lecture estim\u00e9e":"1 minute"},"schema":{"@context":"https:\/\/schema.org","@graph":[{"@type":"WebPage","@id":"https:\/\/eurlhosnakamel.dz\/dz\/produit\/generateurs-cv-powertec-425s\/","url":"https:\/\/eurlhosnakamel.dz\/dz\/produit\/generateurs-cv-powertec-425s\/","name":"G\u00e9n\u00e9rateurs CV POWERTEC\u00ae 425S - EURL HOSNA KAMEL","isPartOf":{"@id":"https:\/\/eurlhosnakamel.dz\/dz\/#website"},"primaryImageOfPage":{"@id":"https:\/\/eurlhosnakamel.dz\/dz\/produit\/generateurs-cv-powertec-425s\/#primaryimage"},"image":{"@id":"https:\/\/eurlhosnakamel.dz\/dz\/produit\/generateurs-cv-powertec-425s\/#primaryimage"},"thumbnailUrl":"https:\/\/eurlhosnakamel.dz\/dz\/wp-content\/uploads\/2020\/03\/G\u00e9n\u00e9rateurs-algerie.jpeg","datePublished":"2020-03-30T14:04:07+00:00","dateModified":"2020-03-30T14:05:20+00:00","description":"G\u00e9n\u00e9rateurs CV POWERTEC\u00ae 425S - EURL HOSNA KAMEL","breadcrumb":{"@id":"https:\/\/eurlhosnakamel.dz\/dz\/produit\/generateurs-cv-powertec-425s\/#breadcrumb"},"inLanguage":"fr-FR","potentialAction":[{"@type":"ReadAction","target":["https:\/\/eurlhosnakamel.dz\/dz\/produit\/generateurs-cv-powertec-425s\/"]}]},{"@type":"ImageObject","inLanguage":"fr-FR","@id":"https:\/\/eurlhosnakamel.dz\/dz\/produit\/generateurs-cv-powertec-425s\/#primaryimage","url":"https:\/\/eurlhosnakamel.dz\/dz\/wp-content\/uploads\/2020\/03\/G\u00e9n\u00e9rateurs-algerie.jpeg","contentUrl":"https:\/\/eurlhosnakamel.dz\/dz\/wp-content\/uploads\/2020\/03\/G\u00e9n\u00e9rateurs-algerie.jpeg","width":500,"height":500,"caption":"G\u00e9n\u00e9rateurs CV POWERTEC\u00ae 425S algerie"},{"@type":"BreadcrumbList","@id":"https:\/\/eurlhosnakamel.dz\/dz\/produit\/generateurs-cv-powertec-425s\/#breadcrumb","itemListElement":[{"@type":"ListItem","position":1,"name":"Accueil","item":"https:\/\/eurlhosnakamel.dz\/dz\/"},{"@type":"ListItem","position":2,"name":"Shop","item":"https:\/\/eurlhosnakamel.dz\/dz\/shop\/"},{"@type":"ListItem","position":3,"name":"G\u00e9n\u00e9rateurs CV POWERTEC\u00ae 425S"}]},{"@type":"WebSite","@id":"https:\/\/eurlhosnakamel.dz\/dz\/#website","url":"https:\/\/eurlhosnakamel.dz\/dz\/","name":"EURL HOSNA KAMEL","description":"Fournisseur Premium d&#039;Outillages Professionnels en Alg\u00e9rie -","publisher":{"@id":"https:\/\/eurlhosnakamel.dz\/dz\/#organization"},"potentialAction":[{"@type":"SearchAction","target":{"@type":"EntryPoint","urlTemplate":"https:\/\/eurlhosnakamel.dz\/dz\/?s={search_term_string}"},"query-input":"required name=search_term_string"}],"inLanguage":"fr-FR"},{"@type":"Organization","@id":"https:\/\/eurlhosnakamel.dz\/dz\/#organization","name":"EURL HOSNA KAMEL - Bosch alg\u00e9rie","url":"https:\/\/eurlhosnakamel.dz\/dz\/","logo":{"@type":"ImageObject","inLanguage":"fr-FR","@id":"https:\/\/eurlhosnakamel.dz\/dz\/#\/schema\/logo\/image\/","url":"https:\/\/eurlhosnakamel.dz\/wp-content\/uploads\/2020\/04\/LOGO-HOSNA1.png","contentUrl":"https:\/\/eurlhosnakamel.dz\/wp-content\/uploads\/2020\/04\/LOGO-HOSNA1.png","width":120,"height":127,"caption":"EURL HOSNA KAMEL - Bosch alg\u00e9rie"},"image":{"@id":"https:\/\/eurlhosnakamel.dz\/dz\/#\/schema\/logo\/image\/"},"sameAs":["https:\/\/www.facebook.com\/Eurl.Hosna.DZ\/"]}]}},"_links":{"self":[{"href":"https:\/\/eurlhosnakamel.dz\/dz\/wp-json\/wp\/v2\/product\/3381","targetHints":{"allow":["GET"]}}],"collection":[{"href":"https:\/\/eurlhosnakamel.dz\/dz\/wp-json\/wp\/v2\/product"}],"about":[{"href":"https:\/\/eurlhosnakamel.dz\/dz\/wp-json\/wp\/v2\/types\/product"}],"wp:featuredmedia":[{"embeddable":true,"href":"https:\/\/eurlhosnakamel.dz\/dz\/wp-json\/wp\/v2\/media\/3383"}],"wp:attachment":[{"href":"https:\/\/eurlhosnakamel.dz\/dz\/wp-json\/wp\/v2\/media?parent=3381"}],"wp:term":[{"taxonomy":"product_cat","embeddable":true,"href":"https:\/\/eurlhosnakamel.dz\/dz\/wp-json\/wp\/v2\/product_cat?post=3381"},{"taxonomy":"product_tag","embeddable":true,"href":"https:\/\/eurlhosnakamel.dz\/dz\/wp-json\/wp\/v2\/product_tag?post=3381"}],"curies":[{"name":"wp","href":"https:\/\/api.w.org\/{rel}","templated":true}]}}