{"id":4417,"date":"2020-04-12T10:08:29","date_gmt":"2020-04-12T10:08:29","guid":{"rendered":"https:\/\/lhchosting.com\/hosna\/?post_type=product&#038;p=4417"},"modified":"2020-04-12T10:24:27","modified_gmt":"2020-04-12T10:24:27","slug":"casque-de-securite-kem-kem","status":"publish","type":"product","link":"https:\/\/eurlhosnakamel.dz\/dz\/produit\/casque-de-securite-kem-kem\/","title":{"rendered":"CASQUE DE S\u00c9CURIT\u00c9 &#8211; KEM KEM"},"content":{"rendered":"<p><strong>Principales caract\u00e9ristiques :<\/strong><\/p>\n<ul>\n<li>Con\u00e7u pour une utilisation en industrie o\u00f9 il y&#8217;a un risque de niveau \u00e9lev\u00e9 de chaleur rayonnante.<\/li>\n<li>Tr\u00e8s r\u00e9sistant aux impacts, fissures, d\u00e9formations thermiques et U.V.<\/li>\n<li>Confortable, l\u00e9ger et bien ventil\u00e9, il convient \u00e0 un usage prolong\u00e9.<\/li>\n<li>Garantie le respect de l&#8217;environnement avec des mat\u00e9riaux recyclables.<\/li>\n<li>8X plus r\u00e9sistant qu&#8217;un casque en HDPE et plus l\u00e9ger.<\/li>\n<li>Une plus grande r\u00e9sistance aux chocs et fissures transversales avec des nervures plus fiabes et durables.<\/li>\n<li>Plus robuste pour r\u00e9sister \u00e0 des conditions extr\u00eames.<\/li>\n<li>Aspect esth\u00e9tique avec finitions lisses &#8211; r\u00e9sine de couleur unie, moul\u00e9e par injection pour une meilleur r\u00e9sistance.<\/li>\n<\/ul>\n<h4 style=\"margin-top: 0cm; background: #FAFAFA;\"><span style=\"font-size: 13.5pt; line-height: 107%; font-family: 'brandon',serif; color: black;\">Sp\u00e9cifications :<br \/>\n<\/span><\/h4>\n<p>Couleurs : Blanc, jaune, bleu, vert, rouge, bleu fonc\u00e9<br \/>\nPeak : 47 mm<br \/>\nTaille : 53 cm &#8211; 60 cm<br \/>\nAccessoires : Compatible avec certains accessoires pour le visage<br \/>\nPoids : 350 grammes approx.<\/p>\n<h4 style=\"margin-top: 0cm; background: #FAFAFA;\"><span style=\"font-size: 13.5pt; line-height: 107%; font-family: 'brandon',serif; color: black;\">Mati\u00e8re :<\/span><\/h4>\n<p>Coque : HDPE (Poly\u00e9tyl\u00e8ne Haute Densit\u00e9)<br \/>\nSocle : 4 points de suspension Textile<br \/>\nSerre T\u00eate : Plastique<br \/>\nBandeau anti-sueur : Bande de tissu boss\u00e9 absorbant la sueur<\/p>\n<p><img decoding=\"async\" class=\"alignnone size-full wp-image-4407\" src=\"https:\/\/lhchosting.com\/hosna\/wp-content\/uploads\/2020\/04\/CE.jpg\" alt=\"\" width=\"100\" height=\"97\" \/><\/p>\n","protected":false},"excerpt":{"rendered":"<p><strong>Mat\u00e9riel :<br \/>\nExclusivement compos\u00e9 de fibre de verre moul\u00e9 par injection.<br \/>\nStandard :<br \/>\nIS : 2925:1984 Marqu\u00e9 ISI.<br \/>\n<\/strong><\/p>\n","protected":false},"featured_media":4419,"template":"","meta":[],"product_cat":[557,617],"product_tag":[685],"class_list":{"0":"post-4417","1":"product","2":"type-product","3":"status-publish","4":"has-post-thumbnail","6":"product_cat-epi","7":"product_cat-protection-de-la-tete","8":"product_tag-casque-de-securite-kem-kem","9":"product_brand-a3-safe","11":"first","12":"instock","13":"shipping-taxable","14":"product-type-simple","15":"col-xs-6 col-sm-4","16":"col-md-3 col-lg-3","17":"un-4-cols"},"yoast_head":"<!-- This site is optimized with the Yoast SEO plugin v22.5 - https:\/\/yoast.com\/wordpress\/plugins\/seo\/ -->\n<title>CASQUE DE S\u00c9CURIT\u00c9 - KEM KEM - EURL HOSNA KAMEL<\/title>\n<meta name=\"description\" content=\"CASQUE DE S\u00c9CURIT\u00c9 - KEM KEM - EURL HOSNA KAMEL\" \/>\n<meta name=\"robots\" content=\"index, follow, max-snippet:-1, max-image-preview:large, max-video-preview:-1\" \/>\n<link rel=\"canonical\" href=\"https:\/\/eurlhosnakamel.dz\/dz\/produit\/casque-de-securite-kem-kem\/\" \/>\n<meta property=\"og:locale\" content=\"fr_FR\" \/>\n<meta property=\"og:type\" content=\"article\" \/>\n<meta property=\"og:title\" content=\"CASQUE DE S\u00c9CURIT\u00c9 - KEM KEM - EURL HOSNA KAMEL\" \/>\n<meta property=\"og:description\" content=\"CASQUE DE S\u00c9CURIT\u00c9 - KEM KEM - EURL HOSNA KAMEL\" \/>\n<meta property=\"og:url\" content=\"https:\/\/eurlhosnakamel.dz\/dz\/produit\/casque-de-securite-kem-kem\/\" \/>\n<meta property=\"og:site_name\" content=\"EURL HOSNA KAMEL\" \/>\n<meta property=\"article:publisher\" content=\"https:\/\/www.facebook.com\/Eurl.Hosna.DZ\/\" \/>\n<meta property=\"article:modified_time\" content=\"2020-04-12T10:24:27+00:00\" \/>\n<meta property=\"og:image\" content=\"https:\/\/eurlhosnakamel.dz\/dz\/wp-content\/uploads\/2020\/04\/casque-de-s\u00e9curit\u00e9-kem-kem-eurl-hosna-kamel.jpg\" \/>\n\t<meta property=\"og:image:width\" content=\"512\" \/>\n\t<meta property=\"og:image:height\" content=\"512\" \/>\n\t<meta property=\"og:image:type\" content=\"image\/jpeg\" \/>\n<meta name=\"twitter:card\" content=\"summary_large_image\" \/>\n<meta name=\"twitter:label1\" content=\"Dur\u00e9e de lecture estim\u00e9e\" \/>\n\t<meta name=\"twitter:data1\" content=\"1 minute\" \/>\n<script type=\"application\/ld+json\" class=\"yoast-schema-graph\">{\"@context\":\"https:\/\/schema.org\",\"@graph\":[{\"@type\":\"WebPage\",\"@id\":\"https:\/\/eurlhosnakamel.dz\/dz\/produit\/casque-de-securite-kem-kem\/\",\"url\":\"https:\/\/eurlhosnakamel.dz\/dz\/produit\/casque-de-securite-kem-kem\/\",\"name\":\"CASQUE DE S\u00c9CURIT\u00c9 - KEM KEM - EURL HOSNA KAMEL\",\"isPartOf\":{\"@id\":\"https:\/\/eurlhosnakamel.dz\/dz\/#website\"},\"primaryImageOfPage\":{\"@id\":\"https:\/\/eurlhosnakamel.dz\/dz\/produit\/casque-de-securite-kem-kem\/#primaryimage\"},\"image\":{\"@id\":\"https:\/\/eurlhosnakamel.dz\/dz\/produit\/casque-de-securite-kem-kem\/#primaryimage\"},\"thumbnailUrl\":\"https:\/\/eurlhosnakamel.dz\/dz\/wp-content\/uploads\/2020\/04\/casque-de-s\u00e9curit\u00e9-kem-kem-eurl-hosna-kamel.jpg\",\"datePublished\":\"2020-04-12T10:08:29+00:00\",\"dateModified\":\"2020-04-12T10:24:27+00:00\",\"description\":\"CASQUE DE S\u00c9CURIT\u00c9 - KEM KEM - EURL HOSNA KAMEL\",\"breadcrumb\":{\"@id\":\"https:\/\/eurlhosnakamel.dz\/dz\/produit\/casque-de-securite-kem-kem\/#breadcrumb\"},\"inLanguage\":\"fr-FR\",\"potentialAction\":[{\"@type\":\"ReadAction\",\"target\":[\"https:\/\/eurlhosnakamel.dz\/dz\/produit\/casque-de-securite-kem-kem\/\"]}]},{\"@type\":\"ImageObject\",\"inLanguage\":\"fr-FR\",\"@id\":\"https:\/\/eurlhosnakamel.dz\/dz\/produit\/casque-de-securite-kem-kem\/#primaryimage\",\"url\":\"https:\/\/eurlhosnakamel.dz\/dz\/wp-content\/uploads\/2020\/04\/casque-de-s\u00e9curit\u00e9-kem-kem-eurl-hosna-kamel.jpg\",\"contentUrl\":\"https:\/\/eurlhosnakamel.dz\/dz\/wp-content\/uploads\/2020\/04\/casque-de-s\u00e9curit\u00e9-kem-kem-eurl-hosna-kamel.jpg\",\"width\":512,\"height\":512},{\"@type\":\"BreadcrumbList\",\"@id\":\"https:\/\/eurlhosnakamel.dz\/dz\/produit\/casque-de-securite-kem-kem\/#breadcrumb\",\"itemListElement\":[{\"@type\":\"ListItem\",\"position\":1,\"name\":\"Accueil\",\"item\":\"https:\/\/eurlhosnakamel.dz\/dz\/\"},{\"@type\":\"ListItem\",\"position\":2,\"name\":\"Shop\",\"item\":\"https:\/\/eurlhosnakamel.dz\/dz\/shop\/\"},{\"@type\":\"ListItem\",\"position\":3,\"name\":\"CASQUE DE S\u00c9CURIT\u00c9 &#8211; KEM KEM\"}]},{\"@type\":\"WebSite\",\"@id\":\"https:\/\/eurlhosnakamel.dz\/dz\/#website\",\"url\":\"https:\/\/eurlhosnakamel.dz\/dz\/\",\"name\":\"EURL HOSNA KAMEL\",\"description\":\"Fournisseur Premium d&#039;Outillages Professionnels en Alg\u00e9rie -\",\"publisher\":{\"@id\":\"https:\/\/eurlhosnakamel.dz\/dz\/#organization\"},\"potentialAction\":[{\"@type\":\"SearchAction\",\"target\":{\"@type\":\"EntryPoint\",\"urlTemplate\":\"https:\/\/eurlhosnakamel.dz\/dz\/?s={search_term_string}\"},\"query-input\":\"required name=search_term_string\"}],\"inLanguage\":\"fr-FR\"},{\"@type\":\"Organization\",\"@id\":\"https:\/\/eurlhosnakamel.dz\/dz\/#organization\",\"name\":\"EURL HOSNA KAMEL - Bosch alg\u00e9rie\",\"url\":\"https:\/\/eurlhosnakamel.dz\/dz\/\",\"logo\":{\"@type\":\"ImageObject\",\"inLanguage\":\"fr-FR\",\"@id\":\"https:\/\/eurlhosnakamel.dz\/dz\/#\/schema\/logo\/image\/\",\"url\":\"https:\/\/eurlhosnakamel.dz\/wp-content\/uploads\/2020\/04\/LOGO-HOSNA1.png\",\"contentUrl\":\"https:\/\/eurlhosnakamel.dz\/wp-content\/uploads\/2020\/04\/LOGO-HOSNA1.png\",\"width\":120,\"height\":127,\"caption\":\"EURL HOSNA KAMEL - Bosch alg\u00e9rie\"},\"image\":{\"@id\":\"https:\/\/eurlhosnakamel.dz\/dz\/#\/schema\/logo\/image\/\"},\"sameAs\":[\"https:\/\/www.facebook.com\/Eurl.Hosna.DZ\/\"]}]}<\/script>\n<!-- \/ Yoast SEO plugin. -->","yoast_head_json":{"title":"CASQUE DE S\u00c9CURIT\u00c9 - KEM KEM - EURL HOSNA KAMEL","description":"CASQUE DE S\u00c9CURIT\u00c9 - KEM KEM - EURL HOSNA KAMEL","robots":{"index":"index","follow":"follow","max-snippet":"max-snippet:-1","max-image-preview":"max-image-preview:large","max-video-preview":"max-video-preview:-1"},"canonical":"https:\/\/eurlhosnakamel.dz\/dz\/produit\/casque-de-securite-kem-kem\/","og_locale":"fr_FR","og_type":"article","og_title":"CASQUE DE S\u00c9CURIT\u00c9 - KEM KEM - EURL HOSNA KAMEL","og_description":"CASQUE DE S\u00c9CURIT\u00c9 - KEM KEM - EURL HOSNA KAMEL","og_url":"https:\/\/eurlhosnakamel.dz\/dz\/produit\/casque-de-securite-kem-kem\/","og_site_name":"EURL HOSNA KAMEL","article_publisher":"https:\/\/www.facebook.com\/Eurl.Hosna.DZ\/","article_modified_time":"2020-04-12T10:24:27+00:00","og_image":[{"width":512,"height":512,"url":"https:\/\/eurlhosnakamel.dz\/dz\/wp-content\/uploads\/2020\/04\/casque-de-s\u00e9curit\u00e9-kem-kem-eurl-hosna-kamel.jpg","type":"image\/jpeg"}],"twitter_card":"summary_large_image","twitter_misc":{"Dur\u00e9e de lecture estim\u00e9e":"1 minute"},"schema":{"@context":"https:\/\/schema.org","@graph":[{"@type":"WebPage","@id":"https:\/\/eurlhosnakamel.dz\/dz\/produit\/casque-de-securite-kem-kem\/","url":"https:\/\/eurlhosnakamel.dz\/dz\/produit\/casque-de-securite-kem-kem\/","name":"CASQUE DE S\u00c9CURIT\u00c9 - KEM KEM - EURL HOSNA KAMEL","isPartOf":{"@id":"https:\/\/eurlhosnakamel.dz\/dz\/#website"},"primaryImageOfPage":{"@id":"https:\/\/eurlhosnakamel.dz\/dz\/produit\/casque-de-securite-kem-kem\/#primaryimage"},"image":{"@id":"https:\/\/eurlhosnakamel.dz\/dz\/produit\/casque-de-securite-kem-kem\/#primaryimage"},"thumbnailUrl":"https:\/\/eurlhosnakamel.dz\/dz\/wp-content\/uploads\/2020\/04\/casque-de-s\u00e9curit\u00e9-kem-kem-eurl-hosna-kamel.jpg","datePublished":"2020-04-12T10:08:29+00:00","dateModified":"2020-04-12T10:24:27+00:00","description":"CASQUE DE S\u00c9CURIT\u00c9 - KEM KEM - EURL HOSNA KAMEL","breadcrumb":{"@id":"https:\/\/eurlhosnakamel.dz\/dz\/produit\/casque-de-securite-kem-kem\/#breadcrumb"},"inLanguage":"fr-FR","potentialAction":[{"@type":"ReadAction","target":["https:\/\/eurlhosnakamel.dz\/dz\/produit\/casque-de-securite-kem-kem\/"]}]},{"@type":"ImageObject","inLanguage":"fr-FR","@id":"https:\/\/eurlhosnakamel.dz\/dz\/produit\/casque-de-securite-kem-kem\/#primaryimage","url":"https:\/\/eurlhosnakamel.dz\/dz\/wp-content\/uploads\/2020\/04\/casque-de-s\u00e9curit\u00e9-kem-kem-eurl-hosna-kamel.jpg","contentUrl":"https:\/\/eurlhosnakamel.dz\/dz\/wp-content\/uploads\/2020\/04\/casque-de-s\u00e9curit\u00e9-kem-kem-eurl-hosna-kamel.jpg","width":512,"height":512},{"@type":"BreadcrumbList","@id":"https:\/\/eurlhosnakamel.dz\/dz\/produit\/casque-de-securite-kem-kem\/#breadcrumb","itemListElement":[{"@type":"ListItem","position":1,"name":"Accueil","item":"https:\/\/eurlhosnakamel.dz\/dz\/"},{"@type":"ListItem","position":2,"name":"Shop","item":"https:\/\/eurlhosnakamel.dz\/dz\/shop\/"},{"@type":"ListItem","position":3,"name":"CASQUE DE S\u00c9CURIT\u00c9 &#8211; KEM KEM"}]},{"@type":"WebSite","@id":"https:\/\/eurlhosnakamel.dz\/dz\/#website","url":"https:\/\/eurlhosnakamel.dz\/dz\/","name":"EURL HOSNA KAMEL","description":"Fournisseur Premium d&#039;Outillages Professionnels en Alg\u00e9rie -","publisher":{"@id":"https:\/\/eurlhosnakamel.dz\/dz\/#organization"},"potentialAction":[{"@type":"SearchAction","target":{"@type":"EntryPoint","urlTemplate":"https:\/\/eurlhosnakamel.dz\/dz\/?s={search_term_string}"},"query-input":"required name=search_term_string"}],"inLanguage":"fr-FR"},{"@type":"Organization","@id":"https:\/\/eurlhosnakamel.dz\/dz\/#organization","name":"EURL HOSNA KAMEL - Bosch alg\u00e9rie","url":"https:\/\/eurlhosnakamel.dz\/dz\/","logo":{"@type":"ImageObject","inLanguage":"fr-FR","@id":"https:\/\/eurlhosnakamel.dz\/dz\/#\/schema\/logo\/image\/","url":"https:\/\/eurlhosnakamel.dz\/wp-content\/uploads\/2020\/04\/LOGO-HOSNA1.png","contentUrl":"https:\/\/eurlhosnakamel.dz\/wp-content\/uploads\/2020\/04\/LOGO-HOSNA1.png","width":120,"height":127,"caption":"EURL HOSNA KAMEL - Bosch alg\u00e9rie"},"image":{"@id":"https:\/\/eurlhosnakamel.dz\/dz\/#\/schema\/logo\/image\/"},"sameAs":["https:\/\/www.facebook.com\/Eurl.Hosna.DZ\/"]}]}},"_links":{"self":[{"href":"https:\/\/eurlhosnakamel.dz\/dz\/wp-json\/wp\/v2\/product\/4417","targetHints":{"allow":["GET"]}}],"collection":[{"href":"https:\/\/eurlhosnakamel.dz\/dz\/wp-json\/wp\/v2\/product"}],"about":[{"href":"https:\/\/eurlhosnakamel.dz\/dz\/wp-json\/wp\/v2\/types\/product"}],"wp:featuredmedia":[{"embeddable":true,"href":"https:\/\/eurlhosnakamel.dz\/dz\/wp-json\/wp\/v2\/media\/4419"}],"wp:attachment":[{"href":"https:\/\/eurlhosnakamel.dz\/dz\/wp-json\/wp\/v2\/media?parent=4417"}],"wp:term":[{"taxonomy":"product_cat","embeddable":true,"href":"https:\/\/eurlhosnakamel.dz\/dz\/wp-json\/wp\/v2\/product_cat?post=4417"},{"taxonomy":"product_tag","embeddable":true,"href":"https:\/\/eurlhosnakamel.dz\/dz\/wp-json\/wp\/v2\/product_tag?post=4417"}],"curies":[{"name":"wp","href":"https:\/\/api.w.org\/{rel}","templated":true}]}}