{"id":4471,"date":"2020-04-12T12:05:10","date_gmt":"2020-04-12T12:05:10","guid":{"rendered":"https:\/\/lhchosting.com\/hosna\/?post_type=product&#038;p=4471"},"modified":"2020-04-12T12:07:10","modified_gmt":"2020-04-12T12:07:10","slug":"masque-respiratoire-a3exv-ffp2-valve-dexpiration","status":"publish","type":"product","link":"https:\/\/eurlhosnakamel.dz\/dz\/produit\/masque-respiratoire-a3exv-ffp2-valve-dexpiration\/","title":{"rendered":"MASQUE RESPIRATOIRE A3EXV &#8211; FFP2 (VALVE D&#8217;EXPIRATION)"},"content":{"rendered":"<p><span id=\"result_box\" lang=\"fr\" xml:lang=\"fr\"><strong><span lang=\"fr\" xml:lang=\"fr\">Approuv\u00e9 ISI<\/span><\/strong><\/span><\/p>\n<p>Double coquille<br \/>\nLe filtre primaire supporte une grande capacit\u00e9 de r\u00e9tention de poussi\u00e8re et une longue dur\u00e9e de vie.<\/p>\n<p>Filtres microfins de technologie sup\u00e9rieure<\/p>\n<ul>\n<li><span lang=\"fr\" xml:lang=\"fr\">Prot\u00e8ge des particules en suspension respirable micro-fines<\/span><\/li>\n<li><span lang=\"fr\" xml:lang=\"fr\">Capacit\u00e9 contre la poussi\u00e8re plus \u00e9lev\u00e9e<\/span><\/li>\n<li><span lang=\"fr\" xml:lang=\"fr\">Ne laisse pas le filtre se bloquer augmentant ainsi la vie du respirateur<\/span><\/li>\n<\/ul>\n<p><span lang=\"fr\" xml:lang=\"fr\"><br \/>\n<strong>Plusieurs coques utilis\u00e9es<\/strong><br \/>\n<\/span><\/p>\n<ul>\n<li><span lang=\"fr\" xml:lang=\"fr\">La conception permet une dur\u00e9e de vie accrue<\/span><\/li>\n<\/ul>\n<p><span lang=\"fr\" xml:lang=\"fr\"><br \/>\n<strong>\u00c9lastique cousu \u00e0 l&#8217;ext\u00e9rieur de la zone de filtration<\/strong><br \/>\n<\/span><\/p>\n<ul>\n<li><span lang=\"fr\" xml:lang=\"fr\">\u00c9tanche<\/span><\/li>\n<li><span lang=\"fr\" xml:lang=\"fr\">\u00c9vite la ponction<\/span><\/li>\n<\/ul>\n<p><span lang=\"fr\" xml:lang=\"fr\"><br \/>\n<strong>Pince \u00e0 nez en aluminium<\/strong><br \/>\n<\/span><\/p>\n<ul>\n<li><span lang=\"fr\" xml:lang=\"fr\">Clip modulable\u00a0pour \u00eatre confortable<\/span><\/li>\n<li><span lang=\"fr\" xml:lang=\"fr\">Ajustement parfait<\/span><\/li>\n<\/ul>\n<p><span id=\"result_box\" lang=\"fr\" xml:lang=\"fr\"><span title=\"European Approval\"><strong>Approbation europ\u00e9enne<\/strong><br \/>\n<\/span><strong>Protection contre les a\u00e9rosols solides et liqui<\/strong><\/span><strong>des<\/strong><\/p>\n<ul>\n<li><span lang=\"fr\" xml:lang=\"fr\"><span title=\"Having passed dolomite test, they resist clogging even in very high dust environments.\">Apr\u00e8s avoir pass\u00e9 le test de la dolomie, ils r\u00e9sistent au colmatage m\u00eame dans des environnements tr\u00e8s poussi\u00e9reux.<\/span><\/span><\/li>\n<\/ul>\n<p><span lang=\"fr\" xml:lang=\"fr\"><span title=\"Having passed dolomite test, they resist clogging even in very high dust environments.\"><strong>Filtres<\/strong><\/span><span title=\"Advanced microfibre media  \u00a0\u00a0\u00a0\u00a0\"><strong>\u00a0microfibres sup\u00e9rieurs<\/strong><br \/>\n<\/span><\/span><\/p>\n<ul>\n<li><span lang=\"fr\" xml:lang=\"fr\"><span title=\"Restricts sub-micron particles, fine dust, water\/oil based liquid mist and biological agents e.g.\">Limite les particules de la taille d&#8217;un micron, la poussi\u00e8re fine, le brouillard liquide \u00e0 base d&#8217;eau \/ huile et les agents biologiques, tel que\u00a0<\/span><span title=\"TB, SARS and pandemic influenza \u00a0\u00a0\u00a0\u00a0\">La tuberculose, le SRAS et la grippe pand\u00e9mique.<\/span><\/span><\/li>\n<li><span lang=\"fr\" xml:lang=\"fr\"><span title=\"Tested for Dolomite clogging test\">Test\u00e9 pour le test de colmatage de Dolomite.<\/span><\/span><\/li>\n<\/ul>\n<p><span lang=\"fr\" xml:lang=\"fr\"><span title=\"Tested for Dolomite clogging test\"><br \/>\n<\/span><span title=\"Color coded fittings  \u00a0\u00a0\u00a0\u00a0\"><strong>Raccords cod\u00e9s par couleur<\/strong><br \/>\n<\/span><\/span><\/p>\n<ul>\n<li><span lang=\"fr\" xml:lang=\"fr\"><span title=\"Easy to identify \u00a0\u00a0\u00a0\u00a0\">Facile \u00e0 identifier<\/span><\/span><\/li>\n<li><span lang=\"fr\" xml:lang=\"fr\"><span title=\"Indicates the level of protection\">Indique le niveau de protection<\/span><\/span><\/li>\n<\/ul>\n<p><span lang=\"fr\" xml:lang=\"fr\"><span title=\"Indicates the level of protection\"><br \/>\n<\/span><span title=\"Convex style double shell  \u00a0\u00a0\u00a0\u00a0\"><strong>Double coquille de style convexe<\/strong><br \/>\n<\/span><\/span><\/p>\n<ul>\n<li><span lang=\"fr\" xml:lang=\"fr\"><span title=\"Classic collapse-resistant shell with seamed filter cover \u00a0\u00a0\u00a0\u00a0\">Coque classique r\u00e9sistant \u00e0 l&#8217;effondrement avec couvercle de filtre couch\u00e9<\/span><\/span><\/li>\n<li><span lang=\"fr\" xml:lang=\"fr\"><span title=\"Maintains high integrity of filter media\">Maintient une grande int\u00e9grit\u00e9 des m\u00e9dias filtrants<\/span><\/span><\/li>\n<\/ul>\n<p><span lang=\"fr\" xml:lang=\"fr\"><strong><span title=\"Maintains high integrity of filter media\"><br \/>\n<\/span><\/strong><span title=\"Embedded nose clip inside media  \u00a0\u00a0\u00a0\u00a0\"><strong>Pince \u00e0 nez int\u00e9gr\u00e9e \u00e0 l&#8217;int\u00e9rieur des m\u00e9dias<\/strong><br \/>\n<\/span><\/span><\/p>\n<ul>\n<li><span lang=\"fr\" xml:lang=\"fr\"><span title=\"No loose parts, so no risk to safety in production\">Aucune pi\u00e8ce l\u00e2che, donc aucun risque pour la s\u00e9curit\u00e9 dans la production.<\/span><\/span><\/li>\n<\/ul>\n<p><span lang=\"fr\" xml:lang=\"fr\"><span title=\"Improves fitting and safety\"><br \/>\n<\/span><span title=\"Elastic welded outside filter area  \u00a0\u00a0\u00a0\u00a0\"><strong>Surface de filtre ext\u00e9rieur \u00e9lastique soud\u00e9e<\/strong><br \/>\n<\/span><\/span><\/p>\n<ul>\n<li><span lang=\"fr\" xml:lang=\"fr\"><span title=\"Leakproof \u00a0\u00a0\u00a0\u00a0\">\u00c9tanches<\/span><\/span><\/li>\n<li><span lang=\"fr\" xml:lang=\"fr\"><span title=\"Avoids puncture\">\u00c9vite la ponction<\/span><\/span><\/li>\n<\/ul>\n<p><span lang=\"fr\" xml:lang=\"fr\"><span title=\"Avoids puncture\"><br \/>\n<\/span><span title=\"Compatibility  \u00a0\u00a0\u00a0\u00a0\"><strong>Compatibilit\u00e9<\/strong><br \/>\n<\/span><\/span><\/p>\n<ul>\n<li><span lang=\"fr\" xml:lang=\"fr\"><span title=\"Compatible with Venus head protection and eye protection devices\">Compatible avec les protections de la t\u00eate et les dispositifs de protection des yeux.<\/span><\/span><\/li>\n<\/ul>\n<p><span lang=\"fr\" xml:lang=\"fr\"><strong><span title=\"Compatible with Venus head protection and eye protection devices\"><br \/>\n<\/span><\/strong><span title=\"Bi-lingual user instructions  \u00a0\u00a0\u00a0\u00a0\"><strong>Instructions d&#8217;utilisation bilingues<\/strong><br \/>\n<\/span><\/span><\/p>\n<ul>\n<li><span lang=\"fr\" xml:lang=\"fr\"><span title=\"For easy acceptance by different wearers\">Pour une acceptation facile par diff\u00e9rents utilisateurs.<\/span><\/span><\/li>\n<\/ul>\n<p><span lang=\"fr\" xml:lang=\"fr\"><span title=\"For easy acceptance by different wearers\"><br \/>\n<\/span><span title=\"Stay cool butterfly vent valve  \u00a0\u00a0\u00a0\u00a0\"><strong>Restez au frais avec la vanne de ventilation papillon<\/strong><br \/>\n<\/span><\/span><\/p>\n<ul>\n<li><span lang=\"fr\" xml:lang=\"fr\"><span title=\"Provides breathing comfort and promotes easy communication \u00a0\u00a0\u00a0\u00a0\">Fournit un confort respiratoire et favorise une communication facile<\/span><\/span><\/li>\n<li><span lang=\"fr\" xml:lang=\"fr\"><span title=\"Effectively removes heat build-up\">Supprime efficacement l&#8217;accumulation de chaleur<\/span><\/span><\/li>\n<\/ul>\n<p><span lang=\"fr\" xml:lang=\"fr\">\u00a0<\/span><\/p>\n<p><img decoding=\"async\" class=\"alignnone size-full wp-image-4461\" src=\"https:\/\/lhchosting.com\/hosna\/wp-content\/uploads\/2020\/04\/ce-3.jpg\" alt=\"\" width=\"266\" height=\"162\" srcset=\"https:\/\/eurlhosnakamel.dz\/dz\/wp-content\/uploads\/2020\/04\/ce-3.jpg 266w, https:\/\/eurlhosnakamel.dz\/dz\/wp-content\/uploads\/2020\/04\/ce-3-200x122.jpg 200w\" sizes=\"(max-width: 266px) 100vw, 266px\" \/><\/p>\n","protected":false},"excerpt":{"rendered":"<p><strong>Double coquille externe et coquille int\u00e9rieure douce<\/strong><br \/>\n<strong><span id=\"result_box\" lang=\"fr\" xml:lang=\"fr\">Protection contre les a\u00e9rosols solides et liqui<\/span>des<\/strong><br \/>\n<strong>Vanne de ventilation papillon<\/strong><\/p>\n","protected":false},"featured_media":4473,"template":"","meta":[],"product_cat":[557,621],"product_tag":[707],"class_list":{"0":"post-4471","1":"product","2":"type-product","3":"status-publish","4":"has-post-thumbnail","6":"product_cat-epi","7":"product_cat-protection-respiratoire","8":"product_tag-masque-respiratoire-a3exv-ffp2-valve-dexpiration","9":"product_brand-a3-safe","11":"first","12":"instock","13":"shipping-taxable","14":"product-type-simple","15":"col-xs-6 col-sm-4","16":"col-md-3 col-lg-3","17":"un-4-cols"},"yoast_head":"<!-- This site is optimized with the Yoast SEO plugin v22.5 - https:\/\/yoast.com\/wordpress\/plugins\/seo\/ -->\n<title>MASQUE RESPIRATOIRE A3EXV - FFP2 (VALVE D&#039;EXPIRATION) - EURL HOSNA KAMEL<\/title>\n<meta name=\"description\" content=\"MASQUE RESPIRATOIRE A3EXV - FFP2 (VALVE D&#039;EXPIRATION) - EURL HOSNA KAMEL\" \/>\n<meta name=\"robots\" content=\"index, follow, max-snippet:-1, max-image-preview:large, max-video-preview:-1\" \/>\n<link rel=\"canonical\" href=\"https:\/\/eurlhosnakamel.dz\/dz\/produit\/masque-respiratoire-a3exv-ffp2-valve-dexpiration\/\" \/>\n<meta property=\"og:locale\" content=\"fr_FR\" \/>\n<meta property=\"og:type\" content=\"article\" \/>\n<meta property=\"og:title\" content=\"MASQUE RESPIRATOIRE A3EXV - FFP2 (VALVE D&#039;EXPIRATION) - EURL HOSNA KAMEL\" \/>\n<meta property=\"og:description\" content=\"MASQUE RESPIRATOIRE A3EXV - FFP2 (VALVE D&#039;EXPIRATION) - EURL HOSNA KAMEL\" \/>\n<meta property=\"og:url\" content=\"https:\/\/eurlhosnakamel.dz\/dz\/produit\/masque-respiratoire-a3exv-ffp2-valve-dexpiration\/\" \/>\n<meta property=\"og:site_name\" content=\"EURL HOSNA KAMEL\" \/>\n<meta property=\"article:publisher\" content=\"https:\/\/www.facebook.com\/Eurl.Hosna.DZ\/\" \/>\n<meta property=\"article:modified_time\" content=\"2020-04-12T12:07:10+00:00\" \/>\n<meta property=\"og:image\" content=\"https:\/\/eurlhosnakamel.dz\/dz\/wp-content\/uploads\/2020\/04\/masque-respiratoire-A3-EXVFFP2.jpg\" \/>\n\t<meta property=\"og:image:width\" content=\"512\" \/>\n\t<meta property=\"og:image:height\" content=\"512\" \/>\n\t<meta property=\"og:image:type\" content=\"image\/jpeg\" \/>\n<meta name=\"twitter:card\" content=\"summary_large_image\" \/>\n<meta name=\"twitter:label1\" content=\"Dur\u00e9e de lecture estim\u00e9e\" \/>\n\t<meta name=\"twitter:data1\" content=\"1 minute\" \/>\n<script type=\"application\/ld+json\" class=\"yoast-schema-graph\">{\"@context\":\"https:\/\/schema.org\",\"@graph\":[{\"@type\":\"WebPage\",\"@id\":\"https:\/\/eurlhosnakamel.dz\/dz\/produit\/masque-respiratoire-a3exv-ffp2-valve-dexpiration\/\",\"url\":\"https:\/\/eurlhosnakamel.dz\/dz\/produit\/masque-respiratoire-a3exv-ffp2-valve-dexpiration\/\",\"name\":\"MASQUE RESPIRATOIRE A3EXV - FFP2 (VALVE D'EXPIRATION) - EURL HOSNA KAMEL\",\"isPartOf\":{\"@id\":\"https:\/\/eurlhosnakamel.dz\/dz\/#website\"},\"primaryImageOfPage\":{\"@id\":\"https:\/\/eurlhosnakamel.dz\/dz\/produit\/masque-respiratoire-a3exv-ffp2-valve-dexpiration\/#primaryimage\"},\"image\":{\"@id\":\"https:\/\/eurlhosnakamel.dz\/dz\/produit\/masque-respiratoire-a3exv-ffp2-valve-dexpiration\/#primaryimage\"},\"thumbnailUrl\":\"https:\/\/eurlhosnakamel.dz\/dz\/wp-content\/uploads\/2020\/04\/masque-respiratoire-A3-EXVFFP2.jpg\",\"datePublished\":\"2020-04-12T12:05:10+00:00\",\"dateModified\":\"2020-04-12T12:07:10+00:00\",\"description\":\"MASQUE RESPIRATOIRE A3EXV - FFP2 (VALVE D'EXPIRATION) - EURL HOSNA KAMEL\",\"breadcrumb\":{\"@id\":\"https:\/\/eurlhosnakamel.dz\/dz\/produit\/masque-respiratoire-a3exv-ffp2-valve-dexpiration\/#breadcrumb\"},\"inLanguage\":\"fr-FR\",\"potentialAction\":[{\"@type\":\"ReadAction\",\"target\":[\"https:\/\/eurlhosnakamel.dz\/dz\/produit\/masque-respiratoire-a3exv-ffp2-valve-dexpiration\/\"]}]},{\"@type\":\"ImageObject\",\"inLanguage\":\"fr-FR\",\"@id\":\"https:\/\/eurlhosnakamel.dz\/dz\/produit\/masque-respiratoire-a3exv-ffp2-valve-dexpiration\/#primaryimage\",\"url\":\"https:\/\/eurlhosnakamel.dz\/dz\/wp-content\/uploads\/2020\/04\/masque-respiratoire-A3-EXVFFP2.jpg\",\"contentUrl\":\"https:\/\/eurlhosnakamel.dz\/dz\/wp-content\/uploads\/2020\/04\/masque-respiratoire-A3-EXVFFP2.jpg\",\"width\":512,\"height\":512},{\"@type\":\"BreadcrumbList\",\"@id\":\"https:\/\/eurlhosnakamel.dz\/dz\/produit\/masque-respiratoire-a3exv-ffp2-valve-dexpiration\/#breadcrumb\",\"itemListElement\":[{\"@type\":\"ListItem\",\"position\":1,\"name\":\"Accueil\",\"item\":\"https:\/\/eurlhosnakamel.dz\/dz\/\"},{\"@type\":\"ListItem\",\"position\":2,\"name\":\"Shop\",\"item\":\"https:\/\/eurlhosnakamel.dz\/dz\/shop\/\"},{\"@type\":\"ListItem\",\"position\":3,\"name\":\"MASQUE RESPIRATOIRE A3EXV &#8211; FFP2 (VALVE D&#8217;EXPIRATION)\"}]},{\"@type\":\"WebSite\",\"@id\":\"https:\/\/eurlhosnakamel.dz\/dz\/#website\",\"url\":\"https:\/\/eurlhosnakamel.dz\/dz\/\",\"name\":\"EURL HOSNA KAMEL\",\"description\":\"Fournisseur Premium d&#039;Outillages Professionnels en Alg\u00e9rie -\",\"publisher\":{\"@id\":\"https:\/\/eurlhosnakamel.dz\/dz\/#organization\"},\"potentialAction\":[{\"@type\":\"SearchAction\",\"target\":{\"@type\":\"EntryPoint\",\"urlTemplate\":\"https:\/\/eurlhosnakamel.dz\/dz\/?s={search_term_string}\"},\"query-input\":\"required name=search_term_string\"}],\"inLanguage\":\"fr-FR\"},{\"@type\":\"Organization\",\"@id\":\"https:\/\/eurlhosnakamel.dz\/dz\/#organization\",\"name\":\"EURL HOSNA KAMEL - Bosch alg\u00e9rie\",\"url\":\"https:\/\/eurlhosnakamel.dz\/dz\/\",\"logo\":{\"@type\":\"ImageObject\",\"inLanguage\":\"fr-FR\",\"@id\":\"https:\/\/eurlhosnakamel.dz\/dz\/#\/schema\/logo\/image\/\",\"url\":\"https:\/\/eurlhosnakamel.dz\/wp-content\/uploads\/2020\/04\/LOGO-HOSNA1.png\",\"contentUrl\":\"https:\/\/eurlhosnakamel.dz\/wp-content\/uploads\/2020\/04\/LOGO-HOSNA1.png\",\"width\":120,\"height\":127,\"caption\":\"EURL HOSNA KAMEL - Bosch alg\u00e9rie\"},\"image\":{\"@id\":\"https:\/\/eurlhosnakamel.dz\/dz\/#\/schema\/logo\/image\/\"},\"sameAs\":[\"https:\/\/www.facebook.com\/Eurl.Hosna.DZ\/\"]}]}<\/script>\n<!-- \/ Yoast SEO plugin. -->","yoast_head_json":{"title":"MASQUE RESPIRATOIRE A3EXV - FFP2 (VALVE D'EXPIRATION) - EURL HOSNA KAMEL","description":"MASQUE RESPIRATOIRE A3EXV - FFP2 (VALVE D'EXPIRATION) - EURL HOSNA KAMEL","robots":{"index":"index","follow":"follow","max-snippet":"max-snippet:-1","max-image-preview":"max-image-preview:large","max-video-preview":"max-video-preview:-1"},"canonical":"https:\/\/eurlhosnakamel.dz\/dz\/produit\/masque-respiratoire-a3exv-ffp2-valve-dexpiration\/","og_locale":"fr_FR","og_type":"article","og_title":"MASQUE RESPIRATOIRE A3EXV - FFP2 (VALVE D'EXPIRATION) - EURL HOSNA KAMEL","og_description":"MASQUE RESPIRATOIRE A3EXV - FFP2 (VALVE D'EXPIRATION) - EURL HOSNA KAMEL","og_url":"https:\/\/eurlhosnakamel.dz\/dz\/produit\/masque-respiratoire-a3exv-ffp2-valve-dexpiration\/","og_site_name":"EURL HOSNA KAMEL","article_publisher":"https:\/\/www.facebook.com\/Eurl.Hosna.DZ\/","article_modified_time":"2020-04-12T12:07:10+00:00","og_image":[{"width":512,"height":512,"url":"https:\/\/eurlhosnakamel.dz\/dz\/wp-content\/uploads\/2020\/04\/masque-respiratoire-A3-EXVFFP2.jpg","type":"image\/jpeg"}],"twitter_card":"summary_large_image","twitter_misc":{"Dur\u00e9e de lecture estim\u00e9e":"1 minute"},"schema":{"@context":"https:\/\/schema.org","@graph":[{"@type":"WebPage","@id":"https:\/\/eurlhosnakamel.dz\/dz\/produit\/masque-respiratoire-a3exv-ffp2-valve-dexpiration\/","url":"https:\/\/eurlhosnakamel.dz\/dz\/produit\/masque-respiratoire-a3exv-ffp2-valve-dexpiration\/","name":"MASQUE RESPIRATOIRE A3EXV - FFP2 (VALVE D'EXPIRATION) - EURL HOSNA KAMEL","isPartOf":{"@id":"https:\/\/eurlhosnakamel.dz\/dz\/#website"},"primaryImageOfPage":{"@id":"https:\/\/eurlhosnakamel.dz\/dz\/produit\/masque-respiratoire-a3exv-ffp2-valve-dexpiration\/#primaryimage"},"image":{"@id":"https:\/\/eurlhosnakamel.dz\/dz\/produit\/masque-respiratoire-a3exv-ffp2-valve-dexpiration\/#primaryimage"},"thumbnailUrl":"https:\/\/eurlhosnakamel.dz\/dz\/wp-content\/uploads\/2020\/04\/masque-respiratoire-A3-EXVFFP2.jpg","datePublished":"2020-04-12T12:05:10+00:00","dateModified":"2020-04-12T12:07:10+00:00","description":"MASQUE RESPIRATOIRE A3EXV - FFP2 (VALVE D'EXPIRATION) - EURL HOSNA KAMEL","breadcrumb":{"@id":"https:\/\/eurlhosnakamel.dz\/dz\/produit\/masque-respiratoire-a3exv-ffp2-valve-dexpiration\/#breadcrumb"},"inLanguage":"fr-FR","potentialAction":[{"@type":"ReadAction","target":["https:\/\/eurlhosnakamel.dz\/dz\/produit\/masque-respiratoire-a3exv-ffp2-valve-dexpiration\/"]}]},{"@type":"ImageObject","inLanguage":"fr-FR","@id":"https:\/\/eurlhosnakamel.dz\/dz\/produit\/masque-respiratoire-a3exv-ffp2-valve-dexpiration\/#primaryimage","url":"https:\/\/eurlhosnakamel.dz\/dz\/wp-content\/uploads\/2020\/04\/masque-respiratoire-A3-EXVFFP2.jpg","contentUrl":"https:\/\/eurlhosnakamel.dz\/dz\/wp-content\/uploads\/2020\/04\/masque-respiratoire-A3-EXVFFP2.jpg","width":512,"height":512},{"@type":"BreadcrumbList","@id":"https:\/\/eurlhosnakamel.dz\/dz\/produit\/masque-respiratoire-a3exv-ffp2-valve-dexpiration\/#breadcrumb","itemListElement":[{"@type":"ListItem","position":1,"name":"Accueil","item":"https:\/\/eurlhosnakamel.dz\/dz\/"},{"@type":"ListItem","position":2,"name":"Shop","item":"https:\/\/eurlhosnakamel.dz\/dz\/shop\/"},{"@type":"ListItem","position":3,"name":"MASQUE RESPIRATOIRE A3EXV &#8211; FFP2 (VALVE D&#8217;EXPIRATION)"}]},{"@type":"WebSite","@id":"https:\/\/eurlhosnakamel.dz\/dz\/#website","url":"https:\/\/eurlhosnakamel.dz\/dz\/","name":"EURL HOSNA KAMEL","description":"Fournisseur Premium d&#039;Outillages Professionnels en Alg\u00e9rie -","publisher":{"@id":"https:\/\/eurlhosnakamel.dz\/dz\/#organization"},"potentialAction":[{"@type":"SearchAction","target":{"@type":"EntryPoint","urlTemplate":"https:\/\/eurlhosnakamel.dz\/dz\/?s={search_term_string}"},"query-input":"required name=search_term_string"}],"inLanguage":"fr-FR"},{"@type":"Organization","@id":"https:\/\/eurlhosnakamel.dz\/dz\/#organization","name":"EURL HOSNA KAMEL - Bosch alg\u00e9rie","url":"https:\/\/eurlhosnakamel.dz\/dz\/","logo":{"@type":"ImageObject","inLanguage":"fr-FR","@id":"https:\/\/eurlhosnakamel.dz\/dz\/#\/schema\/logo\/image\/","url":"https:\/\/eurlhosnakamel.dz\/wp-content\/uploads\/2020\/04\/LOGO-HOSNA1.png","contentUrl":"https:\/\/eurlhosnakamel.dz\/wp-content\/uploads\/2020\/04\/LOGO-HOSNA1.png","width":120,"height":127,"caption":"EURL HOSNA KAMEL - Bosch alg\u00e9rie"},"image":{"@id":"https:\/\/eurlhosnakamel.dz\/dz\/#\/schema\/logo\/image\/"},"sameAs":["https:\/\/www.facebook.com\/Eurl.Hosna.DZ\/"]}]}},"_links":{"self":[{"href":"https:\/\/eurlhosnakamel.dz\/dz\/wp-json\/wp\/v2\/product\/4471","targetHints":{"allow":["GET"]}}],"collection":[{"href":"https:\/\/eurlhosnakamel.dz\/dz\/wp-json\/wp\/v2\/product"}],"about":[{"href":"https:\/\/eurlhosnakamel.dz\/dz\/wp-json\/wp\/v2\/types\/product"}],"wp:featuredmedia":[{"embeddable":true,"href":"https:\/\/eurlhosnakamel.dz\/dz\/wp-json\/wp\/v2\/media\/4473"}],"wp:attachment":[{"href":"https:\/\/eurlhosnakamel.dz\/dz\/wp-json\/wp\/v2\/media?parent=4471"}],"wp:term":[{"taxonomy":"product_cat","embeddable":true,"href":"https:\/\/eurlhosnakamel.dz\/dz\/wp-json\/wp\/v2\/product_cat?post=4471"},{"taxonomy":"product_tag","embeddable":true,"href":"https:\/\/eurlhosnakamel.dz\/dz\/wp-json\/wp\/v2\/product_tag?post=4471"}],"curies":[{"name":"wp","href":"https:\/\/api.w.org\/{rel}","templated":true}]}}