{"id":4479,"date":"2020-04-12T12:12:30","date_gmt":"2020-04-12T12:12:30","guid":{"rendered":"https:\/\/lhchosting.com\/hosna\/?post_type=product&#038;p=4479"},"modified":"2020-04-12T12:30:22","modified_gmt":"2020-04-12T12:30:22","slug":"masque-respiratoire-a3exvs-ffp1-valve-dexpiration-sur-le-cote","status":"publish","type":"product","link":"https:\/\/eurlhosnakamel.dz\/dz\/produit\/masque-respiratoire-a3exvs-ffp1-valve-dexpiration-sur-le-cote\/","title":{"rendered":"MASQUE RESPIRATOIRE A3EXVS &#8211; FFP1 (VALVE D&#8217;EXPIRATION SUR LE C\u00d4T\u00c9)"},"content":{"rendered":"<p><span id=\"result_box\" lang=\"fr\" xml:lang=\"fr\"><strong><span title=\"ISI Approved\"><span lang=\"fr\" xml:lang=\"fr\">Design adapt\u00e9 aux poches larges,\u00a0Facile \u00e0 stocker quand il n&#8217;est pas utilis\u00e9<\/span>.<br \/>\nISI approuv\u00e9<br \/>\n<\/span><\/strong><span title=\"European Approval\"><strong>Approbation europ\u00e9enne<\/strong><\/span><\/span><\/p>\n<p><span title=\"Anti Clogging (NR D) \u00a0\u00a0\u00a0\u00a0\"><b>Anti Obstruction\u00a0(NR D)<\/b><br \/>\n<\/span><span title=\"Having passed dolomite test, \u00a0\u00a0\u00a0\u00a0\">Apr\u00e8s avoir pass\u00e9 le test de la dolomie, i<\/span><span title=\"they resist clogging even in \u00a0\u00a0\u00a0\u00a0\">ls r\u00e9sistent au colmatage m\u00eame dans les e<\/span><span title=\"very high dust environments\">nvironnements de poussi\u00e8re tr\u00e8s \u00e9lev\u00e9s.<\/span><\/p>\n<p><span title=\"Superior microfibre media \u00a0\u00a0\u00a0\u00a0\"><strong>Moyens microfibres sup\u00e9rieurs<\/strong><br \/>\n<\/span><span title=\"Provides protection against sub-micron \u00a0\u00a0\u00a0\u00a0\">Fournit une protection contre les particules en dessous de la taille d&#8217;un micron<\/span><span title=\"particles, fine dusts, water\/oil based \u00a0\u00a0\u00a0\u00a0\">, poussi\u00e8res fines, \u00e0 base d&#8217;eau \/ huile, b<\/span><span title=\"liquid mist and biological agents \u00a0\u00a0\u00a0\u00a0\">rouillard liquide et agents biologiques, p<\/span><span title=\"e.g.\">ar exemple: la<\/span><span title=\"TB, SARS and pandemic influenza\">\u00a0tuberculose, le SRAS et la grippe pand\u00e9mique<br \/>\n<\/span><\/p>\n<p><span id=\"result_box\" lang=\"fr\" xml:lang=\"fr\"><span title=\"Color coded fittings \u00a0\u00a0\u00a0\u00a0\"><strong>Raccords cod\u00e9s par couleur<\/strong><br \/>\n<\/span><\/span><\/p>\n<ul>\n<li><span lang=\"fr\" xml:lang=\"fr\"><span title=\"Allows easy identification \u00a0\u00a0\u00a0\u00a0\">Permet une identification facile<\/span><\/span><\/li>\n<li><span lang=\"fr\" xml:lang=\"fr\"><span title=\"Denotes the level of protection\">Indique le niveau de protection<\/span><\/span><\/li>\n<\/ul>\n<p><span lang=\"fr\" xml:lang=\"fr\"><span title=\"Flat Fold style \u00a0\u00a0\u00a0\u00a0\"><strong>Style pli\u00e9 plat<\/strong><br \/>\n<\/span><\/span><\/p>\n<ul>\n<li><span lang=\"fr\" xml:lang=\"fr\"><span title=\"Large pocket style design \u00a0\u00a0\u00a0\u00a0\">Design \u00e0 grandes poches<\/span><\/span><\/li>\n<li><span lang=\"fr\" xml:lang=\"fr\"><span title=\"Easy and compact to store while not in use \u00a0\u00a0\u00a0\u00a0\">Facile et compact \u00e0 stocker quand il n&#8217;est pas utilis\u00e9<\/span><\/span><\/li>\n<li><span lang=\"fr\" xml:lang=\"fr\"><span title=\"Enhanced protection &amp; comfort\">Protection et confort am\u00e9lior\u00e9s<\/span><\/span><\/li>\n<\/ul>\n<p><span lang=\"fr\" xml:lang=\"fr\"><span title=\"Stay cool butterfly vent valve \u00a0\u00a0\u00a0\u00a0\"><strong>Restez au frais gr\u00e2ce \u00e0 la valve de ventilation papillon<\/strong><br \/>\n<\/span><\/span><\/p>\n<ul>\n<li><span lang=\"fr\" xml:lang=\"fr\"><span title=\"Provides breathing comfort and promotes easy communication \u00a0\u00a0\u00a0\u00a0\">Fournit un confort respiratoire et favorise une communication facile<\/span><\/span><\/li>\n<li><span lang=\"fr\" xml:lang=\"fr\"><span title=\"Effective removal of heat build-up\">Suppression efficace de l&#8217;accumulation de chaleur<\/span><\/span><\/li>\n<\/ul>\n<p><span lang=\"fr\" xml:lang=\"fr\"><span title=\"Aluminum nose clip \u00a0\u00a0\u00a0\u00a0\"><strong>Pince \u00e0 nez en aluminium<\/strong><br \/>\n<\/span><\/span><\/p>\n<ul>\n<li><span lang=\"fr\" xml:lang=\"fr\"><span title=\"Leak-proof fit \u00a0\u00a0\u00a0\u00a0\">Entr\u00e9e \u00e9tanche<\/span><\/span><\/li>\n<li><span lang=\"fr\" xml:lang=\"fr\"><span title=\"Disallows fogging of eyewear\">Emp\u00e8che la qui se forme sur les lunettes<\/span><\/span><\/li>\n<\/ul>\n<p><span lang=\"fr\" xml:lang=\"fr\"><span title=\"Unique fit adjusters \u00a0\u00a0\u00a0\u00a0\"><strong>Ajusteurs uniques<\/strong><br \/>\n<\/span><\/span><\/p>\n<ul>\n<li><span lang=\"fr\" xml:lang=\"fr\"><span title=\"Provides optimum protection &amp; comfort\">Offre une protection et un confort optimum<\/span><\/span><\/li>\n<\/ul>\n<p><span lang=\"fr\" xml:lang=\"fr\"><span title=\"Latex free textile elastic \u00a0\u00a0\u00a0\u00a0\"><strong>\u00c9lastique textile sans latex<\/strong><br \/>\n<\/span><\/span><\/p>\n<ul>\n<li><span lang=\"fr\" xml:lang=\"fr\"><span title=\"Long life \u00a0\u00a0\u00a0\u00a0\">Longue dur\u00e9e devie<\/span><\/span><\/li>\n<li><span lang=\"fr\" xml:lang=\"fr\"><span title=\"Skin friendly \u00a0\u00a0\u00a0\u00a0\">N&#8217;agresse pas la peau<\/span><\/span><\/li>\n<li><span lang=\"fr\" xml:lang=\"fr\"><span title=\"Does not deform in high temperature\">Ne se d\u00e9forme pas \u00e0 haute temp\u00e9rature<\/span><\/span><\/li>\n<\/ul>\n<p><span lang=\"fr\" xml:lang=\"fr\"><span title=\"Elastic fitted outside filter area \u00a0\u00a0\u00a0\u00a0\"><strong>\u00c9lastique cousu \u00e0 l&#8217;ext\u00e9rieur de la zone de filtration<\/strong><br \/>\n<\/span><\/span><\/p>\n<ul>\n<li><span lang=\"fr\" xml:lang=\"fr\"><span title=\"Leakproof \u00a0\u00a0\u00a0\u00a0\">\u00c9tanches<\/span><\/span><\/li>\n<li><span lang=\"fr\" xml:lang=\"fr\"><span title=\"Avoids puncture\">\u00c9vite la ponction<\/span><\/span><\/li>\n<\/ul>\n<p><span lang=\"fr\" xml:lang=\"fr\"><span title=\"Choice of different colours \u00a0\u00a0\u00a0\u00a0\"><strong>Choix de couleurs diff\u00e9rentes<\/strong><br \/>\n<\/span><\/span><\/p>\n<ul>\n<li><span lang=\"fr\" xml:lang=\"fr\"><span title=\"To suit user condition\">Pour convenir \u00e0 la condition de l&#8217;utilisateur<\/span><\/span><\/li>\n<\/ul>\n<p><span lang=\"fr\" xml:lang=\"fr\"><span title=\"Compatibility \u00a0\u00a0\u00a0\u00a0\"><strong>Compatibilit\u00e9<\/strong><br \/>\n<\/span><\/span><\/p>\n<ul>\n<li><span lang=\"fr\" xml:lang=\"fr\"><span title=\"Compatible with head protection and eye protection devices\">Compatible avec les dispositifs de protection de la t\u00eate et de protection des yeux<\/span><\/span><\/li>\n<\/ul>\n<p><span lang=\"fr\" xml:lang=\"fr\"><span title=\"Bi-lingual user instructions \u00a0\u00a0\u00a0\u00a0\"><strong>Instructions d&#8217;utilisation bilingues<\/strong><br \/>\n<\/span><\/span><\/p>\n<ul>\n<li><span lang=\"fr\" xml:lang=\"fr\"><span title=\"For easy acceptance by different wearers\">Pour une compr\u00e9hension facile pour tous les utilisateurs<\/span><\/span><\/li>\n<\/ul>\n<p><strong>Valve d&#8217;expiration<\/strong><\/p>\n<p><span lang=\"fr\" xml:lang=\"fr\">\u00a0<\/span><\/p>\n<p><img decoding=\"async\" class=\"alignnone size-full wp-image-4461\" src=\"https:\/\/lhchosting.com\/hosna\/wp-content\/uploads\/2020\/04\/ce-3.jpg\" alt=\"\" width=\"266\" height=\"162\" srcset=\"https:\/\/eurlhosnakamel.dz\/dz\/wp-content\/uploads\/2020\/04\/ce-3.jpg 266w, https:\/\/eurlhosnakamel.dz\/dz\/wp-content\/uploads\/2020\/04\/ce-3-200x122.jpg 200w\" sizes=\"(max-width: 266px) 100vw, 266px\" \/><\/p>\n","protected":false},"excerpt":{"rendered":"<p><strong>FFP1<\/strong><br \/>\n<strong>Anti\u00a0Obstruction\u00a0<\/strong><br \/>\n<strong>Valve de ventilation<\/strong><\/p>\n","protected":false},"featured_media":4487,"template":"","meta":[],"product_cat":[557,621],"product_tag":[711],"class_list":{"0":"post-4479","1":"product","2":"type-product","3":"status-publish","4":"has-post-thumbnail","6":"product_cat-epi","7":"product_cat-protection-respiratoire","8":"product_tag-masque-respiratoire-a3exvs-ffp1-valve-dexpiration-sur-le-cote","9":"product_brand-a3-safe","11":"first","12":"instock","13":"shipping-taxable","14":"product-type-simple","15":"col-xs-6 col-sm-4","16":"col-md-3 col-lg-3","17":"un-4-cols"},"yoast_head":"<!-- This site is optimized with the Yoast SEO plugin v22.5 - https:\/\/yoast.com\/wordpress\/plugins\/seo\/ -->\n<title>MASQUE RESPIRATOIRE A3EXVS - FFP1 (VALVE D&#039;EXPIRATION SUR LE C\u00d4T\u00c9) - EURL HOSNA KAMEL<\/title>\n<meta name=\"description\" content=\"MASQUE RESPIRATOIRE A3EXVS - FFP1 (VALVE D&#039;EXPIRATION SUR LE C\u00d4T\u00c9) - EURL HOSNA KAMEL\" \/>\n<meta name=\"robots\" content=\"index, follow, max-snippet:-1, max-image-preview:large, max-video-preview:-1\" \/>\n<link rel=\"canonical\" href=\"https:\/\/eurlhosnakamel.dz\/dz\/produit\/masque-respiratoire-a3exvs-ffp1-valve-dexpiration-sur-le-cote\/\" \/>\n<meta property=\"og:locale\" content=\"fr_FR\" \/>\n<meta property=\"og:type\" content=\"article\" \/>\n<meta property=\"og:title\" content=\"MASQUE RESPIRATOIRE A3EXVS - FFP1 (VALVE D&#039;EXPIRATION SUR LE C\u00d4T\u00c9) - EURL HOSNA KAMEL\" \/>\n<meta property=\"og:description\" content=\"MASQUE RESPIRATOIRE A3EXVS - FFP1 (VALVE D&#039;EXPIRATION SUR LE C\u00d4T\u00c9) - EURL HOSNA KAMEL\" \/>\n<meta property=\"og:url\" content=\"https:\/\/eurlhosnakamel.dz\/dz\/produit\/masque-respiratoire-a3exvs-ffp1-valve-dexpiration-sur-le-cote\/\" \/>\n<meta property=\"og:site_name\" content=\"EURL HOSNA KAMEL\" \/>\n<meta property=\"article:publisher\" content=\"https:\/\/www.facebook.com\/Eurl.Hosna.DZ\/\" \/>\n<meta property=\"article:modified_time\" content=\"2020-04-12T12:30:22+00:00\" \/>\n<meta property=\"og:image\" content=\"https:\/\/eurlhosnakamel.dz\/dz\/wp-content\/uploads\/2020\/04\/masque-respiratoire-A3EXVS-FFP1.jpg\" \/>\n\t<meta property=\"og:image:width\" content=\"512\" \/>\n\t<meta property=\"og:image:height\" content=\"512\" \/>\n\t<meta property=\"og:image:type\" content=\"image\/jpeg\" \/>\n<meta name=\"twitter:card\" content=\"summary_large_image\" \/>\n<meta name=\"twitter:label1\" content=\"Dur\u00e9e de lecture estim\u00e9e\" \/>\n\t<meta name=\"twitter:data1\" content=\"1 minute\" \/>\n<script type=\"application\/ld+json\" class=\"yoast-schema-graph\">{\"@context\":\"https:\/\/schema.org\",\"@graph\":[{\"@type\":\"WebPage\",\"@id\":\"https:\/\/eurlhosnakamel.dz\/dz\/produit\/masque-respiratoire-a3exvs-ffp1-valve-dexpiration-sur-le-cote\/\",\"url\":\"https:\/\/eurlhosnakamel.dz\/dz\/produit\/masque-respiratoire-a3exvs-ffp1-valve-dexpiration-sur-le-cote\/\",\"name\":\"MASQUE RESPIRATOIRE A3EXVS - FFP1 (VALVE D'EXPIRATION SUR LE C\u00d4T\u00c9) - EURL HOSNA KAMEL\",\"isPartOf\":{\"@id\":\"https:\/\/eurlhosnakamel.dz\/dz\/#website\"},\"primaryImageOfPage\":{\"@id\":\"https:\/\/eurlhosnakamel.dz\/dz\/produit\/masque-respiratoire-a3exvs-ffp1-valve-dexpiration-sur-le-cote\/#primaryimage\"},\"image\":{\"@id\":\"https:\/\/eurlhosnakamel.dz\/dz\/produit\/masque-respiratoire-a3exvs-ffp1-valve-dexpiration-sur-le-cote\/#primaryimage\"},\"thumbnailUrl\":\"https:\/\/eurlhosnakamel.dz\/dz\/wp-content\/uploads\/2020\/04\/masque-respiratoire-A3EXVS-FFP1.jpg\",\"datePublished\":\"2020-04-12T12:12:30+00:00\",\"dateModified\":\"2020-04-12T12:30:22+00:00\",\"description\":\"MASQUE RESPIRATOIRE A3EXVS - FFP1 (VALVE D'EXPIRATION SUR LE C\u00d4T\u00c9) - EURL HOSNA KAMEL\",\"breadcrumb\":{\"@id\":\"https:\/\/eurlhosnakamel.dz\/dz\/produit\/masque-respiratoire-a3exvs-ffp1-valve-dexpiration-sur-le-cote\/#breadcrumb\"},\"inLanguage\":\"fr-FR\",\"potentialAction\":[{\"@type\":\"ReadAction\",\"target\":[\"https:\/\/eurlhosnakamel.dz\/dz\/produit\/masque-respiratoire-a3exvs-ffp1-valve-dexpiration-sur-le-cote\/\"]}]},{\"@type\":\"ImageObject\",\"inLanguage\":\"fr-FR\",\"@id\":\"https:\/\/eurlhosnakamel.dz\/dz\/produit\/masque-respiratoire-a3exvs-ffp1-valve-dexpiration-sur-le-cote\/#primaryimage\",\"url\":\"https:\/\/eurlhosnakamel.dz\/dz\/wp-content\/uploads\/2020\/04\/masque-respiratoire-A3EXVS-FFP1.jpg\",\"contentUrl\":\"https:\/\/eurlhosnakamel.dz\/dz\/wp-content\/uploads\/2020\/04\/masque-respiratoire-A3EXVS-FFP1.jpg\",\"width\":512,\"height\":512},{\"@type\":\"BreadcrumbList\",\"@id\":\"https:\/\/eurlhosnakamel.dz\/dz\/produit\/masque-respiratoire-a3exvs-ffp1-valve-dexpiration-sur-le-cote\/#breadcrumb\",\"itemListElement\":[{\"@type\":\"ListItem\",\"position\":1,\"name\":\"Accueil\",\"item\":\"https:\/\/eurlhosnakamel.dz\/dz\/\"},{\"@type\":\"ListItem\",\"position\":2,\"name\":\"Shop\",\"item\":\"https:\/\/eurlhosnakamel.dz\/dz\/shop\/\"},{\"@type\":\"ListItem\",\"position\":3,\"name\":\"MASQUE RESPIRATOIRE A3EXVS &#8211; FFP1 (VALVE D&#8217;EXPIRATION SUR LE C\u00d4T\u00c9)\"}]},{\"@type\":\"WebSite\",\"@id\":\"https:\/\/eurlhosnakamel.dz\/dz\/#website\",\"url\":\"https:\/\/eurlhosnakamel.dz\/dz\/\",\"name\":\"EURL HOSNA KAMEL\",\"description\":\"Fournisseur Premium d&#039;Outillages Professionnels en Alg\u00e9rie -\",\"publisher\":{\"@id\":\"https:\/\/eurlhosnakamel.dz\/dz\/#organization\"},\"potentialAction\":[{\"@type\":\"SearchAction\",\"target\":{\"@type\":\"EntryPoint\",\"urlTemplate\":\"https:\/\/eurlhosnakamel.dz\/dz\/?s={search_term_string}\"},\"query-input\":\"required name=search_term_string\"}],\"inLanguage\":\"fr-FR\"},{\"@type\":\"Organization\",\"@id\":\"https:\/\/eurlhosnakamel.dz\/dz\/#organization\",\"name\":\"EURL HOSNA KAMEL - Bosch alg\u00e9rie\",\"url\":\"https:\/\/eurlhosnakamel.dz\/dz\/\",\"logo\":{\"@type\":\"ImageObject\",\"inLanguage\":\"fr-FR\",\"@id\":\"https:\/\/eurlhosnakamel.dz\/dz\/#\/schema\/logo\/image\/\",\"url\":\"https:\/\/eurlhosnakamel.dz\/wp-content\/uploads\/2020\/04\/LOGO-HOSNA1.png\",\"contentUrl\":\"https:\/\/eurlhosnakamel.dz\/wp-content\/uploads\/2020\/04\/LOGO-HOSNA1.png\",\"width\":120,\"height\":127,\"caption\":\"EURL HOSNA KAMEL - Bosch alg\u00e9rie\"},\"image\":{\"@id\":\"https:\/\/eurlhosnakamel.dz\/dz\/#\/schema\/logo\/image\/\"},\"sameAs\":[\"https:\/\/www.facebook.com\/Eurl.Hosna.DZ\/\"]}]}<\/script>\n<!-- \/ Yoast SEO plugin. -->","yoast_head_json":{"title":"MASQUE RESPIRATOIRE A3EXVS - FFP1 (VALVE D'EXPIRATION SUR LE C\u00d4T\u00c9) - EURL HOSNA KAMEL","description":"MASQUE RESPIRATOIRE A3EXVS - FFP1 (VALVE D'EXPIRATION SUR LE C\u00d4T\u00c9) - EURL HOSNA KAMEL","robots":{"index":"index","follow":"follow","max-snippet":"max-snippet:-1","max-image-preview":"max-image-preview:large","max-video-preview":"max-video-preview:-1"},"canonical":"https:\/\/eurlhosnakamel.dz\/dz\/produit\/masque-respiratoire-a3exvs-ffp1-valve-dexpiration-sur-le-cote\/","og_locale":"fr_FR","og_type":"article","og_title":"MASQUE RESPIRATOIRE A3EXVS - FFP1 (VALVE D'EXPIRATION SUR LE C\u00d4T\u00c9) - EURL HOSNA KAMEL","og_description":"MASQUE RESPIRATOIRE A3EXVS - FFP1 (VALVE D'EXPIRATION SUR LE C\u00d4T\u00c9) - EURL HOSNA KAMEL","og_url":"https:\/\/eurlhosnakamel.dz\/dz\/produit\/masque-respiratoire-a3exvs-ffp1-valve-dexpiration-sur-le-cote\/","og_site_name":"EURL HOSNA KAMEL","article_publisher":"https:\/\/www.facebook.com\/Eurl.Hosna.DZ\/","article_modified_time":"2020-04-12T12:30:22+00:00","og_image":[{"width":512,"height":512,"url":"https:\/\/eurlhosnakamel.dz\/dz\/wp-content\/uploads\/2020\/04\/masque-respiratoire-A3EXVS-FFP1.jpg","type":"image\/jpeg"}],"twitter_card":"summary_large_image","twitter_misc":{"Dur\u00e9e de lecture estim\u00e9e":"1 minute"},"schema":{"@context":"https:\/\/schema.org","@graph":[{"@type":"WebPage","@id":"https:\/\/eurlhosnakamel.dz\/dz\/produit\/masque-respiratoire-a3exvs-ffp1-valve-dexpiration-sur-le-cote\/","url":"https:\/\/eurlhosnakamel.dz\/dz\/produit\/masque-respiratoire-a3exvs-ffp1-valve-dexpiration-sur-le-cote\/","name":"MASQUE RESPIRATOIRE A3EXVS - FFP1 (VALVE D'EXPIRATION SUR LE C\u00d4T\u00c9) - EURL HOSNA KAMEL","isPartOf":{"@id":"https:\/\/eurlhosnakamel.dz\/dz\/#website"},"primaryImageOfPage":{"@id":"https:\/\/eurlhosnakamel.dz\/dz\/produit\/masque-respiratoire-a3exvs-ffp1-valve-dexpiration-sur-le-cote\/#primaryimage"},"image":{"@id":"https:\/\/eurlhosnakamel.dz\/dz\/produit\/masque-respiratoire-a3exvs-ffp1-valve-dexpiration-sur-le-cote\/#primaryimage"},"thumbnailUrl":"https:\/\/eurlhosnakamel.dz\/dz\/wp-content\/uploads\/2020\/04\/masque-respiratoire-A3EXVS-FFP1.jpg","datePublished":"2020-04-12T12:12:30+00:00","dateModified":"2020-04-12T12:30:22+00:00","description":"MASQUE RESPIRATOIRE A3EXVS - FFP1 (VALVE D'EXPIRATION SUR LE C\u00d4T\u00c9) - EURL HOSNA KAMEL","breadcrumb":{"@id":"https:\/\/eurlhosnakamel.dz\/dz\/produit\/masque-respiratoire-a3exvs-ffp1-valve-dexpiration-sur-le-cote\/#breadcrumb"},"inLanguage":"fr-FR","potentialAction":[{"@type":"ReadAction","target":["https:\/\/eurlhosnakamel.dz\/dz\/produit\/masque-respiratoire-a3exvs-ffp1-valve-dexpiration-sur-le-cote\/"]}]},{"@type":"ImageObject","inLanguage":"fr-FR","@id":"https:\/\/eurlhosnakamel.dz\/dz\/produit\/masque-respiratoire-a3exvs-ffp1-valve-dexpiration-sur-le-cote\/#primaryimage","url":"https:\/\/eurlhosnakamel.dz\/dz\/wp-content\/uploads\/2020\/04\/masque-respiratoire-A3EXVS-FFP1.jpg","contentUrl":"https:\/\/eurlhosnakamel.dz\/dz\/wp-content\/uploads\/2020\/04\/masque-respiratoire-A3EXVS-FFP1.jpg","width":512,"height":512},{"@type":"BreadcrumbList","@id":"https:\/\/eurlhosnakamel.dz\/dz\/produit\/masque-respiratoire-a3exvs-ffp1-valve-dexpiration-sur-le-cote\/#breadcrumb","itemListElement":[{"@type":"ListItem","position":1,"name":"Accueil","item":"https:\/\/eurlhosnakamel.dz\/dz\/"},{"@type":"ListItem","position":2,"name":"Shop","item":"https:\/\/eurlhosnakamel.dz\/dz\/shop\/"},{"@type":"ListItem","position":3,"name":"MASQUE RESPIRATOIRE A3EXVS &#8211; FFP1 (VALVE D&#8217;EXPIRATION SUR LE C\u00d4T\u00c9)"}]},{"@type":"WebSite","@id":"https:\/\/eurlhosnakamel.dz\/dz\/#website","url":"https:\/\/eurlhosnakamel.dz\/dz\/","name":"EURL HOSNA KAMEL","description":"Fournisseur Premium d&#039;Outillages Professionnels en Alg\u00e9rie -","publisher":{"@id":"https:\/\/eurlhosnakamel.dz\/dz\/#organization"},"potentialAction":[{"@type":"SearchAction","target":{"@type":"EntryPoint","urlTemplate":"https:\/\/eurlhosnakamel.dz\/dz\/?s={search_term_string}"},"query-input":"required name=search_term_string"}],"inLanguage":"fr-FR"},{"@type":"Organization","@id":"https:\/\/eurlhosnakamel.dz\/dz\/#organization","name":"EURL HOSNA KAMEL - Bosch alg\u00e9rie","url":"https:\/\/eurlhosnakamel.dz\/dz\/","logo":{"@type":"ImageObject","inLanguage":"fr-FR","@id":"https:\/\/eurlhosnakamel.dz\/dz\/#\/schema\/logo\/image\/","url":"https:\/\/eurlhosnakamel.dz\/wp-content\/uploads\/2020\/04\/LOGO-HOSNA1.png","contentUrl":"https:\/\/eurlhosnakamel.dz\/wp-content\/uploads\/2020\/04\/LOGO-HOSNA1.png","width":120,"height":127,"caption":"EURL HOSNA KAMEL - Bosch alg\u00e9rie"},"image":{"@id":"https:\/\/eurlhosnakamel.dz\/dz\/#\/schema\/logo\/image\/"},"sameAs":["https:\/\/www.facebook.com\/Eurl.Hosna.DZ\/"]}]}},"_links":{"self":[{"href":"https:\/\/eurlhosnakamel.dz\/dz\/wp-json\/wp\/v2\/product\/4479","targetHints":{"allow":["GET"]}}],"collection":[{"href":"https:\/\/eurlhosnakamel.dz\/dz\/wp-json\/wp\/v2\/product"}],"about":[{"href":"https:\/\/eurlhosnakamel.dz\/dz\/wp-json\/wp\/v2\/types\/product"}],"wp:featuredmedia":[{"embeddable":true,"href":"https:\/\/eurlhosnakamel.dz\/dz\/wp-json\/wp\/v2\/media\/4487"}],"wp:attachment":[{"href":"https:\/\/eurlhosnakamel.dz\/dz\/wp-json\/wp\/v2\/media?parent=4479"}],"wp:term":[{"taxonomy":"product_cat","embeddable":true,"href":"https:\/\/eurlhosnakamel.dz\/dz\/wp-json\/wp\/v2\/product_cat?post=4479"},{"taxonomy":"product_tag","embeddable":true,"href":"https:\/\/eurlhosnakamel.dz\/dz\/wp-json\/wp\/v2\/product_tag?post=4479"}],"curies":[{"name":"wp","href":"https:\/\/api.w.org\/{rel}","templated":true}]}}