{"id":4533,"date":"2020-04-12T13:15:38","date_gmt":"2020-04-12T13:15:38","guid":{"rendered":"https:\/\/lhchosting.com\/hosna\/?post_type=product&#038;p=4533"},"modified":"2020-04-12T13:18:16","modified_gmt":"2020-04-12T13:18:16","slug":"gants-de-securite-a3wfl","status":"publish","type":"product","link":"https:\/\/eurlhosnakamel.dz\/dz\/produit\/gants-de-securite-a3wfl\/","title":{"rendered":"GANTS DE S\u00c9CURIT\u00c9 &#8211; A3WFL"},"content":{"rendered":"<ul>\n<li><span lang=\"fr\" xml:lang=\"fr\">Cuir retourn\u00e9 en cuir rouge.<\/span><\/li>\n<li><span lang=\"fr\" xml:lang=\"fr\">Doublure en polaire int\u00e9rieure en coton.<\/span><\/li>\n<li><span lang=\"fr\" xml:lang=\"fr\">Poignet en toile de 15 cm.<\/span><\/li>\n<li><span lang=\"fr\" xml:lang=\"fr\">Coupe am\u00e9ricaine.<\/span><\/li>\n<li><span lang=\"fr\" xml:lang=\"fr\">Longueur 35 cm.<\/span><\/li>\n<\/ul>\n<p>Taille: 10<\/p>\n<p><img decoding=\"async\" class=\"alignnone size-medium wp-image-4537\" src=\"https:\/\/lhchosting.com\/hosna\/wp-content\/uploads\/2020\/04\/ce-5-300x128.jpg\" alt=\"\" width=\"300\" height=\"128\" srcset=\"https:\/\/eurlhosnakamel.dz\/dz\/wp-content\/uploads\/2020\/04\/ce-5-300x128.jpg 300w, https:\/\/eurlhosnakamel.dz\/dz\/wp-content\/uploads\/2020\/04\/ce-5-200x85.jpg 200w, https:\/\/eurlhosnakamel.dz\/dz\/wp-content\/uploads\/2020\/04\/ce-5.jpg 347w\" sizes=\"(max-width: 300px) 100vw, 300px\" \/><\/p>\n","protected":false},"excerpt":{"rendered":"<ul>\n<li><strong><span id=\"result_box\" lang=\"fr\" xml:lang=\"fr\">Gant de soudeur<\/span><\/strong><\/li>\n<li><strong><span lang=\"fr\" xml:lang=\"fr\">Doublure en polaire<\/span><\/strong><\/li>\n<\/ul>\n","protected":false},"featured_media":4535,"template":"","meta":[],"product_cat":[557,625,623],"product_tag":[735],"class_list":{"0":"post-4533","1":"product","2":"type-product","3":"status-publish","4":"has-post-thumbnail","6":"product_cat-epi","7":"product_cat-gants-cuir","8":"product_cat-protection-des-mains","9":"product_tag-gants-de-securite-a3wfl","10":"product_brand-a3-safe","12":"first","13":"instock","14":"shipping-taxable","15":"product-type-simple","16":"col-xs-6 col-sm-4","17":"col-md-3 col-lg-3","18":"un-4-cols"},"yoast_head":"<!-- This site is optimized with the Yoast SEO plugin v22.5 - https:\/\/yoast.com\/wordpress\/plugins\/seo\/ -->\n<title>GANTS DE S\u00c9CURIT\u00c9 - A3WFL - EURL HOSNA KAMEL<\/title>\n<meta name=\"description\" content=\"GANTS DE S\u00c9CURIT\u00c9 - A3WFL - EURL HOSNA KAMEL\" \/>\n<meta name=\"robots\" content=\"index, follow, max-snippet:-1, max-image-preview:large, max-video-preview:-1\" \/>\n<link rel=\"canonical\" href=\"https:\/\/eurlhosnakamel.dz\/dz\/produit\/gants-de-securite-a3wfl\/\" \/>\n<meta property=\"og:locale\" content=\"fr_FR\" \/>\n<meta property=\"og:type\" content=\"article\" \/>\n<meta property=\"og:title\" content=\"GANTS DE S\u00c9CURIT\u00c9 - A3WFL - EURL HOSNA KAMEL\" \/>\n<meta property=\"og:description\" content=\"GANTS DE S\u00c9CURIT\u00c9 - A3WFL - EURL HOSNA KAMEL\" \/>\n<meta property=\"og:url\" content=\"https:\/\/eurlhosnakamel.dz\/dz\/produit\/gants-de-securite-a3wfl\/\" \/>\n<meta property=\"og:site_name\" content=\"EURL HOSNA KAMEL\" \/>\n<meta property=\"article:publisher\" content=\"https:\/\/www.facebook.com\/Eurl.Hosna.DZ\/\" \/>\n<meta property=\"article:modified_time\" content=\"2020-04-12T13:18:16+00:00\" \/>\n<meta property=\"og:image\" content=\"https:\/\/eurlhosnakamel.dz\/dz\/wp-content\/uploads\/2020\/04\/Sans-titre-1-6.jpg\" \/>\n\t<meta property=\"og:image:width\" content=\"512\" \/>\n\t<meta property=\"og:image:height\" content=\"512\" \/>\n\t<meta property=\"og:image:type\" content=\"image\/jpeg\" \/>\n<meta name=\"twitter:card\" content=\"summary_large_image\" \/>\n<script type=\"application\/ld+json\" class=\"yoast-schema-graph\">{\"@context\":\"https:\/\/schema.org\",\"@graph\":[{\"@type\":\"WebPage\",\"@id\":\"https:\/\/eurlhosnakamel.dz\/dz\/produit\/gants-de-securite-a3wfl\/\",\"url\":\"https:\/\/eurlhosnakamel.dz\/dz\/produit\/gants-de-securite-a3wfl\/\",\"name\":\"GANTS DE S\u00c9CURIT\u00c9 - A3WFL - EURL HOSNA KAMEL\",\"isPartOf\":{\"@id\":\"https:\/\/eurlhosnakamel.dz\/dz\/#website\"},\"primaryImageOfPage\":{\"@id\":\"https:\/\/eurlhosnakamel.dz\/dz\/produit\/gants-de-securite-a3wfl\/#primaryimage\"},\"image\":{\"@id\":\"https:\/\/eurlhosnakamel.dz\/dz\/produit\/gants-de-securite-a3wfl\/#primaryimage\"},\"thumbnailUrl\":\"https:\/\/eurlhosnakamel.dz\/dz\/wp-content\/uploads\/2020\/04\/Sans-titre-1-6.jpg\",\"datePublished\":\"2020-04-12T13:15:38+00:00\",\"dateModified\":\"2020-04-12T13:18:16+00:00\",\"description\":\"GANTS DE S\u00c9CURIT\u00c9 - A3WFL - EURL HOSNA KAMEL\",\"breadcrumb\":{\"@id\":\"https:\/\/eurlhosnakamel.dz\/dz\/produit\/gants-de-securite-a3wfl\/#breadcrumb\"},\"inLanguage\":\"fr-FR\",\"potentialAction\":[{\"@type\":\"ReadAction\",\"target\":[\"https:\/\/eurlhosnakamel.dz\/dz\/produit\/gants-de-securite-a3wfl\/\"]}]},{\"@type\":\"ImageObject\",\"inLanguage\":\"fr-FR\",\"@id\":\"https:\/\/eurlhosnakamel.dz\/dz\/produit\/gants-de-securite-a3wfl\/#primaryimage\",\"url\":\"https:\/\/eurlhosnakamel.dz\/dz\/wp-content\/uploads\/2020\/04\/Sans-titre-1-6.jpg\",\"contentUrl\":\"https:\/\/eurlhosnakamel.dz\/dz\/wp-content\/uploads\/2020\/04\/Sans-titre-1-6.jpg\",\"width\":512,\"height\":512},{\"@type\":\"BreadcrumbList\",\"@id\":\"https:\/\/eurlhosnakamel.dz\/dz\/produit\/gants-de-securite-a3wfl\/#breadcrumb\",\"itemListElement\":[{\"@type\":\"ListItem\",\"position\":1,\"name\":\"Accueil\",\"item\":\"https:\/\/eurlhosnakamel.dz\/dz\/\"},{\"@type\":\"ListItem\",\"position\":2,\"name\":\"Shop\",\"item\":\"https:\/\/eurlhosnakamel.dz\/dz\/shop\/\"},{\"@type\":\"ListItem\",\"position\":3,\"name\":\"GANTS DE S\u00c9CURIT\u00c9 &#8211; A3WFL\"}]},{\"@type\":\"WebSite\",\"@id\":\"https:\/\/eurlhosnakamel.dz\/dz\/#website\",\"url\":\"https:\/\/eurlhosnakamel.dz\/dz\/\",\"name\":\"EURL HOSNA KAMEL\",\"description\":\"Fournisseur Premium d&#039;Outillages Professionnels en Alg\u00e9rie -\",\"publisher\":{\"@id\":\"https:\/\/eurlhosnakamel.dz\/dz\/#organization\"},\"potentialAction\":[{\"@type\":\"SearchAction\",\"target\":{\"@type\":\"EntryPoint\",\"urlTemplate\":\"https:\/\/eurlhosnakamel.dz\/dz\/?s={search_term_string}\"},\"query-input\":\"required name=search_term_string\"}],\"inLanguage\":\"fr-FR\"},{\"@type\":\"Organization\",\"@id\":\"https:\/\/eurlhosnakamel.dz\/dz\/#organization\",\"name\":\"EURL HOSNA KAMEL - Bosch alg\u00e9rie\",\"url\":\"https:\/\/eurlhosnakamel.dz\/dz\/\",\"logo\":{\"@type\":\"ImageObject\",\"inLanguage\":\"fr-FR\",\"@id\":\"https:\/\/eurlhosnakamel.dz\/dz\/#\/schema\/logo\/image\/\",\"url\":\"https:\/\/eurlhosnakamel.dz\/wp-content\/uploads\/2020\/04\/LOGO-HOSNA1.png\",\"contentUrl\":\"https:\/\/eurlhosnakamel.dz\/wp-content\/uploads\/2020\/04\/LOGO-HOSNA1.png\",\"width\":120,\"height\":127,\"caption\":\"EURL HOSNA KAMEL - Bosch alg\u00e9rie\"},\"image\":{\"@id\":\"https:\/\/eurlhosnakamel.dz\/dz\/#\/schema\/logo\/image\/\"},\"sameAs\":[\"https:\/\/www.facebook.com\/Eurl.Hosna.DZ\/\"]}]}<\/script>\n<!-- \/ Yoast SEO plugin. -->","yoast_head_json":{"title":"GANTS DE S\u00c9CURIT\u00c9 - A3WFL - EURL HOSNA KAMEL","description":"GANTS DE S\u00c9CURIT\u00c9 - A3WFL - EURL HOSNA KAMEL","robots":{"index":"index","follow":"follow","max-snippet":"max-snippet:-1","max-image-preview":"max-image-preview:large","max-video-preview":"max-video-preview:-1"},"canonical":"https:\/\/eurlhosnakamel.dz\/dz\/produit\/gants-de-securite-a3wfl\/","og_locale":"fr_FR","og_type":"article","og_title":"GANTS DE S\u00c9CURIT\u00c9 - A3WFL - EURL HOSNA KAMEL","og_description":"GANTS DE S\u00c9CURIT\u00c9 - A3WFL - EURL HOSNA KAMEL","og_url":"https:\/\/eurlhosnakamel.dz\/dz\/produit\/gants-de-securite-a3wfl\/","og_site_name":"EURL HOSNA KAMEL","article_publisher":"https:\/\/www.facebook.com\/Eurl.Hosna.DZ\/","article_modified_time":"2020-04-12T13:18:16+00:00","og_image":[{"width":512,"height":512,"url":"https:\/\/eurlhosnakamel.dz\/dz\/wp-content\/uploads\/2020\/04\/Sans-titre-1-6.jpg","type":"image\/jpeg"}],"twitter_card":"summary_large_image","schema":{"@context":"https:\/\/schema.org","@graph":[{"@type":"WebPage","@id":"https:\/\/eurlhosnakamel.dz\/dz\/produit\/gants-de-securite-a3wfl\/","url":"https:\/\/eurlhosnakamel.dz\/dz\/produit\/gants-de-securite-a3wfl\/","name":"GANTS DE S\u00c9CURIT\u00c9 - A3WFL - EURL HOSNA KAMEL","isPartOf":{"@id":"https:\/\/eurlhosnakamel.dz\/dz\/#website"},"primaryImageOfPage":{"@id":"https:\/\/eurlhosnakamel.dz\/dz\/produit\/gants-de-securite-a3wfl\/#primaryimage"},"image":{"@id":"https:\/\/eurlhosnakamel.dz\/dz\/produit\/gants-de-securite-a3wfl\/#primaryimage"},"thumbnailUrl":"https:\/\/eurlhosnakamel.dz\/dz\/wp-content\/uploads\/2020\/04\/Sans-titre-1-6.jpg","datePublished":"2020-04-12T13:15:38+00:00","dateModified":"2020-04-12T13:18:16+00:00","description":"GANTS DE S\u00c9CURIT\u00c9 - A3WFL - EURL HOSNA KAMEL","breadcrumb":{"@id":"https:\/\/eurlhosnakamel.dz\/dz\/produit\/gants-de-securite-a3wfl\/#breadcrumb"},"inLanguage":"fr-FR","potentialAction":[{"@type":"ReadAction","target":["https:\/\/eurlhosnakamel.dz\/dz\/produit\/gants-de-securite-a3wfl\/"]}]},{"@type":"ImageObject","inLanguage":"fr-FR","@id":"https:\/\/eurlhosnakamel.dz\/dz\/produit\/gants-de-securite-a3wfl\/#primaryimage","url":"https:\/\/eurlhosnakamel.dz\/dz\/wp-content\/uploads\/2020\/04\/Sans-titre-1-6.jpg","contentUrl":"https:\/\/eurlhosnakamel.dz\/dz\/wp-content\/uploads\/2020\/04\/Sans-titre-1-6.jpg","width":512,"height":512},{"@type":"BreadcrumbList","@id":"https:\/\/eurlhosnakamel.dz\/dz\/produit\/gants-de-securite-a3wfl\/#breadcrumb","itemListElement":[{"@type":"ListItem","position":1,"name":"Accueil","item":"https:\/\/eurlhosnakamel.dz\/dz\/"},{"@type":"ListItem","position":2,"name":"Shop","item":"https:\/\/eurlhosnakamel.dz\/dz\/shop\/"},{"@type":"ListItem","position":3,"name":"GANTS DE S\u00c9CURIT\u00c9 &#8211; A3WFL"}]},{"@type":"WebSite","@id":"https:\/\/eurlhosnakamel.dz\/dz\/#website","url":"https:\/\/eurlhosnakamel.dz\/dz\/","name":"EURL HOSNA KAMEL","description":"Fournisseur Premium d&#039;Outillages Professionnels en Alg\u00e9rie -","publisher":{"@id":"https:\/\/eurlhosnakamel.dz\/dz\/#organization"},"potentialAction":[{"@type":"SearchAction","target":{"@type":"EntryPoint","urlTemplate":"https:\/\/eurlhosnakamel.dz\/dz\/?s={search_term_string}"},"query-input":"required name=search_term_string"}],"inLanguage":"fr-FR"},{"@type":"Organization","@id":"https:\/\/eurlhosnakamel.dz\/dz\/#organization","name":"EURL HOSNA KAMEL - Bosch alg\u00e9rie","url":"https:\/\/eurlhosnakamel.dz\/dz\/","logo":{"@type":"ImageObject","inLanguage":"fr-FR","@id":"https:\/\/eurlhosnakamel.dz\/dz\/#\/schema\/logo\/image\/","url":"https:\/\/eurlhosnakamel.dz\/wp-content\/uploads\/2020\/04\/LOGO-HOSNA1.png","contentUrl":"https:\/\/eurlhosnakamel.dz\/wp-content\/uploads\/2020\/04\/LOGO-HOSNA1.png","width":120,"height":127,"caption":"EURL HOSNA KAMEL - Bosch alg\u00e9rie"},"image":{"@id":"https:\/\/eurlhosnakamel.dz\/dz\/#\/schema\/logo\/image\/"},"sameAs":["https:\/\/www.facebook.com\/Eurl.Hosna.DZ\/"]}]}},"_links":{"self":[{"href":"https:\/\/eurlhosnakamel.dz\/dz\/wp-json\/wp\/v2\/product\/4533","targetHints":{"allow":["GET"]}}],"collection":[{"href":"https:\/\/eurlhosnakamel.dz\/dz\/wp-json\/wp\/v2\/product"}],"about":[{"href":"https:\/\/eurlhosnakamel.dz\/dz\/wp-json\/wp\/v2\/types\/product"}],"wp:featuredmedia":[{"embeddable":true,"href":"https:\/\/eurlhosnakamel.dz\/dz\/wp-json\/wp\/v2\/media\/4535"}],"wp:attachment":[{"href":"https:\/\/eurlhosnakamel.dz\/dz\/wp-json\/wp\/v2\/media?parent=4533"}],"wp:term":[{"taxonomy":"product_cat","embeddable":true,"href":"https:\/\/eurlhosnakamel.dz\/dz\/wp-json\/wp\/v2\/product_cat?post=4533"},{"taxonomy":"product_tag","embeddable":true,"href":"https:\/\/eurlhosnakamel.dz\/dz\/wp-json\/wp\/v2\/product_tag?post=4533"}],"curies":[{"name":"wp","href":"https:\/\/api.w.org\/{rel}","templated":true}]}}