{"id":4657,"date":"2020-04-12T16:05:06","date_gmt":"2020-04-12T16:05:06","guid":{"rendered":"https:\/\/lhchosting.com\/hosna\/?post_type=product&#038;p=4657"},"modified":"2020-04-12T16:09:03","modified_gmt":"2020-04-12T16:09:03","slug":"harnais-de-securite-fa-10-104-01","status":"publish","type":"product","link":"https:\/\/eurlhosnakamel.dz\/dz\/produit\/harnais-de-securite-fa-10-104-01\/","title":{"rendered":"HARNAIS DE S\u00c9CURIT\u00c9 &#8211; FA 10 104 01"},"content":{"rendered":"<p><strong>Harnais antichute \u00abconfort\u00bb 2 points d\u2019accrochages avec 2 boucles automatiques<\/strong><\/p>\n<ul>\n<li><strong>Points d\u2019accrochage:<\/strong>\u00a01 D\u00e9 dorsal, 1 accrochage sternal form\u00e9 de 2 boucles textile pour syst\u00e8me antichute.<\/li>\n<li><strong>Adaptabilit\u00e9:<\/strong>\u00a0Epaules et cuisses ajustables.<\/li>\n<li><strong>Points forts:<\/strong>\u00a0Epaules et cuisses diff\u00e9renci\u00e9es par 2 couleurs distinctes.<\/li>\n<li><strong>Ergonomie:<\/strong>\u00a0Protection dorsale extr\u00eamement confortable.Boucles automatiques sur sangle des cuisses. Sangle sous fessi\u00e8re id\u00e9alement plac\u00e9e pour un meilleur confort de l\u2019utilisateur.<\/li>\n<li>Test\u00e9 pour une utilisation par une personne jusqu\u2019\u00e0 136kg.<\/li>\n<li><strong>Taille unique<\/strong>\u00a0(TU)<\/li>\n<\/ul>\n<p><img decoding=\"async\" class=\"alignnone wp-image-4643\" src=\"https:\/\/lhchosting.com\/hosna\/wp-content\/uploads\/2020\/04\/Sans-titre-3-5.jpg\" alt=\"\" width=\"250\" height=\"105\" srcset=\"https:\/\/eurlhosnakamel.dz\/dz\/wp-content\/uploads\/2020\/04\/Sans-titre-3-5.jpg 288w, https:\/\/eurlhosnakamel.dz\/dz\/wp-content\/uploads\/2020\/04\/Sans-titre-3-5-200x84.jpg 200w\" sizes=\"(max-width: 250px) 100vw, 250px\" \/><\/p>\n","protected":false},"excerpt":{"rendered":"<p dir=\"ltr\"><strong>Mati\u00e8res des sangles : Polyester<\/strong><br \/>\n<strong>Mati\u00e8res des boucles et D\u00e8s : Acier<\/strong><br \/>\n<strong>Taille : Unique<\/strong><br \/>\n<strong>Poids : \u00a01.35 kg<\/strong><\/p>\n","protected":false},"featured_media":4659,"template":"","meta":[],"product_cat":[557,639,637],"product_tag":[777],"class_list":{"0":"post-4657","1":"product","2":"type-product","3":"status-publish","4":"has-post-thumbnail","6":"product_cat-epi","7":"product_cat-harnais-de-securite","8":"product_cat-protection-antichute","9":"product_tag-harnais-de-securite-fa-10-104-01","10":"product_brand-a3-safe","12":"first","13":"instock","14":"shipping-taxable","15":"product-type-simple","16":"col-xs-6 col-sm-4","17":"col-md-3 col-lg-3","18":"un-4-cols"},"yoast_head":"<!-- This site is optimized with the Yoast SEO plugin v22.5 - https:\/\/yoast.com\/wordpress\/plugins\/seo\/ -->\n<title>HARNAIS DE S\u00c9CURIT\u00c9 - FA 10 104 01 - EURL HOSNA KAMEL<\/title>\n<meta name=\"description\" content=\"HARNAIS DE S\u00c9CURIT\u00c9 - FA 10 104 01 - EURL HOSNA KAMEL\" \/>\n<meta name=\"robots\" content=\"index, follow, max-snippet:-1, max-image-preview:large, max-video-preview:-1\" \/>\n<link rel=\"canonical\" href=\"https:\/\/eurlhosnakamel.dz\/dz\/produit\/harnais-de-securite-fa-10-104-01\/\" \/>\n<meta property=\"og:locale\" content=\"fr_FR\" \/>\n<meta property=\"og:type\" content=\"article\" \/>\n<meta property=\"og:title\" content=\"HARNAIS DE S\u00c9CURIT\u00c9 - FA 10 104 01 - EURL HOSNA KAMEL\" \/>\n<meta property=\"og:description\" content=\"HARNAIS DE S\u00c9CURIT\u00c9 - FA 10 104 01 - EURL HOSNA KAMEL\" \/>\n<meta property=\"og:url\" content=\"https:\/\/eurlhosnakamel.dz\/dz\/produit\/harnais-de-securite-fa-10-104-01\/\" \/>\n<meta property=\"og:site_name\" content=\"EURL HOSNA KAMEL\" \/>\n<meta property=\"article:publisher\" content=\"https:\/\/www.facebook.com\/Eurl.Hosna.DZ\/\" \/>\n<meta property=\"article:modified_time\" content=\"2020-04-12T16:09:03+00:00\" \/>\n<meta property=\"og:image\" content=\"https:\/\/eurlhosnakamel.dz\/dz\/wp-content\/uploads\/2020\/04\/Sans-titre-1-23.jpg\" \/>\n\t<meta property=\"og:image:width\" content=\"512\" \/>\n\t<meta property=\"og:image:height\" content=\"512\" \/>\n\t<meta property=\"og:image:type\" content=\"image\/jpeg\" \/>\n<meta name=\"twitter:card\" content=\"summary_large_image\" \/>\n<script type=\"application\/ld+json\" class=\"yoast-schema-graph\">{\"@context\":\"https:\/\/schema.org\",\"@graph\":[{\"@type\":\"WebPage\",\"@id\":\"https:\/\/eurlhosnakamel.dz\/dz\/produit\/harnais-de-securite-fa-10-104-01\/\",\"url\":\"https:\/\/eurlhosnakamel.dz\/dz\/produit\/harnais-de-securite-fa-10-104-01\/\",\"name\":\"HARNAIS DE S\u00c9CURIT\u00c9 - FA 10 104 01 - EURL HOSNA KAMEL\",\"isPartOf\":{\"@id\":\"https:\/\/eurlhosnakamel.dz\/dz\/#website\"},\"primaryImageOfPage\":{\"@id\":\"https:\/\/eurlhosnakamel.dz\/dz\/produit\/harnais-de-securite-fa-10-104-01\/#primaryimage\"},\"image\":{\"@id\":\"https:\/\/eurlhosnakamel.dz\/dz\/produit\/harnais-de-securite-fa-10-104-01\/#primaryimage\"},\"thumbnailUrl\":\"https:\/\/eurlhosnakamel.dz\/dz\/wp-content\/uploads\/2020\/04\/Sans-titre-1-23.jpg\",\"datePublished\":\"2020-04-12T16:05:06+00:00\",\"dateModified\":\"2020-04-12T16:09:03+00:00\",\"description\":\"HARNAIS DE S\u00c9CURIT\u00c9 - FA 10 104 01 - EURL HOSNA KAMEL\",\"breadcrumb\":{\"@id\":\"https:\/\/eurlhosnakamel.dz\/dz\/produit\/harnais-de-securite-fa-10-104-01\/#breadcrumb\"},\"inLanguage\":\"fr-FR\",\"potentialAction\":[{\"@type\":\"ReadAction\",\"target\":[\"https:\/\/eurlhosnakamel.dz\/dz\/produit\/harnais-de-securite-fa-10-104-01\/\"]}]},{\"@type\":\"ImageObject\",\"inLanguage\":\"fr-FR\",\"@id\":\"https:\/\/eurlhosnakamel.dz\/dz\/produit\/harnais-de-securite-fa-10-104-01\/#primaryimage\",\"url\":\"https:\/\/eurlhosnakamel.dz\/dz\/wp-content\/uploads\/2020\/04\/Sans-titre-1-23.jpg\",\"contentUrl\":\"https:\/\/eurlhosnakamel.dz\/dz\/wp-content\/uploads\/2020\/04\/Sans-titre-1-23.jpg\",\"width\":512,\"height\":512},{\"@type\":\"BreadcrumbList\",\"@id\":\"https:\/\/eurlhosnakamel.dz\/dz\/produit\/harnais-de-securite-fa-10-104-01\/#breadcrumb\",\"itemListElement\":[{\"@type\":\"ListItem\",\"position\":1,\"name\":\"Accueil\",\"item\":\"https:\/\/eurlhosnakamel.dz\/dz\/\"},{\"@type\":\"ListItem\",\"position\":2,\"name\":\"Shop\",\"item\":\"https:\/\/eurlhosnakamel.dz\/dz\/shop\/\"},{\"@type\":\"ListItem\",\"position\":3,\"name\":\"HARNAIS DE S\u00c9CURIT\u00c9 &#8211; FA 10 104 01\"}]},{\"@type\":\"WebSite\",\"@id\":\"https:\/\/eurlhosnakamel.dz\/dz\/#website\",\"url\":\"https:\/\/eurlhosnakamel.dz\/dz\/\",\"name\":\"EURL HOSNA KAMEL\",\"description\":\"Fournisseur Premium d&#039;Outillages Professionnels en Alg\u00e9rie -\",\"publisher\":{\"@id\":\"https:\/\/eurlhosnakamel.dz\/dz\/#organization\"},\"potentialAction\":[{\"@type\":\"SearchAction\",\"target\":{\"@type\":\"EntryPoint\",\"urlTemplate\":\"https:\/\/eurlhosnakamel.dz\/dz\/?s={search_term_string}\"},\"query-input\":\"required name=search_term_string\"}],\"inLanguage\":\"fr-FR\"},{\"@type\":\"Organization\",\"@id\":\"https:\/\/eurlhosnakamel.dz\/dz\/#organization\",\"name\":\"EURL HOSNA KAMEL - Bosch alg\u00e9rie\",\"url\":\"https:\/\/eurlhosnakamel.dz\/dz\/\",\"logo\":{\"@type\":\"ImageObject\",\"inLanguage\":\"fr-FR\",\"@id\":\"https:\/\/eurlhosnakamel.dz\/dz\/#\/schema\/logo\/image\/\",\"url\":\"https:\/\/eurlhosnakamel.dz\/wp-content\/uploads\/2020\/04\/LOGO-HOSNA1.png\",\"contentUrl\":\"https:\/\/eurlhosnakamel.dz\/wp-content\/uploads\/2020\/04\/LOGO-HOSNA1.png\",\"width\":120,\"height\":127,\"caption\":\"EURL HOSNA KAMEL - Bosch alg\u00e9rie\"},\"image\":{\"@id\":\"https:\/\/eurlhosnakamel.dz\/dz\/#\/schema\/logo\/image\/\"},\"sameAs\":[\"https:\/\/www.facebook.com\/Eurl.Hosna.DZ\/\"]}]}<\/script>\n<!-- \/ Yoast SEO plugin. -->","yoast_head_json":{"title":"HARNAIS DE S\u00c9CURIT\u00c9 - FA 10 104 01 - EURL HOSNA KAMEL","description":"HARNAIS DE S\u00c9CURIT\u00c9 - FA 10 104 01 - EURL HOSNA KAMEL","robots":{"index":"index","follow":"follow","max-snippet":"max-snippet:-1","max-image-preview":"max-image-preview:large","max-video-preview":"max-video-preview:-1"},"canonical":"https:\/\/eurlhosnakamel.dz\/dz\/produit\/harnais-de-securite-fa-10-104-01\/","og_locale":"fr_FR","og_type":"article","og_title":"HARNAIS DE S\u00c9CURIT\u00c9 - FA 10 104 01 - EURL HOSNA KAMEL","og_description":"HARNAIS DE S\u00c9CURIT\u00c9 - FA 10 104 01 - EURL HOSNA KAMEL","og_url":"https:\/\/eurlhosnakamel.dz\/dz\/produit\/harnais-de-securite-fa-10-104-01\/","og_site_name":"EURL HOSNA KAMEL","article_publisher":"https:\/\/www.facebook.com\/Eurl.Hosna.DZ\/","article_modified_time":"2020-04-12T16:09:03+00:00","og_image":[{"width":512,"height":512,"url":"https:\/\/eurlhosnakamel.dz\/dz\/wp-content\/uploads\/2020\/04\/Sans-titre-1-23.jpg","type":"image\/jpeg"}],"twitter_card":"summary_large_image","schema":{"@context":"https:\/\/schema.org","@graph":[{"@type":"WebPage","@id":"https:\/\/eurlhosnakamel.dz\/dz\/produit\/harnais-de-securite-fa-10-104-01\/","url":"https:\/\/eurlhosnakamel.dz\/dz\/produit\/harnais-de-securite-fa-10-104-01\/","name":"HARNAIS DE S\u00c9CURIT\u00c9 - FA 10 104 01 - EURL HOSNA KAMEL","isPartOf":{"@id":"https:\/\/eurlhosnakamel.dz\/dz\/#website"},"primaryImageOfPage":{"@id":"https:\/\/eurlhosnakamel.dz\/dz\/produit\/harnais-de-securite-fa-10-104-01\/#primaryimage"},"image":{"@id":"https:\/\/eurlhosnakamel.dz\/dz\/produit\/harnais-de-securite-fa-10-104-01\/#primaryimage"},"thumbnailUrl":"https:\/\/eurlhosnakamel.dz\/dz\/wp-content\/uploads\/2020\/04\/Sans-titre-1-23.jpg","datePublished":"2020-04-12T16:05:06+00:00","dateModified":"2020-04-12T16:09:03+00:00","description":"HARNAIS DE S\u00c9CURIT\u00c9 - FA 10 104 01 - EURL HOSNA KAMEL","breadcrumb":{"@id":"https:\/\/eurlhosnakamel.dz\/dz\/produit\/harnais-de-securite-fa-10-104-01\/#breadcrumb"},"inLanguage":"fr-FR","potentialAction":[{"@type":"ReadAction","target":["https:\/\/eurlhosnakamel.dz\/dz\/produit\/harnais-de-securite-fa-10-104-01\/"]}]},{"@type":"ImageObject","inLanguage":"fr-FR","@id":"https:\/\/eurlhosnakamel.dz\/dz\/produit\/harnais-de-securite-fa-10-104-01\/#primaryimage","url":"https:\/\/eurlhosnakamel.dz\/dz\/wp-content\/uploads\/2020\/04\/Sans-titre-1-23.jpg","contentUrl":"https:\/\/eurlhosnakamel.dz\/dz\/wp-content\/uploads\/2020\/04\/Sans-titre-1-23.jpg","width":512,"height":512},{"@type":"BreadcrumbList","@id":"https:\/\/eurlhosnakamel.dz\/dz\/produit\/harnais-de-securite-fa-10-104-01\/#breadcrumb","itemListElement":[{"@type":"ListItem","position":1,"name":"Accueil","item":"https:\/\/eurlhosnakamel.dz\/dz\/"},{"@type":"ListItem","position":2,"name":"Shop","item":"https:\/\/eurlhosnakamel.dz\/dz\/shop\/"},{"@type":"ListItem","position":3,"name":"HARNAIS DE S\u00c9CURIT\u00c9 &#8211; FA 10 104 01"}]},{"@type":"WebSite","@id":"https:\/\/eurlhosnakamel.dz\/dz\/#website","url":"https:\/\/eurlhosnakamel.dz\/dz\/","name":"EURL HOSNA KAMEL","description":"Fournisseur Premium d&#039;Outillages Professionnels en Alg\u00e9rie -","publisher":{"@id":"https:\/\/eurlhosnakamel.dz\/dz\/#organization"},"potentialAction":[{"@type":"SearchAction","target":{"@type":"EntryPoint","urlTemplate":"https:\/\/eurlhosnakamel.dz\/dz\/?s={search_term_string}"},"query-input":"required name=search_term_string"}],"inLanguage":"fr-FR"},{"@type":"Organization","@id":"https:\/\/eurlhosnakamel.dz\/dz\/#organization","name":"EURL HOSNA KAMEL - Bosch alg\u00e9rie","url":"https:\/\/eurlhosnakamel.dz\/dz\/","logo":{"@type":"ImageObject","inLanguage":"fr-FR","@id":"https:\/\/eurlhosnakamel.dz\/dz\/#\/schema\/logo\/image\/","url":"https:\/\/eurlhosnakamel.dz\/wp-content\/uploads\/2020\/04\/LOGO-HOSNA1.png","contentUrl":"https:\/\/eurlhosnakamel.dz\/wp-content\/uploads\/2020\/04\/LOGO-HOSNA1.png","width":120,"height":127,"caption":"EURL HOSNA KAMEL - Bosch alg\u00e9rie"},"image":{"@id":"https:\/\/eurlhosnakamel.dz\/dz\/#\/schema\/logo\/image\/"},"sameAs":["https:\/\/www.facebook.com\/Eurl.Hosna.DZ\/"]}]}},"_links":{"self":[{"href":"https:\/\/eurlhosnakamel.dz\/dz\/wp-json\/wp\/v2\/product\/4657","targetHints":{"allow":["GET"]}}],"collection":[{"href":"https:\/\/eurlhosnakamel.dz\/dz\/wp-json\/wp\/v2\/product"}],"about":[{"href":"https:\/\/eurlhosnakamel.dz\/dz\/wp-json\/wp\/v2\/types\/product"}],"wp:featuredmedia":[{"embeddable":true,"href":"https:\/\/eurlhosnakamel.dz\/dz\/wp-json\/wp\/v2\/media\/4659"}],"wp:attachment":[{"href":"https:\/\/eurlhosnakamel.dz\/dz\/wp-json\/wp\/v2\/media?parent=4657"}],"wp:term":[{"taxonomy":"product_cat","embeddable":true,"href":"https:\/\/eurlhosnakamel.dz\/dz\/wp-json\/wp\/v2\/product_cat?post=4657"},{"taxonomy":"product_tag","embeddable":true,"href":"https:\/\/eurlhosnakamel.dz\/dz\/wp-json\/wp\/v2\/product_tag?post=4657"}],"curies":[{"name":"wp","href":"https:\/\/api.w.org\/{rel}","templated":true}]}}