{"id":4843,"date":"2020-04-13T13:12:26","date_gmt":"2020-04-13T13:12:26","guid":{"rendered":"https:\/\/lhchosting.com\/hosna\/?post_type=product&#038;p=4843"},"modified":"2021-12-19T09:22:27","modified_gmt":"2021-12-19T09:22:27","slug":"bosch-ponceuse-excentrique-250w-125mm-gex125-1ae","status":"publish","type":"product","link":"https:\/\/eurlhosnakamel.dz\/dz\/produit\/bosch-ponceuse-excentrique-250w-125mm-gex125-1ae\/","title":{"rendered":"Ponceuse excentrique 125 mm 250 Watts GEX 125-1 AE"},"content":{"rendered":"<h4><strong>Caract\u00e9ristiques techniques<\/strong><\/h4>\n<table width=\"457\">\n<thead>\n<tr>\n<td colspan=\"2\"><strong>Les caract\u00e9ristiques les plus importantes<\/strong><\/td>\n<\/tr>\n<\/thead>\n<tbody>\n<tr>\n<td>\u00d8 du plateau de pon\u00e7age<\/td>\n<td>125 mm<\/td>\n<\/tr>\n<tr>\n<td>R\u00e9gime \u00e0 vide<\/td>\n<td>7.500 \u2013 12.000 tr\/min<\/td>\n<\/tr>\n<tr>\n<td>Mouvements orbitaux<\/td>\n<td>15.000 \u2013 24.000 osc\/min<\/td>\n<\/tr>\n<tr>\n<td>Excentricit\u00e9<\/td>\n<td>1,25 mm<\/td>\n<\/tr>\n<tr>\n<td>Fixation de la feuille abrasive<\/td>\n<td>Syst\u00e8me de fixation auto-agrippant<\/td>\n<\/tr>\n<tr>\n<td>Puissance absorb\u00e9e nominale<\/td>\n<td>250 W<\/td>\n<\/tr>\n<tr>\n<td>Poids<\/td>\n<td>1,3 kg<\/td>\n<\/tr>\n<tr>\n<td>Diam\u00e8tre d\u2019amplitude<\/td>\n<td>2,5 mm<\/td>\n<\/tr>\n<tr>\n<td>Dimensions de l\u2019emballage (longueur x largeur x hauteur)<\/td>\n<td>160 x 240 x 135 mm<\/td>\n<\/tr>\n<tr>\n<td>Tension, \u00e9lectrique<\/td>\n<td>230 V<\/td>\n<\/tr>\n<\/tbody>\n<\/table>\n<p>Information sur les bruits\/vibrations<\/p>\n<p>Valeurs totales des vibrations (somme de vecteurs de trois sens)<\/p>\n<table width=\"457\">\n<thead>\n<tr>\n<td colspan=\"2\"><\/td>\n<\/tr>\n<\/thead>\n<tbody>\n<tr>\n<td>Niveau de pression acoustique<\/td>\n<td>77 dB(A)<\/td>\n<\/tr>\n<tr>\n<td>Niveau de puissance acoustique<\/td>\n<td>88 dB(A)<\/td>\n<\/tr>\n<tr>\n<td>Incertitude K<\/td>\n<td>2,8 dB<\/td>\n<\/tr>\n<\/tbody>\n<\/table>\n<p>&nbsp;<\/p>\n<table width=\"457\">\n<thead>\n<tr>\n<td colspan=\"2\">Pon\u00e7age de bois massif<\/td>\n<\/tr>\n<\/thead>\n<tbody>\n<tr>\n<td>Valeur d&#8217;\u00e9mission vibratoire ah<\/td>\n<td>5 m\/s\u00b2<\/td>\n<\/tr>\n<tr>\n<td>Incertitude K<\/td>\n<td>1,5 m\/s\u00b2<\/td>\n<\/tr>\n<\/tbody>\n<\/table>\n<h4><strong>Avantages<\/strong><\/h4>\n<p><strong>Ponceuse excentrique d\u2019entr\u00e9e de gamme de la cat\u00e9gorie 125 mm pour petites surfaces et retouches localis\u00e9es<\/strong><\/p>\n<ul>\n<li>Grand confort m\u00eame pour les travaux en hauteur gr\u00e2ce \u00e0 la forme compacte et ergonomique avec diff\u00e9rentes positions de pr\u00e9hension<\/li>\n<li>Pr\u00e9s\u00e9lection de vitesse pour une utilisation sur de multiples mat\u00e9riaux<\/li>\n<li>Bo\u00eetier collecteur de poussi\u00e8re avec syst\u00e8me microfiltre Bosch int\u00e9gr\u00e9 pour un travail quasiment sans poussi\u00e8re<\/li>\n<\/ul>\n<p>La GEX 125-1 AE Professional est la ponceuse excentrique filaire d\u2019entr\u00e9e de gamme Bosch de la cat\u00e9gorie 125 mm, con\u00e7ue pour les petites surfaces et les retouches localis\u00e9es. Sa forme compacte et ergonomique avec diff\u00e9rentes positions de pr\u00e9hension offre un grand confort, m\u00eame pour les travaux en hauteur. La pr\u00e9s\u00e9lection de vitesse permet une utilisation sur de multiples mat\u00e9riaux. Son bo\u00eetier collecteur de poussi\u00e8re int\u00e8gre un microfiltre Bosch assurant une aspiration efficace des poussi\u00e8res pour un travail quasiment sans poussi\u00e8re. Cette ponceuse excentrique est con\u00e7ue pour les pon\u00e7ages grossiers et interm\u00e9diaires, l\u2019enl\u00e8vement de peintures et vernis et la finition de surfaces sur une grande vari\u00e9t\u00e9 de mat\u00e9riaux. Elle est utilisable sur le bois, le bois plaqu\u00e9, les laques et vernis, le mastic ainsi que sur les surfaces min\u00e9rales et acryliques. L\u2019outil est compatible avec le syst\u00e8me Click &amp; Clean Bosch.<\/p>\n<p>La GEX 125-1 AE Professional poss\u00e8de un plateau de pon\u00e7age avec syst\u00e8me auto-agrippant pour une fixation facile du disque abrasif.<\/p>\n","protected":false},"excerpt":{"rendered":"<h4><strong>Avec pack d\u2019accessoires<\/strong><br \/>\n<strong>Ponceuse excentrique d\u2019entr\u00e9e de gamme de la cat\u00e9gorie 125 mm pour petites surfaces et retouches localis\u00e9es<\/strong><\/h4>\n<p><img decoding=\"async\" class=\"alignnone size-medium wp-image-4855\" src=\"https:\/\/lhchosting.com\/hosna\/wp-content\/uploads\/2020\/04\/BOSCH-PONCEUSE-EXCENTRIQUE-250W-125mm-GEX125-1AE-icones-eurl-hosna-kamel-algerie-300x125.jpg\" alt=\"\" width=\"300\" height=\"125\" srcset=\"https:\/\/eurlhosnakamel.dz\/dz\/wp-content\/uploads\/2020\/04\/BOSCH-PONCEUSE-EXCENTRIQUE-250W-125mm-GEX125-1AE-icones-eurl-hosna-kamel-algerie-300x125.jpg 300w, https:\/\/eurlhosnakamel.dz\/dz\/wp-content\/uploads\/2020\/04\/BOSCH-PONCEUSE-EXCENTRIQUE-250W-125mm-GEX125-1AE-icones-eurl-hosna-kamel-algerie-500x208.jpg 500w, https:\/\/eurlhosnakamel.dz\/dz\/wp-content\/uploads\/2020\/04\/BOSCH-PONCEUSE-EXCENTRIQUE-250W-125mm-GEX125-1AE-icones-eurl-hosna-kamel-algerie-370x154.jpg 370w, https:\/\/eurlhosnakamel.dz\/dz\/wp-content\/uploads\/2020\/04\/BOSCH-PONCEUSE-EXCENTRIQUE-250W-125mm-GEX125-1AE-icones-eurl-hosna-kamel-algerie-200x83.jpg 200w, https:\/\/eurlhosnakamel.dz\/dz\/wp-content\/uploads\/2020\/04\/BOSCH-PONCEUSE-EXCENTRIQUE-250W-125mm-GEX125-1AE-icones-eurl-hosna-kamel-algerie.jpg 546w\" sizes=\"(max-width: 300px) 100vw, 300px\" \/><\/p>\n","protected":false},"featured_media":4845,"template":"","meta":[],"product_cat":[405,441],"product_tag":[809,2442],"class_list":{"0":"post-4843","1":"product","2":"type-product","3":"status-publish","4":"has-post-thumbnail","6":"product_cat-outillage","7":"product_cat-outillage-filaire","8":"product_tag-bosch-ponceuse-excentrique-250w-125mm-gex125-1ae","9":"product_tag-gex-125-1-ae","10":"product_brand-bosch-outillage","12":"first","13":"instock","14":"shipping-taxable","15":"product-type-simple","16":"col-xs-6 col-sm-4","17":"col-md-3 col-lg-3","18":"un-4-cols"},"yoast_head":"<!-- This site is optimized with the Yoast SEO plugin v22.5 - https:\/\/yoast.com\/wordpress\/plugins\/seo\/ -->\n<title>Ponceuse excentrique 125 mm 250 Watts GEX 125-1 AE - EURL HOSNA KAMEL<\/title>\n<meta name=\"description\" content=\"Ponceuse excentrique 125 mm 250 Watts GEX 125-1 AE - EURL HOSNA KAMEL\" \/>\n<meta name=\"robots\" content=\"index, follow, max-snippet:-1, max-image-preview:large, max-video-preview:-1\" \/>\n<link rel=\"canonical\" href=\"https:\/\/eurlhosnakamel.dz\/dz\/produit\/bosch-ponceuse-excentrique-250w-125mm-gex125-1ae\/\" \/>\n<meta property=\"og:locale\" content=\"fr_FR\" \/>\n<meta property=\"og:type\" content=\"article\" \/>\n<meta property=\"og:title\" content=\"Ponceuse excentrique 125 mm 250 Watts GEX 125-1 AE - EURL HOSNA KAMEL\" \/>\n<meta property=\"og:description\" content=\"Ponceuse excentrique 125 mm 250 Watts GEX 125-1 AE - EURL HOSNA KAMEL\" \/>\n<meta property=\"og:url\" content=\"https:\/\/eurlhosnakamel.dz\/dz\/produit\/bosch-ponceuse-excentrique-250w-125mm-gex125-1ae\/\" \/>\n<meta property=\"og:site_name\" content=\"EURL HOSNA KAMEL\" \/>\n<meta property=\"article:publisher\" content=\"https:\/\/www.facebook.com\/Eurl.Hosna.DZ\/\" \/>\n<meta property=\"article:modified_time\" content=\"2021-12-19T09:22:27+00:00\" \/>\n<meta property=\"og:image\" content=\"https:\/\/eurlhosnakamel.dz\/dz\/wp-content\/uploads\/2020\/04\/BOSCH-PONCEUSE-EXCENTRIQUE-250W-125mm-GEX125-1AE-eurl-hosna-kamel-algerie.jpg\" \/>\n\t<meta property=\"og:image:width\" content=\"512\" \/>\n\t<meta property=\"og:image:height\" content=\"512\" \/>\n\t<meta property=\"og:image:type\" content=\"image\/jpeg\" \/>\n<meta name=\"twitter:card\" content=\"summary_large_image\" \/>\n<meta name=\"twitter:label1\" content=\"Dur\u00e9e de lecture estim\u00e9e\" \/>\n\t<meta name=\"twitter:data1\" content=\"2 minutes\" \/>\n<script type=\"application\/ld+json\" class=\"yoast-schema-graph\">{\"@context\":\"https:\/\/schema.org\",\"@graph\":[{\"@type\":\"WebPage\",\"@id\":\"https:\/\/eurlhosnakamel.dz\/dz\/produit\/bosch-ponceuse-excentrique-250w-125mm-gex125-1ae\/\",\"url\":\"https:\/\/eurlhosnakamel.dz\/dz\/produit\/bosch-ponceuse-excentrique-250w-125mm-gex125-1ae\/\",\"name\":\"Ponceuse excentrique 125 mm 250 Watts GEX 125-1 AE - EURL HOSNA KAMEL\",\"isPartOf\":{\"@id\":\"https:\/\/eurlhosnakamel.dz\/dz\/#website\"},\"primaryImageOfPage\":{\"@id\":\"https:\/\/eurlhosnakamel.dz\/dz\/produit\/bosch-ponceuse-excentrique-250w-125mm-gex125-1ae\/#primaryimage\"},\"image\":{\"@id\":\"https:\/\/eurlhosnakamel.dz\/dz\/produit\/bosch-ponceuse-excentrique-250w-125mm-gex125-1ae\/#primaryimage\"},\"thumbnailUrl\":\"https:\/\/eurlhosnakamel.dz\/dz\/wp-content\/uploads\/2020\/04\/BOSCH-PONCEUSE-EXCENTRIQUE-250W-125mm-GEX125-1AE-eurl-hosna-kamel-algerie.jpg\",\"datePublished\":\"2020-04-13T13:12:26+00:00\",\"dateModified\":\"2021-12-19T09:22:27+00:00\",\"description\":\"Ponceuse excentrique 125 mm 250 Watts GEX 125-1 AE - EURL HOSNA KAMEL\",\"breadcrumb\":{\"@id\":\"https:\/\/eurlhosnakamel.dz\/dz\/produit\/bosch-ponceuse-excentrique-250w-125mm-gex125-1ae\/#breadcrumb\"},\"inLanguage\":\"fr-FR\",\"potentialAction\":[{\"@type\":\"ReadAction\",\"target\":[\"https:\/\/eurlhosnakamel.dz\/dz\/produit\/bosch-ponceuse-excentrique-250w-125mm-gex125-1ae\/\"]}]},{\"@type\":\"ImageObject\",\"inLanguage\":\"fr-FR\",\"@id\":\"https:\/\/eurlhosnakamel.dz\/dz\/produit\/bosch-ponceuse-excentrique-250w-125mm-gex125-1ae\/#primaryimage\",\"url\":\"https:\/\/eurlhosnakamel.dz\/dz\/wp-content\/uploads\/2020\/04\/BOSCH-PONCEUSE-EXCENTRIQUE-250W-125mm-GEX125-1AE-eurl-hosna-kamel-algerie.jpg\",\"contentUrl\":\"https:\/\/eurlhosnakamel.dz\/dz\/wp-content\/uploads\/2020\/04\/BOSCH-PONCEUSE-EXCENTRIQUE-250W-125mm-GEX125-1AE-eurl-hosna-kamel-algerie.jpg\",\"width\":512,\"height\":512},{\"@type\":\"BreadcrumbList\",\"@id\":\"https:\/\/eurlhosnakamel.dz\/dz\/produit\/bosch-ponceuse-excentrique-250w-125mm-gex125-1ae\/#breadcrumb\",\"itemListElement\":[{\"@type\":\"ListItem\",\"position\":1,\"name\":\"Accueil\",\"item\":\"https:\/\/eurlhosnakamel.dz\/dz\/\"},{\"@type\":\"ListItem\",\"position\":2,\"name\":\"Shop\",\"item\":\"https:\/\/eurlhosnakamel.dz\/dz\/shop\/\"},{\"@type\":\"ListItem\",\"position\":3,\"name\":\"Ponceuse excentrique 125 mm 250 Watts GEX 125-1 AE\"}]},{\"@type\":\"WebSite\",\"@id\":\"https:\/\/eurlhosnakamel.dz\/dz\/#website\",\"url\":\"https:\/\/eurlhosnakamel.dz\/dz\/\",\"name\":\"EURL HOSNA KAMEL\",\"description\":\"Fournisseur Premium d&#039;Outillages Professionnels en Alg\u00e9rie -\",\"publisher\":{\"@id\":\"https:\/\/eurlhosnakamel.dz\/dz\/#organization\"},\"potentialAction\":[{\"@type\":\"SearchAction\",\"target\":{\"@type\":\"EntryPoint\",\"urlTemplate\":\"https:\/\/eurlhosnakamel.dz\/dz\/?s={search_term_string}\"},\"query-input\":\"required name=search_term_string\"}],\"inLanguage\":\"fr-FR\"},{\"@type\":\"Organization\",\"@id\":\"https:\/\/eurlhosnakamel.dz\/dz\/#organization\",\"name\":\"EURL HOSNA KAMEL - Bosch alg\u00e9rie\",\"url\":\"https:\/\/eurlhosnakamel.dz\/dz\/\",\"logo\":{\"@type\":\"ImageObject\",\"inLanguage\":\"fr-FR\",\"@id\":\"https:\/\/eurlhosnakamel.dz\/dz\/#\/schema\/logo\/image\/\",\"url\":\"https:\/\/eurlhosnakamel.dz\/wp-content\/uploads\/2020\/04\/LOGO-HOSNA1.png\",\"contentUrl\":\"https:\/\/eurlhosnakamel.dz\/wp-content\/uploads\/2020\/04\/LOGO-HOSNA1.png\",\"width\":120,\"height\":127,\"caption\":\"EURL HOSNA KAMEL - Bosch alg\u00e9rie\"},\"image\":{\"@id\":\"https:\/\/eurlhosnakamel.dz\/dz\/#\/schema\/logo\/image\/\"},\"sameAs\":[\"https:\/\/www.facebook.com\/Eurl.Hosna.DZ\/\"]}]}<\/script>\n<!-- \/ Yoast SEO plugin. -->","yoast_head_json":{"title":"Ponceuse excentrique 125 mm 250 Watts GEX 125-1 AE - EURL HOSNA KAMEL","description":"Ponceuse excentrique 125 mm 250 Watts GEX 125-1 AE - EURL HOSNA KAMEL","robots":{"index":"index","follow":"follow","max-snippet":"max-snippet:-1","max-image-preview":"max-image-preview:large","max-video-preview":"max-video-preview:-1"},"canonical":"https:\/\/eurlhosnakamel.dz\/dz\/produit\/bosch-ponceuse-excentrique-250w-125mm-gex125-1ae\/","og_locale":"fr_FR","og_type":"article","og_title":"Ponceuse excentrique 125 mm 250 Watts GEX 125-1 AE - EURL HOSNA KAMEL","og_description":"Ponceuse excentrique 125 mm 250 Watts GEX 125-1 AE - EURL HOSNA KAMEL","og_url":"https:\/\/eurlhosnakamel.dz\/dz\/produit\/bosch-ponceuse-excentrique-250w-125mm-gex125-1ae\/","og_site_name":"EURL HOSNA KAMEL","article_publisher":"https:\/\/www.facebook.com\/Eurl.Hosna.DZ\/","article_modified_time":"2021-12-19T09:22:27+00:00","og_image":[{"width":512,"height":512,"url":"https:\/\/eurlhosnakamel.dz\/dz\/wp-content\/uploads\/2020\/04\/BOSCH-PONCEUSE-EXCENTRIQUE-250W-125mm-GEX125-1AE-eurl-hosna-kamel-algerie.jpg","type":"image\/jpeg"}],"twitter_card":"summary_large_image","twitter_misc":{"Dur\u00e9e de lecture estim\u00e9e":"2 minutes"},"schema":{"@context":"https:\/\/schema.org","@graph":[{"@type":"WebPage","@id":"https:\/\/eurlhosnakamel.dz\/dz\/produit\/bosch-ponceuse-excentrique-250w-125mm-gex125-1ae\/","url":"https:\/\/eurlhosnakamel.dz\/dz\/produit\/bosch-ponceuse-excentrique-250w-125mm-gex125-1ae\/","name":"Ponceuse excentrique 125 mm 250 Watts GEX 125-1 AE - EURL HOSNA KAMEL","isPartOf":{"@id":"https:\/\/eurlhosnakamel.dz\/dz\/#website"},"primaryImageOfPage":{"@id":"https:\/\/eurlhosnakamel.dz\/dz\/produit\/bosch-ponceuse-excentrique-250w-125mm-gex125-1ae\/#primaryimage"},"image":{"@id":"https:\/\/eurlhosnakamel.dz\/dz\/produit\/bosch-ponceuse-excentrique-250w-125mm-gex125-1ae\/#primaryimage"},"thumbnailUrl":"https:\/\/eurlhosnakamel.dz\/dz\/wp-content\/uploads\/2020\/04\/BOSCH-PONCEUSE-EXCENTRIQUE-250W-125mm-GEX125-1AE-eurl-hosna-kamel-algerie.jpg","datePublished":"2020-04-13T13:12:26+00:00","dateModified":"2021-12-19T09:22:27+00:00","description":"Ponceuse excentrique 125 mm 250 Watts GEX 125-1 AE - EURL HOSNA KAMEL","breadcrumb":{"@id":"https:\/\/eurlhosnakamel.dz\/dz\/produit\/bosch-ponceuse-excentrique-250w-125mm-gex125-1ae\/#breadcrumb"},"inLanguage":"fr-FR","potentialAction":[{"@type":"ReadAction","target":["https:\/\/eurlhosnakamel.dz\/dz\/produit\/bosch-ponceuse-excentrique-250w-125mm-gex125-1ae\/"]}]},{"@type":"ImageObject","inLanguage":"fr-FR","@id":"https:\/\/eurlhosnakamel.dz\/dz\/produit\/bosch-ponceuse-excentrique-250w-125mm-gex125-1ae\/#primaryimage","url":"https:\/\/eurlhosnakamel.dz\/dz\/wp-content\/uploads\/2020\/04\/BOSCH-PONCEUSE-EXCENTRIQUE-250W-125mm-GEX125-1AE-eurl-hosna-kamel-algerie.jpg","contentUrl":"https:\/\/eurlhosnakamel.dz\/dz\/wp-content\/uploads\/2020\/04\/BOSCH-PONCEUSE-EXCENTRIQUE-250W-125mm-GEX125-1AE-eurl-hosna-kamel-algerie.jpg","width":512,"height":512},{"@type":"BreadcrumbList","@id":"https:\/\/eurlhosnakamel.dz\/dz\/produit\/bosch-ponceuse-excentrique-250w-125mm-gex125-1ae\/#breadcrumb","itemListElement":[{"@type":"ListItem","position":1,"name":"Accueil","item":"https:\/\/eurlhosnakamel.dz\/dz\/"},{"@type":"ListItem","position":2,"name":"Shop","item":"https:\/\/eurlhosnakamel.dz\/dz\/shop\/"},{"@type":"ListItem","position":3,"name":"Ponceuse excentrique 125 mm 250 Watts GEX 125-1 AE"}]},{"@type":"WebSite","@id":"https:\/\/eurlhosnakamel.dz\/dz\/#website","url":"https:\/\/eurlhosnakamel.dz\/dz\/","name":"EURL HOSNA KAMEL","description":"Fournisseur Premium d&#039;Outillages Professionnels en Alg\u00e9rie -","publisher":{"@id":"https:\/\/eurlhosnakamel.dz\/dz\/#organization"},"potentialAction":[{"@type":"SearchAction","target":{"@type":"EntryPoint","urlTemplate":"https:\/\/eurlhosnakamel.dz\/dz\/?s={search_term_string}"},"query-input":"required name=search_term_string"}],"inLanguage":"fr-FR"},{"@type":"Organization","@id":"https:\/\/eurlhosnakamel.dz\/dz\/#organization","name":"EURL HOSNA KAMEL - Bosch alg\u00e9rie","url":"https:\/\/eurlhosnakamel.dz\/dz\/","logo":{"@type":"ImageObject","inLanguage":"fr-FR","@id":"https:\/\/eurlhosnakamel.dz\/dz\/#\/schema\/logo\/image\/","url":"https:\/\/eurlhosnakamel.dz\/wp-content\/uploads\/2020\/04\/LOGO-HOSNA1.png","contentUrl":"https:\/\/eurlhosnakamel.dz\/wp-content\/uploads\/2020\/04\/LOGO-HOSNA1.png","width":120,"height":127,"caption":"EURL HOSNA KAMEL - Bosch alg\u00e9rie"},"image":{"@id":"https:\/\/eurlhosnakamel.dz\/dz\/#\/schema\/logo\/image\/"},"sameAs":["https:\/\/www.facebook.com\/Eurl.Hosna.DZ\/"]}]}},"_links":{"self":[{"href":"https:\/\/eurlhosnakamel.dz\/dz\/wp-json\/wp\/v2\/product\/4843","targetHints":{"allow":["GET"]}}],"collection":[{"href":"https:\/\/eurlhosnakamel.dz\/dz\/wp-json\/wp\/v2\/product"}],"about":[{"href":"https:\/\/eurlhosnakamel.dz\/dz\/wp-json\/wp\/v2\/types\/product"}],"wp:featuredmedia":[{"embeddable":true,"href":"https:\/\/eurlhosnakamel.dz\/dz\/wp-json\/wp\/v2\/media\/4845"}],"wp:attachment":[{"href":"https:\/\/eurlhosnakamel.dz\/dz\/wp-json\/wp\/v2\/media?parent=4843"}],"wp:term":[{"taxonomy":"product_cat","embeddable":true,"href":"https:\/\/eurlhosnakamel.dz\/dz\/wp-json\/wp\/v2\/product_cat?post=4843"},{"taxonomy":"product_tag","embeddable":true,"href":"https:\/\/eurlhosnakamel.dz\/dz\/wp-json\/wp\/v2\/product_tag?post=4843"}],"curies":[{"name":"wp","href":"https:\/\/api.w.org\/{rel}","templated":true}]}}