{"id":4865,"date":"2020-04-13T13:37:03","date_gmt":"2020-04-13T13:37:03","guid":{"rendered":"https:\/\/lhchosting.com\/hosna\/?post_type=product&#038;p=4865"},"modified":"2021-12-19T09:22:25","modified_gmt":"2021-12-19T09:22:25","slug":"bosch-ponceuse-vibrante-gss23a-92x182mm-190w","status":"publish","type":"product","link":"https:\/\/eurlhosnakamel.dz\/dz\/produit\/bosch-ponceuse-vibrante-gss23a-92x182mm-190w\/","title":{"rendered":"Ponceuse vibrante 92 x 182 mm 190 Watts GSS 23 A"},"content":{"rendered":"<h4><strong>Caract\u00e9ristiques techniques<\/strong><\/h4>\n<table width=\"750\">\n<thead>\n<tr>\n<td colspan=\"2\"><strong>Donn\u00e9es suppl\u00e9mentaires<\/strong><\/td>\n<\/tr>\n<\/thead>\n<tbody>\n<tr>\n<td>Puissance absorb\u00e9e nominale*<\/td>\n<td>190<\/p>\n<p>W<\/td>\n<\/tr>\n<tr>\n<td>R\u00e9gime \u00e0 vide<\/td>\n<td>12,000\u00a0t\/min<\/td>\n<\/tr>\n<tr>\n<td>Mouvements orbitaux \u00e0 vide<\/td>\n<td>24,000\u00a0osc\/min<\/td>\n<\/tr>\n<tr>\n<td>Diam\u00e8tre d\u2019amplitude<\/td>\n<td>2\u00a0mm<\/td>\n<\/tr>\n<tr>\n<td>Poids<\/td>\n<td>1,7\u00a0kg<\/td>\n<\/tr>\n<\/tbody>\n<\/table>\n<p>&nbsp;<\/p>\n<table width=\"750\">\n<thead>\n<tr>\n<td colspan=\"2\"><strong>Surface de pon\u00e7age<\/strong><\/td>\n<\/tr>\n<\/thead>\n<tbody>\n<tr>\n<td>Largeur du plateau de pon\u00e7age*<\/td>\n<td>92<\/p>\n<p>mm<\/td>\n<\/tr>\n<tr>\n<td>Longueur du plateau de pon\u00e7age*<\/td>\n<td>182<\/p>\n<p>mm<\/td>\n<\/tr>\n<tr>\n<td>Feuille abrasive pour fixation par \u00e9trier, largeur<\/td>\n<td>93\u00a0mm<\/td>\n<\/tr>\n<tr>\n<td>Feuille abrasive pour fixation par \u00e9trier, longueur<\/td>\n<td>230\u00a0mm<\/td>\n<\/tr>\n<\/tbody>\n<\/table>\n<p>&nbsp;<\/p>\n<table width=\"750\">\n<thead>\n<tr>\n<td colspan=\"2\"><strong>Valeurs totales des vibrations (Pon\u00e7age de panneaux)<\/strong><\/td>\n<\/tr>\n<\/thead>\n<tbody>\n<tr>\n<td>Valeur d\u2019\u00e9mission vibratoire ah<\/td>\n<td>5,5\u00a0m\/s\u00b2<\/td>\n<\/tr>\n<tr>\n<td>Incertitude K<\/td>\n<td>1,5\u00a0m\/s\u00b2<\/td>\n<\/tr>\n<\/tbody>\n<\/table>\n<p>* Donn\u00e9es mises en surbrillance<\/p>\n<p>Le niveau sonore pond\u00e9r\u00e9 A de l&#8217;outil \u00e9lectroportatif est typiquement de : niveau de pression acoustique 80 dB(A) ; niveau de puissance acoustique 91 dB(A). Incertitude K = 3 dB<strong>.<\/strong><\/p>\n<h4><strong>Avantages<\/strong><\/h4>\n<p><strong>Un confort remarquable pour un mod\u00e8le d\u2019entr\u00e9e de gamme<\/strong><\/p>\n<ul>\n<li>Le syst\u00e8me microfiltre Bosch int\u00e9gr\u00e9 garantit un taux de collecte de poussi\u00e8res \u00e9lev\u00e9<\/li>\n<li>La forme ergonomique et les larges zones Softgrip permettent de travailler sans fatigue<\/li>\n<li>La conception robuste et le syst\u00e8me d\u2019agrafage renforc\u00e9 garantissent une dur\u00e9e de vie maximale<\/li>\n<\/ul>\n<h4><strong>Ce qui est inclus dans ce paquet<\/strong><\/h4>\n<p><img decoding=\"async\" class=\"alignnone size-medium wp-image-4875\" src=\"https:\/\/lhchosting.com\/hosna\/wp-content\/uploads\/2020\/04\/BOSCH-PONCEUSE-VIBRANTE-GSS23A-92x182mm-190W-01-eurl-hosna-kamel-algerie-300x153.jpg\" alt=\"\" width=\"300\" height=\"153\" srcset=\"https:\/\/eurlhosnakamel.dz\/dz\/wp-content\/uploads\/2020\/04\/BOSCH-PONCEUSE-VIBRANTE-GSS23A-92x182mm-190W-01-eurl-hosna-kamel-algerie-300x153.jpg 300w, https:\/\/eurlhosnakamel.dz\/dz\/wp-content\/uploads\/2020\/04\/BOSCH-PONCEUSE-VIBRANTE-GSS23A-92x182mm-190W-01-eurl-hosna-kamel-algerie-500x256.jpg 500w, https:\/\/eurlhosnakamel.dz\/dz\/wp-content\/uploads\/2020\/04\/BOSCH-PONCEUSE-VIBRANTE-GSS23A-92x182mm-190W-01-eurl-hosna-kamel-algerie-370x189.jpg 370w, https:\/\/eurlhosnakamel.dz\/dz\/wp-content\/uploads\/2020\/04\/BOSCH-PONCEUSE-VIBRANTE-GSS23A-92x182mm-190W-01-eurl-hosna-kamel-algerie-200x102.jpg 200w, https:\/\/eurlhosnakamel.dz\/dz\/wp-content\/uploads\/2020\/04\/BOSCH-PONCEUSE-VIBRANTE-GSS23A-92x182mm-190W-01-eurl-hosna-kamel-algerie.jpg 530w\" sizes=\"(max-width: 300px) 100vw, 300px\" \/><\/p>\n<p>avec bo\u00eetier microfiltre<\/p>\n<p>R\u00e9f\u00e9rence:\u00a00\u00a0601\u00a0070\u00a0400<\/p>\n<ul>\n<li>Micro-filtre<\/li>\n<li>1 feuille abrasive C430, Best for Wood + Paint, 120 (disponible s\u00e9par\u00e9ment par pack de 10 : 2 608 605 313)<\/li>\n<\/ul>\n","protected":false},"excerpt":{"rendered":"<h4>Un confort remarquable pour un mod\u00e8le d\u2019entr\u00e9e de gamme.<\/h4>\n<p><img decoding=\"async\" class=\"alignnone size-medium wp-image-4871\" src=\"https:\/\/lhchosting.com\/hosna\/wp-content\/uploads\/2020\/04\/BOSCH-PONCEUSE-VIBRANTE-GSS23A-92x182mm-190W-ICONE-eurl-hosna-kamel-algerie-1-300x106.jpg\" alt=\"\" width=\"300\" height=\"106\" srcset=\"https:\/\/eurlhosnakamel.dz\/dz\/wp-content\/uploads\/2020\/04\/BOSCH-PONCEUSE-VIBRANTE-GSS23A-92x182mm-190W-ICONE-eurl-hosna-kamel-algerie-1-300x106.jpg 300w, https:\/\/eurlhosnakamel.dz\/dz\/wp-content\/uploads\/2020\/04\/BOSCH-PONCEUSE-VIBRANTE-GSS23A-92x182mm-190W-ICONE-eurl-hosna-kamel-algerie-1-200x71.jpg 200w, https:\/\/eurlhosnakamel.dz\/dz\/wp-content\/uploads\/2020\/04\/BOSCH-PONCEUSE-VIBRANTE-GSS23A-92x182mm-190W-ICONE-eurl-hosna-kamel-algerie-1.jpg 339w\" sizes=\"(max-width: 300px) 100vw, 300px\" \/><\/p>\n","protected":false},"featured_media":4867,"template":"","meta":[],"product_cat":[405,441],"product_tag":[811,2441],"class_list":{"0":"post-4865","1":"product","2":"type-product","3":"status-publish","4":"has-post-thumbnail","6":"product_cat-outillage","7":"product_cat-outillage-filaire","8":"product_tag-bosch-ponceuse-vibrante-gss23a-92x182mm-190w","9":"product_tag-gss-23-a","10":"product_brand-bosch-outillage","12":"first","13":"instock","14":"shipping-taxable","15":"product-type-simple","16":"col-xs-6 col-sm-4","17":"col-md-3 col-lg-3","18":"un-4-cols"},"yoast_head":"<!-- This site is optimized with the Yoast SEO plugin v22.5 - https:\/\/yoast.com\/wordpress\/plugins\/seo\/ -->\n<title>Ponceuse vibrante 92 x 182 mm 190 Watts GSS 23 A - EURL HOSNA KAMEL<\/title>\n<meta name=\"description\" content=\"Ponceuse vibrante 92 x 182 mm 190 Watts GSS 23 A - EURL HOSNA KAMEL\" \/>\n<meta name=\"robots\" content=\"index, follow, max-snippet:-1, max-image-preview:large, max-video-preview:-1\" \/>\n<link rel=\"canonical\" href=\"https:\/\/eurlhosnakamel.dz\/dz\/produit\/bosch-ponceuse-vibrante-gss23a-92x182mm-190w\/\" \/>\n<meta property=\"og:locale\" content=\"fr_FR\" \/>\n<meta property=\"og:type\" content=\"article\" \/>\n<meta property=\"og:title\" content=\"Ponceuse vibrante 92 x 182 mm 190 Watts GSS 23 A - EURL HOSNA KAMEL\" \/>\n<meta property=\"og:description\" content=\"Ponceuse vibrante 92 x 182 mm 190 Watts GSS 23 A - EURL HOSNA KAMEL\" \/>\n<meta property=\"og:url\" content=\"https:\/\/eurlhosnakamel.dz\/dz\/produit\/bosch-ponceuse-vibrante-gss23a-92x182mm-190w\/\" \/>\n<meta property=\"og:site_name\" content=\"EURL HOSNA KAMEL\" \/>\n<meta property=\"article:publisher\" content=\"https:\/\/www.facebook.com\/Eurl.Hosna.DZ\/\" \/>\n<meta property=\"article:modified_time\" content=\"2021-12-19T09:22:25+00:00\" \/>\n<meta property=\"og:image\" content=\"https:\/\/eurlhosnakamel.dz\/dz\/wp-content\/uploads\/2020\/04\/BOSCH-PONCEUSE-VIBRANTE-GSS23A-92x182mm-190W-eurl-hosna-kamel-algerie-1.jpg\" \/>\n\t<meta property=\"og:image:width\" content=\"512\" \/>\n\t<meta property=\"og:image:height\" content=\"512\" \/>\n\t<meta property=\"og:image:type\" content=\"image\/jpeg\" \/>\n<meta name=\"twitter:card\" content=\"summary_large_image\" \/>\n<meta name=\"twitter:label1\" content=\"Dur\u00e9e de lecture estim\u00e9e\" \/>\n\t<meta name=\"twitter:data1\" content=\"1 minute\" \/>\n<script type=\"application\/ld+json\" class=\"yoast-schema-graph\">{\"@context\":\"https:\/\/schema.org\",\"@graph\":[{\"@type\":\"WebPage\",\"@id\":\"https:\/\/eurlhosnakamel.dz\/dz\/produit\/bosch-ponceuse-vibrante-gss23a-92x182mm-190w\/\",\"url\":\"https:\/\/eurlhosnakamel.dz\/dz\/produit\/bosch-ponceuse-vibrante-gss23a-92x182mm-190w\/\",\"name\":\"Ponceuse vibrante 92 x 182 mm 190 Watts GSS 23 A - EURL HOSNA KAMEL\",\"isPartOf\":{\"@id\":\"https:\/\/eurlhosnakamel.dz\/dz\/#website\"},\"primaryImageOfPage\":{\"@id\":\"https:\/\/eurlhosnakamel.dz\/dz\/produit\/bosch-ponceuse-vibrante-gss23a-92x182mm-190w\/#primaryimage\"},\"image\":{\"@id\":\"https:\/\/eurlhosnakamel.dz\/dz\/produit\/bosch-ponceuse-vibrante-gss23a-92x182mm-190w\/#primaryimage\"},\"thumbnailUrl\":\"https:\/\/eurlhosnakamel.dz\/dz\/wp-content\/uploads\/2020\/04\/BOSCH-PONCEUSE-VIBRANTE-GSS23A-92x182mm-190W-eurl-hosna-kamel-algerie-1.jpg\",\"datePublished\":\"2020-04-13T13:37:03+00:00\",\"dateModified\":\"2021-12-19T09:22:25+00:00\",\"description\":\"Ponceuse vibrante 92 x 182 mm 190 Watts GSS 23 A - EURL HOSNA KAMEL\",\"breadcrumb\":{\"@id\":\"https:\/\/eurlhosnakamel.dz\/dz\/produit\/bosch-ponceuse-vibrante-gss23a-92x182mm-190w\/#breadcrumb\"},\"inLanguage\":\"fr-FR\",\"potentialAction\":[{\"@type\":\"ReadAction\",\"target\":[\"https:\/\/eurlhosnakamel.dz\/dz\/produit\/bosch-ponceuse-vibrante-gss23a-92x182mm-190w\/\"]}]},{\"@type\":\"ImageObject\",\"inLanguage\":\"fr-FR\",\"@id\":\"https:\/\/eurlhosnakamel.dz\/dz\/produit\/bosch-ponceuse-vibrante-gss23a-92x182mm-190w\/#primaryimage\",\"url\":\"https:\/\/eurlhosnakamel.dz\/dz\/wp-content\/uploads\/2020\/04\/BOSCH-PONCEUSE-VIBRANTE-GSS23A-92x182mm-190W-eurl-hosna-kamel-algerie-1.jpg\",\"contentUrl\":\"https:\/\/eurlhosnakamel.dz\/dz\/wp-content\/uploads\/2020\/04\/BOSCH-PONCEUSE-VIBRANTE-GSS23A-92x182mm-190W-eurl-hosna-kamel-algerie-1.jpg\",\"width\":512,\"height\":512},{\"@type\":\"BreadcrumbList\",\"@id\":\"https:\/\/eurlhosnakamel.dz\/dz\/produit\/bosch-ponceuse-vibrante-gss23a-92x182mm-190w\/#breadcrumb\",\"itemListElement\":[{\"@type\":\"ListItem\",\"position\":1,\"name\":\"Accueil\",\"item\":\"https:\/\/eurlhosnakamel.dz\/dz\/\"},{\"@type\":\"ListItem\",\"position\":2,\"name\":\"Shop\",\"item\":\"https:\/\/eurlhosnakamel.dz\/dz\/shop\/\"},{\"@type\":\"ListItem\",\"position\":3,\"name\":\"Ponceuse vibrante 92 x 182 mm 190 Watts GSS 23 A\"}]},{\"@type\":\"WebSite\",\"@id\":\"https:\/\/eurlhosnakamel.dz\/dz\/#website\",\"url\":\"https:\/\/eurlhosnakamel.dz\/dz\/\",\"name\":\"EURL HOSNA KAMEL\",\"description\":\"Fournisseur Premium d&#039;Outillages Professionnels en Alg\u00e9rie -\",\"publisher\":{\"@id\":\"https:\/\/eurlhosnakamel.dz\/dz\/#organization\"},\"potentialAction\":[{\"@type\":\"SearchAction\",\"target\":{\"@type\":\"EntryPoint\",\"urlTemplate\":\"https:\/\/eurlhosnakamel.dz\/dz\/?s={search_term_string}\"},\"query-input\":\"required name=search_term_string\"}],\"inLanguage\":\"fr-FR\"},{\"@type\":\"Organization\",\"@id\":\"https:\/\/eurlhosnakamel.dz\/dz\/#organization\",\"name\":\"EURL HOSNA KAMEL - Bosch alg\u00e9rie\",\"url\":\"https:\/\/eurlhosnakamel.dz\/dz\/\",\"logo\":{\"@type\":\"ImageObject\",\"inLanguage\":\"fr-FR\",\"@id\":\"https:\/\/eurlhosnakamel.dz\/dz\/#\/schema\/logo\/image\/\",\"url\":\"https:\/\/eurlhosnakamel.dz\/wp-content\/uploads\/2020\/04\/LOGO-HOSNA1.png\",\"contentUrl\":\"https:\/\/eurlhosnakamel.dz\/wp-content\/uploads\/2020\/04\/LOGO-HOSNA1.png\",\"width\":120,\"height\":127,\"caption\":\"EURL HOSNA KAMEL - Bosch alg\u00e9rie\"},\"image\":{\"@id\":\"https:\/\/eurlhosnakamel.dz\/dz\/#\/schema\/logo\/image\/\"},\"sameAs\":[\"https:\/\/www.facebook.com\/Eurl.Hosna.DZ\/\"]}]}<\/script>\n<!-- \/ Yoast SEO plugin. -->","yoast_head_json":{"title":"Ponceuse vibrante 92 x 182 mm 190 Watts GSS 23 A - EURL HOSNA KAMEL","description":"Ponceuse vibrante 92 x 182 mm 190 Watts GSS 23 A - EURL HOSNA KAMEL","robots":{"index":"index","follow":"follow","max-snippet":"max-snippet:-1","max-image-preview":"max-image-preview:large","max-video-preview":"max-video-preview:-1"},"canonical":"https:\/\/eurlhosnakamel.dz\/dz\/produit\/bosch-ponceuse-vibrante-gss23a-92x182mm-190w\/","og_locale":"fr_FR","og_type":"article","og_title":"Ponceuse vibrante 92 x 182 mm 190 Watts GSS 23 A - EURL HOSNA KAMEL","og_description":"Ponceuse vibrante 92 x 182 mm 190 Watts GSS 23 A - EURL HOSNA KAMEL","og_url":"https:\/\/eurlhosnakamel.dz\/dz\/produit\/bosch-ponceuse-vibrante-gss23a-92x182mm-190w\/","og_site_name":"EURL HOSNA KAMEL","article_publisher":"https:\/\/www.facebook.com\/Eurl.Hosna.DZ\/","article_modified_time":"2021-12-19T09:22:25+00:00","og_image":[{"width":512,"height":512,"url":"https:\/\/eurlhosnakamel.dz\/dz\/wp-content\/uploads\/2020\/04\/BOSCH-PONCEUSE-VIBRANTE-GSS23A-92x182mm-190W-eurl-hosna-kamel-algerie-1.jpg","type":"image\/jpeg"}],"twitter_card":"summary_large_image","twitter_misc":{"Dur\u00e9e de lecture estim\u00e9e":"1 minute"},"schema":{"@context":"https:\/\/schema.org","@graph":[{"@type":"WebPage","@id":"https:\/\/eurlhosnakamel.dz\/dz\/produit\/bosch-ponceuse-vibrante-gss23a-92x182mm-190w\/","url":"https:\/\/eurlhosnakamel.dz\/dz\/produit\/bosch-ponceuse-vibrante-gss23a-92x182mm-190w\/","name":"Ponceuse vibrante 92 x 182 mm 190 Watts GSS 23 A - EURL HOSNA KAMEL","isPartOf":{"@id":"https:\/\/eurlhosnakamel.dz\/dz\/#website"},"primaryImageOfPage":{"@id":"https:\/\/eurlhosnakamel.dz\/dz\/produit\/bosch-ponceuse-vibrante-gss23a-92x182mm-190w\/#primaryimage"},"image":{"@id":"https:\/\/eurlhosnakamel.dz\/dz\/produit\/bosch-ponceuse-vibrante-gss23a-92x182mm-190w\/#primaryimage"},"thumbnailUrl":"https:\/\/eurlhosnakamel.dz\/dz\/wp-content\/uploads\/2020\/04\/BOSCH-PONCEUSE-VIBRANTE-GSS23A-92x182mm-190W-eurl-hosna-kamel-algerie-1.jpg","datePublished":"2020-04-13T13:37:03+00:00","dateModified":"2021-12-19T09:22:25+00:00","description":"Ponceuse vibrante 92 x 182 mm 190 Watts GSS 23 A - EURL HOSNA KAMEL","breadcrumb":{"@id":"https:\/\/eurlhosnakamel.dz\/dz\/produit\/bosch-ponceuse-vibrante-gss23a-92x182mm-190w\/#breadcrumb"},"inLanguage":"fr-FR","potentialAction":[{"@type":"ReadAction","target":["https:\/\/eurlhosnakamel.dz\/dz\/produit\/bosch-ponceuse-vibrante-gss23a-92x182mm-190w\/"]}]},{"@type":"ImageObject","inLanguage":"fr-FR","@id":"https:\/\/eurlhosnakamel.dz\/dz\/produit\/bosch-ponceuse-vibrante-gss23a-92x182mm-190w\/#primaryimage","url":"https:\/\/eurlhosnakamel.dz\/dz\/wp-content\/uploads\/2020\/04\/BOSCH-PONCEUSE-VIBRANTE-GSS23A-92x182mm-190W-eurl-hosna-kamel-algerie-1.jpg","contentUrl":"https:\/\/eurlhosnakamel.dz\/dz\/wp-content\/uploads\/2020\/04\/BOSCH-PONCEUSE-VIBRANTE-GSS23A-92x182mm-190W-eurl-hosna-kamel-algerie-1.jpg","width":512,"height":512},{"@type":"BreadcrumbList","@id":"https:\/\/eurlhosnakamel.dz\/dz\/produit\/bosch-ponceuse-vibrante-gss23a-92x182mm-190w\/#breadcrumb","itemListElement":[{"@type":"ListItem","position":1,"name":"Accueil","item":"https:\/\/eurlhosnakamel.dz\/dz\/"},{"@type":"ListItem","position":2,"name":"Shop","item":"https:\/\/eurlhosnakamel.dz\/dz\/shop\/"},{"@type":"ListItem","position":3,"name":"Ponceuse vibrante 92 x 182 mm 190 Watts GSS 23 A"}]},{"@type":"WebSite","@id":"https:\/\/eurlhosnakamel.dz\/dz\/#website","url":"https:\/\/eurlhosnakamel.dz\/dz\/","name":"EURL HOSNA KAMEL","description":"Fournisseur Premium d&#039;Outillages Professionnels en Alg\u00e9rie -","publisher":{"@id":"https:\/\/eurlhosnakamel.dz\/dz\/#organization"},"potentialAction":[{"@type":"SearchAction","target":{"@type":"EntryPoint","urlTemplate":"https:\/\/eurlhosnakamel.dz\/dz\/?s={search_term_string}"},"query-input":"required name=search_term_string"}],"inLanguage":"fr-FR"},{"@type":"Organization","@id":"https:\/\/eurlhosnakamel.dz\/dz\/#organization","name":"EURL HOSNA KAMEL - Bosch alg\u00e9rie","url":"https:\/\/eurlhosnakamel.dz\/dz\/","logo":{"@type":"ImageObject","inLanguage":"fr-FR","@id":"https:\/\/eurlhosnakamel.dz\/dz\/#\/schema\/logo\/image\/","url":"https:\/\/eurlhosnakamel.dz\/wp-content\/uploads\/2020\/04\/LOGO-HOSNA1.png","contentUrl":"https:\/\/eurlhosnakamel.dz\/wp-content\/uploads\/2020\/04\/LOGO-HOSNA1.png","width":120,"height":127,"caption":"EURL HOSNA KAMEL - Bosch alg\u00e9rie"},"image":{"@id":"https:\/\/eurlhosnakamel.dz\/dz\/#\/schema\/logo\/image\/"},"sameAs":["https:\/\/www.facebook.com\/Eurl.Hosna.DZ\/"]}]}},"_links":{"self":[{"href":"https:\/\/eurlhosnakamel.dz\/dz\/wp-json\/wp\/v2\/product\/4865","targetHints":{"allow":["GET"]}}],"collection":[{"href":"https:\/\/eurlhosnakamel.dz\/dz\/wp-json\/wp\/v2\/product"}],"about":[{"href":"https:\/\/eurlhosnakamel.dz\/dz\/wp-json\/wp\/v2\/types\/product"}],"wp:featuredmedia":[{"embeddable":true,"href":"https:\/\/eurlhosnakamel.dz\/dz\/wp-json\/wp\/v2\/media\/4867"}],"wp:attachment":[{"href":"https:\/\/eurlhosnakamel.dz\/dz\/wp-json\/wp\/v2\/media?parent=4865"}],"wp:term":[{"taxonomy":"product_cat","embeddable":true,"href":"https:\/\/eurlhosnakamel.dz\/dz\/wp-json\/wp\/v2\/product_cat?post=4865"},{"taxonomy":"product_tag","embeddable":true,"href":"https:\/\/eurlhosnakamel.dz\/dz\/wp-json\/wp\/v2\/product_tag?post=4865"}],"curies":[{"name":"wp","href":"https:\/\/api.w.org\/{rel}","templated":true}]}}