{"id":4877,"date":"2020-04-13T13:58:42","date_gmt":"2020-04-13T13:58:42","guid":{"rendered":"https:\/\/lhchosting.com\/hosna\/?post_type=product&#038;p=4877"},"modified":"2021-12-19T09:22:14","modified_gmt":"2021-12-19T09:22:14","slug":"bosch-decoupeur-ponceur-sans-fil-gop12v-28-2bat-2-0ah","status":"publish","type":"product","link":"https:\/\/eurlhosnakamel.dz\/dz\/produit\/bosch-decoupeur-ponceur-sans-fil-gop12v-28-2bat-2-0ah\/","title":{"rendered":"BOSCH DECOUPEUR-PONCEUR SANS FIL GOP12V-28 (2BAT 2.0ah), GOP 12V-28"},"content":{"rendered":"<h4><strong>Caract\u00e9ristiques techniques<\/strong><\/h4>\n<table width=\"457\">\n<thead>\n<tr>\n<td colspan=\"2\"><strong>Les caract\u00e9ristiques les plus importantes<\/strong><\/td>\n<\/tr>\n<\/thead>\n<tbody>\n<tr>\n<td>Tension de la batterie<\/td>\n<td>12 V<\/td>\n<\/tr>\n<tr>\n<td>Mouvements orbitaux<\/td>\n<td>5.000 \u2013 20.000 osc\/min<\/td>\n<\/tr>\n<tr>\n<td>Angle d\u2019oscillation droite et gauche<\/td>\n<td>1,4 \u00b0<\/td>\n<\/tr>\n<tr>\n<td>Poids sans batterie<\/td>\n<td>0,81 kg<\/td>\n<\/tr>\n<tr>\n<td>Dimensions de l\u2019emballage (longueur x largeur x hauteur)<\/td>\n<td>220 x 340 x 80 mm<\/td>\n<\/tr>\n<tr>\n<td>Poids avec batterie<\/td>\n<td>1 kg<\/td>\n<\/tr>\n<\/tbody>\n<\/table>\n<h4><strong>Avantages<\/strong><\/h4>\n<h4><strong>Le d\u00e9coupeur-ponceur sans-fil le plus compact de la gamme Starlock Bosch<\/strong><\/h4>\n<ul>\n<li>Interface Starlock avec syst\u00e8me d\u2019accroche en \u00e9toile pour une transmission optimale du couple entre l\u2019outil et l\u2019accessoire<\/li>\n<li>Poign\u00e9e tr\u00e8s fine pour une prise en main tr\u00e8s ergonomique et agr\u00e9able<\/li>\n<li>Grande l\u00e9g\u00e8ret\u00e9 pour une bonne maniabilit\u00e9 et un grand confort d\u2019utilisation<\/li>\n<\/ul>\n<p>Le d\u00e9coupeur-ponceur sans-fil GOP 12V-28 Professional est le plus compact de la gamme Starlock Bosch. Son interface Starlock innovante avec syst\u00e8me d\u2019accroche en \u00e9toile assure une transmission optimale du couple entre l\u2019outil et l\u2019accessoire et une progression de travail rapide. La poign\u00e9e tr\u00e8s fine du d\u00e9coupeur-ponceur rend sa prise en main tr\u00e8s ergonomique et agr\u00e9able. Particuli\u00e8rement l\u00e9ger, il offre une bonne maniabilit\u00e9 et un grand confort d\u2019utilisation.<\/p>\n<p>Cet outil est con\u00e7u pour la r\u00e9alisation de d\u00e9coupes dans des plaques de pl\u00e2tre, pour les travaux d\u2019agencement de cuisine et pour le pon\u00e7age. Il peut \u00eatre utilis\u00e9 pour le bois, le plastique et le m\u00e9tal. Il est compatible avec le syst\u00e8me Starlock.<\/p>\n<p>Le GOP 12V-28 Professional b\u00e9n\u00e9ficie par ailleurs de la fonction Constant Speed, d\u2019un porte-outil magn\u00e9tique, d\u2019une poign\u00e9e soft grip et d\u2019une pr\u00e9s\u00e9lection de vitesse.<\/p>\n<p>&nbsp;<\/p>\n","protected":false},"excerpt":{"rendered":"<h4><strong>Dans une bo\u00eete en carton, avec 1 lame de scie plongeante BIM Starlock AIZ 32 APB, Wood + Metal, Curved-Tec (2 608 661 644)<\/strong><br \/>\n<strong>Le d\u00e9coupeur-ponceur sans-fil le plus compact de la gamme Starlock Bosch<\/strong><\/h4>\n<p>&nbsp;<\/p>\n","protected":false},"featured_media":4879,"template":"","meta":[],"product_cat":[405,443],"product_tag":[813,2391],"class_list":{"0":"post-4877","1":"product","2":"type-product","3":"status-publish","4":"has-post-thumbnail","6":"product_cat-outillage","7":"product_cat-outillage-sans-fil","8":"product_tag-bosch-decoupeur-ponceur-sans-fil-gop12v-28-2bat-2-0ah","9":"product_tag-gop-12v-28","10":"product_brand-bosch-outillage","12":"first","13":"instock","14":"shipping-taxable","15":"product-type-simple","16":"col-xs-6 col-sm-4","17":"col-md-3 col-lg-3","18":"un-4-cols"},"yoast_head":"<!-- This site is optimized with the Yoast SEO plugin v22.5 - https:\/\/yoast.com\/wordpress\/plugins\/seo\/ -->\n<title>BOSCH DECOUPEUR-PONCEUR SANS FIL GOP12V-28 (2BAT 2.0ah), GOP 12V-28 - EURL HOSNA KAMEL<\/title>\n<meta name=\"description\" content=\"BOSCH DECOUPEUR-PONCEUR SANS FIL GOP12V-28 (2BAT 2.0ah), GOP 12V-28 - EURL HOSNA KAMEL\" \/>\n<meta name=\"robots\" content=\"index, follow, max-snippet:-1, max-image-preview:large, max-video-preview:-1\" \/>\n<link rel=\"canonical\" href=\"https:\/\/eurlhosnakamel.dz\/dz\/produit\/bosch-decoupeur-ponceur-sans-fil-gop12v-28-2bat-2-0ah\/\" \/>\n<meta property=\"og:locale\" content=\"fr_FR\" \/>\n<meta property=\"og:type\" content=\"article\" \/>\n<meta property=\"og:title\" content=\"BOSCH DECOUPEUR-PONCEUR SANS FIL GOP12V-28 (2BAT 2.0ah), GOP 12V-28 - EURL HOSNA KAMEL\" \/>\n<meta property=\"og:description\" content=\"BOSCH DECOUPEUR-PONCEUR SANS FIL GOP12V-28 (2BAT 2.0ah), GOP 12V-28 - EURL HOSNA KAMEL\" \/>\n<meta property=\"og:url\" content=\"https:\/\/eurlhosnakamel.dz\/dz\/produit\/bosch-decoupeur-ponceur-sans-fil-gop12v-28-2bat-2-0ah\/\" \/>\n<meta property=\"og:site_name\" content=\"EURL HOSNA KAMEL\" \/>\n<meta property=\"article:publisher\" content=\"https:\/\/www.facebook.com\/Eurl.Hosna.DZ\/\" \/>\n<meta property=\"article:modified_time\" content=\"2021-12-19T09:22:14+00:00\" \/>\n<meta property=\"og:image\" content=\"https:\/\/eurlhosnakamel.dz\/dz\/wp-content\/uploads\/2020\/04\/BOSCH-DECOUPEUR-PONCEUR-SANS-FIL-GOP12V-28-2BAT-2.0ah.jpg\" \/>\n\t<meta property=\"og:image:width\" content=\"512\" \/>\n\t<meta property=\"og:image:height\" content=\"512\" \/>\n\t<meta property=\"og:image:type\" content=\"image\/jpeg\" \/>\n<meta name=\"twitter:card\" content=\"summary_large_image\" \/>\n<meta name=\"twitter:label1\" content=\"Dur\u00e9e de lecture estim\u00e9e\" \/>\n\t<meta name=\"twitter:data1\" content=\"1 minute\" \/>\n<script type=\"application\/ld+json\" class=\"yoast-schema-graph\">{\"@context\":\"https:\/\/schema.org\",\"@graph\":[{\"@type\":\"WebPage\",\"@id\":\"https:\/\/eurlhosnakamel.dz\/dz\/produit\/bosch-decoupeur-ponceur-sans-fil-gop12v-28-2bat-2-0ah\/\",\"url\":\"https:\/\/eurlhosnakamel.dz\/dz\/produit\/bosch-decoupeur-ponceur-sans-fil-gop12v-28-2bat-2-0ah\/\",\"name\":\"BOSCH DECOUPEUR-PONCEUR SANS FIL GOP12V-28 (2BAT 2.0ah), GOP 12V-28 - EURL HOSNA KAMEL\",\"isPartOf\":{\"@id\":\"https:\/\/eurlhosnakamel.dz\/dz\/#website\"},\"primaryImageOfPage\":{\"@id\":\"https:\/\/eurlhosnakamel.dz\/dz\/produit\/bosch-decoupeur-ponceur-sans-fil-gop12v-28-2bat-2-0ah\/#primaryimage\"},\"image\":{\"@id\":\"https:\/\/eurlhosnakamel.dz\/dz\/produit\/bosch-decoupeur-ponceur-sans-fil-gop12v-28-2bat-2-0ah\/#primaryimage\"},\"thumbnailUrl\":\"https:\/\/eurlhosnakamel.dz\/dz\/wp-content\/uploads\/2020\/04\/BOSCH-DECOUPEUR-PONCEUR-SANS-FIL-GOP12V-28-2BAT-2.0ah.jpg\",\"datePublished\":\"2020-04-13T13:58:42+00:00\",\"dateModified\":\"2021-12-19T09:22:14+00:00\",\"description\":\"BOSCH DECOUPEUR-PONCEUR SANS FIL GOP12V-28 (2BAT 2.0ah), GOP 12V-28 - EURL HOSNA KAMEL\",\"breadcrumb\":{\"@id\":\"https:\/\/eurlhosnakamel.dz\/dz\/produit\/bosch-decoupeur-ponceur-sans-fil-gop12v-28-2bat-2-0ah\/#breadcrumb\"},\"inLanguage\":\"fr-FR\",\"potentialAction\":[{\"@type\":\"ReadAction\",\"target\":[\"https:\/\/eurlhosnakamel.dz\/dz\/produit\/bosch-decoupeur-ponceur-sans-fil-gop12v-28-2bat-2-0ah\/\"]}]},{\"@type\":\"ImageObject\",\"inLanguage\":\"fr-FR\",\"@id\":\"https:\/\/eurlhosnakamel.dz\/dz\/produit\/bosch-decoupeur-ponceur-sans-fil-gop12v-28-2bat-2-0ah\/#primaryimage\",\"url\":\"https:\/\/eurlhosnakamel.dz\/dz\/wp-content\/uploads\/2020\/04\/BOSCH-DECOUPEUR-PONCEUR-SANS-FIL-GOP12V-28-2BAT-2.0ah.jpg\",\"contentUrl\":\"https:\/\/eurlhosnakamel.dz\/dz\/wp-content\/uploads\/2020\/04\/BOSCH-DECOUPEUR-PONCEUR-SANS-FIL-GOP12V-28-2BAT-2.0ah.jpg\",\"width\":512,\"height\":512},{\"@type\":\"BreadcrumbList\",\"@id\":\"https:\/\/eurlhosnakamel.dz\/dz\/produit\/bosch-decoupeur-ponceur-sans-fil-gop12v-28-2bat-2-0ah\/#breadcrumb\",\"itemListElement\":[{\"@type\":\"ListItem\",\"position\":1,\"name\":\"Accueil\",\"item\":\"https:\/\/eurlhosnakamel.dz\/dz\/\"},{\"@type\":\"ListItem\",\"position\":2,\"name\":\"Shop\",\"item\":\"https:\/\/eurlhosnakamel.dz\/dz\/shop\/\"},{\"@type\":\"ListItem\",\"position\":3,\"name\":\"BOSCH DECOUPEUR-PONCEUR SANS FIL GOP12V-28 (2BAT 2.0ah), GOP 12V-28\"}]},{\"@type\":\"WebSite\",\"@id\":\"https:\/\/eurlhosnakamel.dz\/dz\/#website\",\"url\":\"https:\/\/eurlhosnakamel.dz\/dz\/\",\"name\":\"EURL HOSNA KAMEL\",\"description\":\"Fournisseur Premium d&#039;Outillages Professionnels en Alg\u00e9rie -\",\"publisher\":{\"@id\":\"https:\/\/eurlhosnakamel.dz\/dz\/#organization\"},\"potentialAction\":[{\"@type\":\"SearchAction\",\"target\":{\"@type\":\"EntryPoint\",\"urlTemplate\":\"https:\/\/eurlhosnakamel.dz\/dz\/?s={search_term_string}\"},\"query-input\":\"required name=search_term_string\"}],\"inLanguage\":\"fr-FR\"},{\"@type\":\"Organization\",\"@id\":\"https:\/\/eurlhosnakamel.dz\/dz\/#organization\",\"name\":\"EURL HOSNA KAMEL - Bosch alg\u00e9rie\",\"url\":\"https:\/\/eurlhosnakamel.dz\/dz\/\",\"logo\":{\"@type\":\"ImageObject\",\"inLanguage\":\"fr-FR\",\"@id\":\"https:\/\/eurlhosnakamel.dz\/dz\/#\/schema\/logo\/image\/\",\"url\":\"https:\/\/eurlhosnakamel.dz\/wp-content\/uploads\/2020\/04\/LOGO-HOSNA1.png\",\"contentUrl\":\"https:\/\/eurlhosnakamel.dz\/wp-content\/uploads\/2020\/04\/LOGO-HOSNA1.png\",\"width\":120,\"height\":127,\"caption\":\"EURL HOSNA KAMEL - Bosch alg\u00e9rie\"},\"image\":{\"@id\":\"https:\/\/eurlhosnakamel.dz\/dz\/#\/schema\/logo\/image\/\"},\"sameAs\":[\"https:\/\/www.facebook.com\/Eurl.Hosna.DZ\/\"]}]}<\/script>\n<!-- \/ Yoast SEO plugin. -->","yoast_head_json":{"title":"BOSCH DECOUPEUR-PONCEUR SANS FIL GOP12V-28 (2BAT 2.0ah), GOP 12V-28 - EURL HOSNA KAMEL","description":"BOSCH DECOUPEUR-PONCEUR SANS FIL GOP12V-28 (2BAT 2.0ah), GOP 12V-28 - EURL HOSNA KAMEL","robots":{"index":"index","follow":"follow","max-snippet":"max-snippet:-1","max-image-preview":"max-image-preview:large","max-video-preview":"max-video-preview:-1"},"canonical":"https:\/\/eurlhosnakamel.dz\/dz\/produit\/bosch-decoupeur-ponceur-sans-fil-gop12v-28-2bat-2-0ah\/","og_locale":"fr_FR","og_type":"article","og_title":"BOSCH DECOUPEUR-PONCEUR SANS FIL GOP12V-28 (2BAT 2.0ah), GOP 12V-28 - EURL HOSNA KAMEL","og_description":"BOSCH DECOUPEUR-PONCEUR SANS FIL GOP12V-28 (2BAT 2.0ah), GOP 12V-28 - EURL HOSNA KAMEL","og_url":"https:\/\/eurlhosnakamel.dz\/dz\/produit\/bosch-decoupeur-ponceur-sans-fil-gop12v-28-2bat-2-0ah\/","og_site_name":"EURL HOSNA KAMEL","article_publisher":"https:\/\/www.facebook.com\/Eurl.Hosna.DZ\/","article_modified_time":"2021-12-19T09:22:14+00:00","og_image":[{"width":512,"height":512,"url":"https:\/\/eurlhosnakamel.dz\/dz\/wp-content\/uploads\/2020\/04\/BOSCH-DECOUPEUR-PONCEUR-SANS-FIL-GOP12V-28-2BAT-2.0ah.jpg","type":"image\/jpeg"}],"twitter_card":"summary_large_image","twitter_misc":{"Dur\u00e9e de lecture estim\u00e9e":"1 minute"},"schema":{"@context":"https:\/\/schema.org","@graph":[{"@type":"WebPage","@id":"https:\/\/eurlhosnakamel.dz\/dz\/produit\/bosch-decoupeur-ponceur-sans-fil-gop12v-28-2bat-2-0ah\/","url":"https:\/\/eurlhosnakamel.dz\/dz\/produit\/bosch-decoupeur-ponceur-sans-fil-gop12v-28-2bat-2-0ah\/","name":"BOSCH DECOUPEUR-PONCEUR SANS FIL GOP12V-28 (2BAT 2.0ah), GOP 12V-28 - EURL HOSNA KAMEL","isPartOf":{"@id":"https:\/\/eurlhosnakamel.dz\/dz\/#website"},"primaryImageOfPage":{"@id":"https:\/\/eurlhosnakamel.dz\/dz\/produit\/bosch-decoupeur-ponceur-sans-fil-gop12v-28-2bat-2-0ah\/#primaryimage"},"image":{"@id":"https:\/\/eurlhosnakamel.dz\/dz\/produit\/bosch-decoupeur-ponceur-sans-fil-gop12v-28-2bat-2-0ah\/#primaryimage"},"thumbnailUrl":"https:\/\/eurlhosnakamel.dz\/dz\/wp-content\/uploads\/2020\/04\/BOSCH-DECOUPEUR-PONCEUR-SANS-FIL-GOP12V-28-2BAT-2.0ah.jpg","datePublished":"2020-04-13T13:58:42+00:00","dateModified":"2021-12-19T09:22:14+00:00","description":"BOSCH DECOUPEUR-PONCEUR SANS FIL GOP12V-28 (2BAT 2.0ah), GOP 12V-28 - EURL HOSNA KAMEL","breadcrumb":{"@id":"https:\/\/eurlhosnakamel.dz\/dz\/produit\/bosch-decoupeur-ponceur-sans-fil-gop12v-28-2bat-2-0ah\/#breadcrumb"},"inLanguage":"fr-FR","potentialAction":[{"@type":"ReadAction","target":["https:\/\/eurlhosnakamel.dz\/dz\/produit\/bosch-decoupeur-ponceur-sans-fil-gop12v-28-2bat-2-0ah\/"]}]},{"@type":"ImageObject","inLanguage":"fr-FR","@id":"https:\/\/eurlhosnakamel.dz\/dz\/produit\/bosch-decoupeur-ponceur-sans-fil-gop12v-28-2bat-2-0ah\/#primaryimage","url":"https:\/\/eurlhosnakamel.dz\/dz\/wp-content\/uploads\/2020\/04\/BOSCH-DECOUPEUR-PONCEUR-SANS-FIL-GOP12V-28-2BAT-2.0ah.jpg","contentUrl":"https:\/\/eurlhosnakamel.dz\/dz\/wp-content\/uploads\/2020\/04\/BOSCH-DECOUPEUR-PONCEUR-SANS-FIL-GOP12V-28-2BAT-2.0ah.jpg","width":512,"height":512},{"@type":"BreadcrumbList","@id":"https:\/\/eurlhosnakamel.dz\/dz\/produit\/bosch-decoupeur-ponceur-sans-fil-gop12v-28-2bat-2-0ah\/#breadcrumb","itemListElement":[{"@type":"ListItem","position":1,"name":"Accueil","item":"https:\/\/eurlhosnakamel.dz\/dz\/"},{"@type":"ListItem","position":2,"name":"Shop","item":"https:\/\/eurlhosnakamel.dz\/dz\/shop\/"},{"@type":"ListItem","position":3,"name":"BOSCH DECOUPEUR-PONCEUR SANS FIL GOP12V-28 (2BAT 2.0ah), GOP 12V-28"}]},{"@type":"WebSite","@id":"https:\/\/eurlhosnakamel.dz\/dz\/#website","url":"https:\/\/eurlhosnakamel.dz\/dz\/","name":"EURL HOSNA KAMEL","description":"Fournisseur Premium d&#039;Outillages Professionnels en Alg\u00e9rie -","publisher":{"@id":"https:\/\/eurlhosnakamel.dz\/dz\/#organization"},"potentialAction":[{"@type":"SearchAction","target":{"@type":"EntryPoint","urlTemplate":"https:\/\/eurlhosnakamel.dz\/dz\/?s={search_term_string}"},"query-input":"required name=search_term_string"}],"inLanguage":"fr-FR"},{"@type":"Organization","@id":"https:\/\/eurlhosnakamel.dz\/dz\/#organization","name":"EURL HOSNA KAMEL - Bosch alg\u00e9rie","url":"https:\/\/eurlhosnakamel.dz\/dz\/","logo":{"@type":"ImageObject","inLanguage":"fr-FR","@id":"https:\/\/eurlhosnakamel.dz\/dz\/#\/schema\/logo\/image\/","url":"https:\/\/eurlhosnakamel.dz\/wp-content\/uploads\/2020\/04\/LOGO-HOSNA1.png","contentUrl":"https:\/\/eurlhosnakamel.dz\/wp-content\/uploads\/2020\/04\/LOGO-HOSNA1.png","width":120,"height":127,"caption":"EURL HOSNA KAMEL - Bosch alg\u00e9rie"},"image":{"@id":"https:\/\/eurlhosnakamel.dz\/dz\/#\/schema\/logo\/image\/"},"sameAs":["https:\/\/www.facebook.com\/Eurl.Hosna.DZ\/"]}]}},"_links":{"self":[{"href":"https:\/\/eurlhosnakamel.dz\/dz\/wp-json\/wp\/v2\/product\/4877","targetHints":{"allow":["GET"]}}],"collection":[{"href":"https:\/\/eurlhosnakamel.dz\/dz\/wp-json\/wp\/v2\/product"}],"about":[{"href":"https:\/\/eurlhosnakamel.dz\/dz\/wp-json\/wp\/v2\/types\/product"}],"wp:featuredmedia":[{"embeddable":true,"href":"https:\/\/eurlhosnakamel.dz\/dz\/wp-json\/wp\/v2\/media\/4879"}],"wp:attachment":[{"href":"https:\/\/eurlhosnakamel.dz\/dz\/wp-json\/wp\/v2\/media?parent=4877"}],"wp:term":[{"taxonomy":"product_cat","embeddable":true,"href":"https:\/\/eurlhosnakamel.dz\/dz\/wp-json\/wp\/v2\/product_cat?post=4877"},{"taxonomy":"product_tag","embeddable":true,"href":"https:\/\/eurlhosnakamel.dz\/dz\/wp-json\/wp\/v2\/product_tag?post=4877"}],"curies":[{"name":"wp","href":"https:\/\/api.w.org\/{rel}","templated":true}]}}