{"id":4903,"date":"2020-04-13T14:31:21","date_gmt":"2020-04-13T14:31:21","guid":{"rendered":"https:\/\/lhchosting.com\/hosna\/?post_type=product&#038;p=4903"},"modified":"2021-12-19T09:21:52","modified_gmt":"2021-12-19T09:21:52","slug":"bosch-ponceuse-vibrante-gss280ae-115x230mm-330w","status":"publish","type":"product","link":"https:\/\/eurlhosnakamel.dz\/dz\/produit\/bosch-ponceuse-vibrante-gss280ae-115x230mm-330w\/","title":{"rendered":"Ponceuse vibrante 115 x 230 mm 330 Watts GSS 280 AE"},"content":{"rendered":"<h4><strong>Caract\u00e9ristiques techniques<\/strong><\/h4>\n<table width=\"750\">\n<thead>\n<tr>\n<td colspan=\"2\"><strong>Donn\u00e9es suppl\u00e9mentaires<\/strong><\/td>\n<\/tr>\n<\/thead>\n<tbody>\n<tr>\n<td>Puissance absorb\u00e9e nominale*<\/td>\n<td>330<\/p>\n<p>W<\/td>\n<\/tr>\n<tr>\n<td>R\u00e9gime \u00e0 vide<\/td>\n<td>5,500 \u2013 11,000\u00a0t\/min<\/td>\n<\/tr>\n<tr>\n<td>Mouvements orbitaux \u00e0 vide<\/td>\n<td>11,000 \u2013 22,000\u00a0osc\/min<\/td>\n<\/tr>\n<tr>\n<td>Diam\u00e8tre d\u2019amplitude<\/td>\n<td>2,4\u00a0mm<\/td>\n<\/tr>\n<tr>\n<td>Poids<\/td>\n<td>2,6\u00a0kg<\/td>\n<\/tr>\n<\/tbody>\n<\/table>\n<p>&nbsp;<\/p>\n<table width=\"750\">\n<thead>\n<tr>\n<td colspan=\"2\"><strong>Surface de pon\u00e7age<\/strong><\/td>\n<\/tr>\n<\/thead>\n<tbody>\n<tr>\n<td>Largeur du plateau de pon\u00e7age*<\/td>\n<td>114<\/p>\n<p>mm<\/td>\n<\/tr>\n<tr>\n<td>Longueur du plateau de pon\u00e7age*<\/td>\n<td>226<\/p>\n<p>mm<\/td>\n<\/tr>\n<tr>\n<td>Feuille abrasive pour fixation par \u00e9trier, largeur<\/td>\n<td>115\u00a0mm<\/td>\n<\/tr>\n<tr>\n<td>Feuille abrasive pour fixation par \u00e9trier, longueur<\/td>\n<td>280\u00a0mm<\/td>\n<\/tr>\n<tr>\n<td>Feuille abrasive avec fixation auto-agrippante, largeur<\/td>\n<td>115\u00a0mm<\/td>\n<\/tr>\n<tr>\n<td>Feuille abrasive avec fixation auto-agrippante, longueur<\/td>\n<td>230\u00a0mm<\/td>\n<\/tr>\n<\/tbody>\n<\/table>\n<p>&nbsp;<\/p>\n<table width=\"750\">\n<thead>\n<tr>\n<td colspan=\"2\"><strong>Valeurs totales des vibrations (Pon\u00e7age de panneaux)<\/strong><\/td>\n<\/tr>\n<\/thead>\n<tbody>\n<tr>\n<td>Valeur d\u2019\u00e9mission vibratoire ah<\/td>\n<td>4,5\u00a0m\/s\u00b2<\/td>\n<\/tr>\n<tr>\n<td>Incertitude K<\/td>\n<td>1,5\u00a0m\/s\u00b2<\/td>\n<\/tr>\n<\/tbody>\n<\/table>\n<p>* Donn\u00e9es mises en surbrillance<\/p>\n<p>Le niveau sonore pond\u00e9r\u00e9 A de l&#8217;outil \u00e9lectroportatif est typiquement de : niveau de pression acoustique 76 dB(A) ; niveau de puissance acoustique 80 dB(A). Incertitude K = 3 dB.<\/p>\n<h4><strong>Avantages<\/strong><\/h4>\n<p><strong>Un outil puissant pour une qualit\u00e9 de surface exceptionnelle<\/strong><\/p>\n<ul>\n<li>Plateaux de pon\u00e7age fabriqu\u00e9s dans un mat\u00e9riau de grande qualit\u00e9 : qualit\u00e9 de surface exceptionnelle et long\u00e9vit\u00e9 cinq fois plus importante que les plateaux caoutchouc<\/li>\n<li>Silencieuse et faible niveau de vibrations pour un travail sans fatigue<\/li>\n<li>Scellement parfait des roulements, flasque-palier en aluminium de haute qualit\u00e9 pour un fonctionnement r\u00e9gulier et stable et une grande long\u00e9vit\u00e9 du moteur<\/li>\n<\/ul>\n<h4><strong>Ce qui est inclus dans ce paquet<\/strong><\/h4>\n<p>dans coffret de transport avec cl\u00e9 m\u00e2le six pans<\/p>\n<p>R\u00e9f\u00e9rence:\u00a00\u00a0601\u00a0293\u00a0660<\/p>\n<ul>\n<li>Cl\u00e9 m\u00e2le six pans de 5 mm (r\u00e9f. pi\u00e8ce de rechange 1 907 950 006)<\/li>\n<li>Coffret de transport 2 605 438 368<\/li>\n<li>Feuille abrasive<\/li>\n<li>Poign\u00e9e suppl\u00e9mentaire 2 602 026 070<\/li>\n<\/ul>\n","protected":false},"excerpt":{"rendered":"<h4>Un outil puissant pour une qualit\u00e9 de surface exceptionnelle<\/h4>\n<p><img decoding=\"async\" class=\"alignnone size-medium wp-image-4909\" src=\"https:\/\/lhchosting.com\/hosna\/wp-content\/uploads\/2020\/04\/BOSCH-PONCEUSE-VIBRANTE-GSS280AE-115x230mm-330W-icone-eurl-hosna-kamel-algerie-300x58.jpg\" alt=\"\" width=\"300\" height=\"58\" srcset=\"https:\/\/eurlhosnakamel.dz\/dz\/wp-content\/uploads\/2020\/04\/BOSCH-PONCEUSE-VIBRANTE-GSS280AE-115x230mm-330W-icone-eurl-hosna-kamel-algerie-300x58.jpg 300w, https:\/\/eurlhosnakamel.dz\/dz\/wp-content\/uploads\/2020\/04\/BOSCH-PONCEUSE-VIBRANTE-GSS280AE-115x230mm-330W-icone-eurl-hosna-kamel-algerie-500x97.jpg 500w, https:\/\/eurlhosnakamel.dz\/dz\/wp-content\/uploads\/2020\/04\/BOSCH-PONCEUSE-VIBRANTE-GSS280AE-115x230mm-330W-icone-eurl-hosna-kamel-algerie-370x72.jpg 370w, https:\/\/eurlhosnakamel.dz\/dz\/wp-content\/uploads\/2020\/04\/BOSCH-PONCEUSE-VIBRANTE-GSS280AE-115x230mm-330W-icone-eurl-hosna-kamel-algerie-200x39.jpg 200w, https:\/\/eurlhosnakamel.dz\/dz\/wp-content\/uploads\/2020\/04\/BOSCH-PONCEUSE-VIBRANTE-GSS280AE-115x230mm-330W-icone-eurl-hosna-kamel-algerie.jpg 551w\" sizes=\"(max-width: 300px) 100vw, 300px\" \/><\/p>\n","protected":false},"featured_media":4905,"template":"","meta":[],"product_cat":[405,441],"product_tag":[817,2444],"class_list":{"0":"post-4903","1":"product","2":"type-product","3":"status-publish","4":"has-post-thumbnail","6":"product_cat-outillage","7":"product_cat-outillage-filaire","8":"product_tag-bosch-ponceuse-vibrante-gss280ae-115x230mm-330w","9":"product_tag-gss-280-ae","10":"product_brand-bosch-outillage","12":"first","13":"instock","14":"shipping-taxable","15":"product-type-simple","16":"col-xs-6 col-sm-4","17":"col-md-3 col-lg-3","18":"un-4-cols"},"yoast_head":"<!-- This site is optimized with the Yoast SEO plugin v22.5 - https:\/\/yoast.com\/wordpress\/plugins\/seo\/ -->\n<title>Ponceuse vibrante 115 x 230 mm 330 Watts GSS 280 AE - EURL HOSNA KAMEL<\/title>\n<meta name=\"description\" content=\"Ponceuse vibrante 115 x 230 mm 330 Watts GSS 280 AE - EURL HOSNA KAMEL\" \/>\n<meta name=\"robots\" content=\"index, follow, max-snippet:-1, max-image-preview:large, max-video-preview:-1\" \/>\n<link rel=\"canonical\" href=\"https:\/\/eurlhosnakamel.dz\/dz\/produit\/bosch-ponceuse-vibrante-gss280ae-115x230mm-330w\/\" \/>\n<meta property=\"og:locale\" content=\"fr_FR\" \/>\n<meta property=\"og:type\" content=\"article\" \/>\n<meta property=\"og:title\" content=\"Ponceuse vibrante 115 x 230 mm 330 Watts GSS 280 AE - EURL HOSNA KAMEL\" \/>\n<meta property=\"og:description\" content=\"Ponceuse vibrante 115 x 230 mm 330 Watts GSS 280 AE - EURL HOSNA KAMEL\" \/>\n<meta property=\"og:url\" content=\"https:\/\/eurlhosnakamel.dz\/dz\/produit\/bosch-ponceuse-vibrante-gss280ae-115x230mm-330w\/\" \/>\n<meta property=\"og:site_name\" content=\"EURL HOSNA KAMEL\" \/>\n<meta property=\"article:publisher\" content=\"https:\/\/www.facebook.com\/Eurl.Hosna.DZ\/\" \/>\n<meta property=\"article:modified_time\" content=\"2021-12-19T09:21:52+00:00\" \/>\n<meta property=\"og:image\" content=\"https:\/\/eurlhosnakamel.dz\/dz\/wp-content\/uploads\/2020\/04\/BOSCH-PONCEUSE-VIBRANTE-GSS280AE-115x230mm-330W-eurl-hosna-kamel-algerie.jpg\" \/>\n\t<meta property=\"og:image:width\" content=\"512\" \/>\n\t<meta property=\"og:image:height\" content=\"512\" \/>\n\t<meta property=\"og:image:type\" content=\"image\/jpeg\" \/>\n<meta name=\"twitter:card\" content=\"summary_large_image\" \/>\n<meta name=\"twitter:label1\" content=\"Dur\u00e9e de lecture estim\u00e9e\" \/>\n\t<meta name=\"twitter:data1\" content=\"1 minute\" \/>\n<script type=\"application\/ld+json\" class=\"yoast-schema-graph\">{\"@context\":\"https:\/\/schema.org\",\"@graph\":[{\"@type\":\"WebPage\",\"@id\":\"https:\/\/eurlhosnakamel.dz\/dz\/produit\/bosch-ponceuse-vibrante-gss280ae-115x230mm-330w\/\",\"url\":\"https:\/\/eurlhosnakamel.dz\/dz\/produit\/bosch-ponceuse-vibrante-gss280ae-115x230mm-330w\/\",\"name\":\"Ponceuse vibrante 115 x 230 mm 330 Watts GSS 280 AE - EURL HOSNA KAMEL\",\"isPartOf\":{\"@id\":\"https:\/\/eurlhosnakamel.dz\/dz\/#website\"},\"primaryImageOfPage\":{\"@id\":\"https:\/\/eurlhosnakamel.dz\/dz\/produit\/bosch-ponceuse-vibrante-gss280ae-115x230mm-330w\/#primaryimage\"},\"image\":{\"@id\":\"https:\/\/eurlhosnakamel.dz\/dz\/produit\/bosch-ponceuse-vibrante-gss280ae-115x230mm-330w\/#primaryimage\"},\"thumbnailUrl\":\"https:\/\/eurlhosnakamel.dz\/dz\/wp-content\/uploads\/2020\/04\/BOSCH-PONCEUSE-VIBRANTE-GSS280AE-115x230mm-330W-eurl-hosna-kamel-algerie.jpg\",\"datePublished\":\"2020-04-13T14:31:21+00:00\",\"dateModified\":\"2021-12-19T09:21:52+00:00\",\"description\":\"Ponceuse vibrante 115 x 230 mm 330 Watts GSS 280 AE - EURL HOSNA KAMEL\",\"breadcrumb\":{\"@id\":\"https:\/\/eurlhosnakamel.dz\/dz\/produit\/bosch-ponceuse-vibrante-gss280ae-115x230mm-330w\/#breadcrumb\"},\"inLanguage\":\"fr-FR\",\"potentialAction\":[{\"@type\":\"ReadAction\",\"target\":[\"https:\/\/eurlhosnakamel.dz\/dz\/produit\/bosch-ponceuse-vibrante-gss280ae-115x230mm-330w\/\"]}]},{\"@type\":\"ImageObject\",\"inLanguage\":\"fr-FR\",\"@id\":\"https:\/\/eurlhosnakamel.dz\/dz\/produit\/bosch-ponceuse-vibrante-gss280ae-115x230mm-330w\/#primaryimage\",\"url\":\"https:\/\/eurlhosnakamel.dz\/dz\/wp-content\/uploads\/2020\/04\/BOSCH-PONCEUSE-VIBRANTE-GSS280AE-115x230mm-330W-eurl-hosna-kamel-algerie.jpg\",\"contentUrl\":\"https:\/\/eurlhosnakamel.dz\/dz\/wp-content\/uploads\/2020\/04\/BOSCH-PONCEUSE-VIBRANTE-GSS280AE-115x230mm-330W-eurl-hosna-kamel-algerie.jpg\",\"width\":512,\"height\":512},{\"@type\":\"BreadcrumbList\",\"@id\":\"https:\/\/eurlhosnakamel.dz\/dz\/produit\/bosch-ponceuse-vibrante-gss280ae-115x230mm-330w\/#breadcrumb\",\"itemListElement\":[{\"@type\":\"ListItem\",\"position\":1,\"name\":\"Accueil\",\"item\":\"https:\/\/eurlhosnakamel.dz\/dz\/\"},{\"@type\":\"ListItem\",\"position\":2,\"name\":\"Shop\",\"item\":\"https:\/\/eurlhosnakamel.dz\/dz\/shop\/\"},{\"@type\":\"ListItem\",\"position\":3,\"name\":\"Ponceuse vibrante 115 x 230 mm 330 Watts GSS 280 AE\"}]},{\"@type\":\"WebSite\",\"@id\":\"https:\/\/eurlhosnakamel.dz\/dz\/#website\",\"url\":\"https:\/\/eurlhosnakamel.dz\/dz\/\",\"name\":\"EURL HOSNA KAMEL\",\"description\":\"Fournisseur Premium d&#039;Outillages Professionnels en Alg\u00e9rie -\",\"publisher\":{\"@id\":\"https:\/\/eurlhosnakamel.dz\/dz\/#organization\"},\"potentialAction\":[{\"@type\":\"SearchAction\",\"target\":{\"@type\":\"EntryPoint\",\"urlTemplate\":\"https:\/\/eurlhosnakamel.dz\/dz\/?s={search_term_string}\"},\"query-input\":\"required name=search_term_string\"}],\"inLanguage\":\"fr-FR\"},{\"@type\":\"Organization\",\"@id\":\"https:\/\/eurlhosnakamel.dz\/dz\/#organization\",\"name\":\"EURL HOSNA KAMEL - Bosch alg\u00e9rie\",\"url\":\"https:\/\/eurlhosnakamel.dz\/dz\/\",\"logo\":{\"@type\":\"ImageObject\",\"inLanguage\":\"fr-FR\",\"@id\":\"https:\/\/eurlhosnakamel.dz\/dz\/#\/schema\/logo\/image\/\",\"url\":\"https:\/\/eurlhosnakamel.dz\/wp-content\/uploads\/2020\/04\/LOGO-HOSNA1.png\",\"contentUrl\":\"https:\/\/eurlhosnakamel.dz\/wp-content\/uploads\/2020\/04\/LOGO-HOSNA1.png\",\"width\":120,\"height\":127,\"caption\":\"EURL HOSNA KAMEL - Bosch alg\u00e9rie\"},\"image\":{\"@id\":\"https:\/\/eurlhosnakamel.dz\/dz\/#\/schema\/logo\/image\/\"},\"sameAs\":[\"https:\/\/www.facebook.com\/Eurl.Hosna.DZ\/\"]}]}<\/script>\n<!-- \/ Yoast SEO plugin. -->","yoast_head_json":{"title":"Ponceuse vibrante 115 x 230 mm 330 Watts GSS 280 AE - EURL HOSNA KAMEL","description":"Ponceuse vibrante 115 x 230 mm 330 Watts GSS 280 AE - EURL HOSNA KAMEL","robots":{"index":"index","follow":"follow","max-snippet":"max-snippet:-1","max-image-preview":"max-image-preview:large","max-video-preview":"max-video-preview:-1"},"canonical":"https:\/\/eurlhosnakamel.dz\/dz\/produit\/bosch-ponceuse-vibrante-gss280ae-115x230mm-330w\/","og_locale":"fr_FR","og_type":"article","og_title":"Ponceuse vibrante 115 x 230 mm 330 Watts GSS 280 AE - EURL HOSNA KAMEL","og_description":"Ponceuse vibrante 115 x 230 mm 330 Watts GSS 280 AE - EURL HOSNA KAMEL","og_url":"https:\/\/eurlhosnakamel.dz\/dz\/produit\/bosch-ponceuse-vibrante-gss280ae-115x230mm-330w\/","og_site_name":"EURL HOSNA KAMEL","article_publisher":"https:\/\/www.facebook.com\/Eurl.Hosna.DZ\/","article_modified_time":"2021-12-19T09:21:52+00:00","og_image":[{"width":512,"height":512,"url":"https:\/\/eurlhosnakamel.dz\/dz\/wp-content\/uploads\/2020\/04\/BOSCH-PONCEUSE-VIBRANTE-GSS280AE-115x230mm-330W-eurl-hosna-kamel-algerie.jpg","type":"image\/jpeg"}],"twitter_card":"summary_large_image","twitter_misc":{"Dur\u00e9e de lecture estim\u00e9e":"1 minute"},"schema":{"@context":"https:\/\/schema.org","@graph":[{"@type":"WebPage","@id":"https:\/\/eurlhosnakamel.dz\/dz\/produit\/bosch-ponceuse-vibrante-gss280ae-115x230mm-330w\/","url":"https:\/\/eurlhosnakamel.dz\/dz\/produit\/bosch-ponceuse-vibrante-gss280ae-115x230mm-330w\/","name":"Ponceuse vibrante 115 x 230 mm 330 Watts GSS 280 AE - EURL HOSNA KAMEL","isPartOf":{"@id":"https:\/\/eurlhosnakamel.dz\/dz\/#website"},"primaryImageOfPage":{"@id":"https:\/\/eurlhosnakamel.dz\/dz\/produit\/bosch-ponceuse-vibrante-gss280ae-115x230mm-330w\/#primaryimage"},"image":{"@id":"https:\/\/eurlhosnakamel.dz\/dz\/produit\/bosch-ponceuse-vibrante-gss280ae-115x230mm-330w\/#primaryimage"},"thumbnailUrl":"https:\/\/eurlhosnakamel.dz\/dz\/wp-content\/uploads\/2020\/04\/BOSCH-PONCEUSE-VIBRANTE-GSS280AE-115x230mm-330W-eurl-hosna-kamel-algerie.jpg","datePublished":"2020-04-13T14:31:21+00:00","dateModified":"2021-12-19T09:21:52+00:00","description":"Ponceuse vibrante 115 x 230 mm 330 Watts GSS 280 AE - EURL HOSNA KAMEL","breadcrumb":{"@id":"https:\/\/eurlhosnakamel.dz\/dz\/produit\/bosch-ponceuse-vibrante-gss280ae-115x230mm-330w\/#breadcrumb"},"inLanguage":"fr-FR","potentialAction":[{"@type":"ReadAction","target":["https:\/\/eurlhosnakamel.dz\/dz\/produit\/bosch-ponceuse-vibrante-gss280ae-115x230mm-330w\/"]}]},{"@type":"ImageObject","inLanguage":"fr-FR","@id":"https:\/\/eurlhosnakamel.dz\/dz\/produit\/bosch-ponceuse-vibrante-gss280ae-115x230mm-330w\/#primaryimage","url":"https:\/\/eurlhosnakamel.dz\/dz\/wp-content\/uploads\/2020\/04\/BOSCH-PONCEUSE-VIBRANTE-GSS280AE-115x230mm-330W-eurl-hosna-kamel-algerie.jpg","contentUrl":"https:\/\/eurlhosnakamel.dz\/dz\/wp-content\/uploads\/2020\/04\/BOSCH-PONCEUSE-VIBRANTE-GSS280AE-115x230mm-330W-eurl-hosna-kamel-algerie.jpg","width":512,"height":512},{"@type":"BreadcrumbList","@id":"https:\/\/eurlhosnakamel.dz\/dz\/produit\/bosch-ponceuse-vibrante-gss280ae-115x230mm-330w\/#breadcrumb","itemListElement":[{"@type":"ListItem","position":1,"name":"Accueil","item":"https:\/\/eurlhosnakamel.dz\/dz\/"},{"@type":"ListItem","position":2,"name":"Shop","item":"https:\/\/eurlhosnakamel.dz\/dz\/shop\/"},{"@type":"ListItem","position":3,"name":"Ponceuse vibrante 115 x 230 mm 330 Watts GSS 280 AE"}]},{"@type":"WebSite","@id":"https:\/\/eurlhosnakamel.dz\/dz\/#website","url":"https:\/\/eurlhosnakamel.dz\/dz\/","name":"EURL HOSNA KAMEL","description":"Fournisseur Premium d&#039;Outillages Professionnels en Alg\u00e9rie -","publisher":{"@id":"https:\/\/eurlhosnakamel.dz\/dz\/#organization"},"potentialAction":[{"@type":"SearchAction","target":{"@type":"EntryPoint","urlTemplate":"https:\/\/eurlhosnakamel.dz\/dz\/?s={search_term_string}"},"query-input":"required name=search_term_string"}],"inLanguage":"fr-FR"},{"@type":"Organization","@id":"https:\/\/eurlhosnakamel.dz\/dz\/#organization","name":"EURL HOSNA KAMEL - Bosch alg\u00e9rie","url":"https:\/\/eurlhosnakamel.dz\/dz\/","logo":{"@type":"ImageObject","inLanguage":"fr-FR","@id":"https:\/\/eurlhosnakamel.dz\/dz\/#\/schema\/logo\/image\/","url":"https:\/\/eurlhosnakamel.dz\/wp-content\/uploads\/2020\/04\/LOGO-HOSNA1.png","contentUrl":"https:\/\/eurlhosnakamel.dz\/wp-content\/uploads\/2020\/04\/LOGO-HOSNA1.png","width":120,"height":127,"caption":"EURL HOSNA KAMEL - Bosch alg\u00e9rie"},"image":{"@id":"https:\/\/eurlhosnakamel.dz\/dz\/#\/schema\/logo\/image\/"},"sameAs":["https:\/\/www.facebook.com\/Eurl.Hosna.DZ\/"]}]}},"_links":{"self":[{"href":"https:\/\/eurlhosnakamel.dz\/dz\/wp-json\/wp\/v2\/product\/4903","targetHints":{"allow":["GET"]}}],"collection":[{"href":"https:\/\/eurlhosnakamel.dz\/dz\/wp-json\/wp\/v2\/product"}],"about":[{"href":"https:\/\/eurlhosnakamel.dz\/dz\/wp-json\/wp\/v2\/types\/product"}],"wp:featuredmedia":[{"embeddable":true,"href":"https:\/\/eurlhosnakamel.dz\/dz\/wp-json\/wp\/v2\/media\/4905"}],"wp:attachment":[{"href":"https:\/\/eurlhosnakamel.dz\/dz\/wp-json\/wp\/v2\/media?parent=4903"}],"wp:term":[{"taxonomy":"product_cat","embeddable":true,"href":"https:\/\/eurlhosnakamel.dz\/dz\/wp-json\/wp\/v2\/product_cat?post=4903"},{"taxonomy":"product_tag","embeddable":true,"href":"https:\/\/eurlhosnakamel.dz\/dz\/wp-json\/wp\/v2\/product_tag?post=4903"}],"curies":[{"name":"wp","href":"https:\/\/api.w.org\/{rel}","templated":true}]}}