{"id":4927,"date":"2020-04-13T15:27:20","date_gmt":"2020-04-13T15:27:20","guid":{"rendered":"https:\/\/lhchosting.com\/hosna\/?post_type=product&#038;p=4927"},"modified":"2021-12-19T09:21:39","modified_gmt":"2021-12-19T09:21:39","slug":"bosch-boulonneuse-gds-250-li-18v-sans-fil-250-nm-1-2-2-bat-3-0ah-induction","status":"publish","type":"product","link":"https:\/\/eurlhosnakamel.dz\/dz\/produit\/bosch-boulonneuse-gds-250-li-18v-sans-fil-250-nm-1-2-2-bat-3-0ah-induction\/","title":{"rendered":"Boulonneuse sans fil 18 V 250 Nm (2 Batteries 3.0 Ah) GDS 250-LI"},"content":{"rendered":"<h4><strong>Caract\u00e9ristiques techniques<\/strong><\/h4>\n<table width=\"750\">\n<thead>\n<tr>\n<td colspan=\"2\"><strong>Donn\u00e9es suppl\u00e9mentaires<\/strong><\/td>\n<\/tr>\n<\/thead>\n<tbody>\n<tr>\n<td>Tension de la batterie*<\/td>\n<td>18<\/p>\n<p>V<\/td>\n<\/tr>\n<tr>\n<td>Poids sans batterie<\/td>\n<td>1,6\u00a0kg<\/td>\n<\/tr>\n<tr>\n<td>Couple, maxi*<\/td>\n<td>250<\/p>\n<p>Nm<\/td>\n<\/tr>\n<tr>\n<td>R\u00e9gime \u00e0 vide<\/td>\n<td>0 \u2013 2,400\u00a0t\/min<\/td>\n<\/tr>\n<tr>\n<td>Porte-outils<\/td>\n<td>Trou traversant \u00e0 carr\u00e9 m\u00e2le \u00bd&#8221;<\/td>\n<\/tr>\n<tr>\n<td>R\u00e9gime \u00e0 vide (1\u00e8re vitesse)<\/td>\n<td>0-2\u00a0t\/min<\/td>\n<\/tr>\n<tr>\n<td>Fr\u00e9quence de frappe<\/td>\n<td>0-3,300\u00a0cps\/min<\/td>\n<\/tr>\n<\/tbody>\n<\/table>\n<p>&nbsp;<\/p>\n<table width=\"750\">\n<thead>\n<tr>\n<td colspan=\"2\"><strong>Diam\u00e8tre de la vis<\/strong><\/td>\n<\/tr>\n<\/thead>\n<tbody>\n<tr>\n<td>\u00d8 des vis*<\/td>\n<td>M 10 \u2013 M 18<\/p>\n<p><strong>\u00a0<\/strong><\/td>\n<\/tr>\n<\/tbody>\n<\/table>\n<p>* Donn\u00e9es mises en surbrillance<\/p>\n<p>Le niveau sonore pond\u00e9r\u00e9 A de l&#8217;outil \u00e9lectroportatif est typiquement de : niveau de pression acoustique dB(A) ; niveau de puissance acoustique dB(A). Incertitude K = dB.<\/p>\n<h4><strong>Avantages<\/strong><\/h4>\n<h4><strong>La boulonneuse \u00e0 prix abordable avec logiciel ABR innovant permettant d\u2019accro\u00eetre la productivit\u00e9<\/strong><\/h4>\n<ul>\n<li>Productivit\u00e9 trois fois plus \u00e9lev\u00e9e qu\u2019avec un outil \u00e0 main<\/li>\n<li>Serre les boulons facilement<\/li>\n<li>Grande autonomie Faibles co\u00fbts d\u2019utilisation<\/li>\n<\/ul>\n<p>Ce qui est inclus dans ce paquet<\/p>\n<p>GDS 250-LI Professional<\/p>\n<p>R\u00e9f\u00e9rence:\u00a00\u00a0601\u00a09G6\u00a0120<\/p>\n<ul>\n<li>2 batteries GBA 18V 3.0Ah1\u00a0600\u00a0A01\u00a02UV<\/li>\n<li>Chargeur AL 1820 CV2\u00a0607\u00a0225\u00a0424<\/li>\n<\/ul>\n","protected":false},"excerpt":{"rendered":"<h4><strong>La boulonneuse \u00e0 prix abordable avec logiciel ABR innovant permettant d\u2019accro\u00eetre la productivit\u00e9.<\/strong><\/h4>\n<p><img decoding=\"async\" class=\"alignnone size-full wp-image-4933\" src=\"https:\/\/lhchosting.com\/hosna\/wp-content\/uploads\/2020\/04\/BOSCH-BOULONNEUSE-GDS250LI-18V-icone-eurl-hosna-kamel-algerie.jpg\" alt=\"\" width=\"224\" height=\"103\" srcset=\"https:\/\/eurlhosnakamel.dz\/dz\/wp-content\/uploads\/2020\/04\/BOSCH-BOULONNEUSE-GDS250LI-18V-icone-eurl-hosna-kamel-algerie.jpg 224w, https:\/\/eurlhosnakamel.dz\/dz\/wp-content\/uploads\/2020\/04\/BOSCH-BOULONNEUSE-GDS250LI-18V-icone-eurl-hosna-kamel-algerie-200x92.jpg 200w\" sizes=\"(max-width: 224px) 100vw, 224px\" \/><\/p>\n","protected":false},"featured_media":4929,"template":"","meta":[],"product_cat":[405,443],"product_tag":[823,2388],"class_list":{"0":"post-4927","1":"product","2":"type-product","3":"status-publish","4":"has-post-thumbnail","6":"product_cat-outillage","7":"product_cat-outillage-sans-fil","8":"product_tag-bosch-boulonneuse-gds-250-li-18v-sans-fil-250-nm-1-2-2-bat-3-0ah-induction","9":"product_tag-gds-250-li","10":"product_brand-bosch-outillage","12":"first","13":"instock","14":"shipping-taxable","15":"product-type-simple","16":"col-xs-6 col-sm-4","17":"col-md-3 col-lg-3","18":"un-4-cols"},"yoast_head":"<!-- This site is optimized with the Yoast SEO plugin v22.5 - https:\/\/yoast.com\/wordpress\/plugins\/seo\/ -->\n<title>Boulonneuse sans fil 18 V 250 Nm (2 Batteries 3.0 Ah) GDS 250-LI - EURL HOSNA KAMEL<\/title>\n<meta name=\"description\" content=\"Boulonneuse sans fil 18 V 250 Nm (2 Batteries 3.0 Ah) GDS 250-LI - EURL HOSNA KAMEL\" \/>\n<meta name=\"robots\" content=\"index, follow, max-snippet:-1, max-image-preview:large, max-video-preview:-1\" \/>\n<link rel=\"canonical\" href=\"https:\/\/eurlhosnakamel.dz\/dz\/produit\/bosch-boulonneuse-gds-250-li-18v-sans-fil-250-nm-1-2-2-bat-3-0ah-induction\/\" \/>\n<meta property=\"og:locale\" content=\"fr_FR\" \/>\n<meta property=\"og:type\" content=\"article\" \/>\n<meta property=\"og:title\" content=\"Boulonneuse sans fil 18 V 250 Nm (2 Batteries 3.0 Ah) GDS 250-LI - EURL HOSNA KAMEL\" \/>\n<meta property=\"og:description\" content=\"Boulonneuse sans fil 18 V 250 Nm (2 Batteries 3.0 Ah) GDS 250-LI - EURL HOSNA KAMEL\" \/>\n<meta property=\"og:url\" content=\"https:\/\/eurlhosnakamel.dz\/dz\/produit\/bosch-boulonneuse-gds-250-li-18v-sans-fil-250-nm-1-2-2-bat-3-0ah-induction\/\" \/>\n<meta property=\"og:site_name\" content=\"EURL HOSNA KAMEL\" \/>\n<meta property=\"article:publisher\" content=\"https:\/\/www.facebook.com\/Eurl.Hosna.DZ\/\" \/>\n<meta property=\"article:modified_time\" content=\"2021-12-19T09:21:39+00:00\" \/>\n<meta property=\"og:image\" content=\"https:\/\/eurlhosnakamel.dz\/dz\/wp-content\/uploads\/2020\/04\/BOSCH-BOULONNEUSE-GDS250LI-18V-eurl-hosna-kamel-algerie.jpg\" \/>\n\t<meta property=\"og:image:width\" content=\"512\" \/>\n\t<meta property=\"og:image:height\" content=\"512\" \/>\n\t<meta property=\"og:image:type\" content=\"image\/jpeg\" \/>\n<meta name=\"twitter:card\" content=\"summary_large_image\" \/>\n<meta name=\"twitter:label1\" content=\"Dur\u00e9e de lecture estim\u00e9e\" \/>\n\t<meta name=\"twitter:data1\" content=\"1 minute\" \/>\n<script type=\"application\/ld+json\" class=\"yoast-schema-graph\">{\"@context\":\"https:\/\/schema.org\",\"@graph\":[{\"@type\":\"WebPage\",\"@id\":\"https:\/\/eurlhosnakamel.dz\/dz\/produit\/bosch-boulonneuse-gds-250-li-18v-sans-fil-250-nm-1-2-2-bat-3-0ah-induction\/\",\"url\":\"https:\/\/eurlhosnakamel.dz\/dz\/produit\/bosch-boulonneuse-gds-250-li-18v-sans-fil-250-nm-1-2-2-bat-3-0ah-induction\/\",\"name\":\"Boulonneuse sans fil 18 V 250 Nm (2 Batteries 3.0 Ah) GDS 250-LI - EURL HOSNA KAMEL\",\"isPartOf\":{\"@id\":\"https:\/\/eurlhosnakamel.dz\/dz\/#website\"},\"primaryImageOfPage\":{\"@id\":\"https:\/\/eurlhosnakamel.dz\/dz\/produit\/bosch-boulonneuse-gds-250-li-18v-sans-fil-250-nm-1-2-2-bat-3-0ah-induction\/#primaryimage\"},\"image\":{\"@id\":\"https:\/\/eurlhosnakamel.dz\/dz\/produit\/bosch-boulonneuse-gds-250-li-18v-sans-fil-250-nm-1-2-2-bat-3-0ah-induction\/#primaryimage\"},\"thumbnailUrl\":\"https:\/\/eurlhosnakamel.dz\/dz\/wp-content\/uploads\/2020\/04\/BOSCH-BOULONNEUSE-GDS250LI-18V-eurl-hosna-kamel-algerie.jpg\",\"datePublished\":\"2020-04-13T15:27:20+00:00\",\"dateModified\":\"2021-12-19T09:21:39+00:00\",\"description\":\"Boulonneuse sans fil 18 V 250 Nm (2 Batteries 3.0 Ah) GDS 250-LI - EURL HOSNA KAMEL\",\"breadcrumb\":{\"@id\":\"https:\/\/eurlhosnakamel.dz\/dz\/produit\/bosch-boulonneuse-gds-250-li-18v-sans-fil-250-nm-1-2-2-bat-3-0ah-induction\/#breadcrumb\"},\"inLanguage\":\"fr-FR\",\"potentialAction\":[{\"@type\":\"ReadAction\",\"target\":[\"https:\/\/eurlhosnakamel.dz\/dz\/produit\/bosch-boulonneuse-gds-250-li-18v-sans-fil-250-nm-1-2-2-bat-3-0ah-induction\/\"]}]},{\"@type\":\"ImageObject\",\"inLanguage\":\"fr-FR\",\"@id\":\"https:\/\/eurlhosnakamel.dz\/dz\/produit\/bosch-boulonneuse-gds-250-li-18v-sans-fil-250-nm-1-2-2-bat-3-0ah-induction\/#primaryimage\",\"url\":\"https:\/\/eurlhosnakamel.dz\/dz\/wp-content\/uploads\/2020\/04\/BOSCH-BOULONNEUSE-GDS250LI-18V-eurl-hosna-kamel-algerie.jpg\",\"contentUrl\":\"https:\/\/eurlhosnakamel.dz\/dz\/wp-content\/uploads\/2020\/04\/BOSCH-BOULONNEUSE-GDS250LI-18V-eurl-hosna-kamel-algerie.jpg\",\"width\":512,\"height\":512},{\"@type\":\"BreadcrumbList\",\"@id\":\"https:\/\/eurlhosnakamel.dz\/dz\/produit\/bosch-boulonneuse-gds-250-li-18v-sans-fil-250-nm-1-2-2-bat-3-0ah-induction\/#breadcrumb\",\"itemListElement\":[{\"@type\":\"ListItem\",\"position\":1,\"name\":\"Accueil\",\"item\":\"https:\/\/eurlhosnakamel.dz\/dz\/\"},{\"@type\":\"ListItem\",\"position\":2,\"name\":\"Shop\",\"item\":\"https:\/\/eurlhosnakamel.dz\/dz\/shop\/\"},{\"@type\":\"ListItem\",\"position\":3,\"name\":\"Boulonneuse sans fil 18 V 250 Nm (2 Batteries 3.0 Ah) GDS 250-LI\"}]},{\"@type\":\"WebSite\",\"@id\":\"https:\/\/eurlhosnakamel.dz\/dz\/#website\",\"url\":\"https:\/\/eurlhosnakamel.dz\/dz\/\",\"name\":\"EURL HOSNA KAMEL\",\"description\":\"Fournisseur Premium d&#039;Outillages Professionnels en Alg\u00e9rie -\",\"publisher\":{\"@id\":\"https:\/\/eurlhosnakamel.dz\/dz\/#organization\"},\"potentialAction\":[{\"@type\":\"SearchAction\",\"target\":{\"@type\":\"EntryPoint\",\"urlTemplate\":\"https:\/\/eurlhosnakamel.dz\/dz\/?s={search_term_string}\"},\"query-input\":\"required name=search_term_string\"}],\"inLanguage\":\"fr-FR\"},{\"@type\":\"Organization\",\"@id\":\"https:\/\/eurlhosnakamel.dz\/dz\/#organization\",\"name\":\"EURL HOSNA KAMEL - Bosch alg\u00e9rie\",\"url\":\"https:\/\/eurlhosnakamel.dz\/dz\/\",\"logo\":{\"@type\":\"ImageObject\",\"inLanguage\":\"fr-FR\",\"@id\":\"https:\/\/eurlhosnakamel.dz\/dz\/#\/schema\/logo\/image\/\",\"url\":\"https:\/\/eurlhosnakamel.dz\/wp-content\/uploads\/2020\/04\/LOGO-HOSNA1.png\",\"contentUrl\":\"https:\/\/eurlhosnakamel.dz\/wp-content\/uploads\/2020\/04\/LOGO-HOSNA1.png\",\"width\":120,\"height\":127,\"caption\":\"EURL HOSNA KAMEL - Bosch alg\u00e9rie\"},\"image\":{\"@id\":\"https:\/\/eurlhosnakamel.dz\/dz\/#\/schema\/logo\/image\/\"},\"sameAs\":[\"https:\/\/www.facebook.com\/Eurl.Hosna.DZ\/\"]}]}<\/script>\n<!-- \/ Yoast SEO plugin. -->","yoast_head_json":{"title":"Boulonneuse sans fil 18 V 250 Nm (2 Batteries 3.0 Ah) GDS 250-LI - EURL HOSNA KAMEL","description":"Boulonneuse sans fil 18 V 250 Nm (2 Batteries 3.0 Ah) GDS 250-LI - EURL HOSNA KAMEL","robots":{"index":"index","follow":"follow","max-snippet":"max-snippet:-1","max-image-preview":"max-image-preview:large","max-video-preview":"max-video-preview:-1"},"canonical":"https:\/\/eurlhosnakamel.dz\/dz\/produit\/bosch-boulonneuse-gds-250-li-18v-sans-fil-250-nm-1-2-2-bat-3-0ah-induction\/","og_locale":"fr_FR","og_type":"article","og_title":"Boulonneuse sans fil 18 V 250 Nm (2 Batteries 3.0 Ah) GDS 250-LI - EURL HOSNA KAMEL","og_description":"Boulonneuse sans fil 18 V 250 Nm (2 Batteries 3.0 Ah) GDS 250-LI - EURL HOSNA KAMEL","og_url":"https:\/\/eurlhosnakamel.dz\/dz\/produit\/bosch-boulonneuse-gds-250-li-18v-sans-fil-250-nm-1-2-2-bat-3-0ah-induction\/","og_site_name":"EURL HOSNA KAMEL","article_publisher":"https:\/\/www.facebook.com\/Eurl.Hosna.DZ\/","article_modified_time":"2021-12-19T09:21:39+00:00","og_image":[{"width":512,"height":512,"url":"https:\/\/eurlhosnakamel.dz\/dz\/wp-content\/uploads\/2020\/04\/BOSCH-BOULONNEUSE-GDS250LI-18V-eurl-hosna-kamel-algerie.jpg","type":"image\/jpeg"}],"twitter_card":"summary_large_image","twitter_misc":{"Dur\u00e9e de lecture estim\u00e9e":"1 minute"},"schema":{"@context":"https:\/\/schema.org","@graph":[{"@type":"WebPage","@id":"https:\/\/eurlhosnakamel.dz\/dz\/produit\/bosch-boulonneuse-gds-250-li-18v-sans-fil-250-nm-1-2-2-bat-3-0ah-induction\/","url":"https:\/\/eurlhosnakamel.dz\/dz\/produit\/bosch-boulonneuse-gds-250-li-18v-sans-fil-250-nm-1-2-2-bat-3-0ah-induction\/","name":"Boulonneuse sans fil 18 V 250 Nm (2 Batteries 3.0 Ah) GDS 250-LI - EURL HOSNA KAMEL","isPartOf":{"@id":"https:\/\/eurlhosnakamel.dz\/dz\/#website"},"primaryImageOfPage":{"@id":"https:\/\/eurlhosnakamel.dz\/dz\/produit\/bosch-boulonneuse-gds-250-li-18v-sans-fil-250-nm-1-2-2-bat-3-0ah-induction\/#primaryimage"},"image":{"@id":"https:\/\/eurlhosnakamel.dz\/dz\/produit\/bosch-boulonneuse-gds-250-li-18v-sans-fil-250-nm-1-2-2-bat-3-0ah-induction\/#primaryimage"},"thumbnailUrl":"https:\/\/eurlhosnakamel.dz\/dz\/wp-content\/uploads\/2020\/04\/BOSCH-BOULONNEUSE-GDS250LI-18V-eurl-hosna-kamel-algerie.jpg","datePublished":"2020-04-13T15:27:20+00:00","dateModified":"2021-12-19T09:21:39+00:00","description":"Boulonneuse sans fil 18 V 250 Nm (2 Batteries 3.0 Ah) GDS 250-LI - EURL HOSNA KAMEL","breadcrumb":{"@id":"https:\/\/eurlhosnakamel.dz\/dz\/produit\/bosch-boulonneuse-gds-250-li-18v-sans-fil-250-nm-1-2-2-bat-3-0ah-induction\/#breadcrumb"},"inLanguage":"fr-FR","potentialAction":[{"@type":"ReadAction","target":["https:\/\/eurlhosnakamel.dz\/dz\/produit\/bosch-boulonneuse-gds-250-li-18v-sans-fil-250-nm-1-2-2-bat-3-0ah-induction\/"]}]},{"@type":"ImageObject","inLanguage":"fr-FR","@id":"https:\/\/eurlhosnakamel.dz\/dz\/produit\/bosch-boulonneuse-gds-250-li-18v-sans-fil-250-nm-1-2-2-bat-3-0ah-induction\/#primaryimage","url":"https:\/\/eurlhosnakamel.dz\/dz\/wp-content\/uploads\/2020\/04\/BOSCH-BOULONNEUSE-GDS250LI-18V-eurl-hosna-kamel-algerie.jpg","contentUrl":"https:\/\/eurlhosnakamel.dz\/dz\/wp-content\/uploads\/2020\/04\/BOSCH-BOULONNEUSE-GDS250LI-18V-eurl-hosna-kamel-algerie.jpg","width":512,"height":512},{"@type":"BreadcrumbList","@id":"https:\/\/eurlhosnakamel.dz\/dz\/produit\/bosch-boulonneuse-gds-250-li-18v-sans-fil-250-nm-1-2-2-bat-3-0ah-induction\/#breadcrumb","itemListElement":[{"@type":"ListItem","position":1,"name":"Accueil","item":"https:\/\/eurlhosnakamel.dz\/dz\/"},{"@type":"ListItem","position":2,"name":"Shop","item":"https:\/\/eurlhosnakamel.dz\/dz\/shop\/"},{"@type":"ListItem","position":3,"name":"Boulonneuse sans fil 18 V 250 Nm (2 Batteries 3.0 Ah) GDS 250-LI"}]},{"@type":"WebSite","@id":"https:\/\/eurlhosnakamel.dz\/dz\/#website","url":"https:\/\/eurlhosnakamel.dz\/dz\/","name":"EURL HOSNA KAMEL","description":"Fournisseur Premium d&#039;Outillages Professionnels en Alg\u00e9rie -","publisher":{"@id":"https:\/\/eurlhosnakamel.dz\/dz\/#organization"},"potentialAction":[{"@type":"SearchAction","target":{"@type":"EntryPoint","urlTemplate":"https:\/\/eurlhosnakamel.dz\/dz\/?s={search_term_string}"},"query-input":"required name=search_term_string"}],"inLanguage":"fr-FR"},{"@type":"Organization","@id":"https:\/\/eurlhosnakamel.dz\/dz\/#organization","name":"EURL HOSNA KAMEL - Bosch alg\u00e9rie","url":"https:\/\/eurlhosnakamel.dz\/dz\/","logo":{"@type":"ImageObject","inLanguage":"fr-FR","@id":"https:\/\/eurlhosnakamel.dz\/dz\/#\/schema\/logo\/image\/","url":"https:\/\/eurlhosnakamel.dz\/wp-content\/uploads\/2020\/04\/LOGO-HOSNA1.png","contentUrl":"https:\/\/eurlhosnakamel.dz\/wp-content\/uploads\/2020\/04\/LOGO-HOSNA1.png","width":120,"height":127,"caption":"EURL HOSNA KAMEL - Bosch alg\u00e9rie"},"image":{"@id":"https:\/\/eurlhosnakamel.dz\/dz\/#\/schema\/logo\/image\/"},"sameAs":["https:\/\/www.facebook.com\/Eurl.Hosna.DZ\/"]}]}},"_links":{"self":[{"href":"https:\/\/eurlhosnakamel.dz\/dz\/wp-json\/wp\/v2\/product\/4927","targetHints":{"allow":["GET"]}}],"collection":[{"href":"https:\/\/eurlhosnakamel.dz\/dz\/wp-json\/wp\/v2\/product"}],"about":[{"href":"https:\/\/eurlhosnakamel.dz\/dz\/wp-json\/wp\/v2\/types\/product"}],"wp:featuredmedia":[{"embeddable":true,"href":"https:\/\/eurlhosnakamel.dz\/dz\/wp-json\/wp\/v2\/media\/4929"}],"wp:attachment":[{"href":"https:\/\/eurlhosnakamel.dz\/dz\/wp-json\/wp\/v2\/media?parent=4927"}],"wp:term":[{"taxonomy":"product_cat","embeddable":true,"href":"https:\/\/eurlhosnakamel.dz\/dz\/wp-json\/wp\/v2\/product_cat?post=4927"},{"taxonomy":"product_tag","embeddable":true,"href":"https:\/\/eurlhosnakamel.dz\/dz\/wp-json\/wp\/v2\/product_tag?post=4927"}],"curies":[{"name":"wp","href":"https:\/\/api.w.org\/{rel}","templated":true}]}}